{"id":10044,"date":"2025-03-07T12:16:03","date_gmt":"2025-03-07T12:16:03","guid":{"rendered":"https:\/\/vivalr.com\/product\/10044.html"},"modified":"2025-03-07T12:40:19","modified_gmt":"2025-03-07T12:40:19","slug":"factory-supply-4-chloroaniline-cas-106-47-8-with-good-price","status":"publish","type":"product","link":"https:\/\/vivalr.com\/es\/product\/10044.html","title":{"rendered":"Fuente de la f\u00e1brica 4-Chloroaniline cas 106-47-8 con buen precio"},"content":{"rendered":"<h1>Gu\u00eda del usuario para la fuente de la f\u00e1brica 4-Chloroaniline cas 106-47-8 con buen precio<\/h1>\n<h2>\u00cdndice<\/h2>\n<ul>\n<li><a href=\"#basic_info\">Informaci\u00f3n b\u00e1sica y par\u00e1metros<\/a><\/li>\n<li><a href=\"#uses\">Usos del producto<\/a><\/li>\n<li><a href=\"#usage\">C\u00f3mo utilizar el producto<\/a><\/li>\n<li><a href=\"#case_studies\">Casos pr\u00e1cticos<\/a><\/li>\n<li><a href=\"#contact\">Informaci\u00f3n de contacto<\/a><\/li>\n<\/ul>\n<h2 id=\"basic_info\">Informaci\u00f3n b\u00e1sica y par\u00e1metros<\/h2>\n<p>El producto presentado aqu\u00ed es Suministro de f\u00e1brica de 4-cloroanilina con n\u00famero CAS 106 - 47 - 8. La 4-cloroanilina es un compuesto org\u00e1nico con la f\u00f3rmula molecular C\u2086H\u2086ClN. Se presenta como un l\u00edquido o s\u00f3lido entre incoloro y amarillo claro, dependiendo de la temperatura. La masa molar de la 4-cloroanilina es de aproximadamente 127,57 g\/mol.<\/p>\n<p>Tiene un punto de fusi\u00f3n de unos 72 - 74\u00b0C y un punto de ebullici\u00f3n de unos 232\u00b0C. La densidad de la 4-cloroanilina es de aproximadamente 1,21 g\/cm\u00b3. Es poco soluble en agua pero soluble en muchos disolventes org\u00e1nicos como etanol, \u00e9ter y benceno.<\/p>\n<h2 id=\"uses\">Usos del producto<\/h2>\n<p>La 4-cloroanilina se utiliza ampliamente en diversas industrias. En la industria farmac\u00e9utica, es un producto intermedio importante para sintetizar diversos f\u00e1rmacos. Por ejemplo, puede utilizarse para producir f\u00e1rmacos antiinflamatorios y analg\u00e9sicos. La estructura qu\u00edmica \u00fanica de la 4-cloroanilina le permite reaccionar con otros compuestos para formar mol\u00e9culas de f\u00e1rmacos complejos con actividades biol\u00f3gicas espec\u00edficas.<\/p>\n<p>En la industria de los tintes, la 4-cloroanilina es una materia prima clave para la fabricaci\u00f3n de colorantes azoicos. Los colorantes azoicos se utilizan ampliamente en la estampaci\u00f3n y el te\u00f1ido de textiles, la coloraci\u00f3n del cuero y el te\u00f1ido del papel debido a sus colores brillantes y sus buenas propiedades de solidez. El grupo amino y el \u00e1tomo de cloro de la 4-cloroanilina pueden participar en distintas reacciones qu\u00edmicas para formar diferentes estructuras de desarrollo del color.<\/p>\n<p>Tambi\u00e9n se utiliza en la producci\u00f3n de pesticidas. Puede emplearse para sintetizar algunos insecticidas y herbicidas, que desempe\u00f1an un papel importante en la protecci\u00f3n de los cultivos frente a plagas y malas hierbas.<\/p>\n<h2 id=\"usage\">C\u00f3mo utilizar el producto<\/h2>\n<p>Cuando se utiliza 4 - Cloroanilina, es necesario seguir estrictos procedimientos de seguridad. En primer lugar, use equipo de protecci\u00f3n personal adecuado, incluyendo guantes, gafas y un respirador, para evitar el contacto directo y la inhalaci\u00f3n del producto.<\/p>\n<p>Para su almacenamiento, debe mantenerse en un lugar fresco, seco y bien ventilado, alejado de fuentes de calor y agentes oxidantes. Al trasvasar el producto, utilizar recipientes y herramientas adecuados para evitar fugas. En una reacci\u00f3n qu\u00edmica, la cantidad de 4 - Cloroanilina utilizada debe medirse con precisi\u00f3n de acuerdo con la f\u00f3rmula y las condiciones de la reacci\u00f3n. A\u00f1\u00e1dala lenta y uniformemente al sistema de reacci\u00f3n prestando atenci\u00f3n a los cambios de temperatura y presi\u00f3n de la reacci\u00f3n.<\/p>\n<h2 id=\"case_studies\">Casos pr\u00e1cticos<\/h2>\n<p>Caso 1: En una empresa farmac\u00e9utica, la 4-cloroanilina se utilizaba como producto intermedio para sintetizar un nuevo tipo de f\u00e1rmaco antiinflamatorio. En primer lugar, la empresa hizo reaccionar la 4 - cloroanilina con un \u00e1cido carbox\u00edlico espec\u00edfico en determinadas condiciones de temperatura y catalizador para formar un compuesto amida. A continuaci\u00f3n, mediante una serie de reacciones posteriores como la reducci\u00f3n y la ciclizaci\u00f3n, se obtuvo la mol\u00e9cula final del f\u00e1rmaco. Tras los ensayos precl\u00ednicos y cl\u00ednicos, este nuevo f\u00e1rmaco mostr\u00f3 buenos efectos antiinflamatorios con menos efectos secundarios en comparaci\u00f3n con los f\u00e1rmacos existentes.<\/p>\n<p>Caso 2: Una f\u00e1brica de tintes utiliza la 4-cloroanilina para producir un tinte azoico destinado a la estampaci\u00f3n textil. Primero diazotizaron la 4 - Cloroanilina para formar una sal de diazonio. A continuaci\u00f3n, acoplaron la sal de diazonio con un componente de acoplamiento adecuado en condiciones alcalinas. El colorante azoico resultante ten\u00eda un color rojo brillante y una excelente solidez al lavado y a la luz solar en tejidos de algod\u00f3n. El proceso de te\u00f1ido con este colorante azoico era eficaz y rentable, lo que permit\u00eda a la f\u00e1brica satisfacer la demanda del mercado de tejidos te\u00f1idos de alta calidad.<\/p>\n<h2 id=\"contact\">Informaci\u00f3n de contacto<\/h2>\n<p>Si tiene preguntas o necesita m\u00e1s informaci\u00f3n sobre Suministro de f\u00e1brica 4 - Chloroaniline cas 106 - 47 - 8, no dude en contactarnos. Nuestra direcci\u00f3n de correo electr\u00f3nico es info@vivalr.com, y nuestro n\u00famero de tel\u00e9fono es (86) 15866781826.<\/p>","protected":false},"excerpt":{"rendered":"<p>User Guide for Factory Supply 4-Chloroaniline cas 106-47-8 With Good Price Table of Contents Basic Information and Parameters Uses of the Product How to Use the Product Usage Case Studies Contact Information Basic Information and Parameters The product introduced here is Factory Supply 4-Chloroaniline with CAS number 106 - 47 - 8. 4-Chloroaniline is an [&hellip;]<\/p>","protected":false},"featured_media":26075,"comment_status":"closed","ping_status":"open","template":"","meta":[],"product_brand":[],"product_cat":[15],"product_tag":[],"class_list":{"0":"post-10044","1":"product","2":"type-product","3":"status-publish","4":"has-post-thumbnail","6":"product_cat-uncategorized","8":"first","9":"instock","10":"product-type-simple"},"yoast_head":"<!-- This site is optimized with the Yoast SEO Premium plugin v24.4 (Yoast SEO v25.0) - https:\/\/yoast.com\/wordpress\/plugins\/seo\/ -->\n<title>Factory Supply 4-Chloroaniline cas 106-47-8 With Good Price - Welcome to VIVALR- Your Trusted Source for Chemical Raw Materials\uff01<\/title>\n<meta name=\"robots\" content=\"index, follow, max-snippet:-1, max-image-preview:large, max-video-preview:-1\" \/>\n<link rel=\"canonical\" href=\"https:\/\/vivalr.com\/es\/product\/10044.html\" \/>\n<meta property=\"og:locale\" content=\"es_MX\" \/>\n<meta property=\"og:type\" content=\"article\" \/>\n<meta property=\"og:title\" content=\"Factory Supply 4-Chloroaniline cas 106-47-8 With Good Price\" \/>\n<meta property=\"og:description\" content=\"User Guide for Factory Supply 4-Chloroaniline cas 106-47-8 With Good Price Table of Contents Basic Information and Parameters Uses of the Product How to Use the Product Usage Case Studies Contact Information Basic Information and Parameters The product introduced here is Factory Supply 4-Chloroaniline with CAS number 106 - 47 - 8. 4-Chloroaniline is an [&hellip;]\" \/>\n<meta property=\"og:url\" content=\"https:\/\/vivalr.com\/es\/product\/10044.html\" \/>\n<meta property=\"og:site_name\" content=\"Welcome to VIVALR- Your Trusted Source for Chemical Raw Materials\uff01\" \/>\n<meta property=\"article:modified_time\" content=\"2025-03-07T12:40:19+00:00\" \/>\n<meta property=\"og:image\" content=\"https:\/\/vivalr.com\/wp-content\/uploads\/2025\/03\/4-chloroaniline-cas-106-47-8.jpg\" \/>\n\t<meta property=\"og:image:width\" content=\"600\" \/>\n\t<meta property=\"og:image:height\" content=\"654\" \/>\n\t<meta property=\"og:image:type\" content=\"image\/jpeg\" \/>\n<meta name=\"twitter:card\" content=\"summary_large_image\" \/>\n<meta name=\"twitter:label1\" content=\"Tiempo de lectura\" \/>\n\t<meta name=\"twitter:data1\" content=\"3 minutos\" \/>\n<script type=\"application\/ld+json\" class=\"yoast-schema-graph\">{\"@context\":\"https:\/\/schema.org\",\"@graph\":[{\"@type\":\"WebPage\",\"@id\":\"https:\/\/vivalr.com\/product\/10044.html\",\"url\":\"https:\/\/vivalr.com\/product\/10044.html\",\"name\":\"Factory Supply 4-Chloroaniline cas 106-47-8 With Good Price - Welcome to VIVALR- Your Trusted Source for Chemical Raw Materials\uff01\",\"isPartOf\":{\"@id\":\"https:\/\/vivalr.com\/#website\"},\"primaryImageOfPage\":{\"@id\":\"https:\/\/vivalr.com\/product\/10044.html#primaryimage\"},\"image\":{\"@id\":\"https:\/\/vivalr.com\/product\/10044.html#primaryimage\"},\"thumbnailUrl\":\"https:\/\/vivalr.com\/wp-content\/uploads\/2025\/03\/4-chloroaniline-cas-106-47-8.jpg\",\"datePublished\":\"2025-03-07T12:16:03+00:00\",\"dateModified\":\"2025-03-07T12:40:19+00:00\",\"breadcrumb\":{\"@id\":\"https:\/\/vivalr.com\/product\/10044.html#breadcrumb\"},\"inLanguage\":\"es\",\"potentialAction\":[{\"@type\":\"ReadAction\",\"target\":[\"https:\/\/vivalr.com\/product\/10044.html\"]}]},{\"@type\":\"ImageObject\",\"inLanguage\":\"es\",\"@id\":\"https:\/\/vivalr.com\/product\/10044.html#primaryimage\",\"url\":\"https:\/\/vivalr.com\/wp-content\/uploads\/2025\/03\/4-chloroaniline-cas-106-47-8.jpg\",\"contentUrl\":\"https:\/\/vivalr.com\/wp-content\/uploads\/2025\/03\/4-chloroaniline-cas-106-47-8.jpg\",\"width\":600,\"height\":654},{\"@type\":\"BreadcrumbList\",\"@id\":\"https:\/\/vivalr.com\/product\/10044.html#breadcrumb\",\"itemListElement\":[{\"@type\":\"ListItem\",\"position\":1,\"name\":\"Home\",\"item\":\"https:\/\/vivalr.com\/\"},{\"@type\":\"ListItem\",\"position\":2,\"name\":\"Shop\",\"item\":\"https:\/\/vivalr.com\/shop\/\"},{\"@type\":\"ListItem\",\"position\":3,\"name\":\"Factory Supply 4-Chloroaniline cas 106-47-8 With Good Price\"}]},{\"@type\":\"WebSite\",\"@id\":\"https:\/\/vivalr.com\/#website\",\"url\":\"https:\/\/vivalr.com\/\",\"name\":\"Welcome to VIVALR- Your Trusted Source for Chemical Raw Materials\uff01\",\"description\":\"Discover a wide range of high-quality chemical raw materials to meet your industrial needs. Our commitment to excellence ensures that you get the best products and services.\",\"potentialAction\":[{\"@type\":\"SearchAction\",\"target\":{\"@type\":\"EntryPoint\",\"urlTemplate\":\"https:\/\/vivalr.com\/?s={search_term_string}\"},\"query-input\":{\"@type\":\"PropertyValueSpecification\",\"valueRequired\":true,\"valueName\":\"search_term_string\"}}],\"inLanguage\":\"es\"}]}<\/script>\n<!-- \/ Yoast SEO Premium plugin. -->","yoast_head_json":{"title":"Suministro de f\u00e1brica 4-Chloroaniline cas 106-47-8 Con buen precio - Bienvenido a VIVALR- Su fuente de confianza para las materias primas qu\u00edmicas\uff01","robots":{"index":"index","follow":"follow","max-snippet":"max-snippet:-1","max-image-preview":"max-image-preview:large","max-video-preview":"max-video-preview:-1"},"canonical":"https:\/\/vivalr.com\/es\/product\/10044.html","og_locale":"es_MX","og_type":"article","og_title":"Factory Supply 4-Chloroaniline cas 106-47-8 With Good Price","og_description":"User Guide for Factory Supply 4-Chloroaniline cas 106-47-8 With Good Price Table of Contents Basic Information and Parameters Uses of the Product How to Use the Product Usage Case Studies Contact Information Basic Information and Parameters The product introduced here is Factory Supply 4-Chloroaniline with CAS number 106 - 47 - 8. 4-Chloroaniline is an [&hellip;]","og_url":"https:\/\/vivalr.com\/es\/product\/10044.html","og_site_name":"Welcome to VIVALR- Your Trusted Source for Chemical Raw Materials\uff01","article_modified_time":"2025-03-07T12:40:19+00:00","og_image":[{"width":600,"height":654,"url":"https:\/\/vivalr.com\/wp-content\/uploads\/2025\/03\/4-chloroaniline-cas-106-47-8.jpg","type":"image\/jpeg"}],"twitter_card":"summary_large_image","twitter_misc":{"Tiempo de lectura":"3 minutos"},"schema":{"@context":"https:\/\/schema.org","@graph":[{"@type":"WebPage","@id":"https:\/\/vivalr.com\/product\/10044.html","url":"https:\/\/vivalr.com\/product\/10044.html","name":"Suministro de f\u00e1brica 4-Chloroaniline cas 106-47-8 Con buen precio - Bienvenido a VIVALR- Su fuente de confianza para las materias primas qu\u00edmicas\uff01","isPartOf":{"@id":"https:\/\/vivalr.com\/#website"},"primaryImageOfPage":{"@id":"https:\/\/vivalr.com\/product\/10044.html#primaryimage"},"image":{"@id":"https:\/\/vivalr.com\/product\/10044.html#primaryimage"},"thumbnailUrl":"https:\/\/vivalr.com\/wp-content\/uploads\/2025\/03\/4-chloroaniline-cas-106-47-8.jpg","datePublished":"2025-03-07T12:16:03+00:00","dateModified":"2025-03-07T12:40:19+00:00","breadcrumb":{"@id":"https:\/\/vivalr.com\/product\/10044.html#breadcrumb"},"inLanguage":"es","potentialAction":[{"@type":"ReadAction","target":["https:\/\/vivalr.com\/product\/10044.html"]}]},{"@type":"ImageObject","inLanguage":"es","@id":"https:\/\/vivalr.com\/product\/10044.html#primaryimage","url":"https:\/\/vivalr.com\/wp-content\/uploads\/2025\/03\/4-chloroaniline-cas-106-47-8.jpg","contentUrl":"https:\/\/vivalr.com\/wp-content\/uploads\/2025\/03\/4-chloroaniline-cas-106-47-8.jpg","width":600,"height":654},{"@type":"BreadcrumbList","@id":"https:\/\/vivalr.com\/product\/10044.html#breadcrumb","itemListElement":[{"@type":"ListItem","position":1,"name":"Home","item":"https:\/\/vivalr.com\/"},{"@type":"ListItem","position":2,"name":"Shop","item":"https:\/\/vivalr.com\/shop\/"},{"@type":"ListItem","position":3,"name":"Factory Supply 4-Chloroaniline cas 106-47-8 With Good Price"}]},{"@type":"WebSite","@id":"https:\/\/vivalr.com\/#website","url":"https:\/\/vivalr.com\/","name":"Bienvenido a VIVALR- Su fuente de confianza para materias primas qu\u00edmicas\uff01","description":"Descubra una amplia gama de materias primas qu\u00edmicas de alta calidad para satisfacer sus necesidades industriales. Nuestro compromiso con la excelencia le garantiza los mejores productos y servicios.","potentialAction":[{"@type":"SearchAction","target":{"@type":"EntryPoint","urlTemplate":"https:\/\/vivalr.com\/?s={search_term_string}"},"query-input":{"@type":"PropertyValueSpecification","valueRequired":true,"valueName":"search_term_string"}}],"inLanguage":"es"}]}},"_links":{"self":[{"href":"https:\/\/vivalr.com\/es\/wp-json\/wp\/v2\/product\/10044","targetHints":{"allow":["GET"]}}],"collection":[{"href":"https:\/\/vivalr.com\/es\/wp-json\/wp\/v2\/product"}],"about":[{"href":"https:\/\/vivalr.com\/es\/wp-json\/wp\/v2\/types\/product"}],"replies":[{"embeddable":true,"href":"https:\/\/vivalr.com\/es\/wp-json\/wp\/v2\/comments?post=10044"}],"wp:featuredmedia":[{"embeddable":true,"href":"https:\/\/vivalr.com\/es\/wp-json\/wp\/v2\/media\/26075"}],"wp:attachment":[{"href":"https:\/\/vivalr.com\/es\/wp-json\/wp\/v2\/media?parent=10044"}],"wp:term":[{"taxonomy":"product_brand","embeddable":true,"href":"https:\/\/vivalr.com\/es\/wp-json\/wp\/v2\/product_brand?post=10044"},{"taxonomy":"product_cat","embeddable":true,"href":"https:\/\/vivalr.com\/es\/wp-json\/wp\/v2\/product_cat?post=10044"},{"taxonomy":"product_tag","embeddable":true,"href":"https:\/\/vivalr.com\/es\/wp-json\/wp\/v2\/product_tag?post=10044"}],"curies":[{"name":"wp","href":"https:\/\/api.w.org\/{rel}","templated":true}]}}