{"id":10086,"date":"2025-03-07T12:16:06","date_gmt":"2025-03-07T12:16:06","guid":{"rendered":"https:\/\/vivalr.com\/product\/10086.html"},"modified":"2025-03-07T12:40:23","modified_gmt":"2025-03-07T12:40:23","slug":"factory-supply-perfluorodecyltriethoxysilane-cas-101947-16-4-with-good-price","status":"publish","type":"product","link":"https:\/\/vivalr.com\/es\/product\/10086.html","title":{"rendered":"Fuente de la f\u00e1brica Perfluorodecyltriethoxysilane CAS 101947-16-4 con buen precio"},"content":{"rendered":"<h1>Suministro de f\u00e1brica Perfluorodecyltriethoxysilane CAS 101947-16-4 Gu\u00eda del usuario<\/h1>\n<h2>\u00cdndice<\/h2>\n<ul>\n<li><a href=\"#basic-info\">Informaci\u00f3n b\u00e1sica y par\u00e1metros<\/a><\/li>\n<li><a href=\"#uses\">Usos del producto<\/a><\/li>\n<li><a href=\"#usage\">Uso del producto<\/a><\/li>\n<li><a href=\"#case-studies\">Casos pr\u00e1cticos<\/a><\/li>\n<li><a href=\"#contact\">Informaci\u00f3n de contacto<\/a><\/li>\n<\/ul>\n<h2 id=\"basic-info\">Informaci\u00f3n b\u00e1sica y par\u00e1metros<\/h2>\n<p>El perfluorodeciltrietoxisilano, con n\u00famero CAS 101947-16-4, es un producto qu\u00edmico de alta calidad. Es un agente de acoplamiento de silano con una cadena alqu\u00edlica perfluorada. La f\u00f3rmula molecular de este producto suele ser C\u2081\u2086H\u2082\u2085F\u2081\u2087O\u2083Si. Este producto qu\u00edmico suele presentarse en forma de l\u00edquido entre incoloro y amarillo claro.<\/p>\n<p>Tiene un punto de ebullici\u00f3n relativamente alto, lo que lo hace estable en determinadas condiciones de alta temperatura. La densidad de este producto se sit\u00faa en torno a 1,4 - 1,5 g\/cm\u00b3, y tiene buena solubilidad en algunos disolventes org\u00e1nicos como tolueno, xileno, etc. La pureza del producto suministrado de f\u00e1brica suele ser alta, a menudo superior a 95%, lo que garantiza su excelente rendimiento en diversas aplicaciones.<\/p>\n<h2 id=\"uses\">Usos del producto<\/h2>\n<p>El perfluorodeciltrietoxisilano tiene una amplia gama de usos en diferentes industrias. En el campo de la ciencia de materiales, se utiliza como modificador de superficies. Cuando se aplica a la superficie de materiales inorg\u00e1nicos como el vidrio, la cer\u00e1mica y los metales, puede formar una pel\u00edcula hidr\u00f3foba y ole\u00f3foba. Esta pel\u00edcula puede impedir eficazmente la adhesi\u00f3n de agua, aceite y otros contaminantes, mejorando la capacidad de autolimpieza de los materiales.<\/p>\n<p>En la industria textil, puede utilizarse para tratar tejidos y hacerlos repelentes al agua y al aceite. Los tejidos tratados con este producto pueden mantener su sequedad y limpieza en diversos entornos, lo que resulta especialmente \u00fatil para la ropa de exterior y los textiles industriales.<\/p>\n<p>En la industria de los revestimientos, puede a\u00f1adirse a \u00e9stos para mejorar sus propiedades antiincrustantes y de resistencia a la intemperie. La cadena perfluorada de la mol\u00e9cula puede mejorar la energ\u00eda superficial del revestimiento, dificultando que la suciedad y la humedad se adhieran a su superficie.<\/p>\n<h2 id=\"usage\">Uso del producto<\/h2>\n<p>Cuando se utiliza Perfluorodecyltriethoxysilane de suministro de f\u00e1brica, en primer lugar, es necesario preparar una soluci\u00f3n adecuada. Normalmente, puede disolverse en un disolvente org\u00e1nico apropiado seg\u00fan la concentraci\u00f3n requerida. La concentraci\u00f3n puede variar en funci\u00f3n de la aplicaci\u00f3n espec\u00edfica, oscilando normalmente entre 1% - 10%.<\/p>\n<p>Para el tratamiento de superficies, la soluci\u00f3n puede aplicarse a la superficie del sustrato mediante m\u00e9todos como la pulverizaci\u00f3n, la inmersi\u00f3n o el cepillado. Tras la aplicaci\u00f3n, se recomienda secar la superficie tratada a una temperatura adecuada, normalmente en torno a 80 - 120\u00b0C, para garantizar la formaci\u00f3n de una pel\u00edcula estable. Debe tenerse en cuenta que durante la operaci\u00f3n deben tomarse las medidas de protecci\u00f3n adecuadas, como el uso de guantes y gafas, para evitar el contacto directo con la piel y los ojos.<\/p>\n<h2 id=\"case-studies\">Casos pr\u00e1cticos<\/h2>\n<p>Caso 1: Tratamiento de la superficie del vidrio<br \/>\n    Una empresa de fabricaci\u00f3n de vidrio utiliz\u00f3 Perfluorodecyltriethoxysilane Factory Supply para tratar la superficie del vidrio arquitect\u00f3nico. Prepararon una soluci\u00f3n de 5% en tolueno y la pulverizaron sobre la superficie del vidrio. Tras secarse a 100 \u00b0C durante 30 minutos, el vidrio mostr\u00f3 una excelente repelencia al agua y al aceite. En una prueba real, el vidrio tratado permaneci\u00f3 limpio incluso despu\u00e9s de estar expuesto a la lluvia y al polvo durante varias semanas, mientras que el vidrio no tratado se ensuci\u00f3 r\u00e1pidamente.<\/p>\n<p>Caso 2: Tratamiento textil<br \/>\n    Una f\u00e1brica textil trat\u00f3 un lote de tejidos de ropa deportiva de exterior con este producto. Sumergieron los tejidos en una soluci\u00f3n 3% de perfluorodeciltrietoxisilano en xileno. Tras el secado, los tejidos tratados superaron las pruebas de repelencia al agua y al aceite. La ropa deportiva tratada fue bien recibida en el mercado por sus excelentes propiedades antisuciedad.<\/p>\n<h2 id=\"contact\">Informaci\u00f3n de contacto<\/h2>\n<p>Si tiene preguntas o necesita m\u00e1s informaci\u00f3n sobre Suministro de f\u00e1brica Perfluorodecyltriethoxysilane CAS 101947 - 16 - 4, no dude en contactarnos.<br \/>\n    Correo electr\u00f3nico: info@vivalr.com<br \/>\n    Tel\u00e9fono: (86) 15866781826<\/p>","protected":false},"excerpt":{"rendered":"<p>Factory Supply Perfluorodecyltriethoxysilane CAS 101947-16-4 User Guide Table of Contents Basic Information and Parameters Product Uses Product Usage Usage Case Studies Contact Information Basic Information and Parameters Factory Supply Perfluorodecyltriethoxysilane, with the CAS number 101947-16-4, is a high - quality chemical product. It is a silane coupling agent with a perfluorinated alkyl chain. The molecular [&hellip;]<\/p>","protected":false},"featured_media":24450,"comment_status":"closed","ping_status":"open","template":"","meta":[],"product_brand":[],"product_cat":[15],"product_tag":[],"class_list":{"0":"post-10086","1":"product","2":"type-product","3":"status-publish","4":"has-post-thumbnail","6":"product_cat-uncategorized","8":"first","9":"instock","10":"product-type-simple"},"yoast_head":"<!-- This site is optimized with the Yoast SEO Premium plugin v24.4 (Yoast SEO v27.4) - https:\/\/yoast.com\/product\/yoast-seo-premium-wordpress\/ -->\n<title>Factory Supply Perfluorodecyltriethoxysilane CAS 101947-16-4 With Good Price - Welcome to VIVALR- Your Trusted Source for Chemical Raw Materials\uff01<\/title>\n<meta name=\"robots\" content=\"index, follow, max-snippet:-1, max-image-preview:large, max-video-preview:-1\" \/>\n<link rel=\"canonical\" href=\"https:\/\/vivalr.com\/es\/product\/10086.html\" \/>\n<meta property=\"og:locale\" content=\"es_MX\" \/>\n<meta property=\"og:type\" content=\"article\" \/>\n<meta property=\"og:title\" content=\"Factory Supply Perfluorodecyltriethoxysilane CAS 101947-16-4 With Good Price\" \/>\n<meta property=\"og:description\" content=\"Factory Supply Perfluorodecyltriethoxysilane CAS 101947-16-4 User Guide Table of Contents Basic Information and Parameters Product Uses Product Usage Usage Case Studies Contact Information Basic Information and Parameters Factory Supply Perfluorodecyltriethoxysilane, with the CAS number 101947-16-4, is a high - quality chemical product. It is a silane coupling agent with a perfluorinated alkyl chain. The molecular [&hellip;]\" \/>\n<meta property=\"og:url\" content=\"https:\/\/vivalr.com\/es\/product\/10086.html\" \/>\n<meta property=\"og:site_name\" content=\"Welcome to VIVALR- Your Trusted Source for Chemical Raw Materials\uff01\" \/>\n<meta property=\"article:modified_time\" content=\"2025-03-07T12:40:23+00:00\" \/>\n<meta property=\"og:image\" content=\"https:\/\/vivalr.com\/wp-content\/uploads\/2025\/03\/perfluorodecyltriethoxysilane-cas-101947-16-4.jpg\" \/>\n\t<meta property=\"og:image:width\" content=\"600\" \/>\n\t<meta property=\"og:image:height\" content=\"654\" \/>\n\t<meta property=\"og:image:type\" content=\"image\/jpeg\" \/>\n<meta name=\"twitter:card\" content=\"summary_large_image\" \/>\n<meta name=\"twitter:label1\" content=\"Tiempo de lectura\" \/>\n\t<meta name=\"twitter:data1\" content=\"3 minutos\" \/>\n<script type=\"application\/ld+json\" class=\"yoast-schema-graph\">{\"@context\":\"https:\\\/\\\/schema.org\",\"@graph\":[{\"@type\":\"WebPage\",\"@id\":\"https:\\\/\\\/vivalr.com\\\/product\\\/10086.html\",\"url\":\"https:\\\/\\\/vivalr.com\\\/product\\\/10086.html\",\"name\":\"Factory Supply Perfluorodecyltriethoxysilane CAS 101947-16-4 With Good Price - Welcome to VIVALR- Your Trusted Source for Chemical Raw Materials\uff01\",\"isPartOf\":{\"@id\":\"https:\\\/\\\/vivalr.com\\\/#website\"},\"primaryImageOfPage\":{\"@id\":\"https:\\\/\\\/vivalr.com\\\/product\\\/10086.html#primaryimage\"},\"image\":{\"@id\":\"https:\\\/\\\/vivalr.com\\\/product\\\/10086.html#primaryimage\"},\"thumbnailUrl\":\"https:\\\/\\\/vivalr.com\\\/wp-content\\\/uploads\\\/2025\\\/03\\\/perfluorodecyltriethoxysilane-cas-101947-16-4.jpg\",\"datePublished\":\"2025-03-07T12:16:06+00:00\",\"dateModified\":\"2025-03-07T12:40:23+00:00\",\"breadcrumb\":{\"@id\":\"https:\\\/\\\/vivalr.com\\\/product\\\/10086.html#breadcrumb\"},\"inLanguage\":\"es\",\"potentialAction\":[{\"@type\":\"ReadAction\",\"target\":[\"https:\\\/\\\/vivalr.com\\\/product\\\/10086.html\"]}]},{\"@type\":\"ImageObject\",\"inLanguage\":\"es\",\"@id\":\"https:\\\/\\\/vivalr.com\\\/product\\\/10086.html#primaryimage\",\"url\":\"https:\\\/\\\/vivalr.com\\\/wp-content\\\/uploads\\\/2025\\\/03\\\/perfluorodecyltriethoxysilane-cas-101947-16-4.jpg\",\"contentUrl\":\"https:\\\/\\\/vivalr.com\\\/wp-content\\\/uploads\\\/2025\\\/03\\\/perfluorodecyltriethoxysilane-cas-101947-16-4.jpg\",\"width\":600,\"height\":654},{\"@type\":\"BreadcrumbList\",\"@id\":\"https:\\\/\\\/vivalr.com\\\/product\\\/10086.html#breadcrumb\",\"itemListElement\":[{\"@type\":\"ListItem\",\"position\":1,\"name\":\"Home\",\"item\":\"https:\\\/\\\/vivalr.com\\\/\"},{\"@type\":\"ListItem\",\"position\":2,\"name\":\"Shop\",\"item\":\"https:\\\/\\\/vivalr.com\\\/shop\\\/\"},{\"@type\":\"ListItem\",\"position\":3,\"name\":\"Factory Supply Perfluorodecyltriethoxysilane CAS 101947-16-4 With Good Price\"}]},{\"@type\":\"WebSite\",\"@id\":\"https:\\\/\\\/vivalr.com\\\/#website\",\"url\":\"https:\\\/\\\/vivalr.com\\\/\",\"name\":\"Welcome to VIVALR- Your Trusted Source for Chemical Raw Materials\uff01\",\"description\":\"Discover a wide range of high-quality chemical raw materials to meet your industrial needs. Our commitment to excellence ensures that you get the best products and services.\",\"potentialAction\":[{\"@type\":\"SearchAction\",\"target\":{\"@type\":\"EntryPoint\",\"urlTemplate\":\"https:\\\/\\\/vivalr.com\\\/?s={search_term_string}\"},\"query-input\":{\"@type\":\"PropertyValueSpecification\",\"valueRequired\":true,\"valueName\":\"search_term_string\"}}],\"inLanguage\":\"es\"}]}<\/script>\n<!-- \/ Yoast SEO Premium plugin. -->","yoast_head_json":{"title":"Suministro de f\u00e1brica Perfluorodecyltriethoxysilane CAS 101947-16-4 con buen precio - Bienvenido a VIVALR- Su fuente de confianza para las materias primas qu\u00edmicas\uff01","robots":{"index":"index","follow":"follow","max-snippet":"max-snippet:-1","max-image-preview":"max-image-preview:large","max-video-preview":"max-video-preview:-1"},"canonical":"https:\/\/vivalr.com\/es\/product\/10086.html","og_locale":"es_MX","og_type":"article","og_title":"Factory Supply Perfluorodecyltriethoxysilane CAS 101947-16-4 With Good Price","og_description":"Factory Supply Perfluorodecyltriethoxysilane CAS 101947-16-4 User Guide Table of Contents Basic Information and Parameters Product Uses Product Usage Usage Case Studies Contact Information Basic Information and Parameters Factory Supply Perfluorodecyltriethoxysilane, with the CAS number 101947-16-4, is a high - quality chemical product. It is a silane coupling agent with a perfluorinated alkyl chain. The molecular [&hellip;]","og_url":"https:\/\/vivalr.com\/es\/product\/10086.html","og_site_name":"Welcome to VIVALR- Your Trusted Source for Chemical Raw Materials\uff01","article_modified_time":"2025-03-07T12:40:23+00:00","og_image":[{"width":600,"height":654,"url":"https:\/\/vivalr.com\/wp-content\/uploads\/2025\/03\/perfluorodecyltriethoxysilane-cas-101947-16-4.jpg","type":"image\/jpeg"}],"twitter_card":"summary_large_image","twitter_misc":{"Tiempo de lectura":"3 minutos"},"schema":{"@context":"https:\/\/schema.org","@graph":[{"@type":"WebPage","@id":"https:\/\/vivalr.com\/product\/10086.html","url":"https:\/\/vivalr.com\/product\/10086.html","name":"Suministro de f\u00e1brica Perfluorodecyltriethoxysilane CAS 101947-16-4 con buen precio - Bienvenido a VIVALR- Su fuente de confianza para las materias primas qu\u00edmicas\uff01","isPartOf":{"@id":"https:\/\/vivalr.com\/#website"},"primaryImageOfPage":{"@id":"https:\/\/vivalr.com\/product\/10086.html#primaryimage"},"image":{"@id":"https:\/\/vivalr.com\/product\/10086.html#primaryimage"},"thumbnailUrl":"https:\/\/vivalr.com\/wp-content\/uploads\/2025\/03\/perfluorodecyltriethoxysilane-cas-101947-16-4.jpg","datePublished":"2025-03-07T12:16:06+00:00","dateModified":"2025-03-07T12:40:23+00:00","breadcrumb":{"@id":"https:\/\/vivalr.com\/product\/10086.html#breadcrumb"},"inLanguage":"es","potentialAction":[{"@type":"ReadAction","target":["https:\/\/vivalr.com\/product\/10086.html"]}]},{"@type":"ImageObject","inLanguage":"es","@id":"https:\/\/vivalr.com\/product\/10086.html#primaryimage","url":"https:\/\/vivalr.com\/wp-content\/uploads\/2025\/03\/perfluorodecyltriethoxysilane-cas-101947-16-4.jpg","contentUrl":"https:\/\/vivalr.com\/wp-content\/uploads\/2025\/03\/perfluorodecyltriethoxysilane-cas-101947-16-4.jpg","width":600,"height":654},{"@type":"BreadcrumbList","@id":"https:\/\/vivalr.com\/product\/10086.html#breadcrumb","itemListElement":[{"@type":"ListItem","position":1,"name":"Home","item":"https:\/\/vivalr.com\/"},{"@type":"ListItem","position":2,"name":"Shop","item":"https:\/\/vivalr.com\/shop\/"},{"@type":"ListItem","position":3,"name":"Factory Supply Perfluorodecyltriethoxysilane CAS 101947-16-4 With Good Price"}]},{"@type":"WebSite","@id":"https:\/\/vivalr.com\/#website","url":"https:\/\/vivalr.com\/","name":"Bienvenido a VIVALR- Su fuente de confianza para materias primas qu\u00edmicas\uff01","description":"Descubra una amplia gama de materias primas qu\u00edmicas de alta calidad para satisfacer sus necesidades industriales. Nuestro compromiso con la excelencia le garantiza los mejores productos y servicios.","potentialAction":[{"@type":"SearchAction","target":{"@type":"EntryPoint","urlTemplate":"https:\/\/vivalr.com\/?s={search_term_string}"},"query-input":{"@type":"PropertyValueSpecification","valueRequired":true,"valueName":"search_term_string"}}],"inLanguage":"es"}]}},"_links":{"self":[{"href":"https:\/\/vivalr.com\/es\/wp-json\/wp\/v2\/product\/10086","targetHints":{"allow":["GET"]}}],"collection":[{"href":"https:\/\/vivalr.com\/es\/wp-json\/wp\/v2\/product"}],"about":[{"href":"https:\/\/vivalr.com\/es\/wp-json\/wp\/v2\/types\/product"}],"replies":[{"embeddable":true,"href":"https:\/\/vivalr.com\/es\/wp-json\/wp\/v2\/comments?post=10086"}],"wp:featuredmedia":[{"embeddable":true,"href":"https:\/\/vivalr.com\/es\/wp-json\/wp\/v2\/media\/24450"}],"wp:attachment":[{"href":"https:\/\/vivalr.com\/es\/wp-json\/wp\/v2\/media?parent=10086"}],"wp:term":[{"taxonomy":"product_brand","embeddable":true,"href":"https:\/\/vivalr.com\/es\/wp-json\/wp\/v2\/product_brand?post=10086"},{"taxonomy":"product_cat","embeddable":true,"href":"https:\/\/vivalr.com\/es\/wp-json\/wp\/v2\/product_cat?post=10086"},{"taxonomy":"product_tag","embeddable":true,"href":"https:\/\/vivalr.com\/es\/wp-json\/wp\/v2\/product_tag?post=10086"}],"curies":[{"name":"wp","href":"https:\/\/api.w.org\/{rel}","templated":true}]}}