{"id":10316,"date":"2025-03-07T12:16:22","date_gmt":"2025-03-07T12:16:22","guid":{"rendered":"https:\/\/vivalr.com\/product\/10316.html"},"modified":"2025-03-07T12:40:50","modified_gmt":"2025-03-07T12:40:50","slug":"factory-supply-sodium-phytate-cas-14306-25-3-with-low-price","status":"publish","type":"product","link":"https:\/\/vivalr.com\/es\/product\/10316.html","title":{"rendered":"Factory Supply Sodium phytate CAS 14306-25-3 With Low Price"},"content":{"rendered":"<h1>User Guide for Factory Supply Sodium phytate CAS 14306 - 25 - 3 With Low Price<\/h1>\n<h2>\u00cdndice<\/h2>\n<ul>\n<li><a href=\"#basicInfo\">Informaci\u00f3n b\u00e1sica y par\u00e1metros<\/a><\/li>\n<li><a href=\"#uses\">Usos del producto<\/a><\/li>\n<li><a href=\"#usage\">C\u00f3mo utilizar el producto<\/a><\/li>\n<li><a href=\"#usageCases\">Casos de uso<\/a><\/li>\n<li><a href=\"#contact\">Informaci\u00f3n de contacto<\/a><\/li>\n<\/ul>\n<h2 id=\"basicInfo\">Informaci\u00f3n b\u00e1sica y par\u00e1metros<\/h2>\n<p>The product under discussion is Sodium phytate with the CAS number 14306 - 25 - 3. It is factory - supplied and comes at a low price. Sodium phytate is a white to off - white powder. It is the sodium salt of phytic acid, a naturally occurring compound found in many plant seeds and grains. <\/p>\n<p>Some of the key parameters of this product include: Molecular formula: C\u2086H\u2086O\u2082\u2084P\u2086Na\u2081\u2082; Molecular weight: approximately 923.82 g\/mol. It has good solubility in water and shows stable chemical properties under normal storage conditions. However, it should be stored in a cool, dry place away from direct sunlight and incompatible substances.<\/p>\n<h2 id=\"uses\">Usos del producto<\/h2>\n<p>1. Food Industry: Sodium phytate is used as a chelating agent, antioxidant, and preservative in the food industry. It can chelate metal ions, such as iron, copper, etc., which helps to prevent the oxidation of fats and oils in food, thus extending the shelf - life of products like edible oils, milk products, and meat. It also has an impact on the texture and flavor of food.<\/p>\n<p>2. Pharmaceutical Industry: In pharmaceuticals, it can be used as an auxiliary material in drug formulations. It may help in maintaining the stability of drugs and can also have potential health - related effects due to its chelating properties, which may be beneficial for some medical treatments.<\/p>\n<p>3. Cosmetics Industry: Sodium phytate is used in cosmetics as an antioxidant and anti - aging agent. It can protect the skin from oxidative stress and help in maintaining the integrity of skin cells.<\/p>\n<h2 id=\"usage\">C\u00f3mo utilizar el producto<\/h2>\n<p>1. Food Industry: When using in food, the appropriate dosage should be determined according to the specific food product and relevant food safety regulations. Usually, it is added during the mixing or processing stage of food production. For example, when used in edible oils, it can be added at a concentration of 0.01% - 0.1% to effectively prevent oxidation.<\/p>\n<p>2. Pharmaceutical Industry: In pharmaceutical formulations, it should be used in strict accordance with the prescription and manufacturing process. It may need to be dissolved in appropriate solvents and mixed with other active ingredients under specific conditions.<\/p>\n<p>3. Cosmetics Industry: In cosmetic formulations, it can be added to creams, lotions, or serums. The recommended concentration is usually in the range of 0.5% - 2%. It should be mixed evenly during the manufacturing process to ensure its uniform distribution in the product.<\/p>\n<h2 id=\"usageCases\">Casos de uso<\/h2>\n<p>1. Food Industry Case: A small - scale edible oil producer was facing the problem of rapid oxidation of their products, which led to a short shelf - life and unpleasant odor. They decided to add Sodium phytate at a concentration of 0.05% during the refining process. After the addition, the oxidation rate of the oil decreased significantly. The oil could be stored for up to 6 months without significant deterioration in quality, compared to only 2 - 3 months before using Sodium phytate.<\/p>\n<p>2. Pharmaceutical Industry Case: A pharmaceutical company was developing a new antioxidant drug. They incorporated Sodium phytate into the formulation as a chelating agent to enhance the stability of the active ingredient. Through stability testing, they found that the drug maintained its efficacy for a longer period, with a significant reduction in degradation products during storage.<\/p>\n<p>3. Cosmetics Industry Case: A cosmetics brand launched a new anti - aging serum containing Sodium phytate. After a 3 - month user trial, 80% of the participants reported an improvement in skin texture, reduced fine lines, and increased skin elasticity. The brand saw an increase in sales due to the positive feedback from customers.<\/p>\n<h2 id=\"contact\">Informaci\u00f3n de contacto<\/h2>\n<p>If you have any questions or need further information about our Factory Supply Sodium phytate CAS 14306 - 25 - 3 With Low Price, please feel free to contact us. Our email address is info@vivalr.com, and our phone number is (86) 15866781826.<\/p>","protected":false},"excerpt":{"rendered":"<p>User Guide for Factory Supply Sodium phytate CAS 14306 - 25 - 3 With Low Price Table of Contents Basic Information and Parameters Uses of the Product How to Use the Product Usage Cases Contact Information Basic Information and Parameters The product under discussion is Sodium phytate with the CAS number 14306 - 25 - [&hellip;]<\/p>","protected":false},"featured_media":26205,"comment_status":"closed","ping_status":"open","template":"","meta":[],"product_brand":[],"product_cat":[15],"product_tag":[],"class_list":{"0":"post-10316","1":"product","2":"type-product","3":"status-publish","4":"has-post-thumbnail","6":"product_cat-uncategorized","8":"first","9":"instock","10":"product-type-simple"},"yoast_head":"<!-- This site is optimized with the Yoast SEO Premium plugin v24.4 (Yoast SEO v25.0) - https:\/\/yoast.com\/wordpress\/plugins\/seo\/ -->\n<title>Factory Supply Sodium phytate CAS 14306-25-3 With Low Price - Welcome to VIVALR- Your Trusted Source for Chemical Raw Materials\uff01<\/title>\n<meta name=\"robots\" content=\"index, follow, max-snippet:-1, max-image-preview:large, max-video-preview:-1\" \/>\n<link rel=\"canonical\" href=\"https:\/\/vivalr.com\/es\/product\/10316.html\" \/>\n<meta property=\"og:locale\" content=\"es_MX\" \/>\n<meta property=\"og:type\" content=\"article\" \/>\n<meta property=\"og:title\" content=\"Factory Supply Sodium phytate CAS 14306-25-3 With Low Price\" \/>\n<meta property=\"og:description\" content=\"User Guide for Factory Supply Sodium phytate CAS 14306 - 25 - 3 With Low Price Table of Contents Basic Information and Parameters Uses of the Product How to Use the Product Usage Cases Contact Information Basic Information and Parameters The product under discussion is Sodium phytate with the CAS number 14306 - 25 - [&hellip;]\" \/>\n<meta property=\"og:url\" content=\"https:\/\/vivalr.com\/es\/product\/10316.html\" \/>\n<meta property=\"og:site_name\" content=\"Welcome to VIVALR- Your Trusted Source for Chemical Raw Materials\uff01\" \/>\n<meta property=\"article:modified_time\" content=\"2025-03-07T12:40:50+00:00\" \/>\n<meta property=\"og:image\" content=\"https:\/\/vivalr.com\/wp-content\/uploads\/2025\/03\/sodium-phytate-cas-14306-25-3-3.jpg\" \/>\n\t<meta property=\"og:image:width\" content=\"350\" \/>\n\t<meta property=\"og:image:height\" content=\"350\" \/>\n\t<meta property=\"og:image:type\" content=\"image\/jpeg\" \/>\n<meta name=\"twitter:card\" content=\"summary_large_image\" \/>\n<meta name=\"twitter:label1\" content=\"Tiempo de lectura\" \/>\n\t<meta name=\"twitter:data1\" content=\"3 minutos\" \/>\n<script type=\"application\/ld+json\" class=\"yoast-schema-graph\">{\"@context\":\"https:\/\/schema.org\",\"@graph\":[{\"@type\":\"WebPage\",\"@id\":\"https:\/\/vivalr.com\/product\/10316.html\",\"url\":\"https:\/\/vivalr.com\/product\/10316.html\",\"name\":\"Factory Supply Sodium phytate CAS 14306-25-3 With Low Price - Welcome to VIVALR- Your Trusted Source for Chemical Raw Materials\uff01\",\"isPartOf\":{\"@id\":\"https:\/\/vivalr.com\/#website\"},\"primaryImageOfPage\":{\"@id\":\"https:\/\/vivalr.com\/product\/10316.html#primaryimage\"},\"image\":{\"@id\":\"https:\/\/vivalr.com\/product\/10316.html#primaryimage\"},\"thumbnailUrl\":\"https:\/\/vivalr.com\/wp-content\/uploads\/2025\/03\/sodium-phytate-cas-14306-25-3-3.jpg\",\"datePublished\":\"2025-03-07T12:16:22+00:00\",\"dateModified\":\"2025-03-07T12:40:50+00:00\",\"breadcrumb\":{\"@id\":\"https:\/\/vivalr.com\/product\/10316.html#breadcrumb\"},\"inLanguage\":\"es\",\"potentialAction\":[{\"@type\":\"ReadAction\",\"target\":[\"https:\/\/vivalr.com\/product\/10316.html\"]}]},{\"@type\":\"ImageObject\",\"inLanguage\":\"es\",\"@id\":\"https:\/\/vivalr.com\/product\/10316.html#primaryimage\",\"url\":\"https:\/\/vivalr.com\/wp-content\/uploads\/2025\/03\/sodium-phytate-cas-14306-25-3-3.jpg\",\"contentUrl\":\"https:\/\/vivalr.com\/wp-content\/uploads\/2025\/03\/sodium-phytate-cas-14306-25-3-3.jpg\",\"width\":350,\"height\":350},{\"@type\":\"BreadcrumbList\",\"@id\":\"https:\/\/vivalr.com\/product\/10316.html#breadcrumb\",\"itemListElement\":[{\"@type\":\"ListItem\",\"position\":1,\"name\":\"Home\",\"item\":\"https:\/\/vivalr.com\/\"},{\"@type\":\"ListItem\",\"position\":2,\"name\":\"Shop\",\"item\":\"https:\/\/vivalr.com\/shop\/\"},{\"@type\":\"ListItem\",\"position\":3,\"name\":\"Factory Supply Sodium phytate CAS 14306-25-3 With Low Price\"}]},{\"@type\":\"WebSite\",\"@id\":\"https:\/\/vivalr.com\/#website\",\"url\":\"https:\/\/vivalr.com\/\",\"name\":\"Welcome to VIVALR- Your Trusted Source for Chemical Raw Materials\uff01\",\"description\":\"Discover a wide range of high-quality chemical raw materials to meet your industrial needs. Our commitment to excellence ensures that you get the best products and services.\",\"potentialAction\":[{\"@type\":\"SearchAction\",\"target\":{\"@type\":\"EntryPoint\",\"urlTemplate\":\"https:\/\/vivalr.com\/?s={search_term_string}\"},\"query-input\":{\"@type\":\"PropertyValueSpecification\",\"valueRequired\":true,\"valueName\":\"search_term_string\"}}],\"inLanguage\":\"es\"}]}<\/script>\n<!-- \/ Yoast SEO Premium plugin. -->","yoast_head_json":{"title":"Factory Supply Sodium phytate CAS 14306-25-3 With Low Price - Welcome to VIVALR- Your Trusted Source for Chemical Raw Materials\uff01","robots":{"index":"index","follow":"follow","max-snippet":"max-snippet:-1","max-image-preview":"max-image-preview:large","max-video-preview":"max-video-preview:-1"},"canonical":"https:\/\/vivalr.com\/es\/product\/10316.html","og_locale":"es_MX","og_type":"article","og_title":"Factory Supply Sodium phytate CAS 14306-25-3 With Low Price","og_description":"User Guide for Factory Supply Sodium phytate CAS 14306 - 25 - 3 With Low Price Table of Contents Basic Information and Parameters Uses of the Product How to Use the Product Usage Cases Contact Information Basic Information and Parameters The product under discussion is Sodium phytate with the CAS number 14306 - 25 - [&hellip;]","og_url":"https:\/\/vivalr.com\/es\/product\/10316.html","og_site_name":"Welcome to VIVALR- Your Trusted Source for Chemical Raw Materials\uff01","article_modified_time":"2025-03-07T12:40:50+00:00","og_image":[{"width":350,"height":350,"url":"https:\/\/vivalr.com\/wp-content\/uploads\/2025\/03\/sodium-phytate-cas-14306-25-3-3.jpg","type":"image\/jpeg"}],"twitter_card":"summary_large_image","twitter_misc":{"Tiempo de lectura":"3 minutos"},"schema":{"@context":"https:\/\/schema.org","@graph":[{"@type":"WebPage","@id":"https:\/\/vivalr.com\/product\/10316.html","url":"https:\/\/vivalr.com\/product\/10316.html","name":"Factory Supply Sodium phytate CAS 14306-25-3 With Low Price - Welcome to VIVALR- Your Trusted Source for Chemical Raw Materials\uff01","isPartOf":{"@id":"https:\/\/vivalr.com\/#website"},"primaryImageOfPage":{"@id":"https:\/\/vivalr.com\/product\/10316.html#primaryimage"},"image":{"@id":"https:\/\/vivalr.com\/product\/10316.html#primaryimage"},"thumbnailUrl":"https:\/\/vivalr.com\/wp-content\/uploads\/2025\/03\/sodium-phytate-cas-14306-25-3-3.jpg","datePublished":"2025-03-07T12:16:22+00:00","dateModified":"2025-03-07T12:40:50+00:00","breadcrumb":{"@id":"https:\/\/vivalr.com\/product\/10316.html#breadcrumb"},"inLanguage":"es","potentialAction":[{"@type":"ReadAction","target":["https:\/\/vivalr.com\/product\/10316.html"]}]},{"@type":"ImageObject","inLanguage":"es","@id":"https:\/\/vivalr.com\/product\/10316.html#primaryimage","url":"https:\/\/vivalr.com\/wp-content\/uploads\/2025\/03\/sodium-phytate-cas-14306-25-3-3.jpg","contentUrl":"https:\/\/vivalr.com\/wp-content\/uploads\/2025\/03\/sodium-phytate-cas-14306-25-3-3.jpg","width":350,"height":350},{"@type":"BreadcrumbList","@id":"https:\/\/vivalr.com\/product\/10316.html#breadcrumb","itemListElement":[{"@type":"ListItem","position":1,"name":"Home","item":"https:\/\/vivalr.com\/"},{"@type":"ListItem","position":2,"name":"Shop","item":"https:\/\/vivalr.com\/shop\/"},{"@type":"ListItem","position":3,"name":"Factory Supply Sodium phytate CAS 14306-25-3 With Low Price"}]},{"@type":"WebSite","@id":"https:\/\/vivalr.com\/#website","url":"https:\/\/vivalr.com\/","name":"Bienvenido a VIVALR- Su fuente de confianza para materias primas qu\u00edmicas\uff01","description":"Descubra una amplia gama de materias primas qu\u00edmicas de alta calidad para satisfacer sus necesidades industriales. Nuestro compromiso con la excelencia le garantiza los mejores productos y servicios.","potentialAction":[{"@type":"SearchAction","target":{"@type":"EntryPoint","urlTemplate":"https:\/\/vivalr.com\/?s={search_term_string}"},"query-input":{"@type":"PropertyValueSpecification","valueRequired":true,"valueName":"search_term_string"}}],"inLanguage":"es"}]}},"_links":{"self":[{"href":"https:\/\/vivalr.com\/es\/wp-json\/wp\/v2\/product\/10316","targetHints":{"allow":["GET"]}}],"collection":[{"href":"https:\/\/vivalr.com\/es\/wp-json\/wp\/v2\/product"}],"about":[{"href":"https:\/\/vivalr.com\/es\/wp-json\/wp\/v2\/types\/product"}],"replies":[{"embeddable":true,"href":"https:\/\/vivalr.com\/es\/wp-json\/wp\/v2\/comments?post=10316"}],"wp:featuredmedia":[{"embeddable":true,"href":"https:\/\/vivalr.com\/es\/wp-json\/wp\/v2\/media\/26205"}],"wp:attachment":[{"href":"https:\/\/vivalr.com\/es\/wp-json\/wp\/v2\/media?parent=10316"}],"wp:term":[{"taxonomy":"product_brand","embeddable":true,"href":"https:\/\/vivalr.com\/es\/wp-json\/wp\/v2\/product_brand?post=10316"},{"taxonomy":"product_cat","embeddable":true,"href":"https:\/\/vivalr.com\/es\/wp-json\/wp\/v2\/product_cat?post=10316"},{"taxonomy":"product_tag","embeddable":true,"href":"https:\/\/vivalr.com\/es\/wp-json\/wp\/v2\/product_tag?post=10316"}],"curies":[{"name":"wp","href":"https:\/\/api.w.org\/{rel}","templated":true}]}}