{"id":10655,"date":"2025-03-07T12:16:55","date_gmt":"2025-03-07T12:16:55","guid":{"rendered":"https:\/\/vivalr.com\/product\/10655.html"},"modified":"2025-03-07T12:41:34","modified_gmt":"2025-03-07T12:41:34","slug":"high-quality-platinum-cas-7440-06-4-with-low-price","status":"publish","type":"product","link":"https:\/\/vivalr.com\/es\/product\/10655.html","title":{"rendered":"Platino de alta calidad CAS 7440-06-4 con precio bajo"},"content":{"rendered":"<h1>Gu\u00eda del usuario de platino de alta calidad CAS 7440-06-4 con precio bajo<\/h1>\n<h2>\u00cdndice<\/h2>\n<ul>\n<li><a href=\"#basic-info\">1. Informaci\u00f3n b\u00e1sica y par\u00e1metros<\/a><\/li>\n<li><a href=\"#uses\">2. Usos del producto<\/a><\/li>\n<li><a href=\"#usage\">3. C\u00f3mo utilizar el producto<\/a><\/li>\n<li><a href=\"#case-studies\">4. Casos pr\u00e1cticos<\/a><\/li>\n<li><a href=\"#contact\">5. 5. Informaci\u00f3n de contacto<\/a><\/li>\n<\/ul>\n<h2 id=\"basic-info\">1. Informaci\u00f3n b\u00e1sica y par\u00e1metros<\/h2>\n<p>Nuestro producto es platino de alta calidad con el n\u00famero CAS 7440 - 06 - 4. El platino es un elemento qu\u00edmico con el s\u00edmbolo Pt y el n\u00famero at\u00f3mico 78. Es un metal de transici\u00f3n denso, maleable, d\u00factil, muy poco reactivo, precioso y de color blanco plateado. <\/p>\n<p>El platino de alta calidad que ofrecemos tiene las siguientes caracter\u00edsticas. Tiene una pureza que cumple las estrictas normas de la industria, lo que garantiza su fiabilidad en diversas aplicaciones. Sus propiedades f\u00edsicas incluyen un punto de fusi\u00f3n de aproximadamente 1768,3 \u00b0C y un punto de ebullici\u00f3n de unos 3825 \u00b0C. Tiene una alta densidad de unos 21,45 g\/cm\u00b3 a temperatura ambiente. <\/p>\n<h2 id=\"uses\">2. Usos del producto<\/h2>\n<p>El platino tiene una amplia gama de aplicaciones en diferentes industrias. <\/p>\n<p>En la industria joyera, el platino es muy apreciado por su belleza y durabilidad. Suele utilizarse para fabricar alianzas, collares y pendientes de alta gama. Su color blanco le confiere un aspecto elegante y lujoso, y su resistencia a la corrosi\u00f3n y al deslustre garantiza que las joyas conserven su brillo con el paso del tiempo. <\/p>\n<p>En la industria del autom\u00f3vil, el platino es un componente clave de los catalizadores. Ayuda a reducir las emisiones nocivas de los veh\u00edculos catalizando la conversi\u00f3n de contaminantes como el mon\u00f3xido de carbono, los \u00f3xidos de nitr\u00f3geno y los hidrocarburos en sustancias menos nocivas como el di\u00f3xido de carbono, el nitr\u00f3geno y el agua. <\/p>\n<p>En la industria qu\u00edmica, el platino se utiliza como catalizador en diversas reacciones qu\u00edmicas. Por ejemplo, se utiliza en la producci\u00f3n de \u00e1cido n\u00edtrico, que es un importante producto qu\u00edmico industrial utilizado en fertilizantes, explosivos y muchos otros productos. <\/p>\n<h2 id=\"usage\">3. C\u00f3mo utilizar el producto<\/h2>\n<p>Cuando se utiliza platino en joyer\u00eda, es esencial disponer de las herramientas y habilidades adecuadas. Los joyeros suelen utilizar equipos especializados para fundir y dar forma al platino. El metal debe fundirse en un crisol con un soplete de alta temperatura. Una vez fundido, puede moldearse con la forma deseada o fabricarse mediante t\u00e9cnicas como la forja y la soldadura. <\/p>\n<p>En la industria del autom\u00f3vil, el platino ya se incorpora a los catalizadores durante el proceso de fabricaci\u00f3n. Sin embargo, el mantenimiento adecuado del sistema de escape del veh\u00edculo es crucial para garantizar el rendimiento \u00f3ptimo del catalizador. Esto incluye inspecciones peri\u00f3dicas para detectar da\u00f1os y una puesta a punto adecuada del motor para evitar emisiones excesivas que podr\u00edan da\u00f1ar el catalizador de platino. <\/p>\n<p>En las reacciones qu\u00edmicas, la cantidad de platino utilizada como catalizador depende de la reacci\u00f3n espec\u00edfica y de la escala de producci\u00f3n. Suele a\u00f1adirse finamente dividido para aumentar su superficie y su actividad catal\u00edtica. Deben tomarse precauciones de seguridad al manipular catalizadores de platino, como llevar equipo de protecci\u00f3n adecuado para evitar la inhalaci\u00f3n o el contacto con la piel. <\/p>\n<h2 id=\"case-studies\">4. Casos pr\u00e1cticos<\/h2>\n<p>Caso pr\u00e1ctico 1: Fabricante de joyas<\/p>\n<p>Un conocido fabricante de joyas decidi\u00f3 utilizar nuestro platino de alta calidad para su nueva l\u00ednea de alianzas. Les atrajo el bajo precio y la alta pureza del platino. Despu\u00e9s de utilizar nuestro producto, descubrieron que el platino era f\u00e1cil de trabajar durante el proceso de fabricaci\u00f3n. Los anillos ten\u00edan un bonito acabado y fueron bien recibidos por los clientes. La durabilidad del platino garantiz\u00f3 que los anillos resistieran el uso diario sin sufrir da\u00f1os significativos, lo que aument\u00f3 la satisfacci\u00f3n y fidelidad de los clientes. <\/p>\n<p>Caso pr\u00e1ctico 2: Empresa de automoci\u00f3n<\/p>\n<p>Una empresa automovil\u00edstica incorpor\u00f3 nuestro platino a su nueva serie de catalizadores. Notaron una mejora significativa en el rendimiento de los catalizadores. El platino redujo eficazmente las emisiones nocivas, lo que permiti\u00f3 a sus veh\u00edculos cumplir la estricta normativa medioambiental. Esto no s\u00f3lo benefici\u00f3 al medio ambiente, sino que tambi\u00e9n mejor\u00f3 la reputaci\u00f3n de la empresa en el mercado. <\/p>\n<p>Caso pr\u00e1ctico 3: Planta qu\u00edmica<\/p>\n<p>Una planta qu\u00edmica utiliz\u00f3 nuestro platino como catalizador en la producci\u00f3n de \u00e1cido n\u00edtrico. Descubrieron que el platino de alta calidad aumentaba la velocidad de reacci\u00f3n y el rendimiento del proceso. Esto supuso un ahorro de costes y una mejora de la eficacia de su l\u00ednea de producci\u00f3n. La estabilidad a largo plazo del catalizador de platino tambi\u00e9n redujo la frecuencia de sustituci\u00f3n del catalizador, reduciendo a\u00fan m\u00e1s los costes operativos. <\/p>\n<h2 id=\"contact\">5. 5. Informaci\u00f3n de contacto<\/h2>\n<p>Si usted tiene cualesquiera preguntas o necesita m\u00e1s informaci\u00f3n sobre nuestra Alta Calidad Platino CAS 7440 - 06 - 4 Con Precio Bajo, sienta por favor libre de entrarnos en contacto con. <\/p>\n<p>Correo electr\u00f3nico: info@vivalr.com<\/p>\n<p>Tel\u00e9fono: (<\/p>","protected":false},"excerpt":{"rendered":"<p>User Guide for High Quality Platinum CAS 7440-06-4 With Low Price Table of Contents 1. Basic Information and Parameters 2. Uses of the Product 3. How to Use the Product 4. Usage Case Studies 5. Contact Information 1. Basic Information and Parameters Our product is High Quality Platinum with the CAS number 7440 - 06 [&hellip;]<\/p>","protected":false},"featured_media":26374,"comment_status":"closed","ping_status":"open","template":"","meta":[],"product_brand":[],"product_cat":[15],"product_tag":[],"class_list":{"0":"post-10655","1":"product","2":"type-product","3":"status-publish","4":"has-post-thumbnail","6":"product_cat-uncategorized","8":"first","9":"instock","10":"product-type-simple"},"yoast_head":"<!-- This site is optimized with the Yoast SEO Premium plugin v24.4 (Yoast SEO v25.0) - https:\/\/yoast.com\/wordpress\/plugins\/seo\/ -->\n<title>High Quality Platinum CAS 7440-06-4 With Low Price - Welcome to VIVALR- Your Trusted Source for Chemical Raw Materials\uff01<\/title>\n<meta name=\"robots\" content=\"index, follow, max-snippet:-1, max-image-preview:large, max-video-preview:-1\" \/>\n<link rel=\"canonical\" href=\"https:\/\/vivalr.com\/es\/product\/10655.html\" \/>\n<meta property=\"og:locale\" content=\"es_MX\" \/>\n<meta property=\"og:type\" content=\"article\" \/>\n<meta property=\"og:title\" content=\"High Quality Platinum CAS 7440-06-4 With Low Price\" \/>\n<meta property=\"og:description\" content=\"User Guide for High Quality Platinum CAS 7440-06-4 With Low Price Table of Contents 1. Basic Information and Parameters 2. Uses of the Product 3. How to Use the Product 4. Usage Case Studies 5. Contact Information 1. Basic Information and Parameters Our product is High Quality Platinum with the CAS number 7440 - 06 [&hellip;]\" \/>\n<meta property=\"og:url\" content=\"https:\/\/vivalr.com\/es\/product\/10655.html\" \/>\n<meta property=\"og:site_name\" content=\"Welcome to VIVALR- Your Trusted Source for Chemical Raw Materials\uff01\" \/>\n<meta property=\"article:modified_time\" content=\"2025-03-07T12:41:34+00:00\" \/>\n<meta property=\"og:image\" content=\"https:\/\/vivalr.com\/wp-content\/uploads\/2025\/03\/platinum-cas-7440-06-4.jpg\" \/>\n\t<meta property=\"og:image:width\" content=\"700\" \/>\n\t<meta property=\"og:image:height\" content=\"762\" \/>\n\t<meta property=\"og:image:type\" content=\"image\/jpeg\" \/>\n<meta name=\"twitter:card\" content=\"summary_large_image\" \/>\n<meta name=\"twitter:label1\" content=\"Tiempo de lectura\" \/>\n\t<meta name=\"twitter:data1\" content=\"4 minutos\" \/>\n<script type=\"application\/ld+json\" class=\"yoast-schema-graph\">{\"@context\":\"https:\/\/schema.org\",\"@graph\":[{\"@type\":\"WebPage\",\"@id\":\"https:\/\/vivalr.com\/product\/10655.html\",\"url\":\"https:\/\/vivalr.com\/product\/10655.html\",\"name\":\"High Quality Platinum CAS 7440-06-4 With Low Price - Welcome to VIVALR- Your Trusted Source for Chemical Raw Materials\uff01\",\"isPartOf\":{\"@id\":\"https:\/\/vivalr.com\/#website\"},\"primaryImageOfPage\":{\"@id\":\"https:\/\/vivalr.com\/product\/10655.html#primaryimage\"},\"image\":{\"@id\":\"https:\/\/vivalr.com\/product\/10655.html#primaryimage\"},\"thumbnailUrl\":\"https:\/\/vivalr.com\/wp-content\/uploads\/2025\/03\/platinum-cas-7440-06-4.jpg\",\"datePublished\":\"2025-03-07T12:16:55+00:00\",\"dateModified\":\"2025-03-07T12:41:34+00:00\",\"breadcrumb\":{\"@id\":\"https:\/\/vivalr.com\/product\/10655.html#breadcrumb\"},\"inLanguage\":\"es\",\"potentialAction\":[{\"@type\":\"ReadAction\",\"target\":[\"https:\/\/vivalr.com\/product\/10655.html\"]}]},{\"@type\":\"ImageObject\",\"inLanguage\":\"es\",\"@id\":\"https:\/\/vivalr.com\/product\/10655.html#primaryimage\",\"url\":\"https:\/\/vivalr.com\/wp-content\/uploads\/2025\/03\/platinum-cas-7440-06-4.jpg\",\"contentUrl\":\"https:\/\/vivalr.com\/wp-content\/uploads\/2025\/03\/platinum-cas-7440-06-4.jpg\",\"width\":700,\"height\":762},{\"@type\":\"BreadcrumbList\",\"@id\":\"https:\/\/vivalr.com\/product\/10655.html#breadcrumb\",\"itemListElement\":[{\"@type\":\"ListItem\",\"position\":1,\"name\":\"Home\",\"item\":\"https:\/\/vivalr.com\/\"},{\"@type\":\"ListItem\",\"position\":2,\"name\":\"Shop\",\"item\":\"https:\/\/vivalr.com\/shop\/\"},{\"@type\":\"ListItem\",\"position\":3,\"name\":\"High Quality Platinum CAS 7440-06-4 With Low Price\"}]},{\"@type\":\"WebSite\",\"@id\":\"https:\/\/vivalr.com\/#website\",\"url\":\"https:\/\/vivalr.com\/\",\"name\":\"Welcome to VIVALR- Your Trusted Source for Chemical Raw Materials\uff01\",\"description\":\"Discover a wide range of high-quality chemical raw materials to meet your industrial needs. Our commitment to excellence ensures that you get the best products and services.\",\"potentialAction\":[{\"@type\":\"SearchAction\",\"target\":{\"@type\":\"EntryPoint\",\"urlTemplate\":\"https:\/\/vivalr.com\/?s={search_term_string}\"},\"query-input\":{\"@type\":\"PropertyValueSpecification\",\"valueRequired\":true,\"valueName\":\"search_term_string\"}}],\"inLanguage\":\"es\"}]}<\/script>\n<!-- \/ Yoast SEO Premium plugin. -->","yoast_head_json":{"title":"Alta calidad platino CAS 7440-06-4 con precio bajo - Bienvenido a VIVALR- Su fuente de confianza para las materias primas qu\u00edmicas\uff01","robots":{"index":"index","follow":"follow","max-snippet":"max-snippet:-1","max-image-preview":"max-image-preview:large","max-video-preview":"max-video-preview:-1"},"canonical":"https:\/\/vivalr.com\/es\/product\/10655.html","og_locale":"es_MX","og_type":"article","og_title":"High Quality Platinum CAS 7440-06-4 With Low Price","og_description":"User Guide for High Quality Platinum CAS 7440-06-4 With Low Price Table of Contents 1. Basic Information and Parameters 2. Uses of the Product 3. How to Use the Product 4. Usage Case Studies 5. Contact Information 1. Basic Information and Parameters Our product is High Quality Platinum with the CAS number 7440 - 06 [&hellip;]","og_url":"https:\/\/vivalr.com\/es\/product\/10655.html","og_site_name":"Welcome to VIVALR- Your Trusted Source for Chemical Raw Materials\uff01","article_modified_time":"2025-03-07T12:41:34+00:00","og_image":[{"width":700,"height":762,"url":"https:\/\/vivalr.com\/wp-content\/uploads\/2025\/03\/platinum-cas-7440-06-4.jpg","type":"image\/jpeg"}],"twitter_card":"summary_large_image","twitter_misc":{"Tiempo de lectura":"4 minutos"},"schema":{"@context":"https:\/\/schema.org","@graph":[{"@type":"WebPage","@id":"https:\/\/vivalr.com\/product\/10655.html","url":"https:\/\/vivalr.com\/product\/10655.html","name":"Alta calidad platino CAS 7440-06-4 con precio bajo - Bienvenido a VIVALR- Su fuente de confianza para las materias primas qu\u00edmicas\uff01","isPartOf":{"@id":"https:\/\/vivalr.com\/#website"},"primaryImageOfPage":{"@id":"https:\/\/vivalr.com\/product\/10655.html#primaryimage"},"image":{"@id":"https:\/\/vivalr.com\/product\/10655.html#primaryimage"},"thumbnailUrl":"https:\/\/vivalr.com\/wp-content\/uploads\/2025\/03\/platinum-cas-7440-06-4.jpg","datePublished":"2025-03-07T12:16:55+00:00","dateModified":"2025-03-07T12:41:34+00:00","breadcrumb":{"@id":"https:\/\/vivalr.com\/product\/10655.html#breadcrumb"},"inLanguage":"es","potentialAction":[{"@type":"ReadAction","target":["https:\/\/vivalr.com\/product\/10655.html"]}]},{"@type":"ImageObject","inLanguage":"es","@id":"https:\/\/vivalr.com\/product\/10655.html#primaryimage","url":"https:\/\/vivalr.com\/wp-content\/uploads\/2025\/03\/platinum-cas-7440-06-4.jpg","contentUrl":"https:\/\/vivalr.com\/wp-content\/uploads\/2025\/03\/platinum-cas-7440-06-4.jpg","width":700,"height":762},{"@type":"BreadcrumbList","@id":"https:\/\/vivalr.com\/product\/10655.html#breadcrumb","itemListElement":[{"@type":"ListItem","position":1,"name":"Home","item":"https:\/\/vivalr.com\/"},{"@type":"ListItem","position":2,"name":"Shop","item":"https:\/\/vivalr.com\/shop\/"},{"@type":"ListItem","position":3,"name":"High Quality Platinum CAS 7440-06-4 With Low Price"}]},{"@type":"WebSite","@id":"https:\/\/vivalr.com\/#website","url":"https:\/\/vivalr.com\/","name":"Bienvenido a VIVALR- Su fuente de confianza para materias primas qu\u00edmicas\uff01","description":"Descubra una amplia gama de materias primas qu\u00edmicas de alta calidad para satisfacer sus necesidades industriales. Nuestro compromiso con la excelencia le garantiza los mejores productos y servicios.","potentialAction":[{"@type":"SearchAction","target":{"@type":"EntryPoint","urlTemplate":"https:\/\/vivalr.com\/?s={search_term_string}"},"query-input":{"@type":"PropertyValueSpecification","valueRequired":true,"valueName":"search_term_string"}}],"inLanguage":"es"}]}},"_links":{"self":[{"href":"https:\/\/vivalr.com\/es\/wp-json\/wp\/v2\/product\/10655","targetHints":{"allow":["GET"]}}],"collection":[{"href":"https:\/\/vivalr.com\/es\/wp-json\/wp\/v2\/product"}],"about":[{"href":"https:\/\/vivalr.com\/es\/wp-json\/wp\/v2\/types\/product"}],"replies":[{"embeddable":true,"href":"https:\/\/vivalr.com\/es\/wp-json\/wp\/v2\/comments?post=10655"}],"wp:featuredmedia":[{"embeddable":true,"href":"https:\/\/vivalr.com\/es\/wp-json\/wp\/v2\/media\/26374"}],"wp:attachment":[{"href":"https:\/\/vivalr.com\/es\/wp-json\/wp\/v2\/media?parent=10655"}],"wp:term":[{"taxonomy":"product_brand","embeddable":true,"href":"https:\/\/vivalr.com\/es\/wp-json\/wp\/v2\/product_brand?post=10655"},{"taxonomy":"product_cat","embeddable":true,"href":"https:\/\/vivalr.com\/es\/wp-json\/wp\/v2\/product_cat?post=10655"},{"taxonomy":"product_tag","embeddable":true,"href":"https:\/\/vivalr.com\/es\/wp-json\/wp\/v2\/product_tag?post=10655"}],"curies":[{"name":"wp","href":"https:\/\/api.w.org\/{rel}","templated":true}]}}