{"id":11159,"date":"2025-03-07T12:17:34","date_gmt":"2025-03-07T12:17:34","guid":{"rendered":"https:\/\/vivalr.com\/product\/11159.html"},"modified":"2025-03-07T12:42:37","modified_gmt":"2025-03-07T12:42:37","slug":"high-quality-sulfamethazine-cas-57-68-1-with-best-price","status":"publish","type":"product","link":"https:\/\/vivalr.com\/es\/product\/11159.html","title":{"rendered":"High Quality sulfamethazine cas 57-68-1 With Best Price"},"content":{"rendered":"<h1>User Guide for High Quality sulfamethazine cas 57-68-1 With Best Price<\/h1>\n<ol>\n<li><a href=\"#basicInfo\">Informaci\u00f3n b\u00e1sica y par\u00e1metros<\/a><\/li>\n<li><a href=\"#uses\">Usos del producto<\/a><\/li>\n<li><a href=\"#usage\">C\u00f3mo utilizar el producto<\/a><\/li>\n<li><a href=\"#caseStudies\">Casos pr\u00e1cticos<\/a><\/li>\n<li><a href=\"#contact\">Informaci\u00f3n de contacto<\/a><\/li>\n<\/ol>\n<h2 id=\"basicInfo\">Informaci\u00f3n b\u00e1sica y par\u00e1metros<\/h2>\n<p>Product Name: High Quality sulfamethazine cas 57-68-1 With Best Price. Sulfamethazine is an organic compound with the chemical formula C\u2081\u2082H\u2081\u2084N\u2084O\u2082S. It is a white or yellowish - white crystalline powder. The CAS number 57 - 68 - 1 uniquely identifies this chemical substance in the chemical industry. Its molecular weight is approximately 278.33 g\/mol. <\/p>\n<p>The melting point of sulfamethazine is around 197 - 201 \u00b0C. It is slightly soluble in water, soluble in acetone, and soluble in dilute acids and alkalis. High - quality sulfamethazine should have a high degree of purity, usually above 98%, which ensures its effectiveness in various applications.<\/p>\n<h2 id=\"uses\">Usos del producto<\/h2>\n<p>Sulfamethazine is widely used in the veterinary field. It is an important sulfonamide antibiotic. It can be used to prevent and treat a variety of bacterial infections in livestock and poultry. For example, it is effective against respiratory tract infections, intestinal infections, and urinary tract infections in pigs, cattle, and chickens. By inhibiting the growth and reproduction of bacteria, it helps to improve the health of animals and reduce the risk of disease outbreaks in large - scale animal farming.<\/p>\n<p>In addition to its veterinary uses, sulfamethazine also has certain applications in the laboratory. It can be used as a reference standard in chemical analysis and microbiological research. Scientists can use it to study the antibacterial mechanisms of sulfonamide drugs and develop new antibacterial agents.<\/p>\n<h2 id=\"usage\">C\u00f3mo utilizar el producto<\/h2>\n<p>In veterinary applications, the usage of sulfamethazine depends on the type of animal, the severity of the disease, and the route of administration. For oral administration in pigs, the common dosage is usually 20 - 50 mg per kilogram of body weight per day, divided into two or three doses. For cattle, the dosage may be adjusted according to their body size and the specific condition, generally ranging from 10 - 30 mg per kilogram of body weight per day.<\/p>\n<p>When using sulfamethazine, it should be dissolved in an appropriate solvent first if necessary. For example, it can be dissolved in a dilute acid solution before mixing with feed or drinking water. It is important to ensure thorough mixing to ensure that each animal gets the correct dose. In laboratory use, strict operating procedures should be followed according to specific experimental requirements, such as accurate weighing and careful preparation of solutions.<\/p>\n<h2 id=\"caseStudies\">Casos pr\u00e1cticos<\/h2>\n<p>Case 1: A pig farm in a rural area was facing a severe outbreak of respiratory tract infections. The pigs showed symptoms such as coughing, sneezing, and reduced appetite. The veterinarian recommended using sulfamethazine. After calculating the appropriate dosage according to the pigs' body weight, the drug was mixed into the feed. Within a week, the symptoms of most pigs were significantly alleviated. After two weeks of continuous use, the infection was basically under control, and the pigs' health and growth rate improved.<\/p>\n<p>Case 2: In a laboratory research project on antibacterial mechanisms, sulfamethazine was used as a reference standard. The researchers compared the antibacterial activity of sulfamethazine with a new synthetic antibacterial agent against a specific type of bacteria. By measuring the minimum inhibitory concentration (MIC) of the two substances, they found that although the new agent had a certain antibacterial effect, sulfamethazine still showed better performance in inhibiting the growth of the bacteria under the same experimental conditions.<\/p>\n<h2 id=\"contact\">Informaci\u00f3n de contacto<\/h2>\n<p>If you have any questions about this product, please feel free to contact us. Our email is info@vivalr.com, and our phone number is (86) 15866781826. We will provide you with professional technical support and detailed product information.<\/p>","protected":false},"excerpt":{"rendered":"<p>User Guide for High Quality sulfamethazine cas 57-68-1 With Best Price Basic Information and Parameters Uses of the Product How to Use the Product Usage Case Studies Contact Information Basic Information and Parameters Product Name: High Quality sulfamethazine cas 57-68-1 With Best Price. Sulfamethazine is an organic compound with the chemical formula C\u2081\u2082H\u2081\u2084N\u2084O\u2082S. It is [&hellip;]<\/p>","protected":false},"featured_media":26622,"comment_status":"closed","ping_status":"open","template":"","meta":[],"product_brand":[],"product_cat":[15],"product_tag":[],"class_list":{"0":"post-11159","1":"product","2":"type-product","3":"status-publish","4":"has-post-thumbnail","6":"product_cat-uncategorized","8":"first","9":"instock","10":"product-type-simple"},"yoast_head":"<!-- This site is optimized with the Yoast SEO Premium plugin v24.4 (Yoast SEO v25.0) - https:\/\/yoast.com\/wordpress\/plugins\/seo\/ -->\n<title>High Quality sulfamethazine cas 57-68-1 With Best Price - Welcome to VIVALR- Your Trusted Source for Chemical Raw Materials\uff01<\/title>\n<meta name=\"robots\" content=\"index, follow, max-snippet:-1, max-image-preview:large, max-video-preview:-1\" \/>\n<link rel=\"canonical\" href=\"https:\/\/vivalr.com\/es\/product\/11159.html\" \/>\n<meta property=\"og:locale\" content=\"es_MX\" \/>\n<meta property=\"og:type\" content=\"article\" \/>\n<meta property=\"og:title\" content=\"High Quality sulfamethazine cas 57-68-1 With Best Price\" \/>\n<meta property=\"og:description\" content=\"User Guide for High Quality sulfamethazine cas 57-68-1 With Best Price Basic Information and Parameters Uses of the Product How to Use the Product Usage Case Studies Contact Information Basic Information and Parameters Product Name: High Quality sulfamethazine cas 57-68-1 With Best Price. Sulfamethazine is an organic compound with the chemical formula C\u2081\u2082H\u2081\u2084N\u2084O\u2082S. It is [&hellip;]\" \/>\n<meta property=\"og:url\" content=\"https:\/\/vivalr.com\/es\/product\/11159.html\" \/>\n<meta property=\"og:site_name\" content=\"Welcome to VIVALR- Your Trusted Source for Chemical Raw Materials\uff01\" \/>\n<meta property=\"article:modified_time\" content=\"2025-03-07T12:42:37+00:00\" \/>\n<meta property=\"og:image\" content=\"https:\/\/vivalr.com\/wp-content\/uploads\/2025\/03\/sulfamethazine-cas-57-68-1.jpg\" \/>\n\t<meta property=\"og:image:width\" content=\"600\" \/>\n\t<meta property=\"og:image:height\" content=\"654\" \/>\n\t<meta property=\"og:image:type\" content=\"image\/jpeg\" \/>\n<meta name=\"twitter:card\" content=\"summary_large_image\" \/>\n<meta name=\"twitter:label1\" content=\"Tiempo de lectura\" \/>\n\t<meta name=\"twitter:data1\" content=\"3 minutos\" \/>\n<script type=\"application\/ld+json\" class=\"yoast-schema-graph\">{\"@context\":\"https:\/\/schema.org\",\"@graph\":[{\"@type\":\"WebPage\",\"@id\":\"https:\/\/vivalr.com\/product\/11159.html\",\"url\":\"https:\/\/vivalr.com\/product\/11159.html\",\"name\":\"High Quality sulfamethazine cas 57-68-1 With Best Price - Welcome to VIVALR- Your Trusted Source for Chemical Raw Materials\uff01\",\"isPartOf\":{\"@id\":\"https:\/\/vivalr.com\/#website\"},\"primaryImageOfPage\":{\"@id\":\"https:\/\/vivalr.com\/product\/11159.html#primaryimage\"},\"image\":{\"@id\":\"https:\/\/vivalr.com\/product\/11159.html#primaryimage\"},\"thumbnailUrl\":\"https:\/\/vivalr.com\/wp-content\/uploads\/2025\/03\/sulfamethazine-cas-57-68-1.jpg\",\"datePublished\":\"2025-03-07T12:17:34+00:00\",\"dateModified\":\"2025-03-07T12:42:37+00:00\",\"breadcrumb\":{\"@id\":\"https:\/\/vivalr.com\/product\/11159.html#breadcrumb\"},\"inLanguage\":\"es\",\"potentialAction\":[{\"@type\":\"ReadAction\",\"target\":[\"https:\/\/vivalr.com\/product\/11159.html\"]}]},{\"@type\":\"ImageObject\",\"inLanguage\":\"es\",\"@id\":\"https:\/\/vivalr.com\/product\/11159.html#primaryimage\",\"url\":\"https:\/\/vivalr.com\/wp-content\/uploads\/2025\/03\/sulfamethazine-cas-57-68-1.jpg\",\"contentUrl\":\"https:\/\/vivalr.com\/wp-content\/uploads\/2025\/03\/sulfamethazine-cas-57-68-1.jpg\",\"width\":600,\"height\":654},{\"@type\":\"BreadcrumbList\",\"@id\":\"https:\/\/vivalr.com\/product\/11159.html#breadcrumb\",\"itemListElement\":[{\"@type\":\"ListItem\",\"position\":1,\"name\":\"Home\",\"item\":\"https:\/\/vivalr.com\/\"},{\"@type\":\"ListItem\",\"position\":2,\"name\":\"Shop\",\"item\":\"https:\/\/vivalr.com\/shop\/\"},{\"@type\":\"ListItem\",\"position\":3,\"name\":\"High Quality sulfamethazine cas 57-68-1 With Best Price\"}]},{\"@type\":\"WebSite\",\"@id\":\"https:\/\/vivalr.com\/#website\",\"url\":\"https:\/\/vivalr.com\/\",\"name\":\"Welcome to VIVALR- Your Trusted Source for Chemical Raw Materials\uff01\",\"description\":\"Discover a wide range of high-quality chemical raw materials to meet your industrial needs. Our commitment to excellence ensures that you get the best products and services.\",\"potentialAction\":[{\"@type\":\"SearchAction\",\"target\":{\"@type\":\"EntryPoint\",\"urlTemplate\":\"https:\/\/vivalr.com\/?s={search_term_string}\"},\"query-input\":{\"@type\":\"PropertyValueSpecification\",\"valueRequired\":true,\"valueName\":\"search_term_string\"}}],\"inLanguage\":\"es\"}]}<\/script>\n<!-- \/ Yoast SEO Premium plugin. -->","yoast_head_json":{"title":"High Quality sulfamethazine cas 57-68-1 With Best Price - Welcome to VIVALR- Your Trusted Source for Chemical Raw Materials\uff01","robots":{"index":"index","follow":"follow","max-snippet":"max-snippet:-1","max-image-preview":"max-image-preview:large","max-video-preview":"max-video-preview:-1"},"canonical":"https:\/\/vivalr.com\/es\/product\/11159.html","og_locale":"es_MX","og_type":"article","og_title":"High Quality sulfamethazine cas 57-68-1 With Best Price","og_description":"User Guide for High Quality sulfamethazine cas 57-68-1 With Best Price Basic Information and Parameters Uses of the Product How to Use the Product Usage Case Studies Contact Information Basic Information and Parameters Product Name: High Quality sulfamethazine cas 57-68-1 With Best Price. Sulfamethazine is an organic compound with the chemical formula C\u2081\u2082H\u2081\u2084N\u2084O\u2082S. It is [&hellip;]","og_url":"https:\/\/vivalr.com\/es\/product\/11159.html","og_site_name":"Welcome to VIVALR- Your Trusted Source for Chemical Raw Materials\uff01","article_modified_time":"2025-03-07T12:42:37+00:00","og_image":[{"width":600,"height":654,"url":"https:\/\/vivalr.com\/wp-content\/uploads\/2025\/03\/sulfamethazine-cas-57-68-1.jpg","type":"image\/jpeg"}],"twitter_card":"summary_large_image","twitter_misc":{"Tiempo de lectura":"3 minutos"},"schema":{"@context":"https:\/\/schema.org","@graph":[{"@type":"WebPage","@id":"https:\/\/vivalr.com\/product\/11159.html","url":"https:\/\/vivalr.com\/product\/11159.html","name":"High Quality sulfamethazine cas 57-68-1 With Best Price - Welcome to VIVALR- Your Trusted Source for Chemical Raw Materials\uff01","isPartOf":{"@id":"https:\/\/vivalr.com\/#website"},"primaryImageOfPage":{"@id":"https:\/\/vivalr.com\/product\/11159.html#primaryimage"},"image":{"@id":"https:\/\/vivalr.com\/product\/11159.html#primaryimage"},"thumbnailUrl":"https:\/\/vivalr.com\/wp-content\/uploads\/2025\/03\/sulfamethazine-cas-57-68-1.jpg","datePublished":"2025-03-07T12:17:34+00:00","dateModified":"2025-03-07T12:42:37+00:00","breadcrumb":{"@id":"https:\/\/vivalr.com\/product\/11159.html#breadcrumb"},"inLanguage":"es","potentialAction":[{"@type":"ReadAction","target":["https:\/\/vivalr.com\/product\/11159.html"]}]},{"@type":"ImageObject","inLanguage":"es","@id":"https:\/\/vivalr.com\/product\/11159.html#primaryimage","url":"https:\/\/vivalr.com\/wp-content\/uploads\/2025\/03\/sulfamethazine-cas-57-68-1.jpg","contentUrl":"https:\/\/vivalr.com\/wp-content\/uploads\/2025\/03\/sulfamethazine-cas-57-68-1.jpg","width":600,"height":654},{"@type":"BreadcrumbList","@id":"https:\/\/vivalr.com\/product\/11159.html#breadcrumb","itemListElement":[{"@type":"ListItem","position":1,"name":"Home","item":"https:\/\/vivalr.com\/"},{"@type":"ListItem","position":2,"name":"Shop","item":"https:\/\/vivalr.com\/shop\/"},{"@type":"ListItem","position":3,"name":"High Quality sulfamethazine cas 57-68-1 With Best Price"}]},{"@type":"WebSite","@id":"https:\/\/vivalr.com\/#website","url":"https:\/\/vivalr.com\/","name":"Bienvenido a VIVALR- Su fuente de confianza para materias primas qu\u00edmicas\uff01","description":"Descubra una amplia gama de materias primas qu\u00edmicas de alta calidad para satisfacer sus necesidades industriales. Nuestro compromiso con la excelencia le garantiza los mejores productos y servicios.","potentialAction":[{"@type":"SearchAction","target":{"@type":"EntryPoint","urlTemplate":"https:\/\/vivalr.com\/?s={search_term_string}"},"query-input":{"@type":"PropertyValueSpecification","valueRequired":true,"valueName":"search_term_string"}}],"inLanguage":"es"}]}},"_links":{"self":[{"href":"https:\/\/vivalr.com\/es\/wp-json\/wp\/v2\/product\/11159","targetHints":{"allow":["GET"]}}],"collection":[{"href":"https:\/\/vivalr.com\/es\/wp-json\/wp\/v2\/product"}],"about":[{"href":"https:\/\/vivalr.com\/es\/wp-json\/wp\/v2\/types\/product"}],"replies":[{"embeddable":true,"href":"https:\/\/vivalr.com\/es\/wp-json\/wp\/v2\/comments?post=11159"}],"wp:featuredmedia":[{"embeddable":true,"href":"https:\/\/vivalr.com\/es\/wp-json\/wp\/v2\/media\/26622"}],"wp:attachment":[{"href":"https:\/\/vivalr.com\/es\/wp-json\/wp\/v2\/media?parent=11159"}],"wp:term":[{"taxonomy":"product_brand","embeddable":true,"href":"https:\/\/vivalr.com\/es\/wp-json\/wp\/v2\/product_brand?post=11159"},{"taxonomy":"product_cat","embeddable":true,"href":"https:\/\/vivalr.com\/es\/wp-json\/wp\/v2\/product_cat?post=11159"},{"taxonomy":"product_tag","embeddable":true,"href":"https:\/\/vivalr.com\/es\/wp-json\/wp\/v2\/product_tag?post=11159"}],"curies":[{"name":"wp","href":"https:\/\/api.w.org\/{rel}","templated":true}]}}