{"id":11687,"date":"2025-03-07T12:18:08","date_gmt":"2025-03-07T12:18:08","guid":{"rendered":"https:\/\/vivalr.com\/product\/11687.html"},"modified":"2025-03-07T12:43:38","modified_gmt":"2025-03-07T12:43:38","slug":"factory-supply-tea-tree-oil-cas-68647-73-4-with-best-price","status":"publish","type":"product","link":"https:\/\/vivalr.com\/es\/product\/11687.html","title":{"rendered":"F\u00e1brica de suministro de aceite de \u00e1rbol de t\u00e9 CAS 68647-73-4 con el mejor precio"},"content":{"rendered":"<h1>Factory Supply Tea Tree oil CAS 68647 - 73 - 4 With Best Price User Guide<\/h1>\n<ol>\n<li><a href=\"#basic_info\">Informaci\u00f3n b\u00e1sica y par\u00e1metros<\/a><\/li>\n<li><a href=\"#usage\">Usos del producto<\/a><\/li>\n<li><a href=\"#application\">C\u00f3mo utilizar el producto<\/a><\/li>\n<li><a href=\"#case_study\">Casos pr\u00e1cticos<\/a><\/li>\n<li><a href=\"#contact\">Informaci\u00f3n de contacto<\/a><\/li>\n<\/ol>\n<h2 id=\"basic_info\">Informaci\u00f3n b\u00e1sica y par\u00e1metros<\/h2>\n<p>Our Factory Supply Tea Tree oil with CAS number 68647 - 73 - 4 is a high - quality essential oil sourced from trusted suppliers. Tea tree oil, also known as melaleuca oil, is derived from the leaves of the Melaleuca alternifolia tree, native to Australia.<\/p>\n<p><strong>Apariencia<\/strong>: It is a pale yellow to nearly colorless liquid with a characteristic fresh, camphoraceous odor.<\/p>\n<p><strong>Composici\u00f3n qu\u00edmica<\/strong>: The main components of tea tree oil include terpinen - 4 - ol, \u03b3 - terpinene, and \u03b1 - terpinene. Terpinen - 4 - ol is considered one of the most important active components, contributing to its antimicrobial and anti - inflammatory properties.<\/p>\n<p><strong>Especificaciones<\/strong>: Our tea tree oil meets strict quality standards. It has a specific gravity ranging from 0.885 - 0.906 at 20\u00b0C and a refractive index of 1.470 - 1.476 at 20\u00b0C.<\/p>\n<h2 id=\"usage\">Usos del producto<\/h2>\n<p><strong>Cuidado de la piel<\/strong>: Tea tree oil is well - known for its antibacterial and antifungal properties, making it an excellent ingredient for treating acne, fungal infections such as athlete's foot and ringworm. It can also soothe skin irritations, reduce redness and swelling, and promote the healing of minor cuts and burns.<\/p>\n<p><strong>Cuidado del cabello<\/strong>: It can be used to combat dandruff, improve scalp health, and stimulate hair growth. The antiseptic properties help to keep the scalp clean and free from bacteria and fungi that may cause scalp problems.<\/p>\n<p><strong>Household Cleaning<\/strong>: Due to its antimicrobial nature, tea tree oil can be added to cleaning solutions for disinfecting surfaces in the kitchen and bathroom. It can also be used to freshen up the air and get rid of unpleasant odors.<\/p>\n<p><strong>Oral Hygiene<\/strong>: Some toothpaste and mouthwash products contain tea tree oil for its antibacterial effect, which helps to fight against bad breath, cavities, and gum diseases.<\/p>\n<h2 id=\"application\">C\u00f3mo utilizar el producto<\/h2>\n<p><strong>Aplicaci\u00f3n t\u00f3pica<\/strong>: Always dilute tea tree oil with a carrier oil such as coconut oil, almond oil, or jojoba oil before applying it to the skin. A general rule of thumb is to use a 1 - 5% dilution ratio (1 - 5 drops of tea tree oil per teaspoon of carrier oil). Gently apply the diluted oil to the affected area using a cotton ball or clean fingertips.<\/p>\n<p><strong>Aromaterapia<\/strong>: Add a few drops of tea tree oil to a diffuser to disperse the refreshing scent throughout the room. This can help to purify the air and create a relaxing environment.<\/p>\n<p><strong>Household Cleaning<\/strong>: Mix 10 - 15 drops of tea tree oil with a cup of water and a tablespoon of vinegar or dish soap. Use this solution to clean countertops, floors, and other surfaces.<\/p>\n<p><strong>Oral Use<\/strong>: If using tea tree oil for oral hygiene, make sure to use a product specifically formulated for oral use. Do not swallow tea tree oil directly, as it can be toxic in large amounts.<\/p>\n<h2 id=\"case_study\">Casos pr\u00e1cticos<\/h2>\n<p><strong>Acne Treatment<\/strong>: Sarah, a 23 - year - old woman with mild acne, started using a 2% diluted tea tree oil solution on her face twice a day. After two weeks, she noticed a significant reduction in the number of pimples and the redness on her skin also decreased. After a month of consistent use, her skin became clearer and smoother.<\/p>\n<p><strong>Athlete's Foot<\/strong>: John, an active athlete, suffered from athlete's foot. He soaked his feet in a solution of warm water with 10 drops of tea tree oil for 15 minutes every night. Within a week, the itching and burning sensation reduced significantly. After two weeks, the fungal infection was almost completely cured.<\/p>\n<p><strong>Household Disinfection<\/strong>: The Smith family added tea tree oil to their regular cleaning solutions. They noticed that their kitchen and bathroom smelled fresher, and there were fewer signs of mold and mildew growth. The natural antibacterial properties of tea tree oil helped to keep their home clean and healthy.<\/p>\n<h2 id=\"contact\">Informaci\u00f3n de contacto<\/h2>\n<p>If you have any questions or need further assistance regarding our Factory Supply Tea Tree oil, please feel free to contact us:<\/p>\n<p>Correo electr\u00f3nico: info@vivalr.com<\/p>","protected":false},"excerpt":{"rendered":"<p>Factory Supply Tea Tree oil CAS 68647 - 73 - 4 With Best Price User Guide Basic Information and Parameters Uses of the Product How to Use the Product Usage Case Studies Contact Information Basic Information and Parameters Our Factory Supply Tea Tree oil with CAS number 68647 - 73 - 4 is a high [&hellip;]<\/p>","protected":false},"featured_media":26885,"comment_status":"closed","ping_status":"open","template":"","meta":[],"product_brand":[],"product_cat":[15],"product_tag":[],"class_list":{"0":"post-11687","1":"product","2":"type-product","3":"status-publish","4":"has-post-thumbnail","6":"product_cat-uncategorized","8":"first","9":"instock","10":"product-type-simple"},"yoast_head":"<!-- This site is optimized with the Yoast SEO Premium plugin v24.4 (Yoast SEO v25.0) - https:\/\/yoast.com\/wordpress\/plugins\/seo\/ -->\n<title>Factory Supply Tea Tree oil CAS 68647-73-4 With Best Price - Welcome to VIVALR- Your Trusted Source for Chemical Raw Materials\uff01<\/title>\n<meta name=\"robots\" content=\"index, follow, max-snippet:-1, max-image-preview:large, max-video-preview:-1\" \/>\n<link rel=\"canonical\" href=\"https:\/\/vivalr.com\/es\/product\/11687.html\" \/>\n<meta property=\"og:locale\" content=\"es_MX\" \/>\n<meta property=\"og:type\" content=\"article\" \/>\n<meta property=\"og:title\" content=\"Factory Supply Tea Tree oil CAS 68647-73-4 With Best Price\" \/>\n<meta property=\"og:description\" content=\"Factory Supply Tea Tree oil CAS 68647 - 73 - 4 With Best Price User Guide Basic Information and Parameters Uses of the Product How to Use the Product Usage Case Studies Contact Information Basic Information and Parameters Our Factory Supply Tea Tree oil with CAS number 68647 - 73 - 4 is a high [&hellip;]\" \/>\n<meta property=\"og:url\" content=\"https:\/\/vivalr.com\/es\/product\/11687.html\" \/>\n<meta property=\"og:site_name\" content=\"Welcome to VIVALR- Your Trusted Source for Chemical Raw Materials\uff01\" \/>\n<meta property=\"article:modified_time\" content=\"2025-03-07T12:43:38+00:00\" \/>\n<meta property=\"og:image\" content=\"https:\/\/vivalr.com\/wp-content\/uploads\/2025\/03\/tea-tree-oil-cas-68647-73-4.jpg\" \/>\n\t<meta property=\"og:image:width\" content=\"600\" \/>\n\t<meta property=\"og:image:height\" content=\"654\" \/>\n\t<meta property=\"og:image:type\" content=\"image\/jpeg\" \/>\n<meta name=\"twitter:card\" content=\"summary_large_image\" \/>\n<meta name=\"twitter:label1\" content=\"Tiempo de lectura\" \/>\n\t<meta name=\"twitter:data1\" content=\"3 minutos\" \/>\n<script type=\"application\/ld+json\" class=\"yoast-schema-graph\">{\"@context\":\"https:\/\/schema.org\",\"@graph\":[{\"@type\":\"WebPage\",\"@id\":\"https:\/\/vivalr.com\/product\/11687.html\",\"url\":\"https:\/\/vivalr.com\/product\/11687.html\",\"name\":\"Factory Supply Tea Tree oil CAS 68647-73-4 With Best Price - Welcome to VIVALR- Your Trusted Source for Chemical Raw Materials\uff01\",\"isPartOf\":{\"@id\":\"https:\/\/vivalr.com\/#website\"},\"primaryImageOfPage\":{\"@id\":\"https:\/\/vivalr.com\/product\/11687.html#primaryimage\"},\"image\":{\"@id\":\"https:\/\/vivalr.com\/product\/11687.html#primaryimage\"},\"thumbnailUrl\":\"https:\/\/vivalr.com\/wp-content\/uploads\/2025\/03\/tea-tree-oil-cas-68647-73-4.jpg\",\"datePublished\":\"2025-03-07T12:18:08+00:00\",\"dateModified\":\"2025-03-07T12:43:38+00:00\",\"breadcrumb\":{\"@id\":\"https:\/\/vivalr.com\/product\/11687.html#breadcrumb\"},\"inLanguage\":\"es\",\"potentialAction\":[{\"@type\":\"ReadAction\",\"target\":[\"https:\/\/vivalr.com\/product\/11687.html\"]}]},{\"@type\":\"ImageObject\",\"inLanguage\":\"es\",\"@id\":\"https:\/\/vivalr.com\/product\/11687.html#primaryimage\",\"url\":\"https:\/\/vivalr.com\/wp-content\/uploads\/2025\/03\/tea-tree-oil-cas-68647-73-4.jpg\",\"contentUrl\":\"https:\/\/vivalr.com\/wp-content\/uploads\/2025\/03\/tea-tree-oil-cas-68647-73-4.jpg\",\"width\":600,\"height\":654},{\"@type\":\"BreadcrumbList\",\"@id\":\"https:\/\/vivalr.com\/product\/11687.html#breadcrumb\",\"itemListElement\":[{\"@type\":\"ListItem\",\"position\":1,\"name\":\"Home\",\"item\":\"https:\/\/vivalr.com\/\"},{\"@type\":\"ListItem\",\"position\":2,\"name\":\"Shop\",\"item\":\"https:\/\/vivalr.com\/shop\/\"},{\"@type\":\"ListItem\",\"position\":3,\"name\":\"Factory Supply Tea Tree oil CAS 68647-73-4 With Best Price\"}]},{\"@type\":\"WebSite\",\"@id\":\"https:\/\/vivalr.com\/#website\",\"url\":\"https:\/\/vivalr.com\/\",\"name\":\"Welcome to VIVALR- Your Trusted Source for Chemical Raw Materials\uff01\",\"description\":\"Discover a wide range of high-quality chemical raw materials to meet your industrial needs. Our commitment to excellence ensures that you get the best products and services.\",\"potentialAction\":[{\"@type\":\"SearchAction\",\"target\":{\"@type\":\"EntryPoint\",\"urlTemplate\":\"https:\/\/vivalr.com\/?s={search_term_string}\"},\"query-input\":{\"@type\":\"PropertyValueSpecification\",\"valueRequired\":true,\"valueName\":\"search_term_string\"}}],\"inLanguage\":\"es\"}]}<\/script>\n<!-- \/ Yoast SEO Premium plugin. -->","yoast_head_json":{"title":"Factory Supply Tea Tree oil CAS 68647-73-4 With Best Price - Welcome to VIVALR- Your Trusted Source for Chemical Raw Materials\uff01","robots":{"index":"index","follow":"follow","max-snippet":"max-snippet:-1","max-image-preview":"max-image-preview:large","max-video-preview":"max-video-preview:-1"},"canonical":"https:\/\/vivalr.com\/es\/product\/11687.html","og_locale":"es_MX","og_type":"article","og_title":"Factory Supply Tea Tree oil CAS 68647-73-4 With Best Price","og_description":"Factory Supply Tea Tree oil CAS 68647 - 73 - 4 With Best Price User Guide Basic Information and Parameters Uses of the Product How to Use the Product Usage Case Studies Contact Information Basic Information and Parameters Our Factory Supply Tea Tree oil with CAS number 68647 - 73 - 4 is a high [&hellip;]","og_url":"https:\/\/vivalr.com\/es\/product\/11687.html","og_site_name":"Welcome to VIVALR- Your Trusted Source for Chemical Raw Materials\uff01","article_modified_time":"2025-03-07T12:43:38+00:00","og_image":[{"width":600,"height":654,"url":"https:\/\/vivalr.com\/wp-content\/uploads\/2025\/03\/tea-tree-oil-cas-68647-73-4.jpg","type":"image\/jpeg"}],"twitter_card":"summary_large_image","twitter_misc":{"Tiempo de lectura":"3 minutos"},"schema":{"@context":"https:\/\/schema.org","@graph":[{"@type":"WebPage","@id":"https:\/\/vivalr.com\/product\/11687.html","url":"https:\/\/vivalr.com\/product\/11687.html","name":"Factory Supply Tea Tree oil CAS 68647-73-4 With Best Price - Welcome to VIVALR- Your Trusted Source for Chemical Raw Materials\uff01","isPartOf":{"@id":"https:\/\/vivalr.com\/#website"},"primaryImageOfPage":{"@id":"https:\/\/vivalr.com\/product\/11687.html#primaryimage"},"image":{"@id":"https:\/\/vivalr.com\/product\/11687.html#primaryimage"},"thumbnailUrl":"https:\/\/vivalr.com\/wp-content\/uploads\/2025\/03\/tea-tree-oil-cas-68647-73-4.jpg","datePublished":"2025-03-07T12:18:08+00:00","dateModified":"2025-03-07T12:43:38+00:00","breadcrumb":{"@id":"https:\/\/vivalr.com\/product\/11687.html#breadcrumb"},"inLanguage":"es","potentialAction":[{"@type":"ReadAction","target":["https:\/\/vivalr.com\/product\/11687.html"]}]},{"@type":"ImageObject","inLanguage":"es","@id":"https:\/\/vivalr.com\/product\/11687.html#primaryimage","url":"https:\/\/vivalr.com\/wp-content\/uploads\/2025\/03\/tea-tree-oil-cas-68647-73-4.jpg","contentUrl":"https:\/\/vivalr.com\/wp-content\/uploads\/2025\/03\/tea-tree-oil-cas-68647-73-4.jpg","width":600,"height":654},{"@type":"BreadcrumbList","@id":"https:\/\/vivalr.com\/product\/11687.html#breadcrumb","itemListElement":[{"@type":"ListItem","position":1,"name":"Home","item":"https:\/\/vivalr.com\/"},{"@type":"ListItem","position":2,"name":"Shop","item":"https:\/\/vivalr.com\/shop\/"},{"@type":"ListItem","position":3,"name":"Factory Supply Tea Tree oil CAS 68647-73-4 With Best Price"}]},{"@type":"WebSite","@id":"https:\/\/vivalr.com\/#website","url":"https:\/\/vivalr.com\/","name":"Bienvenido a VIVALR- Su fuente de confianza para materias primas qu\u00edmicas\uff01","description":"Descubra una amplia gama de materias primas qu\u00edmicas de alta calidad para satisfacer sus necesidades industriales. Nuestro compromiso con la excelencia le garantiza los mejores productos y servicios.","potentialAction":[{"@type":"SearchAction","target":{"@type":"EntryPoint","urlTemplate":"https:\/\/vivalr.com\/?s={search_term_string}"},"query-input":{"@type":"PropertyValueSpecification","valueRequired":true,"valueName":"search_term_string"}}],"inLanguage":"es"}]}},"_links":{"self":[{"href":"https:\/\/vivalr.com\/es\/wp-json\/wp\/v2\/product\/11687","targetHints":{"allow":["GET"]}}],"collection":[{"href":"https:\/\/vivalr.com\/es\/wp-json\/wp\/v2\/product"}],"about":[{"href":"https:\/\/vivalr.com\/es\/wp-json\/wp\/v2\/types\/product"}],"replies":[{"embeddable":true,"href":"https:\/\/vivalr.com\/es\/wp-json\/wp\/v2\/comments?post=11687"}],"wp:featuredmedia":[{"embeddable":true,"href":"https:\/\/vivalr.com\/es\/wp-json\/wp\/v2\/media\/26885"}],"wp:attachment":[{"href":"https:\/\/vivalr.com\/es\/wp-json\/wp\/v2\/media?parent=11687"}],"wp:term":[{"taxonomy":"product_brand","embeddable":true,"href":"https:\/\/vivalr.com\/es\/wp-json\/wp\/v2\/product_brand?post=11687"},{"taxonomy":"product_cat","embeddable":true,"href":"https:\/\/vivalr.com\/es\/wp-json\/wp\/v2\/product_cat?post=11687"},{"taxonomy":"product_tag","embeddable":true,"href":"https:\/\/vivalr.com\/es\/wp-json\/wp\/v2\/product_tag?post=11687"}],"curies":[{"name":"wp","href":"https:\/\/api.w.org\/{rel}","templated":true}]}}