{"id":11940,"date":"2025-03-07T12:18:26","date_gmt":"2025-03-07T12:18:26","guid":{"rendered":"https:\/\/vivalr.com\/product\/11940.html"},"modified":"2025-03-07T12:44:10","modified_gmt":"2025-03-07T12:44:10","slug":"factory-supply-sulbactam-cas-68373-14-8-with-best-price","status":"publish","type":"product","link":"https:\/\/vivalr.com\/es\/product\/11940.html","title":{"rendered":"Suministro de f\u00e1brica sulbactam cas 68373-14-8 con el mejor precio"},"content":{"rendered":"<p><main><\/p>\n<h1>Suministro de f\u00e1brica Sulbactam (CAS 68373 - 14 - 8) con el mejor precio: Gu\u00eda del Usuario<\/h1>\n<h2>\u00cdndice<\/h2>\n<ul>\n<li><a href=\"#basic-info\">Informaci\u00f3n b\u00e1sica y par\u00e1metros<\/a><\/li>\n<li><a href=\"#uses\">Usos de Sulbactam<\/a><\/li>\n<li><a href=\"#usage\">C\u00f3mo utilizar Sulbactam<\/a><\/li>\n<li><a href=\"#case-studies\">Casos pr\u00e1cticos<\/a><\/li>\n<li><a href=\"#contact\">Informaci\u00f3n de contacto<\/a><\/li>\n<\/ul>\n<h2 id=\"basic-info\">Informaci\u00f3n b\u00e1sica y par\u00e1metros<\/h2>\n<p>El sulbactam, identificado con el n\u00famero CAS 68373 - 14 - 8, es un inhibidor de la beta-lactamasa. Qu\u00edmicamente, es una sulfona de \u00e1cido penicil\u00e1nico. La f\u00f3rmula molecular del sulbactam es C\u2088H\u2081\u2081NO\u2085S, y tiene un peso molecular de aproximadamente 233,24 g\/mol. <\/p>\n<p>El sulbactam suele presentarse en forma de polvo cristalino entre blanco y blanquecino. Es poco soluble en agua y soluble en disolventes org\u00e1nicos como el metanol y el etanol. La estabilidad del sulbactam se ve afectada por factores como la temperatura, la luz y la humedad. Debe almacenarse en un lugar fresco y seco, protegido de la luz. <\/p>\n<h2 id=\"uses\">Usos de Sulbactam<\/h2>\n<p>El uso principal del sulbactam es en combinaci\u00f3n con antibi\u00f3ticos beta-lact\u00e1micos. Muchas bacterias producen betalactamasas, enzimas que pueden inactivar los antibi\u00f3ticos betalact\u00e1micos como las penicilinas y las cefalosporinas. El sulbactam inhibe estas betalactamasas, restaurando as\u00ed la actividad antibacteriana de los antibi\u00f3ticos betalact\u00e1micos administrados conjuntamente. <\/p>\n<p>Se utiliza habitualmente en el tratamiento de diversas infecciones bacterianas, como infecciones del tracto respiratorio, infecciones del tracto urinario, infecciones de la piel y tejidos blandos e infecciones intraabdominales. Por ejemplo, en casos de neumon\u00eda causada por bacterias productoras de betalactamasas, la combinaci\u00f3n de sulbactam con ampicilina puede combatir eficazmente la infecci\u00f3n. <\/p>\n<h2 id=\"usage\">C\u00f3mo utilizar Sulbactam<\/h2>\n<p>El sulbactam suele administrarse en combinaci\u00f3n con un antibi\u00f3tico betalact\u00e1mico, generalmente por v\u00eda intravenosa o intramuscular. La dosis y la frecuencia de administraci\u00f3n dependen de varios factores, como el tipo y la gravedad de la infecci\u00f3n, la edad, el peso y la funci\u00f3n renal del paciente. <\/p>\n<p>Para adultos, en el tratamiento de infecciones moderadas a graves, la dosis habitual de sulbactam en combinaci\u00f3n con ampicilina es de 1,5 - 3 g de ampicilina\/sulbactam cada 6 horas. Antes de la administraci\u00f3n, el polvo debe reconstituirse de acuerdo con las instrucciones proporcionadas. Es importante garantizar una t\u00e9cnica as\u00e9ptica adecuada durante la reconstituci\u00f3n y la administraci\u00f3n para evitar la contaminaci\u00f3n. <\/p>\n<p>Los pacientes con deterioro de la funci\u00f3n renal pueden requerir un ajuste de la dosis. Se recomienda una estrecha vigilancia de la funci\u00f3n renal durante el tratamiento para garantizar la seguridad y eficacia del medicamento. <\/p>\n<h2 id=\"case-studies\">Casos pr\u00e1cticos<\/h2>\n<p>Caso 1: Un var\u00f3n de 45 a\u00f1os ingres\u00f3 en el hospital con una infecci\u00f3n urinaria grave. Los cultivos iniciales mostraron la presencia de una cepa de Escherichia coli productora de betalactamasa. Se empez\u00f3 a administrar al paciente una combinaci\u00f3n de ampicilina y sulbactam a una dosis de 3 g cada 6 horas. Tras 3 d\u00edas de tratamiento, los s\u00edntomas de la paciente, como la disuria y la polaquiuria, mejoraron significativamente. Los urocultivos repetidos tras 7 d\u00edas de tratamiento fueron negativos, lo que indica una erradicaci\u00f3n satisfactoria de la bacteria. <\/p>\n<p>Caso 2: Una mujer de 60 a\u00f1os con una infecci\u00f3n de piel y tejidos blandos debida a Staphylococcus aureus fue tratada con sulbactam en combinaci\u00f3n con piperacilina. La infecci\u00f3n se complic\u00f3 por la presencia de cepas productoras de betalactamasas. La paciente recibi\u00f3 4,5 g de piperacilina\/sulbactam cada 8 horas. En el transcurso de 10 d\u00edas de tratamiento, la inflamaci\u00f3n y el enrojecimiento en el lugar de la infecci\u00f3n remitieron gradualmente, y el paciente se recuper\u00f3 por completo. <\/p>\n<h2 id=\"contact\">Informaci\u00f3n de contacto<\/h2>\n<p>Si tiene alguna pregunta o necesita m\u00e1s informaci\u00f3n sobre nuestro sulbactam suministrado de f\u00e1brica, no dude en ponerse en contacto con nosotros. Nuestra direcci\u00f3n de correo electr\u00f3nico es info@vivalr.com, y nuestro n\u00famero de tel\u00e9fono es (86) 15866781826. Nos comprometemos a ofrecerle productos de alta calidad y servicios profesionales. <\/p>\n<p><\/main><\/p>","protected":false},"excerpt":{"rendered":"<p>Factory Supply Sulbactam (CAS 68373 - 14 - 8) with Best Price: User Guide Table of Contents Basic Information and Parameters Uses of Sulbactam How to Use Sulbactam Usage Case Studies Contact Information Basic Information and Parameters Sulbactam, identified by the CAS number 68373 - 14 - 8, is a beta - lactamase inhibitor. Chemically, [&hellip;]<\/p>","protected":false},"featured_media":27010,"comment_status":"closed","ping_status":"open","template":"","meta":[],"product_brand":[],"product_cat":[15],"product_tag":[],"class_list":{"0":"post-11940","1":"product","2":"type-product","3":"status-publish","4":"has-post-thumbnail","6":"product_cat-uncategorized","8":"first","9":"instock","10":"product-type-simple"},"yoast_head":"<!-- This site is optimized with the Yoast SEO Premium plugin v24.4 (Yoast SEO v25.0) - https:\/\/yoast.com\/wordpress\/plugins\/seo\/ -->\n<title>Factory Supply sulbactam cas 68373-14-8 With Best Price - Welcome to VIVALR- Your Trusted Source for Chemical Raw Materials\uff01<\/title>\n<meta name=\"robots\" content=\"index, follow, max-snippet:-1, max-image-preview:large, max-video-preview:-1\" \/>\n<link rel=\"canonical\" href=\"https:\/\/vivalr.com\/es\/product\/11940.html\" \/>\n<meta property=\"og:locale\" content=\"es_MX\" \/>\n<meta property=\"og:type\" content=\"article\" \/>\n<meta property=\"og:title\" content=\"Factory Supply sulbactam cas 68373-14-8 With Best Price\" \/>\n<meta property=\"og:description\" content=\"Factory Supply Sulbactam (CAS 68373 - 14 - 8) with Best Price: User Guide Table of Contents Basic Information and Parameters Uses of Sulbactam How to Use Sulbactam Usage Case Studies Contact Information Basic Information and Parameters Sulbactam, identified by the CAS number 68373 - 14 - 8, is a beta - lactamase inhibitor. Chemically, [&hellip;]\" \/>\n<meta property=\"og:url\" content=\"https:\/\/vivalr.com\/es\/product\/11940.html\" \/>\n<meta property=\"og:site_name\" content=\"Welcome to VIVALR- Your Trusted Source for Chemical Raw Materials\uff01\" \/>\n<meta property=\"article:modified_time\" content=\"2025-03-07T12:44:10+00:00\" \/>\n<meta property=\"og:image\" content=\"https:\/\/vivalr.com\/wp-content\/uploads\/2025\/03\/sulbactam-cas-68373-14-8.jpg\" \/>\n\t<meta property=\"og:image:width\" content=\"600\" \/>\n\t<meta property=\"og:image:height\" content=\"654\" \/>\n\t<meta property=\"og:image:type\" content=\"image\/jpeg\" \/>\n<meta name=\"twitter:card\" content=\"summary_large_image\" \/>\n<meta name=\"twitter:label1\" content=\"Tiempo de lectura\" \/>\n\t<meta name=\"twitter:data1\" content=\"3 minutos\" \/>\n<script type=\"application\/ld+json\" class=\"yoast-schema-graph\">{\"@context\":\"https:\/\/schema.org\",\"@graph\":[{\"@type\":\"WebPage\",\"@id\":\"https:\/\/vivalr.com\/product\/11940.html\",\"url\":\"https:\/\/vivalr.com\/product\/11940.html\",\"name\":\"Factory Supply sulbactam cas 68373-14-8 With Best Price - Welcome to VIVALR- Your Trusted Source for Chemical Raw Materials\uff01\",\"isPartOf\":{\"@id\":\"https:\/\/vivalr.com\/#website\"},\"primaryImageOfPage\":{\"@id\":\"https:\/\/vivalr.com\/product\/11940.html#primaryimage\"},\"image\":{\"@id\":\"https:\/\/vivalr.com\/product\/11940.html#primaryimage\"},\"thumbnailUrl\":\"https:\/\/vivalr.com\/wp-content\/uploads\/2025\/03\/sulbactam-cas-68373-14-8.jpg\",\"datePublished\":\"2025-03-07T12:18:26+00:00\",\"dateModified\":\"2025-03-07T12:44:10+00:00\",\"breadcrumb\":{\"@id\":\"https:\/\/vivalr.com\/product\/11940.html#breadcrumb\"},\"inLanguage\":\"es\",\"potentialAction\":[{\"@type\":\"ReadAction\",\"target\":[\"https:\/\/vivalr.com\/product\/11940.html\"]}]},{\"@type\":\"ImageObject\",\"inLanguage\":\"es\",\"@id\":\"https:\/\/vivalr.com\/product\/11940.html#primaryimage\",\"url\":\"https:\/\/vivalr.com\/wp-content\/uploads\/2025\/03\/sulbactam-cas-68373-14-8.jpg\",\"contentUrl\":\"https:\/\/vivalr.com\/wp-content\/uploads\/2025\/03\/sulbactam-cas-68373-14-8.jpg\",\"width\":600,\"height\":654},{\"@type\":\"BreadcrumbList\",\"@id\":\"https:\/\/vivalr.com\/product\/11940.html#breadcrumb\",\"itemListElement\":[{\"@type\":\"ListItem\",\"position\":1,\"name\":\"Home\",\"item\":\"https:\/\/vivalr.com\/\"},{\"@type\":\"ListItem\",\"position\":2,\"name\":\"Shop\",\"item\":\"https:\/\/vivalr.com\/shop\/\"},{\"@type\":\"ListItem\",\"position\":3,\"name\":\"Factory Supply sulbactam cas 68373-14-8 With Best Price\"}]},{\"@type\":\"WebSite\",\"@id\":\"https:\/\/vivalr.com\/#website\",\"url\":\"https:\/\/vivalr.com\/\",\"name\":\"Welcome to VIVALR- Your Trusted Source for Chemical Raw Materials\uff01\",\"description\":\"Discover a wide range of high-quality chemical raw materials to meet your industrial needs. Our commitment to excellence ensures that you get the best products and services.\",\"potentialAction\":[{\"@type\":\"SearchAction\",\"target\":{\"@type\":\"EntryPoint\",\"urlTemplate\":\"https:\/\/vivalr.com\/?s={search_term_string}\"},\"query-input\":{\"@type\":\"PropertyValueSpecification\",\"valueRequired\":true,\"valueName\":\"search_term_string\"}}],\"inLanguage\":\"es\"}]}<\/script>\n<!-- \/ Yoast SEO Premium plugin. -->","yoast_head_json":{"title":"Suministro de f\u00e1brica sulbactam cas 68373-14-8 Con el mejor precio - Bienvenido a VIVALR- Su fuente de confianza para las materias primas qu\u00edmicas\uff01","robots":{"index":"index","follow":"follow","max-snippet":"max-snippet:-1","max-image-preview":"max-image-preview:large","max-video-preview":"max-video-preview:-1"},"canonical":"https:\/\/vivalr.com\/es\/product\/11940.html","og_locale":"es_MX","og_type":"article","og_title":"Factory Supply sulbactam cas 68373-14-8 With Best Price","og_description":"Factory Supply Sulbactam (CAS 68373 - 14 - 8) with Best Price: User Guide Table of Contents Basic Information and Parameters Uses of Sulbactam How to Use Sulbactam Usage Case Studies Contact Information Basic Information and Parameters Sulbactam, identified by the CAS number 68373 - 14 - 8, is a beta - lactamase inhibitor. Chemically, [&hellip;]","og_url":"https:\/\/vivalr.com\/es\/product\/11940.html","og_site_name":"Welcome to VIVALR- Your Trusted Source for Chemical Raw Materials\uff01","article_modified_time":"2025-03-07T12:44:10+00:00","og_image":[{"width":600,"height":654,"url":"https:\/\/vivalr.com\/wp-content\/uploads\/2025\/03\/sulbactam-cas-68373-14-8.jpg","type":"image\/jpeg"}],"twitter_card":"summary_large_image","twitter_misc":{"Tiempo de lectura":"3 minutos"},"schema":{"@context":"https:\/\/schema.org","@graph":[{"@type":"WebPage","@id":"https:\/\/vivalr.com\/product\/11940.html","url":"https:\/\/vivalr.com\/product\/11940.html","name":"Suministro de f\u00e1brica sulbactam cas 68373-14-8 Con el mejor precio - Bienvenido a VIVALR- Su fuente de confianza para las materias primas qu\u00edmicas\uff01","isPartOf":{"@id":"https:\/\/vivalr.com\/#website"},"primaryImageOfPage":{"@id":"https:\/\/vivalr.com\/product\/11940.html#primaryimage"},"image":{"@id":"https:\/\/vivalr.com\/product\/11940.html#primaryimage"},"thumbnailUrl":"https:\/\/vivalr.com\/wp-content\/uploads\/2025\/03\/sulbactam-cas-68373-14-8.jpg","datePublished":"2025-03-07T12:18:26+00:00","dateModified":"2025-03-07T12:44:10+00:00","breadcrumb":{"@id":"https:\/\/vivalr.com\/product\/11940.html#breadcrumb"},"inLanguage":"es","potentialAction":[{"@type":"ReadAction","target":["https:\/\/vivalr.com\/product\/11940.html"]}]},{"@type":"ImageObject","inLanguage":"es","@id":"https:\/\/vivalr.com\/product\/11940.html#primaryimage","url":"https:\/\/vivalr.com\/wp-content\/uploads\/2025\/03\/sulbactam-cas-68373-14-8.jpg","contentUrl":"https:\/\/vivalr.com\/wp-content\/uploads\/2025\/03\/sulbactam-cas-68373-14-8.jpg","width":600,"height":654},{"@type":"BreadcrumbList","@id":"https:\/\/vivalr.com\/product\/11940.html#breadcrumb","itemListElement":[{"@type":"ListItem","position":1,"name":"Home","item":"https:\/\/vivalr.com\/"},{"@type":"ListItem","position":2,"name":"Shop","item":"https:\/\/vivalr.com\/shop\/"},{"@type":"ListItem","position":3,"name":"Factory Supply sulbactam cas 68373-14-8 With Best Price"}]},{"@type":"WebSite","@id":"https:\/\/vivalr.com\/#website","url":"https:\/\/vivalr.com\/","name":"Bienvenido a VIVALR- Su fuente de confianza para materias primas qu\u00edmicas\uff01","description":"Descubra una amplia gama de materias primas qu\u00edmicas de alta calidad para satisfacer sus necesidades industriales. Nuestro compromiso con la excelencia le garantiza los mejores productos y servicios.","potentialAction":[{"@type":"SearchAction","target":{"@type":"EntryPoint","urlTemplate":"https:\/\/vivalr.com\/?s={search_term_string}"},"query-input":{"@type":"PropertyValueSpecification","valueRequired":true,"valueName":"search_term_string"}}],"inLanguage":"es"}]}},"_links":{"self":[{"href":"https:\/\/vivalr.com\/es\/wp-json\/wp\/v2\/product\/11940","targetHints":{"allow":["GET"]}}],"collection":[{"href":"https:\/\/vivalr.com\/es\/wp-json\/wp\/v2\/product"}],"about":[{"href":"https:\/\/vivalr.com\/es\/wp-json\/wp\/v2\/types\/product"}],"replies":[{"embeddable":true,"href":"https:\/\/vivalr.com\/es\/wp-json\/wp\/v2\/comments?post=11940"}],"wp:featuredmedia":[{"embeddable":true,"href":"https:\/\/vivalr.com\/es\/wp-json\/wp\/v2\/media\/27010"}],"wp:attachment":[{"href":"https:\/\/vivalr.com\/es\/wp-json\/wp\/v2\/media?parent=11940"}],"wp:term":[{"taxonomy":"product_brand","embeddable":true,"href":"https:\/\/vivalr.com\/es\/wp-json\/wp\/v2\/product_brand?post=11940"},{"taxonomy":"product_cat","embeddable":true,"href":"https:\/\/vivalr.com\/es\/wp-json\/wp\/v2\/product_cat?post=11940"},{"taxonomy":"product_tag","embeddable":true,"href":"https:\/\/vivalr.com\/es\/wp-json\/wp\/v2\/product_tag?post=11940"}],"curies":[{"name":"wp","href":"https:\/\/api.w.org\/{rel}","templated":true}]}}