{"id":11950,"date":"2025-03-07T12:18:26","date_gmt":"2025-03-07T12:18:26","guid":{"rendered":"https:\/\/vivalr.com\/product\/11950.html"},"modified":"2025-03-07T12:44:11","modified_gmt":"2025-03-07T12:44:11","slug":"factory-supply-16-hexanediol-cas-629-11-8-with-best-price","status":"publish","type":"product","link":"https:\/\/vivalr.com\/es\/product\/11950.html","title":{"rendered":"Fuente de la f\u00e1brica 1,6-hexanediol cas 629-11-8 con el mejor precio"},"content":{"rendered":"<h1>Gu\u00eda del usuario: Suministro de f\u00e1brica 1,6-hexanodiol cas 629-11-8 con el mejor precio<\/h1>\n<h2>\u00cdndice<\/h2>\n<ul>\n<li><a href=\"#basic_info\">Informaci\u00f3n b\u00e1sica y par\u00e1metros<\/a><\/li>\n<li><a href=\"#uses\">Usos del producto<\/a><\/li>\n<li><a href=\"#usage\">Uso del producto<\/a><\/li>\n<li><a href=\"#case_studies\">Casos pr\u00e1cticos<\/a><\/li>\n<li><a href=\"#contact\">Informaci\u00f3n de contacto<\/a><\/li>\n<\/ul>\n<h2 id=\"basic_info\">Informaci\u00f3n b\u00e1sica y par\u00e1metros<\/h2>\n<p>El producto, Suministro de f\u00e1brica de 1,6-hexanodiol con n\u00famero CAS 629 - 11 - 8, es un compuesto qu\u00edmico de alta calidad. Su f\u00f3rmula molecular es C\u2086H\u2081\u2084O\u2082, y tiene un peso molecular de aproximadamente 118,17 g\/mol. Se presenta como un s\u00f3lido cristalino blanco con un punto de fusi\u00f3n de unos 42 - 43\u00b0C y un punto de ebullici\u00f3n de unos 250\u00b0C. Este producto tiene buena solubilidad en agua y en disolventes org\u00e1nicos comunes como el etanol y la acetona. Se produce en una f\u00e1brica, lo que garantiza un suministro de gran volumen y un estricto control de calidad para ofrecer el mejor precio a los clientes.<\/p>\n<h2 id=\"uses\">Usos del producto<\/h2>\n<p>El 1,6 - hexanodiol tiene una amplia gama de aplicaciones en diversas industrias. En la industria de pol\u00edmeros, se utiliza como mon\u00f3mero en la s\u00edntesis de poli\u00e9steres, poliuretanos y policarbonatos. Estos pol\u00edmeros se utilizan ampliamente en la fabricaci\u00f3n de pl\u00e1sticos, fibras y revestimientos. Por ejemplo, en la producci\u00f3n de fibras de poli\u00e9ster, el 1,6 - hexanodiol puede mejorar la flexibilidad y durabilidad de las fibras.<br \/>\n  En la industria cosm\u00e9tica, sirve como humectante y disolvente. Ayuda a mantener la piel h\u00fameda atrayendo y reteniendo el agua, y tambi\u00e9n puede disolver otros ingredientes de las f\u00f3rmulas cosm\u00e9ticas. Adem\u00e1s, se utiliza en la producci\u00f3n de adhesivos, donde puede mejorar la fuerza de uni\u00f3n y la flexibilidad del adhesivo.<\/p>\n<h2 id=\"usage\">Uso del producto<\/h2>\n<p>Cuando utilice el 1,6 - hexanediol de Factory Supply, es importante seguir los procedimientos de seguridad. Utilice equipo de protecci\u00f3n adecuado, como guantes y gafas. En un laboratorio o en un entorno industrial, mida la cantidad requerida con precisi\u00f3n utilizando herramientas de medici\u00f3n adecuadas. Por ejemplo, si lo utiliza en una reacci\u00f3n de s\u00edntesis qu\u00edmica, a\u00f1\u00e1dalo lentamente a la mezcla de reacci\u00f3n bajo condiciones controladas de temperatura y agitaci\u00f3n.<br \/>\n  Si se utiliza en una formulaci\u00f3n cosm\u00e9tica, a\u00f1\u00e1dalo en la fase adecuada del proceso de fabricaci\u00f3n para garantizar una dispersi\u00f3n adecuada y la compatibilidad con otros ingredientes. Almacenar el producto en un lugar fresco y seco, alejado de la luz solar directa y de fuentes de calor. Mantener el envase bien cerrado cuando no se utilice para evitar la absorci\u00f3n de humedad y la contaminaci\u00f3n.<\/p>\n<h2 id=\"case_studies\">Casos pr\u00e1cticos<\/h2>\n<p><strong>Caso de fabricaci\u00f3n de pol\u00edmeros<\/strong>: Una empresa de fabricaci\u00f3n de pl\u00e1sticos quer\u00eda mejorar la calidad de sus productos de poli\u00e9ster. Decidieron utilizar el 1,6 - hexanediol de Factory Supply en su proceso de producci\u00f3n. A\u00f1adiendo una cantidad adecuada de 1,6 - hexanediol como mon\u00f3mero, pudieron aumentar el peso molecular del poli\u00e9ster. Esto mejor\u00f3 las propiedades mec\u00e1nicas de los productos pl\u00e1sticos finales, como la resistencia a la tracci\u00f3n y al impacto. La empresa tambi\u00e9n observ\u00f3 una mejora en la procesabilidad del pol\u00edmero durante la extrusi\u00f3n y el moldeo por inyecci\u00f3n, lo que se tradujo en un proceso de producci\u00f3n m\u00e1s eficaz y unos costes de producci\u00f3n m\u00e1s bajos.<br \/>\n  <strong>Estuche para productos cosm\u00e9ticos<\/strong>: Una marca de cuidado de la piel quer\u00eda desarrollar una nueva loci\u00f3n hidratante. Incorporaron el 1,6 - hexanediol de Factory Supply a su formulaci\u00f3n. El 1,6 - hexanediol actu\u00f3 como humectante, ayudando a la loci\u00f3n a hidratar eficazmente la piel. Durante las pruebas de consumo, los usuarios declararon que su piel se sent\u00eda m\u00e1s suave, tersa e hidratada despu\u00e9s de usar la loci\u00f3n. La marca consigui\u00f3 una ventaja competitiva en el mercado gracias a la mejora de las prestaciones de su producto.<\/p>\n<h2 id=\"contact\">Informaci\u00f3n de contacto<\/h2>\n<p>Si tiene alguna pregunta o necesita m\u00e1s informaci\u00f3n sobre Suministro de f\u00e1brica 1,6 - hexanediol, no dude en ponerse en contacto con nosotros. Nuestra direcci\u00f3n de correo electr\u00f3nico es info@vivalr.com, y tambi\u00e9n puede ponerse en contacto con nosotros en el n\u00famero de tel\u00e9fono (86) 15866781826.<\/p>","protected":false},"excerpt":{"rendered":"<p>User Guide: Factory Supply 1,6-hexanediol cas 629-11-8 With Best Price Table of Contents Basic Information and Parameters Product Uses Product Usage Usage Case Studies Contact Information Basic Information and Parameters The product, Factory Supply 1,6-hexanediol with CAS number 629 - 11 - 8, is a high - quality chemical compound. Its molecular formula is C\u2086H\u2081\u2084O\u2082, [&hellip;]<\/p>","protected":false},"featured_media":27015,"comment_status":"closed","ping_status":"open","template":"","meta":[],"product_brand":[],"product_cat":[15],"product_tag":[],"class_list":{"0":"post-11950","1":"product","2":"type-product","3":"status-publish","4":"has-post-thumbnail","6":"product_cat-uncategorized","8":"first","9":"instock","10":"product-type-simple"},"yoast_head":"<!-- This site is optimized with the Yoast SEO Premium plugin v24.4 (Yoast SEO v25.0) - https:\/\/yoast.com\/wordpress\/plugins\/seo\/ -->\n<title>Factory Supply 1,6-hexanediol cas 629-11-8 With Best Price - Welcome to VIVALR- Your Trusted Source for Chemical Raw Materials\uff01<\/title>\n<meta name=\"robots\" content=\"index, follow, max-snippet:-1, max-image-preview:large, max-video-preview:-1\" \/>\n<link rel=\"canonical\" href=\"https:\/\/vivalr.com\/es\/product\/11950.html\" \/>\n<meta property=\"og:locale\" content=\"es_MX\" \/>\n<meta property=\"og:type\" content=\"article\" \/>\n<meta property=\"og:title\" content=\"Factory Supply 1,6-hexanediol cas 629-11-8 With Best Price\" \/>\n<meta property=\"og:description\" content=\"User Guide: Factory Supply 1,6-hexanediol cas 629-11-8 With Best Price Table of Contents Basic Information and Parameters Product Uses Product Usage Usage Case Studies Contact Information Basic Information and Parameters The product, Factory Supply 1,6-hexanediol with CAS number 629 - 11 - 8, is a high - quality chemical compound. Its molecular formula is C\u2086H\u2081\u2084O\u2082, [&hellip;]\" \/>\n<meta property=\"og:url\" content=\"https:\/\/vivalr.com\/es\/product\/11950.html\" \/>\n<meta property=\"og:site_name\" content=\"Welcome to VIVALR- Your Trusted Source for Chemical Raw Materials\uff01\" \/>\n<meta property=\"article:modified_time\" content=\"2025-03-07T12:44:11+00:00\" \/>\n<meta property=\"og:image\" content=\"https:\/\/vivalr.com\/wp-content\/uploads\/2025\/03\/16-hexanediol-cas-629-11-8.jpg\" \/>\n\t<meta property=\"og:image:width\" content=\"400\" \/>\n\t<meta property=\"og:image:height\" content=\"400\" \/>\n\t<meta property=\"og:image:type\" content=\"image\/jpeg\" \/>\n<meta name=\"twitter:card\" content=\"summary_large_image\" \/>\n<meta name=\"twitter:label1\" content=\"Tiempo de lectura\" \/>\n\t<meta name=\"twitter:data1\" content=\"3 minutos\" \/>\n<script type=\"application\/ld+json\" class=\"yoast-schema-graph\">{\"@context\":\"https:\/\/schema.org\",\"@graph\":[{\"@type\":\"WebPage\",\"@id\":\"https:\/\/vivalr.com\/product\/11950.html\",\"url\":\"https:\/\/vivalr.com\/product\/11950.html\",\"name\":\"Factory Supply 1,6-hexanediol cas 629-11-8 With Best Price - Welcome to VIVALR- Your Trusted Source for Chemical Raw Materials\uff01\",\"isPartOf\":{\"@id\":\"https:\/\/vivalr.com\/#website\"},\"primaryImageOfPage\":{\"@id\":\"https:\/\/vivalr.com\/product\/11950.html#primaryimage\"},\"image\":{\"@id\":\"https:\/\/vivalr.com\/product\/11950.html#primaryimage\"},\"thumbnailUrl\":\"https:\/\/vivalr.com\/wp-content\/uploads\/2025\/03\/16-hexanediol-cas-629-11-8.jpg\",\"datePublished\":\"2025-03-07T12:18:26+00:00\",\"dateModified\":\"2025-03-07T12:44:11+00:00\",\"breadcrumb\":{\"@id\":\"https:\/\/vivalr.com\/product\/11950.html#breadcrumb\"},\"inLanguage\":\"es\",\"potentialAction\":[{\"@type\":\"ReadAction\",\"target\":[\"https:\/\/vivalr.com\/product\/11950.html\"]}]},{\"@type\":\"ImageObject\",\"inLanguage\":\"es\",\"@id\":\"https:\/\/vivalr.com\/product\/11950.html#primaryimage\",\"url\":\"https:\/\/vivalr.com\/wp-content\/uploads\/2025\/03\/16-hexanediol-cas-629-11-8.jpg\",\"contentUrl\":\"https:\/\/vivalr.com\/wp-content\/uploads\/2025\/03\/16-hexanediol-cas-629-11-8.jpg\",\"width\":400,\"height\":400},{\"@type\":\"BreadcrumbList\",\"@id\":\"https:\/\/vivalr.com\/product\/11950.html#breadcrumb\",\"itemListElement\":[{\"@type\":\"ListItem\",\"position\":1,\"name\":\"Home\",\"item\":\"https:\/\/vivalr.com\/\"},{\"@type\":\"ListItem\",\"position\":2,\"name\":\"Shop\",\"item\":\"https:\/\/vivalr.com\/shop\/\"},{\"@type\":\"ListItem\",\"position\":3,\"name\":\"Factory Supply 1,6-hexanediol cas 629-11-8 With Best Price\"}]},{\"@type\":\"WebSite\",\"@id\":\"https:\/\/vivalr.com\/#website\",\"url\":\"https:\/\/vivalr.com\/\",\"name\":\"Welcome to VIVALR- Your Trusted Source for Chemical Raw Materials\uff01\",\"description\":\"Discover a wide range of high-quality chemical raw materials to meet your industrial needs. Our commitment to excellence ensures that you get the best products and services.\",\"potentialAction\":[{\"@type\":\"SearchAction\",\"target\":{\"@type\":\"EntryPoint\",\"urlTemplate\":\"https:\/\/vivalr.com\/?s={search_term_string}\"},\"query-input\":{\"@type\":\"PropertyValueSpecification\",\"valueRequired\":true,\"valueName\":\"search_term_string\"}}],\"inLanguage\":\"es\"}]}<\/script>\n<!-- \/ Yoast SEO Premium plugin. -->","yoast_head_json":{"title":"Suministro de f\u00e1brica 1,6-hexanodiol cas 629-11-8 con el mejor precio - Bienvenido a VIVALR- Su fuente de confianza para las materias primas qu\u00edmicas\uff01","robots":{"index":"index","follow":"follow","max-snippet":"max-snippet:-1","max-image-preview":"max-image-preview:large","max-video-preview":"max-video-preview:-1"},"canonical":"https:\/\/vivalr.com\/es\/product\/11950.html","og_locale":"es_MX","og_type":"article","og_title":"Factory Supply 1,6-hexanediol cas 629-11-8 With Best Price","og_description":"User Guide: Factory Supply 1,6-hexanediol cas 629-11-8 With Best Price Table of Contents Basic Information and Parameters Product Uses Product Usage Usage Case Studies Contact Information Basic Information and Parameters The product, Factory Supply 1,6-hexanediol with CAS number 629 - 11 - 8, is a high - quality chemical compound. Its molecular formula is C\u2086H\u2081\u2084O\u2082, [&hellip;]","og_url":"https:\/\/vivalr.com\/es\/product\/11950.html","og_site_name":"Welcome to VIVALR- Your Trusted Source for Chemical Raw Materials\uff01","article_modified_time":"2025-03-07T12:44:11+00:00","og_image":[{"width":400,"height":400,"url":"https:\/\/vivalr.com\/wp-content\/uploads\/2025\/03\/16-hexanediol-cas-629-11-8.jpg","type":"image\/jpeg"}],"twitter_card":"summary_large_image","twitter_misc":{"Tiempo de lectura":"3 minutos"},"schema":{"@context":"https:\/\/schema.org","@graph":[{"@type":"WebPage","@id":"https:\/\/vivalr.com\/product\/11950.html","url":"https:\/\/vivalr.com\/product\/11950.html","name":"Suministro de f\u00e1brica 1,6-hexanodiol cas 629-11-8 con el mejor precio - Bienvenido a VIVALR- Su fuente de confianza para las materias primas qu\u00edmicas\uff01","isPartOf":{"@id":"https:\/\/vivalr.com\/#website"},"primaryImageOfPage":{"@id":"https:\/\/vivalr.com\/product\/11950.html#primaryimage"},"image":{"@id":"https:\/\/vivalr.com\/product\/11950.html#primaryimage"},"thumbnailUrl":"https:\/\/vivalr.com\/wp-content\/uploads\/2025\/03\/16-hexanediol-cas-629-11-8.jpg","datePublished":"2025-03-07T12:18:26+00:00","dateModified":"2025-03-07T12:44:11+00:00","breadcrumb":{"@id":"https:\/\/vivalr.com\/product\/11950.html#breadcrumb"},"inLanguage":"es","potentialAction":[{"@type":"ReadAction","target":["https:\/\/vivalr.com\/product\/11950.html"]}]},{"@type":"ImageObject","inLanguage":"es","@id":"https:\/\/vivalr.com\/product\/11950.html#primaryimage","url":"https:\/\/vivalr.com\/wp-content\/uploads\/2025\/03\/16-hexanediol-cas-629-11-8.jpg","contentUrl":"https:\/\/vivalr.com\/wp-content\/uploads\/2025\/03\/16-hexanediol-cas-629-11-8.jpg","width":400,"height":400},{"@type":"BreadcrumbList","@id":"https:\/\/vivalr.com\/product\/11950.html#breadcrumb","itemListElement":[{"@type":"ListItem","position":1,"name":"Home","item":"https:\/\/vivalr.com\/"},{"@type":"ListItem","position":2,"name":"Shop","item":"https:\/\/vivalr.com\/shop\/"},{"@type":"ListItem","position":3,"name":"Factory Supply 1,6-hexanediol cas 629-11-8 With Best Price"}]},{"@type":"WebSite","@id":"https:\/\/vivalr.com\/#website","url":"https:\/\/vivalr.com\/","name":"Bienvenido a VIVALR- Su fuente de confianza para materias primas qu\u00edmicas\uff01","description":"Descubra una amplia gama de materias primas qu\u00edmicas de alta calidad para satisfacer sus necesidades industriales. Nuestro compromiso con la excelencia le garantiza los mejores productos y servicios.","potentialAction":[{"@type":"SearchAction","target":{"@type":"EntryPoint","urlTemplate":"https:\/\/vivalr.com\/?s={search_term_string}"},"query-input":{"@type":"PropertyValueSpecification","valueRequired":true,"valueName":"search_term_string"}}],"inLanguage":"es"}]}},"_links":{"self":[{"href":"https:\/\/vivalr.com\/es\/wp-json\/wp\/v2\/product\/11950","targetHints":{"allow":["GET"]}}],"collection":[{"href":"https:\/\/vivalr.com\/es\/wp-json\/wp\/v2\/product"}],"about":[{"href":"https:\/\/vivalr.com\/es\/wp-json\/wp\/v2\/types\/product"}],"replies":[{"embeddable":true,"href":"https:\/\/vivalr.com\/es\/wp-json\/wp\/v2\/comments?post=11950"}],"wp:featuredmedia":[{"embeddable":true,"href":"https:\/\/vivalr.com\/es\/wp-json\/wp\/v2\/media\/27015"}],"wp:attachment":[{"href":"https:\/\/vivalr.com\/es\/wp-json\/wp\/v2\/media?parent=11950"}],"wp:term":[{"taxonomy":"product_brand","embeddable":true,"href":"https:\/\/vivalr.com\/es\/wp-json\/wp\/v2\/product_brand?post=11950"},{"taxonomy":"product_cat","embeddable":true,"href":"https:\/\/vivalr.com\/es\/wp-json\/wp\/v2\/product_cat?post=11950"},{"taxonomy":"product_tag","embeddable":true,"href":"https:\/\/vivalr.com\/es\/wp-json\/wp\/v2\/product_tag?post=11950"}],"curies":[{"name":"wp","href":"https:\/\/api.w.org\/{rel}","templated":true}]}}