{"id":12052,"date":"2025-03-07T12:18:31","date_gmt":"2025-03-07T12:18:31","guid":{"rendered":"https:\/\/vivalr.com\/product\/12052.html"},"modified":"2025-03-07T12:44:22","modified_gmt":"2025-03-07T12:44:22","slug":"factory-supply-l-lysine-l-aspartate-cas-27348-32-9-with-best-price","status":"publish","type":"product","link":"https:\/\/vivalr.com\/es\/product\/12052.html","title":{"rendered":"F\u00e1brica de suministro de l-lisina-l-aspartato cas 27348-32-9 con el mejor precio"},"content":{"rendered":"<h1>Gu\u00eda del usuario para el suministro de f\u00e1brica l-lisina-l-aspartato cas 27348-32-9 con el mejor precio<\/h1>\n<ol>\n<li><a href=\"#basic_info\">Informaci\u00f3n b\u00e1sica y par\u00e1metros<\/a><\/li>\n<li><a href=\"#uses\">Usos del producto<\/a><\/li>\n<li><a href=\"#usage\">C\u00f3mo utilizar el producto<\/a><\/li>\n<li><a href=\"#case_study\">Casos pr\u00e1cticos<\/a><\/li>\n<li><a href=\"#contact\">Informaci\u00f3n de contacto<\/a><\/li>\n<\/ol>\n<h2 id=\"basic_info\">Informaci\u00f3n b\u00e1sica y par\u00e1metros<\/h2>\n<p>El producto es Suministro de f\u00e1brica de l-lisina-l-aspartato con el n\u00famero CAS 27348-32-9. La l-lisina-l-aspartato es un compuesto formado por la combinaci\u00f3n de l-lisina y l-aspartato. <\/p>\n<p>F\u00f3rmula qu\u00edmica: La f\u00f3rmula qu\u00edmica de la l-lisina-l-aspartato es C\u2081\u2080H\u2082\u2080N\u2084O\u2086. <\/p>\n<p>Peso molecular: Su peso molecular puede calcularse a partir de la f\u00f3rmula qu\u00edmica, que es de aproximadamente 292,29 g\/mol.<\/p>\n<p>Aspecto: Normalmente, se presenta como un polvo cristalino blanco. Este polvo es inodoro o tiene un ligero olor caracter\u00edstico, lo que garantiza su estabilidad y usabilidad en diversas aplicaciones.<\/p>\n<p>Pureza: Nuestro producto ofrece un alto nivel de pureza, generalmente superior a 98%, lo que garantiza su calidad y eficacia en diferentes escenarios.<\/p>\n<h2 id=\"uses\">Usos del producto<\/h2>\n<p>El l-lisina-l-aspartato tiene una amplia gama de aplicaciones. <\/p>\n<p>En el campo de la nutrici\u00f3n y la salud, la l-lisina es un amino\u00e1cido esencial que el cuerpo humano no puede sintetizar por s\u00ed mismo. Desempe\u00f1a un papel crucial en la s\u00edntesis de prote\u00ednas, el crecimiento y el desarrollo. El l-aspartato, por su parte, participa en los procesos del metabolismo energ\u00e9tico. Cuando se combina como l-lisina-l-aspartato, puede utilizarse como suplemento nutricional. Ayuda a mejorar el equilibrio de nitr\u00f3geno del organismo, mejora la funci\u00f3n inmunitaria y favorece la recuperaci\u00f3n del organismo tras una enfermedad o el ejercicio. <\/p>\n<p>En la industria farmac\u00e9utica, puede utilizarse como principio activo en medicamentos. Algunos estudios han demostrado que puede tener cierto efecto en el tratamiento de determinados trastornos neurol\u00f3gicos y enfermedades cardiovasculares al regular las reacciones bioqu\u00edmicas del organismo y mejorar el funcionamiento de c\u00e9lulas y \u00f3rganos.<\/p>\n<h2 id=\"usage\">C\u00f3mo utilizar el producto<\/h2>\n<p>Cuando se utiliza la l-lisina-l-aspartato como suplemento nutricional, la dosis suele depender de la edad, el sexo y la condici\u00f3n f\u00edsica. Para los adultos, la ingesta diaria recomendada es de unos 500 - 1500 mg, que pueden tomarse por v\u00eda oral con agua. Es mejor tomarlo despu\u00e9s de las comidas para mejorar la absorci\u00f3n. <\/p>\n<p>En el \u00e1mbito farmac\u00e9utico, la posolog\u00eda y el m\u00e9todo de uso deben ajustarse estrictamente a las instrucciones del m\u00e9dico. Las distintas enfermedades pueden requerir dosis y tratamientos diferentes. El producto puede formularse en diversas formas de dosificaci\u00f3n, como comprimidos, c\u00e1psulas o inyecciones, bajo la direcci\u00f3n de profesionales de la tecnolog\u00eda farmac\u00e9utica.<\/p>\n<h2 id=\"case_study\">Casos pr\u00e1cticos<\/h2>\n<p>Caso 1: Var\u00f3n atleta de 35 a\u00f1os. A menudo se sent\u00eda cansado y ten\u00eda una recuperaci\u00f3n lenta despu\u00e9s de un entrenamiento intenso. Despu\u00e9s de tomar l-lisina-l-aspartato como suplemento nutricional en una dosis de 1.000 mg al d\u00eda durante dos meses, inform\u00f3 de que su fatiga se hab\u00eda reducido significativamente y que su velocidad de recuperaci\u00f3n despu\u00e9s del entrenamiento tambi\u00e9n hab\u00eda mejorado. Su fuerza y resistencia muscular tambi\u00e9n mejoraron durante las competiciones posteriores. <\/p>\n<p>Caso 2: Paciente de edad avanzada con insuficiencia cardiaca leve. Por consejo del m\u00e9dico, tom\u00f3 medicamentos a base de l-lisina-l-aspartato como parte del tratamiento integral. Tras un tratamiento de tres meses, los indicadores de la funci\u00f3n cardiaca del paciente mejoraron, como el aumento de la fracci\u00f3n de eyecci\u00f3n. Tambi\u00e9n inform\u00f3 de que se hab\u00edan aliviado sus s\u00edntomas de falta de aire y fatiga, y de que hab\u00eda mejorado su calidad de vida.<\/p>\n<h2 id=\"contact\">Informaci\u00f3n de contacto<\/h2>\n<p>Si tiene alguna pregunta sobre este producto, no dude en ponerse en contacto con nosotros. Nuestro correo electr\u00f3nico es info@vivalr.com, y nuestro n\u00famero de tel\u00e9fono es (86) 15866781826. Nos comprometemos a ofrecerle el mejor servicio y asistencia.<\/p>","protected":false},"excerpt":{"rendered":"<p>User Guide for Factory Supply l-lysine-l-aspartate cas 27348-32-9 With Best Price Basic Information and Parameters Uses of the Product How to Use the Product Usage Case Studies Contact Information Basic Information and Parameters The product is Factory Supply l-lysine-l-aspartate with the CAS number 27348-32-9. l-lysine-l-aspartate is a compound formed by the combination of l-lysine and [&hellip;]<\/p>","protected":false},"featured_media":27066,"comment_status":"closed","ping_status":"open","template":"","meta":[],"product_brand":[],"product_cat":[15],"product_tag":[],"class_list":{"0":"post-12052","1":"product","2":"type-product","3":"status-publish","4":"has-post-thumbnail","6":"product_cat-uncategorized","8":"first","9":"instock","10":"product-type-simple"},"yoast_head":"<!-- This site is optimized with the Yoast SEO Premium plugin v24.4 (Yoast SEO v25.0) - https:\/\/yoast.com\/wordpress\/plugins\/seo\/ -->\n<title>Factory Supply l-lysine-l-aspartate cas 27348-32-9 With Best Price - Welcome to VIVALR- Your Trusted Source for Chemical Raw Materials\uff01<\/title>\n<meta name=\"robots\" content=\"index, follow, max-snippet:-1, max-image-preview:large, max-video-preview:-1\" \/>\n<link rel=\"canonical\" href=\"https:\/\/vivalr.com\/es\/product\/12052.html\" \/>\n<meta property=\"og:locale\" content=\"es_MX\" \/>\n<meta property=\"og:type\" content=\"article\" \/>\n<meta property=\"og:title\" content=\"Factory Supply l-lysine-l-aspartate cas 27348-32-9 With Best Price\" \/>\n<meta property=\"og:description\" content=\"User Guide for Factory Supply l-lysine-l-aspartate cas 27348-32-9 With Best Price Basic Information and Parameters Uses of the Product How to Use the Product Usage Case Studies Contact Information Basic Information and Parameters The product is Factory Supply l-lysine-l-aspartate with the CAS number 27348-32-9. l-lysine-l-aspartate is a compound formed by the combination of l-lysine and [&hellip;]\" \/>\n<meta property=\"og:url\" content=\"https:\/\/vivalr.com\/es\/product\/12052.html\" \/>\n<meta property=\"og:site_name\" content=\"Welcome to VIVALR- Your Trusted Source for Chemical Raw Materials\uff01\" \/>\n<meta property=\"article:modified_time\" content=\"2025-03-07T12:44:22+00:00\" \/>\n<meta property=\"og:image\" content=\"https:\/\/vivalr.com\/wp-content\/uploads\/2025\/03\/l-lysine-l-aspartate-cas-27348-32-9.jpg\" \/>\n\t<meta property=\"og:image:width\" content=\"600\" \/>\n\t<meta property=\"og:image:height\" content=\"654\" \/>\n\t<meta property=\"og:image:type\" content=\"image\/jpeg\" \/>\n<meta name=\"twitter:card\" content=\"summary_large_image\" \/>\n<meta name=\"twitter:label1\" content=\"Tiempo de lectura\" \/>\n\t<meta name=\"twitter:data1\" content=\"3 minutos\" \/>\n<script type=\"application\/ld+json\" class=\"yoast-schema-graph\">{\"@context\":\"https:\/\/schema.org\",\"@graph\":[{\"@type\":\"WebPage\",\"@id\":\"https:\/\/vivalr.com\/product\/12052.html\",\"url\":\"https:\/\/vivalr.com\/product\/12052.html\",\"name\":\"Factory Supply l-lysine-l-aspartate cas 27348-32-9 With Best Price - Welcome to VIVALR- Your Trusted Source for Chemical Raw Materials\uff01\",\"isPartOf\":{\"@id\":\"https:\/\/vivalr.com\/#website\"},\"primaryImageOfPage\":{\"@id\":\"https:\/\/vivalr.com\/product\/12052.html#primaryimage\"},\"image\":{\"@id\":\"https:\/\/vivalr.com\/product\/12052.html#primaryimage\"},\"thumbnailUrl\":\"https:\/\/vivalr.com\/wp-content\/uploads\/2025\/03\/l-lysine-l-aspartate-cas-27348-32-9.jpg\",\"datePublished\":\"2025-03-07T12:18:31+00:00\",\"dateModified\":\"2025-03-07T12:44:22+00:00\",\"breadcrumb\":{\"@id\":\"https:\/\/vivalr.com\/product\/12052.html#breadcrumb\"},\"inLanguage\":\"es\",\"potentialAction\":[{\"@type\":\"ReadAction\",\"target\":[\"https:\/\/vivalr.com\/product\/12052.html\"]}]},{\"@type\":\"ImageObject\",\"inLanguage\":\"es\",\"@id\":\"https:\/\/vivalr.com\/product\/12052.html#primaryimage\",\"url\":\"https:\/\/vivalr.com\/wp-content\/uploads\/2025\/03\/l-lysine-l-aspartate-cas-27348-32-9.jpg\",\"contentUrl\":\"https:\/\/vivalr.com\/wp-content\/uploads\/2025\/03\/l-lysine-l-aspartate-cas-27348-32-9.jpg\",\"width\":600,\"height\":654},{\"@type\":\"BreadcrumbList\",\"@id\":\"https:\/\/vivalr.com\/product\/12052.html#breadcrumb\",\"itemListElement\":[{\"@type\":\"ListItem\",\"position\":1,\"name\":\"Home\",\"item\":\"https:\/\/vivalr.com\/\"},{\"@type\":\"ListItem\",\"position\":2,\"name\":\"Shop\",\"item\":\"https:\/\/vivalr.com\/shop\/\"},{\"@type\":\"ListItem\",\"position\":3,\"name\":\"Factory Supply l-lysine-l-aspartate cas 27348-32-9 With Best Price\"}]},{\"@type\":\"WebSite\",\"@id\":\"https:\/\/vivalr.com\/#website\",\"url\":\"https:\/\/vivalr.com\/\",\"name\":\"Welcome to VIVALR- Your Trusted Source for Chemical Raw Materials\uff01\",\"description\":\"Discover a wide range of high-quality chemical raw materials to meet your industrial needs. Our commitment to excellence ensures that you get the best products and services.\",\"potentialAction\":[{\"@type\":\"SearchAction\",\"target\":{\"@type\":\"EntryPoint\",\"urlTemplate\":\"https:\/\/vivalr.com\/?s={search_term_string}\"},\"query-input\":{\"@type\":\"PropertyValueSpecification\",\"valueRequired\":true,\"valueName\":\"search_term_string\"}}],\"inLanguage\":\"es\"}]}<\/script>\n<!-- \/ Yoast SEO Premium plugin. -->","yoast_head_json":{"title":"F\u00e1brica de suministro de l-lisina-l-aspartato cas 27348-32-9 con el mejor precio - Bienvenido a VIVALR- Su fuente de confianza para las materias primas qu\u00edmicas\uff01","robots":{"index":"index","follow":"follow","max-snippet":"max-snippet:-1","max-image-preview":"max-image-preview:large","max-video-preview":"max-video-preview:-1"},"canonical":"https:\/\/vivalr.com\/es\/product\/12052.html","og_locale":"es_MX","og_type":"article","og_title":"Factory Supply l-lysine-l-aspartate cas 27348-32-9 With Best Price","og_description":"User Guide for Factory Supply l-lysine-l-aspartate cas 27348-32-9 With Best Price Basic Information and Parameters Uses of the Product How to Use the Product Usage Case Studies Contact Information Basic Information and Parameters The product is Factory Supply l-lysine-l-aspartate with the CAS number 27348-32-9. l-lysine-l-aspartate is a compound formed by the combination of l-lysine and [&hellip;]","og_url":"https:\/\/vivalr.com\/es\/product\/12052.html","og_site_name":"Welcome to VIVALR- Your Trusted Source for Chemical Raw Materials\uff01","article_modified_time":"2025-03-07T12:44:22+00:00","og_image":[{"width":600,"height":654,"url":"https:\/\/vivalr.com\/wp-content\/uploads\/2025\/03\/l-lysine-l-aspartate-cas-27348-32-9.jpg","type":"image\/jpeg"}],"twitter_card":"summary_large_image","twitter_misc":{"Tiempo de lectura":"3 minutos"},"schema":{"@context":"https:\/\/schema.org","@graph":[{"@type":"WebPage","@id":"https:\/\/vivalr.com\/product\/12052.html","url":"https:\/\/vivalr.com\/product\/12052.html","name":"F\u00e1brica de suministro de l-lisina-l-aspartato cas 27348-32-9 con el mejor precio - Bienvenido a VIVALR- Su fuente de confianza para las materias primas qu\u00edmicas\uff01","isPartOf":{"@id":"https:\/\/vivalr.com\/#website"},"primaryImageOfPage":{"@id":"https:\/\/vivalr.com\/product\/12052.html#primaryimage"},"image":{"@id":"https:\/\/vivalr.com\/product\/12052.html#primaryimage"},"thumbnailUrl":"https:\/\/vivalr.com\/wp-content\/uploads\/2025\/03\/l-lysine-l-aspartate-cas-27348-32-9.jpg","datePublished":"2025-03-07T12:18:31+00:00","dateModified":"2025-03-07T12:44:22+00:00","breadcrumb":{"@id":"https:\/\/vivalr.com\/product\/12052.html#breadcrumb"},"inLanguage":"es","potentialAction":[{"@type":"ReadAction","target":["https:\/\/vivalr.com\/product\/12052.html"]}]},{"@type":"ImageObject","inLanguage":"es","@id":"https:\/\/vivalr.com\/product\/12052.html#primaryimage","url":"https:\/\/vivalr.com\/wp-content\/uploads\/2025\/03\/l-lysine-l-aspartate-cas-27348-32-9.jpg","contentUrl":"https:\/\/vivalr.com\/wp-content\/uploads\/2025\/03\/l-lysine-l-aspartate-cas-27348-32-9.jpg","width":600,"height":654},{"@type":"BreadcrumbList","@id":"https:\/\/vivalr.com\/product\/12052.html#breadcrumb","itemListElement":[{"@type":"ListItem","position":1,"name":"Home","item":"https:\/\/vivalr.com\/"},{"@type":"ListItem","position":2,"name":"Shop","item":"https:\/\/vivalr.com\/shop\/"},{"@type":"ListItem","position":3,"name":"Factory Supply l-lysine-l-aspartate cas 27348-32-9 With Best Price"}]},{"@type":"WebSite","@id":"https:\/\/vivalr.com\/#website","url":"https:\/\/vivalr.com\/","name":"Bienvenido a VIVALR- Su fuente de confianza para materias primas qu\u00edmicas\uff01","description":"Descubra una amplia gama de materias primas qu\u00edmicas de alta calidad para satisfacer sus necesidades industriales. Nuestro compromiso con la excelencia le garantiza los mejores productos y servicios.","potentialAction":[{"@type":"SearchAction","target":{"@type":"EntryPoint","urlTemplate":"https:\/\/vivalr.com\/?s={search_term_string}"},"query-input":{"@type":"PropertyValueSpecification","valueRequired":true,"valueName":"search_term_string"}}],"inLanguage":"es"}]}},"_links":{"self":[{"href":"https:\/\/vivalr.com\/es\/wp-json\/wp\/v2\/product\/12052","targetHints":{"allow":["GET"]}}],"collection":[{"href":"https:\/\/vivalr.com\/es\/wp-json\/wp\/v2\/product"}],"about":[{"href":"https:\/\/vivalr.com\/es\/wp-json\/wp\/v2\/types\/product"}],"replies":[{"embeddable":true,"href":"https:\/\/vivalr.com\/es\/wp-json\/wp\/v2\/comments?post=12052"}],"wp:featuredmedia":[{"embeddable":true,"href":"https:\/\/vivalr.com\/es\/wp-json\/wp\/v2\/media\/27066"}],"wp:attachment":[{"href":"https:\/\/vivalr.com\/es\/wp-json\/wp\/v2\/media?parent=12052"}],"wp:term":[{"taxonomy":"product_brand","embeddable":true,"href":"https:\/\/vivalr.com\/es\/wp-json\/wp\/v2\/product_brand?post=12052"},{"taxonomy":"product_cat","embeddable":true,"href":"https:\/\/vivalr.com\/es\/wp-json\/wp\/v2\/product_cat?post=12052"},{"taxonomy":"product_tag","embeddable":true,"href":"https:\/\/vivalr.com\/es\/wp-json\/wp\/v2\/product_tag?post=12052"}],"curies":[{"name":"wp","href":"https:\/\/api.w.org\/{rel}","templated":true}]}}