{"id":12098,"date":"2025-03-07T12:18:37","date_gmt":"2025-03-07T12:18:37","guid":{"rendered":"https:\/\/vivalr.com\/product\/12098.html"},"modified":"2025-03-07T12:44:30","modified_gmt":"2025-03-07T12:44:30","slug":"factory-supply-tert-butylhydroquinone-tbhq-cas-1948-33-0-with-best-price","status":"publish","type":"product","link":"https:\/\/vivalr.com\/es\/product\/12098.html","title":{"rendered":"Suministro de f\u00e1brica de terc-butilhidroquinona TBHQ Cas 1948-33-0 con el mejor precio"},"content":{"rendered":"<h1>Suministro de f\u00e1brica terc-butilhidroquinona TBHQ Cas 1948-33-0 con el mejor precio - Gu\u00eda del usuario<\/h1>\n<ol>\n<li><a href=\"#basic_info\">Informaci\u00f3n b\u00e1sica y par\u00e1metros<\/a><\/li>\n<li><a href=\"#uses\">Usos del producto<\/a><\/li>\n<li><a href=\"#usage\">Uso del producto<\/a><\/li>\n<li><a href=\"#case_studies\">Casos pr\u00e1cticos<\/a><\/li>\n<li><a href=\"#contact\">Informaci\u00f3n de contacto<\/a><\/li>\n<\/ol>\n<h2 id=\"basic_info\">Informaci\u00f3n b\u00e1sica y par\u00e1metros<\/h2>\n<p>La terc-butilhidroquinona (TBHQ) con el n\u00famero CAS 1948 - 33 - 0 es un compuesto org\u00e1nico arom\u00e1tico sint\u00e9tico. Es un tipo de antioxidante fen\u00f3lico que se presenta en forma de polvo cristalino entre blanco y blanquecino. La f\u00f3rmula molecular de la TBHQ es C\u2081\u2080H\u2081\u2084O\u2082, y su peso molecular es de aproximadamente 166,22 g\/mol. El TBHQ tiene un punto de fusi\u00f3n que oscila entre 126,5 y 128,5 \u00b0C y un punto de ebullici\u00f3n de 300 \u00b0C. Es poco soluble en agua pero muy soluble en disolventes org\u00e1nicos como etanol, \u00e9ter y acetona. Las f\u00e1bricas suelen suministrar este producto en forma de alta calidad, lo que garantiza su pureza y eficacia para diversas aplicaciones.<\/p>\n<h2 id=\"uses\">Usos del producto<\/h2>\n<p>El TBHQ se utiliza ampliamente como antioxidante en las industrias alimentaria y petrolera. En la industria alimentaria, se a\u00f1ade a aceites comestibles, grasas y alimentos que contienen grasa para evitar la oxidaci\u00f3n y el enranciamiento. Al inhibir el proceso de oxidaci\u00f3n, el TBHQ puede prolongar la vida \u00fatil de los productos, mantener su sabor y evitar la formaci\u00f3n de olores y sabores desagradables. Por ejemplo, se utiliza habitualmente en aceites vegetales, margarina, mantequilla y carnes procesadas. Adem\u00e1s de en la industria alimentaria, el TBHQ tambi\u00e9n se utiliza en las industrias cosm\u00e9tica y farmac\u00e9utica. En cosm\u00e9tica, puede evitar la oxidaci\u00f3n de aceites y grasas en los productos, manteniendo as\u00ed la estabilidad y calidad de los cosm\u00e9ticos. En la industria farmac\u00e9utica, puede utilizarse para proteger algunos f\u00e1rmacos y excipientes de la oxidaci\u00f3n.<\/p>\n<h2 id=\"usage\">Uso del producto<\/h2>\n<p>Cuando se utiliza TBHQ, es fundamental respetar los niveles de uso recomendados. En Estados Unidos, la Food and Drug Administration (FDA) permite un nivel m\u00e1ximo de uso de 0,02% (200 ppm) en grasas y aceites. El proceso de uso espec\u00edfico suele consistir en disolver primero el TBHQ en un disolvente adecuado, como etanol o una peque\u00f1a cantidad de aceite. A continuaci\u00f3n, la soluci\u00f3n se a\u00f1ade al producto de destino en condiciones de agitaci\u00f3n para garantizar una distribuci\u00f3n uniforme. Es importante se\u00f1alar que la TBHQ debe a\u00f1adirse durante las primeras fases del proceso de producci\u00f3n para maximizar su efecto antioxidante. Adem\u00e1s, el producto debe almacenarse en un lugar fresco y seco, alejado de la luz y el calor, para mantener su estabilidad.<\/p>\n<h2 id=\"case_studies\">Casos pr\u00e1cticos<\/h2>\n<p><strong>Caso 1: Industria del aceite vegetal<\/strong><br \/>\nUn productor de aceite vegetal a gran escala se enfrentaba al problema de la r\u00e1pida oxidaci\u00f3n de sus productos, lo que acortaba su vida \u00fatil y reduc\u00eda su calidad. Tras a\u00f1adir TBHQ en la dosis recomendada de 200 ppm, la tasa de oxidaci\u00f3n del aceite vegetal se redujo significativamente. El \u00edndice de per\u00f3xido, que es un indicador importante de la oxidaci\u00f3n del aceite, se mantuvo a un nivel bajo durante mucho m\u00e1s tiempo en comparaci\u00f3n con el grupo de control sin TBHQ. Como resultado, la vida \u00fatil del aceite vegetal se ampli\u00f3 de 3 a 6 meses, y el producto mantuvo su sabor y calidad originales durante todo el periodo ampliado.<\/p>\n<p><strong>Caso 2: Industria de la carne procesada<\/strong><br \/>\nUna empresa procesadora de carne luchaba contra la decoloraci\u00f3n y los sabores desagradables de sus productos c\u00e1rnicos procesados debido a la oxidaci\u00f3n. Mediante la incorporaci\u00f3n de TBHQ en los productos c\u00e1rnicos a un nivel adecuado, pudieron evitar la oxidaci\u00f3n de las grasas de la carne. El color de los productos c\u00e1rnicos se mantuvo estable y se eliminaron los sabores desagradables. Los consumidores afirmaron que los productos c\u00e1rnicos procesados ten\u00edan un sabor m\u00e1s fresco y una mejor calidad general. Esto tambi\u00e9n aument\u00f3 la satisfacci\u00f3n de los clientes y las ventas de la empresa.<\/p>\n<h2 id=\"contact\">Informaci\u00f3n de contacto<\/h2>\n<p>Si tiene preguntas o necesita m\u00e1s informaci\u00f3n sobre Suministro de f\u00e1brica Tert - butilhidroquinona TBHQ Cas 1948 - 33 - 0, no dude en contactarnos. Nuestra direcci\u00f3n de correo electr\u00f3nico es info@vivalr.com, y nuestro n\u00famero de tel\u00e9fono es (86) 15866781826.<\/p>","protected":false},"excerpt":{"rendered":"<p>Factory Supply Tert-butylhydroquinone TBHQ Cas 1948-33-0 With Best Price - User Guide Basic Information and Parameters Product Uses Product Usage Usage Case Studies Contact Information Basic Information and Parameters Tert-butylhydroquinone (TBHQ) with the CAS number 1948 - 33 - 0 is a synthetic aromatic organic compound. It is a type of phenolic antioxidant, which is [&hellip;]<\/p>","protected":false},"featured_media":27089,"comment_status":"closed","ping_status":"open","template":"","meta":[],"product_brand":[],"product_cat":[15],"product_tag":[],"class_list":{"0":"post-12098","1":"product","2":"type-product","3":"status-publish","4":"has-post-thumbnail","6":"product_cat-uncategorized","8":"first","9":"instock","10":"product-type-simple"},"yoast_head":"<!-- This site is optimized with the Yoast SEO Premium plugin v24.4 (Yoast SEO v27.4) - https:\/\/yoast.com\/product\/yoast-seo-premium-wordpress\/ -->\n<title>Factory Supply Tert-butylhydroquinone TBHQ Cas 1948-33-0 With Best Price - Welcome to VIVALR- Your Trusted Source for Chemical Raw Materials\uff01<\/title>\n<meta name=\"robots\" content=\"index, follow, max-snippet:-1, max-image-preview:large, max-video-preview:-1\" \/>\n<link rel=\"canonical\" href=\"https:\/\/vivalr.com\/es\/product\/12098.html\" \/>\n<meta property=\"og:locale\" content=\"es_MX\" \/>\n<meta property=\"og:type\" content=\"article\" \/>\n<meta property=\"og:title\" content=\"Factory Supply Tert-butylhydroquinone TBHQ Cas 1948-33-0 With Best Price\" \/>\n<meta property=\"og:description\" content=\"Factory Supply Tert-butylhydroquinone TBHQ Cas 1948-33-0 With Best Price - User Guide Basic Information and Parameters Product Uses Product Usage Usage Case Studies Contact Information Basic Information and Parameters Tert-butylhydroquinone (TBHQ) with the CAS number 1948 - 33 - 0 is a synthetic aromatic organic compound. It is a type of phenolic antioxidant, which is [&hellip;]\" \/>\n<meta property=\"og:url\" content=\"https:\/\/vivalr.com\/es\/product\/12098.html\" \/>\n<meta property=\"og:site_name\" content=\"Welcome to VIVALR- Your Trusted Source for Chemical Raw Materials\uff01\" \/>\n<meta property=\"article:modified_time\" content=\"2025-03-07T12:44:30+00:00\" \/>\n<meta property=\"og:image\" content=\"https:\/\/vivalr.com\/wp-content\/uploads\/2025\/03\/Tert-butylhydroquinone-TBHQ-Cas-1948-33-0.jpg\" \/>\n\t<meta property=\"og:image:width\" content=\"350\" \/>\n\t<meta property=\"og:image:height\" content=\"350\" \/>\n\t<meta property=\"og:image:type\" content=\"image\/jpeg\" \/>\n<meta name=\"twitter:card\" content=\"summary_large_image\" \/>\n<meta name=\"twitter:label1\" content=\"Tiempo de lectura\" \/>\n\t<meta name=\"twitter:data1\" content=\"3 minutos\" \/>\n<script type=\"application\/ld+json\" class=\"yoast-schema-graph\">{\"@context\":\"https:\\\/\\\/schema.org\",\"@graph\":[{\"@type\":\"WebPage\",\"@id\":\"https:\\\/\\\/vivalr.com\\\/product\\\/12098.html\",\"url\":\"https:\\\/\\\/vivalr.com\\\/product\\\/12098.html\",\"name\":\"Factory Supply Tert-butylhydroquinone TBHQ Cas 1948-33-0 With Best Price - Welcome to VIVALR- Your Trusted Source for Chemical Raw Materials\uff01\",\"isPartOf\":{\"@id\":\"https:\\\/\\\/vivalr.com\\\/#website\"},\"primaryImageOfPage\":{\"@id\":\"https:\\\/\\\/vivalr.com\\\/product\\\/12098.html#primaryimage\"},\"image\":{\"@id\":\"https:\\\/\\\/vivalr.com\\\/product\\\/12098.html#primaryimage\"},\"thumbnailUrl\":\"https:\\\/\\\/vivalr.com\\\/wp-content\\\/uploads\\\/2025\\\/03\\\/Tert-butylhydroquinone-TBHQ-Cas-1948-33-0.jpg\",\"datePublished\":\"2025-03-07T12:18:37+00:00\",\"dateModified\":\"2025-03-07T12:44:30+00:00\",\"breadcrumb\":{\"@id\":\"https:\\\/\\\/vivalr.com\\\/product\\\/12098.html#breadcrumb\"},\"inLanguage\":\"es\",\"potentialAction\":[{\"@type\":\"ReadAction\",\"target\":[\"https:\\\/\\\/vivalr.com\\\/product\\\/12098.html\"]}]},{\"@type\":\"ImageObject\",\"inLanguage\":\"es\",\"@id\":\"https:\\\/\\\/vivalr.com\\\/product\\\/12098.html#primaryimage\",\"url\":\"https:\\\/\\\/vivalr.com\\\/wp-content\\\/uploads\\\/2025\\\/03\\\/Tert-butylhydroquinone-TBHQ-Cas-1948-33-0.jpg\",\"contentUrl\":\"https:\\\/\\\/vivalr.com\\\/wp-content\\\/uploads\\\/2025\\\/03\\\/Tert-butylhydroquinone-TBHQ-Cas-1948-33-0.jpg\",\"width\":350,\"height\":350},{\"@type\":\"BreadcrumbList\",\"@id\":\"https:\\\/\\\/vivalr.com\\\/product\\\/12098.html#breadcrumb\",\"itemListElement\":[{\"@type\":\"ListItem\",\"position\":1,\"name\":\"Home\",\"item\":\"https:\\\/\\\/vivalr.com\\\/\"},{\"@type\":\"ListItem\",\"position\":2,\"name\":\"Shop\",\"item\":\"https:\\\/\\\/vivalr.com\\\/shop\\\/\"},{\"@type\":\"ListItem\",\"position\":3,\"name\":\"Factory Supply Tert-butylhydroquinone TBHQ Cas 1948-33-0 With Best Price\"}]},{\"@type\":\"WebSite\",\"@id\":\"https:\\\/\\\/vivalr.com\\\/#website\",\"url\":\"https:\\\/\\\/vivalr.com\\\/\",\"name\":\"Welcome to VIVALR- Your Trusted Source for Chemical Raw Materials\uff01\",\"description\":\"Discover a wide range of high-quality chemical raw materials to meet your industrial needs. Our commitment to excellence ensures that you get the best products and services.\",\"potentialAction\":[{\"@type\":\"SearchAction\",\"target\":{\"@type\":\"EntryPoint\",\"urlTemplate\":\"https:\\\/\\\/vivalr.com\\\/?s={search_term_string}\"},\"query-input\":{\"@type\":\"PropertyValueSpecification\",\"valueRequired\":true,\"valueName\":\"search_term_string\"}}],\"inLanguage\":\"es\"}]}<\/script>\n<!-- \/ Yoast SEO Premium plugin. -->","yoast_head_json":{"title":"Suministro de f\u00e1brica Tert-butilhidroquinona TBHQ Cas 1948-33-0 Con el mejor precio - Bienvenido a VIVALR- Su fuente de confianza para las materias primas qu\u00edmicas\uff01.","robots":{"index":"index","follow":"follow","max-snippet":"max-snippet:-1","max-image-preview":"max-image-preview:large","max-video-preview":"max-video-preview:-1"},"canonical":"https:\/\/vivalr.com\/es\/product\/12098.html","og_locale":"es_MX","og_type":"article","og_title":"Factory Supply Tert-butylhydroquinone TBHQ Cas 1948-33-0 With Best Price","og_description":"Factory Supply Tert-butylhydroquinone TBHQ Cas 1948-33-0 With Best Price - User Guide Basic Information and Parameters Product Uses Product Usage Usage Case Studies Contact Information Basic Information and Parameters Tert-butylhydroquinone (TBHQ) with the CAS number 1948 - 33 - 0 is a synthetic aromatic organic compound. It is a type of phenolic antioxidant, which is [&hellip;]","og_url":"https:\/\/vivalr.com\/es\/product\/12098.html","og_site_name":"Welcome to VIVALR- Your Trusted Source for Chemical Raw Materials\uff01","article_modified_time":"2025-03-07T12:44:30+00:00","og_image":[{"width":350,"height":350,"url":"https:\/\/vivalr.com\/wp-content\/uploads\/2025\/03\/Tert-butylhydroquinone-TBHQ-Cas-1948-33-0.jpg","type":"image\/jpeg"}],"twitter_card":"summary_large_image","twitter_misc":{"Tiempo de lectura":"3 minutos"},"schema":{"@context":"https:\/\/schema.org","@graph":[{"@type":"WebPage","@id":"https:\/\/vivalr.com\/product\/12098.html","url":"https:\/\/vivalr.com\/product\/12098.html","name":"Suministro de f\u00e1brica Tert-butilhidroquinona TBHQ Cas 1948-33-0 Con el mejor precio - Bienvenido a VIVALR- Su fuente de confianza para las materias primas qu\u00edmicas\uff01.","isPartOf":{"@id":"https:\/\/vivalr.com\/#website"},"primaryImageOfPage":{"@id":"https:\/\/vivalr.com\/product\/12098.html#primaryimage"},"image":{"@id":"https:\/\/vivalr.com\/product\/12098.html#primaryimage"},"thumbnailUrl":"https:\/\/vivalr.com\/wp-content\/uploads\/2025\/03\/Tert-butylhydroquinone-TBHQ-Cas-1948-33-0.jpg","datePublished":"2025-03-07T12:18:37+00:00","dateModified":"2025-03-07T12:44:30+00:00","breadcrumb":{"@id":"https:\/\/vivalr.com\/product\/12098.html#breadcrumb"},"inLanguage":"es","potentialAction":[{"@type":"ReadAction","target":["https:\/\/vivalr.com\/product\/12098.html"]}]},{"@type":"ImageObject","inLanguage":"es","@id":"https:\/\/vivalr.com\/product\/12098.html#primaryimage","url":"https:\/\/vivalr.com\/wp-content\/uploads\/2025\/03\/Tert-butylhydroquinone-TBHQ-Cas-1948-33-0.jpg","contentUrl":"https:\/\/vivalr.com\/wp-content\/uploads\/2025\/03\/Tert-butylhydroquinone-TBHQ-Cas-1948-33-0.jpg","width":350,"height":350},{"@type":"BreadcrumbList","@id":"https:\/\/vivalr.com\/product\/12098.html#breadcrumb","itemListElement":[{"@type":"ListItem","position":1,"name":"Home","item":"https:\/\/vivalr.com\/"},{"@type":"ListItem","position":2,"name":"Shop","item":"https:\/\/vivalr.com\/shop\/"},{"@type":"ListItem","position":3,"name":"Factory Supply Tert-butylhydroquinone TBHQ Cas 1948-33-0 With Best Price"}]},{"@type":"WebSite","@id":"https:\/\/vivalr.com\/#website","url":"https:\/\/vivalr.com\/","name":"Bienvenido a VIVALR- Su fuente de confianza para materias primas qu\u00edmicas\uff01","description":"Descubra una amplia gama de materias primas qu\u00edmicas de alta calidad para satisfacer sus necesidades industriales. Nuestro compromiso con la excelencia le garantiza los mejores productos y servicios.","potentialAction":[{"@type":"SearchAction","target":{"@type":"EntryPoint","urlTemplate":"https:\/\/vivalr.com\/?s={search_term_string}"},"query-input":{"@type":"PropertyValueSpecification","valueRequired":true,"valueName":"search_term_string"}}],"inLanguage":"es"}]}},"_links":{"self":[{"href":"https:\/\/vivalr.com\/es\/wp-json\/wp\/v2\/product\/12098","targetHints":{"allow":["GET"]}}],"collection":[{"href":"https:\/\/vivalr.com\/es\/wp-json\/wp\/v2\/product"}],"about":[{"href":"https:\/\/vivalr.com\/es\/wp-json\/wp\/v2\/types\/product"}],"replies":[{"embeddable":true,"href":"https:\/\/vivalr.com\/es\/wp-json\/wp\/v2\/comments?post=12098"}],"wp:featuredmedia":[{"embeddable":true,"href":"https:\/\/vivalr.com\/es\/wp-json\/wp\/v2\/media\/27089"}],"wp:attachment":[{"href":"https:\/\/vivalr.com\/es\/wp-json\/wp\/v2\/media?parent=12098"}],"wp:term":[{"taxonomy":"product_brand","embeddable":true,"href":"https:\/\/vivalr.com\/es\/wp-json\/wp\/v2\/product_brand?post=12098"},{"taxonomy":"product_cat","embeddable":true,"href":"https:\/\/vivalr.com\/es\/wp-json\/wp\/v2\/product_cat?post=12098"},{"taxonomy":"product_tag","embeddable":true,"href":"https:\/\/vivalr.com\/es\/wp-json\/wp\/v2\/product_tag?post=12098"}],"curies":[{"name":"wp","href":"https:\/\/api.w.org\/{rel}","templated":true}]}}