{"id":12140,"date":"2025-03-07T12:18:39","date_gmt":"2025-03-07T12:18:39","guid":{"rendered":"https:\/\/vivalr.com\/product\/12140.html"},"modified":"2025-03-07T12:44:35","modified_gmt":"2025-03-07T12:44:35","slug":"factory-supply-isopropyl-isocyanate-cas-1795-48-8-with-best-price","status":"publish","type":"product","link":"https:\/\/vivalr.com\/es\/product\/12140.html","title":{"rendered":"Suministro de f\u00e1brica isocianato de isopropilo CAS 1795-48-8 con el mejor precio"},"content":{"rendered":"<h1>Gu\u00eda del usuario de isocianato de isopropilo CAS 1795-48-8 suministrado de f\u00e1brica<\/h1>\n<h2>\u00cdndice<\/h2>\n<ul>\n<li><a href=\"#basic_info\">1. Informaci\u00f3n b\u00e1sica y par\u00e1metros<\/a><\/li>\n<li><a href=\"#uses\">2. Usos del producto<\/a><\/li>\n<li><a href=\"#usage\">3. Uso del producto<\/a><\/li>\n<li><a href=\"#case_study\">4. Casos pr\u00e1cticos de uso de productos<\/a><\/li>\n<li><a href=\"#contact\">5. 5. Informaci\u00f3n de contacto<\/a><\/li>\n<\/ul>\n<h2 id=\"basic_info\">1. Informaci\u00f3n b\u00e1sica y par\u00e1metros<\/h2>\n<p>El isocianato de isopropilo, con n\u00famero CAS 1795-48-8, es un compuesto qu\u00edmico ampliamente utilizado en diversas aplicaciones industriales. Este producto se suministra al mejor precio, garantizando la rentabilidad para nuestros clientes. La f\u00f3rmula molecular del isocianato de isopropilo es C4H7NO, y tiene una masa molar de aproximadamente 85,10 g\/mol. Es un l\u00edquido entre incoloro y amarillo p\u00e1lido con un olor acre caracter\u00edstico. El punto de ebullici\u00f3n de este compuesto es de unos 85 - 86\u00b0C, y la densidad es de unos 0,907 g\/mL a 25\u00b0C. Tiene un punto de inflamaci\u00f3n de aproximadamente 12\u00b0C, lo que significa que es inflamable y requiere una manipulaci\u00f3n y almacenamiento adecuados.<\/p>\n<h2 id=\"uses\">2. Usos del producto<\/h2>\n<p>El isocianato de isopropilo es una sustancia qu\u00edmica vers\u00e1til con m\u00faltiples aplicaciones. En el campo de la qu\u00edmica de pol\u00edmeros, se utiliza como intermediario clave en la s\u00edntesis de poliuretanos. Los poliuretanos se utilizan ampliamente en la fabricaci\u00f3n de espumas, elast\u00f3meros, revestimientos y adhesivos. La reacci\u00f3n del isocianato de isopropilo con polioles da lugar a la formaci\u00f3n de pol\u00edmeros de poliuretano con excelentes propiedades mec\u00e1nicas y qu\u00edmicas.<\/p>\n<p>Tambi\u00e9n encuentra aplicaciones en la industria farmac\u00e9utica. El isopropilisocianato puede utilizarse en la s\u00edntesis de diversos productos farmac\u00e9uticos intermedios, que luego se emplean para producir f\u00e1rmacos con distintos fines terap\u00e9uticos. Por ejemplo, puede utilizarse en la s\u00edntesis de compuestos con propiedades antiinflamatorias o analg\u00e9sicas.<\/p>\n<p>En la industria agroqu\u00edmica, el isocianato de isopropilo se utiliza en la producci\u00f3n de pesticidas y herbicidas. Puede reaccionar con otros productos qu\u00edmicos para formar ingredientes activos eficaces en el control de plagas y malas hierbas, mejorando as\u00ed el rendimiento de los cultivos.<\/p>\n<h2 id=\"usage\">3. Uso del producto<\/h2>\n<p>Cuando utilice isocianato de isopropilo Factory Supply, es fundamental seguir unos protocolos de seguridad estrictos. En primer lugar, debe almacenarse en un lugar fresco, seco y bien ventilado, lejos de fuentes de calor e ignici\u00f3n. Los trabajadores que manipulen este producto deben llevar el equipo de protecci\u00f3n personal adecuado, incluyendo guantes, gafas de seguridad y un respirador. <\/p>\n<p>Durante el proceso de manipulaci\u00f3n, el trasvase de isocianato de isopropilo debe realizarse en un sistema cerrado para evitar fugas y exposici\u00f3n. Si se produce un derrame, debe limpiarse inmediatamente utilizando materiales absorbentes adecuados, y la zona debe estar bien ventilada para dispersar los vapores. <\/p>\n<p>En el proceso de s\u00edntesis, las condiciones de reacci\u00f3n, como la temperatura, la presi\u00f3n y el tiempo de reacci\u00f3n, deben controlarse cuidadosamente en funci\u00f3n de los requisitos espec\u00edficos de la reacci\u00f3n. La reacci\u00f3n debe llevarse a cabo en un reactor adecuado, y los reactivos deben a\u00f1adirse en una secuencia apropiada para garantizar la eficacia y la seguridad de la reacci\u00f3n.<\/p>\n<h2 id=\"case_study\">4. Casos pr\u00e1cticos de uso de productos<\/h2>\n<p>Caso 1: Producci\u00f3n de espuma de poliuretano<br \/>\nUna empresa de fabricaci\u00f3n de muebles utiliz\u00f3 isocianato de isopropilo Factory Supply en la producci\u00f3n de espumas de poliuretano para cojines de sof\u00e1. Utilizando este producto, pudieron producir espumas con excelente elasticidad y durabilidad. Las espumas ten\u00edan una estructura celular uniforme, lo que mejoraba la comodidad de los sof\u00e1s. El proceso de producci\u00f3n se optimiz\u00f3 controlando cuidadosamente las condiciones de reacci\u00f3n, y la empresa pudo aumentar su eficiencia de producci\u00f3n en 20% y reducir el coste en 15%. <\/p>\n<p>Caso 2: S\u00edntesis de intermedios farmac\u00e9uticos<br \/>\nUna empresa de investigaci\u00f3n y desarrollo farmac\u00e9utico utiliz\u00f3 isocianato de isopropilo en la s\u00edntesis de un nuevo f\u00e1rmaco antiinflamatorio intermedio. La reacci\u00f3n se llev\u00f3 a cabo en un entorno controlado y se obtuvo un producto intermedio de gran pureza. El proceso posterior de desarrollo del f\u00e1rmaco fue fluido y el f\u00e1rmaco final demostr\u00f3 una buena eficacia en los ensayos precl\u00ednicos. Este \u00e9xito dio lugar a nuevos proyectos de investigaci\u00f3n y desarrollo con isocianato de isopropilo en la empresa.<\/p>\n<h2 id=\"contact\">5. 5. Informaci\u00f3n de contacto<\/h2>\n<p>Si tiene preguntas o necesita m\u00e1s informaci\u00f3n sobre Suministro de f\u00e1brica isocianato de isopropilo CAS 1795 - 48 - 8, no dude en ponerse en contacto con nosotros. Nuestro correo electr\u00f3nico es info@vivalr.com, y nuestro n\u00famero de tel\u00e9fono es (86) 15866781826.<\/p>","protected":false},"excerpt":{"rendered":"<p>Factory Supply Isopropyl isocyanate CAS 1795-48-8 User Guide Table of Contents 1. Basic Information and Parameters 2. Product Uses 3. Product Usage 4. Product Usage Case Studies 5. Contact Information 1. Basic Information and Parameters Factory Supply Isopropyl isocyanate, with CAS number 1795-48-8, is a chemical compound widely used in various industrial applications. This product [&hellip;]<\/p>","protected":false},"featured_media":27110,"comment_status":"closed","ping_status":"open","template":"","meta":[],"product_brand":[],"product_cat":[15],"product_tag":[],"class_list":{"0":"post-12140","1":"product","2":"type-product","3":"status-publish","4":"has-post-thumbnail","6":"product_cat-uncategorized","8":"first","9":"instock","10":"product-type-simple"},"yoast_head":"<!-- This site is optimized with the Yoast SEO Premium plugin v24.4 (Yoast SEO v25.0) - https:\/\/yoast.com\/wordpress\/plugins\/seo\/ -->\n<title>Factory Supply Isopropyl isocyanate CAS 1795-48-8 With Best Price - Welcome to VIVALR- Your Trusted Source for Chemical Raw Materials\uff01<\/title>\n<meta name=\"robots\" content=\"index, follow, max-snippet:-1, max-image-preview:large, max-video-preview:-1\" \/>\n<link rel=\"canonical\" href=\"https:\/\/vivalr.com\/es\/product\/12140.html\" \/>\n<meta property=\"og:locale\" content=\"es_MX\" \/>\n<meta property=\"og:type\" content=\"article\" \/>\n<meta property=\"og:title\" content=\"Factory Supply Isopropyl isocyanate CAS 1795-48-8 With Best Price\" \/>\n<meta property=\"og:description\" content=\"Factory Supply Isopropyl isocyanate CAS 1795-48-8 User Guide Table of Contents 1. Basic Information and Parameters 2. Product Uses 3. Product Usage 4. Product Usage Case Studies 5. Contact Information 1. Basic Information and Parameters Factory Supply Isopropyl isocyanate, with CAS number 1795-48-8, is a chemical compound widely used in various industrial applications. This product [&hellip;]\" \/>\n<meta property=\"og:url\" content=\"https:\/\/vivalr.com\/es\/product\/12140.html\" \/>\n<meta property=\"og:site_name\" content=\"Welcome to VIVALR- Your Trusted Source for Chemical Raw Materials\uff01\" \/>\n<meta property=\"article:modified_time\" content=\"2025-03-07T12:44:35+00:00\" \/>\n<meta property=\"og:image\" content=\"https:\/\/vivalr.com\/wp-content\/uploads\/2025\/03\/isopropyl-isocyanate-cas-1795-48-8.jpg\" \/>\n\t<meta property=\"og:image:width\" content=\"600\" \/>\n\t<meta property=\"og:image:height\" content=\"654\" \/>\n\t<meta property=\"og:image:type\" content=\"image\/jpeg\" \/>\n<meta name=\"twitter:card\" content=\"summary_large_image\" \/>\n<meta name=\"twitter:label1\" content=\"Tiempo de lectura\" \/>\n\t<meta name=\"twitter:data1\" content=\"3 minutos\" \/>\n<script type=\"application\/ld+json\" class=\"yoast-schema-graph\">{\"@context\":\"https:\/\/schema.org\",\"@graph\":[{\"@type\":\"WebPage\",\"@id\":\"https:\/\/vivalr.com\/product\/12140.html\",\"url\":\"https:\/\/vivalr.com\/product\/12140.html\",\"name\":\"Factory Supply Isopropyl isocyanate CAS 1795-48-8 With Best Price - Welcome to VIVALR- Your Trusted Source for Chemical Raw Materials\uff01\",\"isPartOf\":{\"@id\":\"https:\/\/vivalr.com\/#website\"},\"primaryImageOfPage\":{\"@id\":\"https:\/\/vivalr.com\/product\/12140.html#primaryimage\"},\"image\":{\"@id\":\"https:\/\/vivalr.com\/product\/12140.html#primaryimage\"},\"thumbnailUrl\":\"https:\/\/vivalr.com\/wp-content\/uploads\/2025\/03\/isopropyl-isocyanate-cas-1795-48-8.jpg\",\"datePublished\":\"2025-03-07T12:18:39+00:00\",\"dateModified\":\"2025-03-07T12:44:35+00:00\",\"breadcrumb\":{\"@id\":\"https:\/\/vivalr.com\/product\/12140.html#breadcrumb\"},\"inLanguage\":\"es\",\"potentialAction\":[{\"@type\":\"ReadAction\",\"target\":[\"https:\/\/vivalr.com\/product\/12140.html\"]}]},{\"@type\":\"ImageObject\",\"inLanguage\":\"es\",\"@id\":\"https:\/\/vivalr.com\/product\/12140.html#primaryimage\",\"url\":\"https:\/\/vivalr.com\/wp-content\/uploads\/2025\/03\/isopropyl-isocyanate-cas-1795-48-8.jpg\",\"contentUrl\":\"https:\/\/vivalr.com\/wp-content\/uploads\/2025\/03\/isopropyl-isocyanate-cas-1795-48-8.jpg\",\"width\":600,\"height\":654},{\"@type\":\"BreadcrumbList\",\"@id\":\"https:\/\/vivalr.com\/product\/12140.html#breadcrumb\",\"itemListElement\":[{\"@type\":\"ListItem\",\"position\":1,\"name\":\"Home\",\"item\":\"https:\/\/vivalr.com\/\"},{\"@type\":\"ListItem\",\"position\":2,\"name\":\"Shop\",\"item\":\"https:\/\/vivalr.com\/shop\/\"},{\"@type\":\"ListItem\",\"position\":3,\"name\":\"Factory Supply Isopropyl isocyanate CAS 1795-48-8 With Best Price\"}]},{\"@type\":\"WebSite\",\"@id\":\"https:\/\/vivalr.com\/#website\",\"url\":\"https:\/\/vivalr.com\/\",\"name\":\"Welcome to VIVALR- Your Trusted Source for Chemical Raw Materials\uff01\",\"description\":\"Discover a wide range of high-quality chemical raw materials to meet your industrial needs. Our commitment to excellence ensures that you get the best products and services.\",\"potentialAction\":[{\"@type\":\"SearchAction\",\"target\":{\"@type\":\"EntryPoint\",\"urlTemplate\":\"https:\/\/vivalr.com\/?s={search_term_string}\"},\"query-input\":{\"@type\":\"PropertyValueSpecification\",\"valueRequired\":true,\"valueName\":\"search_term_string\"}}],\"inLanguage\":\"es\"}]}<\/script>\n<!-- \/ Yoast SEO Premium plugin. -->","yoast_head_json":{"title":"Suministro de f\u00e1brica isocianato de isopropilo CAS 1795-48-8 con el mejor precio - Bienvenido a VIVALR- Su fuente de confianza para las materias primas qu\u00edmicas\uff01","robots":{"index":"index","follow":"follow","max-snippet":"max-snippet:-1","max-image-preview":"max-image-preview:large","max-video-preview":"max-video-preview:-1"},"canonical":"https:\/\/vivalr.com\/es\/product\/12140.html","og_locale":"es_MX","og_type":"article","og_title":"Factory Supply Isopropyl isocyanate CAS 1795-48-8 With Best Price","og_description":"Factory Supply Isopropyl isocyanate CAS 1795-48-8 User Guide Table of Contents 1. Basic Information and Parameters 2. Product Uses 3. Product Usage 4. Product Usage Case Studies 5. Contact Information 1. Basic Information and Parameters Factory Supply Isopropyl isocyanate, with CAS number 1795-48-8, is a chemical compound widely used in various industrial applications. This product [&hellip;]","og_url":"https:\/\/vivalr.com\/es\/product\/12140.html","og_site_name":"Welcome to VIVALR- Your Trusted Source for Chemical Raw Materials\uff01","article_modified_time":"2025-03-07T12:44:35+00:00","og_image":[{"width":600,"height":654,"url":"https:\/\/vivalr.com\/wp-content\/uploads\/2025\/03\/isopropyl-isocyanate-cas-1795-48-8.jpg","type":"image\/jpeg"}],"twitter_card":"summary_large_image","twitter_misc":{"Tiempo de lectura":"3 minutos"},"schema":{"@context":"https:\/\/schema.org","@graph":[{"@type":"WebPage","@id":"https:\/\/vivalr.com\/product\/12140.html","url":"https:\/\/vivalr.com\/product\/12140.html","name":"Suministro de f\u00e1brica isocianato de isopropilo CAS 1795-48-8 con el mejor precio - Bienvenido a VIVALR- Su fuente de confianza para las materias primas qu\u00edmicas\uff01","isPartOf":{"@id":"https:\/\/vivalr.com\/#website"},"primaryImageOfPage":{"@id":"https:\/\/vivalr.com\/product\/12140.html#primaryimage"},"image":{"@id":"https:\/\/vivalr.com\/product\/12140.html#primaryimage"},"thumbnailUrl":"https:\/\/vivalr.com\/wp-content\/uploads\/2025\/03\/isopropyl-isocyanate-cas-1795-48-8.jpg","datePublished":"2025-03-07T12:18:39+00:00","dateModified":"2025-03-07T12:44:35+00:00","breadcrumb":{"@id":"https:\/\/vivalr.com\/product\/12140.html#breadcrumb"},"inLanguage":"es","potentialAction":[{"@type":"ReadAction","target":["https:\/\/vivalr.com\/product\/12140.html"]}]},{"@type":"ImageObject","inLanguage":"es","@id":"https:\/\/vivalr.com\/product\/12140.html#primaryimage","url":"https:\/\/vivalr.com\/wp-content\/uploads\/2025\/03\/isopropyl-isocyanate-cas-1795-48-8.jpg","contentUrl":"https:\/\/vivalr.com\/wp-content\/uploads\/2025\/03\/isopropyl-isocyanate-cas-1795-48-8.jpg","width":600,"height":654},{"@type":"BreadcrumbList","@id":"https:\/\/vivalr.com\/product\/12140.html#breadcrumb","itemListElement":[{"@type":"ListItem","position":1,"name":"Home","item":"https:\/\/vivalr.com\/"},{"@type":"ListItem","position":2,"name":"Shop","item":"https:\/\/vivalr.com\/shop\/"},{"@type":"ListItem","position":3,"name":"Factory Supply Isopropyl isocyanate CAS 1795-48-8 With Best Price"}]},{"@type":"WebSite","@id":"https:\/\/vivalr.com\/#website","url":"https:\/\/vivalr.com\/","name":"Bienvenido a VIVALR- Su fuente de confianza para materias primas qu\u00edmicas\uff01","description":"Descubra una amplia gama de materias primas qu\u00edmicas de alta calidad para satisfacer sus necesidades industriales. Nuestro compromiso con la excelencia le garantiza los mejores productos y servicios.","potentialAction":[{"@type":"SearchAction","target":{"@type":"EntryPoint","urlTemplate":"https:\/\/vivalr.com\/?s={search_term_string}"},"query-input":{"@type":"PropertyValueSpecification","valueRequired":true,"valueName":"search_term_string"}}],"inLanguage":"es"}]}},"_links":{"self":[{"href":"https:\/\/vivalr.com\/es\/wp-json\/wp\/v2\/product\/12140","targetHints":{"allow":["GET"]}}],"collection":[{"href":"https:\/\/vivalr.com\/es\/wp-json\/wp\/v2\/product"}],"about":[{"href":"https:\/\/vivalr.com\/es\/wp-json\/wp\/v2\/types\/product"}],"replies":[{"embeddable":true,"href":"https:\/\/vivalr.com\/es\/wp-json\/wp\/v2\/comments?post=12140"}],"wp:featuredmedia":[{"embeddable":true,"href":"https:\/\/vivalr.com\/es\/wp-json\/wp\/v2\/media\/27110"}],"wp:attachment":[{"href":"https:\/\/vivalr.com\/es\/wp-json\/wp\/v2\/media?parent=12140"}],"wp:term":[{"taxonomy":"product_brand","embeddable":true,"href":"https:\/\/vivalr.com\/es\/wp-json\/wp\/v2\/product_brand?post=12140"},{"taxonomy":"product_cat","embeddable":true,"href":"https:\/\/vivalr.com\/es\/wp-json\/wp\/v2\/product_cat?post=12140"},{"taxonomy":"product_tag","embeddable":true,"href":"https:\/\/vivalr.com\/es\/wp-json\/wp\/v2\/product_tag?post=12140"}],"curies":[{"name":"wp","href":"https:\/\/api.w.org\/{rel}","templated":true}]}}