{"id":12146,"date":"2025-03-07T12:18:39","date_gmt":"2025-03-07T12:18:39","guid":{"rendered":"https:\/\/vivalr.com\/product\/12146.html"},"modified":"2025-03-07T12:44:36","modified_gmt":"2025-03-07T12:44:36","slug":"factory-supply-n-acetyl-l-methionine-cas-65-82-7-with-best-price","status":"publish","type":"product","link":"https:\/\/vivalr.com\/es\/product\/12146.html","title":{"rendered":"Fuente de la f\u00e1brica N-acetil-L-metionina CAS 65-82-7 con el mejor precio"},"content":{"rendered":"<h1>Gu\u00eda del usuario: F\u00e1brica de suministro de N-acetil-L-metionina CAS 65-82-7 con el mejor precio<\/h1>\n<ol>\n<li><a href=\"#basic-info\">Informaci\u00f3n b\u00e1sica y par\u00e1metros<\/a><\/li>\n<li><a href=\"#uses\">Usos del producto<\/a><\/li>\n<li><a href=\"#usage\">C\u00f3mo utilizar el producto<\/a><\/li>\n<li><a href=\"#case-studies\">Casos pr\u00e1cticos<\/a><\/li>\n<li><a href=\"#contact\">Informaci\u00f3n de contacto<\/a><\/li>\n<\/ol>\n<h2 id=\"basic-info\">Informaci\u00f3n b\u00e1sica y par\u00e1metros<\/h2>\n<p>El producto que estamos introduciendo es el suministro de f\u00e1brica N-Acetil-L-metionina con n\u00famero CAS 65 - 82 - 7. N - acetil - L - metionina es una forma acetilada del amino\u00e1cido esencial L - metionina. Tiene una f\u00f3rmula molecular de C7H13NO3S y un peso molecular de aproximadamente 191,25 g\/mol. <\/p>\n<p>Nuestro producto se suministra de f\u00e1brica, lo que significa que podemos ofrecerlo al mejor precio sin comprometer la calidad. La pureza de nuestro N - acetil - L - metionina cumple con altos - est\u00e1ndares de la industria, lo que garantiza su eficacia y fiabilidad para diversas aplicaciones.<\/p>\n<h2 id=\"uses\">Usos del producto<\/h2>\n<p>1. **En la industria farmac\u00e9utica**: La N - Acetil - L - metionina tiene propiedades antioxidantes. Puede ayudar a proteger las c\u00e9lulas del estr\u00e9s oxidativo y de los da\u00f1os causados por los radicales libres. Esto la convierte en un ingrediente potencial en medicamentos para el tratamiento de enfermedades hep\u00e1ticas, ya que puede favorecer la funci\u00f3n hep\u00e1tica y ayudar en el proceso de desintoxicaci\u00f3n. <\/p>\n<p>2. **En la industria alimentaria**: Puede utilizarse como aditivo alimentario. Debido a su naturaleza de amino\u00e1cido, puede aumentar el valor nutritivo de los productos alimenticios. Tambi\u00e9n puede contribuir al sabor y aroma de ciertos alimentos, actuando como potenciador del sabor en algunos casos.<\/p>\n<p>3. **En la industria cosm\u00e9tica**: La propiedad antioxidante de la N - Acetil - L - metionina la hace adecuada para su uso en productos para el cuidado de la piel. Puede ayudar a prevenir el envejecimiento de la piel reduciendo los da\u00f1os causados por el estr\u00e9s oxidativo, como las arrugas y las l\u00edneas de expresi\u00f3n. Tambi\u00e9n puede tener efectos hidratantes sobre la piel.<\/p>\n<h2 id=\"usage\">C\u00f3mo utilizar el producto<\/h2>\n<p>1. **En aplicaciones farmac\u00e9uticas**: Cuando se utiliza en la formulaci\u00f3n de medicamentos, la dosis y el m\u00e9todo de uso deben ser determinados por investigadores farmac\u00e9uticos y m\u00e9dicos profesionales. Normalmente, se combina con otros ingredientes seg\u00fan prescripciones espec\u00edficas. Por ejemplo, en f\u00e1rmacos protectores del h\u00edgado, puede formularse en comprimidos, c\u00e1psulas o soluciones inyectables. <\/p>\n<p>2. **En la industria alimentaria**: La cantidad de uso de N - Acetil - L - metionina en los alimentos debe cumplir las normas de seguridad alimentaria pertinentes. Puede a\u00f1adirse directamente a los productos alimenticios durante el proceso de fabricaci\u00f3n. Por ejemplo, en algunos complementos nutricionales, se mezcla con otras vitaminas y minerales en proporciones adecuadas.<\/p>\n<p>3. **En la industria cosm\u00e9tica**: En los productos para el cuidado de la piel, puede incorporarse a cremas, lociones o sueros. La concentraci\u00f3n de N - Acetil - L - metionina en estos productos puede variar en funci\u00f3n de la formulaci\u00f3n espec\u00edfica y del efecto perseguido. Suele a\u00f1adirse durante el proceso de emulsificaci\u00f3n o mezcla de los productos cosm\u00e9ticos.<\/p>\n<h2 id=\"case-studies\">Casos pr\u00e1cticos<\/h2>\n<p>1. **Caso farmac\u00e9utico**: En un proyecto de investigaci\u00f3n sobre el tratamiento de enfermedades hep\u00e1ticas se utiliz\u00f3 N - Acetil - L - metionina en combinaci\u00f3n con otros f\u00e1rmacos. Un grupo de pacientes con da\u00f1o hep\u00e1tico leve se dividi\u00f3 en dos grupos. Un grupo recibi\u00f3 el tratamiento est\u00e1ndar, mientras que el otro grupo recibi\u00f3 el tratamiento est\u00e1ndar m\u00e1s una determinada dosis de N - Acetil - L - metionina. Tras un periodo de tratamiento, el grupo que utiliz\u00f3 N - Acetil - L - metionina mostr\u00f3 una mejor\u00eda en los indicadores de la funci\u00f3n hep\u00e1tica, como la disminuci\u00f3n de los niveles de enzimas hep\u00e1ticas en sangre.<\/p>\n<p>2. **Caso de la industria alimentaria**: Una empresa alimentaria a\u00f1adi\u00f3 N - Acetil - L - metionina a una nueva l\u00ednea de barritas nutricionales. Realizaron evaluaciones sensoriales y descubrieron que la adici\u00f3n de este ingrediente no s\u00f3lo aumentaba el valor nutricional de las barritas, sino que tambi\u00e9n mejoraba su sabor. Las ventas de estas barritas nutricionales aumentaron significativamente en comparaci\u00f3n con los productos anteriores sin N - Acetil - L - metionina.<\/p>\n<p>3. **Caso de la industria cosm\u00e9tica**: Una marca de productos para el cuidado de la piel desarrolla un nuevo suero antienvejecimiento que contiene N - Acetil - L - metionina. Realizaron un ensayo cl\u00ednico con un grupo de voluntarias de entre 35 y 50 a\u00f1os. Tras utilizar el suero durante 8 semanas, la mayor\u00eda de las voluntarias informaron de una reducci\u00f3n visible del aspecto de las arrugas y una mejora de la hidrataci\u00f3n de la piel. Las ventas de la marca de este suero tambi\u00e9n aumentaron debido a los comentarios positivos de los clientes.<\/p>\n<h2 id=\"contact\">Informaci\u00f3n de contacto<\/h2>\n<p>Si usted tiene alguna pregunta o necesita m\u00e1s informaci\u00f3n acerca de nuestro suministro de f\u00e1brica N - acetil - L - metionina CAS 65 - 82 - 7, por favor no dude en contactar con nosotros. Nuestra direcci\u00f3n de correo electr\u00f3nico es info@vivalr.com, y nuestro n\u00famero de tel\u00e9fono es (86) 15866781826.<\/p>","protected":false},"excerpt":{"rendered":"<p>User Guide: Factory Supply N-Acetyl-L-methionine CAS 65-82-7 With Best Price Basic Information and Parameters Uses of the Product How to Use the Product Usage Case Studies Contact Information Basic Information and Parameters The product we are introducing is Factory Supply N-Acetyl-L-methionine with CAS number 65 - 82 - 7. N - Acetyl - L - [&hellip;]<\/p>","protected":false},"featured_media":27113,"comment_status":"closed","ping_status":"open","template":"","meta":[],"product_brand":[],"product_cat":[15],"product_tag":[],"class_list":{"0":"post-12146","1":"product","2":"type-product","3":"status-publish","4":"has-post-thumbnail","6":"product_cat-uncategorized","8":"first","9":"instock","10":"product-type-simple"},"yoast_head":"<!-- This site is optimized with the Yoast SEO Premium plugin v24.4 (Yoast SEO v27.4) - https:\/\/yoast.com\/product\/yoast-seo-premium-wordpress\/ -->\n<title>Factory Supply N-Acetyl-L-methionine CAS 65-82-7 With Best Price - Welcome to VIVALR- Your Trusted Source for Chemical Raw Materials\uff01<\/title>\n<meta name=\"robots\" content=\"index, follow, max-snippet:-1, max-image-preview:large, max-video-preview:-1\" \/>\n<link rel=\"canonical\" href=\"https:\/\/vivalr.com\/es\/product\/12146.html\" \/>\n<meta property=\"og:locale\" content=\"es_MX\" \/>\n<meta property=\"og:type\" content=\"article\" \/>\n<meta property=\"og:title\" content=\"Factory Supply N-Acetyl-L-methionine CAS 65-82-7 With Best Price\" \/>\n<meta property=\"og:description\" content=\"User Guide: Factory Supply N-Acetyl-L-methionine CAS 65-82-7 With Best Price Basic Information and Parameters Uses of the Product How to Use the Product Usage Case Studies Contact Information Basic Information and Parameters The product we are introducing is Factory Supply N-Acetyl-L-methionine with CAS number 65 - 82 - 7. N - Acetyl - L - [&hellip;]\" \/>\n<meta property=\"og:url\" content=\"https:\/\/vivalr.com\/es\/product\/12146.html\" \/>\n<meta property=\"og:site_name\" content=\"Welcome to VIVALR- Your Trusted Source for Chemical Raw Materials\uff01\" \/>\n<meta property=\"article:modified_time\" content=\"2025-03-07T12:44:36+00:00\" \/>\n<meta property=\"og:image\" content=\"https:\/\/vivalr.com\/wp-content\/uploads\/2025\/03\/N-Acetyl-L-methionine-cas-65-82-7.jpg\" \/>\n\t<meta property=\"og:image:width\" content=\"350\" \/>\n\t<meta property=\"og:image:height\" content=\"350\" \/>\n\t<meta property=\"og:image:type\" content=\"image\/jpeg\" \/>\n<meta name=\"twitter:card\" content=\"summary_large_image\" \/>\n<meta name=\"twitter:label1\" content=\"Tiempo de lectura\" \/>\n\t<meta name=\"twitter:data1\" content=\"4 minutos\" \/>\n<script type=\"application\/ld+json\" class=\"yoast-schema-graph\">{\"@context\":\"https:\\\/\\\/schema.org\",\"@graph\":[{\"@type\":\"WebPage\",\"@id\":\"https:\\\/\\\/vivalr.com\\\/product\\\/12146.html\",\"url\":\"https:\\\/\\\/vivalr.com\\\/product\\\/12146.html\",\"name\":\"Factory Supply N-Acetyl-L-methionine CAS 65-82-7 With Best Price - Welcome to VIVALR- Your Trusted Source for Chemical Raw Materials\uff01\",\"isPartOf\":{\"@id\":\"https:\\\/\\\/vivalr.com\\\/#website\"},\"primaryImageOfPage\":{\"@id\":\"https:\\\/\\\/vivalr.com\\\/product\\\/12146.html#primaryimage\"},\"image\":{\"@id\":\"https:\\\/\\\/vivalr.com\\\/product\\\/12146.html#primaryimage\"},\"thumbnailUrl\":\"https:\\\/\\\/vivalr.com\\\/wp-content\\\/uploads\\\/2025\\\/03\\\/N-Acetyl-L-methionine-cas-65-82-7.jpg\",\"datePublished\":\"2025-03-07T12:18:39+00:00\",\"dateModified\":\"2025-03-07T12:44:36+00:00\",\"breadcrumb\":{\"@id\":\"https:\\\/\\\/vivalr.com\\\/product\\\/12146.html#breadcrumb\"},\"inLanguage\":\"es\",\"potentialAction\":[{\"@type\":\"ReadAction\",\"target\":[\"https:\\\/\\\/vivalr.com\\\/product\\\/12146.html\"]}]},{\"@type\":\"ImageObject\",\"inLanguage\":\"es\",\"@id\":\"https:\\\/\\\/vivalr.com\\\/product\\\/12146.html#primaryimage\",\"url\":\"https:\\\/\\\/vivalr.com\\\/wp-content\\\/uploads\\\/2025\\\/03\\\/N-Acetyl-L-methionine-cas-65-82-7.jpg\",\"contentUrl\":\"https:\\\/\\\/vivalr.com\\\/wp-content\\\/uploads\\\/2025\\\/03\\\/N-Acetyl-L-methionine-cas-65-82-7.jpg\",\"width\":350,\"height\":350},{\"@type\":\"BreadcrumbList\",\"@id\":\"https:\\\/\\\/vivalr.com\\\/product\\\/12146.html#breadcrumb\",\"itemListElement\":[{\"@type\":\"ListItem\",\"position\":1,\"name\":\"Home\",\"item\":\"https:\\\/\\\/vivalr.com\\\/\"},{\"@type\":\"ListItem\",\"position\":2,\"name\":\"Shop\",\"item\":\"https:\\\/\\\/vivalr.com\\\/shop\\\/\"},{\"@type\":\"ListItem\",\"position\":3,\"name\":\"Factory Supply N-Acetyl-L-methionine CAS 65-82-7 With Best Price\"}]},{\"@type\":\"WebSite\",\"@id\":\"https:\\\/\\\/vivalr.com\\\/#website\",\"url\":\"https:\\\/\\\/vivalr.com\\\/\",\"name\":\"Welcome to VIVALR- Your Trusted Source for Chemical Raw Materials\uff01\",\"description\":\"Discover a wide range of high-quality chemical raw materials to meet your industrial needs. Our commitment to excellence ensures that you get the best products and services.\",\"potentialAction\":[{\"@type\":\"SearchAction\",\"target\":{\"@type\":\"EntryPoint\",\"urlTemplate\":\"https:\\\/\\\/vivalr.com\\\/?s={search_term_string}\"},\"query-input\":{\"@type\":\"PropertyValueSpecification\",\"valueRequired\":true,\"valueName\":\"search_term_string\"}}],\"inLanguage\":\"es\"}]}<\/script>\n<!-- \/ Yoast SEO Premium plugin. -->","yoast_head_json":{"title":"Fuente de la f\u00e1brica N-acetil-L-metionina CAS 65-82-7 con el mejor precio - Bienvenido a VIVALR- Su fuente de confianza para las materias primas qu\u00edmicas\uff01.","robots":{"index":"index","follow":"follow","max-snippet":"max-snippet:-1","max-image-preview":"max-image-preview:large","max-video-preview":"max-video-preview:-1"},"canonical":"https:\/\/vivalr.com\/es\/product\/12146.html","og_locale":"es_MX","og_type":"article","og_title":"Factory Supply N-Acetyl-L-methionine CAS 65-82-7 With Best Price","og_description":"User Guide: Factory Supply N-Acetyl-L-methionine CAS 65-82-7 With Best Price Basic Information and Parameters Uses of the Product How to Use the Product Usage Case Studies Contact Information Basic Information and Parameters The product we are introducing is Factory Supply N-Acetyl-L-methionine with CAS number 65 - 82 - 7. N - Acetyl - L - [&hellip;]","og_url":"https:\/\/vivalr.com\/es\/product\/12146.html","og_site_name":"Welcome to VIVALR- Your Trusted Source for Chemical Raw Materials\uff01","article_modified_time":"2025-03-07T12:44:36+00:00","og_image":[{"width":350,"height":350,"url":"https:\/\/vivalr.com\/wp-content\/uploads\/2025\/03\/N-Acetyl-L-methionine-cas-65-82-7.jpg","type":"image\/jpeg"}],"twitter_card":"summary_large_image","twitter_misc":{"Tiempo de lectura":"4 minutos"},"schema":{"@context":"https:\/\/schema.org","@graph":[{"@type":"WebPage","@id":"https:\/\/vivalr.com\/product\/12146.html","url":"https:\/\/vivalr.com\/product\/12146.html","name":"Fuente de la f\u00e1brica N-acetil-L-metionina CAS 65-82-7 con el mejor precio - Bienvenido a VIVALR- Su fuente de confianza para las materias primas qu\u00edmicas\uff01.","isPartOf":{"@id":"https:\/\/vivalr.com\/#website"},"primaryImageOfPage":{"@id":"https:\/\/vivalr.com\/product\/12146.html#primaryimage"},"image":{"@id":"https:\/\/vivalr.com\/product\/12146.html#primaryimage"},"thumbnailUrl":"https:\/\/vivalr.com\/wp-content\/uploads\/2025\/03\/N-Acetyl-L-methionine-cas-65-82-7.jpg","datePublished":"2025-03-07T12:18:39+00:00","dateModified":"2025-03-07T12:44:36+00:00","breadcrumb":{"@id":"https:\/\/vivalr.com\/product\/12146.html#breadcrumb"},"inLanguage":"es","potentialAction":[{"@type":"ReadAction","target":["https:\/\/vivalr.com\/product\/12146.html"]}]},{"@type":"ImageObject","inLanguage":"es","@id":"https:\/\/vivalr.com\/product\/12146.html#primaryimage","url":"https:\/\/vivalr.com\/wp-content\/uploads\/2025\/03\/N-Acetyl-L-methionine-cas-65-82-7.jpg","contentUrl":"https:\/\/vivalr.com\/wp-content\/uploads\/2025\/03\/N-Acetyl-L-methionine-cas-65-82-7.jpg","width":350,"height":350},{"@type":"BreadcrumbList","@id":"https:\/\/vivalr.com\/product\/12146.html#breadcrumb","itemListElement":[{"@type":"ListItem","position":1,"name":"Home","item":"https:\/\/vivalr.com\/"},{"@type":"ListItem","position":2,"name":"Shop","item":"https:\/\/vivalr.com\/shop\/"},{"@type":"ListItem","position":3,"name":"Factory Supply N-Acetyl-L-methionine CAS 65-82-7 With Best Price"}]},{"@type":"WebSite","@id":"https:\/\/vivalr.com\/#website","url":"https:\/\/vivalr.com\/","name":"Bienvenido a VIVALR- Su fuente de confianza para materias primas qu\u00edmicas\uff01","description":"Descubra una amplia gama de materias primas qu\u00edmicas de alta calidad para satisfacer sus necesidades industriales. Nuestro compromiso con la excelencia le garantiza los mejores productos y servicios.","potentialAction":[{"@type":"SearchAction","target":{"@type":"EntryPoint","urlTemplate":"https:\/\/vivalr.com\/?s={search_term_string}"},"query-input":{"@type":"PropertyValueSpecification","valueRequired":true,"valueName":"search_term_string"}}],"inLanguage":"es"}]}},"_links":{"self":[{"href":"https:\/\/vivalr.com\/es\/wp-json\/wp\/v2\/product\/12146","targetHints":{"allow":["GET"]}}],"collection":[{"href":"https:\/\/vivalr.com\/es\/wp-json\/wp\/v2\/product"}],"about":[{"href":"https:\/\/vivalr.com\/es\/wp-json\/wp\/v2\/types\/product"}],"replies":[{"embeddable":true,"href":"https:\/\/vivalr.com\/es\/wp-json\/wp\/v2\/comments?post=12146"}],"wp:featuredmedia":[{"embeddable":true,"href":"https:\/\/vivalr.com\/es\/wp-json\/wp\/v2\/media\/27113"}],"wp:attachment":[{"href":"https:\/\/vivalr.com\/es\/wp-json\/wp\/v2\/media?parent=12146"}],"wp:term":[{"taxonomy":"product_brand","embeddable":true,"href":"https:\/\/vivalr.com\/es\/wp-json\/wp\/v2\/product_brand?post=12146"},{"taxonomy":"product_cat","embeddable":true,"href":"https:\/\/vivalr.com\/es\/wp-json\/wp\/v2\/product_cat?post=12146"},{"taxonomy":"product_tag","embeddable":true,"href":"https:\/\/vivalr.com\/es\/wp-json\/wp\/v2\/product_tag?post=12146"}],"curies":[{"name":"wp","href":"https:\/\/api.w.org\/{rel}","templated":true}]}}