{"id":12158,"date":"2025-03-07T12:18:39","date_gmt":"2025-03-07T12:18:39","guid":{"rendered":"https:\/\/vivalr.com\/product\/12158.html"},"modified":"2025-03-07T12:44:37","modified_gmt":"2025-03-07T12:44:37","slug":"factory-supply-gold-chloride-cas-13453-07-1-with-best-price","status":"publish","type":"product","link":"https:\/\/vivalr.com\/es\/product\/12158.html","title":{"rendered":"Cloruro de oro Cas 13453-07-1 Con el mejor precio de suministro de f\u00e1brica"},"content":{"rendered":"<ol>\n<li><a href=\"#basic-info\">Informaci\u00f3n b\u00e1sica de suministro de f\u00e1brica de cloruro de oro Cas 13453-07-1<\/a><\/li>\n<li><a href=\"#uses\">Usos del cloruro de oro<\/a><\/li>\n<li><a href=\"#usage\">Uso del cloruro de oro<\/a><\/li>\n<li><a href=\"#case-studies\">Casos pr\u00e1cticos de uso de cloruro de oro<\/a><\/li>\n<li><a href=\"#contacts\">Informaci\u00f3n de contacto<\/a><\/li>\n<\/ol>\n<h2 id=\"basic-info\">Informaci\u00f3n b\u00e1sica de suministro de f\u00e1brica de cloruro de oro Cas 13453-07-1<\/h2>\n<p>El cloruro de oro, de f\u00f3rmula qu\u00edmica AuCl\u2083 y n\u00famero CAS 13453-07-1, es un compuesto inorg\u00e1nico muy apreciado. Suele presentarse como un s\u00f3lido de color rojo-marr\u00f3n. El compuesto tiene una masa molar de aproximadamente 303,33 g\/mol. El cloruro de oro es soluble en agua, etanol y \u00e9ter. Es higrosc\u00f3pico, lo que significa que tiende a absorber la humedad del aire. La densidad del cloruro de oro es de unos 3,9 g\/cm\u00b3. En el mercado, nuestra f\u00e1brica suministra cloruro de oro con el mejor precio, garantizando productos de alta calidad para diversas aplicaciones.<\/p>\n<h2 id=\"uses\">Usos del cloruro de oro<\/h2>\n<p>1. **Galvanoplastia**: El cloruro de oro se utiliza ampliamente en la industria de la galvanoplastia. Puede depositar una fina capa de oro en la superficie de otros metales, como el cobre, el n\u00edquel o la plata. Esto no s\u00f3lo mejora el aspecto de los productos, sino que tambi\u00e9n proporciona una excelente resistencia a la corrosi\u00f3n. Por ejemplo, en la producci\u00f3n de joyas y componentes electr\u00f3nicos, la galvanoplastia con cloruro de oro puede mejorar el valor y el rendimiento de los productos.<\/p>\n<p>2. **Cat\u00e1lisis**: En qu\u00edmica org\u00e1nica, el cloruro de oro sirve como catalizador en muchas reacciones. Puede promover varias reacciones qu\u00edmicas, incluyendo la formaci\u00f3n de enlaces carbono-carbono y reacciones de oxidaci\u00f3n. Los catalizadores basados en oro suelen ser muy selectivos, lo que resulta beneficioso para sintetizar compuestos qu\u00edmicos espec\u00edficos.<\/p>\n<p>3. **Aplicaciones m\u00e9dicas**: Los compuestos de oro han demostrado su potencial en la investigaci\u00f3n m\u00e9dica. El cloruro de oro puede utilizarse para preparar nanopart\u00edculas de oro, que tienen aplicaciones en la administraci\u00f3n de f\u00e1rmacos, la obtenci\u00f3n de im\u00e1genes y el tratamiento del c\u00e1ncer. Las propiedades f\u00edsicas y qu\u00edmicas \u00fanicas de las nanopart\u00edculas de oro las convierten en portadores eficaces de f\u00e1rmacos y agentes de contraste.<\/p>\n<h2 id=\"usage\">Uso del cloruro de oro<\/h2>\n<p>1. **Proceso de galvanoplastia**: Cuando se utiliza cloruro de oro para galvanoplastia, primero hay que preparar una soluci\u00f3n galv\u00e1nica disolviendo la cantidad apropiada de cloruro de oro en un disolvente adecuado. La concentraci\u00f3n de la soluci\u00f3n depende de los requisitos espec\u00edficos del proceso de galvanoplastia. A continuaci\u00f3n, limpie y active la superficie del sustrato que se va a recubrir. Conecte el sustrato como c\u00e1todo y un \u00e1nodo de oro a una fuente de alimentaci\u00f3n. Ajuste la densidad de corriente y el tiempo de galvanoplastia en funci\u00f3n del grosor deseado de la capa de oro. Una vez finalizada la galvanoplastia, enjuague el objeto chapado a fondo con agua para eliminar cualquier soluci\u00f3n residual.<\/p>\n<p>2. **Reacciones catal\u00edticas**: En aplicaciones catal\u00edticas, a\u00f1ada una peque\u00f1a cantidad de cloruro de oro al sistema de reacci\u00f3n. Las condiciones de reacci\u00f3n, como la temperatura, la presi\u00f3n y el tiempo de reacci\u00f3n, deben controlarse cuidadosamente seg\u00fan el tipo espec\u00edfico de reacci\u00f3n. Puede ser necesario activar el cloruro de oro o combinarlo con otros ligandos para mejorar su actividad catal\u00edtica.<\/p>\n<p>3. **Preparaci\u00f3n m\u00e9dica**: Para la preparaci\u00f3n de nanopart\u00edculas de oro utilizando cloruro de oro, se suele a\u00f1adir un agente reductor a la soluci\u00f3n de cloruro de oro en condiciones espec\u00edficas. El tama\u00f1o y la forma de las nanopart\u00edculas de oro pueden controlarse ajustando la concentraci\u00f3n de los reactivos, la temperatura de reacci\u00f3n y el valor del pH. Tras la s\u00edntesis, las nanopart\u00edculas de oro deben purificarse y caracterizarse antes de su uso en aplicaciones m\u00e9dicas.<\/p>\n<h2 id=\"case-studies\">Casos pr\u00e1cticos de uso de cloruro de oro<\/h2>\n<p>1. **Fabricaci\u00f3n de joyas**: Una empresa de joyer\u00eda utilizaba cloruro de oro para galvanizar sus joyas de cobre. Controlando cuidadosamente los par\u00e1metros del proceso de galvanoplastia, consiguieron un revestimiento de oro uniforme y brillante en las joyas. Esto no s\u00f3lo mejor\u00f3 el aspecto est\u00e9tico de los productos, sino que tambi\u00e9n aument\u00f3 su valor de mercado. La empresa registr\u00f3 un aumento de las ventas gracias a la mejora de la calidad de sus joyas galvanizadas.<\/p>\n<p>2. **S\u00edntesis qu\u00edmica**: En un laboratorio de investigaci\u00f3n, se utiliz\u00f3 cloruro de oro como catalizador en una reacci\u00f3n de formaci\u00f3n de enlaces carbono-carbono. Al utilizar cloruro de oro como catalizador, la velocidad de reacci\u00f3n aument\u00f3 significativamente y el rendimiento del producto objetivo fue mayor en comparaci\u00f3n con los catalizadores tradicionales. Esto demostr\u00f3 la gran eficacia y selectividad del cloruro de oro en las reacciones catal\u00edticas.<\/p>\n<p>3. **Investigaci\u00f3n m\u00e9dica**: Un equipo de investigaci\u00f3n m\u00e9dica utiliz\u00f3 cloruro de oro para sintetizar nanopart\u00edculas de oro para la administraci\u00f3n de f\u00e1rmacos. Cargaron un f\u00e1rmaco contra el c\u00e1ncer en las nanopart\u00edculas de oro y lo administraron a las c\u00e9lulas cancerosas. Los resultados mostraron que el sistema de administraci\u00f3n de f\u00e1rmacos mediado por nanopart\u00edculas de oro era m\u00e1s eficaz para destruir las c\u00e9lulas cancerosas que el f\u00e1rmaco libre. Esto indica el potencial de las nanopart\u00edculas de oro derivadas del cloruro de oro para el tratamiento del c\u00e1ncer.<\/p>\n<h2 id=\"contacts\">Informaci\u00f3n de contacto<\/h2>\n<p>Si usted tiene alguna pregunta o necesita comprar nuestra f\u00e1brica - cloruro de oro Cas 13453 - 07 - 1, por favor no dude en contactar con nosotros. Nuestro correo electr\u00f3nico es info@vivalr.com, y nuestro n\u00famero de tel\u00e9fono es (86) 15866781826. Esperamos poder servirle y satisfacer sus necesidades de oro de alta calidad.<\/p>","protected":false},"excerpt":{"rendered":"<p>Basic Information of Factory Supply Gold Chloride Cas 13453-07-1 Uses of Gold Chloride Usage of Gold Chloride Case Studies of Gold Chloride Use Contact Information Basic Information of Factory Supply Gold Chloride Cas 13453-07-1 Gold Chloride, with the chemical formula AuCl\u2083 and CAS number 13453-07-1, is a highly valued inorganic compound. It typically appears as [&hellip;]<\/p>","protected":false},"featured_media":27119,"comment_status":"closed","ping_status":"open","template":"","meta":[],"product_brand":[],"product_cat":[15],"product_tag":[],"class_list":{"0":"post-12158","1":"product","2":"type-product","3":"status-publish","4":"has-post-thumbnail","6":"product_cat-uncategorized","8":"first","9":"instock","10":"product-type-simple"},"yoast_head":"<!-- This site is optimized with the Yoast SEO Premium plugin v24.4 (Yoast SEO v25.0) - https:\/\/yoast.com\/wordpress\/plugins\/seo\/ -->\n<title>Factory Supply Gold Chloride Cas 13453-07-1 With Best Price - Welcome to VIVALR- Your Trusted Source for Chemical Raw Materials\uff01<\/title>\n<meta name=\"robots\" content=\"index, follow, max-snippet:-1, max-image-preview:large, max-video-preview:-1\" \/>\n<link rel=\"canonical\" href=\"https:\/\/vivalr.com\/es\/product\/12158.html\" \/>\n<meta property=\"og:locale\" content=\"es_MX\" \/>\n<meta property=\"og:type\" content=\"article\" \/>\n<meta property=\"og:title\" content=\"Factory Supply Gold Chloride Cas 13453-07-1 With Best Price\" \/>\n<meta property=\"og:description\" content=\"Basic Information of Factory Supply Gold Chloride Cas 13453-07-1 Uses of Gold Chloride Usage of Gold Chloride Case Studies of Gold Chloride Use Contact Information Basic Information of Factory Supply Gold Chloride Cas 13453-07-1 Gold Chloride, with the chemical formula AuCl\u2083 and CAS number 13453-07-1, is a highly valued inorganic compound. It typically appears as [&hellip;]\" \/>\n<meta property=\"og:url\" content=\"https:\/\/vivalr.com\/es\/product\/12158.html\" \/>\n<meta property=\"og:site_name\" content=\"Welcome to VIVALR- Your Trusted Source for Chemical Raw Materials\uff01\" \/>\n<meta property=\"article:modified_time\" content=\"2025-03-07T12:44:37+00:00\" \/>\n<meta property=\"og:image\" content=\"https:\/\/vivalr.com\/wp-content\/uploads\/2025\/03\/goldiii-chloride-cas-13453-07-1.jpg\" \/>\n\t<meta property=\"og:image:width\" content=\"600\" \/>\n\t<meta property=\"og:image:height\" content=\"654\" \/>\n\t<meta property=\"og:image:type\" content=\"image\/jpeg\" \/>\n<meta name=\"twitter:card\" content=\"summary_large_image\" \/>\n<meta name=\"twitter:label1\" content=\"Tiempo de lectura\" \/>\n\t<meta name=\"twitter:data1\" content=\"4 minutos\" \/>\n<script type=\"application\/ld+json\" class=\"yoast-schema-graph\">{\"@context\":\"https:\/\/schema.org\",\"@graph\":[{\"@type\":\"WebPage\",\"@id\":\"https:\/\/vivalr.com\/product\/12158.html\",\"url\":\"https:\/\/vivalr.com\/product\/12158.html\",\"name\":\"Factory Supply Gold Chloride Cas 13453-07-1 With Best Price - Welcome to VIVALR- Your Trusted Source for Chemical Raw Materials\uff01\",\"isPartOf\":{\"@id\":\"https:\/\/vivalr.com\/#website\"},\"primaryImageOfPage\":{\"@id\":\"https:\/\/vivalr.com\/product\/12158.html#primaryimage\"},\"image\":{\"@id\":\"https:\/\/vivalr.com\/product\/12158.html#primaryimage\"},\"thumbnailUrl\":\"https:\/\/vivalr.com\/wp-content\/uploads\/2025\/03\/goldiii-chloride-cas-13453-07-1.jpg\",\"datePublished\":\"2025-03-07T12:18:39+00:00\",\"dateModified\":\"2025-03-07T12:44:37+00:00\",\"breadcrumb\":{\"@id\":\"https:\/\/vivalr.com\/product\/12158.html#breadcrumb\"},\"inLanguage\":\"es\",\"potentialAction\":[{\"@type\":\"ReadAction\",\"target\":[\"https:\/\/vivalr.com\/product\/12158.html\"]}]},{\"@type\":\"ImageObject\",\"inLanguage\":\"es\",\"@id\":\"https:\/\/vivalr.com\/product\/12158.html#primaryimage\",\"url\":\"https:\/\/vivalr.com\/wp-content\/uploads\/2025\/03\/goldiii-chloride-cas-13453-07-1.jpg\",\"contentUrl\":\"https:\/\/vivalr.com\/wp-content\/uploads\/2025\/03\/goldiii-chloride-cas-13453-07-1.jpg\",\"width\":600,\"height\":654},{\"@type\":\"BreadcrumbList\",\"@id\":\"https:\/\/vivalr.com\/product\/12158.html#breadcrumb\",\"itemListElement\":[{\"@type\":\"ListItem\",\"position\":1,\"name\":\"Home\",\"item\":\"https:\/\/vivalr.com\/\"},{\"@type\":\"ListItem\",\"position\":2,\"name\":\"Shop\",\"item\":\"https:\/\/vivalr.com\/shop\/\"},{\"@type\":\"ListItem\",\"position\":3,\"name\":\"Factory Supply Gold Chloride Cas 13453-07-1 With Best Price\"}]},{\"@type\":\"WebSite\",\"@id\":\"https:\/\/vivalr.com\/#website\",\"url\":\"https:\/\/vivalr.com\/\",\"name\":\"Welcome to VIVALR- Your Trusted Source for Chemical Raw Materials\uff01\",\"description\":\"Discover a wide range of high-quality chemical raw materials to meet your industrial needs. Our commitment to excellence ensures that you get the best products and services.\",\"potentialAction\":[{\"@type\":\"SearchAction\",\"target\":{\"@type\":\"EntryPoint\",\"urlTemplate\":\"https:\/\/vivalr.com\/?s={search_term_string}\"},\"query-input\":{\"@type\":\"PropertyValueSpecification\",\"valueRequired\":true,\"valueName\":\"search_term_string\"}}],\"inLanguage\":\"es\"}]}<\/script>\n<!-- \/ Yoast SEO Premium plugin. -->","yoast_head_json":{"title":"F\u00e1brica de suministro de cloruro de oro Cas 13453-07-1 con el mejor precio - Bienvenido a VIVALR- Su fuente de confianza para las materias primas qu\u00edmicas\uff01","robots":{"index":"index","follow":"follow","max-snippet":"max-snippet:-1","max-image-preview":"max-image-preview:large","max-video-preview":"max-video-preview:-1"},"canonical":"https:\/\/vivalr.com\/es\/product\/12158.html","og_locale":"es_MX","og_type":"article","og_title":"Factory Supply Gold Chloride Cas 13453-07-1 With Best Price","og_description":"Basic Information of Factory Supply Gold Chloride Cas 13453-07-1 Uses of Gold Chloride Usage of Gold Chloride Case Studies of Gold Chloride Use Contact Information Basic Information of Factory Supply Gold Chloride Cas 13453-07-1 Gold Chloride, with the chemical formula AuCl\u2083 and CAS number 13453-07-1, is a highly valued inorganic compound. It typically appears as [&hellip;]","og_url":"https:\/\/vivalr.com\/es\/product\/12158.html","og_site_name":"Welcome to VIVALR- Your Trusted Source for Chemical Raw Materials\uff01","article_modified_time":"2025-03-07T12:44:37+00:00","og_image":[{"width":600,"height":654,"url":"https:\/\/vivalr.com\/wp-content\/uploads\/2025\/03\/goldiii-chloride-cas-13453-07-1.jpg","type":"image\/jpeg"}],"twitter_card":"summary_large_image","twitter_misc":{"Tiempo de lectura":"4 minutos"},"schema":{"@context":"https:\/\/schema.org","@graph":[{"@type":"WebPage","@id":"https:\/\/vivalr.com\/product\/12158.html","url":"https:\/\/vivalr.com\/product\/12158.html","name":"F\u00e1brica de suministro de cloruro de oro Cas 13453-07-1 con el mejor precio - Bienvenido a VIVALR- Su fuente de confianza para las materias primas qu\u00edmicas\uff01","isPartOf":{"@id":"https:\/\/vivalr.com\/#website"},"primaryImageOfPage":{"@id":"https:\/\/vivalr.com\/product\/12158.html#primaryimage"},"image":{"@id":"https:\/\/vivalr.com\/product\/12158.html#primaryimage"},"thumbnailUrl":"https:\/\/vivalr.com\/wp-content\/uploads\/2025\/03\/goldiii-chloride-cas-13453-07-1.jpg","datePublished":"2025-03-07T12:18:39+00:00","dateModified":"2025-03-07T12:44:37+00:00","breadcrumb":{"@id":"https:\/\/vivalr.com\/product\/12158.html#breadcrumb"},"inLanguage":"es","potentialAction":[{"@type":"ReadAction","target":["https:\/\/vivalr.com\/product\/12158.html"]}]},{"@type":"ImageObject","inLanguage":"es","@id":"https:\/\/vivalr.com\/product\/12158.html#primaryimage","url":"https:\/\/vivalr.com\/wp-content\/uploads\/2025\/03\/goldiii-chloride-cas-13453-07-1.jpg","contentUrl":"https:\/\/vivalr.com\/wp-content\/uploads\/2025\/03\/goldiii-chloride-cas-13453-07-1.jpg","width":600,"height":654},{"@type":"BreadcrumbList","@id":"https:\/\/vivalr.com\/product\/12158.html#breadcrumb","itemListElement":[{"@type":"ListItem","position":1,"name":"Home","item":"https:\/\/vivalr.com\/"},{"@type":"ListItem","position":2,"name":"Shop","item":"https:\/\/vivalr.com\/shop\/"},{"@type":"ListItem","position":3,"name":"Factory Supply Gold Chloride Cas 13453-07-1 With Best Price"}]},{"@type":"WebSite","@id":"https:\/\/vivalr.com\/#website","url":"https:\/\/vivalr.com\/","name":"Bienvenido a VIVALR- Su fuente de confianza para materias primas qu\u00edmicas\uff01","description":"Descubra una amplia gama de materias primas qu\u00edmicas de alta calidad para satisfacer sus necesidades industriales. Nuestro compromiso con la excelencia le garantiza los mejores productos y servicios.","potentialAction":[{"@type":"SearchAction","target":{"@type":"EntryPoint","urlTemplate":"https:\/\/vivalr.com\/?s={search_term_string}"},"query-input":{"@type":"PropertyValueSpecification","valueRequired":true,"valueName":"search_term_string"}}],"inLanguage":"es"}]}},"_links":{"self":[{"href":"https:\/\/vivalr.com\/es\/wp-json\/wp\/v2\/product\/12158","targetHints":{"allow":["GET"]}}],"collection":[{"href":"https:\/\/vivalr.com\/es\/wp-json\/wp\/v2\/product"}],"about":[{"href":"https:\/\/vivalr.com\/es\/wp-json\/wp\/v2\/types\/product"}],"replies":[{"embeddable":true,"href":"https:\/\/vivalr.com\/es\/wp-json\/wp\/v2\/comments?post=12158"}],"wp:featuredmedia":[{"embeddable":true,"href":"https:\/\/vivalr.com\/es\/wp-json\/wp\/v2\/media\/27119"}],"wp:attachment":[{"href":"https:\/\/vivalr.com\/es\/wp-json\/wp\/v2\/media?parent=12158"}],"wp:term":[{"taxonomy":"product_brand","embeddable":true,"href":"https:\/\/vivalr.com\/es\/wp-json\/wp\/v2\/product_brand?post=12158"},{"taxonomy":"product_cat","embeddable":true,"href":"https:\/\/vivalr.com\/es\/wp-json\/wp\/v2\/product_cat?post=12158"},{"taxonomy":"product_tag","embeddable":true,"href":"https:\/\/vivalr.com\/es\/wp-json\/wp\/v2\/product_tag?post=12158"}],"curies":[{"name":"wp","href":"https:\/\/api.w.org\/{rel}","templated":true}]}}