{"id":12160,"date":"2025-03-07T12:18:39","date_gmt":"2025-03-07T12:18:39","guid":{"rendered":"https:\/\/vivalr.com\/product\/12160.html"},"modified":"2025-03-07T12:44:37","modified_gmt":"2025-03-07T12:44:37","slug":"factory-supply-sorbitan-sesquioleate-cas-8007-43-0-with-best-price","status":"publish","type":"product","link":"https:\/\/vivalr.com\/es\/product\/12160.html","title":{"rendered":"F\u00e1brica de suministro de sorbit\u00e1n sesquioleato CAS 8007-43-0 con el mejor precio"},"content":{"rendered":"<div>\n<h1>Suministro de f\u00e1brica Sesquioleato de sorbit\u00e1n CAS 8007-43-0 Gu\u00eda del usuario del producto<\/h1>\n<h2>\u00cdndice<\/h2>\n<ul>\n<li><a href=\"#basic-info\">Informaci\u00f3n b\u00e1sica y par\u00e1metros<\/a><\/li>\n<li><a href=\"#uses\">Usos del producto<\/a><\/li>\n<li><a href=\"#usage\">Uso del producto<\/a><\/li>\n<li><a href=\"#case-studies\">Casos pr\u00e1cticos de uso de productos<\/a><\/li>\n<li><a href=\"#contact\">Informaci\u00f3n de contacto<\/a><\/li>\n<\/ul>\n<h2 id=\"basic-info\">Informaci\u00f3n b\u00e1sica y par\u00e1metros<\/h2>\n<p>El Sesquioleato de Sorbit\u00e1n con n\u00famero CAS 8007 - 43 - 0 es un producto qu\u00edmico ampliamente utilizado. Es un tensioactivo no i\u00f3nico derivado del sorbitol y el \u00e1cido oleico. La f\u00f3rmula qu\u00edmica es compleja y est\u00e1 relacionada con la reacci\u00f3n de esterificaci\u00f3n entre el sorbit\u00e1n y el \u00e1cido oleico.<\/p>\n<p>Este producto suele presentarse como un l\u00edquido viscoso de color amarillo p\u00e1lido a \u00e1mbar. Tiene un olor caracter\u00edstico. En cuanto a sus propiedades f\u00edsicas, tiene un punto de fusi\u00f3n relativamente bajo y es soluble en disolventes org\u00e1nicos como el etanol y el tolueno, mientras que su solubilidad en agua es limitada. La gravedad espec\u00edfica del Sesquioleato de Sorbit\u00e1n es de alrededor de 0,98 - 1,02 g\/cm\u00b3.<\/p>\n<p>La calidad de nuestro producto suministrado de f\u00e1brica cumple las estrictas normas del sector. Garantizamos una gran pureza y estabilidad mediante avanzados procesos de fabricaci\u00f3n. El \u00edndice de acidez suele ser inferior a 10 mg KOH\/g, y el \u00edndice de saponificaci\u00f3n oscila entre 160 y 175 mg KOH\/g.<\/p>\n<h2 id=\"uses\">Usos del producto<\/h2>\n<p>En la industria cosm\u00e9tica, el sesquioleato de sorbit\u00e1n se utiliza habitualmente como emulsionante. Puede ayudar a combinar las fases oleosa y acuosa en formulaciones cosm\u00e9ticas, como cremas, lociones y productos de maquillaje. El resultado es una textura suave y estable del producto final, que evita la separaci\u00f3n de los componentes oleosos y acuosos con el paso del tiempo. Tambi\u00e9n tiene algunas propiedades hidratantes, que pueden mejorar la sensaci\u00f3n de los cosm\u00e9ticos en la piel.<\/p>\n<p>En la industria alimentaria, sirve como agente emulsionante y estabilizador. Puede utilizarse en la producci\u00f3n de margarina, ali\u00f1os para ensaladas y otras emulsiones de aceite en agua o agua en aceite. Al reducir la tensi\u00f3n superficial entre las gotas de aceite y agua, ayuda a mantener una mezcla homog\u00e9nea y a prolongar la vida \u00fatil de los productos alimentarios.<\/p>\n<p>En la industria de pinturas y revestimientos, el sesquioleato de sorbit\u00e1n puede utilizarse como dispersante. Ayuda a dispersar uniformemente pigmentos y cargas en la matriz de la pintura, mejorando la uniformidad del color y la calidad general de la pel\u00edcula de pintura.<\/p>\n<h2 id=\"usage\">Uso del producto<\/h2>\n<p>Cuando se utiliza el Sesquioleato de Sorbit\u00e1n como emulsionante en cosm\u00e9ticos, primero se calientan las fases oleosa y acuosa por separado a una temperatura adecuada, normalmente en torno a 70 - 80\u00b0C. A continuaci\u00f3n, se a\u00f1ade lentamente el Sesquioleato de Sorbit\u00e1n a la fase oleosa sin dejar de remover. A continuaci\u00f3n, a\u00f1adir lentamente el sesquioleato de sorbit\u00e1n a la fase oleosa sin dejar de remover. A continuaci\u00f3n, verter gradualmente la fase oleosa en la fase acuosa sin dejar de remover a gran velocidad. La cantidad de sesquioleato de sorbit\u00e1n a\u00f1adida depende de la formulaci\u00f3n espec\u00edfica y suele oscilar entre 1% y 5%.<\/p>\n<p>En la industria alimentaria, puede a\u00f1adirse directamente a la mezcla de alimentos durante el proceso de fabricaci\u00f3n. Por ejemplo, en la producci\u00f3n de ali\u00f1os para ensaladas, puede a\u00f1adirse junto con otros ingredientes como vinagre, aceite y condimentos. La dosificaci\u00f3n debe ajustarse a las normas de seguridad alimentaria pertinentes, normalmente dentro del rango permitido por las autoridades alimentarias locales.<\/p>\n<p>En la industria de pinturas y revestimientos, puede a\u00f1adirse a la formulaci\u00f3n de la pintura durante el proceso de mezcla. Se recomienda a\u00f1adirlo en la fase inicial de la dispersi\u00f3n del pigmento para conseguir mejores resultados. La cantidad de adici\u00f3n suele ser de 0,5% - 2% del peso total de la pintura.<\/p>\n<h2 id=\"case-studies\">Casos pr\u00e1cticos de uso de productos<\/h2>\n<p>Una empresa de cosm\u00e9ticos ten\u00eda problemas con la estabilidad de su loci\u00f3n hidratante. La loci\u00f3n tend\u00eda a separarse en capas de aceite y agua tras un breve periodo de almacenamiento. A\u00f1adiendo sesquioleato de sorbit\u00e1n 3% a la formulaci\u00f3n, pudieron resolver el problema. La loci\u00f3n se mantuvo estable durante m\u00e1s de seis meses sin ninguna separaci\u00f3n visible. Los consumidores tambi\u00e9n informaron de una mejor sensaci\u00f3n en la piel, ya que el producto era m\u00e1s suave y f\u00e1cil de aplicar.<\/p>\n<p>Una empresa de procesamiento de alimentos que produce margarina descubri\u00f3 que su producto ten\u00eda tendencia a endurecerse y volverse poco homog\u00e9neo durante el almacenamiento. Tras incorporar Sesquioleato de Sorbit\u00e1n en una dosis de 1,5%, la margarina mantuvo una textura suave y uniforme. Esto no s\u00f3lo mejor\u00f3 la calidad del producto, sino que tambi\u00e9n aument\u00f3 la satisfacci\u00f3n del cliente.<\/p>\n<p>Un fabricante de pinturas ten\u00eda problemas de aglomeraci\u00f3n de pigmentos en sus pinturas al agua, lo que provocaba una distribuci\u00f3n desigual del color. Al a\u00f1adir 1% Sesquioleato de sorbit\u00e1n durante el proceso de dispersi\u00f3n del pigmento, consiguieron una mejora significativa en la dispersi\u00f3n del pigmento. La pintura ten\u00eda un color m\u00e1s uniforme y la calidad general de la pel\u00edcula de pintura mejor\u00f3.<\/p>\n<h2 id=\"contact\">P\u00f3ngase en contacto con<\/p>","protected":false},"excerpt":{"rendered":"<p>Factory Supply Sorbitan Sesquioleate CAS 8007-43-0 Product User Guide Table of Contents Basic Information and Parameters Product Uses Product Usage Product Use Case Studies Contact Information Basic Information and Parameters Factory Supply Sorbitan Sesquioleate with CAS number 8007 - 43 - 0 is a widely - used chemical product. It is a non - ionic [&hellip;]<\/p>","protected":false},"featured_media":27120,"comment_status":"closed","ping_status":"open","template":"","meta":[],"product_brand":[],"product_cat":[15],"product_tag":[],"class_list":{"0":"post-12160","1":"product","2":"type-product","3":"status-publish","4":"has-post-thumbnail","6":"product_cat-uncategorized","8":"first","9":"instock","10":"product-type-simple"},"yoast_head":"<!-- This site is optimized with the Yoast SEO Premium plugin v24.4 (Yoast SEO v25.0) - https:\/\/yoast.com\/wordpress\/plugins\/seo\/ -->\n<title>Factory Supply Sorbitan Sesquioleate CAS 8007-43-0 With Best Price - Welcome to VIVALR- Your Trusted Source for Chemical Raw Materials\uff01<\/title>\n<meta name=\"robots\" content=\"index, follow, max-snippet:-1, max-image-preview:large, max-video-preview:-1\" \/>\n<link rel=\"canonical\" href=\"https:\/\/vivalr.com\/es\/product\/12160.html\" \/>\n<meta property=\"og:locale\" content=\"es_MX\" \/>\n<meta property=\"og:type\" content=\"article\" \/>\n<meta property=\"og:title\" content=\"Factory Supply Sorbitan Sesquioleate CAS 8007-43-0 With Best Price\" \/>\n<meta property=\"og:description\" content=\"Factory Supply Sorbitan Sesquioleate CAS 8007-43-0 Product User Guide Table of Contents Basic Information and Parameters Product Uses Product Usage Product Use Case Studies Contact Information Basic Information and Parameters Factory Supply Sorbitan Sesquioleate with CAS number 8007 - 43 - 0 is a widely - used chemical product. It is a non - ionic [&hellip;]\" \/>\n<meta property=\"og:url\" content=\"https:\/\/vivalr.com\/es\/product\/12160.html\" \/>\n<meta property=\"og:site_name\" content=\"Welcome to VIVALR- Your Trusted Source for Chemical Raw Materials\uff01\" \/>\n<meta property=\"article:modified_time\" content=\"2025-03-07T12:44:37+00:00\" \/>\n<meta property=\"og:image\" content=\"https:\/\/vivalr.com\/wp-content\/uploads\/2025\/03\/Sorbitan-Sesquioleate-CAS-8007-43-0-3.jpg\" \/>\n\t<meta property=\"og:image:width\" content=\"350\" \/>\n\t<meta property=\"og:image:height\" content=\"350\" \/>\n\t<meta property=\"og:image:type\" content=\"image\/jpeg\" \/>\n<meta name=\"twitter:card\" content=\"summary_large_image\" \/>\n<meta name=\"twitter:label1\" content=\"Tiempo de lectura\" \/>\n\t<meta name=\"twitter:data1\" content=\"4 minutos\" \/>\n<script type=\"application\/ld+json\" class=\"yoast-schema-graph\">{\"@context\":\"https:\/\/schema.org\",\"@graph\":[{\"@type\":\"WebPage\",\"@id\":\"https:\/\/vivalr.com\/product\/12160.html\",\"url\":\"https:\/\/vivalr.com\/product\/12160.html\",\"name\":\"Factory Supply Sorbitan Sesquioleate CAS 8007-43-0 With Best Price - Welcome to VIVALR- Your Trusted Source for Chemical Raw Materials\uff01\",\"isPartOf\":{\"@id\":\"https:\/\/vivalr.com\/#website\"},\"primaryImageOfPage\":{\"@id\":\"https:\/\/vivalr.com\/product\/12160.html#primaryimage\"},\"image\":{\"@id\":\"https:\/\/vivalr.com\/product\/12160.html#primaryimage\"},\"thumbnailUrl\":\"https:\/\/vivalr.com\/wp-content\/uploads\/2025\/03\/Sorbitan-Sesquioleate-CAS-8007-43-0-3.jpg\",\"datePublished\":\"2025-03-07T12:18:39+00:00\",\"dateModified\":\"2025-03-07T12:44:37+00:00\",\"breadcrumb\":{\"@id\":\"https:\/\/vivalr.com\/product\/12160.html#breadcrumb\"},\"inLanguage\":\"es\",\"potentialAction\":[{\"@type\":\"ReadAction\",\"target\":[\"https:\/\/vivalr.com\/product\/12160.html\"]}]},{\"@type\":\"ImageObject\",\"inLanguage\":\"es\",\"@id\":\"https:\/\/vivalr.com\/product\/12160.html#primaryimage\",\"url\":\"https:\/\/vivalr.com\/wp-content\/uploads\/2025\/03\/Sorbitan-Sesquioleate-CAS-8007-43-0-3.jpg\",\"contentUrl\":\"https:\/\/vivalr.com\/wp-content\/uploads\/2025\/03\/Sorbitan-Sesquioleate-CAS-8007-43-0-3.jpg\",\"width\":350,\"height\":350},{\"@type\":\"BreadcrumbList\",\"@id\":\"https:\/\/vivalr.com\/product\/12160.html#breadcrumb\",\"itemListElement\":[{\"@type\":\"ListItem\",\"position\":1,\"name\":\"Home\",\"item\":\"https:\/\/vivalr.com\/\"},{\"@type\":\"ListItem\",\"position\":2,\"name\":\"Shop\",\"item\":\"https:\/\/vivalr.com\/shop\/\"},{\"@type\":\"ListItem\",\"position\":3,\"name\":\"Factory Supply Sorbitan Sesquioleate CAS 8007-43-0 With Best Price\"}]},{\"@type\":\"WebSite\",\"@id\":\"https:\/\/vivalr.com\/#website\",\"url\":\"https:\/\/vivalr.com\/\",\"name\":\"Welcome to VIVALR- Your Trusted Source for Chemical Raw Materials\uff01\",\"description\":\"Discover a wide range of high-quality chemical raw materials to meet your industrial needs. Our commitment to excellence ensures that you get the best products and services.\",\"potentialAction\":[{\"@type\":\"SearchAction\",\"target\":{\"@type\":\"EntryPoint\",\"urlTemplate\":\"https:\/\/vivalr.com\/?s={search_term_string}\"},\"query-input\":{\"@type\":\"PropertyValueSpecification\",\"valueRequired\":true,\"valueName\":\"search_term_string\"}}],\"inLanguage\":\"es\"}]}<\/script>\n<!-- \/ Yoast SEO Premium plugin. -->","yoast_head_json":{"title":"Suministro de f\u00e1brica Sesquioleato de sorbit\u00e1n CAS 8007-43-0 Con el mejor precio - Bienvenido a VIVALR- Su fuente de confianza para las materias primas qu\u00edmicas\uff01","robots":{"index":"index","follow":"follow","max-snippet":"max-snippet:-1","max-image-preview":"max-image-preview:large","max-video-preview":"max-video-preview:-1"},"canonical":"https:\/\/vivalr.com\/es\/product\/12160.html","og_locale":"es_MX","og_type":"article","og_title":"Factory Supply Sorbitan Sesquioleate CAS 8007-43-0 With Best Price","og_description":"Factory Supply Sorbitan Sesquioleate CAS 8007-43-0 Product User Guide Table of Contents Basic Information and Parameters Product Uses Product Usage Product Use Case Studies Contact Information Basic Information and Parameters Factory Supply Sorbitan Sesquioleate with CAS number 8007 - 43 - 0 is a widely - used chemical product. It is a non - ionic [&hellip;]","og_url":"https:\/\/vivalr.com\/es\/product\/12160.html","og_site_name":"Welcome to VIVALR- Your Trusted Source for Chemical Raw Materials\uff01","article_modified_time":"2025-03-07T12:44:37+00:00","og_image":[{"width":350,"height":350,"url":"https:\/\/vivalr.com\/wp-content\/uploads\/2025\/03\/Sorbitan-Sesquioleate-CAS-8007-43-0-3.jpg","type":"image\/jpeg"}],"twitter_card":"summary_large_image","twitter_misc":{"Tiempo de lectura":"4 minutos"},"schema":{"@context":"https:\/\/schema.org","@graph":[{"@type":"WebPage","@id":"https:\/\/vivalr.com\/product\/12160.html","url":"https:\/\/vivalr.com\/product\/12160.html","name":"Suministro de f\u00e1brica Sesquioleato de sorbit\u00e1n CAS 8007-43-0 Con el mejor precio - Bienvenido a VIVALR- Su fuente de confianza para las materias primas qu\u00edmicas\uff01","isPartOf":{"@id":"https:\/\/vivalr.com\/#website"},"primaryImageOfPage":{"@id":"https:\/\/vivalr.com\/product\/12160.html#primaryimage"},"image":{"@id":"https:\/\/vivalr.com\/product\/12160.html#primaryimage"},"thumbnailUrl":"https:\/\/vivalr.com\/wp-content\/uploads\/2025\/03\/Sorbitan-Sesquioleate-CAS-8007-43-0-3.jpg","datePublished":"2025-03-07T12:18:39+00:00","dateModified":"2025-03-07T12:44:37+00:00","breadcrumb":{"@id":"https:\/\/vivalr.com\/product\/12160.html#breadcrumb"},"inLanguage":"es","potentialAction":[{"@type":"ReadAction","target":["https:\/\/vivalr.com\/product\/12160.html"]}]},{"@type":"ImageObject","inLanguage":"es","@id":"https:\/\/vivalr.com\/product\/12160.html#primaryimage","url":"https:\/\/vivalr.com\/wp-content\/uploads\/2025\/03\/Sorbitan-Sesquioleate-CAS-8007-43-0-3.jpg","contentUrl":"https:\/\/vivalr.com\/wp-content\/uploads\/2025\/03\/Sorbitan-Sesquioleate-CAS-8007-43-0-3.jpg","width":350,"height":350},{"@type":"BreadcrumbList","@id":"https:\/\/vivalr.com\/product\/12160.html#breadcrumb","itemListElement":[{"@type":"ListItem","position":1,"name":"Home","item":"https:\/\/vivalr.com\/"},{"@type":"ListItem","position":2,"name":"Shop","item":"https:\/\/vivalr.com\/shop\/"},{"@type":"ListItem","position":3,"name":"Factory Supply Sorbitan Sesquioleate CAS 8007-43-0 With Best Price"}]},{"@type":"WebSite","@id":"https:\/\/vivalr.com\/#website","url":"https:\/\/vivalr.com\/","name":"Bienvenido a VIVALR- Su fuente de confianza para materias primas qu\u00edmicas\uff01","description":"Descubra una amplia gama de materias primas qu\u00edmicas de alta calidad para satisfacer sus necesidades industriales. Nuestro compromiso con la excelencia le garantiza los mejores productos y servicios.","potentialAction":[{"@type":"SearchAction","target":{"@type":"EntryPoint","urlTemplate":"https:\/\/vivalr.com\/?s={search_term_string}"},"query-input":{"@type":"PropertyValueSpecification","valueRequired":true,"valueName":"search_term_string"}}],"inLanguage":"es"}]}},"_links":{"self":[{"href":"https:\/\/vivalr.com\/es\/wp-json\/wp\/v2\/product\/12160","targetHints":{"allow":["GET"]}}],"collection":[{"href":"https:\/\/vivalr.com\/es\/wp-json\/wp\/v2\/product"}],"about":[{"href":"https:\/\/vivalr.com\/es\/wp-json\/wp\/v2\/types\/product"}],"replies":[{"embeddable":true,"href":"https:\/\/vivalr.com\/es\/wp-json\/wp\/v2\/comments?post=12160"}],"wp:featuredmedia":[{"embeddable":true,"href":"https:\/\/vivalr.com\/es\/wp-json\/wp\/v2\/media\/27120"}],"wp:attachment":[{"href":"https:\/\/vivalr.com\/es\/wp-json\/wp\/v2\/media?parent=12160"}],"wp:term":[{"taxonomy":"product_brand","embeddable":true,"href":"https:\/\/vivalr.com\/es\/wp-json\/wp\/v2\/product_brand?post=12160"},{"taxonomy":"product_cat","embeddable":true,"href":"https:\/\/vivalr.com\/es\/wp-json\/wp\/v2\/product_cat?post=12160"},{"taxonomy":"product_tag","embeddable":true,"href":"https:\/\/vivalr.com\/es\/wp-json\/wp\/v2\/product_tag?post=12160"}],"curies":[{"name":"wp","href":"https:\/\/api.w.org\/{rel}","templated":true}]}}