{"id":12164,"date":"2025-03-07T12:18:39","date_gmt":"2025-03-07T12:18:39","guid":{"rendered":"https:\/\/vivalr.com\/product\/12164.html"},"modified":"2025-03-07T12:44:37","modified_gmt":"2025-03-07T12:44:37","slug":"factory-supply-benzalkonium-chloride-cas-85409-22-9-with-best-price","status":"publish","type":"product","link":"https:\/\/vivalr.com\/es\/product\/12164.html","title":{"rendered":"F\u00e1brica de suministro de cloruro de benzalconio cas 85409-22-9 con el mejor precio"},"content":{"rendered":"<h1>Gu\u00eda del usuario de Suministro de f\u00e1brica de cloruro de benzalconio cas 85409 - 22 - 9 con el mejor precio<\/h1>\n<h2>\u00cdndice<\/h2>\n<ul>\n<li><a href=\"#basic_info\">1. Informaci\u00f3n b\u00e1sica y par\u00e1metros<\/a><\/li>\n<li><a href=\"#uses\">2. Usos del producto<\/a><\/li>\n<li><a href=\"#usage\">3. C\u00f3mo utilizar el producto<\/a><\/li>\n<li><a href=\"#case_studies\">4. Casos pr\u00e1cticos detallados<\/a><\/li>\n<li><a href=\"#contact\">5. 5. Informaci\u00f3n de contacto<\/a><\/li>\n<\/ul>\n<h2 id=\"basic_info\">1. Informaci\u00f3n b\u00e1sica y par\u00e1metros<\/h2>\n<p>El producto que presentamos es cloruro de benzalconio de suministro de f\u00e1brica con el n\u00famero CAS 85409 - 22 - 9. Cloruro de benzalconio es un compuesto de amonio cuaternario, que existe en la forma de un s\u00f3lido ceroso blanco o amarillo - blanco o gel. Es inodoro o tiene un ligero olor caracter\u00edstico.<\/p>\n<p>Es soluble en agua, alcohol y acetona. La f\u00f3rmula molecular del cloruro de benzalconio es C\u2086H\u2085CH\u2082N(CH\u2083)\u2082R\u207aCl- (donde R representa una mezcla de grupos alquilo). Su pureza por lo general puede alcanzar un alto nivel, a menudo por encima de 98% en nuestro suministro de f\u00e1brica, asegurando alta - calidad y rendimiento estable.<\/p>\n<h2 id=\"uses\">2. Usos del producto<\/h2>\n<p>El cloruro de benzalconio tiene una amplia gama de aplicaciones. En el \u00e1mbito m\u00e9dico, se utiliza habitualmente como desinfectante y antis\u00e9ptico. Puede matar eficazmente diversas bacterias, hongos y algunos virus, por lo que se utiliza ampliamente en la desinfecci\u00f3n de instrumentos quir\u00fargicos, la desinfecci\u00f3n de la piel antes de las operaciones y la desinfecci\u00f3n de entornos m\u00e9dicos.<\/p>\n<p>En la industria qu\u00edmica de uso diario, se a\u00f1ade a algunos productos de cuidado personal como champ\u00fas, jabones corporales y desinfectantes de manos por sus propiedades antibacterianas y antis\u00e9pticas. Puede ayudar a mantener la calidad y seguridad de estos productos durante su almacenamiento y uso.<\/p>\n<p>En el \u00e1mbito industrial, el cloruro de benzalconio puede utilizarse como inhibidor de la corrosi\u00f3n en sistemas de tratamiento de aguas para evitar el crecimiento de microorganismos y la corrosi\u00f3n de tuber\u00edas y equipos.<\/p>\n<h2 id=\"usage\">3. C\u00f3mo utilizar el producto<\/h2>\n<p>Cuando se utiliza cloruro de benzalconio como desinfectante, es necesario preparar una concentraci\u00f3n adecuada en funci\u00f3n de la aplicaci\u00f3n espec\u00edfica. Para la desinfecci\u00f3n general de superficies, puede utilizarse una soluci\u00f3n con una concentraci\u00f3n de 0,1% - 0,5%. En primer lugar, mida la cantidad adecuada de cloruro de benzalconio en polvo o soluci\u00f3n concentrada y, a continuaci\u00f3n, disu\u00e9lvalo en agua. Remover bien para asegurar una distribuci\u00f3n uniforme.<\/p>\n<p>Cuando se utiliza para la desinfecci\u00f3n de la piel, se suele emplear una soluci\u00f3n de menor concentraci\u00f3n (normalmente 0,05% - 0,1%). Sumerja la zona de la piel a desinfectar en la soluci\u00f3n durante un tiempo adecuado, normalmente de 3 a 5 minutos, y despu\u00e9s aclare con agua limpia si es necesario.<\/p>\n<h2 id=\"case_studies\">4. Casos pr\u00e1cticos detallados<\/h2>\n<p>Caso 1: Un hospital local utiliz\u00f3 nuestro cloruro de benzalconio para la desinfecci\u00f3n de instrumentos quir\u00fargicos. Prepararon una soluci\u00f3n de 0,2% y sumergieron en ella los instrumentos durante 30 minutos. Tras el proceso de desinfecci\u00f3n, la prueba microbiol\u00f3gica demostr\u00f3 que el n\u00famero de microorganismos en los instrumentos se hab\u00eda reducido significativamente, cumpliendo las normas de desinfecci\u00f3n del hospital y previniendo eficazmente la aparici\u00f3n de infecciones quir\u00fargicas.<\/p>\n<p>Caso 2: Un fabricante de champ\u00fas a\u00f1adi\u00f3 cloruro de benzalconio a la formulaci\u00f3n de su nuevo producto en una concentraci\u00f3n de 0,05%. Durante una prueba de almacenamiento de 6 meses, el producto permaneci\u00f3 libre de contaminaci\u00f3n microbiana, manteniendo su calidad y rendimiento originales, y recibiendo comentarios positivos de los consumidores.<\/p>\n<h2 id=\"contact\">5. 5. Informaci\u00f3n de contacto<\/h2>\n<p>Si usted tiene alguna pregunta o necesita alguno de nuestros Cloruro de benzalconio cas 85409 - 22 - 9, por favor, no dude en contactar con nosotros. Nuestra direcci\u00f3n de correo electr\u00f3nico es info@vivalr.com, y nuestro n\u00famero de tel\u00e9fono es (86) 15866781826.<\/p>","protected":false},"excerpt":{"rendered":"<p>User Guide for Factory Supply benzalkonium chloride cas 85409 - 22 - 9 With Best Price Table of Contents 1. Basic Information and Parameters 2. Uses of the Product 3. How to Use the Product 4. Detailed Usage Case Studies 5. Contact Information 1. Basic Information and Parameters The product we are introducing is Factory [&hellip;]<\/p>","protected":false},"featured_media":27122,"comment_status":"closed","ping_status":"open","template":"","meta":[],"product_brand":[],"product_cat":[15],"product_tag":[],"class_list":{"0":"post-12164","1":"product","2":"type-product","3":"status-publish","4":"has-post-thumbnail","6":"product_cat-uncategorized","8":"first","9":"instock","10":"product-type-simple"},"yoast_head":"<!-- This site is optimized with the Yoast SEO Premium plugin v24.4 (Yoast SEO v25.0) - https:\/\/yoast.com\/wordpress\/plugins\/seo\/ -->\n<title>Factory Supply benzalkonium chloride cas 85409-22-9 With Best Price - Welcome to VIVALR- Your Trusted Source for Chemical Raw Materials\uff01<\/title>\n<meta name=\"robots\" content=\"index, follow, max-snippet:-1, max-image-preview:large, max-video-preview:-1\" \/>\n<link rel=\"canonical\" href=\"https:\/\/vivalr.com\/es\/product\/12164.html\" \/>\n<meta property=\"og:locale\" content=\"es_MX\" \/>\n<meta property=\"og:type\" content=\"article\" \/>\n<meta property=\"og:title\" content=\"Factory Supply benzalkonium chloride cas 85409-22-9 With Best Price\" \/>\n<meta property=\"og:description\" content=\"User Guide for Factory Supply benzalkonium chloride cas 85409 - 22 - 9 With Best Price Table of Contents 1. Basic Information and Parameters 2. Uses of the Product 3. How to Use the Product 4. Detailed Usage Case Studies 5. Contact Information 1. Basic Information and Parameters The product we are introducing is Factory [&hellip;]\" \/>\n<meta property=\"og:url\" content=\"https:\/\/vivalr.com\/es\/product\/12164.html\" \/>\n<meta property=\"og:site_name\" content=\"Welcome to VIVALR- Your Trusted Source for Chemical Raw Materials\uff01\" \/>\n<meta property=\"article:modified_time\" content=\"2025-03-07T12:44:37+00:00\" \/>\n<meta property=\"og:image\" content=\"https:\/\/vivalr.com\/wp-content\/uploads\/2025\/03\/benzalkonium-chloride-cas-85409-22-9.jpg\" \/>\n\t<meta property=\"og:image:width\" content=\"600\" \/>\n\t<meta property=\"og:image:height\" content=\"654\" \/>\n\t<meta property=\"og:image:type\" content=\"image\/jpeg\" \/>\n<meta name=\"twitter:card\" content=\"summary_large_image\" \/>\n<meta name=\"twitter:label1\" content=\"Tiempo de lectura\" \/>\n\t<meta name=\"twitter:data1\" content=\"3 minutos\" \/>\n<script type=\"application\/ld+json\" class=\"yoast-schema-graph\">{\"@context\":\"https:\/\/schema.org\",\"@graph\":[{\"@type\":\"WebPage\",\"@id\":\"https:\/\/vivalr.com\/product\/12164.html\",\"url\":\"https:\/\/vivalr.com\/product\/12164.html\",\"name\":\"Factory Supply benzalkonium chloride cas 85409-22-9 With Best Price - Welcome to VIVALR- Your Trusted Source for Chemical Raw Materials\uff01\",\"isPartOf\":{\"@id\":\"https:\/\/vivalr.com\/#website\"},\"primaryImageOfPage\":{\"@id\":\"https:\/\/vivalr.com\/product\/12164.html#primaryimage\"},\"image\":{\"@id\":\"https:\/\/vivalr.com\/product\/12164.html#primaryimage\"},\"thumbnailUrl\":\"https:\/\/vivalr.com\/wp-content\/uploads\/2025\/03\/benzalkonium-chloride-cas-85409-22-9.jpg\",\"datePublished\":\"2025-03-07T12:18:39+00:00\",\"dateModified\":\"2025-03-07T12:44:37+00:00\",\"breadcrumb\":{\"@id\":\"https:\/\/vivalr.com\/product\/12164.html#breadcrumb\"},\"inLanguage\":\"es\",\"potentialAction\":[{\"@type\":\"ReadAction\",\"target\":[\"https:\/\/vivalr.com\/product\/12164.html\"]}]},{\"@type\":\"ImageObject\",\"inLanguage\":\"es\",\"@id\":\"https:\/\/vivalr.com\/product\/12164.html#primaryimage\",\"url\":\"https:\/\/vivalr.com\/wp-content\/uploads\/2025\/03\/benzalkonium-chloride-cas-85409-22-9.jpg\",\"contentUrl\":\"https:\/\/vivalr.com\/wp-content\/uploads\/2025\/03\/benzalkonium-chloride-cas-85409-22-9.jpg\",\"width\":600,\"height\":654},{\"@type\":\"BreadcrumbList\",\"@id\":\"https:\/\/vivalr.com\/product\/12164.html#breadcrumb\",\"itemListElement\":[{\"@type\":\"ListItem\",\"position\":1,\"name\":\"Home\",\"item\":\"https:\/\/vivalr.com\/\"},{\"@type\":\"ListItem\",\"position\":2,\"name\":\"Shop\",\"item\":\"https:\/\/vivalr.com\/shop\/\"},{\"@type\":\"ListItem\",\"position\":3,\"name\":\"Factory Supply benzalkonium chloride cas 85409-22-9 With Best Price\"}]},{\"@type\":\"WebSite\",\"@id\":\"https:\/\/vivalr.com\/#website\",\"url\":\"https:\/\/vivalr.com\/\",\"name\":\"Welcome to VIVALR- Your Trusted Source for Chemical Raw Materials\uff01\",\"description\":\"Discover a wide range of high-quality chemical raw materials to meet your industrial needs. Our commitment to excellence ensures that you get the best products and services.\",\"potentialAction\":[{\"@type\":\"SearchAction\",\"target\":{\"@type\":\"EntryPoint\",\"urlTemplate\":\"https:\/\/vivalr.com\/?s={search_term_string}\"},\"query-input\":{\"@type\":\"PropertyValueSpecification\",\"valueRequired\":true,\"valueName\":\"search_term_string\"}}],\"inLanguage\":\"es\"}]}<\/script>\n<!-- \/ Yoast SEO Premium plugin. -->","yoast_head_json":{"title":"F\u00e1brica de suministro de cloruro de benzalconio cas 85409-22-9 con el mejor precio - Bienvenido a VIVALR- Su fuente de confianza para las materias primas qu\u00edmicas\uff01","robots":{"index":"index","follow":"follow","max-snippet":"max-snippet:-1","max-image-preview":"max-image-preview:large","max-video-preview":"max-video-preview:-1"},"canonical":"https:\/\/vivalr.com\/es\/product\/12164.html","og_locale":"es_MX","og_type":"article","og_title":"Factory Supply benzalkonium chloride cas 85409-22-9 With Best Price","og_description":"User Guide for Factory Supply benzalkonium chloride cas 85409 - 22 - 9 With Best Price Table of Contents 1. Basic Information and Parameters 2. Uses of the Product 3. How to Use the Product 4. Detailed Usage Case Studies 5. Contact Information 1. Basic Information and Parameters The product we are introducing is Factory [&hellip;]","og_url":"https:\/\/vivalr.com\/es\/product\/12164.html","og_site_name":"Welcome to VIVALR- Your Trusted Source for Chemical Raw Materials\uff01","article_modified_time":"2025-03-07T12:44:37+00:00","og_image":[{"width":600,"height":654,"url":"https:\/\/vivalr.com\/wp-content\/uploads\/2025\/03\/benzalkonium-chloride-cas-85409-22-9.jpg","type":"image\/jpeg"}],"twitter_card":"summary_large_image","twitter_misc":{"Tiempo de lectura":"3 minutos"},"schema":{"@context":"https:\/\/schema.org","@graph":[{"@type":"WebPage","@id":"https:\/\/vivalr.com\/product\/12164.html","url":"https:\/\/vivalr.com\/product\/12164.html","name":"F\u00e1brica de suministro de cloruro de benzalconio cas 85409-22-9 con el mejor precio - Bienvenido a VIVALR- Su fuente de confianza para las materias primas qu\u00edmicas\uff01","isPartOf":{"@id":"https:\/\/vivalr.com\/#website"},"primaryImageOfPage":{"@id":"https:\/\/vivalr.com\/product\/12164.html#primaryimage"},"image":{"@id":"https:\/\/vivalr.com\/product\/12164.html#primaryimage"},"thumbnailUrl":"https:\/\/vivalr.com\/wp-content\/uploads\/2025\/03\/benzalkonium-chloride-cas-85409-22-9.jpg","datePublished":"2025-03-07T12:18:39+00:00","dateModified":"2025-03-07T12:44:37+00:00","breadcrumb":{"@id":"https:\/\/vivalr.com\/product\/12164.html#breadcrumb"},"inLanguage":"es","potentialAction":[{"@type":"ReadAction","target":["https:\/\/vivalr.com\/product\/12164.html"]}]},{"@type":"ImageObject","inLanguage":"es","@id":"https:\/\/vivalr.com\/product\/12164.html#primaryimage","url":"https:\/\/vivalr.com\/wp-content\/uploads\/2025\/03\/benzalkonium-chloride-cas-85409-22-9.jpg","contentUrl":"https:\/\/vivalr.com\/wp-content\/uploads\/2025\/03\/benzalkonium-chloride-cas-85409-22-9.jpg","width":600,"height":654},{"@type":"BreadcrumbList","@id":"https:\/\/vivalr.com\/product\/12164.html#breadcrumb","itemListElement":[{"@type":"ListItem","position":1,"name":"Home","item":"https:\/\/vivalr.com\/"},{"@type":"ListItem","position":2,"name":"Shop","item":"https:\/\/vivalr.com\/shop\/"},{"@type":"ListItem","position":3,"name":"Factory Supply benzalkonium chloride cas 85409-22-9 With Best Price"}]},{"@type":"WebSite","@id":"https:\/\/vivalr.com\/#website","url":"https:\/\/vivalr.com\/","name":"Bienvenido a VIVALR- Su fuente de confianza para materias primas qu\u00edmicas\uff01","description":"Descubra una amplia gama de materias primas qu\u00edmicas de alta calidad para satisfacer sus necesidades industriales. Nuestro compromiso con la excelencia le garantiza los mejores productos y servicios.","potentialAction":[{"@type":"SearchAction","target":{"@type":"EntryPoint","urlTemplate":"https:\/\/vivalr.com\/?s={search_term_string}"},"query-input":{"@type":"PropertyValueSpecification","valueRequired":true,"valueName":"search_term_string"}}],"inLanguage":"es"}]}},"_links":{"self":[{"href":"https:\/\/vivalr.com\/es\/wp-json\/wp\/v2\/product\/12164","targetHints":{"allow":["GET"]}}],"collection":[{"href":"https:\/\/vivalr.com\/es\/wp-json\/wp\/v2\/product"}],"about":[{"href":"https:\/\/vivalr.com\/es\/wp-json\/wp\/v2\/types\/product"}],"replies":[{"embeddable":true,"href":"https:\/\/vivalr.com\/es\/wp-json\/wp\/v2\/comments?post=12164"}],"wp:featuredmedia":[{"embeddable":true,"href":"https:\/\/vivalr.com\/es\/wp-json\/wp\/v2\/media\/27122"}],"wp:attachment":[{"href":"https:\/\/vivalr.com\/es\/wp-json\/wp\/v2\/media?parent=12164"}],"wp:term":[{"taxonomy":"product_brand","embeddable":true,"href":"https:\/\/vivalr.com\/es\/wp-json\/wp\/v2\/product_brand?post=12164"},{"taxonomy":"product_cat","embeddable":true,"href":"https:\/\/vivalr.com\/es\/wp-json\/wp\/v2\/product_cat?post=12164"},{"taxonomy":"product_tag","embeddable":true,"href":"https:\/\/vivalr.com\/es\/wp-json\/wp\/v2\/product_tag?post=12164"}],"curies":[{"name":"wp","href":"https:\/\/api.w.org\/{rel}","templated":true}]}}