{"id":4692,"date":"2025-03-07T12:10:07","date_gmt":"2025-03-07T12:10:07","guid":{"rendered":"https:\/\/vivalr.com\/product\/4692.html"},"modified":"2025-03-07T12:30:06","modified_gmt":"2025-03-07T12:30:06","slug":"factory-supply-triethylenetetramine-cas-112-24-3-with-good-price","status":"publish","type":"product","link":"https:\/\/vivalr.com\/es\/product\/4692.html","title":{"rendered":"F\u00e1brica de suministro de trietilentetramina Cas 112-24-3 con buen precio"},"content":{"rendered":"<h1>Suministro de f\u00e1brica trietilentetramina Cas 112-24-3 con buen precio - Gu\u00eda del usuario<\/h1>\n<h2>\u00cdndice<\/h2>\n<ul>\n<li><a href=\"#basic_info\">Informaci\u00f3n b\u00e1sica y par\u00e1metros<\/a><\/li>\n<li><a href=\"#uses\">Usos de la trietilentetramina<\/a><\/li>\n<li><a href=\"#usage\">C\u00f3mo utilizar la trietilentetramina<\/a><\/li>\n<li><a href=\"#case_studies\">Casos pr\u00e1cticos<\/a><\/li>\n<li><a href=\"#contact\">Informaci\u00f3n de contacto<\/a><\/li>\n<\/ul>\n<h2 id=\"basic_info\">Informaci\u00f3n b\u00e1sica y par\u00e1metros<\/h2>\n<p>La trietilentetramina, con el n\u00famero CAS 112 - 24 - 3, es un l\u00edquido entre incoloro y amarillo p\u00e1lido con olor a amon\u00edaco. Su f\u00f3rmula qu\u00edmica es C\u2086H\u2081\u2088N\u2084 y tiene un peso molecular aproximado de 146,23 g\/mol. Este compuesto es muy soluble en agua y en muchos disolventes org\u00e1nicos, lo que lo hace vers\u00e1til para diversas aplicaciones. Tiene un punto de ebullici\u00f3n en el rango de 266 - 267 \u00b0C y un punto de fusi\u00f3n de alrededor de 12 - 14 \u00b0C.<\/p>\n<p>Tambi\u00e9n es conocida por su basicidad. La trietilentetramina puede reaccionar con \u00e1cidos para formar sales, lo que constituye una caracter\u00edstica importante en muchos procesos qu\u00edmicos. La densidad de la trietilentetramina es de unos 0,982 g\/cm\u00b3 a 20 \u00b0C, y su \u00edndice de refracci\u00f3n es de 1,4971.<\/p>\n<h2 id=\"uses\">Usos de la trietilentetramina<\/h2>\n<p>1. Agente de curado de resinas epoxi: La trietilentetramina se utiliza ampliamente como agente de curado para resinas epoxi. Puede entrecruzar las mol\u00e9culas de epoxi, dando lugar a un pol\u00edmero duro y duradero. Esto es crucial en aplicaciones como revestimientos, adhesivos y compuestos. En revestimientos, proporciona una excelente resistencia qu\u00edmica y adhesi\u00f3n a diversos sustratos. En los adhesivos, permite una fuerte uni\u00f3n entre distintos materiales, y en los compuestos, mejora las propiedades mec\u00e1nicas.<\/p>\n<p>2. Agente quelante: Puede formar complejos estables con iones met\u00e1licos. Esta propiedad es \u00fatil en el tratamiento del agua para eliminar iones de metales pesados como el cobre, el n\u00edquel y el zinc. Tambi\u00e9n puede utilizarse en la industria minera para procesos de extracci\u00f3n y purificaci\u00f3n de metales.<\/p>\n<p>3. Intermedio en s\u00edntesis org\u00e1nica: La trietilentetramina es un intermediario importante en la s\u00edntesis de diversos compuestos org\u00e1nicos. Por ejemplo, puede utilizarse para sintetizar tensioactivos, muy utilizados en detergentes, emulsionantes y agentes humectantes.<\/p>\n<h2 id=\"usage\">C\u00f3mo utilizar la trietilentetramina<\/h2>\n<p>Cuando se utiliza trietilentetramina como agente de curado de la resina epoxi, la proporci\u00f3n general es de unas 10 - 15 partes por 100 partes de resina epoxi en peso. En primer lugar, la resina epoxi debe mezclarse a fondo con la cantidad adecuada de trietilentetramina a temperatura ambiente. El proceso de mezcla debe realizarse en una zona bien ventilada para evitar la inhalaci\u00f3n de humos. Una vez mezclada, la mezcla puede aplicarse al sustrato deseado dentro del tiempo de vida \u00fatil, que suele ser de unas pocas horas.<\/p>\n<p>Como agente quelante en el tratamiento del agua, puede a\u00f1adirse directamente al agua en una dosis controlada. La dosis depende de la concentraci\u00f3n de iones de metales pesados en el agua. Debe realizarse una prueba preliminar para determinar la dosis \u00f3ptima.<\/p>\n<p>En la s\u00edntesis org\u00e1nica, las condiciones de reacci\u00f3n, como la temperatura, la presi\u00f3n y el tiempo de reacci\u00f3n, deben controlarse cuidadosamente en funci\u00f3n de los requisitos espec\u00edficos de la reacci\u00f3n. A menudo es necesario utilizar catalizadores y disolventes adecuados para garantizar la eficacia de la reacci\u00f3n.<\/p>\n<h2 id=\"case_studies\">Casos pr\u00e1cticos<\/h2>\n<p>1. Aplicaci\u00f3n de revestimiento epoxi: Una empresa de fabricaci\u00f3n buscaba un revestimiento de alto rendimiento para sus productos met\u00e1licos. Utilizaron trietilentetramina como agente de curado para un revestimiento epoxi. Tras la aplicaci\u00f3n, el revestimiento mostr\u00f3 una excelente resistencia a la corrosi\u00f3n y adherencia. Los productos eran capaces de soportar condiciones ambientales adversas, como alta humedad y exposici\u00f3n a productos qu\u00edmicos. El revestimiento tambi\u00e9n ten\u00eda un acabado suave y duradero, que mejoraba el aspecto general de los productos.<\/p>\n<p>2. Tratamiento de aguas: Una planta de tratamiento de aguas residuales se enfrentaba a altos niveles de iones de cobre en el efluente. A\u00f1adiendo trietilentetramina como agente quelante, consiguieron reducir la concentraci\u00f3n de cobre a un nivel aceptable. El agua tratada cumpl\u00eda las normas medioambientales de vertido y el proceso era rentable en comparaci\u00f3n con otros m\u00e9todos de tratamiento.<\/p>\n<p>3. S\u00edntesis org\u00e1nica: Un laboratorio de investigaci\u00f3n qu\u00edmica estaba sintetizando un nuevo tensioactivo. Se utiliz\u00f3 trietilentetramina como producto intermedio en el proceso de s\u00edntesis. Mediante un cuidadoso control de las condiciones de reacci\u00f3n, consiguieron obtener un tensioactivo de alta calidad con excelentes propiedades tensioactivas. A continuaci\u00f3n, el tensioactivo se utiliz\u00f3 en la formulaci\u00f3n de un detergente que mejor\u00f3 sus propiedades de limpieza.<\/p>\n<h2 id=\"contact\">Informaci\u00f3n de contacto<\/h2>\n<p>Si tiene preguntas o necesita m\u00e1s informaci\u00f3n sobre Suministro de f\u00e1brica de trietilentetramina<\/p>","protected":false},"excerpt":{"rendered":"<p>Factory Supply Triethylenetetramine Cas 112-24-3 With Good Price - User Guide Table of Contents Basic Information and Parameters Uses of Triethylenetetramine How to Use Triethylenetetramine Usage Case Studies Contact Information Basic Information and Parameters Triethylenetetramine, with the CAS number 112 - 24 - 3, is a colorless to pale - yellow liquid with an ammonia [&hellip;]<\/p>","protected":false},"featured_media":23485,"comment_status":"closed","ping_status":"open","template":"","meta":[],"product_brand":[],"product_cat":[15],"product_tag":[],"class_list":{"0":"post-4692","1":"product","2":"type-product","3":"status-publish","4":"has-post-thumbnail","6":"product_cat-uncategorized","8":"first","9":"instock","10":"product-type-simple"},"yoast_head":"<!-- This site is optimized with the Yoast SEO Premium plugin v24.4 (Yoast SEO v25.0) - https:\/\/yoast.com\/wordpress\/plugins\/seo\/ -->\n<title>Factory Supply Triethylenetetramine Cas 112-24-3 With Good Price - Welcome to VIVALR- Your Trusted Source for Chemical Raw Materials\uff01<\/title>\n<meta name=\"robots\" content=\"index, follow, max-snippet:-1, max-image-preview:large, max-video-preview:-1\" \/>\n<link rel=\"canonical\" href=\"https:\/\/vivalr.com\/es\/product\/4692.html\" \/>\n<meta property=\"og:locale\" content=\"es_MX\" \/>\n<meta property=\"og:type\" content=\"article\" \/>\n<meta property=\"og:title\" content=\"Factory Supply Triethylenetetramine Cas 112-24-3 With Good Price\" \/>\n<meta property=\"og:description\" content=\"Factory Supply Triethylenetetramine Cas 112-24-3 With Good Price - User Guide Table of Contents Basic Information and Parameters Uses of Triethylenetetramine How to Use Triethylenetetramine Usage Case Studies Contact Information Basic Information and Parameters Triethylenetetramine, with the CAS number 112 - 24 - 3, is a colorless to pale - yellow liquid with an ammonia [&hellip;]\" \/>\n<meta property=\"og:url\" content=\"https:\/\/vivalr.com\/es\/product\/4692.html\" \/>\n<meta property=\"og:site_name\" content=\"Welcome to VIVALR- Your Trusted Source for Chemical Raw Materials\uff01\" \/>\n<meta property=\"article:modified_time\" content=\"2025-03-07T12:30:06+00:00\" \/>\n<meta property=\"og:image\" content=\"https:\/\/vivalr.com\/wp-content\/uploads\/2025\/03\/Triethylenetetramine-Cas-112-24-3.jpg\" \/>\n\t<meta property=\"og:image:width\" content=\"350\" \/>\n\t<meta property=\"og:image:height\" content=\"350\" \/>\n\t<meta property=\"og:image:type\" content=\"image\/jpeg\" \/>\n<meta name=\"twitter:card\" content=\"summary_large_image\" \/>\n<meta name=\"twitter:label1\" content=\"Tiempo de lectura\" \/>\n\t<meta name=\"twitter:data1\" content=\"3 minutos\" \/>\n<script type=\"application\/ld+json\" class=\"yoast-schema-graph\">{\"@context\":\"https:\/\/schema.org\",\"@graph\":[{\"@type\":\"WebPage\",\"@id\":\"https:\/\/vivalr.com\/product\/4692.html\",\"url\":\"https:\/\/vivalr.com\/product\/4692.html\",\"name\":\"Factory Supply Triethylenetetramine Cas 112-24-3 With Good Price - Welcome to VIVALR- Your Trusted Source for Chemical Raw Materials\uff01\",\"isPartOf\":{\"@id\":\"https:\/\/vivalr.com\/#website\"},\"primaryImageOfPage\":{\"@id\":\"https:\/\/vivalr.com\/product\/4692.html#primaryimage\"},\"image\":{\"@id\":\"https:\/\/vivalr.com\/product\/4692.html#primaryimage\"},\"thumbnailUrl\":\"https:\/\/vivalr.com\/wp-content\/uploads\/2025\/03\/Triethylenetetramine-Cas-112-24-3.jpg\",\"datePublished\":\"2025-03-07T12:10:07+00:00\",\"dateModified\":\"2025-03-07T12:30:06+00:00\",\"breadcrumb\":{\"@id\":\"https:\/\/vivalr.com\/product\/4692.html#breadcrumb\"},\"inLanguage\":\"es\",\"potentialAction\":[{\"@type\":\"ReadAction\",\"target\":[\"https:\/\/vivalr.com\/product\/4692.html\"]}]},{\"@type\":\"ImageObject\",\"inLanguage\":\"es\",\"@id\":\"https:\/\/vivalr.com\/product\/4692.html#primaryimage\",\"url\":\"https:\/\/vivalr.com\/wp-content\/uploads\/2025\/03\/Triethylenetetramine-Cas-112-24-3.jpg\",\"contentUrl\":\"https:\/\/vivalr.com\/wp-content\/uploads\/2025\/03\/Triethylenetetramine-Cas-112-24-3.jpg\",\"width\":350,\"height\":350},{\"@type\":\"BreadcrumbList\",\"@id\":\"https:\/\/vivalr.com\/product\/4692.html#breadcrumb\",\"itemListElement\":[{\"@type\":\"ListItem\",\"position\":1,\"name\":\"Home\",\"item\":\"https:\/\/vivalr.com\/\"},{\"@type\":\"ListItem\",\"position\":2,\"name\":\"Shop\",\"item\":\"https:\/\/vivalr.com\/shop\/\"},{\"@type\":\"ListItem\",\"position\":3,\"name\":\"Factory Supply Triethylenetetramine Cas 112-24-3 With Good Price\"}]},{\"@type\":\"WebSite\",\"@id\":\"https:\/\/vivalr.com\/#website\",\"url\":\"https:\/\/vivalr.com\/\",\"name\":\"Welcome to VIVALR- Your Trusted Source for Chemical Raw Materials\uff01\",\"description\":\"Discover a wide range of high-quality chemical raw materials to meet your industrial needs. Our commitment to excellence ensures that you get the best products and services.\",\"potentialAction\":[{\"@type\":\"SearchAction\",\"target\":{\"@type\":\"EntryPoint\",\"urlTemplate\":\"https:\/\/vivalr.com\/?s={search_term_string}\"},\"query-input\":{\"@type\":\"PropertyValueSpecification\",\"valueRequired\":true,\"valueName\":\"search_term_string\"}}],\"inLanguage\":\"es\"}]}<\/script>\n<!-- \/ Yoast SEO Premium plugin. -->","yoast_head_json":{"title":"F\u00e1brica de suministro de trietilentetramina Cas 112-24-3 con buen precio - Bienvenido a VIVALR- Su fuente de confianza para las materias primas qu\u00edmicas\uff01","robots":{"index":"index","follow":"follow","max-snippet":"max-snippet:-1","max-image-preview":"max-image-preview:large","max-video-preview":"max-video-preview:-1"},"canonical":"https:\/\/vivalr.com\/es\/product\/4692.html","og_locale":"es_MX","og_type":"article","og_title":"Factory Supply Triethylenetetramine Cas 112-24-3 With Good Price","og_description":"Factory Supply Triethylenetetramine Cas 112-24-3 With Good Price - User Guide Table of Contents Basic Information and Parameters Uses of Triethylenetetramine How to Use Triethylenetetramine Usage Case Studies Contact Information Basic Information and Parameters Triethylenetetramine, with the CAS number 112 - 24 - 3, is a colorless to pale - yellow liquid with an ammonia [&hellip;]","og_url":"https:\/\/vivalr.com\/es\/product\/4692.html","og_site_name":"Welcome to VIVALR- Your Trusted Source for Chemical Raw Materials\uff01","article_modified_time":"2025-03-07T12:30:06+00:00","og_image":[{"width":350,"height":350,"url":"https:\/\/vivalr.com\/wp-content\/uploads\/2025\/03\/Triethylenetetramine-Cas-112-24-3.jpg","type":"image\/jpeg"}],"twitter_card":"summary_large_image","twitter_misc":{"Tiempo de lectura":"3 minutos"},"schema":{"@context":"https:\/\/schema.org","@graph":[{"@type":"WebPage","@id":"https:\/\/vivalr.com\/product\/4692.html","url":"https:\/\/vivalr.com\/product\/4692.html","name":"F\u00e1brica de suministro de trietilentetramina Cas 112-24-3 con buen precio - Bienvenido a VIVALR- Su fuente de confianza para las materias primas qu\u00edmicas\uff01","isPartOf":{"@id":"https:\/\/vivalr.com\/#website"},"primaryImageOfPage":{"@id":"https:\/\/vivalr.com\/product\/4692.html#primaryimage"},"image":{"@id":"https:\/\/vivalr.com\/product\/4692.html#primaryimage"},"thumbnailUrl":"https:\/\/vivalr.com\/wp-content\/uploads\/2025\/03\/Triethylenetetramine-Cas-112-24-3.jpg","datePublished":"2025-03-07T12:10:07+00:00","dateModified":"2025-03-07T12:30:06+00:00","breadcrumb":{"@id":"https:\/\/vivalr.com\/product\/4692.html#breadcrumb"},"inLanguage":"es","potentialAction":[{"@type":"ReadAction","target":["https:\/\/vivalr.com\/product\/4692.html"]}]},{"@type":"ImageObject","inLanguage":"es","@id":"https:\/\/vivalr.com\/product\/4692.html#primaryimage","url":"https:\/\/vivalr.com\/wp-content\/uploads\/2025\/03\/Triethylenetetramine-Cas-112-24-3.jpg","contentUrl":"https:\/\/vivalr.com\/wp-content\/uploads\/2025\/03\/Triethylenetetramine-Cas-112-24-3.jpg","width":350,"height":350},{"@type":"BreadcrumbList","@id":"https:\/\/vivalr.com\/product\/4692.html#breadcrumb","itemListElement":[{"@type":"ListItem","position":1,"name":"Home","item":"https:\/\/vivalr.com\/"},{"@type":"ListItem","position":2,"name":"Shop","item":"https:\/\/vivalr.com\/shop\/"},{"@type":"ListItem","position":3,"name":"Factory Supply Triethylenetetramine Cas 112-24-3 With Good Price"}]},{"@type":"WebSite","@id":"https:\/\/vivalr.com\/#website","url":"https:\/\/vivalr.com\/","name":"Bienvenido a VIVALR- Su fuente de confianza para materias primas qu\u00edmicas\uff01","description":"Descubra una amplia gama de materias primas qu\u00edmicas de alta calidad para satisfacer sus necesidades industriales. Nuestro compromiso con la excelencia le garantiza los mejores productos y servicios.","potentialAction":[{"@type":"SearchAction","target":{"@type":"EntryPoint","urlTemplate":"https:\/\/vivalr.com\/?s={search_term_string}"},"query-input":{"@type":"PropertyValueSpecification","valueRequired":true,"valueName":"search_term_string"}}],"inLanguage":"es"}]}},"_links":{"self":[{"href":"https:\/\/vivalr.com\/es\/wp-json\/wp\/v2\/product\/4692","targetHints":{"allow":["GET"]}}],"collection":[{"href":"https:\/\/vivalr.com\/es\/wp-json\/wp\/v2\/product"}],"about":[{"href":"https:\/\/vivalr.com\/es\/wp-json\/wp\/v2\/types\/product"}],"replies":[{"embeddable":true,"href":"https:\/\/vivalr.com\/es\/wp-json\/wp\/v2\/comments?post=4692"}],"wp:featuredmedia":[{"embeddable":true,"href":"https:\/\/vivalr.com\/es\/wp-json\/wp\/v2\/media\/23485"}],"wp:attachment":[{"href":"https:\/\/vivalr.com\/es\/wp-json\/wp\/v2\/media?parent=4692"}],"wp:term":[{"taxonomy":"product_brand","embeddable":true,"href":"https:\/\/vivalr.com\/es\/wp-json\/wp\/v2\/product_brand?post=4692"},{"taxonomy":"product_cat","embeddable":true,"href":"https:\/\/vivalr.com\/es\/wp-json\/wp\/v2\/product_cat?post=4692"},{"taxonomy":"product_tag","embeddable":true,"href":"https:\/\/vivalr.com\/es\/wp-json\/wp\/v2\/product_tag?post=4692"}],"curies":[{"name":"wp","href":"https:\/\/api.w.org\/{rel}","templated":true}]}}