{"id":49,"date":"2025-03-07T12:05:04","date_gmt":"2025-03-07T12:05:04","guid":{"rendered":"https:\/\/vivalr.com\/product\/49.html"},"modified":"2025-03-07T12:21:18","modified_gmt":"2025-03-07T12:21:18","slug":"factory-supply-1-hexadecylamine-cas-143-27-1-with-best-price","status":"publish","type":"product","link":"https:\/\/vivalr.com\/es\/product\/49.html","title":{"rendered":"Fuente de la f\u00e1brica 1-Hexadecylamine CAS 143-27-1 con el mejor precio"},"content":{"rendered":"<h1>1-Hexadecilamina CAS 143-27-1: Gu\u00eda t\u00e9cnica y aplicaciones<\/h1>\n<p>    <!-- Table of Contents --><\/p>\n<div class=\"toc\">\n<h2>\u00cdndice<\/h2>\n<ul>\n<li><a href=\"#section1\">1. Descripci\u00f3n general del producto<\/a><\/li>\n<li><a href=\"#section2\">2. Aplicaciones clave<\/a><\/li>\n<li><a href=\"#section3\">3. Directrices de uso<\/a><\/li>\n<li><a href=\"#section4\">4. Casos pr\u00e1cticos<\/a><\/li>\n<\/ul><\/div>\n<p>    <!-- Product Overview --><\/p>\n<section id=\"section1\">\n<h2>1. Descripci\u00f3n general del producto<\/h2>\n<p><strong>1-Hexadecilamina<\/strong> (CAS 143-27-1) es un compuesto org\u00e1nico de gran pureza con la f\u00f3rmula molecular C<sub>16<\/sub>H<sub>35<\/sub>N. Las especificaciones clave incluyen:<\/p>\n<ul>\n<li>Aspecto: S\u00f3lido cristalino blanco<\/li>\n<li>Pureza: \u226598%<\/li>\n<li>Punto de fusi\u00f3n: 46-49\u00b0C<\/li>\n<li>Punto de ebullici\u00f3n: 330\u00b0C<\/li>\n<li>Embalaje: 25 kg\/tambor o requisitos personalizados<\/li>\n<\/ul>\n<\/section>\n<p>    <!-- Key Applications --><\/p>\n<section id=\"section2\">\n<h2>2. Aplicaciones clave<\/h2>\n<p>La 1-hexadecilamina desempe\u00f1a m\u00faltiples funciones industriales:<\/p>\n<ul>\n<li>Precursor de tensioactivos para detergentes<\/li>\n<li>Inhibidor de la corrosi\u00f3n en oleoductos y gasoductos<\/li>\n<li>Intermedio en s\u00edntesis farmac\u00e9utica<\/li>\n<li>Agente de recubrimiento nanomaterial<\/li>\n<li>Componente aditivo del lubricante<\/li>\n<\/ul>\n<\/section>\n<p>    <!-- Usage Guidelines --><\/p>\n<section id=\"section3\">\n<h2>3. Directrices de uso<\/h2>\n<h3>Manipulaci\u00f3n y almacenamiento:<\/h3>\n<ul>\n<li>Utilizar EPI (guantes, gafas) durante la manipulaci\u00f3n<\/li>\n<li>Almacenar en lugar fresco y seco (<25\u00b0C)<\/li>\n<li>Mantener el recipiente herm\u00e9ticamente cerrado<\/li>\n<\/ul>\n<h3>Recomendaciones de procesamiento:<\/h3>\n<ul>\n<li>Disolver en etanol\/cloroformo antes de la reacci\u00f3n<\/li>\n<li>Concentraci\u00f3n \u00f3ptima: 0,5-2% p\/v<\/li>\n<li>Rango de pH: 6,5-8,5 para un rendimiento estable<\/li>\n<\/ul>\n<\/section>\n<p>    <!-- Practical Use Cases --><\/p>\n<section id=\"section4\">\n<h2>4. Casos pr\u00e1cticos<\/h2>\n<h3>Caso 1: Nanoencapsulaci\u00f3n farmac\u00e9utica<\/h3>\n<p>Utilizado como estabilizador en la s\u00edntesis de nanopart\u00edculas cargadas de f\u00e1rmacos (concentraci\u00f3n 5% p\/p), logrando una eficacia de encapsulaci\u00f3n de 92% para API hidr\u00f3fobos.<\/p>\n<h3>Caso 2: Protecci\u00f3n contra la corrosi\u00f3n industrial<\/h3>\n<p>0,8% 1-Hexadecilamina en formulaciones de revestimiento de tuber\u00edas reduce la velocidad de corrosi\u00f3n del metal en 78% en ambientes salinos.<\/p>\n<h3>Caso 3: Formulaciones para el cuidado personal<\/h3>\n<p>Como agente acondicionador en productos de champ\u00fa (concentraci\u00f3n 0,3-0,7%), mejora la suavidad del cabello en 40% de media.<\/p>\n<\/section>\n<p>    <!-- Contact --><\/p>\n<section id=\"contact\">\n<h2>Contacto para asistencia t\u00e9cnica<\/h2>\n<p>Correo electr\u00f3nico: <a href=\"mailto:info@vivalr.com\">info@vivalr.com<\/a><br \/>\n        Tel\u00e9fono: <a href=\"tel:+8615866781826\">(86) 15866781826<\/a><\/p>\n<\/section>","protected":false},"excerpt":{"rendered":"<p>1-Hexadecilamina CAS 143-27-1: Gu\u00eda t\u00e9cnica y aplicaciones \u00cdndice 1. Descripci\u00f3n general del producto 2. Aplicaciones clave Descripci\u00f3n general del producto 2. Aplicaciones clave 3. Directrices de uso 4. Casos pr\u00e1cticos de uso 1. Descripci\u00f3n general del producto Descripci\u00f3n general del producto La 1-hexadecilamina (CAS 143-27-1) es un compuesto org\u00e1nico de gran pureza con la f\u00f3rmula molecular C16H35N. Las especificaciones clave incluyen: Aspecto: S\u00f3lido cristalino blanco Pureza: \u226598% Punto de fusi\u00f3n: 46-49\u00b0C Punto de ebullici\u00f3n: 330\u00b0C Envasado: [...]<\/p>","protected":false},"featured_media":21209,"comment_status":"closed","ping_status":"open","template":"","meta":[],"product_brand":[],"product_cat":[15],"product_tag":[],"class_list":{"0":"post-49","1":"product","2":"type-product","3":"status-publish","4":"has-post-thumbnail","6":"product_cat-uncategorized","8":"first","9":"instock","10":"product-type-simple"},"yoast_head":"<!-- This site is optimized with the Yoast SEO Premium plugin v24.4 (Yoast SEO v25.0) - https:\/\/yoast.com\/wordpress\/plugins\/seo\/ -->\n<title>Factory Supply 1-Hexadecylamine CAS 143-27-1 With Best Price - Welcome to VIVALR- Your Trusted Source for Chemical Raw Materials\uff01<\/title>\n<meta name=\"robots\" content=\"index, follow, max-snippet:-1, max-image-preview:large, max-video-preview:-1\" \/>\n<link rel=\"canonical\" href=\"https:\/\/vivalr.com\/es\/product\/49.html\" \/>\n<meta property=\"og:locale\" content=\"es_MX\" \/>\n<meta property=\"og:type\" content=\"article\" \/>\n<meta property=\"og:title\" content=\"Factory Supply 1-Hexadecylamine CAS 143-27-1 With Best Price\" \/>\n<meta property=\"og:description\" content=\"1-Hexadecylamine CAS 143-27-1: Technical Guide &amp; Applications Table of Contents 1. Product Overview 2. Key Applications 3. Usage Guidelines 4. Practical Use Cases 1. Product Overview 1-Hexadecylamine (CAS 143-27-1) is a high-purity organic compound with the molecular formula C16H35N. Key specifications include: Appearance: White crystalline solid Purity: \u226598% Melting Point: 46-49\u00b0C Boiling Point: 330\u00b0C Packaging: [&hellip;]\" \/>\n<meta property=\"og:url\" content=\"https:\/\/vivalr.com\/es\/product\/49.html\" \/>\n<meta property=\"og:site_name\" content=\"Welcome to VIVALR- Your Trusted Source for Chemical Raw Materials\uff01\" \/>\n<meta property=\"article:modified_time\" content=\"2025-03-07T12:21:18+00:00\" \/>\n<meta property=\"og:image\" content=\"https:\/\/vivalr.com\/wp-content\/uploads\/2025\/03\/1-Hexadecylamine-CAS-143-27-1-1.jpg\" \/>\n\t<meta property=\"og:image:width\" content=\"400\" \/>\n\t<meta property=\"og:image:height\" content=\"400\" \/>\n\t<meta property=\"og:image:type\" content=\"image\/jpeg\" \/>\n<meta name=\"twitter:card\" content=\"summary_large_image\" \/>\n<meta name=\"twitter:label1\" content=\"Tiempo de lectura\" \/>\n\t<meta name=\"twitter:data1\" content=\"1 minuto\" \/>\n<script type=\"application\/ld+json\" class=\"yoast-schema-graph\">{\"@context\":\"https:\/\/schema.org\",\"@graph\":[{\"@type\":\"WebPage\",\"@id\":\"https:\/\/vivalr.com\/product\/49.html\",\"url\":\"https:\/\/vivalr.com\/product\/49.html\",\"name\":\"Factory Supply 1-Hexadecylamine CAS 143-27-1 With Best Price - Welcome to VIVALR- Your Trusted Source for Chemical Raw Materials\uff01\",\"isPartOf\":{\"@id\":\"https:\/\/vivalr.com\/#website\"},\"primaryImageOfPage\":{\"@id\":\"https:\/\/vivalr.com\/product\/49.html#primaryimage\"},\"image\":{\"@id\":\"https:\/\/vivalr.com\/product\/49.html#primaryimage\"},\"thumbnailUrl\":\"https:\/\/vivalr.com\/wp-content\/uploads\/2025\/03\/1-Hexadecylamine-CAS-143-27-1-1.jpg\",\"datePublished\":\"2025-03-07T12:05:04+00:00\",\"dateModified\":\"2025-03-07T12:21:18+00:00\",\"breadcrumb\":{\"@id\":\"https:\/\/vivalr.com\/product\/49.html#breadcrumb\"},\"inLanguage\":\"es\",\"potentialAction\":[{\"@type\":\"ReadAction\",\"target\":[\"https:\/\/vivalr.com\/product\/49.html\"]}]},{\"@type\":\"ImageObject\",\"inLanguage\":\"es\",\"@id\":\"https:\/\/vivalr.com\/product\/49.html#primaryimage\",\"url\":\"https:\/\/vivalr.com\/wp-content\/uploads\/2025\/03\/1-Hexadecylamine-CAS-143-27-1-1.jpg\",\"contentUrl\":\"https:\/\/vivalr.com\/wp-content\/uploads\/2025\/03\/1-Hexadecylamine-CAS-143-27-1-1.jpg\",\"width\":400,\"height\":400},{\"@type\":\"BreadcrumbList\",\"@id\":\"https:\/\/vivalr.com\/product\/49.html#breadcrumb\",\"itemListElement\":[{\"@type\":\"ListItem\",\"position\":1,\"name\":\"Home\",\"item\":\"https:\/\/vivalr.com\/\"},{\"@type\":\"ListItem\",\"position\":2,\"name\":\"Shop\",\"item\":\"https:\/\/vivalr.com\/shop\/\"},{\"@type\":\"ListItem\",\"position\":3,\"name\":\"Factory Supply 1-Hexadecylamine CAS 143-27-1 With Best Price\"}]},{\"@type\":\"WebSite\",\"@id\":\"https:\/\/vivalr.com\/#website\",\"url\":\"https:\/\/vivalr.com\/\",\"name\":\"Welcome to VIVALR- Your Trusted Source for Chemical Raw Materials\uff01\",\"description\":\"Discover a wide range of high-quality chemical raw materials to meet your industrial needs. Our commitment to excellence ensures that you get the best products and services.\",\"potentialAction\":[{\"@type\":\"SearchAction\",\"target\":{\"@type\":\"EntryPoint\",\"urlTemplate\":\"https:\/\/vivalr.com\/?s={search_term_string}\"},\"query-input\":{\"@type\":\"PropertyValueSpecification\",\"valueRequired\":true,\"valueName\":\"search_term_string\"}}],\"inLanguage\":\"es\"}]}<\/script>\n<!-- \/ Yoast SEO Premium plugin. -->","yoast_head_json":{"title":"Fuente de la f\u00e1brica 1-Hexadecylamine CAS 143-27-1 con el mejor precio - Bienvenido a VIVALR- Su fuente de confianza para las materias primas qu\u00edmicas\uff01.","robots":{"index":"index","follow":"follow","max-snippet":"max-snippet:-1","max-image-preview":"max-image-preview:large","max-video-preview":"max-video-preview:-1"},"canonical":"https:\/\/vivalr.com\/es\/product\/49.html","og_locale":"es_MX","og_type":"article","og_title":"Factory Supply 1-Hexadecylamine CAS 143-27-1 With Best Price","og_description":"1-Hexadecylamine CAS 143-27-1: Technical Guide & Applications Table of Contents 1. Product Overview 2. Key Applications 3. Usage Guidelines 4. Practical Use Cases 1. Product Overview 1-Hexadecylamine (CAS 143-27-1) is a high-purity organic compound with the molecular formula C16H35N. Key specifications include: Appearance: White crystalline solid Purity: \u226598% Melting Point: 46-49\u00b0C Boiling Point: 330\u00b0C Packaging: [&hellip;]","og_url":"https:\/\/vivalr.com\/es\/product\/49.html","og_site_name":"Welcome to VIVALR- Your Trusted Source for Chemical Raw Materials\uff01","article_modified_time":"2025-03-07T12:21:18+00:00","og_image":[{"width":400,"height":400,"url":"https:\/\/vivalr.com\/wp-content\/uploads\/2025\/03\/1-Hexadecylamine-CAS-143-27-1-1.jpg","type":"image\/jpeg"}],"twitter_card":"summary_large_image","twitter_misc":{"Tiempo de lectura":"1 minuto"},"schema":{"@context":"https:\/\/schema.org","@graph":[{"@type":"WebPage","@id":"https:\/\/vivalr.com\/product\/49.html","url":"https:\/\/vivalr.com\/product\/49.html","name":"Fuente de la f\u00e1brica 1-Hexadecylamine CAS 143-27-1 con el mejor precio - Bienvenido a VIVALR- Su fuente de confianza para las materias primas qu\u00edmicas\uff01.","isPartOf":{"@id":"https:\/\/vivalr.com\/#website"},"primaryImageOfPage":{"@id":"https:\/\/vivalr.com\/product\/49.html#primaryimage"},"image":{"@id":"https:\/\/vivalr.com\/product\/49.html#primaryimage"},"thumbnailUrl":"https:\/\/vivalr.com\/wp-content\/uploads\/2025\/03\/1-Hexadecylamine-CAS-143-27-1-1.jpg","datePublished":"2025-03-07T12:05:04+00:00","dateModified":"2025-03-07T12:21:18+00:00","breadcrumb":{"@id":"https:\/\/vivalr.com\/product\/49.html#breadcrumb"},"inLanguage":"es","potentialAction":[{"@type":"ReadAction","target":["https:\/\/vivalr.com\/product\/49.html"]}]},{"@type":"ImageObject","inLanguage":"es","@id":"https:\/\/vivalr.com\/product\/49.html#primaryimage","url":"https:\/\/vivalr.com\/wp-content\/uploads\/2025\/03\/1-Hexadecylamine-CAS-143-27-1-1.jpg","contentUrl":"https:\/\/vivalr.com\/wp-content\/uploads\/2025\/03\/1-Hexadecylamine-CAS-143-27-1-1.jpg","width":400,"height":400},{"@type":"BreadcrumbList","@id":"https:\/\/vivalr.com\/product\/49.html#breadcrumb","itemListElement":[{"@type":"ListItem","position":1,"name":"Home","item":"https:\/\/vivalr.com\/"},{"@type":"ListItem","position":2,"name":"Shop","item":"https:\/\/vivalr.com\/shop\/"},{"@type":"ListItem","position":3,"name":"Factory Supply 1-Hexadecylamine CAS 143-27-1 With Best Price"}]},{"@type":"WebSite","@id":"https:\/\/vivalr.com\/#website","url":"https:\/\/vivalr.com\/","name":"Bienvenido a VIVALR- Su fuente de confianza para materias primas qu\u00edmicas\uff01","description":"Descubra una amplia gama de materias primas qu\u00edmicas de alta calidad para satisfacer sus necesidades industriales. Nuestro compromiso con la excelencia le garantiza los mejores productos y servicios.","potentialAction":[{"@type":"SearchAction","target":{"@type":"EntryPoint","urlTemplate":"https:\/\/vivalr.com\/?s={search_term_string}"},"query-input":{"@type":"PropertyValueSpecification","valueRequired":true,"valueName":"search_term_string"}}],"inLanguage":"es"}]}},"_links":{"self":[{"href":"https:\/\/vivalr.com\/es\/wp-json\/wp\/v2\/product\/49","targetHints":{"allow":["GET"]}}],"collection":[{"href":"https:\/\/vivalr.com\/es\/wp-json\/wp\/v2\/product"}],"about":[{"href":"https:\/\/vivalr.com\/es\/wp-json\/wp\/v2\/types\/product"}],"replies":[{"embeddable":true,"href":"https:\/\/vivalr.com\/es\/wp-json\/wp\/v2\/comments?post=49"}],"wp:featuredmedia":[{"embeddable":true,"href":"https:\/\/vivalr.com\/es\/wp-json\/wp\/v2\/media\/21209"}],"wp:attachment":[{"href":"https:\/\/vivalr.com\/es\/wp-json\/wp\/v2\/media?parent=49"}],"wp:term":[{"taxonomy":"product_brand","embeddable":true,"href":"https:\/\/vivalr.com\/es\/wp-json\/wp\/v2\/product_brand?post=49"},{"taxonomy":"product_cat","embeddable":true,"href":"https:\/\/vivalr.com\/es\/wp-json\/wp\/v2\/product_cat?post=49"},{"taxonomy":"product_tag","embeddable":true,"href":"https:\/\/vivalr.com\/es\/wp-json\/wp\/v2\/product_tag?post=49"}],"curies":[{"name":"wp","href":"https:\/\/api.w.org\/{rel}","templated":true}]}}