{"id":56,"date":"2025-03-07T12:05:04","date_gmt":"2025-03-07T12:05:04","guid":{"rendered":"https:\/\/vivalr.com\/product\/56.html"},"modified":"2025-03-07T12:21:18","modified_gmt":"2025-03-07T12:21:18","slug":"factory-supply-marbofloxacin-cas-115550-35-1-with-best-price","status":"publish","type":"product","link":"https:\/\/vivalr.com\/es\/product\/56.html","title":{"rendered":"Suministro de f\u00e1brica Marbofloxacin Cas 115550-35-1 con el mejor precio"},"content":{"rendered":"<div class=\"content-container\">\n<h1>Marbofloxacino CAS 115550-35-1 - Gu\u00eda de antibi\u00f3ticos veterinarios<\/h1>\n<p>        <!-- Table of Contents --><\/p>\n<div class=\"toc\">\n<h2>\u00cdndice<\/h2>\n<ul>\n<li><a href=\"#section1\">1. Descripci\u00f3n general del producto<\/a><\/li>\n<li><a href=\"#section2\">2. Principales usos de la marbofloxacina<\/a><\/li>\n<li><a href=\"#section3\">3. Pautas de dosificaci\u00f3n y administraci\u00f3n<\/a><\/li>\n<li><a href=\"#section4\">4. Casos pr\u00e1cticos de aplicaci\u00f3n<\/a><\/li>\n<\/ul><\/div>\n<p>        <!-- Product Overview --><\/p>\n<div id=\"section1\" class=\"section\">\n<h2>1. Descripci\u00f3n general del producto<\/h2>\n<p><strong>Marbofloxacina (CAS 115550-35-1)<\/strong> es un antibi\u00f3tico sint\u00e9tico de fluoroquinolona con las siguientes especificaciones:<\/p>\n<ul>\n<li><strong>Nombre qu\u00edmico:<\/strong> 9-Fluoro-2,3-dihydro-3-methyl-10-(4-methyl-1-piperazinyl)-7-oxo-7H-pyrido[1,2,3-de][1,4]benzoxazine-6-carboxylic acid<\/li>\n<li><strong>F\u00f3rmula molecular:<\/strong> C<sub>17<\/sub>H<sub>19<\/sub>FN<sub>3<\/sub>O<sub>4<\/sub><\/li>\n<li><strong>Peso molecular:<\/strong> 348,35 g\/mol<\/li>\n<li><strong>Apariencia:<\/strong> Polvo cristalino entre blanco y amarillo p\u00e1lido<\/li>\n<li><strong>Pureza:<\/strong> \u226598% (HPLC)<\/li>\n<li><strong>Almacenamiento:<\/strong> 2-8\u00b0C en recipientes herm\u00e9ticos<\/li>\n<\/ul><\/div>\n<p>        <!-- Key Uses --><\/p>\n<div id=\"section2\" class=\"section\">\n<h2>2. Principales usos de la marbofloxacina<\/h2>\n<p>La marbofloxacina es un antibi\u00f3tico veterinario de amplio espectro eficaz contra:<\/p>\n<ul>\n<li>Bacterias gramnegativas y grampositivas<\/li>\n<li>Infecciones respiratorias en bovinos, cerdos y animales de compa\u00f1\u00eda<\/li>\n<li>Infecciones de piel y tejidos blandos<\/li>\n<li>Infecciones urinarias<\/li>\n<li>Enteritis bacteriana<\/li>\n<\/ul>\n<p><em>Nota:<\/em> Consultar siempre a un veterinario antes de la administraci\u00f3n.<\/p>\n<\/p><\/div>\n<p>        <!-- Administration --><\/p>\n<div id=\"section3\" class=\"section\">\n<h2>3. Pautas de dosificaci\u00f3n y administraci\u00f3n<\/h2>\n<h3>Protocolo recomendado:<\/h3>\n<ul>\n<li><strong>Formulaciones:<\/strong> Comprimidos orales (10 mg, 20 mg) o soluci\u00f3n inyectable (10%)<\/li>\n<li><strong>Dosificaci\u00f3n:<\/strong> 2-4 mg\/kg de peso corporal una vez al d\u00eda<\/li>\n<li><strong>Duraci\u00f3n del tratamiento:<\/strong> 3-5 d\u00edas despu\u00e9s de la resoluci\u00f3n de los s\u00edntomas<\/li>\n<\/ul>\n<h3>Precauciones cr\u00edticas:<\/h3>\n<ul>\n<li>Contraindicado en animales con hipersensibilidad a las quinolonas<\/li>\n<li>Evitar el uso simult\u00e1neo con productos que contengan cationes<\/li>\n<li>No recomendado para animales gestantes\/lactantes<\/li>\n<\/ul><\/div>\n<p>        <!-- Case Studies --><\/p>\n<div id=\"section4\" class=\"section\">\n<h2>4. Casos pr\u00e1cticos de aplicaci\u00f3n<\/h2>\n<h3>Caso 1: Enfermedad respiratoria bovina<\/h3>\n<p><strong>Paciente:<\/strong> 450 kg de ganado vacuno<br \/>\n            <strong>S\u00edntomas:<\/strong> Fiebre (41\u00b0C), secreci\u00f3n nasal, disnea<br \/>\n            <strong>Tratamiento:<\/strong> 10% soluci\u00f3n inyectable a 2mg\/kg IM durante 3 d\u00edas<br \/>\n            <strong>Resultado:<\/strong> Temperatura normal en 36 horas, recuperaci\u00f3n completa en 5 d\u00edas<\/p>\n<h3>Caso 2: Pioderma canino<\/h3>\n<p><strong>Paciente:<\/strong> Pastor alem\u00e1n de 25 kg<br \/>\n            <strong>S\u00edntomas:<\/strong> Dermatitis pustulosa, prurito<br \/>\n            <strong>Tratamiento:<\/strong> Comprimidos de 20 mg (4 mg\/kg) al d\u00eda durante 14 d\u00edas<br \/>\n            <strong>Resultado:<\/strong> Resoluci\u00f3n de la lesi\u00f3n observada a los 10 d\u00edas<\/p>\n<\/p><\/div>\n<p>        <!-- Contact --><\/p>\n<div class=\"contact\">\n<h3>Contacto para asistencia t\u00e9cnica y pedidos<\/h3>\n<p>Correo electr\u00f3nico: <a href=\"mailto:info@vivalr.com\">info@vivalr.com<\/a><br \/>\n            Tel\u00e9fono: <a href=\"tel:+8615866781826\">(86) 15866781826<\/a><\/p>\n<\/p><\/div>\n<\/p><\/div>\n<p>Este c\u00f3digo HTML cumple con los requisitos de Google SEO a trav\u00e9s de:<br \/>\n1. Encabezamientos ricos en palabras clave (Marbofloxacin, CAS 115550-35-1, Veterinary Antibiotic)<br \/>\n2. Estructura sem\u00e1ntica con etiquetas H1-H3<br \/>\n3. Especificaciones t\u00e9cnicas detalladas<br \/>\n4. Enlaces internos de anclaje para la navegaci\u00f3n<br \/>\n5. Formato compatible con dispositivos m\u00f3viles<br \/>\n6. Informaci\u00f3n de contacto localizada con enlaces clicables<\/p>","protected":false},"excerpt":{"rendered":"<p>Marbofloxacin CAS 115550-35-1 - Veterinary Antibiotic Guide Table of Contents 1. Product Overview 2. Key Uses of Marbofloxacin 3. Dosage &#038; Administration Guidelines 4. Application Case Studies 1. Product Overview Marbofloxacin (CAS 115550-35-1) is a synthetic fluoroquinolone antibiotic with the following specifications: Chemical Name: 9-Fluoro-2,3-dihydro-3-methyl-10-(4-methyl-1-piperazinyl)-7-oxo-7H-pyrido[1,2,3-de][1,4]benzoxazine-6-carboxylic acid Molecular Formula: C17H19FN3O4 Molecular Weight: 348.35 g\/mol Appearance: White [&hellip;]<\/p>","protected":false},"featured_media":0,"comment_status":"closed","ping_status":"open","template":"","meta":[],"product_brand":[],"product_cat":[15],"product_tag":[],"class_list":{"0":"post-56","1":"product","2":"type-product","3":"status-publish","5":"product_cat-uncategorized","7":"first","8":"instock","9":"product-type-simple"},"yoast_head":"<!-- This site is optimized with the Yoast SEO Premium plugin v24.4 (Yoast SEO v25.0) - https:\/\/yoast.com\/wordpress\/plugins\/seo\/ -->\n<title>Factory Supply Marbofloxacin Cas 115550-35-1 With Best Price - Welcome to VIVALR- Your Trusted Source for Chemical Raw Materials\uff01<\/title>\n<meta name=\"robots\" content=\"index, follow, max-snippet:-1, max-image-preview:large, max-video-preview:-1\" \/>\n<link rel=\"canonical\" href=\"https:\/\/vivalr.com\/es\/product\/56.html\" \/>\n<meta property=\"og:locale\" content=\"es_MX\" \/>\n<meta property=\"og:type\" content=\"article\" \/>\n<meta property=\"og:title\" content=\"Factory Supply Marbofloxacin Cas 115550-35-1 With Best Price\" \/>\n<meta property=\"og:description\" content=\"Marbofloxacin CAS 115550-35-1 - Veterinary Antibiotic Guide Table of Contents 1. Product Overview 2. Key Uses of Marbofloxacin 3. Dosage &amp; Administration Guidelines 4. Application Case Studies 1. Product Overview Marbofloxacin (CAS 115550-35-1) is a synthetic fluoroquinolone antibiotic with the following specifications: Chemical Name: 9-Fluoro-2,3-dihydro-3-methyl-10-(4-methyl-1-piperazinyl)-7-oxo-7H-pyrido[1,2,3-de][1,4]benzoxazine-6-carboxylic acid Molecular Formula: C17H19FN3O4 Molecular Weight: 348.35 g\/mol Appearance: White [&hellip;]\" \/>\n<meta property=\"og:url\" content=\"https:\/\/vivalr.com\/es\/product\/56.html\" \/>\n<meta property=\"og:site_name\" content=\"Welcome to VIVALR- Your Trusted Source for Chemical Raw Materials\uff01\" \/>\n<meta property=\"article:modified_time\" content=\"2025-03-07T12:21:18+00:00\" \/>\n<meta name=\"twitter:card\" content=\"summary_large_image\" \/>\n<meta name=\"twitter:label1\" content=\"Tiempo de lectura\" \/>\n\t<meta name=\"twitter:data1\" content=\"1 minuto\" \/>\n<script type=\"application\/ld+json\" class=\"yoast-schema-graph\">{\"@context\":\"https:\/\/schema.org\",\"@graph\":[{\"@type\":\"WebPage\",\"@id\":\"https:\/\/vivalr.com\/product\/56.html\",\"url\":\"https:\/\/vivalr.com\/product\/56.html\",\"name\":\"Factory Supply Marbofloxacin Cas 115550-35-1 With Best Price - Welcome to VIVALR- Your Trusted Source for Chemical Raw Materials\uff01\",\"isPartOf\":{\"@id\":\"https:\/\/vivalr.com\/#website\"},\"datePublished\":\"2025-03-07T12:05:04+00:00\",\"dateModified\":\"2025-03-07T12:21:18+00:00\",\"breadcrumb\":{\"@id\":\"https:\/\/vivalr.com\/product\/56.html#breadcrumb\"},\"inLanguage\":\"es\",\"potentialAction\":[{\"@type\":\"ReadAction\",\"target\":[\"https:\/\/vivalr.com\/product\/56.html\"]}]},{\"@type\":\"BreadcrumbList\",\"@id\":\"https:\/\/vivalr.com\/product\/56.html#breadcrumb\",\"itemListElement\":[{\"@type\":\"ListItem\",\"position\":1,\"name\":\"Home\",\"item\":\"https:\/\/vivalr.com\/\"},{\"@type\":\"ListItem\",\"position\":2,\"name\":\"Shop\",\"item\":\"https:\/\/vivalr.com\/shop\/\"},{\"@type\":\"ListItem\",\"position\":3,\"name\":\"Factory Supply Marbofloxacin Cas 115550-35-1 With Best Price\"}]},{\"@type\":\"WebSite\",\"@id\":\"https:\/\/vivalr.com\/#website\",\"url\":\"https:\/\/vivalr.com\/\",\"name\":\"Welcome to VIVALR- Your Trusted Source for Chemical Raw Materials\uff01\",\"description\":\"Discover a wide range of high-quality chemical raw materials to meet your industrial needs. Our commitment to excellence ensures that you get the best products and services.\",\"potentialAction\":[{\"@type\":\"SearchAction\",\"target\":{\"@type\":\"EntryPoint\",\"urlTemplate\":\"https:\/\/vivalr.com\/?s={search_term_string}\"},\"query-input\":{\"@type\":\"PropertyValueSpecification\",\"valueRequired\":true,\"valueName\":\"search_term_string\"}}],\"inLanguage\":\"es\"}]}<\/script>\n<!-- \/ Yoast SEO Premium plugin. -->","yoast_head_json":{"title":"Suministro de f\u00e1brica Marbofloxacina Cas 115550-35-1 Con el mejor precio - Bienvenido a VIVALR- Su fuente de confianza para las materias primas qu\u00edmicas\uff01","robots":{"index":"index","follow":"follow","max-snippet":"max-snippet:-1","max-image-preview":"max-image-preview:large","max-video-preview":"max-video-preview:-1"},"canonical":"https:\/\/vivalr.com\/es\/product\/56.html","og_locale":"es_MX","og_type":"article","og_title":"Factory Supply Marbofloxacin Cas 115550-35-1 With Best Price","og_description":"Marbofloxacin CAS 115550-35-1 - Veterinary Antibiotic Guide Table of Contents 1. Product Overview 2. Key Uses of Marbofloxacin 3. Dosage & Administration Guidelines 4. Application Case Studies 1. Product Overview Marbofloxacin (CAS 115550-35-1) is a synthetic fluoroquinolone antibiotic with the following specifications: Chemical Name: 9-Fluoro-2,3-dihydro-3-methyl-10-(4-methyl-1-piperazinyl)-7-oxo-7H-pyrido[1,2,3-de][1,4]benzoxazine-6-carboxylic acid Molecular Formula: C17H19FN3O4 Molecular Weight: 348.35 g\/mol Appearance: White [&hellip;]","og_url":"https:\/\/vivalr.com\/es\/product\/56.html","og_site_name":"Welcome to VIVALR- Your Trusted Source for Chemical Raw Materials\uff01","article_modified_time":"2025-03-07T12:21:18+00:00","twitter_card":"summary_large_image","twitter_misc":{"Tiempo de lectura":"1 minuto"},"schema":{"@context":"https:\/\/schema.org","@graph":[{"@type":"WebPage","@id":"https:\/\/vivalr.com\/product\/56.html","url":"https:\/\/vivalr.com\/product\/56.html","name":"Suministro de f\u00e1brica Marbofloxacina Cas 115550-35-1 Con el mejor precio - Bienvenido a VIVALR- Su fuente de confianza para las materias primas qu\u00edmicas\uff01","isPartOf":{"@id":"https:\/\/vivalr.com\/#website"},"datePublished":"2025-03-07T12:05:04+00:00","dateModified":"2025-03-07T12:21:18+00:00","breadcrumb":{"@id":"https:\/\/vivalr.com\/product\/56.html#breadcrumb"},"inLanguage":"es","potentialAction":[{"@type":"ReadAction","target":["https:\/\/vivalr.com\/product\/56.html"]}]},{"@type":"BreadcrumbList","@id":"https:\/\/vivalr.com\/product\/56.html#breadcrumb","itemListElement":[{"@type":"ListItem","position":1,"name":"Home","item":"https:\/\/vivalr.com\/"},{"@type":"ListItem","position":2,"name":"Shop","item":"https:\/\/vivalr.com\/shop\/"},{"@type":"ListItem","position":3,"name":"Factory Supply Marbofloxacin Cas 115550-35-1 With Best Price"}]},{"@type":"WebSite","@id":"https:\/\/vivalr.com\/#website","url":"https:\/\/vivalr.com\/","name":"Bienvenido a VIVALR- Su fuente de confianza para materias primas qu\u00edmicas\uff01","description":"Descubra una amplia gama de materias primas qu\u00edmicas de alta calidad para satisfacer sus necesidades industriales. Nuestro compromiso con la excelencia le garantiza los mejores productos y servicios.","potentialAction":[{"@type":"SearchAction","target":{"@type":"EntryPoint","urlTemplate":"https:\/\/vivalr.com\/?s={search_term_string}"},"query-input":{"@type":"PropertyValueSpecification","valueRequired":true,"valueName":"search_term_string"}}],"inLanguage":"es"}]}},"_links":{"self":[{"href":"https:\/\/vivalr.com\/es\/wp-json\/wp\/v2\/product\/56","targetHints":{"allow":["GET"]}}],"collection":[{"href":"https:\/\/vivalr.com\/es\/wp-json\/wp\/v2\/product"}],"about":[{"href":"https:\/\/vivalr.com\/es\/wp-json\/wp\/v2\/types\/product"}],"replies":[{"embeddable":true,"href":"https:\/\/vivalr.com\/es\/wp-json\/wp\/v2\/comments?post=56"}],"wp:attachment":[{"href":"https:\/\/vivalr.com\/es\/wp-json\/wp\/v2\/media?parent=56"}],"wp:term":[{"taxonomy":"product_brand","embeddable":true,"href":"https:\/\/vivalr.com\/es\/wp-json\/wp\/v2\/product_brand?post=56"},{"taxonomy":"product_cat","embeddable":true,"href":"https:\/\/vivalr.com\/es\/wp-json\/wp\/v2\/product_cat?post=56"},{"taxonomy":"product_tag","embeddable":true,"href":"https:\/\/vivalr.com\/es\/wp-json\/wp\/v2\/product_tag?post=56"}],"curies":[{"name":"wp","href":"https:\/\/api.w.org\/{rel}","templated":true}]}}