{"id":5734,"date":"2025-03-07T12:11:22","date_gmt":"2025-03-07T12:11:22","guid":{"rendered":"https:\/\/vivalr.com\/product\/5734.html"},"modified":"2025-03-07T12:32:08","modified_gmt":"2025-03-07T12:32:08","slug":"factory-supply-terbutryn-cas-886-50-0-with-low-price","status":"publish","type":"product","link":"https:\/\/vivalr.com\/es\/product\/5734.html","title":{"rendered":"Factory Supply Terbutryn CAS 886-50-0 With Low Price"},"content":{"rendered":"<h1>Factory Supply Terbutryn CAS 886 - 50 - 0 With Low Price User Guide<\/h1>\n<h2>\u00cdndice<\/h2>\n<ul>\n<li><a href=\"#basic-info\">1. Informaci\u00f3n b\u00e1sica y par\u00e1metros del producto<\/a><\/li>\n<li><a href=\"#usage\">2. Product Purposes<\/a><\/li>\n<li><a href=\"#how-to-use\">3. C\u00f3mo utilizar el producto<\/a><\/li>\n<li><a href=\"#case-study\">4. Casos pr\u00e1cticos de uso de productos<\/a><\/li>\n<li><a href=\"#contact\">5. 5. Informaci\u00f3n de contacto<\/a><\/li>\n<\/ul>\n<h2 id=\"basic-info\">1. Informaci\u00f3n b\u00e1sica y par\u00e1metros del producto<\/h2>\n<p>Terbutryn, with the CAS number 886 - 50 - 0, is a well - known herbicide. This product is factory - supplied and is available at a low price, which makes it an attractive option for various users. Chemically, Terbutryn belongs to the triazine family. It has a molecular formula of C\u2081\u2080H\u2081\u2089N\u2085S and a molecular weight of approximately 241.35 g\/mol. Physically, it appears as a white to light - yellow crystalline solid. It has a melting point in the range of 104 - 106\u00b0C and a boiling point that is relatively high, making it stable under normal environmental conditions. Its solubility in water is relatively low (about 15 mg\/L at 20\u00b0C), but it is soluble in common organic solvents such as acetone, methanol, and dichloromethane.<\/p>\n<h2 id=\"usage\">2. Product Purposes<\/h2>\n<p>Terbutryn is primarily used as a selective herbicide. It is highly effective in controlling a wide range of annual grasses and broad - leaved weeds in various crops. For example, it is commonly used in sugarcane fields to control weeds such as Digitaria sanguinalis and Chenopodium album. In vineyards, it helps in keeping the growth of weeds in check, which can otherwise compete with grapevines for nutrients, water, and sunlight. It can also be used in some cereal crops like wheat and barley to prevent weed infestations during the early growth stages of the crops. Additionally, Terbutryn can be used in non - crop areas such as industrial sites, railway embankments, and roadsides to manage weed growth and maintain a clean appearance.<\/p>\n<h2 id=\"how-to-use\">3. C\u00f3mo utilizar el producto<\/h2>\n<p>Before using Terbutryn, it is essential to carefully read the product label and follow all the instructions provided. The application rate of Terbutryn depends on several factors, including the type of crop, the type and density of weeds, and the soil type. Generally, for pre - emergence applications in sugarcane fields, the recommended rate is around 1.5 - 2.5 kg per hectare. For post - emergence applications, the rate may be slightly lower, usually between 1 - 1.5 kg per hectare.<\/p>\n<p>  When applying Terbutryn, it is best to use a suitable sprayer. Ensure that the sprayer is clean and calibrated correctly to ensure an even distribution of the herbicide. The spray should be applied evenly over the target area. For best results, apply Terbutryn when the weather conditions are favorable, such as when there is no heavy rain expected within 24 hours after application. Also, avoid spraying in windy conditions to prevent drift to non - target areas.<\/p>\n<h2 id=\"case-study\">4. Casos pr\u00e1cticos de uso de productos<\/h2>\n<p>Case 1: A sugarcane farm in Brazil had been facing severe weed problems, especially with Digitaria sanguinalis. The farmers decided to use Terbutryn for pre - emergence weed control. They applied Terbutryn at a rate of 2 kg per hectare using a tractor - mounted sprayer. After two weeks, they observed a significant reduction in weed growth. The sugarcane plants grew healthier and more vigorously, with an increased yield of about 15% compared to the previous year when no herbicide was used.<\/p>\n<p>  Case 2: A vineyard in France was struggling with weed competition that was affecting the quality of the grapes. The vineyard manager applied Terbutryn post - emergence at a rate of 1.2 kg per hectare. The herbicide effectively controlled the broad - leaved weeds such as Chenopodium album and Amaranthus retroflexus. As a result, the grapevines received more nutrients and sunlight, and the quality of the grapes improved, leading to a better - rated wine production that year.<\/p>\n<h2 id=\"contact\">5. 5. Informaci\u00f3n de contacto<\/h2>\n<p>Si tiene alguna pregunta o necesita m\u00e1s informaci\u00f3n sobre este producto, no dude en ponerse en contacto con nosotros. Nuestra direcci\u00f3n de correo electr\u00f3nico es info@vivalr.com, y nuestro n\u00famero de tel\u00e9fono es (86) 15866781826.<\/p>","protected":false},"excerpt":{"rendered":"<p>Factory Supply Terbutryn CAS 886 - 50 - 0 With Low Price User Guide Table of Contents 1. Product Basic Information and Parameters 2. Product Purposes 3. How to Use the Product 4. Product Usage Case Studies 5. Contact Information 1. Product Basic Information and Parameters Terbutryn, with the CAS number 886 - 50 - [&hellip;]<\/p>","protected":false},"featured_media":23939,"comment_status":"closed","ping_status":"open","template":"","meta":[],"product_brand":[],"product_cat":[15],"product_tag":[],"class_list":{"0":"post-5734","1":"product","2":"type-product","3":"status-publish","4":"has-post-thumbnail","6":"product_cat-uncategorized","8":"first","9":"instock","10":"product-type-simple"},"yoast_head":"<!-- This site is optimized with the Yoast SEO Premium plugin v24.4 (Yoast SEO v27.4) - https:\/\/yoast.com\/product\/yoast-seo-premium-wordpress\/ -->\n<title>Factory Supply Terbutryn CAS 886-50-0 With Low Price - Welcome to VIVALR- Your Trusted Source for Chemical Raw Materials\uff01<\/title>\n<meta name=\"robots\" content=\"index, follow, max-snippet:-1, max-image-preview:large, max-video-preview:-1\" \/>\n<link rel=\"canonical\" href=\"https:\/\/vivalr.com\/es\/product\/5734.html\" \/>\n<meta property=\"og:locale\" content=\"es_MX\" \/>\n<meta property=\"og:type\" content=\"article\" \/>\n<meta property=\"og:title\" content=\"Factory Supply Terbutryn CAS 886-50-0 With Low Price\" \/>\n<meta property=\"og:description\" content=\"Factory Supply Terbutryn CAS 886 - 50 - 0 With Low Price User Guide Table of Contents 1. Product Basic Information and Parameters 2. Product Purposes 3. How to Use the Product 4. Product Usage Case Studies 5. Contact Information 1. Product Basic Information and Parameters Terbutryn, with the CAS number 886 - 50 - [&hellip;]\" \/>\n<meta property=\"og:url\" content=\"https:\/\/vivalr.com\/es\/product\/5734.html\" \/>\n<meta property=\"og:site_name\" content=\"Welcome to VIVALR- Your Trusted Source for Chemical Raw Materials\uff01\" \/>\n<meta property=\"article:modified_time\" content=\"2025-03-07T12:32:08+00:00\" \/>\n<meta property=\"og:image\" content=\"https:\/\/vivalr.com\/wp-content\/uploads\/2025\/03\/Terbutryn-cas-886-50-0-1.jpg\" \/>\n\t<meta property=\"og:image:width\" content=\"350\" \/>\n\t<meta property=\"og:image:height\" content=\"350\" \/>\n\t<meta property=\"og:image:type\" content=\"image\/jpeg\" \/>\n<meta name=\"twitter:card\" content=\"summary_large_image\" \/>\n<meta name=\"twitter:label1\" content=\"Tiempo de lectura\" \/>\n\t<meta name=\"twitter:data1\" content=\"3 minutos\" \/>\n<script type=\"application\/ld+json\" class=\"yoast-schema-graph\">{\"@context\":\"https:\\\/\\\/schema.org\",\"@graph\":[{\"@type\":\"WebPage\",\"@id\":\"https:\\\/\\\/vivalr.com\\\/product\\\/5734.html\",\"url\":\"https:\\\/\\\/vivalr.com\\\/product\\\/5734.html\",\"name\":\"Factory Supply Terbutryn CAS 886-50-0 With Low Price - Welcome to VIVALR- Your Trusted Source for Chemical Raw Materials\uff01\",\"isPartOf\":{\"@id\":\"https:\\\/\\\/vivalr.com\\\/#website\"},\"primaryImageOfPage\":{\"@id\":\"https:\\\/\\\/vivalr.com\\\/product\\\/5734.html#primaryimage\"},\"image\":{\"@id\":\"https:\\\/\\\/vivalr.com\\\/product\\\/5734.html#primaryimage\"},\"thumbnailUrl\":\"https:\\\/\\\/vivalr.com\\\/wp-content\\\/uploads\\\/2025\\\/03\\\/Terbutryn-cas-886-50-0-1.jpg\",\"datePublished\":\"2025-03-07T12:11:22+00:00\",\"dateModified\":\"2025-03-07T12:32:08+00:00\",\"breadcrumb\":{\"@id\":\"https:\\\/\\\/vivalr.com\\\/product\\\/5734.html#breadcrumb\"},\"inLanguage\":\"es\",\"potentialAction\":[{\"@type\":\"ReadAction\",\"target\":[\"https:\\\/\\\/vivalr.com\\\/product\\\/5734.html\"]}]},{\"@type\":\"ImageObject\",\"inLanguage\":\"es\",\"@id\":\"https:\\\/\\\/vivalr.com\\\/product\\\/5734.html#primaryimage\",\"url\":\"https:\\\/\\\/vivalr.com\\\/wp-content\\\/uploads\\\/2025\\\/03\\\/Terbutryn-cas-886-50-0-1.jpg\",\"contentUrl\":\"https:\\\/\\\/vivalr.com\\\/wp-content\\\/uploads\\\/2025\\\/03\\\/Terbutryn-cas-886-50-0-1.jpg\",\"width\":350,\"height\":350},{\"@type\":\"BreadcrumbList\",\"@id\":\"https:\\\/\\\/vivalr.com\\\/product\\\/5734.html#breadcrumb\",\"itemListElement\":[{\"@type\":\"ListItem\",\"position\":1,\"name\":\"Home\",\"item\":\"https:\\\/\\\/vivalr.com\\\/\"},{\"@type\":\"ListItem\",\"position\":2,\"name\":\"Shop\",\"item\":\"https:\\\/\\\/vivalr.com\\\/shop\\\/\"},{\"@type\":\"ListItem\",\"position\":3,\"name\":\"Factory Supply Terbutryn CAS 886-50-0 With Low Price\"}]},{\"@type\":\"WebSite\",\"@id\":\"https:\\\/\\\/vivalr.com\\\/#website\",\"url\":\"https:\\\/\\\/vivalr.com\\\/\",\"name\":\"Welcome to VIVALR- Your Trusted Source for Chemical Raw Materials\uff01\",\"description\":\"Discover a wide range of high-quality chemical raw materials to meet your industrial needs. Our commitment to excellence ensures that you get the best products and services.\",\"potentialAction\":[{\"@type\":\"SearchAction\",\"target\":{\"@type\":\"EntryPoint\",\"urlTemplate\":\"https:\\\/\\\/vivalr.com\\\/?s={search_term_string}\"},\"query-input\":{\"@type\":\"PropertyValueSpecification\",\"valueRequired\":true,\"valueName\":\"search_term_string\"}}],\"inLanguage\":\"es\"}]}<\/script>\n<!-- \/ Yoast SEO Premium plugin. -->","yoast_head_json":{"title":"Factory Supply Terbutryn CAS 886-50-0 With Low Price - Welcome to VIVALR- Your Trusted Source for Chemical Raw Materials\uff01","robots":{"index":"index","follow":"follow","max-snippet":"max-snippet:-1","max-image-preview":"max-image-preview:large","max-video-preview":"max-video-preview:-1"},"canonical":"https:\/\/vivalr.com\/es\/product\/5734.html","og_locale":"es_MX","og_type":"article","og_title":"Factory Supply Terbutryn CAS 886-50-0 With Low Price","og_description":"Factory Supply Terbutryn CAS 886 - 50 - 0 With Low Price User Guide Table of Contents 1. Product Basic Information and Parameters 2. Product Purposes 3. How to Use the Product 4. Product Usage Case Studies 5. Contact Information 1. Product Basic Information and Parameters Terbutryn, with the CAS number 886 - 50 - [&hellip;]","og_url":"https:\/\/vivalr.com\/es\/product\/5734.html","og_site_name":"Welcome to VIVALR- Your Trusted Source for Chemical Raw Materials\uff01","article_modified_time":"2025-03-07T12:32:08+00:00","og_image":[{"width":350,"height":350,"url":"https:\/\/vivalr.com\/wp-content\/uploads\/2025\/03\/Terbutryn-cas-886-50-0-1.jpg","type":"image\/jpeg"}],"twitter_card":"summary_large_image","twitter_misc":{"Tiempo de lectura":"3 minutos"},"schema":{"@context":"https:\/\/schema.org","@graph":[{"@type":"WebPage","@id":"https:\/\/vivalr.com\/product\/5734.html","url":"https:\/\/vivalr.com\/product\/5734.html","name":"Factory Supply Terbutryn CAS 886-50-0 With Low Price - Welcome to VIVALR- Your Trusted Source for Chemical Raw Materials\uff01","isPartOf":{"@id":"https:\/\/vivalr.com\/#website"},"primaryImageOfPage":{"@id":"https:\/\/vivalr.com\/product\/5734.html#primaryimage"},"image":{"@id":"https:\/\/vivalr.com\/product\/5734.html#primaryimage"},"thumbnailUrl":"https:\/\/vivalr.com\/wp-content\/uploads\/2025\/03\/Terbutryn-cas-886-50-0-1.jpg","datePublished":"2025-03-07T12:11:22+00:00","dateModified":"2025-03-07T12:32:08+00:00","breadcrumb":{"@id":"https:\/\/vivalr.com\/product\/5734.html#breadcrumb"},"inLanguage":"es","potentialAction":[{"@type":"ReadAction","target":["https:\/\/vivalr.com\/product\/5734.html"]}]},{"@type":"ImageObject","inLanguage":"es","@id":"https:\/\/vivalr.com\/product\/5734.html#primaryimage","url":"https:\/\/vivalr.com\/wp-content\/uploads\/2025\/03\/Terbutryn-cas-886-50-0-1.jpg","contentUrl":"https:\/\/vivalr.com\/wp-content\/uploads\/2025\/03\/Terbutryn-cas-886-50-0-1.jpg","width":350,"height":350},{"@type":"BreadcrumbList","@id":"https:\/\/vivalr.com\/product\/5734.html#breadcrumb","itemListElement":[{"@type":"ListItem","position":1,"name":"Home","item":"https:\/\/vivalr.com\/"},{"@type":"ListItem","position":2,"name":"Shop","item":"https:\/\/vivalr.com\/shop\/"},{"@type":"ListItem","position":3,"name":"Factory Supply Terbutryn CAS 886-50-0 With Low Price"}]},{"@type":"WebSite","@id":"https:\/\/vivalr.com\/#website","url":"https:\/\/vivalr.com\/","name":"Bienvenido a VIVALR- Su fuente de confianza para materias primas qu\u00edmicas\uff01","description":"Descubra una amplia gama de materias primas qu\u00edmicas de alta calidad para satisfacer sus necesidades industriales. Nuestro compromiso con la excelencia le garantiza los mejores productos y servicios.","potentialAction":[{"@type":"SearchAction","target":{"@type":"EntryPoint","urlTemplate":"https:\/\/vivalr.com\/?s={search_term_string}"},"query-input":{"@type":"PropertyValueSpecification","valueRequired":true,"valueName":"search_term_string"}}],"inLanguage":"es"}]}},"_links":{"self":[{"href":"https:\/\/vivalr.com\/es\/wp-json\/wp\/v2\/product\/5734","targetHints":{"allow":["GET"]}}],"collection":[{"href":"https:\/\/vivalr.com\/es\/wp-json\/wp\/v2\/product"}],"about":[{"href":"https:\/\/vivalr.com\/es\/wp-json\/wp\/v2\/types\/product"}],"replies":[{"embeddable":true,"href":"https:\/\/vivalr.com\/es\/wp-json\/wp\/v2\/comments?post=5734"}],"wp:featuredmedia":[{"embeddable":true,"href":"https:\/\/vivalr.com\/es\/wp-json\/wp\/v2\/media\/23939"}],"wp:attachment":[{"href":"https:\/\/vivalr.com\/es\/wp-json\/wp\/v2\/media?parent=5734"}],"wp:term":[{"taxonomy":"product_brand","embeddable":true,"href":"https:\/\/vivalr.com\/es\/wp-json\/wp\/v2\/product_brand?post=5734"},{"taxonomy":"product_cat","embeddable":true,"href":"https:\/\/vivalr.com\/es\/wp-json\/wp\/v2\/product_cat?post=5734"},{"taxonomy":"product_tag","embeddable":true,"href":"https:\/\/vivalr.com\/es\/wp-json\/wp\/v2\/product_tag?post=5734"}],"curies":[{"name":"wp","href":"https:\/\/api.w.org\/{rel}","templated":true}]}}