{"id":5776,"date":"2025-03-07T12:11:26","date_gmt":"2025-03-07T12:11:26","guid":{"rendered":"https:\/\/vivalr.com\/product\/5776.html"},"modified":"2025-03-07T12:32:13","modified_gmt":"2025-03-07T12:32:13","slug":"factory-supply-2-naphthaldehyde-cas-66-99-9-with-low-price","status":"publish","type":"product","link":"https:\/\/vivalr.com\/es\/product\/5776.html","title":{"rendered":"Fuente de la f\u00e1brica 2-Naphthaldehyde CAS 66-99-9 con precio bajo"},"content":{"rendered":"<h2>\u00cdndice<\/h2>\n<ol>\n<li><a href=\"#product_info\">Informaci\u00f3n b\u00e1sica y par\u00e1metros del producto<\/a><\/li>\n<li><a href=\"#product_usage\">Usos del producto<\/a><\/li>\n<li><a href=\"#product_operation\">Uso del producto<\/a><\/li>\n<li><a href=\"#usage_cases\">Casos de uso del producto<\/a><\/li>\n<li><a href=\"#contact\">Informaci\u00f3n de contacto<\/a><\/li>\n<\/ol>\n<h2 id=\"product_info\">Informaci\u00f3n b\u00e1sica y par\u00e1metros del producto<\/h2>\n<p>El producto presentado aqu\u00ed es Suministro de f\u00e1brica 2 - Naftaldeh\u00eddo con CAS 66 - 99 - 9 y un precio bajo. 2 - Naftaldeh\u00eddo es un compuesto org\u00e1nico importante. La f\u00f3rmula molecular de 2 - Naftaldeh\u00eddo es C\u2081\u2080H\u2087CHO, con un peso molecular de aproximadamente 156,19 g\/mol. Es un polvo cristalino de color amarillo p\u00e1lido a amarillo o un s\u00f3lido en forma de escamas a temperatura ambiente. Tiene un punto de fusi\u00f3n de unos 60 - 62\u00b0C y un punto de ebullici\u00f3n de 291 - 293\u00b0C. Este producto es insoluble en agua pero soluble en disolventes org\u00e1nicos como etanol, \u00e9ter y benceno.<\/p>\n<h2 id=\"product_usage\">Usos del producto<\/h2>\n<p>2 - El naftaldeh\u00eddo tiene una amplia gama de aplicaciones en diversos campos. En el campo de la s\u00edntesis org\u00e1nica, sirve como intermediario crucial. Puede utilizarse en la s\u00edntesis de diversos compuestos farmac\u00e9uticos. Por ejemplo, participa en la reacci\u00f3n para formar f\u00e1rmacos con propiedades antiinflamatorias y antitumorales. En la industria de la perfumer\u00eda, el 2-naftaldeh\u00eddo se utiliza para crear aromas \u00fanicos. Su estructura arom\u00e1tica especial puede a\u00f1adir una nota c\u00e1lida y rica a los perfumes, mejorando la calidad y singularidad general de la fragancia.<\/p>\n<p>En el campo de los tintes, puede utilizarse como materia prima para sintetizar determinados tintes. El crom\u00f3foro del 2-naftaldeh\u00eddo puede conferir colores espec\u00edficos y propiedades de solidez del color a los tintes, haci\u00e9ndolos adecuados para diferentes aplicaciones textiles y de estampaci\u00f3n.<\/p>\n<h2 id=\"product_operation\">Uso del producto<\/h2>\n<p>Cuando se utiliza 2 - Naftaldeh\u00eddo, deben seguirse estrictos procedimientos de seguridad. En primer lugar, debe almacenarse en un lugar fresco, seco y bien ventilado, alejado de fuentes de calor y de la luz solar directa. Al manipularlo, debe utilizarse equipo de protecci\u00f3n personal adecuado, como guantes y gafas, para evitar el contacto con la piel y la inhalaci\u00f3n de polvo.<\/p>\n<p>En el laboratorio, cuando se utiliza 2 - Naftaldeh\u00eddo para la s\u00edntesis org\u00e1nica, se requiere un pesaje y una medici\u00f3n precisos. Normalmente, primero se disuelve en un disolvente org\u00e1nico adecuado y, a continuaci\u00f3n, se lleva a cabo la reacci\u00f3n en condiciones de reacci\u00f3n espec\u00edficas, como temperatura, presi\u00f3n y tiempo de reacci\u00f3n. El progreso de la reacci\u00f3n debe controlarse mediante m\u00e9todos anal\u00edticos adecuados, como la cromatograf\u00eda en capa fina o la espectroscopia de resonancia magn\u00e9tica nuclear.<\/p>\n<p>En la producci\u00f3n industrial, se necesitan equipos a gran escala y un estricto control del proceso. El sistema de reacci\u00f3n debe agitarse a fondo para garantizar una reacci\u00f3n uniforme. Una vez finalizada la reacci\u00f3n, el producto debe purificarse mediante m\u00e9todos de separaci\u00f3n y purificaci\u00f3n adecuados, como la destilaci\u00f3n, la recristalizaci\u00f3n, etc.<\/p>\n<h2 id=\"usage_cases\">Casos de uso del producto<\/h2>\n<p><strong>Caso de s\u00edntesis farmac\u00e9utica<\/strong>: Una empresa de investigaci\u00f3n farmac\u00e9utica planea sintetizar un nuevo f\u00e1rmaco antiinflamatorio. Utilizaron 2 - naftaldeh\u00eddo como intermediario clave. En primer lugar, el 2 - naftaldeh\u00eddo se hizo reaccionar con un compuesto am\u00ednico espec\u00edfico bajo la cat\u00e1lisis de un \u00e1cido de Lewis. La reacci\u00f3n se llev\u00f3 a cabo en un disolvente de etanol a una temperatura de 70\u00b0C durante 5 horas. Una vez completada la reacci\u00f3n, el producto se separ\u00f3 mediante extracci\u00f3n con diclorometano. A continuaci\u00f3n, mediante una serie de pasos de purificaci\u00f3n, incluyendo cromatograf\u00eda en columna, se obtuvo un intermedio de alta pureza. Este producto intermedio se hizo reaccionar con otros grupos funcionales para formar el f\u00e1rmaco antiinflamatorio final. Tras experimentos con animales, el f\u00e1rmaco mostr\u00f3 importantes efectos antiinflamatorios, lo que indica la importancia del 2-naftaldeh\u00eddo en la s\u00edntesis farmac\u00e9utica.<\/p>\n<p><strong>Estuche de creaci\u00f3n de perfumes<\/strong>: Una conocida marca de perfumes quer\u00eda crear un nuevo perfume masculino. El perfumista utiliz\u00f3 2 - naftaldeh\u00eddo como una de las notas de fondo. Mezclando cuidadosamente el 2-naftaldeh\u00eddo con otros aceites esenciales y sustancias arom\u00e1ticas, como el aceite de lavanda y el aceite de s\u00e1ndalo, se cre\u00f3 una fragancia c\u00e1lida, profunda y duradera. El nuevo perfume tuvo una buena acogida en el mercado, lo que demuestra el valor del 2-naftaldeh\u00eddo en la industria de la perfumer\u00eda.<\/p>\n<h2 id=\"contact\">Informaci\u00f3n de contacto<\/h2>\n<p>Si tiene preguntas o necesita m\u00e1s informaci\u00f3n sobre Suministro de f\u00e1brica 2 - Naftaldeh\u00eddo CAS 66 - 99 - 9, no dude en ponerse en contacto con nosotros. Nuestra direcci\u00f3n de correo electr\u00f3nico es info@vivalr.com, y nuestro n\u00famero de tel\u00e9fono es (86) 15866781826.<\/p>","protected":false},"excerpt":{"rendered":"<p>Table of Contents Product Basic Information and Parameters Product Uses Product Usage Product Usage Cases Contact Information Product Basic Information and Parameters The product introduced here is Factory Supply 2 - Naphthaldehyde with CAS 66 - 99 - 9 and a low price. 2 - Naphthaldehyde is an important organic compound. The molecular formula of [&hellip;]<\/p>","protected":false},"featured_media":23960,"comment_status":"closed","ping_status":"open","template":"","meta":[],"product_brand":[],"product_cat":[15],"product_tag":[],"class_list":{"0":"post-5776","1":"product","2":"type-product","3":"status-publish","4":"has-post-thumbnail","6":"product_cat-uncategorized","8":"first","9":"instock","10":"product-type-simple"},"yoast_head":"<!-- This site is optimized with the Yoast SEO Premium plugin v24.4 (Yoast SEO v27.4) - https:\/\/yoast.com\/product\/yoast-seo-premium-wordpress\/ -->\n<title>Factory Supply 2-Naphthaldehyde CAS 66-99-9 With Low Price - Welcome to VIVALR- Your Trusted Source for Chemical Raw Materials\uff01<\/title>\n<meta name=\"robots\" content=\"index, follow, max-snippet:-1, max-image-preview:large, max-video-preview:-1\" \/>\n<link rel=\"canonical\" href=\"https:\/\/vivalr.com\/es\/product\/5776.html\" \/>\n<meta property=\"og:locale\" content=\"es_MX\" \/>\n<meta property=\"og:type\" content=\"article\" \/>\n<meta property=\"og:title\" content=\"Factory Supply 2-Naphthaldehyde CAS 66-99-9 With Low Price\" \/>\n<meta property=\"og:description\" content=\"Table of Contents Product Basic Information and Parameters Product Uses Product Usage Product Usage Cases Contact Information Product Basic Information and Parameters The product introduced here is Factory Supply 2 - Naphthaldehyde with CAS 66 - 99 - 9 and a low price. 2 - Naphthaldehyde is an important organic compound. The molecular formula of [&hellip;]\" \/>\n<meta property=\"og:url\" content=\"https:\/\/vivalr.com\/es\/product\/5776.html\" \/>\n<meta property=\"og:site_name\" content=\"Welcome to VIVALR- Your Trusted Source for Chemical Raw Materials\uff01\" \/>\n<meta property=\"article:modified_time\" content=\"2025-03-07T12:32:13+00:00\" \/>\n<meta property=\"og:image\" content=\"https:\/\/vivalr.com\/wp-content\/uploads\/2025\/03\/2-Naphthaldehyde-cas-66-99-9-1.jpg\" \/>\n\t<meta property=\"og:image:width\" content=\"400\" \/>\n\t<meta property=\"og:image:height\" content=\"400\" \/>\n\t<meta property=\"og:image:type\" content=\"image\/jpeg\" \/>\n<meta name=\"twitter:card\" content=\"summary_large_image\" \/>\n<meta name=\"twitter:label1\" content=\"Tiempo de lectura\" \/>\n\t<meta name=\"twitter:data1\" content=\"3 minutos\" \/>\n<script type=\"application\/ld+json\" class=\"yoast-schema-graph\">{\"@context\":\"https:\\\/\\\/schema.org\",\"@graph\":[{\"@type\":\"WebPage\",\"@id\":\"https:\\\/\\\/vivalr.com\\\/product\\\/5776.html\",\"url\":\"https:\\\/\\\/vivalr.com\\\/product\\\/5776.html\",\"name\":\"Factory Supply 2-Naphthaldehyde CAS 66-99-9 With Low Price - Welcome to VIVALR- Your Trusted Source for Chemical Raw Materials\uff01\",\"isPartOf\":{\"@id\":\"https:\\\/\\\/vivalr.com\\\/#website\"},\"primaryImageOfPage\":{\"@id\":\"https:\\\/\\\/vivalr.com\\\/product\\\/5776.html#primaryimage\"},\"image\":{\"@id\":\"https:\\\/\\\/vivalr.com\\\/product\\\/5776.html#primaryimage\"},\"thumbnailUrl\":\"https:\\\/\\\/vivalr.com\\\/wp-content\\\/uploads\\\/2025\\\/03\\\/2-Naphthaldehyde-cas-66-99-9-1.jpg\",\"datePublished\":\"2025-03-07T12:11:26+00:00\",\"dateModified\":\"2025-03-07T12:32:13+00:00\",\"breadcrumb\":{\"@id\":\"https:\\\/\\\/vivalr.com\\\/product\\\/5776.html#breadcrumb\"},\"inLanguage\":\"es\",\"potentialAction\":[{\"@type\":\"ReadAction\",\"target\":[\"https:\\\/\\\/vivalr.com\\\/product\\\/5776.html\"]}]},{\"@type\":\"ImageObject\",\"inLanguage\":\"es\",\"@id\":\"https:\\\/\\\/vivalr.com\\\/product\\\/5776.html#primaryimage\",\"url\":\"https:\\\/\\\/vivalr.com\\\/wp-content\\\/uploads\\\/2025\\\/03\\\/2-Naphthaldehyde-cas-66-99-9-1.jpg\",\"contentUrl\":\"https:\\\/\\\/vivalr.com\\\/wp-content\\\/uploads\\\/2025\\\/03\\\/2-Naphthaldehyde-cas-66-99-9-1.jpg\",\"width\":400,\"height\":400},{\"@type\":\"BreadcrumbList\",\"@id\":\"https:\\\/\\\/vivalr.com\\\/product\\\/5776.html#breadcrumb\",\"itemListElement\":[{\"@type\":\"ListItem\",\"position\":1,\"name\":\"Home\",\"item\":\"https:\\\/\\\/vivalr.com\\\/\"},{\"@type\":\"ListItem\",\"position\":2,\"name\":\"Shop\",\"item\":\"https:\\\/\\\/vivalr.com\\\/shop\\\/\"},{\"@type\":\"ListItem\",\"position\":3,\"name\":\"Factory Supply 2-Naphthaldehyde CAS 66-99-9 With Low Price\"}]},{\"@type\":\"WebSite\",\"@id\":\"https:\\\/\\\/vivalr.com\\\/#website\",\"url\":\"https:\\\/\\\/vivalr.com\\\/\",\"name\":\"Welcome to VIVALR- Your Trusted Source for Chemical Raw Materials\uff01\",\"description\":\"Discover a wide range of high-quality chemical raw materials to meet your industrial needs. Our commitment to excellence ensures that you get the best products and services.\",\"potentialAction\":[{\"@type\":\"SearchAction\",\"target\":{\"@type\":\"EntryPoint\",\"urlTemplate\":\"https:\\\/\\\/vivalr.com\\\/?s={search_term_string}\"},\"query-input\":{\"@type\":\"PropertyValueSpecification\",\"valueRequired\":true,\"valueName\":\"search_term_string\"}}],\"inLanguage\":\"es\"}]}<\/script>\n<!-- \/ Yoast SEO Premium plugin. -->","yoast_head_json":{"title":"Fuente de la f\u00e1brica 2-Naphthaldehyde CAS 66-99-9 con precio bajo - Bienvenido a VIVALR- Su fuente de confianza para las materias primas qu\u00edmicas\uff01.","robots":{"index":"index","follow":"follow","max-snippet":"max-snippet:-1","max-image-preview":"max-image-preview:large","max-video-preview":"max-video-preview:-1"},"canonical":"https:\/\/vivalr.com\/es\/product\/5776.html","og_locale":"es_MX","og_type":"article","og_title":"Factory Supply 2-Naphthaldehyde CAS 66-99-9 With Low Price","og_description":"Table of Contents Product Basic Information and Parameters Product Uses Product Usage Product Usage Cases Contact Information Product Basic Information and Parameters The product introduced here is Factory Supply 2 - Naphthaldehyde with CAS 66 - 99 - 9 and a low price. 2 - Naphthaldehyde is an important organic compound. The molecular formula of [&hellip;]","og_url":"https:\/\/vivalr.com\/es\/product\/5776.html","og_site_name":"Welcome to VIVALR- Your Trusted Source for Chemical Raw Materials\uff01","article_modified_time":"2025-03-07T12:32:13+00:00","og_image":[{"width":400,"height":400,"url":"https:\/\/vivalr.com\/wp-content\/uploads\/2025\/03\/2-Naphthaldehyde-cas-66-99-9-1.jpg","type":"image\/jpeg"}],"twitter_card":"summary_large_image","twitter_misc":{"Tiempo de lectura":"3 minutos"},"schema":{"@context":"https:\/\/schema.org","@graph":[{"@type":"WebPage","@id":"https:\/\/vivalr.com\/product\/5776.html","url":"https:\/\/vivalr.com\/product\/5776.html","name":"Fuente de la f\u00e1brica 2-Naphthaldehyde CAS 66-99-9 con precio bajo - Bienvenido a VIVALR- Su fuente de confianza para las materias primas qu\u00edmicas\uff01.","isPartOf":{"@id":"https:\/\/vivalr.com\/#website"},"primaryImageOfPage":{"@id":"https:\/\/vivalr.com\/product\/5776.html#primaryimage"},"image":{"@id":"https:\/\/vivalr.com\/product\/5776.html#primaryimage"},"thumbnailUrl":"https:\/\/vivalr.com\/wp-content\/uploads\/2025\/03\/2-Naphthaldehyde-cas-66-99-9-1.jpg","datePublished":"2025-03-07T12:11:26+00:00","dateModified":"2025-03-07T12:32:13+00:00","breadcrumb":{"@id":"https:\/\/vivalr.com\/product\/5776.html#breadcrumb"},"inLanguage":"es","potentialAction":[{"@type":"ReadAction","target":["https:\/\/vivalr.com\/product\/5776.html"]}]},{"@type":"ImageObject","inLanguage":"es","@id":"https:\/\/vivalr.com\/product\/5776.html#primaryimage","url":"https:\/\/vivalr.com\/wp-content\/uploads\/2025\/03\/2-Naphthaldehyde-cas-66-99-9-1.jpg","contentUrl":"https:\/\/vivalr.com\/wp-content\/uploads\/2025\/03\/2-Naphthaldehyde-cas-66-99-9-1.jpg","width":400,"height":400},{"@type":"BreadcrumbList","@id":"https:\/\/vivalr.com\/product\/5776.html#breadcrumb","itemListElement":[{"@type":"ListItem","position":1,"name":"Home","item":"https:\/\/vivalr.com\/"},{"@type":"ListItem","position":2,"name":"Shop","item":"https:\/\/vivalr.com\/shop\/"},{"@type":"ListItem","position":3,"name":"Factory Supply 2-Naphthaldehyde CAS 66-99-9 With Low Price"}]},{"@type":"WebSite","@id":"https:\/\/vivalr.com\/#website","url":"https:\/\/vivalr.com\/","name":"Bienvenido a VIVALR- Su fuente de confianza para materias primas qu\u00edmicas\uff01","description":"Descubra una amplia gama de materias primas qu\u00edmicas de alta calidad para satisfacer sus necesidades industriales. Nuestro compromiso con la excelencia le garantiza los mejores productos y servicios.","potentialAction":[{"@type":"SearchAction","target":{"@type":"EntryPoint","urlTemplate":"https:\/\/vivalr.com\/?s={search_term_string}"},"query-input":{"@type":"PropertyValueSpecification","valueRequired":true,"valueName":"search_term_string"}}],"inLanguage":"es"}]}},"_links":{"self":[{"href":"https:\/\/vivalr.com\/es\/wp-json\/wp\/v2\/product\/5776","targetHints":{"allow":["GET"]}}],"collection":[{"href":"https:\/\/vivalr.com\/es\/wp-json\/wp\/v2\/product"}],"about":[{"href":"https:\/\/vivalr.com\/es\/wp-json\/wp\/v2\/types\/product"}],"replies":[{"embeddable":true,"href":"https:\/\/vivalr.com\/es\/wp-json\/wp\/v2\/comments?post=5776"}],"wp:featuredmedia":[{"embeddable":true,"href":"https:\/\/vivalr.com\/es\/wp-json\/wp\/v2\/media\/23960"}],"wp:attachment":[{"href":"https:\/\/vivalr.com\/es\/wp-json\/wp\/v2\/media?parent=5776"}],"wp:term":[{"taxonomy":"product_brand","embeddable":true,"href":"https:\/\/vivalr.com\/es\/wp-json\/wp\/v2\/product_brand?post=5776"},{"taxonomy":"product_cat","embeddable":true,"href":"https:\/\/vivalr.com\/es\/wp-json\/wp\/v2\/product_cat?post=5776"},{"taxonomy":"product_tag","embeddable":true,"href":"https:\/\/vivalr.com\/es\/wp-json\/wp\/v2\/product_tag?post=5776"}],"curies":[{"name":"wp","href":"https:\/\/api.w.org\/{rel}","templated":true}]}}