{"id":6088,"date":"2025-03-07T12:11:41","date_gmt":"2025-03-07T12:11:41","guid":{"rendered":"https:\/\/vivalr.com\/product\/6088.html"},"modified":"2025-03-07T12:32:43","modified_gmt":"2025-03-07T12:32:43","slug":"high-quality-zinc-glycinate-cas-14281-83-5-7214-08-6-with-low-price","status":"publish","type":"product","link":"https:\/\/vivalr.com\/es\/product\/6088.html","title":{"rendered":"Glicinato de zinc de alta calidad CAS 14281-83-5\/7214-08-6 con precio bajo"},"content":{"rendered":"<h1>Gu\u00eda del usuario: Glicinato de zinc de alta calidad CAS 14281-83-5\/7214-08-6 con precio bajo<\/h1>\n<h2>\u00cdndice<\/h2>\n<ul>\n<li><a href=\"#basic_info\">1. Informaci\u00f3n b\u00e1sica y par\u00e1metros<\/a><\/li>\n<li><a href=\"#uses\">2. Usos del producto<\/a><\/li>\n<li><a href=\"#usage\">3. Uso del producto<\/a><\/li>\n<li><a href=\"#cases\">4. Casos de uso del producto<\/a><\/li>\n<li><a href=\"#contact\">5. 5. Informaci\u00f3n de contacto<\/a><\/li>\n<\/ul>\n<h2 id=\"basic_info\">1. Informaci\u00f3n b\u00e1sica y par\u00e1metros<\/h2>\n<p>Glicinato de Zinc de Alta Calidad CAS 14281-83-5\/7214-08-6 Con Bajo Precio es un suplemento nutricional altamente beneficioso. El glicinato de zinc es una forma quelada de zinc, donde el zinc se une al amino\u00e1cido glicina. Este proceso de quelaci\u00f3n mejora la biodisponibilidad de zinc, por lo que es m\u00e1s f\u00e1cil para el cuerpo para absorber y utilizar.<\/p>\n<p>N\u00famero CAS: 14281-83-5\/7214-08-6. El contenido de zinc en el glicinato de zinc puede variar, pero normalmente contiene una cantidad significativa de zinc elemental, que es la forma biol\u00f3gicamente activa. Suele presentarse como un polvo entre blanco y blanquecino, con una estructura qu\u00edmica relativamente estable en condiciones normales de almacenamiento. El producto se fabrica de acuerdo con normas de alta calidad que garantizan su pureza y eficacia.<\/p>\n<h2 id=\"uses\">2. Usos del producto<\/h2>\n<p>El zinc es un oligoelemento esencial para el cuerpo humano, y el glicinato de zinc tiene una amplia gama de usos:<\/p>\n<ol>\n<li><strong>Suplementos nutricionales<\/strong>: Puede utilizarse para complementar la ingesta de zinc en personas con carencia de este mineral. El zinc desempe\u00f1a un papel crucial en la funci\u00f3n inmunitaria, el crecimiento y el desarrollo, la cicatrizaci\u00f3n de heridas y la s\u00edntesis del ADN. Por ejemplo, las personas con malos h\u00e1bitos alimenticios, los vegetarianos y los ancianos pueden tener un mayor riesgo de deficiencia de zinc y pueden beneficiarse de la administraci\u00f3n de suplementos de glicinato de zinc.<\/li>\n<li><strong>Alimentaci\u00f3n animal<\/strong>: En la industria ganadera, el glicinato de zinc puede a\u00f1adirse a los piensos. Contribuye a mejorar el crecimiento, la funci\u00f3n inmunitaria y la capacidad reproductora de los animales. Por ejemplo, en avicultura, puede mejorar la tasa de puesta y la calidad de los huevos.<\/li>\n<li><strong>Alimentos funcionales<\/strong>: Puede incorporarse a alimentos funcionales, como barritas saludables y bebidas enriquecidas. Esto permite a los consumidores aumentar f\u00e1cilmente su ingesta de zinc de forma c\u00f3moda.<\/li>\n<\/ol>\n<h2 id=\"usage\">3. Uso del producto<\/h2>\n<p><strong>Para consumo humano<\/strong>:<br \/>\n  La dosis de glicinato de cinc para uso humano depende de la edad, el sexo y las necesidades individuales. Para los adultos, la dosis diaria habitual de suplementos de cinc suele oscilar entre 15 y 30 mg de cinc elemental. Puede tomarse por v\u00eda oral, preferiblemente con una comida para reducir la posibilidad de molestias gastrointestinales. Es importante no sobrepasar el l\u00edmite m\u00e1ximo recomendado de ingesta de zinc, ya que un exceso de zinc puede tener efectos adversos, como n\u00e1useas, v\u00f3mitos y reducci\u00f3n de la absorci\u00f3n de cobre.<\/p>\n<p><strong>Para alimentaci\u00f3n animal<\/strong>:<br \/>\n  Cuando se utiliza glicinato de cinc en la alimentaci\u00f3n animal, la proporci\u00f3n de adici\u00f3n debe determinarse en funci\u00f3n del tipo de animal, su fase de crecimiento y el contenido de cinc existente en el pienso de base. Por lo general, se a\u00f1ade en una proporci\u00f3n de varios gramos por kilogramo de pienso. Para garantizar una dosificaci\u00f3n correcta, debe solicitarse el asesoramiento de un profesional en formulaci\u00f3n de piensos.<\/p>\n<h2 id=\"cases\">4. Casos de uso del producto<\/h2>\n<p><strong>Caso 1: Mejora de la salud humana<\/strong><br \/>\n  El Sr. Smith, un hombre de 45 a\u00f1os, ten\u00eda el sistema inmunitario debilitado y sufr\u00eda resfriados con frecuencia. Tras consultar a un m\u00e9dico, empez\u00f3 a tomar suplementos de glicinato de zinc en una dosis de 20 mg de zinc elemental al d\u00eda. Al cabo de unas semanas, not\u00f3 que la frecuencia de sus resfriados disminu\u00eda y se sent\u00eda con m\u00e1s energ\u00eda. Tambi\u00e9n se acort\u00f3 el tiempo de cicatrizaci\u00f3n de las heridas cuando se cort\u00f3 accidentalmente un dedo. Este caso demuestra que el glicinato de zinc puede mejorar eficazmente la funci\u00f3n inmunitaria y la capacidad de cicatrizaci\u00f3n de las heridas en los seres humanos.<\/p>\n<p><strong>Caso 2: Avicultura<\/strong><br \/>\n  El propietario de una granja av\u00edcola a\u00f1adi\u00f3 glicinato de zinc al pienso de sus gallinas ponedoras. Antes de la adici\u00f3n, las gallinas ten\u00edan un \u00edndice de puesta relativamente bajo y los huevos eran de c\u00e1scara fina. Tras a\u00f1adir una cantidad adecuada de glicinato de zinc al pienso, el \u00edndice de puesta aument\u00f3 en 15% y la calidad de la c\u00e1scara de los huevos mejor\u00f3 significativamente. Las gallinas tambi\u00e9n mostraron un mejor estado general de salud, con menor incidencia de enfermedades comunes.<\/p>\n<h2 id=\"contact\">5. 5. Informaci\u00f3n de contacto<\/h2>\n<p>Si tiene preguntas o necesita m\u00e1s informaci\u00f3n sobre Glicinato de zinc de alta calidad CAS 14281-83-5\/7214-08-6 con precio bajo, p\u00f3ngase en contacto con nosotros:<\/p>\n<ul>\n<li>Correo electr\u00f3nico: info@vivalr.com<\/li>\n<li>Tel\u00e9fono: (86<br \/>","protected":false},"excerpt":{"rendered":"<p>Gu\u00eda del usuario: Glicinato de Zinc de Alta Calidad CAS 14281-83-5\/7214-08-6 Con Bajo Precio Tabla de Contenidos 1. Informaci\u00f3n B\u00e1sica y Par\u00e1metros 2. Usos del Producto Usos del producto 3. Uso del producto 4. 5. Informaci\u00f3n de contacto 5. Informaci\u00f3n de contacto 1. Informaci\u00f3n b\u00e1sica y par\u00e1metros Informaci\u00f3n b\u00e1sica y par\u00e1metros El glicinato de zinc de alta calidad CAS 14281-83-5\/7214-08-6 a bajo precio es un suplemento nutricional muy beneficioso. El glicinato de zinc es [...]<\/p>","protected":false},"featured_media":24115,"comment_status":"closed","ping_status":"open","template":"","meta":[],"product_brand":[],"product_cat":[15],"product_tag":[],"class_list":{"0":"post-6088","1":"product","2":"type-product","3":"status-publish","4":"has-post-thumbnail","6":"product_cat-uncategorized","8":"first","9":"instock","10":"product-type-simple"},"yoast_head":"<!-- This site is optimized with the Yoast SEO Premium plugin v24.4 (Yoast SEO v27.4) - https:\/\/yoast.com\/product\/yoast-seo-premium-wordpress\/ -->\n<title>High Quality Zinc Glycinate CAS 14281-83-5\/7214-08-6 With Low Price - Welcome to VIVALR- Your Trusted Source for Chemical Raw Materials\uff01<\/title>\n<meta name=\"robots\" content=\"index, follow, max-snippet:-1, max-image-preview:large, max-video-preview:-1\" \/>\n<link rel=\"canonical\" href=\"https:\/\/vivalr.com\/es\/product\/6088.html\" \/>\n<meta property=\"og:locale\" content=\"es_MX\" \/>\n<meta property=\"og:type\" content=\"article\" \/>\n<meta property=\"og:title\" content=\"High Quality Zinc Glycinate CAS 14281-83-5\/7214-08-6 With Low Price\" \/>\n<meta property=\"og:description\" content=\"User Guide: High Quality Zinc Glycinate CAS 14281-83-5\/7214-08-6 With Low Price Table of Contents 1. Basic Information and Parameters 2. Product Uses 3. Product Usage 4. Product Use Cases 5. Contact Information 1. Basic Information and Parameters High Quality Zinc Glycinate CAS 14281-83-5\/7214-08-6 With Low Price is a highly beneficial nutritional supplement. Zinc glycinate is [&hellip;]\" \/>\n<meta property=\"og:url\" content=\"https:\/\/vivalr.com\/es\/product\/6088.html\" \/>\n<meta property=\"og:site_name\" content=\"Welcome to VIVALR- Your Trusted Source for Chemical Raw Materials\uff01\" \/>\n<meta property=\"article:modified_time\" content=\"2025-03-07T12:32:43+00:00\" \/>\n<meta property=\"og:image\" content=\"https:\/\/vivalr.com\/wp-content\/uploads\/2025\/03\/Zinc-glycinate-cas-14281-83-5-appearance.jpg\" \/>\n\t<meta property=\"og:image:width\" content=\"350\" \/>\n\t<meta property=\"og:image:height\" content=\"350\" \/>\n\t<meta property=\"og:image:type\" content=\"image\/jpeg\" \/>\n<meta name=\"twitter:card\" content=\"summary_large_image\" \/>\n<meta name=\"twitter:label1\" content=\"Tiempo de lectura\" \/>\n\t<meta name=\"twitter:data1\" content=\"3 minutos\" \/>\n<script type=\"application\/ld+json\" class=\"yoast-schema-graph\">{\"@context\":\"https:\\\/\\\/schema.org\",\"@graph\":[{\"@type\":\"WebPage\",\"@id\":\"https:\\\/\\\/vivalr.com\\\/product\\\/6088.html\",\"url\":\"https:\\\/\\\/vivalr.com\\\/product\\\/6088.html\",\"name\":\"High Quality Zinc Glycinate CAS 14281-83-5\\\/7214-08-6 With Low Price - Welcome to VIVALR- Your Trusted Source for Chemical Raw Materials\uff01\",\"isPartOf\":{\"@id\":\"https:\\\/\\\/vivalr.com\\\/#website\"},\"primaryImageOfPage\":{\"@id\":\"https:\\\/\\\/vivalr.com\\\/product\\\/6088.html#primaryimage\"},\"image\":{\"@id\":\"https:\\\/\\\/vivalr.com\\\/product\\\/6088.html#primaryimage\"},\"thumbnailUrl\":\"https:\\\/\\\/vivalr.com\\\/wp-content\\\/uploads\\\/2025\\\/03\\\/Zinc-glycinate-cas-14281-83-5-appearance.jpg\",\"datePublished\":\"2025-03-07T12:11:41+00:00\",\"dateModified\":\"2025-03-07T12:32:43+00:00\",\"breadcrumb\":{\"@id\":\"https:\\\/\\\/vivalr.com\\\/product\\\/6088.html#breadcrumb\"},\"inLanguage\":\"es\",\"potentialAction\":[{\"@type\":\"ReadAction\",\"target\":[\"https:\\\/\\\/vivalr.com\\\/product\\\/6088.html\"]}]},{\"@type\":\"ImageObject\",\"inLanguage\":\"es\",\"@id\":\"https:\\\/\\\/vivalr.com\\\/product\\\/6088.html#primaryimage\",\"url\":\"https:\\\/\\\/vivalr.com\\\/wp-content\\\/uploads\\\/2025\\\/03\\\/Zinc-glycinate-cas-14281-83-5-appearance.jpg\",\"contentUrl\":\"https:\\\/\\\/vivalr.com\\\/wp-content\\\/uploads\\\/2025\\\/03\\\/Zinc-glycinate-cas-14281-83-5-appearance.jpg\",\"width\":350,\"height\":350},{\"@type\":\"BreadcrumbList\",\"@id\":\"https:\\\/\\\/vivalr.com\\\/product\\\/6088.html#breadcrumb\",\"itemListElement\":[{\"@type\":\"ListItem\",\"position\":1,\"name\":\"Home\",\"item\":\"https:\\\/\\\/vivalr.com\\\/\"},{\"@type\":\"ListItem\",\"position\":2,\"name\":\"Shop\",\"item\":\"https:\\\/\\\/vivalr.com\\\/shop\\\/\"},{\"@type\":\"ListItem\",\"position\":3,\"name\":\"High Quality Zinc Glycinate CAS 14281-83-5\\\/7214-08-6 With Low Price\"}]},{\"@type\":\"WebSite\",\"@id\":\"https:\\\/\\\/vivalr.com\\\/#website\",\"url\":\"https:\\\/\\\/vivalr.com\\\/\",\"name\":\"Welcome to VIVALR- Your Trusted Source for Chemical Raw Materials\uff01\",\"description\":\"Discover a wide range of high-quality chemical raw materials to meet your industrial needs. Our commitment to excellence ensures that you get the best products and services.\",\"potentialAction\":[{\"@type\":\"SearchAction\",\"target\":{\"@type\":\"EntryPoint\",\"urlTemplate\":\"https:\\\/\\\/vivalr.com\\\/?s={search_term_string}\"},\"query-input\":{\"@type\":\"PropertyValueSpecification\",\"valueRequired\":true,\"valueName\":\"search_term_string\"}}],\"inLanguage\":\"es\"}]}<\/script>\n<!-- \/ Yoast SEO Premium plugin. -->","yoast_head_json":{"title":"Glicinato de zinc de alta calidad CAS 14281-83-5\/7214-08-6 con precio bajo - Bienvenido a VIVALR- Su fuente de confianza para materias primas qu\u00edmicas\uff01.","robots":{"index":"index","follow":"follow","max-snippet":"max-snippet:-1","max-image-preview":"max-image-preview:large","max-video-preview":"max-video-preview:-1"},"canonical":"https:\/\/vivalr.com\/es\/product\/6088.html","og_locale":"es_MX","og_type":"article","og_title":"High Quality Zinc Glycinate CAS 14281-83-5\/7214-08-6 With Low Price","og_description":"User Guide: High Quality Zinc Glycinate CAS 14281-83-5\/7214-08-6 With Low Price Table of Contents 1. Basic Information and Parameters 2. Product Uses 3. Product Usage 4. Product Use Cases 5. Contact Information 1. Basic Information and Parameters High Quality Zinc Glycinate CAS 14281-83-5\/7214-08-6 With Low Price is a highly beneficial nutritional supplement. Zinc glycinate is [&hellip;]","og_url":"https:\/\/vivalr.com\/es\/product\/6088.html","og_site_name":"Welcome to VIVALR- Your Trusted Source for Chemical Raw Materials\uff01","article_modified_time":"2025-03-07T12:32:43+00:00","og_image":[{"width":350,"height":350,"url":"https:\/\/vivalr.com\/wp-content\/uploads\/2025\/03\/Zinc-glycinate-cas-14281-83-5-appearance.jpg","type":"image\/jpeg"}],"twitter_card":"summary_large_image","twitter_misc":{"Tiempo de lectura":"3 minutos"},"schema":{"@context":"https:\/\/schema.org","@graph":[{"@type":"WebPage","@id":"https:\/\/vivalr.com\/product\/6088.html","url":"https:\/\/vivalr.com\/product\/6088.html","name":"Glicinato de zinc de alta calidad CAS 14281-83-5\/7214-08-6 con precio bajo - Bienvenido a VIVALR- Su fuente de confianza para materias primas qu\u00edmicas\uff01.","isPartOf":{"@id":"https:\/\/vivalr.com\/#website"},"primaryImageOfPage":{"@id":"https:\/\/vivalr.com\/product\/6088.html#primaryimage"},"image":{"@id":"https:\/\/vivalr.com\/product\/6088.html#primaryimage"},"thumbnailUrl":"https:\/\/vivalr.com\/wp-content\/uploads\/2025\/03\/Zinc-glycinate-cas-14281-83-5-appearance.jpg","datePublished":"2025-03-07T12:11:41+00:00","dateModified":"2025-03-07T12:32:43+00:00","breadcrumb":{"@id":"https:\/\/vivalr.com\/product\/6088.html#breadcrumb"},"inLanguage":"es","potentialAction":[{"@type":"ReadAction","target":["https:\/\/vivalr.com\/product\/6088.html"]}]},{"@type":"ImageObject","inLanguage":"es","@id":"https:\/\/vivalr.com\/product\/6088.html#primaryimage","url":"https:\/\/vivalr.com\/wp-content\/uploads\/2025\/03\/Zinc-glycinate-cas-14281-83-5-appearance.jpg","contentUrl":"https:\/\/vivalr.com\/wp-content\/uploads\/2025\/03\/Zinc-glycinate-cas-14281-83-5-appearance.jpg","width":350,"height":350},{"@type":"BreadcrumbList","@id":"https:\/\/vivalr.com\/product\/6088.html#breadcrumb","itemListElement":[{"@type":"ListItem","position":1,"name":"Home","item":"https:\/\/vivalr.com\/"},{"@type":"ListItem","position":2,"name":"Shop","item":"https:\/\/vivalr.com\/shop\/"},{"@type":"ListItem","position":3,"name":"High Quality Zinc Glycinate CAS 14281-83-5\/7214-08-6 With Low Price"}]},{"@type":"WebSite","@id":"https:\/\/vivalr.com\/#website","url":"https:\/\/vivalr.com\/","name":"Bienvenido a VIVALR- Su fuente de confianza para materias primas qu\u00edmicas\uff01","description":"Descubra una amplia gama de materias primas qu\u00edmicas de alta calidad para satisfacer sus necesidades industriales. Nuestro compromiso con la excelencia le garantiza los mejores productos y servicios.","potentialAction":[{"@type":"SearchAction","target":{"@type":"EntryPoint","urlTemplate":"https:\/\/vivalr.com\/?s={search_term_string}"},"query-input":{"@type":"PropertyValueSpecification","valueRequired":true,"valueName":"search_term_string"}}],"inLanguage":"es"}]}},"_links":{"self":[{"href":"https:\/\/vivalr.com\/es\/wp-json\/wp\/v2\/product\/6088","targetHints":{"allow":["GET"]}}],"collection":[{"href":"https:\/\/vivalr.com\/es\/wp-json\/wp\/v2\/product"}],"about":[{"href":"https:\/\/vivalr.com\/es\/wp-json\/wp\/v2\/types\/product"}],"replies":[{"embeddable":true,"href":"https:\/\/vivalr.com\/es\/wp-json\/wp\/v2\/comments?post=6088"}],"wp:featuredmedia":[{"embeddable":true,"href":"https:\/\/vivalr.com\/es\/wp-json\/wp\/v2\/media\/24115"}],"wp:attachment":[{"href":"https:\/\/vivalr.com\/es\/wp-json\/wp\/v2\/media?parent=6088"}],"wp:term":[{"taxonomy":"product_brand","embeddable":true,"href":"https:\/\/vivalr.com\/es\/wp-json\/wp\/v2\/product_brand?post=6088"},{"taxonomy":"product_cat","embeddable":true,"href":"https:\/\/vivalr.com\/es\/wp-json\/wp\/v2\/product_cat?post=6088"},{"taxonomy":"product_tag","embeddable":true,"href":"https:\/\/vivalr.com\/es\/wp-json\/wp\/v2\/product_tag?post=6088"}],"curies":[{"name":"wp","href":"https:\/\/api.w.org\/{rel}","templated":true}]}}