{"id":6320,"date":"2025-03-07T12:11:56","date_gmt":"2025-03-07T12:11:56","guid":{"rendered":"https:\/\/vivalr.com\/product\/6320.html"},"modified":"2025-03-07T12:33:10","modified_gmt":"2025-03-07T12:33:10","slug":"high-quality-butylparaben-sodium-salt-cas-36457-20-2-with-low-price","status":"publish","type":"product","link":"https:\/\/vivalr.com\/es\/product\/6320.html","title":{"rendered":"Alta calidad butilparabeno sal de sodio CAS 36457-20-2 con precio bajo"},"content":{"rendered":"<h1>Gu\u00eda del usuario: Alta calidad butilparabeno sal de sodio CAS 36457-20-2 con precio bajo<\/h1>\n<ol>\n<li><a href=\"#basic_info\">Informaci\u00f3n b\u00e1sica y par\u00e1metros<\/a><\/li>\n<li><a href=\"#uses\">Usos del producto<\/a><\/li>\n<li><a href=\"#usage\">Uso del producto<\/a><\/li>\n<li><a href=\"#case_studies\">Casos pr\u00e1cticos detallados<\/a><\/li>\n<li><a href=\"#contact\">Informaci\u00f3n de contacto<\/a><\/li>\n<\/ol>\n<h2 id=\"basic_info\">Informaci\u00f3n b\u00e1sica y par\u00e1metros<\/h2>\n<p>El producto, sal s\u00f3dica de butilparabeno con n\u00famero CAS 36457-20-2, es un compuesto de alta calidad ofrecido a bajo precio. Se trata de una sal s\u00f3dica de butilparabeno. La f\u00f3rmula qu\u00edmica del butilparabeno es C\u2081\u2081H\u2081\u2084O\u2083, y cuando forma la sal de sodio, tiene la correspondiente modificaci\u00f3n de la estructura qu\u00edmica. <\/p>\n<p>Este producto suele presentarse en forma de polvo entre blanco y blanquecino. Tiene buenas caracter\u00edsticas de solubilidad. Puede disolverse en agua en condiciones apropiadas, lo que lo hace adecuado para una variedad de aplicaciones en las que intervienen sistemas acuosos. En t\u00e9rminos de pureza, nuestra sal s\u00f3dica de butilparabeno de alta calidad cumple estrictas normas de control de calidad para garantizar su eficacia y fiabilidad en diferentes usos.<\/p>\n<h2 id=\"uses\">Usos del producto<\/h2>\n<p>1. **Industria cosm\u00e9tica**: La sal s\u00f3dica de butilparabeno se utiliza ampliamente en cosm\u00e9tica como conservante. Puede impedir el crecimiento de bacterias, hongos y otros microorganismos en productos cosm\u00e9ticos como lociones, cremas y champ\u00fas. Al inhibir el crecimiento microbiano, ayuda a prolongar la vida \u00fatil de estos productos, manteniendo su calidad y seguridad para los consumidores. <\/p>\n<p>2. **Industria farmac\u00e9utica**: En productos farmac\u00e9uticos, puede utilizarse como conservante en algunos medicamentos t\u00f3picos y soluciones orales. Su capacidad para prevenir la contaminaci\u00f3n microbiana es crucial para garantizar la estabilidad y eficacia de estos productos farmac\u00e9uticos. <\/p>\n<p>3. **Industria alimentaria**: Aunque su uso en la industria alimentaria est\u00e1 m\u00e1s restringido en algunas regiones debido a los requisitos normativos, en algunas aplicaciones permitidas, puede utilizarse como conservante alimentario para evitar el deterioro y prolongar la frescura de los productos alimenticios.<\/p>\n<h2 id=\"usage\">Uso del producto<\/h2>\n<p>Al utilizar sal s\u00f3dica de butilparabeno, es esencial seguir unas directrices adecuadas. En primer lugar, determine la concentraci\u00f3n adecuada seg\u00fan la aplicaci\u00f3n espec\u00edfica. En cosm\u00e9tica, la concentraci\u00f3n t\u00edpica puede oscilar entre 0,01% y 0,3%. En productos farmac\u00e9uticos, la concentraci\u00f3n est\u00e1 estrictamente regulada y debe cumplir las normas farmac\u00e9uticas pertinentes. <\/p>\n<p>Al a\u00f1adirlo a una formulaci\u00f3n, se recomienda disolverlo primero en un disolvente adecuado. Para sistemas acuosos, puede disolverse en agua tibia con agitaci\u00f3n suave hasta su completa disoluci\u00f3n. A continuaci\u00f3n, a\u00f1ada la soluci\u00f3n a la formulaci\u00f3n del producto principal en condiciones as\u00e9pticas para garantizar una dispersi\u00f3n adecuada. <\/p>\n<p>Tambi\u00e9n es importante tener en cuenta que el orden de adici\u00f3n puede afectar a su rendimiento. Por lo general, debe a\u00f1adirse en una fase adecuada del proceso de fabricaci\u00f3n para garantizar una distribuci\u00f3n uniforme y el m\u00e1ximo efecto conservante.<\/p>\n<h2 id=\"case_studies\">Casos pr\u00e1cticos detallados<\/h2>\n<p>1. **Loci\u00f3n cosm\u00e9tica**: Una empresa de cosm\u00e9ticos ten\u00eda problemas con la contaminaci\u00f3n microbiana de su loci\u00f3n hidratante. El producto ten\u00eda una vida \u00fatil corta y era propenso a estropearse. Tras realizar pruebas, decidieron a\u00f1adir sal s\u00f3dica de butilparabeno a una concentraci\u00f3n de 0,15%. Disolvieron la sal en agua caliente y la a\u00f1adieron a la formulaci\u00f3n de la loci\u00f3n durante la fase de mezclado. Como resultado, se inhibi\u00f3 significativamente el crecimiento microbiano. La vida \u00fatil de la loci\u00f3n se prolong\u00f3 de 3 a 12 meses, y las quejas de los consumidores sobre el deterioro del producto disminuyeron en m\u00e1s de 80%.<\/p>\n<p>2. **Crema farmac\u00e9utica t\u00f3pica**: Un fabricante farmac\u00e9utico estaba desarrollando una crema antimic\u00f3tica t\u00f3pica. Necesitaban un conservante fiable para garantizar la estabilidad de la crema durante su almacenamiento y uso. Al incorporar sal s\u00f3dica de butilparabeno a una concentraci\u00f3n de 0,2%, pudieron impedir el crecimiento de hongos y bacterias en la crema. En las pruebas de estabilidad acelerada, la crema mantuvo su calidad y eficacia durante m\u00e1s de 24 meses, lo que cumpl\u00eda los requisitos reglamentarios para productos farmac\u00e9uticos.<\/p>\n<h2 id=\"contact\">Informaci\u00f3n de contacto<\/h2>\n<p>Si tiene alguna pregunta o necesita m\u00e1s informaci\u00f3n sobre nuestra Sal s\u00f3dica de butilparabeno de alta calidad CAS 36457 - 20 - 2, no dude en ponerse en contacto con nosotros. Nuestro correo electr\u00f3nico es info@vivalr.com, y nuestro n\u00famero de tel\u00e9fono es (86) 15866781826.<\/p>","protected":false},"excerpt":{"rendered":"<p>User Guide: High Quality Butylparaben Sodium Salt CAS 36457-20-2 With Low Price Basic Information and Parameters Uses of the Product Usage of the Product Detailed Usage Case Studies Contact Information Basic Information and Parameters The product, Butylparaben Sodium Salt with CAS number 36457-20-2, is a high - quality compound offered at a low price. It [&hellip;]<\/p>","protected":false},"featured_media":24230,"comment_status":"closed","ping_status":"open","template":"","meta":[],"product_brand":[],"product_cat":[15],"product_tag":[],"class_list":{"0":"post-6320","1":"product","2":"type-product","3":"status-publish","4":"has-post-thumbnail","6":"product_cat-uncategorized","8":"first","9":"instock","10":"product-type-simple"},"yoast_head":"<!-- This site is optimized with the Yoast SEO Premium plugin v24.4 (Yoast SEO v27.4) - https:\/\/yoast.com\/product\/yoast-seo-premium-wordpress\/ -->\n<title>High Quality Butylparaben Sodium Salt CAS 36457-20-2 With Low Price - Welcome to VIVALR- Your Trusted Source for Chemical Raw Materials\uff01<\/title>\n<meta name=\"robots\" content=\"index, follow, max-snippet:-1, max-image-preview:large, max-video-preview:-1\" \/>\n<link rel=\"canonical\" href=\"https:\/\/vivalr.com\/es\/product\/6320.html\" \/>\n<meta property=\"og:locale\" content=\"es_MX\" \/>\n<meta property=\"og:type\" content=\"article\" \/>\n<meta property=\"og:title\" content=\"High Quality Butylparaben Sodium Salt CAS 36457-20-2 With Low Price\" \/>\n<meta property=\"og:description\" content=\"User Guide: High Quality Butylparaben Sodium Salt CAS 36457-20-2 With Low Price Basic Information and Parameters Uses of the Product Usage of the Product Detailed Usage Case Studies Contact Information Basic Information and Parameters The product, Butylparaben Sodium Salt with CAS number 36457-20-2, is a high - quality compound offered at a low price. It [&hellip;]\" \/>\n<meta property=\"og:url\" content=\"https:\/\/vivalr.com\/es\/product\/6320.html\" \/>\n<meta property=\"og:site_name\" content=\"Welcome to VIVALR- Your Trusted Source for Chemical Raw Materials\uff01\" \/>\n<meta property=\"article:modified_time\" content=\"2025-03-07T12:33:10+00:00\" \/>\n<meta property=\"og:image\" content=\"https:\/\/vivalr.com\/wp-content\/uploads\/2025\/03\/butylparaben-sodium-salt-36457-20-2.jpg\" \/>\n\t<meta property=\"og:image:width\" content=\"700\" \/>\n\t<meta property=\"og:image:height\" content=\"762\" \/>\n\t<meta property=\"og:image:type\" content=\"image\/jpeg\" \/>\n<meta name=\"twitter:card\" content=\"summary_large_image\" \/>\n<meta name=\"twitter:label1\" content=\"Tiempo de lectura\" \/>\n\t<meta name=\"twitter:data1\" content=\"3 minutos\" \/>\n<script type=\"application\/ld+json\" class=\"yoast-schema-graph\">{\"@context\":\"https:\\\/\\\/schema.org\",\"@graph\":[{\"@type\":\"WebPage\",\"@id\":\"https:\\\/\\\/vivalr.com\\\/product\\\/6320.html\",\"url\":\"https:\\\/\\\/vivalr.com\\\/product\\\/6320.html\",\"name\":\"High Quality Butylparaben Sodium Salt CAS 36457-20-2 With Low Price - Welcome to VIVALR- Your Trusted Source for Chemical Raw Materials\uff01\",\"isPartOf\":{\"@id\":\"https:\\\/\\\/vivalr.com\\\/#website\"},\"primaryImageOfPage\":{\"@id\":\"https:\\\/\\\/vivalr.com\\\/product\\\/6320.html#primaryimage\"},\"image\":{\"@id\":\"https:\\\/\\\/vivalr.com\\\/product\\\/6320.html#primaryimage\"},\"thumbnailUrl\":\"https:\\\/\\\/vivalr.com\\\/wp-content\\\/uploads\\\/2025\\\/03\\\/butylparaben-sodium-salt-36457-20-2.jpg\",\"datePublished\":\"2025-03-07T12:11:56+00:00\",\"dateModified\":\"2025-03-07T12:33:10+00:00\",\"breadcrumb\":{\"@id\":\"https:\\\/\\\/vivalr.com\\\/product\\\/6320.html#breadcrumb\"},\"inLanguage\":\"es\",\"potentialAction\":[{\"@type\":\"ReadAction\",\"target\":[\"https:\\\/\\\/vivalr.com\\\/product\\\/6320.html\"]}]},{\"@type\":\"ImageObject\",\"inLanguage\":\"es\",\"@id\":\"https:\\\/\\\/vivalr.com\\\/product\\\/6320.html#primaryimage\",\"url\":\"https:\\\/\\\/vivalr.com\\\/wp-content\\\/uploads\\\/2025\\\/03\\\/butylparaben-sodium-salt-36457-20-2.jpg\",\"contentUrl\":\"https:\\\/\\\/vivalr.com\\\/wp-content\\\/uploads\\\/2025\\\/03\\\/butylparaben-sodium-salt-36457-20-2.jpg\",\"width\":700,\"height\":762},{\"@type\":\"BreadcrumbList\",\"@id\":\"https:\\\/\\\/vivalr.com\\\/product\\\/6320.html#breadcrumb\",\"itemListElement\":[{\"@type\":\"ListItem\",\"position\":1,\"name\":\"Home\",\"item\":\"https:\\\/\\\/vivalr.com\\\/\"},{\"@type\":\"ListItem\",\"position\":2,\"name\":\"Shop\",\"item\":\"https:\\\/\\\/vivalr.com\\\/shop\\\/\"},{\"@type\":\"ListItem\",\"position\":3,\"name\":\"High Quality Butylparaben Sodium Salt CAS 36457-20-2 With Low Price\"}]},{\"@type\":\"WebSite\",\"@id\":\"https:\\\/\\\/vivalr.com\\\/#website\",\"url\":\"https:\\\/\\\/vivalr.com\\\/\",\"name\":\"Welcome to VIVALR- Your Trusted Source for Chemical Raw Materials\uff01\",\"description\":\"Discover a wide range of high-quality chemical raw materials to meet your industrial needs. Our commitment to excellence ensures that you get the best products and services.\",\"potentialAction\":[{\"@type\":\"SearchAction\",\"target\":{\"@type\":\"EntryPoint\",\"urlTemplate\":\"https:\\\/\\\/vivalr.com\\\/?s={search_term_string}\"},\"query-input\":{\"@type\":\"PropertyValueSpecification\",\"valueRequired\":true,\"valueName\":\"search_term_string\"}}],\"inLanguage\":\"es\"}]}<\/script>\n<!-- \/ Yoast SEO Premium plugin. -->","yoast_head_json":{"title":"Alta calidad butilparabeno sal de sodio CAS 36457-20-2 con precio bajo - Bienvenido a VIVALR- Su fuente de confianza para las materias primas qu\u00edmicas\uff01","robots":{"index":"index","follow":"follow","max-snippet":"max-snippet:-1","max-image-preview":"max-image-preview:large","max-video-preview":"max-video-preview:-1"},"canonical":"https:\/\/vivalr.com\/es\/product\/6320.html","og_locale":"es_MX","og_type":"article","og_title":"High Quality Butylparaben Sodium Salt CAS 36457-20-2 With Low Price","og_description":"User Guide: High Quality Butylparaben Sodium Salt CAS 36457-20-2 With Low Price Basic Information and Parameters Uses of the Product Usage of the Product Detailed Usage Case Studies Contact Information Basic Information and Parameters The product, Butylparaben Sodium Salt with CAS number 36457-20-2, is a high - quality compound offered at a low price. It [&hellip;]","og_url":"https:\/\/vivalr.com\/es\/product\/6320.html","og_site_name":"Welcome to VIVALR- Your Trusted Source for Chemical Raw Materials\uff01","article_modified_time":"2025-03-07T12:33:10+00:00","og_image":[{"width":700,"height":762,"url":"https:\/\/vivalr.com\/wp-content\/uploads\/2025\/03\/butylparaben-sodium-salt-36457-20-2.jpg","type":"image\/jpeg"}],"twitter_card":"summary_large_image","twitter_misc":{"Tiempo de lectura":"3 minutos"},"schema":{"@context":"https:\/\/schema.org","@graph":[{"@type":"WebPage","@id":"https:\/\/vivalr.com\/product\/6320.html","url":"https:\/\/vivalr.com\/product\/6320.html","name":"Alta calidad butilparabeno sal de sodio CAS 36457-20-2 con precio bajo - Bienvenido a VIVALR- Su fuente de confianza para las materias primas qu\u00edmicas\uff01","isPartOf":{"@id":"https:\/\/vivalr.com\/#website"},"primaryImageOfPage":{"@id":"https:\/\/vivalr.com\/product\/6320.html#primaryimage"},"image":{"@id":"https:\/\/vivalr.com\/product\/6320.html#primaryimage"},"thumbnailUrl":"https:\/\/vivalr.com\/wp-content\/uploads\/2025\/03\/butylparaben-sodium-salt-36457-20-2.jpg","datePublished":"2025-03-07T12:11:56+00:00","dateModified":"2025-03-07T12:33:10+00:00","breadcrumb":{"@id":"https:\/\/vivalr.com\/product\/6320.html#breadcrumb"},"inLanguage":"es","potentialAction":[{"@type":"ReadAction","target":["https:\/\/vivalr.com\/product\/6320.html"]}]},{"@type":"ImageObject","inLanguage":"es","@id":"https:\/\/vivalr.com\/product\/6320.html#primaryimage","url":"https:\/\/vivalr.com\/wp-content\/uploads\/2025\/03\/butylparaben-sodium-salt-36457-20-2.jpg","contentUrl":"https:\/\/vivalr.com\/wp-content\/uploads\/2025\/03\/butylparaben-sodium-salt-36457-20-2.jpg","width":700,"height":762},{"@type":"BreadcrumbList","@id":"https:\/\/vivalr.com\/product\/6320.html#breadcrumb","itemListElement":[{"@type":"ListItem","position":1,"name":"Home","item":"https:\/\/vivalr.com\/"},{"@type":"ListItem","position":2,"name":"Shop","item":"https:\/\/vivalr.com\/shop\/"},{"@type":"ListItem","position":3,"name":"High Quality Butylparaben Sodium Salt CAS 36457-20-2 With Low Price"}]},{"@type":"WebSite","@id":"https:\/\/vivalr.com\/#website","url":"https:\/\/vivalr.com\/","name":"Bienvenido a VIVALR- Su fuente de confianza para materias primas qu\u00edmicas\uff01","description":"Descubra una amplia gama de materias primas qu\u00edmicas de alta calidad para satisfacer sus necesidades industriales. Nuestro compromiso con la excelencia le garantiza los mejores productos y servicios.","potentialAction":[{"@type":"SearchAction","target":{"@type":"EntryPoint","urlTemplate":"https:\/\/vivalr.com\/?s={search_term_string}"},"query-input":{"@type":"PropertyValueSpecification","valueRequired":true,"valueName":"search_term_string"}}],"inLanguage":"es"}]}},"_links":{"self":[{"href":"https:\/\/vivalr.com\/es\/wp-json\/wp\/v2\/product\/6320","targetHints":{"allow":["GET"]}}],"collection":[{"href":"https:\/\/vivalr.com\/es\/wp-json\/wp\/v2\/product"}],"about":[{"href":"https:\/\/vivalr.com\/es\/wp-json\/wp\/v2\/types\/product"}],"replies":[{"embeddable":true,"href":"https:\/\/vivalr.com\/es\/wp-json\/wp\/v2\/comments?post=6320"}],"wp:featuredmedia":[{"embeddable":true,"href":"https:\/\/vivalr.com\/es\/wp-json\/wp\/v2\/media\/24230"}],"wp:attachment":[{"href":"https:\/\/vivalr.com\/es\/wp-json\/wp\/v2\/media?parent=6320"}],"wp:term":[{"taxonomy":"product_brand","embeddable":true,"href":"https:\/\/vivalr.com\/es\/wp-json\/wp\/v2\/product_brand?post=6320"},{"taxonomy":"product_cat","embeddable":true,"href":"https:\/\/vivalr.com\/es\/wp-json\/wp\/v2\/product_cat?post=6320"},{"taxonomy":"product_tag","embeddable":true,"href":"https:\/\/vivalr.com\/es\/wp-json\/wp\/v2\/product_tag?post=6320"}],"curies":[{"name":"wp","href":"https:\/\/api.w.org\/{rel}","templated":true}]}}