{"id":6828,"date":"2025-03-07T12:12:27","date_gmt":"2025-03-07T12:12:27","guid":{"rendered":"https:\/\/vivalr.com\/product\/6828.html"},"modified":"2025-03-07T12:34:10","modified_gmt":"2025-03-07T12:34:10","slug":"factory-supply-mercaptoacetic-acid-cas-68-11-1-with-best-price","status":"publish","type":"product","link":"https:\/\/vivalr.com\/es\/product\/6828.html","title":{"rendered":"F\u00e1brica de suministro de \u00e1cido mercaptoac\u00e9tico Cas 68-11-1 con el mejor precio"},"content":{"rendered":"<h1>\u00c1cido Mercaptoac\u00e9tico Cas 68 - 11 - 1 Con Mejor Precio Gu\u00eda de Usuario<\/h1>\n<ol>\n<li><a href=\"#basic_info\">Informaci\u00f3n b\u00e1sica y par\u00e1metros<\/a><\/li>\n<li><a href=\"#uses\">Usos del \u00e1cido mercaptoac\u00e9tico<\/a><\/li>\n<li><a href=\"#usage\">C\u00f3mo utilizar el \u00e1cido mercaptoac\u00e9tico<\/a><\/li>\n<li><a href=\"#case_studies\">Casos pr\u00e1cticos<\/a><\/li>\n<li><a href=\"#contact\">Informaci\u00f3n de contacto<\/a><\/li>\n<\/ol>\n<h2 id=\"basic_info\">Informaci\u00f3n b\u00e1sica y par\u00e1metros<\/h2>\n<p>El \u00e1cido mercaptoac\u00e9tico, con el n\u00famero CAS 68 - 11 - 1, es un l\u00edquido incoloro a ligeramente amarillo de olor acre. Tambi\u00e9n se conoce como \u00e1cido tioglic\u00f3lico. La f\u00f3rmula molecular del \u00e1cido mercaptoac\u00e9tico es C\u2082H\u2084O\u2082S, y tiene un peso molecular de 92,12 g\/mol. La densidad de este \u00e1cido es de aproximadamente 1,325 g\/cm\u00b3 a 25\u00b0C, y su punto de ebullici\u00f3n es de 123\u00b0C a 15 mmHg. El \u00e1cido mercaptoac\u00e9tico es soluble en agua, etanol y \u00e9ter, lo que lo convierte en un producto qu\u00edmico vers\u00e1til en diversas industrias.<\/p>\n<h2 id=\"uses\">Usos del \u00e1cido mercaptoac\u00e9tico<\/h2>\n<p>1. **Industria cosm\u00e9tica**: El \u00e1cido mercaptoac\u00e9tico es un ingrediente clave de las cremas depilatorias y las soluciones de ondulaci\u00f3n permanente. En los productos depilatorios, rompe los enlaces disulfuro de la queratina del pelo, lo que permite eliminarlo f\u00e1cilmente. En las soluciones de ondulaci\u00f3n permanente, remodela el pelo rompiendo y reformando estos enlaces.<br \/>\n2. **Industria metal\u00fargica**: Se utiliza como agente quelante de metales e inhibidor de la corrosi\u00f3n. Puede formar complejos con iones met\u00e1licos, lo que ayuda en la extracci\u00f3n y purificaci\u00f3n de metales. Adem\u00e1s, puede proteger los metales de la corrosi\u00f3n formando una capa protectora en la superficie met\u00e1lica.<br \/>\n3. **Industria de pol\u00edmeros**: El \u00e1cido mercaptoac\u00e9tico puede actuar como agente de transferencia de cadena en el proceso de polimerizaci\u00f3n. Ayuda a controlar el peso molecular y la estructura de los pol\u00edmeros, mejorando sus propiedades f\u00edsicas y qu\u00edmicas.<\/p>\n<h2 id=\"usage\">C\u00f3mo utilizar el \u00e1cido mercaptoac\u00e9tico<\/h2>\n<p>1. **Aplicaciones cosm\u00e9ticas**: Cuando se utiliza \u00e1cido mercaptoac\u00e9tico en productos de depilaci\u00f3n, normalmente se formula en una concentraci\u00f3n de 3 - 10%. El producto debe aplicarse uniformemente sobre la piel con una esp\u00e1tula o un pincel, y dejarse actuar durante el tiempo recomendado (normalmente de 5 a 10 minutos). Despu\u00e9s, se puede retirar con un pa\u00f1o. En las soluciones de ondulaci\u00f3n permanente, se combina con otros productos qu\u00edmicos y se aplica sobre el cabello, despu\u00e9s se enrolla el pelo en rulos.<br \/>\n2. **Aplicaciones industriales**: En las industrias metal\u00fargica y de pol\u00edmeros, la dosificaci\u00f3n y el m\u00e9todo de aplicaci\u00f3n del \u00e1cido mercaptoac\u00e9tico dependen del proceso espec\u00edfico. Generalmente, se a\u00f1ade de forma controlada durante el proceso de reacci\u00f3n o tratamiento. Deben seguirse estrictamente las precauciones de seguridad, como el uso de guantes y gafas de protecci\u00f3n, y trabajar en una zona bien ventilada.<\/p>\n<h2 id=\"case_studies\">Casos pr\u00e1cticos<\/h2>\n<p>1. **Empresa de cosm\u00e9ticos A**: La empresa A ha desarrollado una nueva crema depilatoria a base de \u00e1cido mercaptoac\u00e9tico. Realizaron una prueba de mercado con 500 voluntarios. Los resultados mostraron que 90% de las voluntarias estaban satisfechas con el efecto depilatorio y hubo pocos casos de irritaci\u00f3n cut\u00e1nea. Tras el lanzamiento del producto, \u00e9ste gan\u00f3 r\u00e1pidamente popularidad en el mercado, aumentando las ventas de la empresa en 30% en seis meses.<br \/>\n2. **Planta de procesamiento de metales B**: La planta B utilizaba \u00e1cido mercaptoac\u00e9tico como inhibidor de la corrosi\u00f3n en sus tanques met\u00e1licos de almacenamiento. Antes de utilizar el inhibidor, los tanques deb\u00edan sustituirse cada dos a\u00f1os debido a la corrosi\u00f3n. Tras a\u00f1adir \u00e1cido mercaptoac\u00e9tico al entorno de almacenamiento, la vida \u00fatil de los tanques se ampli\u00f3 a cinco a\u00f1os, lo que redujo significativamente el coste de mantenimiento.<\/p>\n<h2 id=\"contact\">Informaci\u00f3n de contacto<\/h2>\n<p>Si usted tiene alguna pregunta acerca de F\u00e1brica de suministro de \u00e1cido mercaptoac\u00e9tico Cas 68 - 11 - 1, por favor no dude en contactar con nosotros.<br \/>\nCorreo electr\u00f3nico: info@vivalr.com<br \/>\nTel\u00e9fono: (86) 15866781826<\/p>","protected":false},"excerpt":{"rendered":"<p>Factory Supply Mercaptoacetic Acid Cas 68 - 11 - 1 With Best Price User Guide Basic Information and Parameters Uses of Mercaptoacetic Acid How to Use Mercaptoacetic Acid Usage Case Studies Contact Information Basic Information and Parameters Mercaptoacetic Acid, with the CAS number 68 - 11 - 1, is a colorless to slightly yellow liquid [&hellip;]<\/p>","protected":false},"featured_media":24481,"comment_status":"closed","ping_status":"open","template":"","meta":[],"product_brand":[],"product_cat":[15],"product_tag":[],"class_list":{"0":"post-6828","1":"product","2":"type-product","3":"status-publish","4":"has-post-thumbnail","6":"product_cat-uncategorized","8":"first","9":"instock","10":"product-type-simple"},"yoast_head":"<!-- This site is optimized with the Yoast SEO Premium plugin v24.4 (Yoast SEO v27.4) - https:\/\/yoast.com\/product\/yoast-seo-premium-wordpress\/ -->\n<title>Factory Supply Mercaptoacetic Acid Cas 68-11-1 With Best Price - Welcome to VIVALR- Your Trusted Source for Chemical Raw Materials\uff01<\/title>\n<meta name=\"robots\" content=\"index, follow, max-snippet:-1, max-image-preview:large, max-video-preview:-1\" \/>\n<link rel=\"canonical\" href=\"https:\/\/vivalr.com\/es\/product\/6828.html\" \/>\n<meta property=\"og:locale\" content=\"es_MX\" \/>\n<meta property=\"og:type\" content=\"article\" \/>\n<meta property=\"og:title\" content=\"Factory Supply Mercaptoacetic Acid Cas 68-11-1 With Best Price\" \/>\n<meta property=\"og:description\" content=\"Factory Supply Mercaptoacetic Acid Cas 68 - 11 - 1 With Best Price User Guide Basic Information and Parameters Uses of Mercaptoacetic Acid How to Use Mercaptoacetic Acid Usage Case Studies Contact Information Basic Information and Parameters Mercaptoacetic Acid, with the CAS number 68 - 11 - 1, is a colorless to slightly yellow liquid [&hellip;]\" \/>\n<meta property=\"og:url\" content=\"https:\/\/vivalr.com\/es\/product\/6828.html\" \/>\n<meta property=\"og:site_name\" content=\"Welcome to VIVALR- Your Trusted Source for Chemical Raw Materials\uff01\" \/>\n<meta property=\"article:modified_time\" content=\"2025-03-07T12:34:10+00:00\" \/>\n<meta property=\"og:image\" content=\"https:\/\/vivalr.com\/wp-content\/uploads\/2025\/03\/Mercaptoacetic-Acid-Cas-68-11-1-2.jpg\" \/>\n\t<meta property=\"og:image:width\" content=\"350\" \/>\n\t<meta property=\"og:image:height\" content=\"350\" \/>\n\t<meta property=\"og:image:type\" content=\"image\/jpeg\" \/>\n<meta name=\"twitter:card\" content=\"summary_large_image\" \/>\n<meta name=\"twitter:label1\" content=\"Tiempo de lectura\" \/>\n\t<meta name=\"twitter:data1\" content=\"3 minutos\" \/>\n<script type=\"application\/ld+json\" class=\"yoast-schema-graph\">{\"@context\":\"https:\\\/\\\/schema.org\",\"@graph\":[{\"@type\":\"WebPage\",\"@id\":\"https:\\\/\\\/vivalr.com\\\/product\\\/6828.html\",\"url\":\"https:\\\/\\\/vivalr.com\\\/product\\\/6828.html\",\"name\":\"Factory Supply Mercaptoacetic Acid Cas 68-11-1 With Best Price - Welcome to VIVALR- Your Trusted Source for Chemical Raw Materials\uff01\",\"isPartOf\":{\"@id\":\"https:\\\/\\\/vivalr.com\\\/#website\"},\"primaryImageOfPage\":{\"@id\":\"https:\\\/\\\/vivalr.com\\\/product\\\/6828.html#primaryimage\"},\"image\":{\"@id\":\"https:\\\/\\\/vivalr.com\\\/product\\\/6828.html#primaryimage\"},\"thumbnailUrl\":\"https:\\\/\\\/vivalr.com\\\/wp-content\\\/uploads\\\/2025\\\/03\\\/Mercaptoacetic-Acid-Cas-68-11-1-2.jpg\",\"datePublished\":\"2025-03-07T12:12:27+00:00\",\"dateModified\":\"2025-03-07T12:34:10+00:00\",\"breadcrumb\":{\"@id\":\"https:\\\/\\\/vivalr.com\\\/product\\\/6828.html#breadcrumb\"},\"inLanguage\":\"es\",\"potentialAction\":[{\"@type\":\"ReadAction\",\"target\":[\"https:\\\/\\\/vivalr.com\\\/product\\\/6828.html\"]}]},{\"@type\":\"ImageObject\",\"inLanguage\":\"es\",\"@id\":\"https:\\\/\\\/vivalr.com\\\/product\\\/6828.html#primaryimage\",\"url\":\"https:\\\/\\\/vivalr.com\\\/wp-content\\\/uploads\\\/2025\\\/03\\\/Mercaptoacetic-Acid-Cas-68-11-1-2.jpg\",\"contentUrl\":\"https:\\\/\\\/vivalr.com\\\/wp-content\\\/uploads\\\/2025\\\/03\\\/Mercaptoacetic-Acid-Cas-68-11-1-2.jpg\",\"width\":350,\"height\":350},{\"@type\":\"BreadcrumbList\",\"@id\":\"https:\\\/\\\/vivalr.com\\\/product\\\/6828.html#breadcrumb\",\"itemListElement\":[{\"@type\":\"ListItem\",\"position\":1,\"name\":\"Home\",\"item\":\"https:\\\/\\\/vivalr.com\\\/\"},{\"@type\":\"ListItem\",\"position\":2,\"name\":\"Shop\",\"item\":\"https:\\\/\\\/vivalr.com\\\/shop\\\/\"},{\"@type\":\"ListItem\",\"position\":3,\"name\":\"Factory Supply Mercaptoacetic Acid Cas 68-11-1 With Best Price\"}]},{\"@type\":\"WebSite\",\"@id\":\"https:\\\/\\\/vivalr.com\\\/#website\",\"url\":\"https:\\\/\\\/vivalr.com\\\/\",\"name\":\"Welcome to VIVALR- Your Trusted Source for Chemical Raw Materials\uff01\",\"description\":\"Discover a wide range of high-quality chemical raw materials to meet your industrial needs. Our commitment to excellence ensures that you get the best products and services.\",\"potentialAction\":[{\"@type\":\"SearchAction\",\"target\":{\"@type\":\"EntryPoint\",\"urlTemplate\":\"https:\\\/\\\/vivalr.com\\\/?s={search_term_string}\"},\"query-input\":{\"@type\":\"PropertyValueSpecification\",\"valueRequired\":true,\"valueName\":\"search_term_string\"}}],\"inLanguage\":\"es\"}]}<\/script>\n<!-- \/ Yoast SEO Premium plugin. -->","yoast_head_json":{"title":"F\u00e1brica de suministro de \u00e1cido mercaptoac\u00e9tico Cas 68-11-1 con el mejor precio - Bienvenido a VIVALR- Su fuente de confianza para las materias primas qu\u00edmicas\uff01","robots":{"index":"index","follow":"follow","max-snippet":"max-snippet:-1","max-image-preview":"max-image-preview:large","max-video-preview":"max-video-preview:-1"},"canonical":"https:\/\/vivalr.com\/es\/product\/6828.html","og_locale":"es_MX","og_type":"article","og_title":"Factory Supply Mercaptoacetic Acid Cas 68-11-1 With Best Price","og_description":"Factory Supply Mercaptoacetic Acid Cas 68 - 11 - 1 With Best Price User Guide Basic Information and Parameters Uses of Mercaptoacetic Acid How to Use Mercaptoacetic Acid Usage Case Studies Contact Information Basic Information and Parameters Mercaptoacetic Acid, with the CAS number 68 - 11 - 1, is a colorless to slightly yellow liquid [&hellip;]","og_url":"https:\/\/vivalr.com\/es\/product\/6828.html","og_site_name":"Welcome to VIVALR- Your Trusted Source for Chemical Raw Materials\uff01","article_modified_time":"2025-03-07T12:34:10+00:00","og_image":[{"width":350,"height":350,"url":"https:\/\/vivalr.com\/wp-content\/uploads\/2025\/03\/Mercaptoacetic-Acid-Cas-68-11-1-2.jpg","type":"image\/jpeg"}],"twitter_card":"summary_large_image","twitter_misc":{"Tiempo de lectura":"3 minutos"},"schema":{"@context":"https:\/\/schema.org","@graph":[{"@type":"WebPage","@id":"https:\/\/vivalr.com\/product\/6828.html","url":"https:\/\/vivalr.com\/product\/6828.html","name":"F\u00e1brica de suministro de \u00e1cido mercaptoac\u00e9tico Cas 68-11-1 con el mejor precio - Bienvenido a VIVALR- Su fuente de confianza para las materias primas qu\u00edmicas\uff01","isPartOf":{"@id":"https:\/\/vivalr.com\/#website"},"primaryImageOfPage":{"@id":"https:\/\/vivalr.com\/product\/6828.html#primaryimage"},"image":{"@id":"https:\/\/vivalr.com\/product\/6828.html#primaryimage"},"thumbnailUrl":"https:\/\/vivalr.com\/wp-content\/uploads\/2025\/03\/Mercaptoacetic-Acid-Cas-68-11-1-2.jpg","datePublished":"2025-03-07T12:12:27+00:00","dateModified":"2025-03-07T12:34:10+00:00","breadcrumb":{"@id":"https:\/\/vivalr.com\/product\/6828.html#breadcrumb"},"inLanguage":"es","potentialAction":[{"@type":"ReadAction","target":["https:\/\/vivalr.com\/product\/6828.html"]}]},{"@type":"ImageObject","inLanguage":"es","@id":"https:\/\/vivalr.com\/product\/6828.html#primaryimage","url":"https:\/\/vivalr.com\/wp-content\/uploads\/2025\/03\/Mercaptoacetic-Acid-Cas-68-11-1-2.jpg","contentUrl":"https:\/\/vivalr.com\/wp-content\/uploads\/2025\/03\/Mercaptoacetic-Acid-Cas-68-11-1-2.jpg","width":350,"height":350},{"@type":"BreadcrumbList","@id":"https:\/\/vivalr.com\/product\/6828.html#breadcrumb","itemListElement":[{"@type":"ListItem","position":1,"name":"Home","item":"https:\/\/vivalr.com\/"},{"@type":"ListItem","position":2,"name":"Shop","item":"https:\/\/vivalr.com\/shop\/"},{"@type":"ListItem","position":3,"name":"Factory Supply Mercaptoacetic Acid Cas 68-11-1 With Best Price"}]},{"@type":"WebSite","@id":"https:\/\/vivalr.com\/#website","url":"https:\/\/vivalr.com\/","name":"Bienvenido a VIVALR- Su fuente de confianza para materias primas qu\u00edmicas\uff01","description":"Descubra una amplia gama de materias primas qu\u00edmicas de alta calidad para satisfacer sus necesidades industriales. Nuestro compromiso con la excelencia le garantiza los mejores productos y servicios.","potentialAction":[{"@type":"SearchAction","target":{"@type":"EntryPoint","urlTemplate":"https:\/\/vivalr.com\/?s={search_term_string}"},"query-input":{"@type":"PropertyValueSpecification","valueRequired":true,"valueName":"search_term_string"}}],"inLanguage":"es"}]}},"_links":{"self":[{"href":"https:\/\/vivalr.com\/es\/wp-json\/wp\/v2\/product\/6828","targetHints":{"allow":["GET"]}}],"collection":[{"href":"https:\/\/vivalr.com\/es\/wp-json\/wp\/v2\/product"}],"about":[{"href":"https:\/\/vivalr.com\/es\/wp-json\/wp\/v2\/types\/product"}],"replies":[{"embeddable":true,"href":"https:\/\/vivalr.com\/es\/wp-json\/wp\/v2\/comments?post=6828"}],"wp:featuredmedia":[{"embeddable":true,"href":"https:\/\/vivalr.com\/es\/wp-json\/wp\/v2\/media\/24481"}],"wp:attachment":[{"href":"https:\/\/vivalr.com\/es\/wp-json\/wp\/v2\/media?parent=6828"}],"wp:term":[{"taxonomy":"product_brand","embeddable":true,"href":"https:\/\/vivalr.com\/es\/wp-json\/wp\/v2\/product_brand?post=6828"},{"taxonomy":"product_cat","embeddable":true,"href":"https:\/\/vivalr.com\/es\/wp-json\/wp\/v2\/product_cat?post=6828"},{"taxonomy":"product_tag","embeddable":true,"href":"https:\/\/vivalr.com\/es\/wp-json\/wp\/v2\/product_tag?post=6828"}],"curies":[{"name":"wp","href":"https:\/\/api.w.org\/{rel}","templated":true}]}}