{"id":6872,"date":"2025-03-07T12:12:29","date_gmt":"2025-03-07T12:12:29","guid":{"rendered":"https:\/\/vivalr.com\/product\/6872.html"},"modified":"2025-03-07T12:34:15","modified_gmt":"2025-03-07T12:34:15","slug":"factory-supply-triacetin-cas-102-76-1-with-best-price","status":"publish","type":"product","link":"https:\/\/vivalr.com\/es\/product\/6872.html","title":{"rendered":"F\u00e1brica de suministro de triacetina CAS 102-76-1 con el mejor precio"},"content":{"rendered":"<h1>Gu\u00eda del usuario: F\u00e1brica de suministro de triacetina CAS 102-76-1 con el mejor precio<\/h1>\n<h2>\u00cdndice<\/h2>\n<ul>\n<li><a href=\"#basic_info\">Informaci\u00f3n b\u00e1sica y par\u00e1metros<\/a><\/li>\n<li><a href=\"#uses\">Usos de la triacetina<\/a><\/li>\n<li><a href=\"#usage\">C\u00f3mo utilizar la triacetina<\/a><\/li>\n<li><a href=\"#case_studies\">Casos pr\u00e1cticos<\/a><\/li>\n<li><a href=\"#contact\">Informaci\u00f3n de contacto<\/a><\/li>\n<\/ul>\n<h2 id=\"basic_info\">Informaci\u00f3n b\u00e1sica y par\u00e1metros<\/h2>\n<p>La triacetina, con el n\u00famero CAS 102 - 76 - 1, es un l\u00edquido incoloro, inodoro y viscoso. Tambi\u00e9n se conoce como triacetato de glicerol. La f\u00f3rmula qu\u00edmica de la triacetina es C\u2089H\u2081\u2084O\u2086, y su peso molecular es de aproximadamente 218,2 g\/mol. La triacetina tiene una densidad de aproximadamente 1,16 g\/cm\u00b3 a 25\u00b0C y un punto de ebullici\u00f3n de 258 - 260\u00b0C. Es soluble en la mayor\u00eda de disolventes org\u00e1nicos y es miscible con agua hasta cierto punto. Este producto suele suministrarse de f\u00e1brica a un precio muy competitivo.<\/p>\n<h2 id=\"uses\">Usos de la triacetina<\/h2>\n<p>La triacetina tiene una amplia gama de aplicaciones en diversas industrias. En la industria alimentaria y de bebidas, se utiliza como disolvente, plastificante y agente aromatizante. Puede aumentar la solubilidad de los aromas y mejorar la textura de los productos alimentarios. Por ejemplo, se utiliza a menudo en chicles para proporcionar una textura suave y consistente. En la industria tabaquera, la triacetina se utiliza como plastificante para los filtros de los cigarrillos. Ayuda a mantener la forma y la integridad del filtro, al tiempo que mejora el sabor del humo al eliminar algunas sustancias agresivas.<\/p>\n<p>En la industria farmac\u00e9utica, la triacetina puede utilizarse como excipiente en formulaciones de medicamentos. Puede mejorar la estabilidad y solubilidad de los f\u00e1rmacos, facilitando su administraci\u00f3n. Adem\u00e1s, tiene aplicaciones potenciales en la industria cosm\u00e9tica. Puede usarse en productos para el cuidado del cabello para a\u00f1adir brillo y suavidad, y en productos para el cuidado de la piel para actuar como hidratante y emoliente.<\/p>\n<h2 id=\"usage\">C\u00f3mo utilizar la triacetina<\/h2>\n<p>Cuando se utiliza triacetina en la industria alimentaria, debe a\u00f1adirse de acuerdo con las normas de seguridad alimentaria pertinentes. La dosificaci\u00f3n suele depender del producto espec\u00edfico y del efecto deseado. Por ejemplo, en la producci\u00f3n de chicles, la cantidad de adici\u00f3n suele ser de alrededor de 1 - 5% de la masa total de la base del chicle. En la industria del tabaco, se aplica al filtro del cigarrillo durante el proceso de fabricaci\u00f3n. La cantidad adecuada puede ajustarse seg\u00fan el tipo de tabaco y el dise\u00f1o del filtro.<\/p>\n<p>En las aplicaciones farmac\u00e9uticas, es importante seguir los estrictos procedimientos de formulaci\u00f3n de f\u00e1rmacos. La triacetina debe medirse con precisi\u00f3n y mezclarse con otros ingredientes en condiciones adecuadas. En la industria cosm\u00e9tica, puede incorporarse a las formulaciones en distintas fases, en funci\u00f3n de los requisitos espec\u00edficos del producto. Hay que tener cuidado de garantizar una mezcla y dispersi\u00f3n adecuadas para conseguir el mejor rendimiento.<\/p>\n<h2 id=\"case_studies\">Casos pr\u00e1cticos<\/h2>\n<p>Caso 1: Una empresa alimentaria estaba desarrollando un nuevo tipo de chicle. Al principio tuvieron problemas con la textura del chicle, que era demasiado dura y carec\u00eda de elasticidad. Tras a\u00f1adir triacetina en una proporci\u00f3n de 3% a la goma base, la textura del chicle se volvi\u00f3 m\u00e1s suave y el\u00e1stica. Los consumidores dijeron que masticaban mejor y las ventas del nuevo chicle aumentaron considerablemente.<\/p>\n<p>Caso 2: Una empresa tabaquera quer\u00eda mejorar la calidad de los filtros de sus cigarrillos. Al utilizar triacetina como plastificante, descubrieron que los filtros eran m\u00e1s eficaces a la hora de eliminar determinadas sustancias nocivas del humo. El sabor de los cigarrillos tambi\u00e9n mejor\u00f3 y la empresa recibi\u00f3 comentarios positivos de los consumidores. Como resultado, la cuota de mercado de sus cigarrillos aument\u00f3.<\/p>\n<p>Caso 3: Una empresa farmac\u00e9utica estaba formulando una nueva suspensi\u00f3n oral. El principio activo ten\u00eda una solubilidad deficiente, lo que afectaba a la biodisponibilidad del f\u00e1rmaco. Al a\u00f1adir triacetina como excipiente, se mejor\u00f3 la solubilidad del principio activo, lo que condujo a una mejor absorci\u00f3n del f\u00e1rmaco en el organismo. Los ensayos cl\u00ednicos mostraron una mejora de los efectos terap\u00e9uticos del f\u00e1rmaco.<\/p>\n<h2 id=\"contact\">Informaci\u00f3n de contacto<\/h2>\n<p>Si tiene preguntas o necesita m\u00e1s informaci\u00f3n sobre Suministro de f\u00e1brica Triacetin CAS 102 - 76 - 1, no dude en contactarnos. Nuestro correo electr\u00f3nico es info@vivalr.com, y nuestro n\u00famero de tel\u00e9fono es (86) 15866781826.<\/p>","protected":false},"excerpt":{"rendered":"<p>User Guide: Factory Supply Triacetin CAS 102-76-1 With Best Price Table of Contents Basic Information and Parameters Uses of Triacetin How to Use Triacetin Case Studies Contact Information Basic Information and Parameters Triacetin, with the CAS number 102 - 76 - 1, is a colorless, odorless, and viscous liquid. It is also known as glycerol [&hellip;]<\/p>","protected":false},"featured_media":24503,"comment_status":"closed","ping_status":"open","template":"","meta":[],"product_brand":[],"product_cat":[15],"product_tag":[],"class_list":{"0":"post-6872","1":"product","2":"type-product","3":"status-publish","4":"has-post-thumbnail","6":"product_cat-uncategorized","8":"first","9":"instock","10":"product-type-simple"},"yoast_head":"<!-- This site is optimized with the Yoast SEO Premium plugin v24.4 (Yoast SEO v25.0) - https:\/\/yoast.com\/wordpress\/plugins\/seo\/ -->\n<title>Factory Supply Triacetin CAS 102-76-1 With Best Price - Welcome to VIVALR- Your Trusted Source for Chemical Raw Materials\uff01<\/title>\n<meta name=\"robots\" content=\"index, follow, max-snippet:-1, max-image-preview:large, max-video-preview:-1\" \/>\n<link rel=\"canonical\" href=\"https:\/\/vivalr.com\/es\/product\/6872.html\" \/>\n<meta property=\"og:locale\" content=\"es_MX\" \/>\n<meta property=\"og:type\" content=\"article\" \/>\n<meta property=\"og:title\" content=\"Factory Supply Triacetin CAS 102-76-1 With Best Price\" \/>\n<meta property=\"og:description\" content=\"User Guide: Factory Supply Triacetin CAS 102-76-1 With Best Price Table of Contents Basic Information and Parameters Uses of Triacetin How to Use Triacetin Case Studies Contact Information Basic Information and Parameters Triacetin, with the CAS number 102 - 76 - 1, is a colorless, odorless, and viscous liquid. It is also known as glycerol [&hellip;]\" \/>\n<meta property=\"og:url\" content=\"https:\/\/vivalr.com\/es\/product\/6872.html\" \/>\n<meta property=\"og:site_name\" content=\"Welcome to VIVALR- Your Trusted Source for Chemical Raw Materials\uff01\" \/>\n<meta property=\"article:modified_time\" content=\"2025-03-07T12:34:15+00:00\" \/>\n<meta property=\"og:image\" content=\"https:\/\/vivalr.com\/wp-content\/uploads\/2025\/03\/triacetin-cas-102-76-1.jpg\" \/>\n\t<meta property=\"og:image:width\" content=\"600\" \/>\n\t<meta property=\"og:image:height\" content=\"654\" \/>\n\t<meta property=\"og:image:type\" content=\"image\/jpeg\" \/>\n<meta name=\"twitter:card\" content=\"summary_large_image\" \/>\n<meta name=\"twitter:label1\" content=\"Tiempo de lectura\" \/>\n\t<meta name=\"twitter:data1\" content=\"3 minutos\" \/>\n<script type=\"application\/ld+json\" class=\"yoast-schema-graph\">{\"@context\":\"https:\/\/schema.org\",\"@graph\":[{\"@type\":\"WebPage\",\"@id\":\"https:\/\/vivalr.com\/product\/6872.html\",\"url\":\"https:\/\/vivalr.com\/product\/6872.html\",\"name\":\"Factory Supply Triacetin CAS 102-76-1 With Best Price - Welcome to VIVALR- Your Trusted Source for Chemical Raw Materials\uff01\",\"isPartOf\":{\"@id\":\"https:\/\/vivalr.com\/#website\"},\"primaryImageOfPage\":{\"@id\":\"https:\/\/vivalr.com\/product\/6872.html#primaryimage\"},\"image\":{\"@id\":\"https:\/\/vivalr.com\/product\/6872.html#primaryimage\"},\"thumbnailUrl\":\"https:\/\/vivalr.com\/wp-content\/uploads\/2025\/03\/triacetin-cas-102-76-1.jpg\",\"datePublished\":\"2025-03-07T12:12:29+00:00\",\"dateModified\":\"2025-03-07T12:34:15+00:00\",\"breadcrumb\":{\"@id\":\"https:\/\/vivalr.com\/product\/6872.html#breadcrumb\"},\"inLanguage\":\"es\",\"potentialAction\":[{\"@type\":\"ReadAction\",\"target\":[\"https:\/\/vivalr.com\/product\/6872.html\"]}]},{\"@type\":\"ImageObject\",\"inLanguage\":\"es\",\"@id\":\"https:\/\/vivalr.com\/product\/6872.html#primaryimage\",\"url\":\"https:\/\/vivalr.com\/wp-content\/uploads\/2025\/03\/triacetin-cas-102-76-1.jpg\",\"contentUrl\":\"https:\/\/vivalr.com\/wp-content\/uploads\/2025\/03\/triacetin-cas-102-76-1.jpg\",\"width\":600,\"height\":654},{\"@type\":\"BreadcrumbList\",\"@id\":\"https:\/\/vivalr.com\/product\/6872.html#breadcrumb\",\"itemListElement\":[{\"@type\":\"ListItem\",\"position\":1,\"name\":\"Home\",\"item\":\"https:\/\/vivalr.com\/\"},{\"@type\":\"ListItem\",\"position\":2,\"name\":\"Shop\",\"item\":\"https:\/\/vivalr.com\/shop\/\"},{\"@type\":\"ListItem\",\"position\":3,\"name\":\"Factory Supply Triacetin CAS 102-76-1 With Best Price\"}]},{\"@type\":\"WebSite\",\"@id\":\"https:\/\/vivalr.com\/#website\",\"url\":\"https:\/\/vivalr.com\/\",\"name\":\"Welcome to VIVALR- Your Trusted Source for Chemical Raw Materials\uff01\",\"description\":\"Discover a wide range of high-quality chemical raw materials to meet your industrial needs. Our commitment to excellence ensures that you get the best products and services.\",\"potentialAction\":[{\"@type\":\"SearchAction\",\"target\":{\"@type\":\"EntryPoint\",\"urlTemplate\":\"https:\/\/vivalr.com\/?s={search_term_string}\"},\"query-input\":{\"@type\":\"PropertyValueSpecification\",\"valueRequired\":true,\"valueName\":\"search_term_string\"}}],\"inLanguage\":\"es\"}]}<\/script>\n<!-- \/ Yoast SEO Premium plugin. -->","yoast_head_json":{"title":"F\u00e1brica de suministro de triacetina CAS 102-76-1 con el mejor precio - Bienvenido a VIVALR- Su fuente de confianza para las materias primas qu\u00edmicas\uff01","robots":{"index":"index","follow":"follow","max-snippet":"max-snippet:-1","max-image-preview":"max-image-preview:large","max-video-preview":"max-video-preview:-1"},"canonical":"https:\/\/vivalr.com\/es\/product\/6872.html","og_locale":"es_MX","og_type":"article","og_title":"Factory Supply Triacetin CAS 102-76-1 With Best Price","og_description":"User Guide: Factory Supply Triacetin CAS 102-76-1 With Best Price Table of Contents Basic Information and Parameters Uses of Triacetin How to Use Triacetin Case Studies Contact Information Basic Information and Parameters Triacetin, with the CAS number 102 - 76 - 1, is a colorless, odorless, and viscous liquid. It is also known as glycerol [&hellip;]","og_url":"https:\/\/vivalr.com\/es\/product\/6872.html","og_site_name":"Welcome to VIVALR- Your Trusted Source for Chemical Raw Materials\uff01","article_modified_time":"2025-03-07T12:34:15+00:00","og_image":[{"width":600,"height":654,"url":"https:\/\/vivalr.com\/wp-content\/uploads\/2025\/03\/triacetin-cas-102-76-1.jpg","type":"image\/jpeg"}],"twitter_card":"summary_large_image","twitter_misc":{"Tiempo de lectura":"3 minutos"},"schema":{"@context":"https:\/\/schema.org","@graph":[{"@type":"WebPage","@id":"https:\/\/vivalr.com\/product\/6872.html","url":"https:\/\/vivalr.com\/product\/6872.html","name":"F\u00e1brica de suministro de triacetina CAS 102-76-1 con el mejor precio - Bienvenido a VIVALR- Su fuente de confianza para las materias primas qu\u00edmicas\uff01","isPartOf":{"@id":"https:\/\/vivalr.com\/#website"},"primaryImageOfPage":{"@id":"https:\/\/vivalr.com\/product\/6872.html#primaryimage"},"image":{"@id":"https:\/\/vivalr.com\/product\/6872.html#primaryimage"},"thumbnailUrl":"https:\/\/vivalr.com\/wp-content\/uploads\/2025\/03\/triacetin-cas-102-76-1.jpg","datePublished":"2025-03-07T12:12:29+00:00","dateModified":"2025-03-07T12:34:15+00:00","breadcrumb":{"@id":"https:\/\/vivalr.com\/product\/6872.html#breadcrumb"},"inLanguage":"es","potentialAction":[{"@type":"ReadAction","target":["https:\/\/vivalr.com\/product\/6872.html"]}]},{"@type":"ImageObject","inLanguage":"es","@id":"https:\/\/vivalr.com\/product\/6872.html#primaryimage","url":"https:\/\/vivalr.com\/wp-content\/uploads\/2025\/03\/triacetin-cas-102-76-1.jpg","contentUrl":"https:\/\/vivalr.com\/wp-content\/uploads\/2025\/03\/triacetin-cas-102-76-1.jpg","width":600,"height":654},{"@type":"BreadcrumbList","@id":"https:\/\/vivalr.com\/product\/6872.html#breadcrumb","itemListElement":[{"@type":"ListItem","position":1,"name":"Home","item":"https:\/\/vivalr.com\/"},{"@type":"ListItem","position":2,"name":"Shop","item":"https:\/\/vivalr.com\/shop\/"},{"@type":"ListItem","position":3,"name":"Factory Supply Triacetin CAS 102-76-1 With Best Price"}]},{"@type":"WebSite","@id":"https:\/\/vivalr.com\/#website","url":"https:\/\/vivalr.com\/","name":"Bienvenido a VIVALR- Su fuente de confianza para materias primas qu\u00edmicas\uff01","description":"Descubra una amplia gama de materias primas qu\u00edmicas de alta calidad para satisfacer sus necesidades industriales. Nuestro compromiso con la excelencia le garantiza los mejores productos y servicios.","potentialAction":[{"@type":"SearchAction","target":{"@type":"EntryPoint","urlTemplate":"https:\/\/vivalr.com\/?s={search_term_string}"},"query-input":{"@type":"PropertyValueSpecification","valueRequired":true,"valueName":"search_term_string"}}],"inLanguage":"es"}]}},"_links":{"self":[{"href":"https:\/\/vivalr.com\/es\/wp-json\/wp\/v2\/product\/6872","targetHints":{"allow":["GET"]}}],"collection":[{"href":"https:\/\/vivalr.com\/es\/wp-json\/wp\/v2\/product"}],"about":[{"href":"https:\/\/vivalr.com\/es\/wp-json\/wp\/v2\/types\/product"}],"replies":[{"embeddable":true,"href":"https:\/\/vivalr.com\/es\/wp-json\/wp\/v2\/comments?post=6872"}],"wp:featuredmedia":[{"embeddable":true,"href":"https:\/\/vivalr.com\/es\/wp-json\/wp\/v2\/media\/24503"}],"wp:attachment":[{"href":"https:\/\/vivalr.com\/es\/wp-json\/wp\/v2\/media?parent=6872"}],"wp:term":[{"taxonomy":"product_brand","embeddable":true,"href":"https:\/\/vivalr.com\/es\/wp-json\/wp\/v2\/product_brand?post=6872"},{"taxonomy":"product_cat","embeddable":true,"href":"https:\/\/vivalr.com\/es\/wp-json\/wp\/v2\/product_cat?post=6872"},{"taxonomy":"product_tag","embeddable":true,"href":"https:\/\/vivalr.com\/es\/wp-json\/wp\/v2\/product_tag?post=6872"}],"curies":[{"name":"wp","href":"https:\/\/api.w.org\/{rel}","templated":true}]}}