{"id":6876,"date":"2025-03-07T12:12:29","date_gmt":"2025-03-07T12:12:29","guid":{"rendered":"https:\/\/vivalr.com\/product\/6876.html"},"modified":"2025-03-07T12:34:15","modified_gmt":"2025-03-07T12:34:15","slug":"factory-supply-hydroxypropyl-methyl-cellulose-cas-9004-65-3-with-best-price","status":"publish","type":"product","link":"https:\/\/vivalr.com\/es\/product\/6876.html","title":{"rendered":"Suministro de f\u00e1brica hidroxipropilmetilcelulosa Cas 9004-65-3 con el mejor precio"},"content":{"rendered":"<h1>Gu\u00eda del usuario: Suministro de f\u00e1brica hidroxipropilmetilcelulosa Cas 9004 - 65 - 3 con el mejor precio<\/h1>\n<h2>\u00cdndice<\/h2>\n<ul>\n<li><a href=\"#basicInfo\">Informaci\u00f3n b\u00e1sica y par\u00e1metros<\/a><\/li>\n<li><a href=\"#uses\">Usos del producto<\/a><\/li>\n<li><a href=\"#usage\">C\u00f3mo utilizar el producto<\/a><\/li>\n<li><a href=\"#caseStudies\">Casos pr\u00e1cticos<\/a><\/li>\n<li><a href=\"#contact\">Informaci\u00f3n de contacto<\/a><\/li>\n<\/ul>\n<h2 id=\"basicInfo\">Informaci\u00f3n b\u00e1sica y par\u00e1metros<\/h2>\n<p>La hidroxipropilmetilcelulosa (HPMC), con el n\u00famero CAS 9004 - 65 - 3, es un \u00e9ter de celulosa no i\u00f3nico derivado de la celulosa natural. Nuestra f\u00e1brica suministra HPMC de alta calidad al mejor precio. <\/p>\n<p>Propiedades f\u00edsicas y qu\u00edmicas: Es un polvo entre blanco y blanquecino, inodoro e ins\u00edpido. El rango de viscosidad puede variar de bajo a alto, normalmente de 5 a 200.000 mPa-s. El contenido de metoxilo es de alrededor de 19% - 30%, y el contenido de hidroxipropilo es de alrededor de 4% - 12%. Tiene buena solubilidad en agua fr\u00eda, formando una soluci\u00f3n clara y viscosa, pero es insoluble en agua caliente, etanol, \u00e9ter y cloroformo. <\/p>\n<h2 id=\"uses\">Usos del producto<\/h2>\n<p>En el sector de la construcci\u00f3n, la HPMC se utiliza ampliamente en productos a base de cemento, como adhesivos para baldosas, yeso y mortero. Puede mejorar la trabajabilidad, la retenci\u00f3n de agua y la adherencia de estos materiales, reduciendo el agrietamiento y aumentando la durabilidad. <\/p>\n<p>En el campo farmac\u00e9utico, sirve como agente de recubrimiento de comprimidos, espesante de suspensiones y aglutinante de c\u00e1psulas. Sus excelentes propiedades de formaci\u00f3n de pel\u00edcula y su biocompatibilidad lo convierten en una opci\u00f3n muy popular. <\/p>\n<p>En la industria alimentaria, se utiliza como estabilizante, espesante y emulsionante. Puede mejorar la textura de los alimentos, evitar la separaci\u00f3n de agua y aceite y prolongar su vida \u00fatil. <\/p>\n<p>En la industria del cuidado personal, HPMC se puede encontrar en productos como champ\u00fas, acondicionadores y lociones. Proporciona una textura suave y cremosa, aumenta la estabilidad de las f\u00f3rmulas y mejora la experiencia sensorial de los productos. <\/p>\n<h2 id=\"usage\">C\u00f3mo utilizar el producto<\/h2>\n<p>Cuando utilice HPMC en materiales de construcci\u00f3n, a\u00f1ada primero la cantidad necesaria de agua al recipiente de mezcla. A continuaci\u00f3n, a\u00f1ada lentamente el polvo HPMC sin dejar de remover para evitar la formaci\u00f3n de grumos. Seguir removiendo durante al menos 10 - 15 minutos hasta que se forme una soluci\u00f3n homog\u00e9nea. Dejar reposar la soluci\u00f3n durante unos minutos para permitir que la viscosidad se desarrolle completamente antes de su uso. <\/p>\n<p>En aplicaciones farmac\u00e9uticas, para el recubrimiento de pel\u00edculas, disuelva HPMC en un disolvente adecuado, como agua o una mezcla de agua y alcohol. Ajuste la viscosidad de la soluci\u00f3n seg\u00fan los requisitos del equipo de recubrimiento. Aplique la soluci\u00f3n de recubrimiento sobre los comprimidos utilizando una m\u00e1quina de recubrimiento. <\/p>\n<p>En los productos alimentarios y de cuidado personal, la HPMC debe dispersarse en la fase l\u00edquida bajo agitaci\u00f3n a alta velocidad. En algunos casos, puede aplicarse calor para facilitar la disoluci\u00f3n. Tras la disoluci\u00f3n, la soluci\u00f3n puede seguir proces\u00e1ndose con otros ingredientes para formar el producto final. <\/p>\n<h2 id=\"caseStudies\">Casos pr\u00e1cticos<\/h2>\n<p>Caso 1: Construcci\u00f3n - Adhesivo para baldosas<br \/>\n    Una empresa de construcci\u00f3n se enfrentaba a problemas de mala adherencia y elevada p\u00e9rdida de agua en sus adhesivos para baldosas. Decidieron utilizar nuestro HPMC. Tras a\u00f1adir la cantidad adecuada de HPMC a su formulaci\u00f3n, la trabajabilidad del adhesivo para baldosas mejor\u00f3 significativamente. Las baldosas se pod\u00edan colocar f\u00e1cilmente y la fuerza de adhesi\u00f3n aument\u00f3 en 30%. Adem\u00e1s, mejor\u00f3 la propiedad de retenci\u00f3n de agua del adhesivo, lo que redujo el tiempo de secado y evit\u00f3 la formaci\u00f3n de grietas.\n  <\/p>\n<p>Caso 2: Farmac\u00e9utica - Recubrimiento de comprimidos<br \/>\n    Un fabricante farmac\u00e9utico buscaba un agente de recubrimiento fiable para sus nuevos comprimidos. Eligieron nuestro HPMC. La soluci\u00f3n de recubrimiento a base de HPMC era f\u00e1cil de preparar y ten\u00eda excelentes propiedades de formaci\u00f3n de pel\u00edcula. Los comprimidos recubiertos ten\u00edan un aspecto liso y uniforme, con buena resistencia a la humedad y a la luz. La velocidad de disoluci\u00f3n de los comprimidos cumpl\u00eda las normas de calidad, lo que garantizaba la eficacia del medicamento.\n  <\/p>\n<p>Caso 3: Alimentos - Aderezo para ensaladas<br \/>\n    Una empresa alimentaria quer\u00eda mejorar la estabilidad y textura de su ali\u00f1o para ensaladas. Al incorporar nuestro HPMC como emulsionante y estabilizador, pudieron evitar la separaci\u00f3n de aceite y agua. El ali\u00f1o para ensaladas ten\u00eda una textura cremosa y suave, que mejoraba la experiencia del consumidor. Tambi\u00e9n se prolong\u00f3 la vida \u00fatil del producto, lo que redujo el deterioro y los residuos.\n  <\/p>\n<h2 id=\"contact\">Informaci\u00f3n de contacto<\/h2>\n<p>Si usted tiene alguna pregunta o necesita m\u00e1s informaci\u00f3n acerca de nuestra Suministro de f\u00e1brica hidroxipropilmetilcelulosa Cas 9004 - 65 - 3, por favor no dude en contactar con nosotros. Nuestro correo electr\u00f3nico es info@vivalr.com, y nuestro n\u00famero de tel\u00e9fono es (86) 158667<\/p>","protected":false},"excerpt":{"rendered":"<p>User Guide: Factory Supply Hydroxypropyl Methyl Cellulose Cas 9004 - 65 - 3 With Best Price Table of Contents Basic Information and Parameters Uses of the Product How to Use the Product Usage Case Studies Contact Information Basic Information and Parameters Hydroxypropyl Methyl Cellulose (HPMC), with the CAS number 9004 - 65 - 3, is [&hellip;]<\/p>","protected":false},"featured_media":24505,"comment_status":"closed","ping_status":"open","template":"","meta":[],"product_brand":[],"product_cat":[15],"product_tag":[],"class_list":{"0":"post-6876","1":"product","2":"type-product","3":"status-publish","4":"has-post-thumbnail","6":"product_cat-uncategorized","8":"first","9":"instock","10":"product-type-simple"},"yoast_head":"<!-- This site is optimized with the Yoast SEO Premium plugin v24.4 (Yoast SEO v27.4) - https:\/\/yoast.com\/product\/yoast-seo-premium-wordpress\/ -->\n<title>Factory Supply Hydroxypropyl Methyl Cellulose Cas 9004-65-3 With Best Price - Welcome to VIVALR- Your Trusted Source for Chemical Raw Materials\uff01<\/title>\n<meta name=\"robots\" content=\"index, follow, max-snippet:-1, max-image-preview:large, max-video-preview:-1\" \/>\n<link rel=\"canonical\" href=\"https:\/\/vivalr.com\/es\/product\/6876.html\" \/>\n<meta property=\"og:locale\" content=\"es_MX\" \/>\n<meta property=\"og:type\" content=\"article\" \/>\n<meta property=\"og:title\" content=\"Factory Supply Hydroxypropyl Methyl Cellulose Cas 9004-65-3 With Best Price\" \/>\n<meta property=\"og:description\" content=\"User Guide: Factory Supply Hydroxypropyl Methyl Cellulose Cas 9004 - 65 - 3 With Best Price Table of Contents Basic Information and Parameters Uses of the Product How to Use the Product Usage Case Studies Contact Information Basic Information and Parameters Hydroxypropyl Methyl Cellulose (HPMC), with the CAS number 9004 - 65 - 3, is [&hellip;]\" \/>\n<meta property=\"og:url\" content=\"https:\/\/vivalr.com\/es\/product\/6876.html\" \/>\n<meta property=\"og:site_name\" content=\"Welcome to VIVALR- Your Trusted Source for Chemical Raw Materials\uff01\" \/>\n<meta property=\"article:modified_time\" content=\"2025-03-07T12:34:15+00:00\" \/>\n<meta property=\"og:image\" content=\"https:\/\/vivalr.com\/wp-content\/uploads\/2025\/03\/Hydroxypropyl-Methyl-Cellulose-Cas-9004-65-3-6.jpg\" \/>\n\t<meta property=\"og:image:width\" content=\"350\" \/>\n\t<meta property=\"og:image:height\" content=\"350\" \/>\n\t<meta property=\"og:image:type\" content=\"image\/jpeg\" \/>\n<meta name=\"twitter:card\" content=\"summary_large_image\" \/>\n<meta name=\"twitter:label1\" content=\"Tiempo de lectura\" \/>\n\t<meta name=\"twitter:data1\" content=\"3 minutos\" \/>\n<script type=\"application\/ld+json\" class=\"yoast-schema-graph\">{\"@context\":\"https:\\\/\\\/schema.org\",\"@graph\":[{\"@type\":\"WebPage\",\"@id\":\"https:\\\/\\\/vivalr.com\\\/product\\\/6876.html\",\"url\":\"https:\\\/\\\/vivalr.com\\\/product\\\/6876.html\",\"name\":\"Factory Supply Hydroxypropyl Methyl Cellulose Cas 9004-65-3 With Best Price - Welcome to VIVALR- Your Trusted Source for Chemical Raw Materials\uff01\",\"isPartOf\":{\"@id\":\"https:\\\/\\\/vivalr.com\\\/#website\"},\"primaryImageOfPage\":{\"@id\":\"https:\\\/\\\/vivalr.com\\\/product\\\/6876.html#primaryimage\"},\"image\":{\"@id\":\"https:\\\/\\\/vivalr.com\\\/product\\\/6876.html#primaryimage\"},\"thumbnailUrl\":\"https:\\\/\\\/vivalr.com\\\/wp-content\\\/uploads\\\/2025\\\/03\\\/Hydroxypropyl-Methyl-Cellulose-Cas-9004-65-3-6.jpg\",\"datePublished\":\"2025-03-07T12:12:29+00:00\",\"dateModified\":\"2025-03-07T12:34:15+00:00\",\"breadcrumb\":{\"@id\":\"https:\\\/\\\/vivalr.com\\\/product\\\/6876.html#breadcrumb\"},\"inLanguage\":\"es\",\"potentialAction\":[{\"@type\":\"ReadAction\",\"target\":[\"https:\\\/\\\/vivalr.com\\\/product\\\/6876.html\"]}]},{\"@type\":\"ImageObject\",\"inLanguage\":\"es\",\"@id\":\"https:\\\/\\\/vivalr.com\\\/product\\\/6876.html#primaryimage\",\"url\":\"https:\\\/\\\/vivalr.com\\\/wp-content\\\/uploads\\\/2025\\\/03\\\/Hydroxypropyl-Methyl-Cellulose-Cas-9004-65-3-6.jpg\",\"contentUrl\":\"https:\\\/\\\/vivalr.com\\\/wp-content\\\/uploads\\\/2025\\\/03\\\/Hydroxypropyl-Methyl-Cellulose-Cas-9004-65-3-6.jpg\",\"width\":350,\"height\":350},{\"@type\":\"BreadcrumbList\",\"@id\":\"https:\\\/\\\/vivalr.com\\\/product\\\/6876.html#breadcrumb\",\"itemListElement\":[{\"@type\":\"ListItem\",\"position\":1,\"name\":\"Home\",\"item\":\"https:\\\/\\\/vivalr.com\\\/\"},{\"@type\":\"ListItem\",\"position\":2,\"name\":\"Shop\",\"item\":\"https:\\\/\\\/vivalr.com\\\/shop\\\/\"},{\"@type\":\"ListItem\",\"position\":3,\"name\":\"Factory Supply Hydroxypropyl Methyl Cellulose Cas 9004-65-3 With Best Price\"}]},{\"@type\":\"WebSite\",\"@id\":\"https:\\\/\\\/vivalr.com\\\/#website\",\"url\":\"https:\\\/\\\/vivalr.com\\\/\",\"name\":\"Welcome to VIVALR- Your Trusted Source for Chemical Raw Materials\uff01\",\"description\":\"Discover a wide range of high-quality chemical raw materials to meet your industrial needs. Our commitment to excellence ensures that you get the best products and services.\",\"potentialAction\":[{\"@type\":\"SearchAction\",\"target\":{\"@type\":\"EntryPoint\",\"urlTemplate\":\"https:\\\/\\\/vivalr.com\\\/?s={search_term_string}\"},\"query-input\":{\"@type\":\"PropertyValueSpecification\",\"valueRequired\":true,\"valueName\":\"search_term_string\"}}],\"inLanguage\":\"es\"}]}<\/script>\n<!-- \/ Yoast SEO Premium plugin. -->","yoast_head_json":{"title":"Suministro de f\u00e1brica hidroxipropilmetilcelulosa Cas 9004-65-3 con el mejor precio - Bienvenido a VIVALR- Su fuente de confianza para las materias primas qu\u00edmicas\uff01.","robots":{"index":"index","follow":"follow","max-snippet":"max-snippet:-1","max-image-preview":"max-image-preview:large","max-video-preview":"max-video-preview:-1"},"canonical":"https:\/\/vivalr.com\/es\/product\/6876.html","og_locale":"es_MX","og_type":"article","og_title":"Factory Supply Hydroxypropyl Methyl Cellulose Cas 9004-65-3 With Best Price","og_description":"User Guide: Factory Supply Hydroxypropyl Methyl Cellulose Cas 9004 - 65 - 3 With Best Price Table of Contents Basic Information and Parameters Uses of the Product How to Use the Product Usage Case Studies Contact Information Basic Information and Parameters Hydroxypropyl Methyl Cellulose (HPMC), with the CAS number 9004 - 65 - 3, is [&hellip;]","og_url":"https:\/\/vivalr.com\/es\/product\/6876.html","og_site_name":"Welcome to VIVALR- Your Trusted Source for Chemical Raw Materials\uff01","article_modified_time":"2025-03-07T12:34:15+00:00","og_image":[{"width":350,"height":350,"url":"https:\/\/vivalr.com\/wp-content\/uploads\/2025\/03\/Hydroxypropyl-Methyl-Cellulose-Cas-9004-65-3-6.jpg","type":"image\/jpeg"}],"twitter_card":"summary_large_image","twitter_misc":{"Tiempo de lectura":"3 minutos"},"schema":{"@context":"https:\/\/schema.org","@graph":[{"@type":"WebPage","@id":"https:\/\/vivalr.com\/product\/6876.html","url":"https:\/\/vivalr.com\/product\/6876.html","name":"Suministro de f\u00e1brica hidroxipropilmetilcelulosa Cas 9004-65-3 con el mejor precio - Bienvenido a VIVALR- Su fuente de confianza para las materias primas qu\u00edmicas\uff01.","isPartOf":{"@id":"https:\/\/vivalr.com\/#website"},"primaryImageOfPage":{"@id":"https:\/\/vivalr.com\/product\/6876.html#primaryimage"},"image":{"@id":"https:\/\/vivalr.com\/product\/6876.html#primaryimage"},"thumbnailUrl":"https:\/\/vivalr.com\/wp-content\/uploads\/2025\/03\/Hydroxypropyl-Methyl-Cellulose-Cas-9004-65-3-6.jpg","datePublished":"2025-03-07T12:12:29+00:00","dateModified":"2025-03-07T12:34:15+00:00","breadcrumb":{"@id":"https:\/\/vivalr.com\/product\/6876.html#breadcrumb"},"inLanguage":"es","potentialAction":[{"@type":"ReadAction","target":["https:\/\/vivalr.com\/product\/6876.html"]}]},{"@type":"ImageObject","inLanguage":"es","@id":"https:\/\/vivalr.com\/product\/6876.html#primaryimage","url":"https:\/\/vivalr.com\/wp-content\/uploads\/2025\/03\/Hydroxypropyl-Methyl-Cellulose-Cas-9004-65-3-6.jpg","contentUrl":"https:\/\/vivalr.com\/wp-content\/uploads\/2025\/03\/Hydroxypropyl-Methyl-Cellulose-Cas-9004-65-3-6.jpg","width":350,"height":350},{"@type":"BreadcrumbList","@id":"https:\/\/vivalr.com\/product\/6876.html#breadcrumb","itemListElement":[{"@type":"ListItem","position":1,"name":"Home","item":"https:\/\/vivalr.com\/"},{"@type":"ListItem","position":2,"name":"Shop","item":"https:\/\/vivalr.com\/shop\/"},{"@type":"ListItem","position":3,"name":"Factory Supply Hydroxypropyl Methyl Cellulose Cas 9004-65-3 With Best Price"}]},{"@type":"WebSite","@id":"https:\/\/vivalr.com\/#website","url":"https:\/\/vivalr.com\/","name":"Bienvenido a VIVALR- Su fuente de confianza para materias primas qu\u00edmicas\uff01","description":"Descubra una amplia gama de materias primas qu\u00edmicas de alta calidad para satisfacer sus necesidades industriales. Nuestro compromiso con la excelencia le garantiza los mejores productos y servicios.","potentialAction":[{"@type":"SearchAction","target":{"@type":"EntryPoint","urlTemplate":"https:\/\/vivalr.com\/?s={search_term_string}"},"query-input":{"@type":"PropertyValueSpecification","valueRequired":true,"valueName":"search_term_string"}}],"inLanguage":"es"}]}},"_links":{"self":[{"href":"https:\/\/vivalr.com\/es\/wp-json\/wp\/v2\/product\/6876","targetHints":{"allow":["GET"]}}],"collection":[{"href":"https:\/\/vivalr.com\/es\/wp-json\/wp\/v2\/product"}],"about":[{"href":"https:\/\/vivalr.com\/es\/wp-json\/wp\/v2\/types\/product"}],"replies":[{"embeddable":true,"href":"https:\/\/vivalr.com\/es\/wp-json\/wp\/v2\/comments?post=6876"}],"wp:featuredmedia":[{"embeddable":true,"href":"https:\/\/vivalr.com\/es\/wp-json\/wp\/v2\/media\/24505"}],"wp:attachment":[{"href":"https:\/\/vivalr.com\/es\/wp-json\/wp\/v2\/media?parent=6876"}],"wp:term":[{"taxonomy":"product_brand","embeddable":true,"href":"https:\/\/vivalr.com\/es\/wp-json\/wp\/v2\/product_brand?post=6876"},{"taxonomy":"product_cat","embeddable":true,"href":"https:\/\/vivalr.com\/es\/wp-json\/wp\/v2\/product_cat?post=6876"},{"taxonomy":"product_tag","embeddable":true,"href":"https:\/\/vivalr.com\/es\/wp-json\/wp\/v2\/product_tag?post=6876"}],"curies":[{"name":"wp","href":"https:\/\/api.w.org\/{rel}","templated":true}]}}