{"id":69,"date":"2025-03-07T12:05:04","date_gmt":"2025-03-07T12:05:04","guid":{"rendered":"https:\/\/vivalr.com\/product\/69.html"},"modified":"2025-03-07T12:21:21","modified_gmt":"2025-03-07T12:21:21","slug":"factory-supply-arabic-gum-cas-9000-01-5-with-best-price","status":"publish","type":"product","link":"https:\/\/vivalr.com\/es\/product\/69.html","title":{"rendered":"F\u00e1brica de suministro de goma \u00e1rabe CAS 9000-01-5 con el mejor precio"},"content":{"rendered":"<div class=\"product-guide\">\n<h1>Goma ar\u00e1biga CAS 9000-01-5: Suministro de f\u00e1brica con precios competitivos<\/h1>\n<p>        <!-- Table of Contents --><\/p>\n<div class=\"toc\">\n<h2>\u00cdndice<\/h2>\n<ul>\n<li><a href=\"#section1\">1. Descripci\u00f3n general del producto<\/a><\/li>\n<li><a href=\"#section2\">2. Aplicaciones de la goma ar\u00e1biga<\/a><\/li>\n<li><a href=\"#section3\">3. C\u00f3mo utilizar la goma ar\u00e1biga<\/a><\/li>\n<li><a href=\"#section4\">4. Casos de uso detallados<\/a><\/li>\n<li><a href=\"#contact\">Contacte con nosotros<\/a><\/li>\n<\/ul><\/div>\n<p>        <!-- Section 1: Product Overview --><\/p>\n<div id=\"section1\" class=\"section\">\n<h2>1. Descripci\u00f3n general del producto<\/h2>\n<p><strong>Goma ar\u00e1biga<\/strong> (CAS 9000-01-5), tambi\u00e9n conocida como goma de acacia, es un exudado natural derivado de los \u00e1rboles Acacia Senegal y Acacia Seyal. Las especificaciones clave incluyen:<\/p>\n<ul>\n<li><strong>N\u00famero CAS:<\/strong> 9000-01-5<\/li>\n<li><strong>Apariencia:<\/strong> Gr\u00e1nulos o polvo entre \u00e1mbar y transl\u00facido<\/li>\n<li><strong>Solubilidad:<\/strong> Soluble en agua, formando soluciones viscosas<\/li>\n<li><strong>Fuente:<\/strong> Recolectada de forma sostenible en \u00e1rboles de Acacia<\/li>\n<li><strong>Caducidad:<\/strong> 24 meses si se almacena en un lugar fresco y seco<\/li>\n<li><strong>Embalaje:<\/strong> Sacos de 25 kg o pedidos a granel personalizados<\/li>\n<\/ul>\n<p><em>Precios competitivos para pedidos al por mayor: p\u00f3ngase en contacto con nosotros para solicitar un presupuesto.<\/em><\/p>\n<\/p><\/div>\n<p>        <!-- Section 2: Applications --><\/p>\n<div id=\"section2\" class=\"section\">\n<h2>2. Aplicaciones de la goma ar\u00e1biga<\/h2>\n<p>La goma ar\u00e1biga es un ingrediente vers\u00e1til que se utiliza en todos los sectores:<\/p>\n<ul>\n<li><strong>Industria alimentaria:<\/strong> Estabilizador en bebidas, emulsionante en la encapsulaci\u00f3n de sabores.<\/li>\n<li><strong>Productos farmac\u00e9uticos:<\/strong> Aglutinante en formulaciones de comprimidos, agente de viscosidad en jarabes.<\/li>\n<li><strong>Cosm\u00e9ticos:<\/strong> Espesante en cremas, adhesivo en mascarillas faciales.<\/li>\n<li><strong>Industrial:<\/strong> Ligante en acuarela, adhesivo en litograf\u00eda.<\/li>\n<\/ul><\/div>\n<p>        <!-- Section 3: Usage Guidelines --><\/p>\n<div id=\"section3\" class=\"section\">\n<h2>3. C\u00f3mo utilizar la goma ar\u00e1biga<\/h2>\n<ol>\n<li><strong>Dosificaci\u00f3n:<\/strong> T\u00edpicamente 1-10% del peso total de la formulaci\u00f3n.<\/li>\n<li><strong>Hidrataci\u00f3n:<\/strong> Disolver en agua caliente (40-50\u00b0C) bajo agitaci\u00f3n constante.<\/li>\n<li><strong>Mezclando:<\/strong> Mezclar con otros ingredientes despu\u00e9s de la hidrataci\u00f3n para obtener una consistencia uniforme.<\/li>\n<li><strong>Compatibilidad con pH:<\/strong> Estable en rangos de pH 4-10.<\/li>\n<\/ol><\/div>\n<p>        <!-- Section 4: Use Cases --><\/p>\n<div id=\"section4\" class=\"section\">\n<h2>4. Casos de uso detallados<\/h2>\n<h3>Caso 1: Estabilizaci\u00f3n de bebidas<\/h3>\n<p>En la producci\u00f3n de refrescos, la goma ar\u00e1biga 2% evita la separaci\u00f3n del aceite de c\u00edtricos en las f\u00f3rmulas de cola. Soluci\u00f3n: Mezcle previamente la goma con \u00e1cido c\u00edtrico antes de a\u00f1adirla al jarabe base.<\/p>\n<h3>Caso 2: Comprimidos farmac\u00e9uticos<\/h3>\n<p>Como aglutinante 5% en comprimidos de vitamina C: Disolver la goma en agua purificada, granular con \u00e1cido asc\u00f3rbico y comprimir a 15 kN de presi\u00f3n.<\/p>\n<h3>Caso 3: Emulsiones cosm\u00e9ticas<\/h3>\n<p>Para la estabilizaci\u00f3n de cremas faciales: Hidratar la goma ar\u00e1biga 3% por separado e incorporarla lentamente a la fase oleosa a 45\u00b0C durante la emulsificaci\u00f3n.<\/p>\n<\/p><\/div>\n<p>        <!-- Contact Section --><\/p>\n<div id=\"contact\" class=\"section\">\n<h2>P\u00f3ngase en contacto con nosotros<\/h2>\n<p>Correo electr\u00f3nico: <a href=\"mailto:info@vivalr.com\">info@vivalr.com<\/a><br \/>\n            Tel\u00e9fono: <a href=\"tel:+8615866781826\">(86) 15866781826<\/a><\/p>\n<p><strong>Solicite hoy mismo una muestra o pida informaci\u00f3n sobre precios por volumen.<\/strong><\/p>\n<\/p><\/div>\n<\/p><\/div>\n<p>Este c\u00f3digo HTML incluye encabezados optimizados para SEO, enlaces de anclaje para la navegaci\u00f3n y datos estructurados para la visibilidad en los motores de b\u00fasqueda. El contenido hace hincapi\u00e9 en las especificaciones t\u00e9cnicas, las aplicaciones pr\u00e1cticas y los escenarios de uso en el mundo real, al tiempo que incorpora la informaci\u00f3n de contacto necesaria.<\/p>","protected":false},"excerpt":{"rendered":"<p>Arabic Gum CAS 9000-01-5: Factory Supply with Competitive Pricing Table of Contents 1. Product Overview 2. Applications of Arabic Gum 3. How to Use Arabic Gum 4. Detailed Use Cases Contact Us 1. Product Overview Arabic Gum (CAS 9000-01-5), also known as acacia gum, is a natural exudate derived from the Acacia Senegal and Acacia [&hellip;]<\/p>","protected":false},"featured_media":21218,"comment_status":"closed","ping_status":"open","template":"","meta":[],"product_brand":[],"product_cat":[15],"product_tag":[],"class_list":{"0":"post-69","1":"product","2":"type-product","3":"status-publish","4":"has-post-thumbnail","6":"product_cat-uncategorized","8":"first","9":"instock","10":"product-type-simple"},"yoast_head":"<!-- This site is optimized with the Yoast SEO Premium plugin v24.4 (Yoast SEO v25.0) - https:\/\/yoast.com\/wordpress\/plugins\/seo\/ -->\n<title>Factory Supply Arabic gum CAS 9000-01-5 With Best Price - Welcome to VIVALR- Your Trusted Source for Chemical Raw Materials\uff01<\/title>\n<meta name=\"robots\" content=\"index, follow, max-snippet:-1, max-image-preview:large, max-video-preview:-1\" \/>\n<link rel=\"canonical\" href=\"https:\/\/vivalr.com\/es\/product\/69.html\" \/>\n<meta property=\"og:locale\" content=\"es_MX\" \/>\n<meta property=\"og:type\" content=\"article\" \/>\n<meta property=\"og:title\" content=\"Factory Supply Arabic gum CAS 9000-01-5 With Best Price\" \/>\n<meta property=\"og:description\" content=\"Arabic Gum CAS 9000-01-5: Factory Supply with Competitive Pricing Table of Contents 1. Product Overview 2. Applications of Arabic Gum 3. How to Use Arabic Gum 4. Detailed Use Cases Contact Us 1. Product Overview Arabic Gum (CAS 9000-01-5), also known as acacia gum, is a natural exudate derived from the Acacia Senegal and Acacia [&hellip;]\" \/>\n<meta property=\"og:url\" content=\"https:\/\/vivalr.com\/es\/product\/69.html\" \/>\n<meta property=\"og:site_name\" content=\"Welcome to VIVALR- Your Trusted Source for Chemical Raw Materials\uff01\" \/>\n<meta property=\"article:modified_time\" content=\"2025-03-07T12:21:21+00:00\" \/>\n<meta property=\"og:image\" content=\"https:\/\/vivalr.com\/wp-content\/uploads\/2025\/03\/Arabic-gum-CAS-9000-01-5.jpg\" \/>\n\t<meta property=\"og:image:width\" content=\"350\" \/>\n\t<meta property=\"og:image:height\" content=\"350\" \/>\n\t<meta property=\"og:image:type\" content=\"image\/jpeg\" \/>\n<meta name=\"twitter:card\" content=\"summary_large_image\" \/>\n<meta name=\"twitter:label1\" content=\"Tiempo de lectura\" \/>\n\t<meta name=\"twitter:data1\" content=\"2 minutos\" \/>\n<script type=\"application\/ld+json\" class=\"yoast-schema-graph\">{\"@context\":\"https:\/\/schema.org\",\"@graph\":[{\"@type\":\"WebPage\",\"@id\":\"https:\/\/vivalr.com\/product\/69.html\",\"url\":\"https:\/\/vivalr.com\/product\/69.html\",\"name\":\"Factory Supply Arabic gum CAS 9000-01-5 With Best Price - Welcome to VIVALR- Your Trusted Source for Chemical Raw Materials\uff01\",\"isPartOf\":{\"@id\":\"https:\/\/vivalr.com\/#website\"},\"primaryImageOfPage\":{\"@id\":\"https:\/\/vivalr.com\/product\/69.html#primaryimage\"},\"image\":{\"@id\":\"https:\/\/vivalr.com\/product\/69.html#primaryimage\"},\"thumbnailUrl\":\"https:\/\/vivalr.com\/wp-content\/uploads\/2025\/03\/Arabic-gum-CAS-9000-01-5.jpg\",\"datePublished\":\"2025-03-07T12:05:04+00:00\",\"dateModified\":\"2025-03-07T12:21:21+00:00\",\"breadcrumb\":{\"@id\":\"https:\/\/vivalr.com\/product\/69.html#breadcrumb\"},\"inLanguage\":\"es\",\"potentialAction\":[{\"@type\":\"ReadAction\",\"target\":[\"https:\/\/vivalr.com\/product\/69.html\"]}]},{\"@type\":\"ImageObject\",\"inLanguage\":\"es\",\"@id\":\"https:\/\/vivalr.com\/product\/69.html#primaryimage\",\"url\":\"https:\/\/vivalr.com\/wp-content\/uploads\/2025\/03\/Arabic-gum-CAS-9000-01-5.jpg\",\"contentUrl\":\"https:\/\/vivalr.com\/wp-content\/uploads\/2025\/03\/Arabic-gum-CAS-9000-01-5.jpg\",\"width\":350,\"height\":350},{\"@type\":\"BreadcrumbList\",\"@id\":\"https:\/\/vivalr.com\/product\/69.html#breadcrumb\",\"itemListElement\":[{\"@type\":\"ListItem\",\"position\":1,\"name\":\"Home\",\"item\":\"https:\/\/vivalr.com\/\"},{\"@type\":\"ListItem\",\"position\":2,\"name\":\"Shop\",\"item\":\"https:\/\/vivalr.com\/shop\/\"},{\"@type\":\"ListItem\",\"position\":3,\"name\":\"Factory Supply Arabic gum CAS 9000-01-5 With Best Price\"}]},{\"@type\":\"WebSite\",\"@id\":\"https:\/\/vivalr.com\/#website\",\"url\":\"https:\/\/vivalr.com\/\",\"name\":\"Welcome to VIVALR- Your Trusted Source for Chemical Raw Materials\uff01\",\"description\":\"Discover a wide range of high-quality chemical raw materials to meet your industrial needs. Our commitment to excellence ensures that you get the best products and services.\",\"potentialAction\":[{\"@type\":\"SearchAction\",\"target\":{\"@type\":\"EntryPoint\",\"urlTemplate\":\"https:\/\/vivalr.com\/?s={search_term_string}\"},\"query-input\":{\"@type\":\"PropertyValueSpecification\",\"valueRequired\":true,\"valueName\":\"search_term_string\"}}],\"inLanguage\":\"es\"}]}<\/script>\n<!-- \/ Yoast SEO Premium plugin. -->","yoast_head_json":{"title":"F\u00e1brica de suministro de goma \u00e1rabe CAS 9000-01-5 con el mejor precio - Bienvenido a VIVALR- Su fuente de confianza para las materias primas qu\u00edmicas\uff01","robots":{"index":"index","follow":"follow","max-snippet":"max-snippet:-1","max-image-preview":"max-image-preview:large","max-video-preview":"max-video-preview:-1"},"canonical":"https:\/\/vivalr.com\/es\/product\/69.html","og_locale":"es_MX","og_type":"article","og_title":"Factory Supply Arabic gum CAS 9000-01-5 With Best Price","og_description":"Arabic Gum CAS 9000-01-5: Factory Supply with Competitive Pricing Table of Contents 1. Product Overview 2. Applications of Arabic Gum 3. How to Use Arabic Gum 4. Detailed Use Cases Contact Us 1. Product Overview Arabic Gum (CAS 9000-01-5), also known as acacia gum, is a natural exudate derived from the Acacia Senegal and Acacia [&hellip;]","og_url":"https:\/\/vivalr.com\/es\/product\/69.html","og_site_name":"Welcome to VIVALR- Your Trusted Source for Chemical Raw Materials\uff01","article_modified_time":"2025-03-07T12:21:21+00:00","og_image":[{"width":350,"height":350,"url":"https:\/\/vivalr.com\/wp-content\/uploads\/2025\/03\/Arabic-gum-CAS-9000-01-5.jpg","type":"image\/jpeg"}],"twitter_card":"summary_large_image","twitter_misc":{"Tiempo de lectura":"2 minutos"},"schema":{"@context":"https:\/\/schema.org","@graph":[{"@type":"WebPage","@id":"https:\/\/vivalr.com\/product\/69.html","url":"https:\/\/vivalr.com\/product\/69.html","name":"F\u00e1brica de suministro de goma \u00e1rabe CAS 9000-01-5 con el mejor precio - Bienvenido a VIVALR- Su fuente de confianza para las materias primas qu\u00edmicas\uff01","isPartOf":{"@id":"https:\/\/vivalr.com\/#website"},"primaryImageOfPage":{"@id":"https:\/\/vivalr.com\/product\/69.html#primaryimage"},"image":{"@id":"https:\/\/vivalr.com\/product\/69.html#primaryimage"},"thumbnailUrl":"https:\/\/vivalr.com\/wp-content\/uploads\/2025\/03\/Arabic-gum-CAS-9000-01-5.jpg","datePublished":"2025-03-07T12:05:04+00:00","dateModified":"2025-03-07T12:21:21+00:00","breadcrumb":{"@id":"https:\/\/vivalr.com\/product\/69.html#breadcrumb"},"inLanguage":"es","potentialAction":[{"@type":"ReadAction","target":["https:\/\/vivalr.com\/product\/69.html"]}]},{"@type":"ImageObject","inLanguage":"es","@id":"https:\/\/vivalr.com\/product\/69.html#primaryimage","url":"https:\/\/vivalr.com\/wp-content\/uploads\/2025\/03\/Arabic-gum-CAS-9000-01-5.jpg","contentUrl":"https:\/\/vivalr.com\/wp-content\/uploads\/2025\/03\/Arabic-gum-CAS-9000-01-5.jpg","width":350,"height":350},{"@type":"BreadcrumbList","@id":"https:\/\/vivalr.com\/product\/69.html#breadcrumb","itemListElement":[{"@type":"ListItem","position":1,"name":"Home","item":"https:\/\/vivalr.com\/"},{"@type":"ListItem","position":2,"name":"Shop","item":"https:\/\/vivalr.com\/shop\/"},{"@type":"ListItem","position":3,"name":"Factory Supply Arabic gum CAS 9000-01-5 With Best Price"}]},{"@type":"WebSite","@id":"https:\/\/vivalr.com\/#website","url":"https:\/\/vivalr.com\/","name":"Bienvenido a VIVALR- Su fuente de confianza para materias primas qu\u00edmicas\uff01","description":"Descubra una amplia gama de materias primas qu\u00edmicas de alta calidad para satisfacer sus necesidades industriales. Nuestro compromiso con la excelencia le garantiza los mejores productos y servicios.","potentialAction":[{"@type":"SearchAction","target":{"@type":"EntryPoint","urlTemplate":"https:\/\/vivalr.com\/?s={search_term_string}"},"query-input":{"@type":"PropertyValueSpecification","valueRequired":true,"valueName":"search_term_string"}}],"inLanguage":"es"}]}},"_links":{"self":[{"href":"https:\/\/vivalr.com\/es\/wp-json\/wp\/v2\/product\/69","targetHints":{"allow":["GET"]}}],"collection":[{"href":"https:\/\/vivalr.com\/es\/wp-json\/wp\/v2\/product"}],"about":[{"href":"https:\/\/vivalr.com\/es\/wp-json\/wp\/v2\/types\/product"}],"replies":[{"embeddable":true,"href":"https:\/\/vivalr.com\/es\/wp-json\/wp\/v2\/comments?post=69"}],"wp:featuredmedia":[{"embeddable":true,"href":"https:\/\/vivalr.com\/es\/wp-json\/wp\/v2\/media\/21218"}],"wp:attachment":[{"href":"https:\/\/vivalr.com\/es\/wp-json\/wp\/v2\/media?parent=69"}],"wp:term":[{"taxonomy":"product_brand","embeddable":true,"href":"https:\/\/vivalr.com\/es\/wp-json\/wp\/v2\/product_brand?post=69"},{"taxonomy":"product_cat","embeddable":true,"href":"https:\/\/vivalr.com\/es\/wp-json\/wp\/v2\/product_cat?post=69"},{"taxonomy":"product_tag","embeddable":true,"href":"https:\/\/vivalr.com\/es\/wp-json\/wp\/v2\/product_tag?post=69"}],"curies":[{"name":"wp","href":"https:\/\/api.w.org\/{rel}","templated":true}]}}