{"id":6927,"date":"2025-03-07T12:12:31","date_gmt":"2025-03-07T12:12:31","guid":{"rendered":"https:\/\/vivalr.com\/product\/6927.html"},"modified":"2025-03-07T12:34:20","modified_gmt":"2025-03-07T12:34:20","slug":"factory-supply-ammonium-thiosulfate-cas-7783-18-8-with-best-price","status":"publish","type":"product","link":"https:\/\/vivalr.com\/es\/product\/6927.html","title":{"rendered":"Factory Supply ammonium thiosulfate cas 7783-18-8 With Best Price"},"content":{"rendered":"<h1>Factory Supply ammonium thiosulfate cas 7783-18-8 With Best Price: User Guide<\/h1>\n<h2>\u00cdndice<\/h2>\n<ul>\n<li><a href=\"#basic-info\">1. Informaci\u00f3n b\u00e1sica y par\u00e1metros<\/a><\/li>\n<li><a href=\"#uses\">2. Usos del producto<\/a><\/li>\n<li><a href=\"#usage\">3. Uso del producto<\/a><\/li>\n<li><a href=\"#case-studies\">4. Casos pr\u00e1cticos detallados<\/a><\/li>\n<li><a href=\"#contact\">5. 5. Informaci\u00f3n de contacto<\/a><\/li>\n<\/ul>\n<h2 id=\"basic-info\">1. Informaci\u00f3n b\u00e1sica y par\u00e1metros<\/h2>\n<p>Ammonium thiosulfate, with the CAS number 7783 - 18 - 8, is a colorless to pale - yellow liquid or white crystalline solid. Its chemical formula is (NH\u2084)\u2082S\u2082O\u2083. The molar mass of ammonium thiosulfate is approximately 148.205 g\/mol. It has a high solubility in water, which makes it easy to handle in various applications. The density of a typical ammonium thiosulfate solution is around 1.67 g\/cm\u00b3. It is stable under normal conditions but may decompose when exposed to strong acids or high temperatures.<\/p>\n<h2 id=\"uses\">2. Usos del producto<\/h2>\n<p>Ammonium thiosulfate has a wide range of applications in different industries:<\/p>\n<ol>\n<li><strong>Agricultura<\/strong>: It is used as a fertilizer additive. The sulfur in ammonium thiosulfate is an essential nutrient for plant growth. It can improve the efficiency of nitrogen uptake by plants, enhance crop quality, and increase yields. For example, in wheat and corn fields, it can help the plants develop strong root systems and healthy foliage.<\/li>\n<li><strong>Fotograf\u00eda<\/strong>: Ammonium thiosulfate is a key component in the fixing process of photographic films and papers. It dissolves the unexposed silver halides, leaving behind the fixed image. This use has been well - established in the traditional photography industry for many years.<\/li>\n<li><strong>Industria qu\u00edmica<\/strong>: It serves as a reducing agent in various chemical reactions. It can be used in the synthesis of other sulfur - containing compounds and in the removal of heavy metals from wastewaters through precipitation reactions.<\/li>\n<\/ol>\n<h2 id=\"usage\">3. Uso del producto<\/h2>\n<p>\n    <strong>Uso agr\u00edcola<\/strong>: When using ammonium thiosulfate as a fertilizer, it can be applied through different methods. It can be mixed with water and sprayed onto the soil surface or used in a fertigation system. The recommended application rate depends on the soil type, crop type, and nutrient requirements. Generally, for field crops, an application rate of 10 - 20 kg per hectare may be appropriate.<br \/>\n    <br \/>\n    <strong>Uso fotogr\u00e1fico<\/strong>: In photography, ammonium thiosulfate is typically used in a fixing solution. The fixing solution should be prepared according to the manufacturer's instructions. Usually, a certain amount of ammonium thiosulfate is dissolved in water, and other additives may be added to optimize the fixing process. The photographic film or paper is then immersed in the fixing solution for a specific period, which is usually a few minutes, depending on the type of material and the fixing conditions.<br \/>\n    <br \/>\n    <strong>Uso en la industria qu\u00edmica<\/strong>: In chemical reactions, the dosage of ammonium thiosulfate is determined by the stoichiometry of the reaction. It should be added slowly to the reaction mixture under appropriate reaction conditions, such as temperature and pH control, to ensure the reaction proceeds smoothly.\n  <\/p>\n<h2 id=\"case-studies\">4. Casos pr\u00e1cticos detallados<\/h2>\n<p>\n    <strong>Caso agr\u00edcola<\/strong>: In a large - scale wheat farm in the Midwest of the United States, the farmers used ammonium thiosulfate as a fertilizer additive. Before using ammonium thiosulfate, the wheat yields were relatively low, and the plants showed symptoms of sulfur deficiency, such as yellowing leaves. After applying ammonium thiosulfate at a rate of 15 kg per hectare through a fertigation system, the wheat plants showed significant improvement. The leaves became greener, and the root systems were more developed. At the harvest time, the wheat yields increased by 15% compared to the previous year, and the protein content in the wheat also improved.<br \/>\n    <br \/>\n    <strong>Malet\u00edn fotogr\u00e1fico<\/strong>: A small - scale photography studio used ammonium thiosulfate in its fixing solutions. They had been using a traditional fixing agent but found that the fixing process was slow and the quality of the fixed images was not satisfactory. After switching to ammonium thiosulfate - based fixing solution, the fixing time was reduced from 10 minutes to 5 minutes, and the fixed images had better clarity and less residual silver halides, resulting in higher - quality prints.<br \/>\n    <br \/>\n    <strong>Caso de la industria qu\u00edmica<\/strong>: A chemical plant was dealing with heavy - metal - contaminated wastewater. They used ammonium thiosulfate as a reducing agent to precipitate heavy metals such as lead and mercury.<\/p>","protected":false},"excerpt":{"rendered":"<p>Factory Supply ammonium thiosulfate cas 7783-18-8 With Best Price: User Guide Table of Contents 1. Basic Information and Parameters 2. Product Uses 3. Product Usage 4. Detailed Usage Case Studies 5. Contact Information 1. Basic Information and Parameters Ammonium thiosulfate, with the CAS number 7783 - 18 - 8, is a colorless to pale - [&hellip;]<\/p>","protected":false},"featured_media":24530,"comment_status":"closed","ping_status":"open","template":"","meta":[],"product_brand":[],"product_cat":[15],"product_tag":[],"class_list":{"0":"post-6927","1":"product","2":"type-product","3":"status-publish","4":"has-post-thumbnail","6":"product_cat-uncategorized","8":"first","9":"instock","10":"product-type-simple"},"yoast_head":"<!-- This site is optimized with the Yoast SEO Premium plugin v24.4 (Yoast SEO v27.4) - https:\/\/yoast.com\/product\/yoast-seo-premium-wordpress\/ -->\n<title>Factory Supply ammonium thiosulfate cas 7783-18-8 With Best Price - Welcome to VIVALR- Your Trusted Source for Chemical Raw Materials\uff01<\/title>\n<meta name=\"robots\" content=\"index, follow, max-snippet:-1, max-image-preview:large, max-video-preview:-1\" \/>\n<link rel=\"canonical\" href=\"https:\/\/vivalr.com\/es\/product\/6927.html\" \/>\n<meta property=\"og:locale\" content=\"es_MX\" \/>\n<meta property=\"og:type\" content=\"article\" \/>\n<meta property=\"og:title\" content=\"Factory Supply ammonium thiosulfate cas 7783-18-8 With Best Price\" \/>\n<meta property=\"og:description\" content=\"Factory Supply ammonium thiosulfate cas 7783-18-8 With Best Price: User Guide Table of Contents 1. Basic Information and Parameters 2. Product Uses 3. Product Usage 4. Detailed Usage Case Studies 5. Contact Information 1. Basic Information and Parameters Ammonium thiosulfate, with the CAS number 7783 - 18 - 8, is a colorless to pale - [&hellip;]\" \/>\n<meta property=\"og:url\" content=\"https:\/\/vivalr.com\/es\/product\/6927.html\" \/>\n<meta property=\"og:site_name\" content=\"Welcome to VIVALR- Your Trusted Source for Chemical Raw Materials\uff01\" \/>\n<meta property=\"article:modified_time\" content=\"2025-03-07T12:34:20+00:00\" \/>\n<meta property=\"og:image\" content=\"https:\/\/vivalr.com\/wp-content\/uploads\/2025\/03\/ammonium-thiosulfate-solution-cas-7783-18-8-4.jpg\" \/>\n\t<meta property=\"og:image:width\" content=\"350\" \/>\n\t<meta property=\"og:image:height\" content=\"350\" \/>\n\t<meta property=\"og:image:type\" content=\"image\/jpeg\" \/>\n<meta name=\"twitter:card\" content=\"summary_large_image\" \/>\n<meta name=\"twitter:label1\" content=\"Tiempo de lectura\" \/>\n\t<meta name=\"twitter:data1\" content=\"3 minutos\" \/>\n<script type=\"application\/ld+json\" class=\"yoast-schema-graph\">{\"@context\":\"https:\\\/\\\/schema.org\",\"@graph\":[{\"@type\":\"WebPage\",\"@id\":\"https:\\\/\\\/vivalr.com\\\/product\\\/6927.html\",\"url\":\"https:\\\/\\\/vivalr.com\\\/product\\\/6927.html\",\"name\":\"Factory Supply ammonium thiosulfate cas 7783-18-8 With Best Price - Welcome to VIVALR- Your Trusted Source for Chemical Raw Materials\uff01\",\"isPartOf\":{\"@id\":\"https:\\\/\\\/vivalr.com\\\/#website\"},\"primaryImageOfPage\":{\"@id\":\"https:\\\/\\\/vivalr.com\\\/product\\\/6927.html#primaryimage\"},\"image\":{\"@id\":\"https:\\\/\\\/vivalr.com\\\/product\\\/6927.html#primaryimage\"},\"thumbnailUrl\":\"https:\\\/\\\/vivalr.com\\\/wp-content\\\/uploads\\\/2025\\\/03\\\/ammonium-thiosulfate-solution-cas-7783-18-8-4.jpg\",\"datePublished\":\"2025-03-07T12:12:31+00:00\",\"dateModified\":\"2025-03-07T12:34:20+00:00\",\"breadcrumb\":{\"@id\":\"https:\\\/\\\/vivalr.com\\\/product\\\/6927.html#breadcrumb\"},\"inLanguage\":\"es\",\"potentialAction\":[{\"@type\":\"ReadAction\",\"target\":[\"https:\\\/\\\/vivalr.com\\\/product\\\/6927.html\"]}]},{\"@type\":\"ImageObject\",\"inLanguage\":\"es\",\"@id\":\"https:\\\/\\\/vivalr.com\\\/product\\\/6927.html#primaryimage\",\"url\":\"https:\\\/\\\/vivalr.com\\\/wp-content\\\/uploads\\\/2025\\\/03\\\/ammonium-thiosulfate-solution-cas-7783-18-8-4.jpg\",\"contentUrl\":\"https:\\\/\\\/vivalr.com\\\/wp-content\\\/uploads\\\/2025\\\/03\\\/ammonium-thiosulfate-solution-cas-7783-18-8-4.jpg\",\"width\":350,\"height\":350},{\"@type\":\"BreadcrumbList\",\"@id\":\"https:\\\/\\\/vivalr.com\\\/product\\\/6927.html#breadcrumb\",\"itemListElement\":[{\"@type\":\"ListItem\",\"position\":1,\"name\":\"Home\",\"item\":\"https:\\\/\\\/vivalr.com\\\/\"},{\"@type\":\"ListItem\",\"position\":2,\"name\":\"Shop\",\"item\":\"https:\\\/\\\/vivalr.com\\\/shop\\\/\"},{\"@type\":\"ListItem\",\"position\":3,\"name\":\"Factory Supply ammonium thiosulfate cas 7783-18-8 With Best Price\"}]},{\"@type\":\"WebSite\",\"@id\":\"https:\\\/\\\/vivalr.com\\\/#website\",\"url\":\"https:\\\/\\\/vivalr.com\\\/\",\"name\":\"Welcome to VIVALR- Your Trusted Source for Chemical Raw Materials\uff01\",\"description\":\"Discover a wide range of high-quality chemical raw materials to meet your industrial needs. Our commitment to excellence ensures that you get the best products and services.\",\"potentialAction\":[{\"@type\":\"SearchAction\",\"target\":{\"@type\":\"EntryPoint\",\"urlTemplate\":\"https:\\\/\\\/vivalr.com\\\/?s={search_term_string}\"},\"query-input\":{\"@type\":\"PropertyValueSpecification\",\"valueRequired\":true,\"valueName\":\"search_term_string\"}}],\"inLanguage\":\"es\"}]}<\/script>\n<!-- \/ Yoast SEO Premium plugin. -->","yoast_head_json":{"title":"Factory Supply ammonium thiosulfate cas 7783-18-8 With Best Price - Welcome to VIVALR- Your Trusted Source for Chemical Raw Materials\uff01","robots":{"index":"index","follow":"follow","max-snippet":"max-snippet:-1","max-image-preview":"max-image-preview:large","max-video-preview":"max-video-preview:-1"},"canonical":"https:\/\/vivalr.com\/es\/product\/6927.html","og_locale":"es_MX","og_type":"article","og_title":"Factory Supply ammonium thiosulfate cas 7783-18-8 With Best Price","og_description":"Factory Supply ammonium thiosulfate cas 7783-18-8 With Best Price: User Guide Table of Contents 1. Basic Information and Parameters 2. Product Uses 3. Product Usage 4. Detailed Usage Case Studies 5. Contact Information 1. Basic Information and Parameters Ammonium thiosulfate, with the CAS number 7783 - 18 - 8, is a colorless to pale - [&hellip;]","og_url":"https:\/\/vivalr.com\/es\/product\/6927.html","og_site_name":"Welcome to VIVALR- Your Trusted Source for Chemical Raw Materials\uff01","article_modified_time":"2025-03-07T12:34:20+00:00","og_image":[{"width":350,"height":350,"url":"https:\/\/vivalr.com\/wp-content\/uploads\/2025\/03\/ammonium-thiosulfate-solution-cas-7783-18-8-4.jpg","type":"image\/jpeg"}],"twitter_card":"summary_large_image","twitter_misc":{"Tiempo de lectura":"3 minutos"},"schema":{"@context":"https:\/\/schema.org","@graph":[{"@type":"WebPage","@id":"https:\/\/vivalr.com\/product\/6927.html","url":"https:\/\/vivalr.com\/product\/6927.html","name":"Factory Supply ammonium thiosulfate cas 7783-18-8 With Best Price - Welcome to VIVALR- Your Trusted Source for Chemical Raw Materials\uff01","isPartOf":{"@id":"https:\/\/vivalr.com\/#website"},"primaryImageOfPage":{"@id":"https:\/\/vivalr.com\/product\/6927.html#primaryimage"},"image":{"@id":"https:\/\/vivalr.com\/product\/6927.html#primaryimage"},"thumbnailUrl":"https:\/\/vivalr.com\/wp-content\/uploads\/2025\/03\/ammonium-thiosulfate-solution-cas-7783-18-8-4.jpg","datePublished":"2025-03-07T12:12:31+00:00","dateModified":"2025-03-07T12:34:20+00:00","breadcrumb":{"@id":"https:\/\/vivalr.com\/product\/6927.html#breadcrumb"},"inLanguage":"es","potentialAction":[{"@type":"ReadAction","target":["https:\/\/vivalr.com\/product\/6927.html"]}]},{"@type":"ImageObject","inLanguage":"es","@id":"https:\/\/vivalr.com\/product\/6927.html#primaryimage","url":"https:\/\/vivalr.com\/wp-content\/uploads\/2025\/03\/ammonium-thiosulfate-solution-cas-7783-18-8-4.jpg","contentUrl":"https:\/\/vivalr.com\/wp-content\/uploads\/2025\/03\/ammonium-thiosulfate-solution-cas-7783-18-8-4.jpg","width":350,"height":350},{"@type":"BreadcrumbList","@id":"https:\/\/vivalr.com\/product\/6927.html#breadcrumb","itemListElement":[{"@type":"ListItem","position":1,"name":"Home","item":"https:\/\/vivalr.com\/"},{"@type":"ListItem","position":2,"name":"Shop","item":"https:\/\/vivalr.com\/shop\/"},{"@type":"ListItem","position":3,"name":"Factory Supply ammonium thiosulfate cas 7783-18-8 With Best Price"}]},{"@type":"WebSite","@id":"https:\/\/vivalr.com\/#website","url":"https:\/\/vivalr.com\/","name":"Bienvenido a VIVALR- Su fuente de confianza para materias primas qu\u00edmicas\uff01","description":"Descubra una amplia gama de materias primas qu\u00edmicas de alta calidad para satisfacer sus necesidades industriales. Nuestro compromiso con la excelencia le garantiza los mejores productos y servicios.","potentialAction":[{"@type":"SearchAction","target":{"@type":"EntryPoint","urlTemplate":"https:\/\/vivalr.com\/?s={search_term_string}"},"query-input":{"@type":"PropertyValueSpecification","valueRequired":true,"valueName":"search_term_string"}}],"inLanguage":"es"}]}},"_links":{"self":[{"href":"https:\/\/vivalr.com\/es\/wp-json\/wp\/v2\/product\/6927","targetHints":{"allow":["GET"]}}],"collection":[{"href":"https:\/\/vivalr.com\/es\/wp-json\/wp\/v2\/product"}],"about":[{"href":"https:\/\/vivalr.com\/es\/wp-json\/wp\/v2\/types\/product"}],"replies":[{"embeddable":true,"href":"https:\/\/vivalr.com\/es\/wp-json\/wp\/v2\/comments?post=6927"}],"wp:featuredmedia":[{"embeddable":true,"href":"https:\/\/vivalr.com\/es\/wp-json\/wp\/v2\/media\/24530"}],"wp:attachment":[{"href":"https:\/\/vivalr.com\/es\/wp-json\/wp\/v2\/media?parent=6927"}],"wp:term":[{"taxonomy":"product_brand","embeddable":true,"href":"https:\/\/vivalr.com\/es\/wp-json\/wp\/v2\/product_brand?post=6927"},{"taxonomy":"product_cat","embeddable":true,"href":"https:\/\/vivalr.com\/es\/wp-json\/wp\/v2\/product_cat?post=6927"},{"taxonomy":"product_tag","embeddable":true,"href":"https:\/\/vivalr.com\/es\/wp-json\/wp\/v2\/product_tag?post=6927"}],"curies":[{"name":"wp","href":"https:\/\/api.w.org\/{rel}","templated":true}]}}