{"id":7036,"date":"2025-03-07T12:12:38","date_gmt":"2025-03-07T12:12:38","guid":{"rendered":"https:\/\/vivalr.com\/product\/7036.html"},"modified":"2025-03-07T12:34:32","modified_gmt":"2025-03-07T12:34:32","slug":"factory-supply-lipase-cas-9001-62-1-with-best-price","status":"publish","type":"product","link":"https:\/\/vivalr.com\/es\/product\/7036.html","title":{"rendered":"Lipase Cas 9001-62-1 Del Suministro De La F\u00e1brica Con El Mejor Precio"},"content":{"rendered":"<h1>Suministro de f\u00e1brica Lipase Cas 9001-62-1 Con el mejor precio Gu\u00eda del usuario<\/h1>\n<ol>\n<li><a href=\"#basic-info\">Informaci\u00f3n b\u00e1sica y par\u00e1metros<\/a><\/li>\n<li><a href=\"#uses\">Usos del producto<\/a><\/li>\n<li><a href=\"#usage\">C\u00f3mo utilizar el producto<\/a><\/li>\n<li><a href=\"#case-studies\">Casos pr\u00e1cticos<\/a><\/li>\n<li><a href=\"#contact\">Informaci\u00f3n de contacto<\/a><\/li>\n<\/ol>\n<h2 id=\"basic-info\">Informaci\u00f3n b\u00e1sica y par\u00e1metros<\/h2>\n<p>El producto es Lipasa de suministro de f\u00e1brica Cas 9001-62-1. La lipasa es una enzima que cataliza la hidr\u00f3lisis de las grasas. Su n\u00famero CAS es 9001 - 62 - 1, que sirve como identificador \u00fanico en las industrias qu\u00edmica y bioqu\u00edmica. Esta lipasa se suministra directamente de f\u00e1brica, lo que garantiza una alta calidad y un precio rentable. <\/p>\n<p>Propiedades f\u00edsicas: La lipasa suele ser un polvo entre blanco y amarillo claro. Es soluble en agua hasta cierto punto, y su solubilidad puede variar dependiendo de la formulaci\u00f3n espec\u00edfica y la pureza. La actividad enzim\u00e1tica de nuestra lipasa se controla cuidadosamente durante el proceso de fabricaci\u00f3n. El intervalo \u00f3ptimo de pH para la mayor\u00eda de las lipasas se sit\u00faa en torno a 7 - 9, y la temperatura \u00f3ptima suele estar entre 30 - 50\u00b0C. No obstante, estos par\u00e1metros pueden ajustarse en funci\u00f3n de los distintos requisitos de producci\u00f3n.<\/p>\n<h2 id=\"uses\">Usos del producto<\/h2>\n<p>1. Industria alimentaria: En la industria alimentaria, la lipasa se utiliza ampliamente. Puede utilizarse en la producci\u00f3n de queso para acelerar el proceso de maduraci\u00f3n, potenciar el sabor y mejorar la textura. En panader\u00eda, la lipasa puede modificar las propiedades de la masa, como mejorar el volumen y la suavidad del pan. Tambi\u00e9n puede utilizarse en la producci\u00f3n de productos l\u00e1cteos, como el yogur, para mejorar el sabor y la estabilidad. <\/p>\n<p>2. Industria de detergentes: La lipasa es un ingrediente importante de los detergentes para ropa y vajilla. Puede descomponer las manchas de grasa de los tejidos y la vajilla, mejorando el poder de limpieza de los detergentes. Esto facilita la eliminaci\u00f3n de manchas dif\u00edciles de grasa y aceite, proporcionando mejores resultados de limpieza.<\/p>\n<p>3. Biotecnolog\u00eda: En el campo de la biotecnolog\u00eda, la lipasa se utiliza en la s\u00edntesis de \u00e9steres y otros compuestos org\u00e1nicos. Puede catalizar reacciones en condiciones suaves, lo que resulta beneficioso para la s\u00edntesis de mol\u00e9culas complejas. Adem\u00e1s, se utiliza en la producci\u00f3n de biodi\u00e9sel. La lipasa puede catalizar la reacci\u00f3n de transesterificaci\u00f3n de grasas y aceites con alcoholes, produciendo biodi\u00e9sel.<\/p>\n<h2 id=\"usage\">C\u00f3mo utilizar el producto<\/h2>\n<p>1. Preparaci\u00f3n: Antes de utilizar la lipasa, se recomienda disolverla en una soluci\u00f3n tamp\u00f3n adecuada seg\u00fan la aplicaci\u00f3n espec\u00edfica. El tamp\u00f3n debe ajustarse a las condiciones \u00f3ptimas de pH y temperatura de la lipasa. Por ejemplo, si el pH \u00f3ptimo es 7,5, utilizar un tamp\u00f3n fosfato de concentraci\u00f3n adecuada. <\/p>\n<p>2. Dosificaci\u00f3n: La dosis de lipasa depende de la aplicaci\u00f3n espec\u00edfica. En la industria alimentaria, la dosis puede oscilar entre unas pocas ppm (partes por mill\u00f3n) y varios miles de ppm, dependiendo del tipo de alimento y del efecto deseado. En la industria de los detergentes, suele a\u00f1adirse en una proporci\u00f3n de 0,1% - 1% de la formulaci\u00f3n total del detergente. <\/p>\n<p>3. Condiciones de reacci\u00f3n: Durante la reacci\u00f3n, mantener las condiciones \u00f3ptimas de temperatura y pH. Revuelva o agite suavemente la mezcla de reacci\u00f3n para garantizar una distribuci\u00f3n uniforme de la enzima y el sustrato. Supervise el progreso de la reacci\u00f3n mediante m\u00e9todos anal\u00edticos adecuados, como la medici\u00f3n del cambio en la concentraci\u00f3n de sustrato o la formaci\u00f3n de producto.<\/p>\n<h2 id=\"case-studies\">Casos pr\u00e1cticos<\/h2>\n<p>1. Caso de producci\u00f3n de queso: Una f\u00e1brica de queso utiliz\u00f3 nuestra lipasa para mejorar el proceso de maduraci\u00f3n. A\u00f1adieron la lipasa a una dosis de 20 ppm al principio del proceso de elaboraci\u00f3n del queso. La temperatura \u00f3ptima se mantuvo en 35\u00b0C, y el pH se ajust\u00f3 a 7,2. Tras 2 semanas de maduraci\u00f3n, en comparaci\u00f3n con el m\u00e9todo tradicional, el queso ten\u00eda un sabor m\u00e1s intenso y complejo. La textura se hizo m\u00e1s suave y la calidad general del queso mejor\u00f3 notablemente. La f\u00e1brica pudo reducir el tiempo de maduraci\u00f3n en unos 30%, lo que aument\u00f3 su eficiencia de producci\u00f3n y redujo costes.<\/p>\n<p>2. Caso de producci\u00f3n de biodi\u00e9sel: Una planta de producci\u00f3n de biodi\u00e9sel utiliz\u00f3 nuestra lipasa en la reacci\u00f3n de transesterificaci\u00f3n. A\u00f1adieron la lipasa a una dosis de 1% de la masa de aceite. La reacci\u00f3n se llev\u00f3 a cabo a 40\u00b0C y pH 7,5. Tras 24 horas de reacci\u00f3n, la tasa de conversi\u00f3n de grasas y aceites en biodi\u00e9sel alcanz\u00f3 m\u00e1s de 90%. Esta elevada tasa de conversi\u00f3n se consigui\u00f3 en condiciones de reacci\u00f3n suaves, lo que redujo el consumo de energ\u00eda y la corrosi\u00f3n de los equipos en comparaci\u00f3n con los m\u00e9todos tradicionales catalizados qu\u00edmicamente.<\/p>\n<h2 id=\"contact\">Informaci\u00f3n de contacto<\/h2>\n<p>Si tiene alguna pregunta sobre nuestra Lipasa de suministro de f\u00e1brica Cas 9001 - 62 - 1, no dude en ponerse en contacto con nosotros. Puede ponerse en contacto con nosotros por correo electr\u00f3nico en info@vivalr.com o ll\u00e1menos al (86) 15866781826. Estamos comprometidos a proporcionarle el mejor servicio y soporte t\u00e9cnico.<\/p>","protected":false},"excerpt":{"rendered":"<p>Factory Supply Lipase Cas 9001-62-1 With Best Price User Guide Basic Information and Parameters Uses of the Product How to Use the Product Usage Case Studies Contact Information Basic Information and Parameters The product is Factory Supply Lipase Cas 9001-62-1. Lipase is an enzyme that catalyzes the hydrolysis of fats. Its CAS number is 9001 [&hellip;]<\/p>","protected":false},"featured_media":24583,"comment_status":"closed","ping_status":"open","template":"","meta":[],"product_brand":[],"product_cat":[15],"product_tag":[],"class_list":{"0":"post-7036","1":"product","2":"type-product","3":"status-publish","4":"has-post-thumbnail","6":"product_cat-uncategorized","8":"first","9":"instock","10":"product-type-simple"},"yoast_head":"<!-- This site is optimized with the Yoast SEO Premium plugin v24.4 (Yoast SEO v27.4) - https:\/\/yoast.com\/product\/yoast-seo-premium-wordpress\/ -->\n<title>Factory Supply Lipase Cas 9001-62-1 With Best Price - Welcome to VIVALR- Your Trusted Source for Chemical Raw Materials\uff01<\/title>\n<meta name=\"robots\" content=\"index, follow, max-snippet:-1, max-image-preview:large, max-video-preview:-1\" \/>\n<link rel=\"canonical\" href=\"https:\/\/vivalr.com\/es\/product\/7036.html\" \/>\n<meta property=\"og:locale\" content=\"es_MX\" \/>\n<meta property=\"og:type\" content=\"article\" \/>\n<meta property=\"og:title\" content=\"Factory Supply Lipase Cas 9001-62-1 With Best Price\" \/>\n<meta property=\"og:description\" content=\"Factory Supply Lipase Cas 9001-62-1 With Best Price User Guide Basic Information and Parameters Uses of the Product How to Use the Product Usage Case Studies Contact Information Basic Information and Parameters The product is Factory Supply Lipase Cas 9001-62-1. Lipase is an enzyme that catalyzes the hydrolysis of fats. Its CAS number is 9001 [&hellip;]\" \/>\n<meta property=\"og:url\" content=\"https:\/\/vivalr.com\/es\/product\/7036.html\" \/>\n<meta property=\"og:site_name\" content=\"Welcome to VIVALR- Your Trusted Source for Chemical Raw Materials\uff01\" \/>\n<meta property=\"article:modified_time\" content=\"2025-03-07T12:34:32+00:00\" \/>\n<meta property=\"og:image\" content=\"https:\/\/vivalr.com\/wp-content\/uploads\/2025\/03\/lipase-cas-9001-62-1-3.jpg\" \/>\n\t<meta property=\"og:image:width\" content=\"350\" \/>\n\t<meta property=\"og:image:height\" content=\"350\" \/>\n\t<meta property=\"og:image:type\" content=\"image\/jpeg\" \/>\n<meta name=\"twitter:card\" content=\"summary_large_image\" \/>\n<meta name=\"twitter:label1\" content=\"Tiempo de lectura\" \/>\n\t<meta name=\"twitter:data1\" content=\"4 minutos\" \/>\n<script type=\"application\/ld+json\" class=\"yoast-schema-graph\">{\"@context\":\"https:\\\/\\\/schema.org\",\"@graph\":[{\"@type\":\"WebPage\",\"@id\":\"https:\\\/\\\/vivalr.com\\\/product\\\/7036.html\",\"url\":\"https:\\\/\\\/vivalr.com\\\/product\\\/7036.html\",\"name\":\"Factory Supply Lipase Cas 9001-62-1 With Best Price - Welcome to VIVALR- Your Trusted Source for Chemical Raw Materials\uff01\",\"isPartOf\":{\"@id\":\"https:\\\/\\\/vivalr.com\\\/#website\"},\"primaryImageOfPage\":{\"@id\":\"https:\\\/\\\/vivalr.com\\\/product\\\/7036.html#primaryimage\"},\"image\":{\"@id\":\"https:\\\/\\\/vivalr.com\\\/product\\\/7036.html#primaryimage\"},\"thumbnailUrl\":\"https:\\\/\\\/vivalr.com\\\/wp-content\\\/uploads\\\/2025\\\/03\\\/lipase-cas-9001-62-1-3.jpg\",\"datePublished\":\"2025-03-07T12:12:38+00:00\",\"dateModified\":\"2025-03-07T12:34:32+00:00\",\"breadcrumb\":{\"@id\":\"https:\\\/\\\/vivalr.com\\\/product\\\/7036.html#breadcrumb\"},\"inLanguage\":\"es\",\"potentialAction\":[{\"@type\":\"ReadAction\",\"target\":[\"https:\\\/\\\/vivalr.com\\\/product\\\/7036.html\"]}]},{\"@type\":\"ImageObject\",\"inLanguage\":\"es\",\"@id\":\"https:\\\/\\\/vivalr.com\\\/product\\\/7036.html#primaryimage\",\"url\":\"https:\\\/\\\/vivalr.com\\\/wp-content\\\/uploads\\\/2025\\\/03\\\/lipase-cas-9001-62-1-3.jpg\",\"contentUrl\":\"https:\\\/\\\/vivalr.com\\\/wp-content\\\/uploads\\\/2025\\\/03\\\/lipase-cas-9001-62-1-3.jpg\",\"width\":350,\"height\":350},{\"@type\":\"BreadcrumbList\",\"@id\":\"https:\\\/\\\/vivalr.com\\\/product\\\/7036.html#breadcrumb\",\"itemListElement\":[{\"@type\":\"ListItem\",\"position\":1,\"name\":\"Home\",\"item\":\"https:\\\/\\\/vivalr.com\\\/\"},{\"@type\":\"ListItem\",\"position\":2,\"name\":\"Shop\",\"item\":\"https:\\\/\\\/vivalr.com\\\/shop\\\/\"},{\"@type\":\"ListItem\",\"position\":3,\"name\":\"Factory Supply Lipase Cas 9001-62-1 With Best Price\"}]},{\"@type\":\"WebSite\",\"@id\":\"https:\\\/\\\/vivalr.com\\\/#website\",\"url\":\"https:\\\/\\\/vivalr.com\\\/\",\"name\":\"Welcome to VIVALR- Your Trusted Source for Chemical Raw Materials\uff01\",\"description\":\"Discover a wide range of high-quality chemical raw materials to meet your industrial needs. Our commitment to excellence ensures that you get the best products and services.\",\"potentialAction\":[{\"@type\":\"SearchAction\",\"target\":{\"@type\":\"EntryPoint\",\"urlTemplate\":\"https:\\\/\\\/vivalr.com\\\/?s={search_term_string}\"},\"query-input\":{\"@type\":\"PropertyValueSpecification\",\"valueRequired\":true,\"valueName\":\"search_term_string\"}}],\"inLanguage\":\"es\"}]}<\/script>\n<!-- \/ Yoast SEO Premium plugin. -->","yoast_head_json":{"title":"F\u00e1brica de Lipasa Cas 9001-62-1 Con el mejor precio - Bienvenido a VIVALR- Su fuente de confianza para las materias primas qu\u00edmicas\uff01","robots":{"index":"index","follow":"follow","max-snippet":"max-snippet:-1","max-image-preview":"max-image-preview:large","max-video-preview":"max-video-preview:-1"},"canonical":"https:\/\/vivalr.com\/es\/product\/7036.html","og_locale":"es_MX","og_type":"article","og_title":"Factory Supply Lipase Cas 9001-62-1 With Best Price","og_description":"Factory Supply Lipase Cas 9001-62-1 With Best Price User Guide Basic Information and Parameters Uses of the Product How to Use the Product Usage Case Studies Contact Information Basic Information and Parameters The product is Factory Supply Lipase Cas 9001-62-1. Lipase is an enzyme that catalyzes the hydrolysis of fats. Its CAS number is 9001 [&hellip;]","og_url":"https:\/\/vivalr.com\/es\/product\/7036.html","og_site_name":"Welcome to VIVALR- Your Trusted Source for Chemical Raw Materials\uff01","article_modified_time":"2025-03-07T12:34:32+00:00","og_image":[{"width":350,"height":350,"url":"https:\/\/vivalr.com\/wp-content\/uploads\/2025\/03\/lipase-cas-9001-62-1-3.jpg","type":"image\/jpeg"}],"twitter_card":"summary_large_image","twitter_misc":{"Tiempo de lectura":"4 minutos"},"schema":{"@context":"https:\/\/schema.org","@graph":[{"@type":"WebPage","@id":"https:\/\/vivalr.com\/product\/7036.html","url":"https:\/\/vivalr.com\/product\/7036.html","name":"F\u00e1brica de Lipasa Cas 9001-62-1 Con el mejor precio - Bienvenido a VIVALR- Su fuente de confianza para las materias primas qu\u00edmicas\uff01","isPartOf":{"@id":"https:\/\/vivalr.com\/#website"},"primaryImageOfPage":{"@id":"https:\/\/vivalr.com\/product\/7036.html#primaryimage"},"image":{"@id":"https:\/\/vivalr.com\/product\/7036.html#primaryimage"},"thumbnailUrl":"https:\/\/vivalr.com\/wp-content\/uploads\/2025\/03\/lipase-cas-9001-62-1-3.jpg","datePublished":"2025-03-07T12:12:38+00:00","dateModified":"2025-03-07T12:34:32+00:00","breadcrumb":{"@id":"https:\/\/vivalr.com\/product\/7036.html#breadcrumb"},"inLanguage":"es","potentialAction":[{"@type":"ReadAction","target":["https:\/\/vivalr.com\/product\/7036.html"]}]},{"@type":"ImageObject","inLanguage":"es","@id":"https:\/\/vivalr.com\/product\/7036.html#primaryimage","url":"https:\/\/vivalr.com\/wp-content\/uploads\/2025\/03\/lipase-cas-9001-62-1-3.jpg","contentUrl":"https:\/\/vivalr.com\/wp-content\/uploads\/2025\/03\/lipase-cas-9001-62-1-3.jpg","width":350,"height":350},{"@type":"BreadcrumbList","@id":"https:\/\/vivalr.com\/product\/7036.html#breadcrumb","itemListElement":[{"@type":"ListItem","position":1,"name":"Home","item":"https:\/\/vivalr.com\/"},{"@type":"ListItem","position":2,"name":"Shop","item":"https:\/\/vivalr.com\/shop\/"},{"@type":"ListItem","position":3,"name":"Factory Supply Lipase Cas 9001-62-1 With Best Price"}]},{"@type":"WebSite","@id":"https:\/\/vivalr.com\/#website","url":"https:\/\/vivalr.com\/","name":"Bienvenido a VIVALR- Su fuente de confianza para materias primas qu\u00edmicas\uff01","description":"Descubra una amplia gama de materias primas qu\u00edmicas de alta calidad para satisfacer sus necesidades industriales. Nuestro compromiso con la excelencia le garantiza los mejores productos y servicios.","potentialAction":[{"@type":"SearchAction","target":{"@type":"EntryPoint","urlTemplate":"https:\/\/vivalr.com\/?s={search_term_string}"},"query-input":{"@type":"PropertyValueSpecification","valueRequired":true,"valueName":"search_term_string"}}],"inLanguage":"es"}]}},"_links":{"self":[{"href":"https:\/\/vivalr.com\/es\/wp-json\/wp\/v2\/product\/7036","targetHints":{"allow":["GET"]}}],"collection":[{"href":"https:\/\/vivalr.com\/es\/wp-json\/wp\/v2\/product"}],"about":[{"href":"https:\/\/vivalr.com\/es\/wp-json\/wp\/v2\/types\/product"}],"replies":[{"embeddable":true,"href":"https:\/\/vivalr.com\/es\/wp-json\/wp\/v2\/comments?post=7036"}],"wp:featuredmedia":[{"embeddable":true,"href":"https:\/\/vivalr.com\/es\/wp-json\/wp\/v2\/media\/24583"}],"wp:attachment":[{"href":"https:\/\/vivalr.com\/es\/wp-json\/wp\/v2\/media?parent=7036"}],"wp:term":[{"taxonomy":"product_brand","embeddable":true,"href":"https:\/\/vivalr.com\/es\/wp-json\/wp\/v2\/product_brand?post=7036"},{"taxonomy":"product_cat","embeddable":true,"href":"https:\/\/vivalr.com\/es\/wp-json\/wp\/v2\/product_cat?post=7036"},{"taxonomy":"product_tag","embeddable":true,"href":"https:\/\/vivalr.com\/es\/wp-json\/wp\/v2\/product_tag?post=7036"}],"curies":[{"name":"wp","href":"https:\/\/api.w.org\/{rel}","templated":true}]}}