{"id":7100,"date":"2025-03-07T12:12:42","date_gmt":"2025-03-07T12:12:42","guid":{"rendered":"https:\/\/vivalr.com\/product\/7100.html"},"modified":"2025-03-07T12:34:39","modified_gmt":"2025-03-07T12:34:39","slug":"factory-supply-ethyl-cellulose-cas-9004-57-3-with-best-price","status":"publish","type":"product","link":"https:\/\/vivalr.com\/es\/product\/7100.html","title":{"rendered":"F\u00e1brica de suministro de etil celulosa cas 9004-57-3 con el mejor precio"},"content":{"rendered":"<h1>Gu\u00eda del usuario: Suministro de f\u00e1brica de etilcelulosa cas 9004-57-3 con el mejor precio<\/h1>\n<h2>\u00cdndice<\/h2>\n<ul>\n<li><a href=\"#basic_info\">1. Informaci\u00f3n b\u00e1sica y par\u00e1metros<\/a><\/li>\n<li><a href=\"#uses\">2. Usos del producto<\/a><\/li>\n<li><a href=\"#usage\">3. C\u00f3mo utilizar el producto<\/a><\/li>\n<li><a href=\"#case_studies\">4. Casos pr\u00e1cticos detallados<\/a><\/li>\n<li><a href=\"#contact\">5. 5. Informaci\u00f3n de contacto<\/a><\/li>\n<\/ul>\n<h2 id=\"basic_info\">1. Informaci\u00f3n b\u00e1sica y par\u00e1metros<\/h2>\n<p>La etilcelulosa con n\u00famero CAS 9004 - 57 - 3 es un \u00e9ter de celulosa que se utiliza ampliamente en diversas industrias. Nuestro suministro de f\u00e1brica de etilcelulosa es de alta calidad, procedente directamente de la f\u00e1brica al mejor precio. <\/p>\n<p><strong>Composici\u00f3n qu\u00edmica:<\/strong> Es un \u00e9ter et\u00edlico de celulosa. El grado de sustituci\u00f3n (DS), que representa el n\u00famero medio de grupos hidroxilo de cada unidad de anhidroglucosa que han sido sustituidos por grupos etoxi, suele oscilar entre 2,2 y 2,6. <\/p>\n<p><strong>Propiedades f\u00edsicas:<\/strong> Es un polvo fluido de color blanco a amarillo claro. Tiene una densidad aproximada de 1,07 - 1,18 g\/cm\u00b3. Es insoluble en agua pero soluble en muchos disolventes org\u00e1nicos como tolueno, etanol y cloroformo.<\/p>\n<h2 id=\"uses\">2. Usos del producto<\/h2>\n<p><strong>Industria de revestimientos:<\/strong> La etilcelulosa se utiliza ampliamente como material de recubrimiento. En la industria farmac\u00e9utica, puede utilizarse como agente de recubrimiento de comprimidos. El recubrimiento proporciona un mecanismo de liberaci\u00f3n controlada de f\u00e1rmacos, lo que ayuda a mantener una concentraci\u00f3n estable del f\u00e1rmaco en el organismo y reduce los efectos secundarios. En la industria alimentaria, se puede utilizar como recubrimiento de frutos secos y caramelos para mejorar su aspecto y vida \u00fatil.<\/p>\n<p><strong>Industria de adhesivos:<\/strong> Puede utilizarse como componente en adhesivos. Sus buenas propiedades de adhesi\u00f3n y su solubilidad en disolventes org\u00e1nicos lo hacen adecuado para unir diversos materiales, como pl\u00e1sticos y metales.<\/p>\n<p><strong>Industria de la tinta de impresi\u00f3n:<\/strong> La etilcelulosa se utiliza en tintas de impresi\u00f3n para mejorar la fluidez, la adherencia y las propiedades de secado de la tinta. Tambi\u00e9n puede mejorar el brillo y la resistencia a la abrasi\u00f3n de la superficie impresa.<\/p>\n<h2 id=\"usage\">3. C\u00f3mo utilizar el producto<\/h2>\n<p><strong>Preparaci\u00f3n:<\/strong> En primer lugar, seleccione un disolvente org\u00e1nico adecuado en funci\u00f3n de los requisitos de la aplicaci\u00f3n. Por ejemplo, si se utiliza en un revestimiento, puede emplearse etanol o tolueno. A continuaci\u00f3n, a\u00f1ada lentamente el polvo de etilcelulosa al disolvente sin dejar de remover. La velocidad de agitaci\u00f3n debe ser moderada para garantizar una dispersi\u00f3n uniforme. <\/p>\n<p><strong>Aplicaci\u00f3n del revestimiento:<\/strong> Para el recubrimiento de comprimidos, utilice un recubridor de comprimidos. Ajuste los par\u00e1metros de pulverizaci\u00f3n, como la velocidad de pulverizaci\u00f3n, la presi\u00f3n de atomizaci\u00f3n y la temperatura del aire de entrada, para garantizar un espesor de recubrimiento uniforme. Para revestimientos alimentarios e industriales, pueden utilizarse m\u00e9todos de pulverizaci\u00f3n o inmersi\u00f3n.<\/p>\n<p><strong>Preparaci\u00f3n del adhesivo:<\/strong> Mezclar la etilcelulosa con otros componentes del adhesivo en la proporci\u00f3n adecuada. Calentar la mezcla si es necesario para mejorar la solubilidad y el rendimiento del adhesivo. Aplique el adhesivo a las superficies a pegar y presi\u00f3nelas firmemente hasta que se endurezca.<\/p>\n<h2 id=\"case_studies\">4. Casos pr\u00e1cticos detallados<\/h2>\n<p><strong>Recubrimiento de comprimidos farmac\u00e9uticos:<\/strong> Una empresa farmac\u00e9utica utiliz\u00f3 nuestra etilcelulosa para el recubrimiento de comprimidos. Ten\u00edan un nuevo medicamento que necesitaba un mecanismo de liberaci\u00f3n controlada. Utilizando etilcelulosa como material de recubrimiento, consiguieron una liberaci\u00f3n constante del f\u00e1rmaco durante 12 horas. El proceso de recubrimiento se optimiz\u00f3 ajustando los par\u00e1metros de pulverizaci\u00f3n. Tras varias pruebas, descubrieron que una tasa de pulverizaci\u00f3n de 5 ml\/min, una presi\u00f3n de atomizaci\u00f3n de 2 bares y una temperatura del aire de entrada de 60\u00b0C proporcionaban la mejor calidad de recubrimiento. Los comprimidos ten\u00edan una superficie lisa y uniforme, y el perfil de liberaci\u00f3n del f\u00e1rmaco cumpl\u00eda los requisitos de los ensayos cl\u00ednicos.<\/p>\n<p><strong>Recubrimiento de caramelos alimentarios:<\/strong> Un fabricante de dulces utiliza etilcelulosa para recubrir sus caramelos. Quer\u00edan mejorar el aspecto y la vida \u00fatil de los caramelos. Sumergiendo los caramelos en una soluci\u00f3n de etilcelulosa, crearon una fina capa transparente. El recubrimiento no s\u00f3lo hac\u00eda m\u00e1s atractivos los caramelos, sino que tambi\u00e9n los proteg\u00eda de la humedad y la oxidaci\u00f3n. Como resultado, la vida \u00fatil de los caramelos pas\u00f3 de 3 a 6 meses.<\/p>\n<h2 id=\"contact\">5. 5. Informaci\u00f3n de contacto<\/h2>\n<p>Si tiene alguna pregunta o necesita m\u00e1s informaci\u00f3n sobre nuestra F\u00e1brica de suministro de etilcelulosa cas 9004 - 57 - 3, por favor no dude en contactar con nosotros. <\/p>\n<p>Correo electr\u00f3nico: info@vivalr.com<\/p>\n<p>Tel\u00e9fono: (86) 15866781826<\/p>","protected":false},"excerpt":{"rendered":"<p>User Guide: Factory Supply Ethyl cellulose cas 9004-57-3 With Best Price Table of Contents 1. Basic Information and Parameters 2. Uses of the Product 3. How to Use the Product 4. Detailed Usage Case Studies 5. Contact Information 1. Basic Information and Parameters Ethyl cellulose with CAS number 9004 - 57 - 3 is a [&hellip;]<\/p>","protected":false},"featured_media":24615,"comment_status":"closed","ping_status":"open","template":"","meta":[],"product_brand":[],"product_cat":[15],"product_tag":[],"class_list":{"0":"post-7100","1":"product","2":"type-product","3":"status-publish","4":"has-post-thumbnail","6":"product_cat-uncategorized","8":"first","9":"instock","10":"product-type-simple"},"yoast_head":"<!-- This site is optimized with the Yoast SEO Premium plugin v24.4 (Yoast SEO v27.4) - https:\/\/yoast.com\/product\/yoast-seo-premium-wordpress\/ -->\n<title>Factory Supply Ethyl cellulose cas 9004-57-3 With Best Price - Welcome to VIVALR- Your Trusted Source for Chemical Raw Materials\uff01<\/title>\n<meta name=\"robots\" content=\"index, follow, max-snippet:-1, max-image-preview:large, max-video-preview:-1\" \/>\n<link rel=\"canonical\" href=\"https:\/\/vivalr.com\/es\/product\/7100.html\" \/>\n<meta property=\"og:locale\" content=\"es_MX\" \/>\n<meta property=\"og:type\" content=\"article\" \/>\n<meta property=\"og:title\" content=\"Factory Supply Ethyl cellulose cas 9004-57-3 With Best Price\" \/>\n<meta property=\"og:description\" content=\"User Guide: Factory Supply Ethyl cellulose cas 9004-57-3 With Best Price Table of Contents 1. Basic Information and Parameters 2. Uses of the Product 3. How to Use the Product 4. Detailed Usage Case Studies 5. Contact Information 1. Basic Information and Parameters Ethyl cellulose with CAS number 9004 - 57 - 3 is a [&hellip;]\" \/>\n<meta property=\"og:url\" content=\"https:\/\/vivalr.com\/es\/product\/7100.html\" \/>\n<meta property=\"og:site_name\" content=\"Welcome to VIVALR- Your Trusted Source for Chemical Raw Materials\uff01\" \/>\n<meta property=\"article:modified_time\" content=\"2025-03-07T12:34:39+00:00\" \/>\n<meta property=\"og:image\" content=\"https:\/\/vivalr.com\/wp-content\/uploads\/2025\/03\/ethyl-cellulose-cas-9004-57-3-1-2.jpg\" \/>\n\t<meta property=\"og:image:width\" content=\"350\" \/>\n\t<meta property=\"og:image:height\" content=\"350\" \/>\n\t<meta property=\"og:image:type\" content=\"image\/jpeg\" \/>\n<meta name=\"twitter:card\" content=\"summary_large_image\" \/>\n<meta name=\"twitter:label1\" content=\"Tiempo de lectura\" \/>\n\t<meta name=\"twitter:data1\" content=\"3 minutos\" \/>\n<script type=\"application\/ld+json\" class=\"yoast-schema-graph\">{\"@context\":\"https:\\\/\\\/schema.org\",\"@graph\":[{\"@type\":\"WebPage\",\"@id\":\"https:\\\/\\\/vivalr.com\\\/product\\\/7100.html\",\"url\":\"https:\\\/\\\/vivalr.com\\\/product\\\/7100.html\",\"name\":\"Factory Supply Ethyl cellulose cas 9004-57-3 With Best Price - Welcome to VIVALR- Your Trusted Source for Chemical Raw Materials\uff01\",\"isPartOf\":{\"@id\":\"https:\\\/\\\/vivalr.com\\\/#website\"},\"primaryImageOfPage\":{\"@id\":\"https:\\\/\\\/vivalr.com\\\/product\\\/7100.html#primaryimage\"},\"image\":{\"@id\":\"https:\\\/\\\/vivalr.com\\\/product\\\/7100.html#primaryimage\"},\"thumbnailUrl\":\"https:\\\/\\\/vivalr.com\\\/wp-content\\\/uploads\\\/2025\\\/03\\\/ethyl-cellulose-cas-9004-57-3-1-2.jpg\",\"datePublished\":\"2025-03-07T12:12:42+00:00\",\"dateModified\":\"2025-03-07T12:34:39+00:00\",\"breadcrumb\":{\"@id\":\"https:\\\/\\\/vivalr.com\\\/product\\\/7100.html#breadcrumb\"},\"inLanguage\":\"es\",\"potentialAction\":[{\"@type\":\"ReadAction\",\"target\":[\"https:\\\/\\\/vivalr.com\\\/product\\\/7100.html\"]}]},{\"@type\":\"ImageObject\",\"inLanguage\":\"es\",\"@id\":\"https:\\\/\\\/vivalr.com\\\/product\\\/7100.html#primaryimage\",\"url\":\"https:\\\/\\\/vivalr.com\\\/wp-content\\\/uploads\\\/2025\\\/03\\\/ethyl-cellulose-cas-9004-57-3-1-2.jpg\",\"contentUrl\":\"https:\\\/\\\/vivalr.com\\\/wp-content\\\/uploads\\\/2025\\\/03\\\/ethyl-cellulose-cas-9004-57-3-1-2.jpg\",\"width\":350,\"height\":350},{\"@type\":\"BreadcrumbList\",\"@id\":\"https:\\\/\\\/vivalr.com\\\/product\\\/7100.html#breadcrumb\",\"itemListElement\":[{\"@type\":\"ListItem\",\"position\":1,\"name\":\"Home\",\"item\":\"https:\\\/\\\/vivalr.com\\\/\"},{\"@type\":\"ListItem\",\"position\":2,\"name\":\"Shop\",\"item\":\"https:\\\/\\\/vivalr.com\\\/shop\\\/\"},{\"@type\":\"ListItem\",\"position\":3,\"name\":\"Factory Supply Ethyl cellulose cas 9004-57-3 With Best Price\"}]},{\"@type\":\"WebSite\",\"@id\":\"https:\\\/\\\/vivalr.com\\\/#website\",\"url\":\"https:\\\/\\\/vivalr.com\\\/\",\"name\":\"Welcome to VIVALR- Your Trusted Source for Chemical Raw Materials\uff01\",\"description\":\"Discover a wide range of high-quality chemical raw materials to meet your industrial needs. Our commitment to excellence ensures that you get the best products and services.\",\"potentialAction\":[{\"@type\":\"SearchAction\",\"target\":{\"@type\":\"EntryPoint\",\"urlTemplate\":\"https:\\\/\\\/vivalr.com\\\/?s={search_term_string}\"},\"query-input\":{\"@type\":\"PropertyValueSpecification\",\"valueRequired\":true,\"valueName\":\"search_term_string\"}}],\"inLanguage\":\"es\"}]}<\/script>\n<!-- \/ Yoast SEO Premium plugin. -->","yoast_head_json":{"title":"F\u00e1brica de suministro de etilcelulosa cas 9004-57-3 con el mejor precio - Bienvenido a VIVALR- Su fuente de confianza para las materias primas qu\u00edmicas\uff01","robots":{"index":"index","follow":"follow","max-snippet":"max-snippet:-1","max-image-preview":"max-image-preview:large","max-video-preview":"max-video-preview:-1"},"canonical":"https:\/\/vivalr.com\/es\/product\/7100.html","og_locale":"es_MX","og_type":"article","og_title":"Factory Supply Ethyl cellulose cas 9004-57-3 With Best Price","og_description":"User Guide: Factory Supply Ethyl cellulose cas 9004-57-3 With Best Price Table of Contents 1. Basic Information and Parameters 2. Uses of the Product 3. How to Use the Product 4. Detailed Usage Case Studies 5. Contact Information 1. Basic Information and Parameters Ethyl cellulose with CAS number 9004 - 57 - 3 is a [&hellip;]","og_url":"https:\/\/vivalr.com\/es\/product\/7100.html","og_site_name":"Welcome to VIVALR- Your Trusted Source for Chemical Raw Materials\uff01","article_modified_time":"2025-03-07T12:34:39+00:00","og_image":[{"width":350,"height":350,"url":"https:\/\/vivalr.com\/wp-content\/uploads\/2025\/03\/ethyl-cellulose-cas-9004-57-3-1-2.jpg","type":"image\/jpeg"}],"twitter_card":"summary_large_image","twitter_misc":{"Tiempo de lectura":"3 minutos"},"schema":{"@context":"https:\/\/schema.org","@graph":[{"@type":"WebPage","@id":"https:\/\/vivalr.com\/product\/7100.html","url":"https:\/\/vivalr.com\/product\/7100.html","name":"F\u00e1brica de suministro de etilcelulosa cas 9004-57-3 con el mejor precio - Bienvenido a VIVALR- Su fuente de confianza para las materias primas qu\u00edmicas\uff01","isPartOf":{"@id":"https:\/\/vivalr.com\/#website"},"primaryImageOfPage":{"@id":"https:\/\/vivalr.com\/product\/7100.html#primaryimage"},"image":{"@id":"https:\/\/vivalr.com\/product\/7100.html#primaryimage"},"thumbnailUrl":"https:\/\/vivalr.com\/wp-content\/uploads\/2025\/03\/ethyl-cellulose-cas-9004-57-3-1-2.jpg","datePublished":"2025-03-07T12:12:42+00:00","dateModified":"2025-03-07T12:34:39+00:00","breadcrumb":{"@id":"https:\/\/vivalr.com\/product\/7100.html#breadcrumb"},"inLanguage":"es","potentialAction":[{"@type":"ReadAction","target":["https:\/\/vivalr.com\/product\/7100.html"]}]},{"@type":"ImageObject","inLanguage":"es","@id":"https:\/\/vivalr.com\/product\/7100.html#primaryimage","url":"https:\/\/vivalr.com\/wp-content\/uploads\/2025\/03\/ethyl-cellulose-cas-9004-57-3-1-2.jpg","contentUrl":"https:\/\/vivalr.com\/wp-content\/uploads\/2025\/03\/ethyl-cellulose-cas-9004-57-3-1-2.jpg","width":350,"height":350},{"@type":"BreadcrumbList","@id":"https:\/\/vivalr.com\/product\/7100.html#breadcrumb","itemListElement":[{"@type":"ListItem","position":1,"name":"Home","item":"https:\/\/vivalr.com\/"},{"@type":"ListItem","position":2,"name":"Shop","item":"https:\/\/vivalr.com\/shop\/"},{"@type":"ListItem","position":3,"name":"Factory Supply Ethyl cellulose cas 9004-57-3 With Best Price"}]},{"@type":"WebSite","@id":"https:\/\/vivalr.com\/#website","url":"https:\/\/vivalr.com\/","name":"Bienvenido a VIVALR- Su fuente de confianza para materias primas qu\u00edmicas\uff01","description":"Descubra una amplia gama de materias primas qu\u00edmicas de alta calidad para satisfacer sus necesidades industriales. Nuestro compromiso con la excelencia le garantiza los mejores productos y servicios.","potentialAction":[{"@type":"SearchAction","target":{"@type":"EntryPoint","urlTemplate":"https:\/\/vivalr.com\/?s={search_term_string}"},"query-input":{"@type":"PropertyValueSpecification","valueRequired":true,"valueName":"search_term_string"}}],"inLanguage":"es"}]}},"_links":{"self":[{"href":"https:\/\/vivalr.com\/es\/wp-json\/wp\/v2\/product\/7100","targetHints":{"allow":["GET"]}}],"collection":[{"href":"https:\/\/vivalr.com\/es\/wp-json\/wp\/v2\/product"}],"about":[{"href":"https:\/\/vivalr.com\/es\/wp-json\/wp\/v2\/types\/product"}],"replies":[{"embeddable":true,"href":"https:\/\/vivalr.com\/es\/wp-json\/wp\/v2\/comments?post=7100"}],"wp:featuredmedia":[{"embeddable":true,"href":"https:\/\/vivalr.com\/es\/wp-json\/wp\/v2\/media\/24615"}],"wp:attachment":[{"href":"https:\/\/vivalr.com\/es\/wp-json\/wp\/v2\/media?parent=7100"}],"wp:term":[{"taxonomy":"product_brand","embeddable":true,"href":"https:\/\/vivalr.com\/es\/wp-json\/wp\/v2\/product_brand?post=7100"},{"taxonomy":"product_cat","embeddable":true,"href":"https:\/\/vivalr.com\/es\/wp-json\/wp\/v2\/product_cat?post=7100"},{"taxonomy":"product_tag","embeddable":true,"href":"https:\/\/vivalr.com\/es\/wp-json\/wp\/v2\/product_tag?post=7100"}],"curies":[{"name":"wp","href":"https:\/\/api.w.org\/{rel}","templated":true}]}}