{"id":7127,"date":"2025-03-07T12:12:42","date_gmt":"2025-03-07T12:12:42","guid":{"rendered":"https:\/\/vivalr.com\/product\/7127.html"},"modified":"2025-03-07T12:34:41","modified_gmt":"2025-03-07T12:34:41","slug":"factory-supply-lufenuron-cas-103055-07-8-with-best-price","status":"publish","type":"product","link":"https:\/\/vivalr.com\/es\/product\/7127.html","title":{"rendered":"Suministro de f\u00e1brica Lufenuron CAS 103055-07-8 con el mejor precio"},"content":{"rendered":"<h1>Suministro de f\u00e1brica Lufenuron CAS 103055-07-8 con el mejor precio: Gu\u00eda del usuario<\/h1>\n<ol>\n<li><a href=\"#basic-info\">Informaci\u00f3n b\u00e1sica y par\u00e1metros<\/a><\/li>\n<li><a href=\"#uses\">Usos del producto<\/a><\/li>\n<li><a href=\"#usage\">C\u00f3mo utilizar el producto<\/a><\/li>\n<li><a href=\"#case-studies\">Casos pr\u00e1cticos<\/a><\/li>\n<li><a href=\"#contact\">Informaci\u00f3n de contacto<\/a><\/li>\n<\/ol>\n<h2 id=\"basic-info\">Informaci\u00f3n b\u00e1sica y par\u00e1metros<\/h2>\n<p>Suministro de f\u00e1brica Lufenuron con el n\u00famero CAS 103055 - 07 - 8 es un bien - conocido regulador del crecimiento de insectos. El nombre qu\u00edmico de lufenuron es 1 - [[[2,5 - dicloro - 4 - (1,1,2,3,3,3 - hexafluoropropoxi)fenil]amino]carbonilo] - 2,6 - difluorobenzamida. Suele presentarse en forma de polvo cristalino de color blanco a amarillo claro. <\/p>\n<p>Tiene una f\u00f3rmula molecular de C17H8Cl2F8N2O3 y un peso molecular de aproximadamente 511,15 g\/mol. El punto de fusi\u00f3n del lufenur\u00f3n oscila entre 164 y 166\u00b0C. Tiene baja solubilidad en agua, aproximadamente 0,02 mg\/L a 20\u00b0C, pero es soluble en algunos disolventes org\u00e1nicos como acetona, diclorometano y tolueno.<\/p>\n<h2 id=\"uses\">Usos del producto<\/h2>\n<p>El lufenur\u00f3n se utiliza ampliamente en el campo del control de plagas. En el sector de los animales de compa\u00f1\u00eda, es un ingrediente popular en los productos antipulgas. Interrumpe el crecimiento y desarrollo de las pulgas al inhibir la s\u00edntesis de quitina. Las pulgas que entran en contacto o ingieren productos que contienen lufenur\u00f3n no pueden formar un exoesqueleto adecuado durante su proceso de muda, lo que en \u00faltima instancia les provoca la muerte. Esto ayuda a controlar las infestaciones de pulgas en los animales de compa\u00f1\u00eda, reduciendo el riesgo de irritaci\u00f3n cut\u00e1nea, reacciones al\u00e9rgicas y la propagaci\u00f3n de enfermedades transmitidas por las pulgas.<\/p>\n<p>En el sector agr\u00edcola, el lufenur\u00f3n se utiliza para controlar diversas plagas de lepid\u00f3pteros, como los gusanos del algod\u00f3n, los gusanos de la col y los gusanos del tomate. Al dirigirse a la fase larvaria de estas plagas, puede reducir significativamente los da\u00f1os a los cultivos, garantizando un mayor rendimiento y una mejor calidad de los productos.<\/p>\n<h2 id=\"usage\">C\u00f3mo utilizar el producto<\/h2>\n<p>Para su uso en mascotas, el lufenur\u00f3n suele estar disponible en formulaciones orales como comprimidos o golosinas masticables. La dosis suele basarse en el peso de la mascota. Se recomienda seguir las instrucciones del veterinario. Por lo general, una sola dosis puede proporcionar protecci\u00f3n contra las pulgas durante cierto tiempo, a menudo hasta un mes. Antes de administrarlo, aseg\u00farese de que la mascota goza de buena salud y, si padece alguna enfermedad previa, consulte primero al veterinario.<\/p>\n<p>En agricultura, el lufenur\u00f3n se formula en concentrados emulsionables o polvos mojables. Puede aplicarse con el equipo de pulverizaci\u00f3n habitual. La dosis de aplicaci\u00f3n depende del tipo de cultivo, la gravedad de la infestaci\u00f3n de la plaga y las condiciones ambientales locales. Es crucial seguir cuidadosamente las instrucciones de la etiqueta para garantizar un control eficaz de las plagas y minimizar al mismo tiempo el impacto sobre el medio ambiente.<\/p>\n<h2 id=\"case-studies\">Casos pr\u00e1cticos<\/h2>\n<p>Caso 1: El due\u00f1o de una mascota de una zona suburbana se dio cuenta de que su gato se rascaba constantemente debido a una grave infestaci\u00f3n de pulgas. Tras consultar al veterinario, empezaron a utilizar un tratamiento antipulgas a base de lufenur\u00f3n. A la semana de administrar la primera dosis, el rascado del gato se redujo significativamente. Al cabo de un mes, un control exhaustivo mostr\u00f3 que la poblaci\u00f3n de pulgas del gato estaba casi erradicada. El propietario sigui\u00f3 utilizando el producto seg\u00fan las recomendaciones, y el gato permaneci\u00f3 libre de pulgas durante mucho tiempo.<\/p>\n<p>Caso 2: Un cultivador de algod\u00f3n de una gran regi\u00f3n agr\u00edcola se enfrentaba a un grave problema con los gusanos de la c\u00e1psula del algod\u00f3n. Los gusanos causaban da\u00f1os importantes en los cultivos de algod\u00f3n, reduciendo la producci\u00f3n. El agricultor aplic\u00f3 un plaguicida a base de lufenur\u00f3n seg\u00fan la dosis y el m\u00e9todo de aplicaci\u00f3n recomendados. Al cabo de unos d\u00edas, la actividad de los gusanos disminuy\u00f3. Al final del periodo vegetativo, el agricultor observ\u00f3 una mejora significativa de la calidad y la cantidad de la cosecha de algod\u00f3n en comparaci\u00f3n con a\u00f1os anteriores en los que se hab\u00edan utilizado otros plaguicidas.<\/p>\n<h2 id=\"contact\">Informaci\u00f3n de contacto<\/h2>\n<p>Si tiene m\u00e1s preguntas sobre Suministro de f\u00e1brica Lufenuron CAS 103055 - 07 - 8, no dude en ponerse en contacto con nosotros. Puede ponerse en contacto con nosotros a trav\u00e9s de correo electr\u00f3nico en info@vivalr.com o ll\u00e1menos al (86) 15866781826. Estamos comprometidos a proporcionarle la mejor informaci\u00f3n del producto y apoyo.<\/p>","protected":false},"excerpt":{"rendered":"<p>Factory Supply Lufenuron CAS 103055-07-8 With Best Price: User Guide Basic Information and Parameters Uses of the Product How to Use the Product Usage Case Studies Contact Information Basic Information and Parameters Factory Supply Lufenuron with the CAS number 103055 - 07 - 8 is a well - known insect growth regulator. The chemical name [&hellip;]<\/p>","protected":false},"featured_media":24628,"comment_status":"closed","ping_status":"open","template":"","meta":[],"product_brand":[],"product_cat":[15],"product_tag":[],"class_list":{"0":"post-7127","1":"product","2":"type-product","3":"status-publish","4":"has-post-thumbnail","6":"product_cat-uncategorized","8":"first","9":"instock","10":"product-type-simple"},"yoast_head":"<!-- This site is optimized with the Yoast SEO Premium plugin v24.4 (Yoast SEO v27.4) - https:\/\/yoast.com\/product\/yoast-seo-premium-wordpress\/ -->\n<title>Factory Supply Lufenuron CAS 103055-07-8 With Best Price - Welcome to VIVALR- Your Trusted Source for Chemical Raw Materials\uff01<\/title>\n<meta name=\"robots\" content=\"index, follow, max-snippet:-1, max-image-preview:large, max-video-preview:-1\" \/>\n<link rel=\"canonical\" href=\"https:\/\/vivalr.com\/es\/product\/7127.html\" \/>\n<meta property=\"og:locale\" content=\"es_MX\" \/>\n<meta property=\"og:type\" content=\"article\" \/>\n<meta property=\"og:title\" content=\"Factory Supply Lufenuron CAS 103055-07-8 With Best Price\" \/>\n<meta property=\"og:description\" content=\"Factory Supply Lufenuron CAS 103055-07-8 With Best Price: User Guide Basic Information and Parameters Uses of the Product How to Use the Product Usage Case Studies Contact Information Basic Information and Parameters Factory Supply Lufenuron with the CAS number 103055 - 07 - 8 is a well - known insect growth regulator. The chemical name [&hellip;]\" \/>\n<meta property=\"og:url\" content=\"https:\/\/vivalr.com\/es\/product\/7127.html\" \/>\n<meta property=\"og:site_name\" content=\"Welcome to VIVALR- Your Trusted Source for Chemical Raw Materials\uff01\" \/>\n<meta property=\"article:modified_time\" content=\"2025-03-07T12:34:41+00:00\" \/>\n<meta property=\"og:image\" content=\"https:\/\/vivalr.com\/wp-content\/uploads\/2025\/03\/lufenuron-cas-103055-07-8-1-1.jpg\" \/>\n\t<meta property=\"og:image:width\" content=\"700\" \/>\n\t<meta property=\"og:image:height\" content=\"762\" \/>\n\t<meta property=\"og:image:type\" content=\"image\/jpeg\" \/>\n<meta name=\"twitter:card\" content=\"summary_large_image\" \/>\n<meta name=\"twitter:label1\" content=\"Tiempo de lectura\" \/>\n\t<meta name=\"twitter:data1\" content=\"3 minutos\" \/>\n<script type=\"application\/ld+json\" class=\"yoast-schema-graph\">{\"@context\":\"https:\\\/\\\/schema.org\",\"@graph\":[{\"@type\":\"WebPage\",\"@id\":\"https:\\\/\\\/vivalr.com\\\/product\\\/7127.html\",\"url\":\"https:\\\/\\\/vivalr.com\\\/product\\\/7127.html\",\"name\":\"Factory Supply Lufenuron CAS 103055-07-8 With Best Price - Welcome to VIVALR- Your Trusted Source for Chemical Raw Materials\uff01\",\"isPartOf\":{\"@id\":\"https:\\\/\\\/vivalr.com\\\/#website\"},\"primaryImageOfPage\":{\"@id\":\"https:\\\/\\\/vivalr.com\\\/product\\\/7127.html#primaryimage\"},\"image\":{\"@id\":\"https:\\\/\\\/vivalr.com\\\/product\\\/7127.html#primaryimage\"},\"thumbnailUrl\":\"https:\\\/\\\/vivalr.com\\\/wp-content\\\/uploads\\\/2025\\\/03\\\/lufenuron-cas-103055-07-8-1-1.jpg\",\"datePublished\":\"2025-03-07T12:12:42+00:00\",\"dateModified\":\"2025-03-07T12:34:41+00:00\",\"breadcrumb\":{\"@id\":\"https:\\\/\\\/vivalr.com\\\/product\\\/7127.html#breadcrumb\"},\"inLanguage\":\"es\",\"potentialAction\":[{\"@type\":\"ReadAction\",\"target\":[\"https:\\\/\\\/vivalr.com\\\/product\\\/7127.html\"]}]},{\"@type\":\"ImageObject\",\"inLanguage\":\"es\",\"@id\":\"https:\\\/\\\/vivalr.com\\\/product\\\/7127.html#primaryimage\",\"url\":\"https:\\\/\\\/vivalr.com\\\/wp-content\\\/uploads\\\/2025\\\/03\\\/lufenuron-cas-103055-07-8-1-1.jpg\",\"contentUrl\":\"https:\\\/\\\/vivalr.com\\\/wp-content\\\/uploads\\\/2025\\\/03\\\/lufenuron-cas-103055-07-8-1-1.jpg\",\"width\":700,\"height\":762},{\"@type\":\"BreadcrumbList\",\"@id\":\"https:\\\/\\\/vivalr.com\\\/product\\\/7127.html#breadcrumb\",\"itemListElement\":[{\"@type\":\"ListItem\",\"position\":1,\"name\":\"Home\",\"item\":\"https:\\\/\\\/vivalr.com\\\/\"},{\"@type\":\"ListItem\",\"position\":2,\"name\":\"Shop\",\"item\":\"https:\\\/\\\/vivalr.com\\\/shop\\\/\"},{\"@type\":\"ListItem\",\"position\":3,\"name\":\"Factory Supply Lufenuron CAS 103055-07-8 With Best Price\"}]},{\"@type\":\"WebSite\",\"@id\":\"https:\\\/\\\/vivalr.com\\\/#website\",\"url\":\"https:\\\/\\\/vivalr.com\\\/\",\"name\":\"Welcome to VIVALR- Your Trusted Source for Chemical Raw Materials\uff01\",\"description\":\"Discover a wide range of high-quality chemical raw materials to meet your industrial needs. Our commitment to excellence ensures that you get the best products and services.\",\"potentialAction\":[{\"@type\":\"SearchAction\",\"target\":{\"@type\":\"EntryPoint\",\"urlTemplate\":\"https:\\\/\\\/vivalr.com\\\/?s={search_term_string}\"},\"query-input\":{\"@type\":\"PropertyValueSpecification\",\"valueRequired\":true,\"valueName\":\"search_term_string\"}}],\"inLanguage\":\"es\"}]}<\/script>\n<!-- \/ Yoast SEO Premium plugin. -->","yoast_head_json":{"title":"Suministro de f\u00e1brica Lufenuron CAS 103055-07-8 con el mejor precio - Bienvenido a VIVALR- Su fuente de confianza para las materias primas qu\u00edmicas\uff01","robots":{"index":"index","follow":"follow","max-snippet":"max-snippet:-1","max-image-preview":"max-image-preview:large","max-video-preview":"max-video-preview:-1"},"canonical":"https:\/\/vivalr.com\/es\/product\/7127.html","og_locale":"es_MX","og_type":"article","og_title":"Factory Supply Lufenuron CAS 103055-07-8 With Best Price","og_description":"Factory Supply Lufenuron CAS 103055-07-8 With Best Price: User Guide Basic Information and Parameters Uses of the Product How to Use the Product Usage Case Studies Contact Information Basic Information and Parameters Factory Supply Lufenuron with the CAS number 103055 - 07 - 8 is a well - known insect growth regulator. The chemical name [&hellip;]","og_url":"https:\/\/vivalr.com\/es\/product\/7127.html","og_site_name":"Welcome to VIVALR- Your Trusted Source for Chemical Raw Materials\uff01","article_modified_time":"2025-03-07T12:34:41+00:00","og_image":[{"width":700,"height":762,"url":"https:\/\/vivalr.com\/wp-content\/uploads\/2025\/03\/lufenuron-cas-103055-07-8-1-1.jpg","type":"image\/jpeg"}],"twitter_card":"summary_large_image","twitter_misc":{"Tiempo de lectura":"3 minutos"},"schema":{"@context":"https:\/\/schema.org","@graph":[{"@type":"WebPage","@id":"https:\/\/vivalr.com\/product\/7127.html","url":"https:\/\/vivalr.com\/product\/7127.html","name":"Suministro de f\u00e1brica Lufenuron CAS 103055-07-8 con el mejor precio - Bienvenido a VIVALR- Su fuente de confianza para las materias primas qu\u00edmicas\uff01","isPartOf":{"@id":"https:\/\/vivalr.com\/#website"},"primaryImageOfPage":{"@id":"https:\/\/vivalr.com\/product\/7127.html#primaryimage"},"image":{"@id":"https:\/\/vivalr.com\/product\/7127.html#primaryimage"},"thumbnailUrl":"https:\/\/vivalr.com\/wp-content\/uploads\/2025\/03\/lufenuron-cas-103055-07-8-1-1.jpg","datePublished":"2025-03-07T12:12:42+00:00","dateModified":"2025-03-07T12:34:41+00:00","breadcrumb":{"@id":"https:\/\/vivalr.com\/product\/7127.html#breadcrumb"},"inLanguage":"es","potentialAction":[{"@type":"ReadAction","target":["https:\/\/vivalr.com\/product\/7127.html"]}]},{"@type":"ImageObject","inLanguage":"es","@id":"https:\/\/vivalr.com\/product\/7127.html#primaryimage","url":"https:\/\/vivalr.com\/wp-content\/uploads\/2025\/03\/lufenuron-cas-103055-07-8-1-1.jpg","contentUrl":"https:\/\/vivalr.com\/wp-content\/uploads\/2025\/03\/lufenuron-cas-103055-07-8-1-1.jpg","width":700,"height":762},{"@type":"BreadcrumbList","@id":"https:\/\/vivalr.com\/product\/7127.html#breadcrumb","itemListElement":[{"@type":"ListItem","position":1,"name":"Home","item":"https:\/\/vivalr.com\/"},{"@type":"ListItem","position":2,"name":"Shop","item":"https:\/\/vivalr.com\/shop\/"},{"@type":"ListItem","position":3,"name":"Factory Supply Lufenuron CAS 103055-07-8 With Best Price"}]},{"@type":"WebSite","@id":"https:\/\/vivalr.com\/#website","url":"https:\/\/vivalr.com\/","name":"Bienvenido a VIVALR- Su fuente de confianza para materias primas qu\u00edmicas\uff01","description":"Descubra una amplia gama de materias primas qu\u00edmicas de alta calidad para satisfacer sus necesidades industriales. Nuestro compromiso con la excelencia le garantiza los mejores productos y servicios.","potentialAction":[{"@type":"SearchAction","target":{"@type":"EntryPoint","urlTemplate":"https:\/\/vivalr.com\/?s={search_term_string}"},"query-input":{"@type":"PropertyValueSpecification","valueRequired":true,"valueName":"search_term_string"}}],"inLanguage":"es"}]}},"_links":{"self":[{"href":"https:\/\/vivalr.com\/es\/wp-json\/wp\/v2\/product\/7127","targetHints":{"allow":["GET"]}}],"collection":[{"href":"https:\/\/vivalr.com\/es\/wp-json\/wp\/v2\/product"}],"about":[{"href":"https:\/\/vivalr.com\/es\/wp-json\/wp\/v2\/types\/product"}],"replies":[{"embeddable":true,"href":"https:\/\/vivalr.com\/es\/wp-json\/wp\/v2\/comments?post=7127"}],"wp:featuredmedia":[{"embeddable":true,"href":"https:\/\/vivalr.com\/es\/wp-json\/wp\/v2\/media\/24628"}],"wp:attachment":[{"href":"https:\/\/vivalr.com\/es\/wp-json\/wp\/v2\/media?parent=7127"}],"wp:term":[{"taxonomy":"product_brand","embeddable":true,"href":"https:\/\/vivalr.com\/es\/wp-json\/wp\/v2\/product_brand?post=7127"},{"taxonomy":"product_cat","embeddable":true,"href":"https:\/\/vivalr.com\/es\/wp-json\/wp\/v2\/product_cat?post=7127"},{"taxonomy":"product_tag","embeddable":true,"href":"https:\/\/vivalr.com\/es\/wp-json\/wp\/v2\/product_tag?post=7127"}],"curies":[{"name":"wp","href":"https:\/\/api.w.org\/{rel}","templated":true}]}}