{"id":7221,"date":"2025-03-07T12:12:50","date_gmt":"2025-03-07T12:12:50","guid":{"rendered":"https:\/\/vivalr.com\/product\/7221.html"},"modified":"2025-03-07T12:34:51","modified_gmt":"2025-03-07T12:34:51","slug":"factory-supply-dipropylene-glycol-monomethyl-ether-cas-34590-94-8-with-best-price","status":"publish","type":"product","link":"https:\/\/vivalr.com\/es\/product\/7221.html","title":{"rendered":"Suministro de f\u00e1brica Dipropilenglicol monometil \u00e9ter cas 34590-94-8 con el mejor precio"},"content":{"rendered":"<h1>Suministro de f\u00e1brica Dipropilenglicol monometil \u00e9ter cas 34590-94-8 Con el mejor precio Gu\u00eda del usuario<\/h1>\n<h2>\u00cdndice<\/h2>\n<ul>\n<li><a href=\"#basic_info\">Informaci\u00f3n b\u00e1sica y par\u00e1metros<\/a><\/li>\n<li><a href=\"#uses\">Usos del producto<\/a><\/li>\n<li><a href=\"#usage\">C\u00f3mo utilizar el producto<\/a><\/li>\n<li><a href=\"#case_studies\">Casos pr\u00e1cticos<\/a><\/li>\n<li><a href=\"#contact\">Informaci\u00f3n de contacto<\/a><\/li>\n<\/ul>\n<h2 id=\"basic_info\">Informaci\u00f3n b\u00e1sica y par\u00e1metros<\/h2>\n<p>El \u00e9ter monomet\u00edlico de dipropilenglicol, con n\u00famero CAS 34590 - 94 - 8, es un producto qu\u00edmico de alta calidad. Es un l\u00edquido incoloro y transparente con un olor suave. Este producto tiene una solubilidad excelente y puede disolver una amplia gama de sustancias org\u00e1nicas. La f\u00f3rmula molecular del \u00e9ter monomet\u00edlico de dipropilenglicol es C7H16O3, y su peso molecular es de aproximadamente 148,2 g\/mol. Tiene un punto de ebullici\u00f3n en el intervalo de 190 - 193\u00b0C y un punto de inflamaci\u00f3n de unos 79\u00b0C. La densidad a 20\u00b0C es de unos 0,95 g\/cm\u00b3. Es miscible con agua, etanol y la mayor\u00eda de los disolventes org\u00e1nicos.<\/p>\n<p>Nuestra f\u00e1brica suministra este producto con gran pureza, lo que garantiza su eficacia en diversas aplicaciones. El producto se fabrica bajo estrictos controles de calidad para cumplir las normas internacionales, lo que lo convierte en una opci\u00f3n fiable para diferentes industrias.<\/p>\n<h2 id=\"uses\">Usos del producto<\/h2>\n<p>El \u00e9ter monomet\u00edlico de dipropilenglicol tiene una amplia gama de usos en m\u00faltiples industrias. En la industria de revestimientos y pinturas, sirve como disolvente y agente coalescente. Ayuda a mejorar las propiedades de fluidez y nivelaci\u00f3n de las pinturas, garantizando un acabado liso y uniforme. Tambi\u00e9n puede reducir la viscosidad de la formulaci\u00f3n de la pintura, facilitando su aplicaci\u00f3n. Adem\u00e1s, mejora la adherencia de la pintura al sustrato, aumentando la durabilidad del revestimiento.<\/p>\n<p>En la industria de los productos de limpieza, se utiliza como potente disolvente. Puede disolver eficazmente la grasa, los aceites y la suciedad, por lo que es un ingrediente ideal en desengrasantes industriales, limpiadores dom\u00e9sticos y productos de limpieza del autom\u00f3vil. Debido a su baja toxicidad y buena solubilidad, es una opci\u00f3n popular para formular soluciones de limpieza respetuosas con el medio ambiente.<\/p>\n<p>En la industria de las tintas de impresi\u00f3n, se utiliza como disolvente para las tintas. Ayuda a ajustar la viscosidad de la tinta, mejorar su velocidad de secado y mejorar la calidad de impresi\u00f3n. Tambi\u00e9n puede mejorar la compatibilidad de los distintos componentes de la tinta, garantizando resultados de impresi\u00f3n uniformes y de alta calidad.<\/p>\n<h2 id=\"usage\">C\u00f3mo utilizar el producto<\/h2>\n<p>Cuando se utiliza \u00e9ter monomet\u00edlico de dipropilenglicol en revestimientos y pinturas, debe a\u00f1adirse a la formulaci\u00f3n de la pintura durante el proceso de mezcla. La dosis recomendada suele estar entre 5 y 15% en peso, dependiendo de los requisitos espec\u00edficos de la pintura. Es importante mezclar bien el producto para garantizar una dispersi\u00f3n uniforme en la pintura.<\/p>\n<p>En los productos de limpieza, puede utilizarse directamente o diluido en agua. Para tareas de limpieza pesadas, puede aplicarse \u00e9ter monomet\u00edlico de dipropilenglicol sin diluir en la zona sucia y dejarlo actuar durante unos minutos antes de fregar y aclarar. Para la limpieza general, una diluci\u00f3n de 1:10 con agua puede ser suficiente. Al manipular el producto, debe llevarse equipo de protecci\u00f3n personal adecuado, como guantes y gafas.<\/p>\n<p>En la industria de las tintas de impresi\u00f3n, se a\u00f1ade a la f\u00f3rmula de la tinta de forma controlada. La cantidad a\u00f1adida debe determinarse en funci\u00f3n del tipo de tinta, el equipo de impresi\u00f3n y las propiedades de impresi\u00f3n deseadas. Es aconsejable realizar pruebas a peque\u00f1a escala antes de la producci\u00f3n a gran escala para optimizar la formulaci\u00f3n de la tinta.<\/p>\n<h2 id=\"case_studies\">Casos pr\u00e1cticos<\/h2>\n<p>Caso 1: Una empresa de fabricaci\u00f3n de pinturas ten\u00eda problemas con la escasa fluidez y nivelaci\u00f3n de sus pinturas al agua. Despu\u00e9s de a\u00f1adir \u00e9ter monomet\u00edlico de dipropilenglicol 8% a su formulaci\u00f3n de pintura, notaron una mejora significativa en las propiedades de aplicaci\u00f3n de la pintura. La pintura se extend\u00eda m\u00e1s uniformemente sobre la superficie y el acabado era m\u00e1s suave y profesional. Esto se tradujo en un aumento de la satisfacci\u00f3n de los clientes y un incremento de las ventas.<\/p>\n<p>Caso 2: Una empresa de limpieza industrial utilizaba un desengrasante tradicional que no era muy eficaz para eliminar la grasa persistente de las piezas de maquinaria. Decidieron cambiar a una soluci\u00f3n de limpieza formulada con \u00e9ter monomet\u00edlico de dipropilenglicol. La nueva soluci\u00f3n era capaz de disolver la grasa r\u00e1pida y completamente, reduciendo el tiempo de limpieza y mejorando la eficacia global de sus operaciones de limpieza. La empresa tambi\u00e9n descubri\u00f3 que la nueva soluci\u00f3n era m\u00e1s respetuosa con el medio ambiente, lo que estaba en consonancia con sus objetivos de responsabilidad social corporativa.<\/p>\n<p>Caso 3: Una imprenta ten\u00eda problemas con el secado de la tinta y la calidad de impresi\u00f3n. A\u00f1adiendo una cantidad adecuada de \u00e9ter monomet\u00edlico de dipropilenglicol a su formulaci\u00f3n de tinta, pudieron ajustar la viscosidad y la velocidad de secado de la tinta. Como resultado, los materiales impresos ten\u00edan im\u00e1genes m\u00e1s n\u00edtidas y colores m\u00e1s vivos, y la velocidad de producci\u00f3n aument\u00f3 gracias a tiempos de secado m\u00e1s r\u00e1pidos.<\/p>\n<h2","protected":false},"excerpt":{"rendered":"<p>Factory Supply Dipropylene glycol monomethyl ether cas 34590-94-8 With Best Price User Guide Table of Contents Basic Information and Parameters Uses of the Product How to Use the Product Usage Case Studies Contact Information Basic Information and Parameters Factory Supply Dipropylene glycol monomethyl ether, with the CAS number 34590 - 94 - 8, is a [&hellip;]<\/p>","protected":false},"featured_media":24674,"comment_status":"closed","ping_status":"open","template":"","meta":[],"product_brand":[],"product_cat":[15],"product_tag":[],"class_list":{"0":"post-7221","1":"product","2":"type-product","3":"status-publish","4":"has-post-thumbnail","6":"product_cat-uncategorized","8":"first","9":"instock","10":"product-type-simple"},"yoast_head":"<!-- This site is optimized with the Yoast SEO Premium plugin v24.4 (Yoast SEO v25.0) - https:\/\/yoast.com\/wordpress\/plugins\/seo\/ -->\n<title>Factory Supply Dipropylene glycol monomethyl ether cas 34590-94-8 With Best Price - Welcome to VIVALR- Your Trusted Source for Chemical Raw Materials\uff01<\/title>\n<meta name=\"robots\" content=\"index, follow, max-snippet:-1, max-image-preview:large, max-video-preview:-1\" \/>\n<link rel=\"canonical\" href=\"https:\/\/vivalr.com\/es\/product\/7221.html\" \/>\n<meta property=\"og:locale\" content=\"es_MX\" \/>\n<meta property=\"og:type\" content=\"article\" \/>\n<meta property=\"og:title\" content=\"Factory Supply Dipropylene glycol monomethyl ether cas 34590-94-8 With Best Price\" \/>\n<meta property=\"og:description\" content=\"Factory Supply Dipropylene glycol monomethyl ether cas 34590-94-8 With Best Price User Guide Table of Contents Basic Information and Parameters Uses of the Product How to Use the Product Usage Case Studies Contact Information Basic Information and Parameters Factory Supply Dipropylene glycol monomethyl ether, with the CAS number 34590 - 94 - 8, is a [&hellip;]\" \/>\n<meta property=\"og:url\" content=\"https:\/\/vivalr.com\/es\/product\/7221.html\" \/>\n<meta property=\"og:site_name\" content=\"Welcome to VIVALR- Your Trusted Source for Chemical Raw Materials\uff01\" \/>\n<meta property=\"article:modified_time\" content=\"2025-03-07T12:34:51+00:00\" \/>\n<meta property=\"og:image\" content=\"https:\/\/vivalr.com\/wp-content\/uploads\/2025\/03\/dipropylene-glycol-monomethyl-ether-cas-34590-94-8.jpg\" \/>\n\t<meta property=\"og:image:width\" content=\"600\" \/>\n\t<meta property=\"og:image:height\" content=\"654\" \/>\n\t<meta property=\"og:image:type\" content=\"image\/jpeg\" \/>\n<meta name=\"twitter:card\" content=\"summary_large_image\" \/>\n<meta name=\"twitter:label1\" content=\"Tiempo de lectura\" \/>\n\t<meta name=\"twitter:data1\" content=\"4 minutos\" \/>\n<script type=\"application\/ld+json\" class=\"yoast-schema-graph\">{\"@context\":\"https:\/\/schema.org\",\"@graph\":[{\"@type\":\"WebPage\",\"@id\":\"https:\/\/vivalr.com\/product\/7221.html\",\"url\":\"https:\/\/vivalr.com\/product\/7221.html\",\"name\":\"Factory Supply Dipropylene glycol monomethyl ether cas 34590-94-8 With Best Price - Welcome to VIVALR- Your Trusted Source for Chemical Raw Materials\uff01\",\"isPartOf\":{\"@id\":\"https:\/\/vivalr.com\/#website\"},\"primaryImageOfPage\":{\"@id\":\"https:\/\/vivalr.com\/product\/7221.html#primaryimage\"},\"image\":{\"@id\":\"https:\/\/vivalr.com\/product\/7221.html#primaryimage\"},\"thumbnailUrl\":\"https:\/\/vivalr.com\/wp-content\/uploads\/2025\/03\/dipropylene-glycol-monomethyl-ether-cas-34590-94-8.jpg\",\"datePublished\":\"2025-03-07T12:12:50+00:00\",\"dateModified\":\"2025-03-07T12:34:51+00:00\",\"breadcrumb\":{\"@id\":\"https:\/\/vivalr.com\/product\/7221.html#breadcrumb\"},\"inLanguage\":\"es\",\"potentialAction\":[{\"@type\":\"ReadAction\",\"target\":[\"https:\/\/vivalr.com\/product\/7221.html\"]}]},{\"@type\":\"ImageObject\",\"inLanguage\":\"es\",\"@id\":\"https:\/\/vivalr.com\/product\/7221.html#primaryimage\",\"url\":\"https:\/\/vivalr.com\/wp-content\/uploads\/2025\/03\/dipropylene-glycol-monomethyl-ether-cas-34590-94-8.jpg\",\"contentUrl\":\"https:\/\/vivalr.com\/wp-content\/uploads\/2025\/03\/dipropylene-glycol-monomethyl-ether-cas-34590-94-8.jpg\",\"width\":600,\"height\":654},{\"@type\":\"BreadcrumbList\",\"@id\":\"https:\/\/vivalr.com\/product\/7221.html#breadcrumb\",\"itemListElement\":[{\"@type\":\"ListItem\",\"position\":1,\"name\":\"Home\",\"item\":\"https:\/\/vivalr.com\/\"},{\"@type\":\"ListItem\",\"position\":2,\"name\":\"Shop\",\"item\":\"https:\/\/vivalr.com\/shop\/\"},{\"@type\":\"ListItem\",\"position\":3,\"name\":\"Factory Supply Dipropylene glycol monomethyl ether cas 34590-94-8 With Best Price\"}]},{\"@type\":\"WebSite\",\"@id\":\"https:\/\/vivalr.com\/#website\",\"url\":\"https:\/\/vivalr.com\/\",\"name\":\"Welcome to VIVALR- Your Trusted Source for Chemical Raw Materials\uff01\",\"description\":\"Discover a wide range of high-quality chemical raw materials to meet your industrial needs. Our commitment to excellence ensures that you get the best products and services.\",\"potentialAction\":[{\"@type\":\"SearchAction\",\"target\":{\"@type\":\"EntryPoint\",\"urlTemplate\":\"https:\/\/vivalr.com\/?s={search_term_string}\"},\"query-input\":{\"@type\":\"PropertyValueSpecification\",\"valueRequired\":true,\"valueName\":\"search_term_string\"}}],\"inLanguage\":\"es\"}]}<\/script>\n<!-- \/ Yoast SEO Premium plugin. -->","yoast_head_json":{"title":"Suministro de f\u00e1brica Dipropilenglicol monometil \u00e9ter cas 34590-94-8 con el mejor precio - Bienvenido a VIVALR- Su fuente de confianza para las materias primas qu\u00edmicas\uff01","robots":{"index":"index","follow":"follow","max-snippet":"max-snippet:-1","max-image-preview":"max-image-preview:large","max-video-preview":"max-video-preview:-1"},"canonical":"https:\/\/vivalr.com\/es\/product\/7221.html","og_locale":"es_MX","og_type":"article","og_title":"Factory Supply Dipropylene glycol monomethyl ether cas 34590-94-8 With Best Price","og_description":"Factory Supply Dipropylene glycol monomethyl ether cas 34590-94-8 With Best Price User Guide Table of Contents Basic Information and Parameters Uses of the Product How to Use the Product Usage Case Studies Contact Information Basic Information and Parameters Factory Supply Dipropylene glycol monomethyl ether, with the CAS number 34590 - 94 - 8, is a [&hellip;]","og_url":"https:\/\/vivalr.com\/es\/product\/7221.html","og_site_name":"Welcome to VIVALR- Your Trusted Source for Chemical Raw Materials\uff01","article_modified_time":"2025-03-07T12:34:51+00:00","og_image":[{"width":600,"height":654,"url":"https:\/\/vivalr.com\/wp-content\/uploads\/2025\/03\/dipropylene-glycol-monomethyl-ether-cas-34590-94-8.jpg","type":"image\/jpeg"}],"twitter_card":"summary_large_image","twitter_misc":{"Tiempo de lectura":"4 minutos"},"schema":{"@context":"https:\/\/schema.org","@graph":[{"@type":"WebPage","@id":"https:\/\/vivalr.com\/product\/7221.html","url":"https:\/\/vivalr.com\/product\/7221.html","name":"Suministro de f\u00e1brica Dipropilenglicol monometil \u00e9ter cas 34590-94-8 con el mejor precio - Bienvenido a VIVALR- Su fuente de confianza para las materias primas qu\u00edmicas\uff01","isPartOf":{"@id":"https:\/\/vivalr.com\/#website"},"primaryImageOfPage":{"@id":"https:\/\/vivalr.com\/product\/7221.html#primaryimage"},"image":{"@id":"https:\/\/vivalr.com\/product\/7221.html#primaryimage"},"thumbnailUrl":"https:\/\/vivalr.com\/wp-content\/uploads\/2025\/03\/dipropylene-glycol-monomethyl-ether-cas-34590-94-8.jpg","datePublished":"2025-03-07T12:12:50+00:00","dateModified":"2025-03-07T12:34:51+00:00","breadcrumb":{"@id":"https:\/\/vivalr.com\/product\/7221.html#breadcrumb"},"inLanguage":"es","potentialAction":[{"@type":"ReadAction","target":["https:\/\/vivalr.com\/product\/7221.html"]}]},{"@type":"ImageObject","inLanguage":"es","@id":"https:\/\/vivalr.com\/product\/7221.html#primaryimage","url":"https:\/\/vivalr.com\/wp-content\/uploads\/2025\/03\/dipropylene-glycol-monomethyl-ether-cas-34590-94-8.jpg","contentUrl":"https:\/\/vivalr.com\/wp-content\/uploads\/2025\/03\/dipropylene-glycol-monomethyl-ether-cas-34590-94-8.jpg","width":600,"height":654},{"@type":"BreadcrumbList","@id":"https:\/\/vivalr.com\/product\/7221.html#breadcrumb","itemListElement":[{"@type":"ListItem","position":1,"name":"Home","item":"https:\/\/vivalr.com\/"},{"@type":"ListItem","position":2,"name":"Shop","item":"https:\/\/vivalr.com\/shop\/"},{"@type":"ListItem","position":3,"name":"Factory Supply Dipropylene glycol monomethyl ether cas 34590-94-8 With Best Price"}]},{"@type":"WebSite","@id":"https:\/\/vivalr.com\/#website","url":"https:\/\/vivalr.com\/","name":"Bienvenido a VIVALR- Su fuente de confianza para materias primas qu\u00edmicas\uff01","description":"Descubra una amplia gama de materias primas qu\u00edmicas de alta calidad para satisfacer sus necesidades industriales. Nuestro compromiso con la excelencia le garantiza los mejores productos y servicios.","potentialAction":[{"@type":"SearchAction","target":{"@type":"EntryPoint","urlTemplate":"https:\/\/vivalr.com\/?s={search_term_string}"},"query-input":{"@type":"PropertyValueSpecification","valueRequired":true,"valueName":"search_term_string"}}],"inLanguage":"es"}]}},"_links":{"self":[{"href":"https:\/\/vivalr.com\/es\/wp-json\/wp\/v2\/product\/7221","targetHints":{"allow":["GET"]}}],"collection":[{"href":"https:\/\/vivalr.com\/es\/wp-json\/wp\/v2\/product"}],"about":[{"href":"https:\/\/vivalr.com\/es\/wp-json\/wp\/v2\/types\/product"}],"replies":[{"embeddable":true,"href":"https:\/\/vivalr.com\/es\/wp-json\/wp\/v2\/comments?post=7221"}],"wp:featuredmedia":[{"embeddable":true,"href":"https:\/\/vivalr.com\/es\/wp-json\/wp\/v2\/media\/24674"}],"wp:attachment":[{"href":"https:\/\/vivalr.com\/es\/wp-json\/wp\/v2\/media?parent=7221"}],"wp:term":[{"taxonomy":"product_brand","embeddable":true,"href":"https:\/\/vivalr.com\/es\/wp-json\/wp\/v2\/product_brand?post=7221"},{"taxonomy":"product_cat","embeddable":true,"href":"https:\/\/vivalr.com\/es\/wp-json\/wp\/v2\/product_cat?post=7221"},{"taxonomy":"product_tag","embeddable":true,"href":"https:\/\/vivalr.com\/es\/wp-json\/wp\/v2\/product_tag?post=7221"}],"curies":[{"name":"wp","href":"https:\/\/api.w.org\/{rel}","templated":true}]}}