{"id":7357,"date":"2025-03-07T12:12:58","date_gmt":"2025-03-07T12:12:58","guid":{"rendered":"https:\/\/vivalr.com\/product\/7357.html"},"modified":"2025-03-07T12:35:07","modified_gmt":"2025-03-07T12:35:07","slug":"factory-supply-s-epichlorohydrin-cas-67843-74-7-with-best-price","status":"publish","type":"product","link":"https:\/\/vivalr.com\/es\/product\/7357.html","title":{"rendered":"Fuente de la f\u00e1brica (s)-epichlorohydrin cas 67843-74-7 con el mejor precio"},"content":{"rendered":"<p><!-- Navigation Section --><\/p>\n<nav>\n  <a href=\"#product-basic-info\">Informaci\u00f3n b\u00e1sica del producto<\/a><br \/>\n  <a href=\"#product-uses\">Usos del producto<\/a><br \/>\n  <a href=\"#product-usage\">Uso del producto<\/a><br \/>\n  <a href=\"#product-use-cases\">Casos de uso de productos<\/a><br \/>\n<\/nav>\n<p><!-- Product Basic Information --><\/p>\n<h2 id=\"product-basic-info\">Informaci\u00f3n b\u00e1sica del producto<\/h2>\n<p>El producto es fuente de la f\u00e1brica (s)-epichlorohydrin cas 67843-74-7 con el mejor precio. (s)-epiclorhidrina es un ep\u00f3xido quiral que tiene una importancia significativa en diversas industrias qu\u00edmicas. El n\u00famero CAS 67843 - 74 - 7 identifica de forma \u00fanica este compuesto qu\u00edmico espec\u00edfico.<\/p>\n<p>Propiedades f\u00edsicas: Suele ser un l\u00edquido entre incoloro y amarillo claro con un olor acre caracter\u00edstico. Su f\u00f3rmula molecular es C\u2083H\u2085ClO, y su peso molecular es de aproximadamente 92,52 g\/mol. El punto de ebullici\u00f3n de la (s)-epiclorhidrina es de unos 117 - 118 \u00b0C, y el punto de fusi\u00f3n es de unos - 57 \u00b0C. Es poco soluble en agua, pero muy soluble en disolventes org\u00e1nicos comunes como etanol, \u00e9ter y cloroformo.<\/p>\n<p>En t\u00e9rminos de pureza, nuestra (s)-epiclorhidrina suministrada en f\u00e1brica puede alcanzar un alto nivel de calidad, garantizando un rendimiento estable en diferentes aplicaciones.<\/p>\n<p><!-- Product Uses --><\/p>\n<h2 id=\"product-uses\">Usos del producto<\/h2>\n<p>La (s)-Epiclorhidrina es un intermediario qu\u00edmico vers\u00e1til. En la industria de pol\u00edmeros, es una materia prima clave para la producci\u00f3n de resinas epoxi. Las resinas epoxi se utilizan ampliamente en revestimientos, adhesivos, materiales compuestos y encapsulaci\u00f3n electr\u00f3nica. La quiralidad de la (s)-epiclorhidrina puede utilizarse para introducir propiedades estereoqu\u00edmicas espec\u00edficas en los pol\u00edmeros resultantes, lo que puede mejorar las propiedades mec\u00e1nicas y qu\u00edmicas de los productos finales.<\/p>\n<p>En el campo farmac\u00e9utico, sirve como componente b\u00e1sico para la s\u00edntesis de diversos f\u00e1rmacos quirales. Muchos f\u00e1rmacos requieren centros quirales espec\u00edficos para lograr la actividad biol\u00f3gica deseada y minimizar los efectos secundarios. La (s)-epiclorhidrina constituye un valioso punto de partida para la s\u00edntesis de dichos compuestos farmac\u00e9uticos quirales.<\/p>\n<p>Tambi\u00e9n se utiliza en la producci\u00f3n de derivados del glicerol, tensioactivos y algunas especialidades qu\u00edmicas. Los tensioactivos son esenciales en detergentes, emulgentes y agentes humectantes, y el uso de (s)-epiclorhidrina puede mejorar el rendimiento y el respeto al medio ambiente de estos productos.<\/p>\n<p><!-- Product Usage --><\/p>\n<h2 id=\"product-usage\">Uso del producto<\/h2>\n<p>Al utilizar (s)-epiclorhidrina, deben tomarse las precauciones de seguridad adecuadas. Se trata de una sustancia t\u00f3xica e irritante. Llevar equipo de protecci\u00f3n personal adecuado, incluyendo guantes resistentes a productos qu\u00edmicos, gafas y bata de laboratorio. Trabaje en un \u00e1rea bien ventilada, preferiblemente bajo una campana extractora.<\/p>\n<p>En las reacciones qu\u00edmicas, la dosificaci\u00f3n de (s)-epiclorhidrina debe controlarse con precisi\u00f3n seg\u00fan la estequiometr\u00eda de la reacci\u00f3n. Puede reaccionar con diversos nucle\u00f3filos, como aminas, alcoholes y tioles. Las condiciones de reacci\u00f3n, como la temperatura, el tiempo de reacci\u00f3n y la presencia de catalizadores, deben optimizarse para los distintos sistemas de reacci\u00f3n.<\/p>\n<p>El almacenamiento tambi\u00e9n es crucial. Almacene la (s)-epiclorhidrina en un lugar fresco y seco, lejos de fuentes de calor y agentes oxidantes. Gu\u00e1rdelo en un recipiente herm\u00e9ticamente cerrado para evitar la evaporaci\u00f3n y la contaminaci\u00f3n.<\/p>\n<p><!-- Product Use Cases --><\/p>\n<h2 id=\"product-use-cases\">Casos de uso de productos<\/h2>\n<p>Caso 1: Producci\u00f3n de resina epoxi<br \/>\nUna empresa fabricante de resinas utiliz\u00f3 nuestra (s)-epiclorhidrina suministrada de f\u00e1brica para producir resinas epox\u00eddicas de alto rendimiento para materiales compuestos aeroespaciales. Controlando cuidadosamente las condiciones de reacci\u00f3n y utilizando (s)-epiclorhidrina de alta pureza, pudieron obtener resinas epox\u00eddicas con una excelente resistencia mec\u00e1nica y estabilidad t\u00e9rmica. Los materiales compuestos resultantes cumpl\u00edan los estrictos requisitos de la industria aeroespacial, como una elevada relaci\u00f3n resistencia-peso y resistencia a las duras condiciones ambientales.<\/p>\n<p>Caso 2: S\u00edntesis farmac\u00e9utica<br \/>\nUn equipo de investigaci\u00f3n farmac\u00e9utica utiliz\u00f3 la (s)-epiclorhidrina como intermediario clave en la s\u00edntesis de un nuevo f\u00e1rmaco quiral contra el c\u00e1ncer. Mediante una serie de reacciones qu\u00edmicas bien dise\u00f1adas, incorporaron con \u00e9xito el centro quiral proporcionado por la (s)-epiclorhidrina a la mol\u00e9cula del f\u00e1rmaco. Los ensayos precl\u00ednicos mostraron que el f\u00e1rmaco era muy eficaz y poco t\u00f3xico, lo que demuestra la importancia de la (s)-epiclorhidrina en el desarrollo de f\u00e1rmacos quirales.<\/p>\n<p>Caso 3: Producci\u00f3n de tensioactivos<br \/>\nUn fabricante de detergentes utiliz\u00f3 (s)-epiclorhidrina para producir un nuevo tensioactivo. El nuevo tensioactivo ten\u00eda mejores propiedades emulsionantes y humectantes que los tensioactivos tradicionales. Como resultado, los detergentes que conten\u00edan este tensioactivo mostraban un mejor rendimiento de limpieza y eran m\u00e1s respetuosos con el medio ambiente, ya que pod\u00edan ser f\u00e1cilmente biodegradables.<\/p>\n<p>Si tiene alguna pregunta, p\u00f3ngase en contacto con nosotros en info@vivalr.com o ll\u00e1menos al (86) 15866781826.<\/p>","protected":false},"excerpt":{"rendered":"<p>Product Basic Information Product Uses Product Usage Product Use Cases Product Basic Information The product is Factory Supply (s)-epichlorohydrin cas 67843-74-7 With Best Price. (s)-Epichlorohydrin is a chiral epoxide that has significant importance in various chemical industries. The CAS number 67843 - 74 - 7 uniquely identifies this specific chemical compound. Physical properties: It is [&hellip;]<\/p>","protected":false},"featured_media":24741,"comment_status":"closed","ping_status":"open","template":"","meta":[],"product_brand":[],"product_cat":[15],"product_tag":[],"class_list":{"0":"post-7357","1":"product","2":"type-product","3":"status-publish","4":"has-post-thumbnail","6":"product_cat-uncategorized","8":"first","9":"instock","10":"product-type-simple"},"yoast_head":"<!-- This site is optimized with the Yoast SEO Premium plugin v24.4 (Yoast SEO v27.4) - https:\/\/yoast.com\/product\/yoast-seo-premium-wordpress\/ -->\n<title>Factory Supply (s)-epichlorohydrin cas 67843-74-7 With Best Price - Welcome to VIVALR- Your Trusted Source for Chemical Raw Materials\uff01<\/title>\n<meta name=\"robots\" content=\"index, follow, max-snippet:-1, max-image-preview:large, max-video-preview:-1\" \/>\n<link rel=\"canonical\" href=\"https:\/\/vivalr.com\/es\/product\/7357.html\" \/>\n<meta property=\"og:locale\" content=\"es_MX\" \/>\n<meta property=\"og:type\" content=\"article\" \/>\n<meta property=\"og:title\" content=\"Factory Supply (s)-epichlorohydrin cas 67843-74-7 With Best Price\" \/>\n<meta property=\"og:description\" content=\"Product Basic Information Product Uses Product Usage Product Use Cases Product Basic Information The product is Factory Supply (s)-epichlorohydrin cas 67843-74-7 With Best Price. (s)-Epichlorohydrin is a chiral epoxide that has significant importance in various chemical industries. The CAS number 67843 - 74 - 7 uniquely identifies this specific chemical compound. Physical properties: It is [&hellip;]\" \/>\n<meta property=\"og:url\" content=\"https:\/\/vivalr.com\/es\/product\/7357.html\" \/>\n<meta property=\"og:site_name\" content=\"Welcome to VIVALR- Your Trusted Source for Chemical Raw Materials\uff01\" \/>\n<meta property=\"article:modified_time\" content=\"2025-03-07T12:35:07+00:00\" \/>\n<meta property=\"og:image\" content=\"https:\/\/vivalr.com\/wp-content\/uploads\/2025\/03\/s-epichlorohydrin-cas-67843-74-7.jpg\" \/>\n\t<meta property=\"og:image:width\" content=\"600\" \/>\n\t<meta property=\"og:image:height\" content=\"654\" \/>\n\t<meta property=\"og:image:type\" content=\"image\/jpeg\" \/>\n<meta name=\"twitter:card\" content=\"summary_large_image\" \/>\n<meta name=\"twitter:label1\" content=\"Tiempo de lectura\" \/>\n\t<meta name=\"twitter:data1\" content=\"3 minutos\" \/>\n<script type=\"application\/ld+json\" class=\"yoast-schema-graph\">{\"@context\":\"https:\\\/\\\/schema.org\",\"@graph\":[{\"@type\":\"WebPage\",\"@id\":\"https:\\\/\\\/vivalr.com\\\/product\\\/7357.html\",\"url\":\"https:\\\/\\\/vivalr.com\\\/product\\\/7357.html\",\"name\":\"Factory Supply (s)-epichlorohydrin cas 67843-74-7 With Best Price - Welcome to VIVALR- Your Trusted Source for Chemical Raw Materials\uff01\",\"isPartOf\":{\"@id\":\"https:\\\/\\\/vivalr.com\\\/#website\"},\"primaryImageOfPage\":{\"@id\":\"https:\\\/\\\/vivalr.com\\\/product\\\/7357.html#primaryimage\"},\"image\":{\"@id\":\"https:\\\/\\\/vivalr.com\\\/product\\\/7357.html#primaryimage\"},\"thumbnailUrl\":\"https:\\\/\\\/vivalr.com\\\/wp-content\\\/uploads\\\/2025\\\/03\\\/s-epichlorohydrin-cas-67843-74-7.jpg\",\"datePublished\":\"2025-03-07T12:12:58+00:00\",\"dateModified\":\"2025-03-07T12:35:07+00:00\",\"breadcrumb\":{\"@id\":\"https:\\\/\\\/vivalr.com\\\/product\\\/7357.html#breadcrumb\"},\"inLanguage\":\"es\",\"potentialAction\":[{\"@type\":\"ReadAction\",\"target\":[\"https:\\\/\\\/vivalr.com\\\/product\\\/7357.html\"]}]},{\"@type\":\"ImageObject\",\"inLanguage\":\"es\",\"@id\":\"https:\\\/\\\/vivalr.com\\\/product\\\/7357.html#primaryimage\",\"url\":\"https:\\\/\\\/vivalr.com\\\/wp-content\\\/uploads\\\/2025\\\/03\\\/s-epichlorohydrin-cas-67843-74-7.jpg\",\"contentUrl\":\"https:\\\/\\\/vivalr.com\\\/wp-content\\\/uploads\\\/2025\\\/03\\\/s-epichlorohydrin-cas-67843-74-7.jpg\",\"width\":600,\"height\":654},{\"@type\":\"BreadcrumbList\",\"@id\":\"https:\\\/\\\/vivalr.com\\\/product\\\/7357.html#breadcrumb\",\"itemListElement\":[{\"@type\":\"ListItem\",\"position\":1,\"name\":\"Home\",\"item\":\"https:\\\/\\\/vivalr.com\\\/\"},{\"@type\":\"ListItem\",\"position\":2,\"name\":\"Shop\",\"item\":\"https:\\\/\\\/vivalr.com\\\/shop\\\/\"},{\"@type\":\"ListItem\",\"position\":3,\"name\":\"Factory Supply (s)-epichlorohydrin cas 67843-74-7 With Best Price\"}]},{\"@type\":\"WebSite\",\"@id\":\"https:\\\/\\\/vivalr.com\\\/#website\",\"url\":\"https:\\\/\\\/vivalr.com\\\/\",\"name\":\"Welcome to VIVALR- Your Trusted Source for Chemical Raw Materials\uff01\",\"description\":\"Discover a wide range of high-quality chemical raw materials to meet your industrial needs. Our commitment to excellence ensures that you get the best products and services.\",\"potentialAction\":[{\"@type\":\"SearchAction\",\"target\":{\"@type\":\"EntryPoint\",\"urlTemplate\":\"https:\\\/\\\/vivalr.com\\\/?s={search_term_string}\"},\"query-input\":{\"@type\":\"PropertyValueSpecification\",\"valueRequired\":true,\"valueName\":\"search_term_string\"}}],\"inLanguage\":\"es\"}]}<\/script>\n<!-- \/ Yoast SEO Premium plugin. -->","yoast_head_json":{"title":"Suministro de f\u00e1brica (s)-epiclorhidrina cas 67843-74-7 con el mejor precio - Bienvenido a VIVALR- Su fuente de confianza para las materias primas qu\u00edmicas\uff01.","robots":{"index":"index","follow":"follow","max-snippet":"max-snippet:-1","max-image-preview":"max-image-preview:large","max-video-preview":"max-video-preview:-1"},"canonical":"https:\/\/vivalr.com\/es\/product\/7357.html","og_locale":"es_MX","og_type":"article","og_title":"Factory Supply (s)-epichlorohydrin cas 67843-74-7 With Best Price","og_description":"Product Basic Information Product Uses Product Usage Product Use Cases Product Basic Information The product is Factory Supply (s)-epichlorohydrin cas 67843-74-7 With Best Price. (s)-Epichlorohydrin is a chiral epoxide that has significant importance in various chemical industries. The CAS number 67843 - 74 - 7 uniquely identifies this specific chemical compound. Physical properties: It is [&hellip;]","og_url":"https:\/\/vivalr.com\/es\/product\/7357.html","og_site_name":"Welcome to VIVALR- Your Trusted Source for Chemical Raw Materials\uff01","article_modified_time":"2025-03-07T12:35:07+00:00","og_image":[{"width":600,"height":654,"url":"https:\/\/vivalr.com\/wp-content\/uploads\/2025\/03\/s-epichlorohydrin-cas-67843-74-7.jpg","type":"image\/jpeg"}],"twitter_card":"summary_large_image","twitter_misc":{"Tiempo de lectura":"3 minutos"},"schema":{"@context":"https:\/\/schema.org","@graph":[{"@type":"WebPage","@id":"https:\/\/vivalr.com\/product\/7357.html","url":"https:\/\/vivalr.com\/product\/7357.html","name":"Suministro de f\u00e1brica (s)-epiclorhidrina cas 67843-74-7 con el mejor precio - Bienvenido a VIVALR- Su fuente de confianza para las materias primas qu\u00edmicas\uff01.","isPartOf":{"@id":"https:\/\/vivalr.com\/#website"},"primaryImageOfPage":{"@id":"https:\/\/vivalr.com\/product\/7357.html#primaryimage"},"image":{"@id":"https:\/\/vivalr.com\/product\/7357.html#primaryimage"},"thumbnailUrl":"https:\/\/vivalr.com\/wp-content\/uploads\/2025\/03\/s-epichlorohydrin-cas-67843-74-7.jpg","datePublished":"2025-03-07T12:12:58+00:00","dateModified":"2025-03-07T12:35:07+00:00","breadcrumb":{"@id":"https:\/\/vivalr.com\/product\/7357.html#breadcrumb"},"inLanguage":"es","potentialAction":[{"@type":"ReadAction","target":["https:\/\/vivalr.com\/product\/7357.html"]}]},{"@type":"ImageObject","inLanguage":"es","@id":"https:\/\/vivalr.com\/product\/7357.html#primaryimage","url":"https:\/\/vivalr.com\/wp-content\/uploads\/2025\/03\/s-epichlorohydrin-cas-67843-74-7.jpg","contentUrl":"https:\/\/vivalr.com\/wp-content\/uploads\/2025\/03\/s-epichlorohydrin-cas-67843-74-7.jpg","width":600,"height":654},{"@type":"BreadcrumbList","@id":"https:\/\/vivalr.com\/product\/7357.html#breadcrumb","itemListElement":[{"@type":"ListItem","position":1,"name":"Home","item":"https:\/\/vivalr.com\/"},{"@type":"ListItem","position":2,"name":"Shop","item":"https:\/\/vivalr.com\/shop\/"},{"@type":"ListItem","position":3,"name":"Factory Supply (s)-epichlorohydrin cas 67843-74-7 With Best Price"}]},{"@type":"WebSite","@id":"https:\/\/vivalr.com\/#website","url":"https:\/\/vivalr.com\/","name":"Bienvenido a VIVALR- Su fuente de confianza para materias primas qu\u00edmicas\uff01","description":"Descubra una amplia gama de materias primas qu\u00edmicas de alta calidad para satisfacer sus necesidades industriales. Nuestro compromiso con la excelencia le garantiza los mejores productos y servicios.","potentialAction":[{"@type":"SearchAction","target":{"@type":"EntryPoint","urlTemplate":"https:\/\/vivalr.com\/?s={search_term_string}"},"query-input":{"@type":"PropertyValueSpecification","valueRequired":true,"valueName":"search_term_string"}}],"inLanguage":"es"}]}},"_links":{"self":[{"href":"https:\/\/vivalr.com\/es\/wp-json\/wp\/v2\/product\/7357","targetHints":{"allow":["GET"]}}],"collection":[{"href":"https:\/\/vivalr.com\/es\/wp-json\/wp\/v2\/product"}],"about":[{"href":"https:\/\/vivalr.com\/es\/wp-json\/wp\/v2\/types\/product"}],"replies":[{"embeddable":true,"href":"https:\/\/vivalr.com\/es\/wp-json\/wp\/v2\/comments?post=7357"}],"wp:featuredmedia":[{"embeddable":true,"href":"https:\/\/vivalr.com\/es\/wp-json\/wp\/v2\/media\/24741"}],"wp:attachment":[{"href":"https:\/\/vivalr.com\/es\/wp-json\/wp\/v2\/media?parent=7357"}],"wp:term":[{"taxonomy":"product_brand","embeddable":true,"href":"https:\/\/vivalr.com\/es\/wp-json\/wp\/v2\/product_brand?post=7357"},{"taxonomy":"product_cat","embeddable":true,"href":"https:\/\/vivalr.com\/es\/wp-json\/wp\/v2\/product_cat?post=7357"},{"taxonomy":"product_tag","embeddable":true,"href":"https:\/\/vivalr.com\/es\/wp-json\/wp\/v2\/product_tag?post=7357"}],"curies":[{"name":"wp","href":"https:\/\/api.w.org\/{rel}","templated":true}]}}