{"id":7474,"date":"2025-03-07T12:13:06","date_gmt":"2025-03-07T12:13:06","guid":{"rendered":"https:\/\/vivalr.com\/product\/7474.html"},"modified":"2025-03-07T12:35:20","modified_gmt":"2025-03-07T12:35:20","slug":"factory-supply-zinc-gluconate-cas-4468-02-4-with-best-price","status":"publish","type":"product","link":"https:\/\/vivalr.com\/es\/product\/7474.html","title":{"rendered":"Factory Supply Zinc gluconate CAS 4468-02-4 With Best Price"},"content":{"rendered":"<h1>User Guide for Factory Supply Zinc gluconate CAS 4468-02-4 With Best Price<\/h1>\n<h2>\u00cdndice<\/h2>\n<ol>\n<li><a href=\"#basic-info\">Informaci\u00f3n b\u00e1sica y par\u00e1metros<\/a><\/li>\n<li><a href=\"#uses\">Usos del producto<\/a><\/li>\n<li><a href=\"#usage\">C\u00f3mo utilizar el producto<\/a><\/li>\n<li><a href=\"#case-studies\">Casos pr\u00e1cticos<\/a><\/li>\n<li><a href=\"#contact\">Informaci\u00f3n de contacto<\/a><\/li>\n<\/ol>\n<h2 id=\"basic-info\">Informaci\u00f3n b\u00e1sica y par\u00e1metros<\/h2>\n<p>Zinc gluconate with the CAS number 4468 - 02 - 4 is a zinc salt of gluconic acid. It is a white or almost white, fine powder that is odorless or with a faint odor. This product is usually supplied by factories in various grades, depending on the intended use. The purity of our factory - supplied zinc gluconate is high, usually above 98%, ensuring its effectiveness in different applications. It is freely soluble in water, slightly soluble in ethanol, and insoluble in chloroform and ether. The molecular formula of zinc gluconate is C\u2081\u2082H\u2082\u2082O\u2081\u2084Zn, and its molecular weight is approximately 455.68 g\/mol.<\/p>\n<h2 id=\"uses\">Usos del producto<\/h2>\n<h3>Medicina y sanidad<\/h3>\n<p>In the medical field, zinc gluconate is widely used as a dietary supplement. Zinc is an essential trace element for the human body, playing a crucial role in many physiological processes. It is involved in immune function, protein synthesis, wound healing, DNA synthesis, and cell division. Zinc gluconate can help prevent and treat zinc deficiency, which may lead to growth retardation, decreased immune function, skin problems, and loss of appetite. It is also used in some lozenges for treating the common cold, as it may help reduce the duration and severity of cold symptoms by inhibiting the replication of rhinovirus.<\/p>\n<h3>Industria alimentaria<\/h3>\n<p>Zinc gluconate is used as a food fortifier. It can be added to various food products such as cereals, dairy products, and beverages to increase their zinc content. This helps meet the daily zinc requirements of consumers, especially for those with a zinc - deficient diet. It is a safe and effective way to improve the nutritional value of food.<\/p>\n<h3>Industria farmac\u00e9utica<\/h3>\n<p>In pharmaceuticals, it is used as an ingredient in the formulation of drugs. It can be used as a stabilizer or a source of zinc in some medications, ensuring the proper functioning of the human body and enhancing the efficacy of the drugs.<\/p>\n<h2 id=\"usage\">C\u00f3mo utilizar el producto<\/h2>\n<h3>Dietary Supplements<\/h3>\n<p>When used as a dietary supplement, the dosage of zinc gluconate depends on age, gender, and individual needs. For adults, the recommended daily intake of zinc is around 8 - 11 mg. The dosage of zinc gluconate supplements can be adjusted accordingly. Usually, it can be taken orally with or without food. It is advisable to follow the instructions on the product label or consult a healthcare professional for personalized advice.<\/p>\n<h3>Food Fortification<\/h3>\n<p>In the food industry, the amount of zinc gluconate added to food products should comply with relevant food safety standards. The specific dosage needs to be determined based on the type of food, the target population, and the desired zinc content. Food manufacturers should conduct appropriate tests and calculations to ensure the correct amount of addition.<\/p>\n<h3>Pharmaceutical Formulation<\/h3>\n<p>Pharmaceutical companies should follow strict manufacturing processes and quality control measures when using zinc gluconate. The dosage and formulation need to be carefully designed according to the requirements of the drug, and relevant pharmaceutical regulations must be adhered to.<\/p>\n<h2 id=\"case-studies\">Casos pr\u00e1cticos<\/h2>\n<h3>Case 1: Dietary Supplement for Children<\/h3>\n<p>A 6 - year - old child had a poor appetite and slow growth. After consulting a doctor, the child was prescribed a zinc gluconate dietary supplement. The child took 5 mg of zinc gluconate per day for three months. After this period, the child's appetite improved significantly, and the growth rate also increased. The child's parents reported that the child was more active and had a better diet.<\/p>\n<h3>Case 2: Food Fortification in Cereals<\/h3>\n<p>A cereal manufacturer added zinc gluconate to their products. After market research, they found that consumers who regularly consumed their fortified cereals had a higher zinc intake compared to those who consumed non - fortified cereals. This led to an increase in customer satisfaction and sales of the fortified cereals.<\/p>\n<h2 id=\"contact\">Informaci\u00f3n de contacto<\/h2>\n<p>If you have any questions or need more information about our Factory Supply Zinc gluconate CAS 4468 - 02 - 4, please feel free to contact us. Our email<\/p>","protected":false},"excerpt":{"rendered":"<p>User Guide for Factory Supply Zinc gluconate CAS 4468-02-4 With Best Price Table of Contents Basic Information and Parameters Uses of the Product How to Use the Product Usage Case Studies Contact Information Basic Information and Parameters Zinc gluconate with the CAS number 4468 - 02 - 4 is a zinc salt of gluconic acid. [&hellip;]<\/p>","protected":false},"featured_media":24799,"comment_status":"closed","ping_status":"open","template":"","meta":[],"product_brand":[],"product_cat":[15],"product_tag":[],"class_list":{"0":"post-7474","1":"product","2":"type-product","3":"status-publish","4":"has-post-thumbnail","6":"product_cat-uncategorized","8":"first","9":"instock","10":"product-type-simple"},"yoast_head":"<!-- This site is optimized with the Yoast SEO Premium plugin v24.4 (Yoast SEO v27.4) - https:\/\/yoast.com\/product\/yoast-seo-premium-wordpress\/ -->\n<title>Factory Supply Zinc gluconate CAS 4468-02-4 With Best Price - Welcome to VIVALR- Your Trusted Source for Chemical Raw Materials\uff01<\/title>\n<meta name=\"robots\" content=\"index, follow, max-snippet:-1, max-image-preview:large, max-video-preview:-1\" \/>\n<link rel=\"canonical\" href=\"https:\/\/vivalr.com\/es\/product\/7474.html\" \/>\n<meta property=\"og:locale\" content=\"es_MX\" \/>\n<meta property=\"og:type\" content=\"article\" \/>\n<meta property=\"og:title\" content=\"Factory Supply Zinc gluconate CAS 4468-02-4 With Best Price\" \/>\n<meta property=\"og:description\" content=\"User Guide for Factory Supply Zinc gluconate CAS 4468-02-4 With Best Price Table of Contents Basic Information and Parameters Uses of the Product How to Use the Product Usage Case Studies Contact Information Basic Information and Parameters Zinc gluconate with the CAS number 4468 - 02 - 4 is a zinc salt of gluconic acid. [&hellip;]\" \/>\n<meta property=\"og:url\" content=\"https:\/\/vivalr.com\/es\/product\/7474.html\" \/>\n<meta property=\"og:site_name\" content=\"Welcome to VIVALR- Your Trusted Source for Chemical Raw Materials\uff01\" \/>\n<meta property=\"article:modified_time\" content=\"2025-03-07T12:35:20+00:00\" \/>\n<meta property=\"og:image\" content=\"https:\/\/vivalr.com\/wp-content\/uploads\/2025\/03\/zinc-gluconate-cas-4468-02-4.jpg\" \/>\n\t<meta property=\"og:image:width\" content=\"600\" \/>\n\t<meta property=\"og:image:height\" content=\"654\" \/>\n\t<meta property=\"og:image:type\" content=\"image\/jpeg\" \/>\n<meta name=\"twitter:card\" content=\"summary_large_image\" \/>\n<meta name=\"twitter:label1\" content=\"Tiempo de lectura\" \/>\n\t<meta name=\"twitter:data1\" content=\"3 minutos\" \/>\n<script type=\"application\/ld+json\" class=\"yoast-schema-graph\">{\"@context\":\"https:\\\/\\\/schema.org\",\"@graph\":[{\"@type\":\"WebPage\",\"@id\":\"https:\\\/\\\/vivalr.com\\\/product\\\/7474.html\",\"url\":\"https:\\\/\\\/vivalr.com\\\/product\\\/7474.html\",\"name\":\"Factory Supply Zinc gluconate CAS 4468-02-4 With Best Price - Welcome to VIVALR- Your Trusted Source for Chemical Raw Materials\uff01\",\"isPartOf\":{\"@id\":\"https:\\\/\\\/vivalr.com\\\/#website\"},\"primaryImageOfPage\":{\"@id\":\"https:\\\/\\\/vivalr.com\\\/product\\\/7474.html#primaryimage\"},\"image\":{\"@id\":\"https:\\\/\\\/vivalr.com\\\/product\\\/7474.html#primaryimage\"},\"thumbnailUrl\":\"https:\\\/\\\/vivalr.com\\\/wp-content\\\/uploads\\\/2025\\\/03\\\/zinc-gluconate-cas-4468-02-4.jpg\",\"datePublished\":\"2025-03-07T12:13:06+00:00\",\"dateModified\":\"2025-03-07T12:35:20+00:00\",\"breadcrumb\":{\"@id\":\"https:\\\/\\\/vivalr.com\\\/product\\\/7474.html#breadcrumb\"},\"inLanguage\":\"es\",\"potentialAction\":[{\"@type\":\"ReadAction\",\"target\":[\"https:\\\/\\\/vivalr.com\\\/product\\\/7474.html\"]}]},{\"@type\":\"ImageObject\",\"inLanguage\":\"es\",\"@id\":\"https:\\\/\\\/vivalr.com\\\/product\\\/7474.html#primaryimage\",\"url\":\"https:\\\/\\\/vivalr.com\\\/wp-content\\\/uploads\\\/2025\\\/03\\\/zinc-gluconate-cas-4468-02-4.jpg\",\"contentUrl\":\"https:\\\/\\\/vivalr.com\\\/wp-content\\\/uploads\\\/2025\\\/03\\\/zinc-gluconate-cas-4468-02-4.jpg\",\"width\":600,\"height\":654},{\"@type\":\"BreadcrumbList\",\"@id\":\"https:\\\/\\\/vivalr.com\\\/product\\\/7474.html#breadcrumb\",\"itemListElement\":[{\"@type\":\"ListItem\",\"position\":1,\"name\":\"Home\",\"item\":\"https:\\\/\\\/vivalr.com\\\/\"},{\"@type\":\"ListItem\",\"position\":2,\"name\":\"Shop\",\"item\":\"https:\\\/\\\/vivalr.com\\\/shop\\\/\"},{\"@type\":\"ListItem\",\"position\":3,\"name\":\"Factory Supply Zinc gluconate CAS 4468-02-4 With Best Price\"}]},{\"@type\":\"WebSite\",\"@id\":\"https:\\\/\\\/vivalr.com\\\/#website\",\"url\":\"https:\\\/\\\/vivalr.com\\\/\",\"name\":\"Welcome to VIVALR- Your Trusted Source for Chemical Raw Materials\uff01\",\"description\":\"Discover a wide range of high-quality chemical raw materials to meet your industrial needs. Our commitment to excellence ensures that you get the best products and services.\",\"potentialAction\":[{\"@type\":\"SearchAction\",\"target\":{\"@type\":\"EntryPoint\",\"urlTemplate\":\"https:\\\/\\\/vivalr.com\\\/?s={search_term_string}\"},\"query-input\":{\"@type\":\"PropertyValueSpecification\",\"valueRequired\":true,\"valueName\":\"search_term_string\"}}],\"inLanguage\":\"es\"}]}<\/script>\n<!-- \/ Yoast SEO Premium plugin. -->","yoast_head_json":{"title":"Factory Supply Zinc gluconate CAS 4468-02-4 With Best Price - Welcome to VIVALR- Your Trusted Source for Chemical Raw Materials\uff01","robots":{"index":"index","follow":"follow","max-snippet":"max-snippet:-1","max-image-preview":"max-image-preview:large","max-video-preview":"max-video-preview:-1"},"canonical":"https:\/\/vivalr.com\/es\/product\/7474.html","og_locale":"es_MX","og_type":"article","og_title":"Factory Supply Zinc gluconate CAS 4468-02-4 With Best Price","og_description":"User Guide for Factory Supply Zinc gluconate CAS 4468-02-4 With Best Price Table of Contents Basic Information and Parameters Uses of the Product How to Use the Product Usage Case Studies Contact Information Basic Information and Parameters Zinc gluconate with the CAS number 4468 - 02 - 4 is a zinc salt of gluconic acid. [&hellip;]","og_url":"https:\/\/vivalr.com\/es\/product\/7474.html","og_site_name":"Welcome to VIVALR- Your Trusted Source for Chemical Raw Materials\uff01","article_modified_time":"2025-03-07T12:35:20+00:00","og_image":[{"width":600,"height":654,"url":"https:\/\/vivalr.com\/wp-content\/uploads\/2025\/03\/zinc-gluconate-cas-4468-02-4.jpg","type":"image\/jpeg"}],"twitter_card":"summary_large_image","twitter_misc":{"Tiempo de lectura":"3 minutos"},"schema":{"@context":"https:\/\/schema.org","@graph":[{"@type":"WebPage","@id":"https:\/\/vivalr.com\/product\/7474.html","url":"https:\/\/vivalr.com\/product\/7474.html","name":"Factory Supply Zinc gluconate CAS 4468-02-4 With Best Price - Welcome to VIVALR- Your Trusted Source for Chemical Raw Materials\uff01","isPartOf":{"@id":"https:\/\/vivalr.com\/#website"},"primaryImageOfPage":{"@id":"https:\/\/vivalr.com\/product\/7474.html#primaryimage"},"image":{"@id":"https:\/\/vivalr.com\/product\/7474.html#primaryimage"},"thumbnailUrl":"https:\/\/vivalr.com\/wp-content\/uploads\/2025\/03\/zinc-gluconate-cas-4468-02-4.jpg","datePublished":"2025-03-07T12:13:06+00:00","dateModified":"2025-03-07T12:35:20+00:00","breadcrumb":{"@id":"https:\/\/vivalr.com\/product\/7474.html#breadcrumb"},"inLanguage":"es","potentialAction":[{"@type":"ReadAction","target":["https:\/\/vivalr.com\/product\/7474.html"]}]},{"@type":"ImageObject","inLanguage":"es","@id":"https:\/\/vivalr.com\/product\/7474.html#primaryimage","url":"https:\/\/vivalr.com\/wp-content\/uploads\/2025\/03\/zinc-gluconate-cas-4468-02-4.jpg","contentUrl":"https:\/\/vivalr.com\/wp-content\/uploads\/2025\/03\/zinc-gluconate-cas-4468-02-4.jpg","width":600,"height":654},{"@type":"BreadcrumbList","@id":"https:\/\/vivalr.com\/product\/7474.html#breadcrumb","itemListElement":[{"@type":"ListItem","position":1,"name":"Home","item":"https:\/\/vivalr.com\/"},{"@type":"ListItem","position":2,"name":"Shop","item":"https:\/\/vivalr.com\/shop\/"},{"@type":"ListItem","position":3,"name":"Factory Supply Zinc gluconate CAS 4468-02-4 With Best Price"}]},{"@type":"WebSite","@id":"https:\/\/vivalr.com\/#website","url":"https:\/\/vivalr.com\/","name":"Bienvenido a VIVALR- Su fuente de confianza para materias primas qu\u00edmicas\uff01","description":"Descubra una amplia gama de materias primas qu\u00edmicas de alta calidad para satisfacer sus necesidades industriales. Nuestro compromiso con la excelencia le garantiza los mejores productos y servicios.","potentialAction":[{"@type":"SearchAction","target":{"@type":"EntryPoint","urlTemplate":"https:\/\/vivalr.com\/?s={search_term_string}"},"query-input":{"@type":"PropertyValueSpecification","valueRequired":true,"valueName":"search_term_string"}}],"inLanguage":"es"}]}},"_links":{"self":[{"href":"https:\/\/vivalr.com\/es\/wp-json\/wp\/v2\/product\/7474","targetHints":{"allow":["GET"]}}],"collection":[{"href":"https:\/\/vivalr.com\/es\/wp-json\/wp\/v2\/product"}],"about":[{"href":"https:\/\/vivalr.com\/es\/wp-json\/wp\/v2\/types\/product"}],"replies":[{"embeddable":true,"href":"https:\/\/vivalr.com\/es\/wp-json\/wp\/v2\/comments?post=7474"}],"wp:featuredmedia":[{"embeddable":true,"href":"https:\/\/vivalr.com\/es\/wp-json\/wp\/v2\/media\/24799"}],"wp:attachment":[{"href":"https:\/\/vivalr.com\/es\/wp-json\/wp\/v2\/media?parent=7474"}],"wp:term":[{"taxonomy":"product_brand","embeddable":true,"href":"https:\/\/vivalr.com\/es\/wp-json\/wp\/v2\/product_brand?post=7474"},{"taxonomy":"product_cat","embeddable":true,"href":"https:\/\/vivalr.com\/es\/wp-json\/wp\/v2\/product_cat?post=7474"},{"taxonomy":"product_tag","embeddable":true,"href":"https:\/\/vivalr.com\/es\/wp-json\/wp\/v2\/product_tag?post=7474"}],"curies":[{"name":"wp","href":"https:\/\/api.w.org\/{rel}","templated":true}]}}