{"id":7863,"date":"2025-03-07T12:13:33","date_gmt":"2025-03-07T12:13:33","guid":{"rendered":"https:\/\/vivalr.com\/product\/7863.html"},"modified":"2025-03-07T12:36:04","modified_gmt":"2025-03-07T12:36:04","slug":"factory-supply-tinuvin-234-cas-70321-86-7-with-best-price","status":"publish","type":"product","link":"https:\/\/vivalr.com\/es\/product\/7863.html","title":{"rendered":"Factory Supply tinuvin 234 cas 70321-86-7 With Best Price"},"content":{"rendered":"<h1>User Guide for Factory Supply tinuvin 234 cas 70321-86-7<\/h1>\n<ol>\n<li><a href=\"#basic-info\">Informaci\u00f3n b\u00e1sica y par\u00e1metros<\/a><\/li>\n<li><a href=\"#uses\">Usos del producto<\/a><\/li>\n<li><a href=\"#usage\">C\u00f3mo utilizar el producto<\/a><\/li>\n<li><a href=\"#case-studies\">Casos pr\u00e1cticos<\/a><\/li>\n<li><a href=\"#contact\">Informaci\u00f3n de contacto<\/a><\/li>\n<\/ol>\n<h2 id=\"basic-info\">Informaci\u00f3n b\u00e1sica y par\u00e1metros<\/h2>\n<p>Factory Supply tinuvin 234 cas 70321-86-7 is a high - performance light stabilizer. Its CAS number 70321 - 86 - 7 uniquely identifies it in the chemical industry. The product is offered at the best price by our factory, ensuring cost - effectiveness for our customers. <\/p>\n<p>It has excellent thermal stability and low volatility. These properties make it suitable for use in a wide range of polymers that are exposed to sunlight or other sources of UV radiation. The chemical structure of tinuvin 234 provides strong absorption of UV light in the range of 290 - 360 nm, effectively protecting the polymers from UV - induced degradation.<\/p>\n<h2 id=\"uses\">Usos del producto<\/h2>\n<p>Factory Supply tinuvin 234 cas 70321-86-7 is mainly used in the polymer industry. It can be added to various types of plastics such as polypropylene, polyethylene, polystyrene, and engineering plastics. By adding this light stabilizer, the polymer products can have better resistance to UV radiation, which extends their service life and maintains their appearance and mechanical properties. <\/p>\n<p>In the automotive industry, it is used in the production of interior and exterior plastic parts. These parts are often exposed to sunlight for long periods, and tinuvin 234 helps prevent color fading, cracking, and loss of mechanical strength. In the construction industry, it is used in plastic building materials like window profiles, roofing sheets, and pipes to enhance their durability under outdoor conditions.<\/p>\n<h2 id=\"usage\">C\u00f3mo utilizar el producto<\/h2>\n<p>Before using Factory Supply tinuvin 234 cas 70321-86-7, it is essential to conduct small - scale tests to determine the optimal dosage for your specific application. The general recommended dosage range is 0.1% - 1.0% by weight, depending on the type of polymer, the expected service environment, and the required level of UV protection. <\/p>\n<p>It can be incorporated into the polymer during the extrusion, injection molding, or compounding process. Make sure to mix it evenly with the polymer resin to achieve uniform distribution of the light stabilizer throughout the product. During processing, follow the standard safety procedures for handling chemical additives, such as wearing appropriate protective equipment like gloves and goggles.<\/p>\n<h2 id=\"case-studies\">Casos pr\u00e1cticos<\/h2>\n<p>Case 1: A plastic pipe manufacturer added tinuvin 234 to their polyethylene pipes. The pipes were used for outdoor water supply systems. Without the light stabilizer, the pipes started to show signs of brittleness and discoloration after 6 months of outdoor exposure. However, after adding 0.5% of tinuvin 234 by weight, the pipes maintained their original mechanical properties and appearance even after 3 years of outdoor use. <\/p>\n<p>Case 2: An automotive parts producer used tinuvin 234 in the production of dashboard plastics. The dashboard is constantly exposed to sunlight inside the car. Before using the light stabilizer, the dashboard plastics would fade and crack within 1 - 2 years. After incorporating 0.3% of tinuvin 234, the dashboard plastics showed no visible signs of degradation after 5 years of use in various climate conditions.<\/p>\n<h2 id=\"contact\">Informaci\u00f3n de contacto<\/h2>\n<p>If you have any questions or need further information about Factory Supply tinuvin 234 cas 70321-86-7, please feel free to contact us. Our email address is info@vivalr.com, and our phone number is (86) 15866781826. We are committed to providing the best service and support to our customers.<\/p>","protected":false},"excerpt":{"rendered":"<p>User Guide for Factory Supply tinuvin 234 cas 70321-86-7 Basic Information and Parameters Uses of the Product How to Use the Product Usage Case Studies Contact Information Basic Information and Parameters Factory Supply tinuvin 234 cas 70321-86-7 is a high - performance light stabilizer. Its CAS number 70321 - 86 - 7 uniquely identifies it [&hellip;]<\/p>","protected":false},"featured_media":24991,"comment_status":"closed","ping_status":"open","template":"","meta":[],"product_brand":[],"product_cat":[15],"product_tag":[],"class_list":{"0":"post-7863","1":"product","2":"type-product","3":"status-publish","4":"has-post-thumbnail","6":"product_cat-uncategorized","8":"first","9":"instock","10":"product-type-simple"},"yoast_head":"<!-- This site is optimized with the Yoast SEO Premium plugin v24.4 (Yoast SEO v25.0) - https:\/\/yoast.com\/wordpress\/plugins\/seo\/ -->\n<title>Factory Supply tinuvin 234 cas 70321-86-7 With Best Price - Welcome to VIVALR- Your Trusted Source for Chemical Raw Materials\uff01<\/title>\n<meta name=\"robots\" content=\"index, follow, max-snippet:-1, max-image-preview:large, max-video-preview:-1\" \/>\n<link rel=\"canonical\" href=\"https:\/\/vivalr.com\/es\/product\/7863.html\" \/>\n<meta property=\"og:locale\" content=\"es_MX\" \/>\n<meta property=\"og:type\" content=\"article\" \/>\n<meta property=\"og:title\" content=\"Factory Supply tinuvin 234 cas 70321-86-7 With Best Price\" \/>\n<meta property=\"og:description\" content=\"User Guide for Factory Supply tinuvin 234 cas 70321-86-7 Basic Information and Parameters Uses of the Product How to Use the Product Usage Case Studies Contact Information Basic Information and Parameters Factory Supply tinuvin 234 cas 70321-86-7 is a high - performance light stabilizer. Its CAS number 70321 - 86 - 7 uniquely identifies it [&hellip;]\" \/>\n<meta property=\"og:url\" content=\"https:\/\/vivalr.com\/es\/product\/7863.html\" \/>\n<meta property=\"og:site_name\" content=\"Welcome to VIVALR- Your Trusted Source for Chemical Raw Materials\uff01\" \/>\n<meta property=\"article:modified_time\" content=\"2025-03-07T12:36:04+00:00\" \/>\n<meta property=\"og:image\" content=\"https:\/\/vivalr.com\/wp-content\/uploads\/2025\/03\/tinuvin-234-cas-70321-86-7.jpg\" \/>\n\t<meta property=\"og:image:width\" content=\"600\" \/>\n\t<meta property=\"og:image:height\" content=\"654\" \/>\n\t<meta property=\"og:image:type\" content=\"image\/jpeg\" \/>\n<meta name=\"twitter:card\" content=\"summary_large_image\" \/>\n<meta name=\"twitter:label1\" content=\"Tiempo de lectura\" \/>\n\t<meta name=\"twitter:data1\" content=\"3 minutos\" \/>\n<script type=\"application\/ld+json\" class=\"yoast-schema-graph\">{\"@context\":\"https:\/\/schema.org\",\"@graph\":[{\"@type\":\"WebPage\",\"@id\":\"https:\/\/vivalr.com\/product\/7863.html\",\"url\":\"https:\/\/vivalr.com\/product\/7863.html\",\"name\":\"Factory Supply tinuvin 234 cas 70321-86-7 With Best Price - Welcome to VIVALR- Your Trusted Source for Chemical Raw Materials\uff01\",\"isPartOf\":{\"@id\":\"https:\/\/vivalr.com\/#website\"},\"primaryImageOfPage\":{\"@id\":\"https:\/\/vivalr.com\/product\/7863.html#primaryimage\"},\"image\":{\"@id\":\"https:\/\/vivalr.com\/product\/7863.html#primaryimage\"},\"thumbnailUrl\":\"https:\/\/vivalr.com\/wp-content\/uploads\/2025\/03\/tinuvin-234-cas-70321-86-7.jpg\",\"datePublished\":\"2025-03-07T12:13:33+00:00\",\"dateModified\":\"2025-03-07T12:36:04+00:00\",\"breadcrumb\":{\"@id\":\"https:\/\/vivalr.com\/product\/7863.html#breadcrumb\"},\"inLanguage\":\"es\",\"potentialAction\":[{\"@type\":\"ReadAction\",\"target\":[\"https:\/\/vivalr.com\/product\/7863.html\"]}]},{\"@type\":\"ImageObject\",\"inLanguage\":\"es\",\"@id\":\"https:\/\/vivalr.com\/product\/7863.html#primaryimage\",\"url\":\"https:\/\/vivalr.com\/wp-content\/uploads\/2025\/03\/tinuvin-234-cas-70321-86-7.jpg\",\"contentUrl\":\"https:\/\/vivalr.com\/wp-content\/uploads\/2025\/03\/tinuvin-234-cas-70321-86-7.jpg\",\"width\":600,\"height\":654},{\"@type\":\"BreadcrumbList\",\"@id\":\"https:\/\/vivalr.com\/product\/7863.html#breadcrumb\",\"itemListElement\":[{\"@type\":\"ListItem\",\"position\":1,\"name\":\"Home\",\"item\":\"https:\/\/vivalr.com\/\"},{\"@type\":\"ListItem\",\"position\":2,\"name\":\"Shop\",\"item\":\"https:\/\/vivalr.com\/shop\/\"},{\"@type\":\"ListItem\",\"position\":3,\"name\":\"Factory Supply tinuvin 234 cas 70321-86-7 With Best Price\"}]},{\"@type\":\"WebSite\",\"@id\":\"https:\/\/vivalr.com\/#website\",\"url\":\"https:\/\/vivalr.com\/\",\"name\":\"Welcome to VIVALR- Your Trusted Source for Chemical Raw Materials\uff01\",\"description\":\"Discover a wide range of high-quality chemical raw materials to meet your industrial needs. Our commitment to excellence ensures that you get the best products and services.\",\"potentialAction\":[{\"@type\":\"SearchAction\",\"target\":{\"@type\":\"EntryPoint\",\"urlTemplate\":\"https:\/\/vivalr.com\/?s={search_term_string}\"},\"query-input\":{\"@type\":\"PropertyValueSpecification\",\"valueRequired\":true,\"valueName\":\"search_term_string\"}}],\"inLanguage\":\"es\"}]}<\/script>\n<!-- \/ Yoast SEO Premium plugin. -->","yoast_head_json":{"title":"Factory Supply tinuvin 234 cas 70321-86-7 With Best Price - Welcome to VIVALR- Your Trusted Source for Chemical Raw Materials\uff01","robots":{"index":"index","follow":"follow","max-snippet":"max-snippet:-1","max-image-preview":"max-image-preview:large","max-video-preview":"max-video-preview:-1"},"canonical":"https:\/\/vivalr.com\/es\/product\/7863.html","og_locale":"es_MX","og_type":"article","og_title":"Factory Supply tinuvin 234 cas 70321-86-7 With Best Price","og_description":"User Guide for Factory Supply tinuvin 234 cas 70321-86-7 Basic Information and Parameters Uses of the Product How to Use the Product Usage Case Studies Contact Information Basic Information and Parameters Factory Supply tinuvin 234 cas 70321-86-7 is a high - performance light stabilizer. Its CAS number 70321 - 86 - 7 uniquely identifies it [&hellip;]","og_url":"https:\/\/vivalr.com\/es\/product\/7863.html","og_site_name":"Welcome to VIVALR- Your Trusted Source for Chemical Raw Materials\uff01","article_modified_time":"2025-03-07T12:36:04+00:00","og_image":[{"width":600,"height":654,"url":"https:\/\/vivalr.com\/wp-content\/uploads\/2025\/03\/tinuvin-234-cas-70321-86-7.jpg","type":"image\/jpeg"}],"twitter_card":"summary_large_image","twitter_misc":{"Tiempo de lectura":"3 minutos"},"schema":{"@context":"https:\/\/schema.org","@graph":[{"@type":"WebPage","@id":"https:\/\/vivalr.com\/product\/7863.html","url":"https:\/\/vivalr.com\/product\/7863.html","name":"Factory Supply tinuvin 234 cas 70321-86-7 With Best Price - Welcome to VIVALR- Your Trusted Source for Chemical Raw Materials\uff01","isPartOf":{"@id":"https:\/\/vivalr.com\/#website"},"primaryImageOfPage":{"@id":"https:\/\/vivalr.com\/product\/7863.html#primaryimage"},"image":{"@id":"https:\/\/vivalr.com\/product\/7863.html#primaryimage"},"thumbnailUrl":"https:\/\/vivalr.com\/wp-content\/uploads\/2025\/03\/tinuvin-234-cas-70321-86-7.jpg","datePublished":"2025-03-07T12:13:33+00:00","dateModified":"2025-03-07T12:36:04+00:00","breadcrumb":{"@id":"https:\/\/vivalr.com\/product\/7863.html#breadcrumb"},"inLanguage":"es","potentialAction":[{"@type":"ReadAction","target":["https:\/\/vivalr.com\/product\/7863.html"]}]},{"@type":"ImageObject","inLanguage":"es","@id":"https:\/\/vivalr.com\/product\/7863.html#primaryimage","url":"https:\/\/vivalr.com\/wp-content\/uploads\/2025\/03\/tinuvin-234-cas-70321-86-7.jpg","contentUrl":"https:\/\/vivalr.com\/wp-content\/uploads\/2025\/03\/tinuvin-234-cas-70321-86-7.jpg","width":600,"height":654},{"@type":"BreadcrumbList","@id":"https:\/\/vivalr.com\/product\/7863.html#breadcrumb","itemListElement":[{"@type":"ListItem","position":1,"name":"Home","item":"https:\/\/vivalr.com\/"},{"@type":"ListItem","position":2,"name":"Shop","item":"https:\/\/vivalr.com\/shop\/"},{"@type":"ListItem","position":3,"name":"Factory Supply tinuvin 234 cas 70321-86-7 With Best Price"}]},{"@type":"WebSite","@id":"https:\/\/vivalr.com\/#website","url":"https:\/\/vivalr.com\/","name":"Bienvenido a VIVALR- Su fuente de confianza para materias primas qu\u00edmicas\uff01","description":"Descubra una amplia gama de materias primas qu\u00edmicas de alta calidad para satisfacer sus necesidades industriales. Nuestro compromiso con la excelencia le garantiza los mejores productos y servicios.","potentialAction":[{"@type":"SearchAction","target":{"@type":"EntryPoint","urlTemplate":"https:\/\/vivalr.com\/?s={search_term_string}"},"query-input":{"@type":"PropertyValueSpecification","valueRequired":true,"valueName":"search_term_string"}}],"inLanguage":"es"}]}},"_links":{"self":[{"href":"https:\/\/vivalr.com\/es\/wp-json\/wp\/v2\/product\/7863","targetHints":{"allow":["GET"]}}],"collection":[{"href":"https:\/\/vivalr.com\/es\/wp-json\/wp\/v2\/product"}],"about":[{"href":"https:\/\/vivalr.com\/es\/wp-json\/wp\/v2\/types\/product"}],"replies":[{"embeddable":true,"href":"https:\/\/vivalr.com\/es\/wp-json\/wp\/v2\/comments?post=7863"}],"wp:featuredmedia":[{"embeddable":true,"href":"https:\/\/vivalr.com\/es\/wp-json\/wp\/v2\/media\/24991"}],"wp:attachment":[{"href":"https:\/\/vivalr.com\/es\/wp-json\/wp\/v2\/media?parent=7863"}],"wp:term":[{"taxonomy":"product_brand","embeddable":true,"href":"https:\/\/vivalr.com\/es\/wp-json\/wp\/v2\/product_brand?post=7863"},{"taxonomy":"product_cat","embeddable":true,"href":"https:\/\/vivalr.com\/es\/wp-json\/wp\/v2\/product_cat?post=7863"},{"taxonomy":"product_tag","embeddable":true,"href":"https:\/\/vivalr.com\/es\/wp-json\/wp\/v2\/product_tag?post=7863"}],"curies":[{"name":"wp","href":"https:\/\/api.w.org\/{rel}","templated":true}]}}