{"id":7915,"date":"2025-03-07T12:13:35","date_gmt":"2025-03-07T12:13:35","guid":{"rendered":"https:\/\/vivalr.com\/product\/7915.html"},"modified":"2025-03-07T12:36:09","modified_gmt":"2025-03-07T12:36:09","slug":"factory-supply-octadecanethiol-cas-2885-00-9-with-best-price","status":"publish","type":"product","link":"https:\/\/vivalr.com\/es\/product\/7915.html","title":{"rendered":"Factory Supply Octadecanethiol cas 2885-00-9 With Best Price"},"content":{"rendered":"<h1>User Guide for Factory Supply Octadecanethiol cas 2885-00-9 With Best Price<\/h1>\n<ol>\n<li><a href=\"#basic_info\">Informaci\u00f3n b\u00e1sica y par\u00e1metros<\/a><\/li>\n<li><a href=\"#usage\">Usos del producto<\/a><\/li>\n<li><a href=\"#operation\">C\u00f3mo utilizar el producto<\/a><\/li>\n<li><a href=\"#case\">Casos de uso<\/a><\/li>\n<li><a href=\"#contact\">Informaci\u00f3n de contacto<\/a><\/li>\n<\/ol>\n<h2 id=\"basic_info\">Informaci\u00f3n b\u00e1sica y par\u00e1metros<\/h2>\n<p>Octadecanethiol, with the CAS number 2885 - 00 - 9, is a long - chain alkyl thiol compound. Chemically, it has the molecular formula C\u2081\u2088H\u2083\u2088S and a molecular weight of approximately 286.56 g\/mol. It appears as a white to off - white waxy solid at room temperature. The melting point of octadecanethiol ranges from 28 - 32\u00b0C, and its boiling point is around 365.2\u00b0C at 760 mmHg. It has a low solubility in water but is soluble in common organic solvents such as ethanol, acetone, and chloroform. The density of octadecanethiol is about 0.847 g\/cm\u00b3.<\/p>\n<h2 id=\"usage\">Usos del producto<\/h2>\n<p>Octadecanethiol has a wide range of applications in different fields. In the field of materials science, it is commonly used as a self - assembling monolayer (SAM) former. By forming a closely packed and ordered monolayer on a variety of substrates like gold, silver, and copper, it can modify the surface properties of these materials. This surface modification can enhance corrosion resistance, reduce surface energy, and improve lubrication properties. In the semiconductor industry, SAMs of octadecanethiol can be used to control the wetting behavior of photoresist materials during photolithography processes, which is crucial for the fabrication of high - precision microelectronic devices. In the field of nanotechnology, octadecanethiol is used to stabilize and functionalize nanoparticles. It can prevent the aggregation of nanoparticles and endow them with specific surface properties, enabling them to be used in biological imaging, drug delivery, and sensors.<\/p>\n<h2 id=\"operation\">C\u00f3mo utilizar el producto<\/h2>\n<p>When using octadecanethiol, appropriate safety precautions should be taken. Wear suitable protective clothing, gloves, and eye\/face protection. In a laboratory or industrial setting, first, measure the required amount of octadecanethiol according to the specific application. If it is used to form a self - assembling monolayer on a metal substrate, the substrate needs to be thoroughly cleaned and activated before being immersed in a solution of octadecanethiol in an organic solvent, such as ethanol. The concentration of the solution typically ranges from 1 mM to 10 mM. The immersion time can vary from several hours to overnight, depending on the desired thickness and quality of the monolayer. After the immersion process, the substrate should be rinsed with clean solvent to remove any excess octadecanethiol and dried gently with nitrogen or air. When using octadecanethiol to modify nanoparticles, it can be added to a solution containing the nanoparticles under appropriate reaction conditions, such as specific temperature and pH values, and then stirred for a certain period to ensure complete reaction.<\/p>\n<h2 id=\"case\">Casos de uso<\/h2>\n<p>Case 1: Corrosion Protection of Metal Surfaces<br \/>\nA company that manufactures metal components for the automotive industry used octadecanethiol to protect the surface of steel parts from corrosion. They prepared a 5 mM solution of octadecanethiol in ethanol and immersed the steel parts in the solution for 12 hours. After that, they conducted salt spray tests. The results showed that the steel parts treated with octadecanethiol had significantly better corrosion resistance compared to the untreated ones. The rusting rate was reduced by more than 80% after a 100 - hour salt spray test, which extended the service life of the metal components.<br \/>\nCase 2: Nanoparticle Stabilization in Biological Imaging<br \/>\nIn a research project on biological imaging, gold nanoparticles were synthesized and then functionalized with octadecanethiol. The octadecanethiol - modified gold nanoparticles were more stable in biological media and had better biocompatibility. They were used to label specific cells in vitro. The fluorescence imaging results showed that the labeled cells could be clearly distinguished, and the modified nanoparticles did not cause obvious cytotoxicity, indicating their potential for future in - vivo biological imaging applications.<\/p>\n<h2 id=\"contact\">Informaci\u00f3n de contacto<\/h2>\n<p>Si tiene alguna pregunta o necesita m\u00e1s informaci\u00f3n sobre este producto, no dude en ponerse en contacto con nosotros. Nuestra direcci\u00f3n de correo electr\u00f3nico es info@vivalr.com, y nuestro n\u00famero de tel\u00e9fono es (86) 15866781826.<\/p>","protected":false},"excerpt":{"rendered":"<p>User Guide for Factory Supply Octadecanethiol cas 2885-00-9 With Best Price Basic Information and Parameters Uses of the Product How to Use the Product Usage Cases Contact Information Basic Information and Parameters Octadecanethiol, with the CAS number 2885 - 00 - 9, is a long - chain alkyl thiol compound. Chemically, it has the molecular [&hellip;]<\/p>","protected":false},"featured_media":25017,"comment_status":"closed","ping_status":"open","template":"","meta":[],"product_brand":[],"product_cat":[15],"product_tag":[],"class_list":{"0":"post-7915","1":"product","2":"type-product","3":"status-publish","4":"has-post-thumbnail","6":"product_cat-uncategorized","8":"first","9":"instock","10":"product-type-simple"},"yoast_head":"<!-- This site is optimized with the Yoast SEO Premium plugin v24.4 (Yoast SEO v25.0) - https:\/\/yoast.com\/wordpress\/plugins\/seo\/ -->\n<title>Factory Supply Octadecanethiol cas 2885-00-9 With Best Price - Welcome to VIVALR- Your Trusted Source for Chemical Raw Materials\uff01<\/title>\n<meta name=\"robots\" content=\"index, follow, max-snippet:-1, max-image-preview:large, max-video-preview:-1\" \/>\n<link rel=\"canonical\" href=\"https:\/\/vivalr.com\/es\/product\/7915.html\" \/>\n<meta property=\"og:locale\" content=\"es_MX\" \/>\n<meta property=\"og:type\" content=\"article\" \/>\n<meta property=\"og:title\" content=\"Factory Supply Octadecanethiol cas 2885-00-9 With Best Price\" \/>\n<meta property=\"og:description\" content=\"User Guide for Factory Supply Octadecanethiol cas 2885-00-9 With Best Price Basic Information and Parameters Uses of the Product How to Use the Product Usage Cases Contact Information Basic Information and Parameters Octadecanethiol, with the CAS number 2885 - 00 - 9, is a long - chain alkyl thiol compound. Chemically, it has the molecular [&hellip;]\" \/>\n<meta property=\"og:url\" content=\"https:\/\/vivalr.com\/es\/product\/7915.html\" \/>\n<meta property=\"og:site_name\" content=\"Welcome to VIVALR- Your Trusted Source for Chemical Raw Materials\uff01\" \/>\n<meta property=\"article:modified_time\" content=\"2025-03-07T12:36:09+00:00\" \/>\n<meta property=\"og:image\" content=\"https:\/\/vivalr.com\/wp-content\/uploads\/2025\/03\/Octadecanethiol-cas-2885-00-9.jpg\" \/>\n\t<meta property=\"og:image:width\" content=\"600\" \/>\n\t<meta property=\"og:image:height\" content=\"654\" \/>\n\t<meta property=\"og:image:type\" content=\"image\/jpeg\" \/>\n<meta name=\"twitter:card\" content=\"summary_large_image\" \/>\n<meta name=\"twitter:label1\" content=\"Tiempo de lectura\" \/>\n\t<meta name=\"twitter:data1\" content=\"3 minutos\" \/>\n<script type=\"application\/ld+json\" class=\"yoast-schema-graph\">{\"@context\":\"https:\/\/schema.org\",\"@graph\":[{\"@type\":\"WebPage\",\"@id\":\"https:\/\/vivalr.com\/product\/7915.html\",\"url\":\"https:\/\/vivalr.com\/product\/7915.html\",\"name\":\"Factory Supply Octadecanethiol cas 2885-00-9 With Best Price - Welcome to VIVALR- Your Trusted Source for Chemical Raw Materials\uff01\",\"isPartOf\":{\"@id\":\"https:\/\/vivalr.com\/#website\"},\"primaryImageOfPage\":{\"@id\":\"https:\/\/vivalr.com\/product\/7915.html#primaryimage\"},\"image\":{\"@id\":\"https:\/\/vivalr.com\/product\/7915.html#primaryimage\"},\"thumbnailUrl\":\"https:\/\/vivalr.com\/wp-content\/uploads\/2025\/03\/Octadecanethiol-cas-2885-00-9.jpg\",\"datePublished\":\"2025-03-07T12:13:35+00:00\",\"dateModified\":\"2025-03-07T12:36:09+00:00\",\"breadcrumb\":{\"@id\":\"https:\/\/vivalr.com\/product\/7915.html#breadcrumb\"},\"inLanguage\":\"es\",\"potentialAction\":[{\"@type\":\"ReadAction\",\"target\":[\"https:\/\/vivalr.com\/product\/7915.html\"]}]},{\"@type\":\"ImageObject\",\"inLanguage\":\"es\",\"@id\":\"https:\/\/vivalr.com\/product\/7915.html#primaryimage\",\"url\":\"https:\/\/vivalr.com\/wp-content\/uploads\/2025\/03\/Octadecanethiol-cas-2885-00-9.jpg\",\"contentUrl\":\"https:\/\/vivalr.com\/wp-content\/uploads\/2025\/03\/Octadecanethiol-cas-2885-00-9.jpg\",\"width\":600,\"height\":654},{\"@type\":\"BreadcrumbList\",\"@id\":\"https:\/\/vivalr.com\/product\/7915.html#breadcrumb\",\"itemListElement\":[{\"@type\":\"ListItem\",\"position\":1,\"name\":\"Home\",\"item\":\"https:\/\/vivalr.com\/\"},{\"@type\":\"ListItem\",\"position\":2,\"name\":\"Shop\",\"item\":\"https:\/\/vivalr.com\/shop\/\"},{\"@type\":\"ListItem\",\"position\":3,\"name\":\"Factory Supply Octadecanethiol cas 2885-00-9 With Best Price\"}]},{\"@type\":\"WebSite\",\"@id\":\"https:\/\/vivalr.com\/#website\",\"url\":\"https:\/\/vivalr.com\/\",\"name\":\"Welcome to VIVALR- Your Trusted Source for Chemical Raw Materials\uff01\",\"description\":\"Discover a wide range of high-quality chemical raw materials to meet your industrial needs. Our commitment to excellence ensures that you get the best products and services.\",\"potentialAction\":[{\"@type\":\"SearchAction\",\"target\":{\"@type\":\"EntryPoint\",\"urlTemplate\":\"https:\/\/vivalr.com\/?s={search_term_string}\"},\"query-input\":{\"@type\":\"PropertyValueSpecification\",\"valueRequired\":true,\"valueName\":\"search_term_string\"}}],\"inLanguage\":\"es\"}]}<\/script>\n<!-- \/ Yoast SEO Premium plugin. -->","yoast_head_json":{"title":"Factory Supply Octadecanethiol cas 2885-00-9 With Best Price - Welcome to VIVALR- Your Trusted Source for Chemical Raw Materials\uff01","robots":{"index":"index","follow":"follow","max-snippet":"max-snippet:-1","max-image-preview":"max-image-preview:large","max-video-preview":"max-video-preview:-1"},"canonical":"https:\/\/vivalr.com\/es\/product\/7915.html","og_locale":"es_MX","og_type":"article","og_title":"Factory Supply Octadecanethiol cas 2885-00-9 With Best Price","og_description":"User Guide for Factory Supply Octadecanethiol cas 2885-00-9 With Best Price Basic Information and Parameters Uses of the Product How to Use the Product Usage Cases Contact Information Basic Information and Parameters Octadecanethiol, with the CAS number 2885 - 00 - 9, is a long - chain alkyl thiol compound. Chemically, it has the molecular [&hellip;]","og_url":"https:\/\/vivalr.com\/es\/product\/7915.html","og_site_name":"Welcome to VIVALR- Your Trusted Source for Chemical Raw Materials\uff01","article_modified_time":"2025-03-07T12:36:09+00:00","og_image":[{"width":600,"height":654,"url":"https:\/\/vivalr.com\/wp-content\/uploads\/2025\/03\/Octadecanethiol-cas-2885-00-9.jpg","type":"image\/jpeg"}],"twitter_card":"summary_large_image","twitter_misc":{"Tiempo de lectura":"3 minutos"},"schema":{"@context":"https:\/\/schema.org","@graph":[{"@type":"WebPage","@id":"https:\/\/vivalr.com\/product\/7915.html","url":"https:\/\/vivalr.com\/product\/7915.html","name":"Factory Supply Octadecanethiol cas 2885-00-9 With Best Price - Welcome to VIVALR- Your Trusted Source for Chemical Raw Materials\uff01","isPartOf":{"@id":"https:\/\/vivalr.com\/#website"},"primaryImageOfPage":{"@id":"https:\/\/vivalr.com\/product\/7915.html#primaryimage"},"image":{"@id":"https:\/\/vivalr.com\/product\/7915.html#primaryimage"},"thumbnailUrl":"https:\/\/vivalr.com\/wp-content\/uploads\/2025\/03\/Octadecanethiol-cas-2885-00-9.jpg","datePublished":"2025-03-07T12:13:35+00:00","dateModified":"2025-03-07T12:36:09+00:00","breadcrumb":{"@id":"https:\/\/vivalr.com\/product\/7915.html#breadcrumb"},"inLanguage":"es","potentialAction":[{"@type":"ReadAction","target":["https:\/\/vivalr.com\/product\/7915.html"]}]},{"@type":"ImageObject","inLanguage":"es","@id":"https:\/\/vivalr.com\/product\/7915.html#primaryimage","url":"https:\/\/vivalr.com\/wp-content\/uploads\/2025\/03\/Octadecanethiol-cas-2885-00-9.jpg","contentUrl":"https:\/\/vivalr.com\/wp-content\/uploads\/2025\/03\/Octadecanethiol-cas-2885-00-9.jpg","width":600,"height":654},{"@type":"BreadcrumbList","@id":"https:\/\/vivalr.com\/product\/7915.html#breadcrumb","itemListElement":[{"@type":"ListItem","position":1,"name":"Home","item":"https:\/\/vivalr.com\/"},{"@type":"ListItem","position":2,"name":"Shop","item":"https:\/\/vivalr.com\/shop\/"},{"@type":"ListItem","position":3,"name":"Factory Supply Octadecanethiol cas 2885-00-9 With Best Price"}]},{"@type":"WebSite","@id":"https:\/\/vivalr.com\/#website","url":"https:\/\/vivalr.com\/","name":"Bienvenido a VIVALR- Su fuente de confianza para materias primas qu\u00edmicas\uff01","description":"Descubra una amplia gama de materias primas qu\u00edmicas de alta calidad para satisfacer sus necesidades industriales. Nuestro compromiso con la excelencia le garantiza los mejores productos y servicios.","potentialAction":[{"@type":"SearchAction","target":{"@type":"EntryPoint","urlTemplate":"https:\/\/vivalr.com\/?s={search_term_string}"},"query-input":{"@type":"PropertyValueSpecification","valueRequired":true,"valueName":"search_term_string"}}],"inLanguage":"es"}]}},"_links":{"self":[{"href":"https:\/\/vivalr.com\/es\/wp-json\/wp\/v2\/product\/7915","targetHints":{"allow":["GET"]}}],"collection":[{"href":"https:\/\/vivalr.com\/es\/wp-json\/wp\/v2\/product"}],"about":[{"href":"https:\/\/vivalr.com\/es\/wp-json\/wp\/v2\/types\/product"}],"replies":[{"embeddable":true,"href":"https:\/\/vivalr.com\/es\/wp-json\/wp\/v2\/comments?post=7915"}],"wp:featuredmedia":[{"embeddable":true,"href":"https:\/\/vivalr.com\/es\/wp-json\/wp\/v2\/media\/25017"}],"wp:attachment":[{"href":"https:\/\/vivalr.com\/es\/wp-json\/wp\/v2\/media?parent=7915"}],"wp:term":[{"taxonomy":"product_brand","embeddable":true,"href":"https:\/\/vivalr.com\/es\/wp-json\/wp\/v2\/product_brand?post=7915"},{"taxonomy":"product_cat","embeddable":true,"href":"https:\/\/vivalr.com\/es\/wp-json\/wp\/v2\/product_cat?post=7915"},{"taxonomy":"product_tag","embeddable":true,"href":"https:\/\/vivalr.com\/es\/wp-json\/wp\/v2\/product_tag?post=7915"}],"curies":[{"name":"wp","href":"https:\/\/api.w.org\/{rel}","templated":true}]}}