{"id":8968,"date":"2025-03-07T12:14:47","date_gmt":"2025-03-07T12:14:47","guid":{"rendered":"https:\/\/vivalr.com\/product\/8968.html"},"modified":"2025-03-07T12:38:14","modified_gmt":"2025-03-07T12:38:14","slug":"high-quality-gallic-acid-cas-149-91-7-with-good-price","status":"publish","type":"product","link":"https:\/\/vivalr.com\/es\/product\/8968.html","title":{"rendered":"High Quality gallic acid cas 149-91-7 With Good Price"},"content":{"rendered":"<h1>User Guide for High Quality Gallic Acid CAS 149-91-7 With Good Price<\/h1>\n<ol>\n<li><a href=\"#basic_info\">Informaci\u00f3n b\u00e1sica y par\u00e1metros<\/a><\/li>\n<li><a href=\"#uses\">Usos del producto<\/a><\/li>\n<li><a href=\"#usage\">C\u00f3mo utilizar el producto<\/a><\/li>\n<li><a href=\"#usage_cases\">Casos de uso detallados<\/a><\/li>\n<li><a href=\"#contact\">Informaci\u00f3n de contacto<\/a><\/li>\n<\/ol>\n<h2 id=\"basic_info\">Informaci\u00f3n b\u00e1sica y par\u00e1metros<\/h2>\n<p>Our product, High Quality gallic acid cas 149-91-7 With Good Price, is a high - purity chemical compound. Gallic acid, chemically known as 3,4,5 - Trihydroxybenzoic acid, has a molecular formula of C\u2087H\u2086O\u2085 and a molecular weight of approximately 170.12 g\/mol. It appears as a white to light - yellow crystalline powder. This product is compliant with international quality standards, ensuring its high purity and stability. The melting point of gallic acid is around 250 - 252\u00b0C (decomposes). It is sparingly soluble in cold water but soluble in hot water, alcohol, and ether. <\/p>\n<h2 id=\"uses\">Usos del producto<\/h2>\n<p>1. **Antioxidant in the Food Industry**: Gallic acid is widely used as an antioxidant in the food industry. It can prevent the oxidation of fats, oils, and other food components, thereby extending the shelf - life of food products. For example, it can be added to edible oils to prevent rancidity.<br \/>\n2. **Pharmaceutical Applications**: In the pharmaceutical field, gallic acid has various biological activities. It has anti - inflammatory, antibacterial, and antiviral properties. It can be used in the development of drugs for treating inflammatory diseases, skin infections, and even some viral diseases.<br \/>\n3. **Cosmetics**: Due to its antioxidant and anti - aging properties, gallic acid is also used in cosmetics. It can protect the skin from free - radical damage, reduce wrinkles, and improve skin texture.<br \/>\n4. **Chemical Synthesis**: It serves as an important intermediate in chemical synthesis. It can be used to synthesize other valuable compounds, such as esters and derivatives with specific functions.<\/p>\n<h2 id=\"usage\">C\u00f3mo utilizar el producto<\/h2>\n<p>1. **Food Industry**: When using gallic acid as an antioxidant in food, the recommended dosage is usually in the range of 0.01% - 0.1% (w\/w) depending on the type of food product. First, dissolve the appropriate amount of gallic acid in a small amount of hot water or an appropriate solvent. Then add the solution to the food during the manufacturing process.<br \/>\n2. **Pharmaceutical Applications**: In drug formulation, the dosage and usage method should be determined according to the specific drug development requirements and relevant clinical trials. It may be formulated into tablets, capsules, or topical creams.<br \/>\n3. **Cosmetics**: For cosmetic products, gallic acid can be added to creams, lotions, or serums. The concentration is typically in the range of 0.5% - 5%. Mix it well with other cosmetic ingredients during the production process.<\/p>\n<h2 id=\"usage_cases\">Casos de uso detallados<\/h2>\n<p>1. **Edible Oil Preservation**: A food manufacturing company added 0.05% (w\/w) of gallic acid to their sunflower oil. They stored the oil under normal storage conditions for 6 months. After the storage period, the oil showed significantly less oxidation compared to the control group without gallic acid. The peroxide value and anisidine value, which are indicators of oil oxidation, were much lower in the oil with gallic acid.<br \/>\n2. **Treatment of Skin Infections**: A pharmaceutical research group developed a topical cream containing 1% gallic acid for treating mild skin infections. In a clinical trial involving 50 patients with superficial skin infections, after 2 weeks of treatment, 80% of the patients showed significant improvement in symptoms such as redness, swelling, and itching.<br \/>\n3. **Anti - Aging Cosmetic**: A cosmetic brand launched a serum containing 3% gallic acid. After a 4 - week trial with 100 volunteers, 70% of the volunteers reported an improvement in skin elasticity and a reduction in the appearance of fine lines.<\/p>\n<h2 id=\"contact\">Informaci\u00f3n de contacto<\/h2>\n<p>If you have any questions or need more information about our High Quality gallic acid cas 149-91-7 With Good Price, please feel free to contact us.<br \/>\nCorreo electr\u00f3nico: info@vivalr.com<br \/>\nTel\u00e9fono: (86) 15866781826<\/p>","protected":false},"excerpt":{"rendered":"<p>User Guide for High Quality Gallic Acid CAS 149-91-7 With Good Price Basic Information and Parameters Uses of the Product How to Use the Product Detailed Usage Cases Contact Information Basic Information and Parameters Our product, High Quality gallic acid cas 149-91-7 With Good Price, is a high - purity chemical compound. Gallic acid, chemically [&hellip;]<\/p>","protected":false},"featured_media":25540,"comment_status":"closed","ping_status":"open","template":"","meta":[],"product_brand":[],"product_cat":[15],"product_tag":[],"class_list":{"0":"post-8968","1":"product","2":"type-product","3":"status-publish","4":"has-post-thumbnail","6":"product_cat-uncategorized","8":"first","9":"instock","10":"product-type-simple"},"yoast_head":"<!-- This site is optimized with the Yoast SEO Premium plugin v24.4 (Yoast SEO v27.4) - https:\/\/yoast.com\/product\/yoast-seo-premium-wordpress\/ -->\n<title>High Quality gallic acid cas 149-91-7 With Good Price - Welcome to VIVALR- Your Trusted Source for Chemical Raw Materials\uff01<\/title>\n<meta name=\"robots\" content=\"index, follow, max-snippet:-1, max-image-preview:large, max-video-preview:-1\" \/>\n<link rel=\"canonical\" href=\"https:\/\/vivalr.com\/es\/product\/8968.html\" \/>\n<meta property=\"og:locale\" content=\"es_MX\" \/>\n<meta property=\"og:type\" content=\"article\" \/>\n<meta property=\"og:title\" content=\"High Quality gallic acid cas 149-91-7 With Good Price\" \/>\n<meta property=\"og:description\" content=\"User Guide for High Quality Gallic Acid CAS 149-91-7 With Good Price Basic Information and Parameters Uses of the Product How to Use the Product Detailed Usage Cases Contact Information Basic Information and Parameters Our product, High Quality gallic acid cas 149-91-7 With Good Price, is a high - purity chemical compound. Gallic acid, chemically [&hellip;]\" \/>\n<meta property=\"og:url\" content=\"https:\/\/vivalr.com\/es\/product\/8968.html\" \/>\n<meta property=\"og:site_name\" content=\"Welcome to VIVALR- Your Trusted Source for Chemical Raw Materials\uff01\" \/>\n<meta property=\"article:modified_time\" content=\"2025-03-07T12:38:14+00:00\" \/>\n<meta property=\"og:image\" content=\"https:\/\/vivalr.com\/wp-content\/uploads\/2025\/03\/11-9.jpg\" \/>\n\t<meta property=\"og:image:width\" content=\"400\" \/>\n\t<meta property=\"og:image:height\" content=\"400\" \/>\n\t<meta property=\"og:image:type\" content=\"image\/jpeg\" \/>\n<meta name=\"twitter:card\" content=\"summary_large_image\" \/>\n<meta name=\"twitter:label1\" content=\"Tiempo de lectura\" \/>\n\t<meta name=\"twitter:data1\" content=\"3 minutos\" \/>\n<script type=\"application\/ld+json\" class=\"yoast-schema-graph\">{\"@context\":\"https:\\\/\\\/schema.org\",\"@graph\":[{\"@type\":\"WebPage\",\"@id\":\"https:\\\/\\\/vivalr.com\\\/product\\\/8968.html\",\"url\":\"https:\\\/\\\/vivalr.com\\\/product\\\/8968.html\",\"name\":\"High Quality gallic acid cas 149-91-7 With Good Price - Welcome to VIVALR- Your Trusted Source for Chemical Raw Materials\uff01\",\"isPartOf\":{\"@id\":\"https:\\\/\\\/vivalr.com\\\/#website\"},\"primaryImageOfPage\":{\"@id\":\"https:\\\/\\\/vivalr.com\\\/product\\\/8968.html#primaryimage\"},\"image\":{\"@id\":\"https:\\\/\\\/vivalr.com\\\/product\\\/8968.html#primaryimage\"},\"thumbnailUrl\":\"https:\\\/\\\/vivalr.com\\\/wp-content\\\/uploads\\\/2025\\\/03\\\/11-9.jpg\",\"datePublished\":\"2025-03-07T12:14:47+00:00\",\"dateModified\":\"2025-03-07T12:38:14+00:00\",\"breadcrumb\":{\"@id\":\"https:\\\/\\\/vivalr.com\\\/product\\\/8968.html#breadcrumb\"},\"inLanguage\":\"es\",\"potentialAction\":[{\"@type\":\"ReadAction\",\"target\":[\"https:\\\/\\\/vivalr.com\\\/product\\\/8968.html\"]}]},{\"@type\":\"ImageObject\",\"inLanguage\":\"es\",\"@id\":\"https:\\\/\\\/vivalr.com\\\/product\\\/8968.html#primaryimage\",\"url\":\"https:\\\/\\\/vivalr.com\\\/wp-content\\\/uploads\\\/2025\\\/03\\\/11-9.jpg\",\"contentUrl\":\"https:\\\/\\\/vivalr.com\\\/wp-content\\\/uploads\\\/2025\\\/03\\\/11-9.jpg\",\"width\":400,\"height\":400},{\"@type\":\"BreadcrumbList\",\"@id\":\"https:\\\/\\\/vivalr.com\\\/product\\\/8968.html#breadcrumb\",\"itemListElement\":[{\"@type\":\"ListItem\",\"position\":1,\"name\":\"Home\",\"item\":\"https:\\\/\\\/vivalr.com\\\/\"},{\"@type\":\"ListItem\",\"position\":2,\"name\":\"Shop\",\"item\":\"https:\\\/\\\/vivalr.com\\\/shop\\\/\"},{\"@type\":\"ListItem\",\"position\":3,\"name\":\"High Quality gallic acid cas 149-91-7 With Good Price\"}]},{\"@type\":\"WebSite\",\"@id\":\"https:\\\/\\\/vivalr.com\\\/#website\",\"url\":\"https:\\\/\\\/vivalr.com\\\/\",\"name\":\"Welcome to VIVALR- Your Trusted Source for Chemical Raw Materials\uff01\",\"description\":\"Discover a wide range of high-quality chemical raw materials to meet your industrial needs. Our commitment to excellence ensures that you get the best products and services.\",\"potentialAction\":[{\"@type\":\"SearchAction\",\"target\":{\"@type\":\"EntryPoint\",\"urlTemplate\":\"https:\\\/\\\/vivalr.com\\\/?s={search_term_string}\"},\"query-input\":{\"@type\":\"PropertyValueSpecification\",\"valueRequired\":true,\"valueName\":\"search_term_string\"}}],\"inLanguage\":\"es\"}]}<\/script>\n<!-- \/ Yoast SEO Premium plugin. -->","yoast_head_json":{"title":"High Quality gallic acid cas 149-91-7 With Good Price - Welcome to VIVALR- Your Trusted Source for Chemical Raw Materials\uff01","robots":{"index":"index","follow":"follow","max-snippet":"max-snippet:-1","max-image-preview":"max-image-preview:large","max-video-preview":"max-video-preview:-1"},"canonical":"https:\/\/vivalr.com\/es\/product\/8968.html","og_locale":"es_MX","og_type":"article","og_title":"High Quality gallic acid cas 149-91-7 With Good Price","og_description":"User Guide for High Quality Gallic Acid CAS 149-91-7 With Good Price Basic Information and Parameters Uses of the Product How to Use the Product Detailed Usage Cases Contact Information Basic Information and Parameters Our product, High Quality gallic acid cas 149-91-7 With Good Price, is a high - purity chemical compound. Gallic acid, chemically [&hellip;]","og_url":"https:\/\/vivalr.com\/es\/product\/8968.html","og_site_name":"Welcome to VIVALR- Your Trusted Source for Chemical Raw Materials\uff01","article_modified_time":"2025-03-07T12:38:14+00:00","og_image":[{"width":400,"height":400,"url":"https:\/\/vivalr.com\/wp-content\/uploads\/2025\/03\/11-9.jpg","type":"image\/jpeg"}],"twitter_card":"summary_large_image","twitter_misc":{"Tiempo de lectura":"3 minutos"},"schema":{"@context":"https:\/\/schema.org","@graph":[{"@type":"WebPage","@id":"https:\/\/vivalr.com\/product\/8968.html","url":"https:\/\/vivalr.com\/product\/8968.html","name":"High Quality gallic acid cas 149-91-7 With Good Price - Welcome to VIVALR- Your Trusted Source for Chemical Raw Materials\uff01","isPartOf":{"@id":"https:\/\/vivalr.com\/#website"},"primaryImageOfPage":{"@id":"https:\/\/vivalr.com\/product\/8968.html#primaryimage"},"image":{"@id":"https:\/\/vivalr.com\/product\/8968.html#primaryimage"},"thumbnailUrl":"https:\/\/vivalr.com\/wp-content\/uploads\/2025\/03\/11-9.jpg","datePublished":"2025-03-07T12:14:47+00:00","dateModified":"2025-03-07T12:38:14+00:00","breadcrumb":{"@id":"https:\/\/vivalr.com\/product\/8968.html#breadcrumb"},"inLanguage":"es","potentialAction":[{"@type":"ReadAction","target":["https:\/\/vivalr.com\/product\/8968.html"]}]},{"@type":"ImageObject","inLanguage":"es","@id":"https:\/\/vivalr.com\/product\/8968.html#primaryimage","url":"https:\/\/vivalr.com\/wp-content\/uploads\/2025\/03\/11-9.jpg","contentUrl":"https:\/\/vivalr.com\/wp-content\/uploads\/2025\/03\/11-9.jpg","width":400,"height":400},{"@type":"BreadcrumbList","@id":"https:\/\/vivalr.com\/product\/8968.html#breadcrumb","itemListElement":[{"@type":"ListItem","position":1,"name":"Home","item":"https:\/\/vivalr.com\/"},{"@type":"ListItem","position":2,"name":"Shop","item":"https:\/\/vivalr.com\/shop\/"},{"@type":"ListItem","position":3,"name":"High Quality gallic acid cas 149-91-7 With Good Price"}]},{"@type":"WebSite","@id":"https:\/\/vivalr.com\/#website","url":"https:\/\/vivalr.com\/","name":"Bienvenido a VIVALR- Su fuente de confianza para materias primas qu\u00edmicas\uff01","description":"Descubra una amplia gama de materias primas qu\u00edmicas de alta calidad para satisfacer sus necesidades industriales. Nuestro compromiso con la excelencia le garantiza los mejores productos y servicios.","potentialAction":[{"@type":"SearchAction","target":{"@type":"EntryPoint","urlTemplate":"https:\/\/vivalr.com\/?s={search_term_string}"},"query-input":{"@type":"PropertyValueSpecification","valueRequired":true,"valueName":"search_term_string"}}],"inLanguage":"es"}]}},"_links":{"self":[{"href":"https:\/\/vivalr.com\/es\/wp-json\/wp\/v2\/product\/8968","targetHints":{"allow":["GET"]}}],"collection":[{"href":"https:\/\/vivalr.com\/es\/wp-json\/wp\/v2\/product"}],"about":[{"href":"https:\/\/vivalr.com\/es\/wp-json\/wp\/v2\/types\/product"}],"replies":[{"embeddable":true,"href":"https:\/\/vivalr.com\/es\/wp-json\/wp\/v2\/comments?post=8968"}],"wp:featuredmedia":[{"embeddable":true,"href":"https:\/\/vivalr.com\/es\/wp-json\/wp\/v2\/media\/25540"}],"wp:attachment":[{"href":"https:\/\/vivalr.com\/es\/wp-json\/wp\/v2\/media?parent=8968"}],"wp:term":[{"taxonomy":"product_brand","embeddable":true,"href":"https:\/\/vivalr.com\/es\/wp-json\/wp\/v2\/product_brand?post=8968"},{"taxonomy":"product_cat","embeddable":true,"href":"https:\/\/vivalr.com\/es\/wp-json\/wp\/v2\/product_cat?post=8968"},{"taxonomy":"product_tag","embeddable":true,"href":"https:\/\/vivalr.com\/es\/wp-json\/wp\/v2\/product_tag?post=8968"}],"curies":[{"name":"wp","href":"https:\/\/api.w.org\/{rel}","templated":true}]}}