{"id":100,"date":"2025-03-07T12:05:06","date_gmt":"2025-03-07T12:05:06","guid":{"rendered":"https:\/\/vivalr.com\/product\/100.html"},"modified":"2025-03-07T12:21:24","modified_gmt":"2025-03-07T12:21:24","slug":"factory-supply-2-butyl-5-nitrobenzofuran-3-yl4-hydroxyphenylmethanone-cas-141645-16-1-with-best-price","status":"publish","type":"product","link":"https:\/\/vivalr.com\/pt\/product\/100.html","title":{"rendered":"Fornecimento de f\u00e1brica (2-butil-5-nitrobenzofurano-3-il) (4-hidroxifenil) metanona Cas 141645-16-1 com melhor pre\u00e7o"},"content":{"rendered":"<div class=\"container\">\n<h1>Fornecimento de F\u00e1brica (2-Butil-5-nitrobenzofurano-3-il)(4-hidroxifenil)metanona (CAS 141645-16-1)<\/h1>\n<p>    <!-- Table of Contents --><\/p>\n<div class=\"toc\">\n<h2>\u00cdndice<\/h2>\n<ul>\n<li><a href=\"#product-overview\">Vis\u00e3o geral do produto<\/a><\/li>\n<li><a href=\"#specifications\">Especifica\u00e7\u00f5es t\u00e9cnicas<\/a><\/li>\n<li><a href=\"#applications\">Principais aplica\u00e7\u00f5es<\/a><\/li>\n<li><a href=\"#usage-guide\">Diretrizes de utiliza\u00e7\u00e3o<\/a><\/li>\n<li><a href=\"#case-studies\">Estudos de casos do sector<\/a><\/li>\n<li><a href=\"#contact\">Informa\u00e7\u00f5es de contacto<\/a><\/li>\n<\/ul><\/div>\n<p>    <!-- Product Overview --><\/p>\n<section id=\"product-overview\">\n<h2>Vis\u00e3o geral do produto<\/h2>\n<p>A (2-butil-5-nitrobenzofurano-3-il)(4-hidroxifenil)metanona (CAS 141645-16-1) \u00e9 um composto org\u00e2nico de elevada pureza amplamente utilizado em produtos farmac\u00eauticos interm\u00e9dios e na s\u00edntese de produtos qu\u00edmicos especializados. A sua estrutura molecular combina grupos benzofurano e hidroxifenilo, tornando-o valioso para investiga\u00e7\u00e3o avan\u00e7ada e aplica\u00e7\u00f5es industriais.<\/p>\n<\/section>\n<p>    <!-- Technical Specifications --><\/p>\n<section id=\"specifications\">\n<h2>Especifica\u00e7\u00f5es t\u00e9cnicas<\/h2>\n<ul>\n<li><strong>N\u00famero CAS:<\/strong> 141645-16-1<\/li>\n<li><strong>F\u00f3rmula molecular:<\/strong> C<sub>19<\/sub>H<sub>17<\/sub>N\u00c3O<sub>5<\/sub><\/li>\n<li><strong>Peso molecular:<\/strong> 339,34 g\/mol<\/li>\n<li><strong>Apar\u00eancia:<\/strong> P\u00f3 cristalino amarelo a castanho claro<\/li>\n<li><strong>Pureza:<\/strong> \u226598% (HPLC)<\/li>\n<li><strong>Armazenamento:<\/strong> 2-8\u00b0C em recipientes herm\u00e9ticos, protegidos da luz<\/li>\n<\/ul>\n<\/section>\n<p>    <!-- Key Applications --><\/p>\n<section id=\"applications\">\n<h2>Principais aplica\u00e7\u00f5es<\/h2>\n<h3>Intermedi\u00e1rios farmac\u00eauticos<\/h3>\n<p>Utilizado na s\u00edntese de novos candidatos a medicamentos destinados a doen\u00e7as inflamat\u00f3rias e metab\u00f3licas.<\/p>\n<h3>S\u00edntese Org\u00e2nica<\/h3>\n<p>Serve como um bloco de constru\u00e7\u00e3o para compostos heteroc\u00edclicos complexos na investiga\u00e7\u00e3o agroqu\u00edmica e de ci\u00eancia dos materiais.<\/p>\n<\/section>\n<p>    <!-- Usage Guidelines --><\/p>\n<section id=\"usage-guide\">\n<h2>Diretrizes de utiliza\u00e7\u00e3o<\/h2>\n<h3>Procedimentos de manuseamento<\/h3>\n<ol>\n<li>Utilizar EPI (luvas, \u00f3culos de prote\u00e7\u00e3o, bata de laborat\u00f3rio) em ambientes controlados<\/li>\n<li>Utilizar sob capela de fumos para manuseamento de p\u00f3s<\/li>\n<li>Armazenar separadamente de oxidantes fortes<\/li>\n<\/ol>\n<h3>Dados de solubilidade<\/h3>\n<p>Sol\u00favel em DMSO, DMF; moderadamente sol\u00favel em etanol; insol\u00favel em \u00e1gua.<\/p>\n<\/section>\n<p>    <!-- Case Studies --><\/p>\n<section id=\"case-studies\">\n<h2>Estudos de casos do sector<\/h2>\n<h3>Caso 1: Desenvolvimento de medicamentos antivirais<\/h3>\n<p>Utilizado como intermedi\u00e1rio chave na s\u00edntese de an\u00e1logos de inibidores NS5A durante a descoberta de medicamentos para a hepatite C (2019-2022).<\/p>\n<h3>Caso 2: Investiga\u00e7\u00e3o sobre aditivos para pol\u00edmeros<\/h3>\n<p>Estabilidade UV melhorada em misturas de policarbonato durante o ensaio de materiais com uma concentra\u00e7\u00e3o de 5% w\/w.<\/p>\n<\/section>\n<p>    <!-- Contact --><\/p>\n<section id=\"contact\">\n<h2>Informa\u00e7\u00f5es de contacto<\/h2>\n<p>Correio eletr\u00f3nico: <a href=\"mailto:info@vivalr.com\">info@vivalr.com<\/a><br \/>\n        Telefone: <a href=\"tel:+8615866781826\">(86) 15866781826<\/a><\/p>\n<\/section>\n<\/div>\n<style>\n    .container {max-width: 1200px; margin: 0 auto; padding: 20px;}\n    .toc {background: #f8f9fa; padding: 15px; margin-bottom: 30px;}\n    section {margin: 25px 0; padding: 20px 0; border-bottom: 1px solid #eee;}\n    h2 {color: #2c3e50; margin-top: 35px;}\n    h3 {color: #34495e; margin-top: 25px;}\n    ul {list-style-type: square; margin-left: 20px;}\n<\/style>","protected":false},"excerpt":{"rendered":"<p>Fornecimento de f\u00e1brica (2-Butil-5-nitrobenzofurano-3-il)(4-hidroxifenil)metanona (CAS 141645-16-1) \u00cdndice Vis\u00e3o geral do produto Especifica\u00e7\u00f5es t\u00e9cnicas Principais aplica\u00e7\u00f5es Orienta\u00e7\u00f5es de uso Estudos de caso da ind\u00fastria Informa\u00e7\u00f5es de contacto Vis\u00e3o geral do produto (2-Butil-5-nitrobenzofurano-3-il)(4-hidroxifenil)metanona (CAS 141645-16-1) \u00e9 um composto org\u00e2nico de alta pureza amplamente utilizado em intermedi\u00e1rios farmac\u00eauticos e s\u00edntese de produtos qu\u00edmicos especiais. A sua estrutura molecular combina grupos benzofurano e hidroxifenilo, tornando-o valioso para investiga\u00e7\u00e3o avan\u00e7ada e [...]<\/p>","protected":false},"featured_media":0,"comment_status":"closed","ping_status":"open","template":"","meta":[],"product_brand":[],"product_cat":[15],"product_tag":[],"class_list":{"0":"post-100","1":"product","2":"type-product","3":"status-publish","5":"product_cat-uncategorized","7":"first","8":"instock","9":"product-type-simple"},"yoast_head":"<!-- This site is optimized with the Yoast SEO Premium plugin v24.4 (Yoast SEO v27.4) - https:\/\/yoast.com\/product\/yoast-seo-premium-wordpress\/ -->\n<title>Factory Supply (2-Butyl-5-nitrobenzofuran-3-yl)(4-hydroxyphenyl)methanone Cas 141645-16-1 With Best Price - Welcome to VIVALR- Your Trusted Source for Chemical Raw Materials\uff01<\/title>\n<meta name=\"robots\" content=\"index, follow, max-snippet:-1, max-image-preview:large, max-video-preview:-1\" \/>\n<link rel=\"canonical\" href=\"https:\/\/vivalr.com\/pt\/product\/100.html\" \/>\n<meta property=\"og:locale\" content=\"pt_PT\" \/>\n<meta property=\"og:type\" content=\"article\" \/>\n<meta property=\"og:title\" content=\"Factory Supply (2-Butyl-5-nitrobenzofuran-3-yl)(4-hydroxyphenyl)methanone Cas 141645-16-1 With Best Price\" \/>\n<meta property=\"og:description\" content=\"Factory Supply (2-Butyl-5-nitrobenzofuran-3-yl)(4-hydroxyphenyl)methanone (CAS 141645-16-1) Table of Contents Product Overview Technical Specifications Key Applications Usage Guidelines Industry Case Studies Contact Information Product Overview (2-Butyl-5-nitrobenzofuran-3-yl)(4-hydroxyphenyl)methanone (CAS 141645-16-1) is a high-purity organic compound widely used in pharmaceutical intermediates and specialty chemical synthesis. Its molecular structure combines benzofuran and hydroxyphenyl groups, making it valuable for advanced research and [&hellip;]\" \/>\n<meta property=\"og:url\" content=\"https:\/\/vivalr.com\/pt\/product\/100.html\" \/>\n<meta property=\"og:site_name\" content=\"Welcome to VIVALR- Your Trusted Source for Chemical Raw Materials\uff01\" \/>\n<meta property=\"article:modified_time\" content=\"2025-03-07T12:21:24+00:00\" \/>\n<meta name=\"twitter:card\" content=\"summary_large_image\" \/>\n<meta name=\"twitter:label1\" content=\"Tempo estimado de leitura\" \/>\n\t<meta name=\"twitter:data1\" content=\"1 minuto\" \/>\n<script type=\"application\/ld+json\" class=\"yoast-schema-graph\">{\"@context\":\"https:\\\/\\\/schema.org\",\"@graph\":[{\"@type\":\"WebPage\",\"@id\":\"https:\\\/\\\/vivalr.com\\\/product\\\/100.html\",\"url\":\"https:\\\/\\\/vivalr.com\\\/product\\\/100.html\",\"name\":\"Factory Supply (2-Butyl-5-nitrobenzofuran-3-yl)(4-hydroxyphenyl)methanone Cas 141645-16-1 With Best Price - Welcome to VIVALR- Your Trusted Source for Chemical Raw Materials\uff01\",\"isPartOf\":{\"@id\":\"https:\\\/\\\/vivalr.com\\\/#website\"},\"datePublished\":\"2025-03-07T12:05:06+00:00\",\"dateModified\":\"2025-03-07T12:21:24+00:00\",\"breadcrumb\":{\"@id\":\"https:\\\/\\\/vivalr.com\\\/product\\\/100.html#breadcrumb\"},\"inLanguage\":\"pt-PT\",\"potentialAction\":[{\"@type\":\"ReadAction\",\"target\":[\"https:\\\/\\\/vivalr.com\\\/product\\\/100.html\"]}]},{\"@type\":\"BreadcrumbList\",\"@id\":\"https:\\\/\\\/vivalr.com\\\/product\\\/100.html#breadcrumb\",\"itemListElement\":[{\"@type\":\"ListItem\",\"position\":1,\"name\":\"Home\",\"item\":\"https:\\\/\\\/vivalr.com\\\/\"},{\"@type\":\"ListItem\",\"position\":2,\"name\":\"Shop\",\"item\":\"https:\\\/\\\/vivalr.com\\\/shop\\\/\"},{\"@type\":\"ListItem\",\"position\":3,\"name\":\"Factory Supply (2-Butyl-5-nitrobenzofuran-3-yl)(4-hydroxyphenyl)methanone Cas 141645-16-1 With Best Price\"}]},{\"@type\":\"WebSite\",\"@id\":\"https:\\\/\\\/vivalr.com\\\/#website\",\"url\":\"https:\\\/\\\/vivalr.com\\\/\",\"name\":\"Welcome to VIVALR- Your Trusted Source for Chemical Raw Materials\uff01\",\"description\":\"Discover a wide range of high-quality chemical raw materials to meet your industrial needs. Our commitment to excellence ensures that you get the best products and services.\",\"potentialAction\":[{\"@type\":\"SearchAction\",\"target\":{\"@type\":\"EntryPoint\",\"urlTemplate\":\"https:\\\/\\\/vivalr.com\\\/?s={search_term_string}\"},\"query-input\":{\"@type\":\"PropertyValueSpecification\",\"valueRequired\":true,\"valueName\":\"search_term_string\"}}],\"inLanguage\":\"pt-PT\"}]}<\/script>\n<!-- \/ Yoast SEO Premium plugin. -->","yoast_head_json":{"title":"Fornecimento de f\u00e1brica (2-butil-5-nitrobenzofuran-3-il) (4-hidroxifenil) metanona Cas 141645-16-1 com melhor pre\u00e7o - Bem-vindo ao VIVALR- Sua fonte confi\u00e1vel de mat\u00e9rias-primas qu\u00edmicas\uff01","robots":{"index":"index","follow":"follow","max-snippet":"max-snippet:-1","max-image-preview":"max-image-preview:large","max-video-preview":"max-video-preview:-1"},"canonical":"https:\/\/vivalr.com\/pt\/product\/100.html","og_locale":"pt_PT","og_type":"article","og_title":"Factory Supply (2-Butyl-5-nitrobenzofuran-3-yl)(4-hydroxyphenyl)methanone Cas 141645-16-1 With Best Price","og_description":"Factory Supply (2-Butyl-5-nitrobenzofuran-3-yl)(4-hydroxyphenyl)methanone (CAS 141645-16-1) Table of Contents Product Overview Technical Specifications Key Applications Usage Guidelines Industry Case Studies Contact Information Product Overview (2-Butyl-5-nitrobenzofuran-3-yl)(4-hydroxyphenyl)methanone (CAS 141645-16-1) is a high-purity organic compound widely used in pharmaceutical intermediates and specialty chemical synthesis. Its molecular structure combines benzofuran and hydroxyphenyl groups, making it valuable for advanced research and [&hellip;]","og_url":"https:\/\/vivalr.com\/pt\/product\/100.html","og_site_name":"Welcome to VIVALR- Your Trusted Source for Chemical Raw Materials\uff01","article_modified_time":"2025-03-07T12:21:24+00:00","twitter_card":"summary_large_image","twitter_misc":{"Tempo estimado de leitura":"1 minuto"},"schema":{"@context":"https:\/\/schema.org","@graph":[{"@type":"WebPage","@id":"https:\/\/vivalr.com\/product\/100.html","url":"https:\/\/vivalr.com\/product\/100.html","name":"Fornecimento de f\u00e1brica (2-butil-5-nitrobenzofuran-3-il) (4-hidroxifenil) metanona Cas 141645-16-1 com melhor pre\u00e7o - Bem-vindo ao VIVALR- Sua fonte confi\u00e1vel de mat\u00e9rias-primas qu\u00edmicas\uff01","isPartOf":{"@id":"https:\/\/vivalr.com\/#website"},"datePublished":"2025-03-07T12:05:06+00:00","dateModified":"2025-03-07T12:21:24+00:00","breadcrumb":{"@id":"https:\/\/vivalr.com\/product\/100.html#breadcrumb"},"inLanguage":"pt-PT","potentialAction":[{"@type":"ReadAction","target":["https:\/\/vivalr.com\/product\/100.html"]}]},{"@type":"BreadcrumbList","@id":"https:\/\/vivalr.com\/product\/100.html#breadcrumb","itemListElement":[{"@type":"ListItem","position":1,"name":"Home","item":"https:\/\/vivalr.com\/"},{"@type":"ListItem","position":2,"name":"Shop","item":"https:\/\/vivalr.com\/shop\/"},{"@type":"ListItem","position":3,"name":"Factory Supply (2-Butyl-5-nitrobenzofuran-3-yl)(4-hydroxyphenyl)methanone Cas 141645-16-1 With Best Price"}]},{"@type":"WebSite","@id":"https:\/\/vivalr.com\/#website","url":"https:\/\/vivalr.com\/","name":"Bem-vindo ao VIVALR- Sua fonte confi\u00e1vel de mat\u00e9rias-primas qu\u00edmicas\uff01","description":"Descubra uma vasta gama de mat\u00e9rias-primas qu\u00edmicas de alta qualidade para satisfazer as suas necessidades industriais. O nosso compromisso com a excel\u00eancia garante-lhe os melhores produtos e servi\u00e7os.","potentialAction":[{"@type":"SearchAction","target":{"@type":"EntryPoint","urlTemplate":"https:\/\/vivalr.com\/?s={search_term_string}"},"query-input":{"@type":"PropertyValueSpecification","valueRequired":true,"valueName":"search_term_string"}}],"inLanguage":"pt-PT"}]}},"_links":{"self":[{"href":"https:\/\/vivalr.com\/pt\/wp-json\/wp\/v2\/product\/100","targetHints":{"allow":["GET"]}}],"collection":[{"href":"https:\/\/vivalr.com\/pt\/wp-json\/wp\/v2\/product"}],"about":[{"href":"https:\/\/vivalr.com\/pt\/wp-json\/wp\/v2\/types\/product"}],"replies":[{"embeddable":true,"href":"https:\/\/vivalr.com\/pt\/wp-json\/wp\/v2\/comments?post=100"}],"wp:attachment":[{"href":"https:\/\/vivalr.com\/pt\/wp-json\/wp\/v2\/media?parent=100"}],"wp:term":[{"taxonomy":"product_brand","embeddable":true,"href":"https:\/\/vivalr.com\/pt\/wp-json\/wp\/v2\/product_brand?post=100"},{"taxonomy":"product_cat","embeddable":true,"href":"https:\/\/vivalr.com\/pt\/wp-json\/wp\/v2\/product_cat?post=100"},{"taxonomy":"product_tag","embeddable":true,"href":"https:\/\/vivalr.com\/pt\/wp-json\/wp\/v2\/product_tag?post=100"}],"curies":[{"name":"wp","href":"https:\/\/api.w.org\/{rel}","templated":true}]}}