{"id":10140,"date":"2025-03-07T12:16:09","date_gmt":"2025-03-07T12:16:09","guid":{"rendered":"https:\/\/vivalr.com\/product\/10140.html"},"modified":"2025-03-07T12:40:29","modified_gmt":"2025-03-07T12:40:29","slug":"factory-supply-3-cyanophenol-cas-873-62-1-with-low-price","status":"publish","type":"product","link":"https:\/\/vivalr.com\/pt\/product\/10140.html","title":{"rendered":"Fornecimento de F\u00e1brica 3-Cianofenol CAS 873-62-1 Com Pre\u00e7o Baixo"},"content":{"rendered":"<h1>Fornecimento de f\u00e1brica 3-cianofenol CAS 873-62-1 com guia do usu\u00e1rio de baixo pre\u00e7o<\/h1>\n<h2>\u00cdndice<\/h2>\n<ul>\n<li><a href=\"#product-info\">Informa\u00e7\u00f5es b\u00e1sicas e par\u00e2metros do produto<\/a><\/li>\n<li><a href=\"#product-uses\">Utiliza\u00e7\u00f5es do produto<\/a><\/li>\n<li><a href=\"#product-usage\">Utiliza\u00e7\u00e3o do produto<\/a><\/li>\n<li><a href=\"#usage-cases\">Casos de utiliza\u00e7\u00e3o de produtos<\/a><\/li>\n<li><a href=\"#contact\">Informa\u00e7\u00f5es de contacto<\/a><\/li>\n<\/ul>\n<h2 id=\"product-info\">Informa\u00e7\u00f5es b\u00e1sicas e par\u00e2metros do produto<\/h2>\n<p>Nome do produto: Fornecimento de f\u00e1brica 3-Cianofenol CAS 873-62-1 com pre\u00e7o baixo<\/p>\n<p>N\u00famero CAS: 873 - 62 - 1<\/p>\n<p>O 3-Cianofenol, tamb\u00e9m conhecido como m-hidroxibenzonitrilo, \u00e9 um composto qu\u00edmico com a f\u00f3rmula molecular C\u2087H\u2085NO. Tem um peso molecular de aproximadamente 119,12 g\/mol. \u00c9 um p\u00f3 cristalino branco a quase branco. O ponto de fus\u00e3o do 3 - Cianofenol \u00e9 de cerca de 77 - 81 \u00b0C. Este produto \u00e9 normalmente fornecido na forma s\u00f3lida e pode ser armazenado \u00e0 temperatura ambiente num local fresco e seco, longe de fontes de igni\u00e7\u00e3o e de subst\u00e2ncias incompat\u00edveis.<\/p>\n<h2 id=\"product-uses\">Utiliza\u00e7\u00f5es do produto<\/h2>\n<p>O 3-Cianofenol tem uma vasta gama de aplica\u00e7\u00f5es em v\u00e1rias ind\u00fastrias:<\/p>\n<ol>\n<li><strong>Ind\u00fastria farmac\u00eautica<\/strong>: \u00c9 um intermedi\u00e1rio importante na s\u00edntese de v\u00e1rios medicamentos. Por exemplo, pode ser utilizado na produ\u00e7\u00e3o de medicamentos para o tratamento de certas doen\u00e7as cardiovasculares. O grupo cianeto e o grupo hidroxilo presentes na sua estrutura podem participar em reac\u00e7\u00f5es qu\u00edmicas espec\u00edficas para formar mol\u00e9culas de medicamentos mais complexas.<\/li>\n<li><strong>Produtos qu\u00edmicos agr\u00edcolas<\/strong>: \u00c9 utilizado na s\u00edntese de alguns pesticidas e herbicidas. Ao reagir com outras subst\u00e2ncias qu\u00edmicas, pode formar compostos com actividades biol\u00f3gicas espec\u00edficas, que podem controlar eficazmente as pragas e as ervas daninhas na agricultura.<\/li>\n<li><strong>S\u00edntese Org\u00e2nica<\/strong>: No dom\u00ednio da s\u00edntese org\u00e2nica, o 3 - cianofenol \u00e9 um bloco de constru\u00e7\u00e3o valioso. Pode participar numa variedade de reac\u00e7\u00f5es, tais como reac\u00e7\u00f5es de substitui\u00e7\u00e3o, reac\u00e7\u00f5es de acoplamento, etc., para construir mol\u00e9culas org\u00e2nicas mais complexas com diferentes estruturas e fun\u00e7\u00f5es.<\/li>\n<\/ol>\n<h2 id=\"product-usage\">Utiliza\u00e7\u00e3o do produto<\/h2>\n<p>Ao utilizar o 3 - Cianofenol, devem ser seguidos os seguintes passos:<\/p>\n<ol>\n<li><strong>Manuseamento<\/strong>: Usar equipamento de prote\u00e7\u00e3o individual adequado, incluindo \u00f3culos de seguran\u00e7a, luvas e uma bata de laborat\u00f3rio. Evitar o contacto direto com a pele, os olhos e o vestu\u00e1rio. Em caso de contacto, lavar imediatamente com \u00e1gua abundante e consultar um m\u00e9dico.<\/li>\n<li><strong>Armazenamento<\/strong>: Armazenar o produto num recipiente bem fechado, numa \u00e1rea fresca, seca e bem ventilada. Manter afastado de agentes oxidantes, \u00e1cidos e bases.<\/li>\n<li><strong>Condi\u00e7\u00f5es de rea\u00e7\u00e3o<\/strong>: Ao utiliz\u00e1-lo em reac\u00e7\u00f5es qu\u00edmicas, controlar cuidadosamente as condi\u00e7\u00f5es de rea\u00e7\u00e3o, tais como a temperatura, a press\u00e3o e o tempo de rea\u00e7\u00e3o, de acordo com os requisitos espec\u00edficos da rea\u00e7\u00e3o. Por exemplo, em algumas reac\u00e7\u00f5es, pode ser necess\u00e1rio conduzir a rea\u00e7\u00e3o em condi\u00e7\u00f5es anidras e anaer\u00f3bicas.<\/li>\n<\/ol>\n<h2 id=\"usage-cases\">Casos de utiliza\u00e7\u00e3o de produtos<\/h2>\n<p><strong>Caso 1: S\u00edntese farmac\u00eautica<\/strong><\/p>\n<p>Num projeto de investiga\u00e7\u00e3o farmac\u00eautica, o 3 - Cianofenol foi utilizado como intermedi\u00e1rio para sintetizar um novo medicamento anti-arritmia. Os investigadores come\u00e7aram por reagir o 3 - Cianofenol com um halogeneto de alquilo espec\u00edfico em condi\u00e7\u00f5es b\u00e1sicas para introduzir um grupo alquilo. Depois, atrav\u00e9s de uma s\u00e9rie de reac\u00e7\u00f5es de oxida\u00e7\u00e3o e cicliza\u00e7\u00e3o, a mol\u00e9cula do medicamento alvo foi obtida com sucesso. Todo o processo de s\u00edntese foi realizado numa sequ\u00eancia de rea\u00e7\u00e3o em v\u00e1rias etapas, e cada etapa exigiu um controlo rigoroso das condi\u00e7\u00f5es de rea\u00e7\u00e3o. Ap\u00f3s purifica\u00e7\u00e3o e carateriza\u00e7\u00e3o, o produto final mostrou uma boa atividade anti-arritmia em testes pr\u00e9 - cl\u00ednicos.<\/p>\n<p><strong>Caso 2: S\u00edntese de Pesticidas<\/strong><\/p>\n<p>Uma empresa de pesticidas utilizou o 3 - Cianofenol para sintetizar um novo herbicida. Reagiram o 3 - Cianofenol com um derivado de clorof\u00f3rmio para formar um \u00e9ster interm\u00e9dio. Depois, atrav\u00e9s de uma nova rea\u00e7\u00e3o com um composto de amina, foi obtido o produto herbicida final. Os testes de campo mostraram que este herbicida tinha uma elevada efic\u00e1cia contra uma vasta gama de ervas daninhas, com baixa toxicidade para as culturas, o que satisfazia as exig\u00eancias do desenvolvimento agr\u00edcola moderno.<\/p>\n<h2 id=\"contact\">Informa\u00e7\u00f5es de contacto<\/h2>\n<p>Se voc\u00ea tiver alguma d\u00favida ou precisar de mais informa\u00e7\u00f5es sobre Fornecimento de f\u00e1brica 3 - Cianofenol CAS 873 - 62 - 1 com baixo pre\u00e7o, n\u00e3o hesite em contactar-nos:<\/p>\n<p>Correio eletr\u00f3nico: info@vivalr.com<\/p>\n<p>Telefone: (86) 15866781826<\/p>","protected":false},"excerpt":{"rendered":"<p>Factory Supply 3-Cyanophenol CAS 873-62-1 With Low Price User Guide Table of Contents Product Basic Information and Parameters Product Uses Product Usage Product Usage Cases Contact Information Product Basic Information and Parameters Product Name: Factory Supply 3-Cyanophenol CAS 873-62-1 With Low Price CAS Number: 873 - 62 - 1 3-Cyanophenol, also known as m-Hydroxybenzonitrile, is [&hellip;]<\/p>","protected":false},"featured_media":26117,"comment_status":"closed","ping_status":"open","template":"","meta":[],"product_brand":[],"product_cat":[15],"product_tag":[],"class_list":{"0":"post-10140","1":"product","2":"type-product","3":"status-publish","4":"has-post-thumbnail","6":"product_cat-uncategorized","8":"first","9":"instock","10":"product-type-simple"},"yoast_head":"<!-- This site is optimized with the Yoast SEO Premium plugin v24.4 (Yoast SEO v25.0) - https:\/\/yoast.com\/wordpress\/plugins\/seo\/ -->\n<title>Factory Supply 3-Cyanophenol CAS 873-62-1 With Low Price - Welcome to VIVALR- Your Trusted Source for Chemical Raw Materials\uff01<\/title>\n<meta name=\"robots\" content=\"index, follow, max-snippet:-1, max-image-preview:large, max-video-preview:-1\" \/>\n<link rel=\"canonical\" href=\"https:\/\/vivalr.com\/pt\/product\/10140.html\" \/>\n<meta property=\"og:locale\" content=\"pt_PT\" \/>\n<meta property=\"og:type\" content=\"article\" \/>\n<meta property=\"og:title\" content=\"Factory Supply 3-Cyanophenol CAS 873-62-1 With Low Price\" \/>\n<meta property=\"og:description\" content=\"Factory Supply 3-Cyanophenol CAS 873-62-1 With Low Price User Guide Table of Contents Product Basic Information and Parameters Product Uses Product Usage Product Usage Cases Contact Information Product Basic Information and Parameters Product Name: Factory Supply 3-Cyanophenol CAS 873-62-1 With Low Price CAS Number: 873 - 62 - 1 3-Cyanophenol, also known as m-Hydroxybenzonitrile, is [&hellip;]\" \/>\n<meta property=\"og:url\" content=\"https:\/\/vivalr.com\/pt\/product\/10140.html\" \/>\n<meta property=\"og:site_name\" content=\"Welcome to VIVALR- Your Trusted Source for Chemical Raw Materials\uff01\" \/>\n<meta property=\"article:modified_time\" content=\"2025-03-07T12:40:29+00:00\" \/>\n<meta property=\"og:image\" content=\"https:\/\/vivalr.com\/wp-content\/uploads\/2025\/03\/3-cyanophenol-cas-873-62-1.jpg\" \/>\n\t<meta property=\"og:image:width\" content=\"400\" \/>\n\t<meta property=\"og:image:height\" content=\"400\" \/>\n\t<meta property=\"og:image:type\" content=\"image\/jpeg\" \/>\n<meta name=\"twitter:card\" content=\"summary_large_image\" \/>\n<meta name=\"twitter:label1\" content=\"Tempo estimado de leitura\" \/>\n\t<meta name=\"twitter:data1\" content=\"3 minutos\" \/>\n<script type=\"application\/ld+json\" class=\"yoast-schema-graph\">{\"@context\":\"https:\/\/schema.org\",\"@graph\":[{\"@type\":\"WebPage\",\"@id\":\"https:\/\/vivalr.com\/product\/10140.html\",\"url\":\"https:\/\/vivalr.com\/product\/10140.html\",\"name\":\"Factory Supply 3-Cyanophenol CAS 873-62-1 With Low Price - Welcome to VIVALR- Your Trusted Source for Chemical Raw Materials\uff01\",\"isPartOf\":{\"@id\":\"https:\/\/vivalr.com\/#website\"},\"primaryImageOfPage\":{\"@id\":\"https:\/\/vivalr.com\/product\/10140.html#primaryimage\"},\"image\":{\"@id\":\"https:\/\/vivalr.com\/product\/10140.html#primaryimage\"},\"thumbnailUrl\":\"https:\/\/vivalr.com\/wp-content\/uploads\/2025\/03\/3-cyanophenol-cas-873-62-1.jpg\",\"datePublished\":\"2025-03-07T12:16:09+00:00\",\"dateModified\":\"2025-03-07T12:40:29+00:00\",\"breadcrumb\":{\"@id\":\"https:\/\/vivalr.com\/product\/10140.html#breadcrumb\"},\"inLanguage\":\"pt-PT\",\"potentialAction\":[{\"@type\":\"ReadAction\",\"target\":[\"https:\/\/vivalr.com\/product\/10140.html\"]}]},{\"@type\":\"ImageObject\",\"inLanguage\":\"pt-PT\",\"@id\":\"https:\/\/vivalr.com\/product\/10140.html#primaryimage\",\"url\":\"https:\/\/vivalr.com\/wp-content\/uploads\/2025\/03\/3-cyanophenol-cas-873-62-1.jpg\",\"contentUrl\":\"https:\/\/vivalr.com\/wp-content\/uploads\/2025\/03\/3-cyanophenol-cas-873-62-1.jpg\",\"width\":400,\"height\":400},{\"@type\":\"BreadcrumbList\",\"@id\":\"https:\/\/vivalr.com\/product\/10140.html#breadcrumb\",\"itemListElement\":[{\"@type\":\"ListItem\",\"position\":1,\"name\":\"Home\",\"item\":\"https:\/\/vivalr.com\/\"},{\"@type\":\"ListItem\",\"position\":2,\"name\":\"Shop\",\"item\":\"https:\/\/vivalr.com\/shop\/\"},{\"@type\":\"ListItem\",\"position\":3,\"name\":\"Factory Supply 3-Cyanophenol CAS 873-62-1 With Low Price\"}]},{\"@type\":\"WebSite\",\"@id\":\"https:\/\/vivalr.com\/#website\",\"url\":\"https:\/\/vivalr.com\/\",\"name\":\"Welcome to VIVALR- Your Trusted Source for Chemical Raw Materials\uff01\",\"description\":\"Discover a wide range of high-quality chemical raw materials to meet your industrial needs. Our commitment to excellence ensures that you get the best products and services.\",\"potentialAction\":[{\"@type\":\"SearchAction\",\"target\":{\"@type\":\"EntryPoint\",\"urlTemplate\":\"https:\/\/vivalr.com\/?s={search_term_string}\"},\"query-input\":{\"@type\":\"PropertyValueSpecification\",\"valueRequired\":true,\"valueName\":\"search_term_string\"}}],\"inLanguage\":\"pt-PT\"}]}<\/script>\n<!-- \/ Yoast SEO Premium plugin. -->","yoast_head_json":{"title":"Fornecimento de f\u00e1brica 3-Cianofenol CAS 873-62-1 com pre\u00e7o baixo - Bem-vindo ao VIVALR- Sua fonte confi\u00e1vel de mat\u00e9rias-primas qu\u00edmicas\uff01","robots":{"index":"index","follow":"follow","max-snippet":"max-snippet:-1","max-image-preview":"max-image-preview:large","max-video-preview":"max-video-preview:-1"},"canonical":"https:\/\/vivalr.com\/pt\/product\/10140.html","og_locale":"pt_PT","og_type":"article","og_title":"Factory Supply 3-Cyanophenol CAS 873-62-1 With Low Price","og_description":"Factory Supply 3-Cyanophenol CAS 873-62-1 With Low Price User Guide Table of Contents Product Basic Information and Parameters Product Uses Product Usage Product Usage Cases Contact Information Product Basic Information and Parameters Product Name: Factory Supply 3-Cyanophenol CAS 873-62-1 With Low Price CAS Number: 873 - 62 - 1 3-Cyanophenol, also known as m-Hydroxybenzonitrile, is [&hellip;]","og_url":"https:\/\/vivalr.com\/pt\/product\/10140.html","og_site_name":"Welcome to VIVALR- Your Trusted Source for Chemical Raw Materials\uff01","article_modified_time":"2025-03-07T12:40:29+00:00","og_image":[{"width":400,"height":400,"url":"https:\/\/vivalr.com\/wp-content\/uploads\/2025\/03\/3-cyanophenol-cas-873-62-1.jpg","type":"image\/jpeg"}],"twitter_card":"summary_large_image","twitter_misc":{"Tempo estimado de leitura":"3 minutos"},"schema":{"@context":"https:\/\/schema.org","@graph":[{"@type":"WebPage","@id":"https:\/\/vivalr.com\/product\/10140.html","url":"https:\/\/vivalr.com\/product\/10140.html","name":"Fornecimento de f\u00e1brica 3-Cianofenol CAS 873-62-1 com pre\u00e7o baixo - Bem-vindo ao VIVALR- Sua fonte confi\u00e1vel de mat\u00e9rias-primas qu\u00edmicas\uff01","isPartOf":{"@id":"https:\/\/vivalr.com\/#website"},"primaryImageOfPage":{"@id":"https:\/\/vivalr.com\/product\/10140.html#primaryimage"},"image":{"@id":"https:\/\/vivalr.com\/product\/10140.html#primaryimage"},"thumbnailUrl":"https:\/\/vivalr.com\/wp-content\/uploads\/2025\/03\/3-cyanophenol-cas-873-62-1.jpg","datePublished":"2025-03-07T12:16:09+00:00","dateModified":"2025-03-07T12:40:29+00:00","breadcrumb":{"@id":"https:\/\/vivalr.com\/product\/10140.html#breadcrumb"},"inLanguage":"pt-PT","potentialAction":[{"@type":"ReadAction","target":["https:\/\/vivalr.com\/product\/10140.html"]}]},{"@type":"ImageObject","inLanguage":"pt-PT","@id":"https:\/\/vivalr.com\/product\/10140.html#primaryimage","url":"https:\/\/vivalr.com\/wp-content\/uploads\/2025\/03\/3-cyanophenol-cas-873-62-1.jpg","contentUrl":"https:\/\/vivalr.com\/wp-content\/uploads\/2025\/03\/3-cyanophenol-cas-873-62-1.jpg","width":400,"height":400},{"@type":"BreadcrumbList","@id":"https:\/\/vivalr.com\/product\/10140.html#breadcrumb","itemListElement":[{"@type":"ListItem","position":1,"name":"Home","item":"https:\/\/vivalr.com\/"},{"@type":"ListItem","position":2,"name":"Shop","item":"https:\/\/vivalr.com\/shop\/"},{"@type":"ListItem","position":3,"name":"Factory Supply 3-Cyanophenol CAS 873-62-1 With Low Price"}]},{"@type":"WebSite","@id":"https:\/\/vivalr.com\/#website","url":"https:\/\/vivalr.com\/","name":"Bem-vindo ao VIVALR- Sua fonte confi\u00e1vel de mat\u00e9rias-primas qu\u00edmicas\uff01","description":"Descubra uma vasta gama de mat\u00e9rias-primas qu\u00edmicas de alta qualidade para satisfazer as suas necessidades industriais. O nosso compromisso com a excel\u00eancia garante-lhe os melhores produtos e servi\u00e7os.","potentialAction":[{"@type":"SearchAction","target":{"@type":"EntryPoint","urlTemplate":"https:\/\/vivalr.com\/?s={search_term_string}"},"query-input":{"@type":"PropertyValueSpecification","valueRequired":true,"valueName":"search_term_string"}}],"inLanguage":"pt-PT"}]}},"_links":{"self":[{"href":"https:\/\/vivalr.com\/pt\/wp-json\/wp\/v2\/product\/10140","targetHints":{"allow":["GET"]}}],"collection":[{"href":"https:\/\/vivalr.com\/pt\/wp-json\/wp\/v2\/product"}],"about":[{"href":"https:\/\/vivalr.com\/pt\/wp-json\/wp\/v2\/types\/product"}],"replies":[{"embeddable":true,"href":"https:\/\/vivalr.com\/pt\/wp-json\/wp\/v2\/comments?post=10140"}],"wp:featuredmedia":[{"embeddable":true,"href":"https:\/\/vivalr.com\/pt\/wp-json\/wp\/v2\/media\/26117"}],"wp:attachment":[{"href":"https:\/\/vivalr.com\/pt\/wp-json\/wp\/v2\/media?parent=10140"}],"wp:term":[{"taxonomy":"product_brand","embeddable":true,"href":"https:\/\/vivalr.com\/pt\/wp-json\/wp\/v2\/product_brand?post=10140"},{"taxonomy":"product_cat","embeddable":true,"href":"https:\/\/vivalr.com\/pt\/wp-json\/wp\/v2\/product_cat?post=10140"},{"taxonomy":"product_tag","embeddable":true,"href":"https:\/\/vivalr.com\/pt\/wp-json\/wp\/v2\/product_tag?post=10140"}],"curies":[{"name":"wp","href":"https:\/\/api.w.org\/{rel}","templated":true}]}}