{"id":10182,"date":"2025-03-07T12:16:11","date_gmt":"2025-03-07T12:16:11","guid":{"rendered":"https:\/\/vivalr.com\/product\/10182.html"},"modified":"2025-03-07T12:40:34","modified_gmt":"2025-03-07T12:40:34","slug":"factory-supply-ammonium-formate-cas-540-69-2-with-low-price","status":"publish","type":"product","link":"https:\/\/vivalr.com\/pt\/product\/10182.html","title":{"rendered":"Fornecimento de f\u00e1brica de formiato de am\u00f3nio CAS 540-69-2 com pre\u00e7o baixo"},"content":{"rendered":"<h1>Fornecimento de f\u00e1brica Formiato de am\u00f3nio CAS 540-69-2 com pre\u00e7o baixo: Guia do utilizador<\/h1>\n<ol>\n<li><a href=\"#basic_info\">Informa\u00e7\u00f5es e par\u00e2metros b\u00e1sicos<\/a><\/li>\n<li><a href=\"#uses\">Utiliza\u00e7\u00f5es do produto<\/a><\/li>\n<li><a href=\"#usage\">Utiliza\u00e7\u00e3o do produto<\/a><\/li>\n<li><a href=\"#usage_cases\">Casos de utiliza\u00e7\u00e3o<\/a><\/li>\n<li><a href=\"#contact\">Informa\u00e7\u00f5es de contacto<\/a><\/li>\n<\/ol>\n<h2 id=\"basic_info\">Informa\u00e7\u00f5es e par\u00e2metros b\u00e1sicos<\/h2>\n<p>O formiato de am\u00f3nio, com o n\u00famero CAS 540 - 69 - 2, \u00e9 um composto qu\u00edmico com a f\u00f3rmula NH\u2084HCO\u2082. \u00c9 um s\u00f3lido branco e cristalino que \u00e9 altamente sol\u00favel em \u00e1gua. O peso molecular do formiato de am\u00f3nio \u00e9 de aproximadamente 63,06 g\/mol. Tem um ponto de fus\u00e3o de cerca de 116 - 118 \u00b0C. Este produto \u00e9 normalmente fornecido pelas f\u00e1bricas a um pre\u00e7o baixo, tornando-o uma escolha econ\u00f3mica para v\u00e1rias ind\u00fastrias.<\/p>\n<h2 id=\"uses\">Utiliza\u00e7\u00f5es do produto<\/h2>\n<p>O formiato de am\u00f3nio tem uma vasta gama de aplica\u00e7\u00f5es:<\/p>\n<ol>\n<li><strong>Ind\u00fastria qu\u00edmica<\/strong>: Serve como agente redutor em muitas reac\u00e7\u00f5es qu\u00edmicas. Por exemplo, pode ser utilizado na redu\u00e7\u00e3o de i\u00f5es met\u00e1licos, o que \u00e9 crucial na s\u00edntese de alguns catalisadores \u00e0 base de metais.<\/li>\n<li><strong>Ind\u00fastria do couro<\/strong>: Na produ\u00e7\u00e3o de couro, o formiato de am\u00f3nio \u00e9 utilizado como agente de decapagem. Ajuda a ajustar o pH do couro durante o processo de curtimento, garantindo a qualidade e a textura adequadas do couro.<\/li>\n<li><strong>Ind\u00fastria t\u00eaxtil<\/strong>: Pode ser utilizado como auxiliar de tingimento. O formiato de am\u00f3nio ajuda a melhorar a absor\u00e7\u00e3o do corante pelas fibras, resultando numa melhor solidez da cor e num tingimento mais uniforme.<\/li>\n<li><strong>Qu\u00edmica Anal\u00edtica<\/strong>: Como agente tamp\u00e3o, pode manter um ambiente de pH est\u00e1vel em solu\u00e7\u00f5es anal\u00edticas, o que \u00e9 essencial para uma an\u00e1lise qu\u00edmica precisa.<\/li>\n<\/ol>\n<h2 id=\"usage\">Utiliza\u00e7\u00e3o do produto<\/h2>\n<p>Ao utilizar formiato de am\u00f3nio, devem ser seguidos os seguintes passos:<\/p>\n<ol>\n<li><strong>Armazenamento<\/strong>: Armazenar o formiato de am\u00f3nio num local fresco e seco, afastado de fontes de calor e de subst\u00e2ncias incompat\u00edveis. Manter o recipiente hermeticamente fechado para evitar a absor\u00e7\u00e3o de humidade e contamina\u00e7\u00e3o.<\/li>\n<li><strong>Manuseamento<\/strong>: Usar equipamento de prote\u00e7\u00e3o adequado, como luvas e \u00f3culos de prote\u00e7\u00e3o, ao manusear formiato de am\u00f3nio. Evitar o contacto direto com a pele, os olhos e o vestu\u00e1rio. Em caso de contacto, lavar imediatamente com \u00e1gua abundante e, se necess\u00e1rio, procurar assist\u00eancia m\u00e9dica.<\/li>\n<li><strong>Medi\u00e7\u00e3o<\/strong>: Utilizar instrumentos de medi\u00e7\u00e3o precisos para garantir que \u00e9 utilizada a quantidade correta de formato de am\u00f3nio de acordo com os requisitos espec\u00edficos da aplica\u00e7\u00e3o. Dissolver lentamente em \u00e1gua, agitando para obter uma solu\u00e7\u00e3o homog\u00e9nea.<\/li>\n<li><strong>Condi\u00e7\u00f5es de rea\u00e7\u00e3o<\/strong>: Controlar a temperatura da rea\u00e7\u00e3o, a press\u00e3o e outras condi\u00e7\u00f5es, conforme exigido pela rea\u00e7\u00e3o qu\u00edmica espec\u00edfica ou pelo processo industrial. Monitorizar cuidadosamente o progresso da rea\u00e7\u00e3o para garantir resultados \u00f3ptimos.<\/li>\n<\/ol>\n<h2 id=\"usage_cases\">Casos de utiliza\u00e7\u00e3o<\/h2>\n<p><strong>Caso 1: S\u00edntese de catalisadores met\u00e1licos<\/strong><\/p>\n<p>Num laborat\u00f3rio de investiga\u00e7\u00e3o qu\u00edmica, os cientistas estavam a sintetizar um novo tipo de catalisador met\u00e1lico. Utilizaram o formiato de am\u00f3nio como agente redutor. Primeiro, prepararam uma solu\u00e7\u00e3o de i\u00f5es met\u00e1licos num solvente adequado. Em seguida, adicionaram formiato de am\u00f3nio \u00e0 solu\u00e7\u00e3o sob temperatura controlada e condi\u00e7\u00f5es de agita\u00e7\u00e3o. O formiato de am\u00f3nio reduziu gradualmente os i\u00f5es met\u00e1licos, resultando na forma\u00e7\u00e3o das nanopart\u00edculas met\u00e1licas desejadas. Estas nanopart\u00edculas apresentaram uma excelente atividade catal\u00edtica numa rea\u00e7\u00e3o org\u00e2nica subsequente, demonstrando a efic\u00e1cia do formiato de am\u00f3nio nesta aplica\u00e7\u00e3o.<\/p>\n<p><strong>Caso 2: Curtimento de peles<\/strong><\/p>\n<p>Uma f\u00e1brica de peles utilizava formiato de am\u00f3nio no processo de decapagem da produ\u00e7\u00e3o de peles. Adicionaram uma quantidade espec\u00edfica de formiato de am\u00f3nio ao banho de decapagem para ajustar o pH para o intervalo ideal. Ap\u00f3s algumas horas de tratamento, o couro mostrou uma maior suavidade, flexibilidade e resist\u00eancia \u00e0 \u00e1gua. A utiliza\u00e7\u00e3o de formiato de am\u00f3nio n\u00e3o s\u00f3 melhorou a qualidade do couro, como tamb\u00e9m reduziu o custo global de produ\u00e7\u00e3o.<\/p>\n<h2 id=\"contact\">Informa\u00e7\u00f5es de contacto<\/h2>\n<p>Se voc\u00ea tiver alguma d\u00favida ou precisar de mais informa\u00e7\u00f5es sobre o nosso Formato de am\u00f3nio de fornecimento de f\u00e1brica CAS 540 - 69 - 2 com baixo pre\u00e7o, n\u00e3o hesite em contactar-nos:<\/p>\n<p>Correio eletr\u00f3nico: info@vivalr.com<\/p>\n<p>Telefone: (86) 15866781826<\/p>","protected":false},"excerpt":{"rendered":"<p>Factory Supply Ammonium Formate CAS 540-69-2 With Low Price: User Guide Basic Information and Parameters Product Uses Product Usage Usage Cases Contact Information Basic Information and Parameters Ammonium formate, with the CAS number 540 - 69 - 2, is a chemical compound with the formula NH\u2084HCO\u2082. It is a white, crystalline solid that is highly [&hellip;]<\/p>","protected":false},"featured_media":26138,"comment_status":"closed","ping_status":"open","template":"","meta":[],"product_brand":[],"product_cat":[15],"product_tag":[],"class_list":{"0":"post-10182","1":"product","2":"type-product","3":"status-publish","4":"has-post-thumbnail","6":"product_cat-uncategorized","8":"first","9":"instock","10":"product-type-simple"},"yoast_head":"<!-- This site is optimized with the Yoast SEO Premium plugin v24.4 (Yoast SEO v25.0) - https:\/\/yoast.com\/wordpress\/plugins\/seo\/ -->\n<title>Factory Supply Ammonium Formate CAS 540-69-2 With Low Price - Welcome to VIVALR- Your Trusted Source for Chemical Raw Materials\uff01<\/title>\n<meta name=\"robots\" content=\"index, follow, max-snippet:-1, max-image-preview:large, max-video-preview:-1\" \/>\n<link rel=\"canonical\" href=\"https:\/\/vivalr.com\/pt\/product\/10182.html\" \/>\n<meta property=\"og:locale\" content=\"pt_PT\" \/>\n<meta property=\"og:type\" content=\"article\" \/>\n<meta property=\"og:title\" content=\"Factory Supply Ammonium Formate CAS 540-69-2 With Low Price\" \/>\n<meta property=\"og:description\" content=\"Factory Supply Ammonium Formate CAS 540-69-2 With Low Price: User Guide Basic Information and Parameters Product Uses Product Usage Usage Cases Contact Information Basic Information and Parameters Ammonium formate, with the CAS number 540 - 69 - 2, is a chemical compound with the formula NH\u2084HCO\u2082. It is a white, crystalline solid that is highly [&hellip;]\" \/>\n<meta property=\"og:url\" content=\"https:\/\/vivalr.com\/pt\/product\/10182.html\" \/>\n<meta property=\"og:site_name\" content=\"Welcome to VIVALR- Your Trusted Source for Chemical Raw Materials\uff01\" \/>\n<meta property=\"article:modified_time\" content=\"2025-03-07T12:40:34+00:00\" \/>\n<meta property=\"og:image\" content=\"https:\/\/vivalr.com\/wp-content\/uploads\/2025\/03\/ammonium-formate-cas-540-69-2.jpg\" \/>\n\t<meta property=\"og:image:width\" content=\"600\" \/>\n\t<meta property=\"og:image:height\" content=\"654\" \/>\n\t<meta property=\"og:image:type\" content=\"image\/jpeg\" \/>\n<meta name=\"twitter:card\" content=\"summary_large_image\" \/>\n<meta name=\"twitter:label1\" content=\"Tempo estimado de leitura\" \/>\n\t<meta name=\"twitter:data1\" content=\"3 minutos\" \/>\n<script type=\"application\/ld+json\" class=\"yoast-schema-graph\">{\"@context\":\"https:\/\/schema.org\",\"@graph\":[{\"@type\":\"WebPage\",\"@id\":\"https:\/\/vivalr.com\/product\/10182.html\",\"url\":\"https:\/\/vivalr.com\/product\/10182.html\",\"name\":\"Factory Supply Ammonium Formate CAS 540-69-2 With Low Price - Welcome to VIVALR- Your Trusted Source for Chemical Raw Materials\uff01\",\"isPartOf\":{\"@id\":\"https:\/\/vivalr.com\/#website\"},\"primaryImageOfPage\":{\"@id\":\"https:\/\/vivalr.com\/product\/10182.html#primaryimage\"},\"image\":{\"@id\":\"https:\/\/vivalr.com\/product\/10182.html#primaryimage\"},\"thumbnailUrl\":\"https:\/\/vivalr.com\/wp-content\/uploads\/2025\/03\/ammonium-formate-cas-540-69-2.jpg\",\"datePublished\":\"2025-03-07T12:16:11+00:00\",\"dateModified\":\"2025-03-07T12:40:34+00:00\",\"breadcrumb\":{\"@id\":\"https:\/\/vivalr.com\/product\/10182.html#breadcrumb\"},\"inLanguage\":\"pt-PT\",\"potentialAction\":[{\"@type\":\"ReadAction\",\"target\":[\"https:\/\/vivalr.com\/product\/10182.html\"]}]},{\"@type\":\"ImageObject\",\"inLanguage\":\"pt-PT\",\"@id\":\"https:\/\/vivalr.com\/product\/10182.html#primaryimage\",\"url\":\"https:\/\/vivalr.com\/wp-content\/uploads\/2025\/03\/ammonium-formate-cas-540-69-2.jpg\",\"contentUrl\":\"https:\/\/vivalr.com\/wp-content\/uploads\/2025\/03\/ammonium-formate-cas-540-69-2.jpg\",\"width\":600,\"height\":654},{\"@type\":\"BreadcrumbList\",\"@id\":\"https:\/\/vivalr.com\/product\/10182.html#breadcrumb\",\"itemListElement\":[{\"@type\":\"ListItem\",\"position\":1,\"name\":\"Home\",\"item\":\"https:\/\/vivalr.com\/\"},{\"@type\":\"ListItem\",\"position\":2,\"name\":\"Shop\",\"item\":\"https:\/\/vivalr.com\/shop\/\"},{\"@type\":\"ListItem\",\"position\":3,\"name\":\"Factory Supply Ammonium Formate CAS 540-69-2 With Low Price\"}]},{\"@type\":\"WebSite\",\"@id\":\"https:\/\/vivalr.com\/#website\",\"url\":\"https:\/\/vivalr.com\/\",\"name\":\"Welcome to VIVALR- Your Trusted Source for Chemical Raw Materials\uff01\",\"description\":\"Discover a wide range of high-quality chemical raw materials to meet your industrial needs. Our commitment to excellence ensures that you get the best products and services.\",\"potentialAction\":[{\"@type\":\"SearchAction\",\"target\":{\"@type\":\"EntryPoint\",\"urlTemplate\":\"https:\/\/vivalr.com\/?s={search_term_string}\"},\"query-input\":{\"@type\":\"PropertyValueSpecification\",\"valueRequired\":true,\"valueName\":\"search_term_string\"}}],\"inLanguage\":\"pt-PT\"}]}<\/script>\n<!-- \/ Yoast SEO Premium plugin. -->","yoast_head_json":{"title":"Fornecimento de F\u00e1brica de Formiato de Am\u00f4nio CAS 540-69-2 Com Pre\u00e7o Baixo - Bem-vindo ao VIVALR- Sua Fonte Confi\u00e1vel de Mat\u00e9rias-Primas Qu\u00edmicas\uff01","robots":{"index":"index","follow":"follow","max-snippet":"max-snippet:-1","max-image-preview":"max-image-preview:large","max-video-preview":"max-video-preview:-1"},"canonical":"https:\/\/vivalr.com\/pt\/product\/10182.html","og_locale":"pt_PT","og_type":"article","og_title":"Factory Supply Ammonium Formate CAS 540-69-2 With Low Price","og_description":"Factory Supply Ammonium Formate CAS 540-69-2 With Low Price: User Guide Basic Information and Parameters Product Uses Product Usage Usage Cases Contact Information Basic Information and Parameters Ammonium formate, with the CAS number 540 - 69 - 2, is a chemical compound with the formula NH\u2084HCO\u2082. It is a white, crystalline solid that is highly [&hellip;]","og_url":"https:\/\/vivalr.com\/pt\/product\/10182.html","og_site_name":"Welcome to VIVALR- Your Trusted Source for Chemical Raw Materials\uff01","article_modified_time":"2025-03-07T12:40:34+00:00","og_image":[{"width":600,"height":654,"url":"https:\/\/vivalr.com\/wp-content\/uploads\/2025\/03\/ammonium-formate-cas-540-69-2.jpg","type":"image\/jpeg"}],"twitter_card":"summary_large_image","twitter_misc":{"Tempo estimado de leitura":"3 minutos"},"schema":{"@context":"https:\/\/schema.org","@graph":[{"@type":"WebPage","@id":"https:\/\/vivalr.com\/product\/10182.html","url":"https:\/\/vivalr.com\/product\/10182.html","name":"Fornecimento de F\u00e1brica de Formiato de Am\u00f4nio CAS 540-69-2 Com Pre\u00e7o Baixo - Bem-vindo ao VIVALR- Sua Fonte Confi\u00e1vel de Mat\u00e9rias-Primas Qu\u00edmicas\uff01","isPartOf":{"@id":"https:\/\/vivalr.com\/#website"},"primaryImageOfPage":{"@id":"https:\/\/vivalr.com\/product\/10182.html#primaryimage"},"image":{"@id":"https:\/\/vivalr.com\/product\/10182.html#primaryimage"},"thumbnailUrl":"https:\/\/vivalr.com\/wp-content\/uploads\/2025\/03\/ammonium-formate-cas-540-69-2.jpg","datePublished":"2025-03-07T12:16:11+00:00","dateModified":"2025-03-07T12:40:34+00:00","breadcrumb":{"@id":"https:\/\/vivalr.com\/product\/10182.html#breadcrumb"},"inLanguage":"pt-PT","potentialAction":[{"@type":"ReadAction","target":["https:\/\/vivalr.com\/product\/10182.html"]}]},{"@type":"ImageObject","inLanguage":"pt-PT","@id":"https:\/\/vivalr.com\/product\/10182.html#primaryimage","url":"https:\/\/vivalr.com\/wp-content\/uploads\/2025\/03\/ammonium-formate-cas-540-69-2.jpg","contentUrl":"https:\/\/vivalr.com\/wp-content\/uploads\/2025\/03\/ammonium-formate-cas-540-69-2.jpg","width":600,"height":654},{"@type":"BreadcrumbList","@id":"https:\/\/vivalr.com\/product\/10182.html#breadcrumb","itemListElement":[{"@type":"ListItem","position":1,"name":"Home","item":"https:\/\/vivalr.com\/"},{"@type":"ListItem","position":2,"name":"Shop","item":"https:\/\/vivalr.com\/shop\/"},{"@type":"ListItem","position":3,"name":"Factory Supply Ammonium Formate CAS 540-69-2 With Low Price"}]},{"@type":"WebSite","@id":"https:\/\/vivalr.com\/#website","url":"https:\/\/vivalr.com\/","name":"Bem-vindo ao VIVALR- Sua fonte confi\u00e1vel de mat\u00e9rias-primas qu\u00edmicas\uff01","description":"Descubra uma vasta gama de mat\u00e9rias-primas qu\u00edmicas de alta qualidade para satisfazer as suas necessidades industriais. O nosso compromisso com a excel\u00eancia garante-lhe os melhores produtos e servi\u00e7os.","potentialAction":[{"@type":"SearchAction","target":{"@type":"EntryPoint","urlTemplate":"https:\/\/vivalr.com\/?s={search_term_string}"},"query-input":{"@type":"PropertyValueSpecification","valueRequired":true,"valueName":"search_term_string"}}],"inLanguage":"pt-PT"}]}},"_links":{"self":[{"href":"https:\/\/vivalr.com\/pt\/wp-json\/wp\/v2\/product\/10182","targetHints":{"allow":["GET"]}}],"collection":[{"href":"https:\/\/vivalr.com\/pt\/wp-json\/wp\/v2\/product"}],"about":[{"href":"https:\/\/vivalr.com\/pt\/wp-json\/wp\/v2\/types\/product"}],"replies":[{"embeddable":true,"href":"https:\/\/vivalr.com\/pt\/wp-json\/wp\/v2\/comments?post=10182"}],"wp:featuredmedia":[{"embeddable":true,"href":"https:\/\/vivalr.com\/pt\/wp-json\/wp\/v2\/media\/26138"}],"wp:attachment":[{"href":"https:\/\/vivalr.com\/pt\/wp-json\/wp\/v2\/media?parent=10182"}],"wp:term":[{"taxonomy":"product_brand","embeddable":true,"href":"https:\/\/vivalr.com\/pt\/wp-json\/wp\/v2\/product_brand?post=10182"},{"taxonomy":"product_cat","embeddable":true,"href":"https:\/\/vivalr.com\/pt\/wp-json\/wp\/v2\/product_cat?post=10182"},{"taxonomy":"product_tag","embeddable":true,"href":"https:\/\/vivalr.com\/pt\/wp-json\/wp\/v2\/product_tag?post=10182"}],"curies":[{"name":"wp","href":"https:\/\/api.w.org\/{rel}","templated":true}]}}