{"id":10655,"date":"2025-03-07T12:16:55","date_gmt":"2025-03-07T12:16:55","guid":{"rendered":"https:\/\/vivalr.com\/product\/10655.html"},"modified":"2025-03-07T12:41:34","modified_gmt":"2025-03-07T12:41:34","slug":"high-quality-platinum-cas-7440-06-4-with-low-price","status":"publish","type":"product","link":"https:\/\/vivalr.com\/pt\/product\/10655.html","title":{"rendered":"Platina de alta qualidade CAS 7440-06-4 com pre\u00e7o baixo"},"content":{"rendered":"<h1>Guia do utilizador para Platina de alta qualidade CAS 7440-06-4 com pre\u00e7o baixo<\/h1>\n<h2>\u00cdndice<\/h2>\n<ul>\n<li><a href=\"#basic-info\">1. Informa\u00e7\u00f5es e par\u00e2metros de base<\/a><\/li>\n<li><a href=\"#uses\">2. Utiliza\u00e7\u00f5es do produto<\/a><\/li>\n<li><a href=\"#usage\">3. Como utilizar o produto<\/a><\/li>\n<li><a href=\"#case-studies\">4. Estudos de casos de utiliza\u00e7\u00e3o<\/a><\/li>\n<li><a href=\"#contact\">5. Informa\u00e7\u00f5es de contacto<\/a><\/li>\n<\/ul>\n<h2 id=\"basic-info\">1. Informa\u00e7\u00f5es e par\u00e2metros de base<\/h2>\n<p>O nosso produto \u00e9 Platina de Alta Qualidade com o n\u00famero CAS 7440 - 06 - 4. A platina \u00e9 um elemento qu\u00edmico com o s\u00edmbolo Pt e n\u00famero at\u00f3mico 78. \u00c9 um metal de transi\u00e7\u00e3o denso, male\u00e1vel, d\u00factil, altamente n\u00e3o reativo, precioso, prateado - branco. <\/p>\n<p>A platina de alta qualidade que oferecemos tem as seguintes carater\u00edsticas. Tem uma pureza que cumpre as normas rigorosas da ind\u00fastria, garantindo a sua fiabilidade em v\u00e1rias aplica\u00e7\u00f5es. As suas propriedades f\u00edsicas incluem um ponto de fus\u00e3o de aproximadamente 1768,3 \u00b0C e um ponto de ebuli\u00e7\u00e3o de cerca de 3825 \u00b0C. Tem uma densidade elevada de cerca de 21,45 g\/cm\u00b3 \u00e0 temperatura ambiente. <\/p>\n<h2 id=\"uses\">2. Utiliza\u00e7\u00f5es do produto<\/h2>\n<p>A platina tem uma vasta gama de aplica\u00e7\u00f5es em diferentes ind\u00fastrias. <\/p>\n<p>Na ind\u00fastria da joalharia, a platina \u00e9 altamente valorizada pela sua beleza e durabilidade. \u00c9 frequentemente utilizada para fazer alian\u00e7as de casamento, colares e brincos de alta qualidade. A sua cor branca proporciona um aspeto elegante e luxuoso, e a sua resist\u00eancia \u00e0 corros\u00e3o e ao embaciamento garante que as j\u00f3ias mant\u00eam o seu brilho ao longo do tempo. <\/p>\n<p>Na ind\u00fastria autom\u00f3vel, a platina \u00e9 um componente essencial dos conversores catal\u00edticos. Ajuda a reduzir as emiss\u00f5es nocivas dos ve\u00edculos, catalisando a convers\u00e3o de poluentes como o mon\u00f3xido de carbono, os \u00f3xidos de azoto e os hidrocarbonetos em subst\u00e2ncias menos nocivas como o di\u00f3xido de carbono, o azoto e a \u00e1gua. <\/p>\n<p>Na ind\u00fastria qu\u00edmica, a platina \u00e9 utilizada como catalisador em v\u00e1rias reac\u00e7\u00f5es qu\u00edmicas. Por exemplo, \u00e9 utilizada na produ\u00e7\u00e3o de \u00e1cido n\u00edtrico, que \u00e9 um importante produto qu\u00edmico industrial utilizado em fertilizantes, explosivos e muitos outros produtos. <\/p>\n<h2 id=\"usage\">3. Como utilizar o produto<\/h2>\n<p>Ao utilizar a platina no fabrico de j\u00f3ias, \u00e9 essencial ter as ferramentas e compet\u00eancias adequadas. Os joalheiros utilizam normalmente equipamento especializado para derreter e moldar a platina. O metal deve ser derretido num cadinho utilizando um ma\u00e7arico de alta temperatura. Uma vez fundido, pode ser moldado na forma desejada ou fabricado atrav\u00e9s de t\u00e9cnicas como a forja e a soldadura. <\/p>\n<p>Na ind\u00fastria autom\u00f3vel, a platina j\u00e1 \u00e9 incorporada nos catalisadores durante o processo de fabrico. No entanto, a manuten\u00e7\u00e3o adequada do sistema de escape do ve\u00edculo \u00e9 crucial para garantir o desempenho \u00f3timo do catalisador. Isto inclui uma inspe\u00e7\u00e3o regular para detetar danos e uma afina\u00e7\u00e3o adequada do motor para evitar emiss\u00f5es excessivas que possam danificar o catalisador de platina. <\/p>\n<p>Nas reac\u00e7\u00f5es qu\u00edmicas, a quantidade de platina utilizada como catalisador depende da rea\u00e7\u00e3o espec\u00edfica e da escala de produ\u00e7\u00e3o. \u00c9 normalmente adicionada numa forma finamente dividida para aumentar a sua \u00e1rea de superf\u00edcie e a sua atividade catal\u00edtica. Devem ser tomadas precau\u00e7\u00f5es de seguran\u00e7a ao manusear catalisadores de platina, tais como a utiliza\u00e7\u00e3o de equipamento de prote\u00e7\u00e3o adequado para evitar a inala\u00e7\u00e3o ou o contacto com a pele. <\/p>\n<h2 id=\"case-studies\">4. Estudos de casos de utiliza\u00e7\u00e3o<\/h2>\n<p>Estudo de caso 1: Fabricante de j\u00f3ias<\/p>\n<p>Um conhecido fabricante de j\u00f3ias decidiu utilizar a nossa platina de alta qualidade para a sua nova linha de alian\u00e7as de casamento. Eles foram atra\u00eddos pelo baixo pre\u00e7o e pela alta pureza da platina. Depois de utilizarem o nosso produto, descobriram que a platina era f\u00e1cil de trabalhar durante o processo de fabrico. Os an\u00e9is tinham um acabamento bonito e foram bem - recebidos pelos clientes. A durabilidade da platina garantiu que os an\u00e9is pudessem suportar o desgaste di\u00e1rio sem danos significativos, o que aumentou a satisfa\u00e7\u00e3o e a lealdade dos clientes. <\/p>\n<p>Estudo de caso 2: Empresa do sector autom\u00f3vel<\/p>\n<p>Uma empresa autom\u00f3vel incorporou a nossa platina na sua nova s\u00e9rie de catalisadores. Notaram uma melhoria significativa no desempenho dos catalisadores. A platina reduziu efetivamente as emiss\u00f5es nocivas, permitindo que os seus ve\u00edculos cumprissem os rigorosos regulamentos ambientais. Este facto n\u00e3o s\u00f3 beneficiou o ambiente como tamb\u00e9m melhorou a reputa\u00e7\u00e3o da empresa no mercado. <\/p>\n<p>Estudo de caso 3: F\u00e1brica de produtos qu\u00edmicos<\/p>\n<p>Uma f\u00e1brica de produtos qu\u00edmicos utilizou a nossa platina como catalisador na produ\u00e7\u00e3o de \u00e1cido n\u00edtrico. Descobriram que a platina de alta qualidade aumentava a taxa de rea\u00e7\u00e3o e o rendimento do processo. Isto levou a poupan\u00e7as de custos e a uma maior efici\u00eancia na sua linha de produ\u00e7\u00e3o. A estabilidade a longo prazo do catalisador de platina tamb\u00e9m reduziu a frequ\u00eancia de substitui\u00e7\u00e3o do catalisador, reduzindo ainda mais os custos operacionais. <\/p>\n<h2 id=\"contact\">5. Informa\u00e7\u00f5es de contacto<\/h2>\n<p>Se voc\u00ea tiver alguma d\u00favida ou precisar de mais informa\u00e7\u00f5es sobre o nosso Platina de alta qualidade CAS 7440 - 06 - 4 com baixo pre\u00e7o, n\u00e3o hesite em contactar-nos. <\/p>\n<p>Correio eletr\u00f3nico: info@vivalr.com<\/p>\n<p>Telefone: (<\/p>","protected":false},"excerpt":{"rendered":"<p>User Guide for High Quality Platinum CAS 7440-06-4 With Low Price Table of Contents 1. Basic Information and Parameters 2. Uses of the Product 3. How to Use the Product 4. Usage Case Studies 5. Contact Information 1. Basic Information and Parameters Our product is High Quality Platinum with the CAS number 7440 - 06 [&hellip;]<\/p>","protected":false},"featured_media":26374,"comment_status":"closed","ping_status":"open","template":"","meta":[],"product_brand":[],"product_cat":[15],"product_tag":[],"class_list":{"0":"post-10655","1":"product","2":"type-product","3":"status-publish","4":"has-post-thumbnail","6":"product_cat-uncategorized","8":"first","9":"instock","10":"product-type-simple"},"yoast_head":"<!-- This site is optimized with the Yoast SEO Premium plugin v24.4 (Yoast SEO v25.0) - https:\/\/yoast.com\/wordpress\/plugins\/seo\/ -->\n<title>High Quality Platinum CAS 7440-06-4 With Low Price - Welcome to VIVALR- Your Trusted Source for Chemical Raw Materials\uff01<\/title>\n<meta name=\"robots\" content=\"index, follow, max-snippet:-1, max-image-preview:large, max-video-preview:-1\" \/>\n<link rel=\"canonical\" href=\"https:\/\/vivalr.com\/pt\/product\/10655.html\" \/>\n<meta property=\"og:locale\" content=\"pt_PT\" \/>\n<meta property=\"og:type\" content=\"article\" \/>\n<meta property=\"og:title\" content=\"High Quality Platinum CAS 7440-06-4 With Low Price\" \/>\n<meta property=\"og:description\" content=\"User Guide for High Quality Platinum CAS 7440-06-4 With Low Price Table of Contents 1. Basic Information and Parameters 2. Uses of the Product 3. How to Use the Product 4. Usage Case Studies 5. Contact Information 1. Basic Information and Parameters Our product is High Quality Platinum with the CAS number 7440 - 06 [&hellip;]\" \/>\n<meta property=\"og:url\" content=\"https:\/\/vivalr.com\/pt\/product\/10655.html\" \/>\n<meta property=\"og:site_name\" content=\"Welcome to VIVALR- Your Trusted Source for Chemical Raw Materials\uff01\" \/>\n<meta property=\"article:modified_time\" content=\"2025-03-07T12:41:34+00:00\" \/>\n<meta property=\"og:image\" content=\"https:\/\/vivalr.com\/wp-content\/uploads\/2025\/03\/platinum-cas-7440-06-4.jpg\" \/>\n\t<meta property=\"og:image:width\" content=\"700\" \/>\n\t<meta property=\"og:image:height\" content=\"762\" \/>\n\t<meta property=\"og:image:type\" content=\"image\/jpeg\" \/>\n<meta name=\"twitter:card\" content=\"summary_large_image\" \/>\n<meta name=\"twitter:label1\" content=\"Tempo estimado de leitura\" \/>\n\t<meta name=\"twitter:data1\" content=\"4 minutos\" \/>\n<script type=\"application\/ld+json\" class=\"yoast-schema-graph\">{\"@context\":\"https:\/\/schema.org\",\"@graph\":[{\"@type\":\"WebPage\",\"@id\":\"https:\/\/vivalr.com\/product\/10655.html\",\"url\":\"https:\/\/vivalr.com\/product\/10655.html\",\"name\":\"High Quality Platinum CAS 7440-06-4 With Low Price - Welcome to VIVALR- Your Trusted Source for Chemical Raw Materials\uff01\",\"isPartOf\":{\"@id\":\"https:\/\/vivalr.com\/#website\"},\"primaryImageOfPage\":{\"@id\":\"https:\/\/vivalr.com\/product\/10655.html#primaryimage\"},\"image\":{\"@id\":\"https:\/\/vivalr.com\/product\/10655.html#primaryimage\"},\"thumbnailUrl\":\"https:\/\/vivalr.com\/wp-content\/uploads\/2025\/03\/platinum-cas-7440-06-4.jpg\",\"datePublished\":\"2025-03-07T12:16:55+00:00\",\"dateModified\":\"2025-03-07T12:41:34+00:00\",\"breadcrumb\":{\"@id\":\"https:\/\/vivalr.com\/product\/10655.html#breadcrumb\"},\"inLanguage\":\"pt-PT\",\"potentialAction\":[{\"@type\":\"ReadAction\",\"target\":[\"https:\/\/vivalr.com\/product\/10655.html\"]}]},{\"@type\":\"ImageObject\",\"inLanguage\":\"pt-PT\",\"@id\":\"https:\/\/vivalr.com\/product\/10655.html#primaryimage\",\"url\":\"https:\/\/vivalr.com\/wp-content\/uploads\/2025\/03\/platinum-cas-7440-06-4.jpg\",\"contentUrl\":\"https:\/\/vivalr.com\/wp-content\/uploads\/2025\/03\/platinum-cas-7440-06-4.jpg\",\"width\":700,\"height\":762},{\"@type\":\"BreadcrumbList\",\"@id\":\"https:\/\/vivalr.com\/product\/10655.html#breadcrumb\",\"itemListElement\":[{\"@type\":\"ListItem\",\"position\":1,\"name\":\"Home\",\"item\":\"https:\/\/vivalr.com\/\"},{\"@type\":\"ListItem\",\"position\":2,\"name\":\"Shop\",\"item\":\"https:\/\/vivalr.com\/shop\/\"},{\"@type\":\"ListItem\",\"position\":3,\"name\":\"High Quality Platinum CAS 7440-06-4 With Low Price\"}]},{\"@type\":\"WebSite\",\"@id\":\"https:\/\/vivalr.com\/#website\",\"url\":\"https:\/\/vivalr.com\/\",\"name\":\"Welcome to VIVALR- Your Trusted Source for Chemical Raw Materials\uff01\",\"description\":\"Discover a wide range of high-quality chemical raw materials to meet your industrial needs. Our commitment to excellence ensures that you get the best products and services.\",\"potentialAction\":[{\"@type\":\"SearchAction\",\"target\":{\"@type\":\"EntryPoint\",\"urlTemplate\":\"https:\/\/vivalr.com\/?s={search_term_string}\"},\"query-input\":{\"@type\":\"PropertyValueSpecification\",\"valueRequired\":true,\"valueName\":\"search_term_string\"}}],\"inLanguage\":\"pt-PT\"}]}<\/script>\n<!-- \/ Yoast SEO Premium plugin. -->","yoast_head_json":{"title":"Platina de alta qualidade CAS 7440-06-4 com pre\u00e7o baixo - Bem-vindo ao VIVALR- Sua fonte confi\u00e1vel de mat\u00e9rias-primas qu\u00edmicas\uff01","robots":{"index":"index","follow":"follow","max-snippet":"max-snippet:-1","max-image-preview":"max-image-preview:large","max-video-preview":"max-video-preview:-1"},"canonical":"https:\/\/vivalr.com\/pt\/product\/10655.html","og_locale":"pt_PT","og_type":"article","og_title":"High Quality Platinum CAS 7440-06-4 With Low Price","og_description":"User Guide for High Quality Platinum CAS 7440-06-4 With Low Price Table of Contents 1. Basic Information and Parameters 2. Uses of the Product 3. How to Use the Product 4. Usage Case Studies 5. Contact Information 1. Basic Information and Parameters Our product is High Quality Platinum with the CAS number 7440 - 06 [&hellip;]","og_url":"https:\/\/vivalr.com\/pt\/product\/10655.html","og_site_name":"Welcome to VIVALR- Your Trusted Source for Chemical Raw Materials\uff01","article_modified_time":"2025-03-07T12:41:34+00:00","og_image":[{"width":700,"height":762,"url":"https:\/\/vivalr.com\/wp-content\/uploads\/2025\/03\/platinum-cas-7440-06-4.jpg","type":"image\/jpeg"}],"twitter_card":"summary_large_image","twitter_misc":{"Tempo estimado de leitura":"4 minutos"},"schema":{"@context":"https:\/\/schema.org","@graph":[{"@type":"WebPage","@id":"https:\/\/vivalr.com\/product\/10655.html","url":"https:\/\/vivalr.com\/product\/10655.html","name":"Platina de alta qualidade CAS 7440-06-4 com pre\u00e7o baixo - Bem-vindo ao VIVALR- Sua fonte confi\u00e1vel de mat\u00e9rias-primas qu\u00edmicas\uff01","isPartOf":{"@id":"https:\/\/vivalr.com\/#website"},"primaryImageOfPage":{"@id":"https:\/\/vivalr.com\/product\/10655.html#primaryimage"},"image":{"@id":"https:\/\/vivalr.com\/product\/10655.html#primaryimage"},"thumbnailUrl":"https:\/\/vivalr.com\/wp-content\/uploads\/2025\/03\/platinum-cas-7440-06-4.jpg","datePublished":"2025-03-07T12:16:55+00:00","dateModified":"2025-03-07T12:41:34+00:00","breadcrumb":{"@id":"https:\/\/vivalr.com\/product\/10655.html#breadcrumb"},"inLanguage":"pt-PT","potentialAction":[{"@type":"ReadAction","target":["https:\/\/vivalr.com\/product\/10655.html"]}]},{"@type":"ImageObject","inLanguage":"pt-PT","@id":"https:\/\/vivalr.com\/product\/10655.html#primaryimage","url":"https:\/\/vivalr.com\/wp-content\/uploads\/2025\/03\/platinum-cas-7440-06-4.jpg","contentUrl":"https:\/\/vivalr.com\/wp-content\/uploads\/2025\/03\/platinum-cas-7440-06-4.jpg","width":700,"height":762},{"@type":"BreadcrumbList","@id":"https:\/\/vivalr.com\/product\/10655.html#breadcrumb","itemListElement":[{"@type":"ListItem","position":1,"name":"Home","item":"https:\/\/vivalr.com\/"},{"@type":"ListItem","position":2,"name":"Shop","item":"https:\/\/vivalr.com\/shop\/"},{"@type":"ListItem","position":3,"name":"High Quality Platinum CAS 7440-06-4 With Low Price"}]},{"@type":"WebSite","@id":"https:\/\/vivalr.com\/#website","url":"https:\/\/vivalr.com\/","name":"Bem-vindo ao VIVALR- Sua fonte confi\u00e1vel de mat\u00e9rias-primas qu\u00edmicas\uff01","description":"Descubra uma vasta gama de mat\u00e9rias-primas qu\u00edmicas de alta qualidade para satisfazer as suas necessidades industriais. O nosso compromisso com a excel\u00eancia garante-lhe os melhores produtos e servi\u00e7os.","potentialAction":[{"@type":"SearchAction","target":{"@type":"EntryPoint","urlTemplate":"https:\/\/vivalr.com\/?s={search_term_string}"},"query-input":{"@type":"PropertyValueSpecification","valueRequired":true,"valueName":"search_term_string"}}],"inLanguage":"pt-PT"}]}},"_links":{"self":[{"href":"https:\/\/vivalr.com\/pt\/wp-json\/wp\/v2\/product\/10655","targetHints":{"allow":["GET"]}}],"collection":[{"href":"https:\/\/vivalr.com\/pt\/wp-json\/wp\/v2\/product"}],"about":[{"href":"https:\/\/vivalr.com\/pt\/wp-json\/wp\/v2\/types\/product"}],"replies":[{"embeddable":true,"href":"https:\/\/vivalr.com\/pt\/wp-json\/wp\/v2\/comments?post=10655"}],"wp:featuredmedia":[{"embeddable":true,"href":"https:\/\/vivalr.com\/pt\/wp-json\/wp\/v2\/media\/26374"}],"wp:attachment":[{"href":"https:\/\/vivalr.com\/pt\/wp-json\/wp\/v2\/media?parent=10655"}],"wp:term":[{"taxonomy":"product_brand","embeddable":true,"href":"https:\/\/vivalr.com\/pt\/wp-json\/wp\/v2\/product_brand?post=10655"},{"taxonomy":"product_cat","embeddable":true,"href":"https:\/\/vivalr.com\/pt\/wp-json\/wp\/v2\/product_cat?post=10655"},{"taxonomy":"product_tag","embeddable":true,"href":"https:\/\/vivalr.com\/pt\/wp-json\/wp\/v2\/product_tag?post=10655"}],"curies":[{"name":"wp","href":"https:\/\/api.w.org\/{rel}","templated":true}]}}