{"id":10669,"date":"2025-03-07T12:17:03","date_gmt":"2025-03-07T12:17:03","guid":{"rendered":"https:\/\/vivalr.com\/product\/10669.html"},"modified":"2025-03-07T12:41:36","modified_gmt":"2025-03-07T12:41:36","slug":"high-quality-d-mannose-cas-3458-28-4-with-low-price","status":"publish","type":"product","link":"https:\/\/vivalr.com\/pt\/product\/10669.html","title":{"rendered":"High Quality D-mannose cas 3458-28-4 With Low Price"},"content":{"rendered":"<h1>User Guide for High Quality D-mannose cas 3458-28-4 With Low Price<\/h1>\n<h2>\u00cdndice<\/h2>\n<ul>\n<li><a href=\"#basic_info\">1. Informa\u00e7\u00f5es e par\u00e2metros de base<\/a><\/li>\n<li><a href=\"#uses\">2. Utiliza\u00e7\u00f5es do produto<\/a><\/li>\n<li><a href=\"#usage\">3. Utiliza\u00e7\u00e3o do produto<\/a><\/li>\n<li><a href=\"#case_studies\">4. Estudos de casos de utiliza\u00e7\u00e3o de produtos<\/a><\/li>\n<li><a href=\"#contact\">5. Informa\u00e7\u00f5es de contacto<\/a><\/li>\n<\/ul>\n<h2 id=\"basic_info\">1. Informa\u00e7\u00f5es e par\u00e2metros de base<\/h2>\n<p>The product we are introducing is High Quality D-mannose with CAS number 3458 - 28 - 4. D-mannose is a type of monosaccharide, which is a simple sugar. It occurs naturally in many fruits, including cranberries, apples, and peaches. In its pure form, it appears as a white, crystalline powder.<\/p>\n<p>Our D-mannose product is of high quality and offered at a low price. It has a high purity level, ensuring maximum effectiveness. The product is produced under strict quality control standards to meet the needs of various industries. The solubility of D-mannose is relatively high, making it easy to dissolve in water and other solutions.<\/p>\n<h2 id=\"uses\">2. Utiliza\u00e7\u00f5es do produto<\/h2>\n<p><strong>\u00c1rea m\u00e9dica<\/strong>: D-mannose is well - known for its potential benefits in preventing and treating urinary tract infections (UTIs). It works by preventing bacteria, especially E. coli, from adhering to the walls of the urinary tract. When bacteria are unable to adhere, they are more likely to be flushed out of the body through urine, thus reducing the risk of infection.<\/p>\n<p><strong>Ind\u00fastria alimentar<\/strong>: It can be used as a natural sweetener. Compared to other sugars, D-mannose has a lower glycemic index, which means it causes a slower and smaller increase in blood sugar levels. This makes it a suitable alternative for people who need to control their blood sugar, such as diabetics.<\/p>\n<p><strong>Ind\u00fastria de cosm\u00e9ticos<\/strong>: D-mannose can be incorporated into skincare products. It has moisturizing properties and can help improve the texture and appearance of the skin. It may also have anti - inflammatory effects, which can soothe irritated skin.<\/p>\n<h2 id=\"usage\">3. Utiliza\u00e7\u00e3o do produto<\/h2>\n<p><strong>For Preventing UTIs<\/strong>: For adults, a common dosage is 1 - 2 grams of D-mannose powder dissolved in a glass of water, taken 2 - 3 times a day. It is best to take it on an empty stomach for better absorption. For children, the dosage should be adjusted according to age and weight, and it is advisable to consult a doctor before use.<\/p>\n<p><strong>As a Sweetener<\/strong>: You can use D-mannose in place of regular sugar in your beverages, such as coffee, tea, or smoothies. Start with a small amount and adjust the taste according to your preference. You can also use it in baking, but keep in mind that it may have slightly different properties compared to traditional sugars.<\/p>\n<p><strong>In Skincare<\/strong>: If you are using D-mannose in a DIY skincare product, you can dissolve a small amount of the powder in a carrier oil or a water - based solution. Apply it to your skin gently, massaging it in circular motions. You can use it as a facial mask or a moisturizing lotion.<\/p>\n<h2 id=\"case_studies\">4. Estudos de casos de utiliza\u00e7\u00e3o de produtos<\/h2>\n<p><strong>Case 1: UTI Prevention<\/strong><br \/>\n    A 35 - year - old female had a history of recurrent UTIs. She started taking 1 gram of our D-mannose powder twice a day. Before using D-mannose, she had suffered from at least 2 - 3 UTIs per year. After six months of regular use, she had not experienced any new UTIs. She reported feeling more confident and having a better quality of life, as she no longer had to worry about the pain and inconvenience of UTIs.<\/p>\n<p><strong>Case 2: Sugar Alternative<\/strong><br \/>\n    A 50 - year - old male with diabetes decided to replace regular sugar with D-mannose in his daily coffee. He noticed that his blood sugar levels were more stable after making the switch. Previously, his blood sugar would spike significantly after having a sugary coffee. With D-mannose, he was able to enjoy his coffee without the negative impact on his blood sugar.<\/p>\n<p><strong>Case 3: Skincare<\/strong><br \/>\n    A 28 - year - old female with dry and irritated skin created a DIY facial mask using D-mannose powder. She mixed 0.5 grams of D-mannose with aloe vera gel and applied it to her face twice a week. After a month of use, her skin became more hydrated, and the redness and irritation were significantly reduced. Her skin also appeared smoother and more radiant.<\/p>\n<h2 id=\"contact\">5. Informa\u00e7\u00f5es de contacto<\/<\/p>","protected":false},"excerpt":{"rendered":"<p>User Guide for High Quality D-mannose cas 3458-28-4 With Low Price Table of Contents 1. Basic Information and Parameters 2. Product Uses 3. Product Usage 4. Product Use Case Studies 5. Contact Information 1. Basic Information and Parameters The product we are introducing is High Quality D-mannose with CAS number 3458 - 28 - 4. [&hellip;]<\/p>","protected":false},"featured_media":26381,"comment_status":"closed","ping_status":"open","template":"","meta":[],"product_brand":[],"product_cat":[15],"product_tag":[],"class_list":{"0":"post-10669","1":"product","2":"type-product","3":"status-publish","4":"has-post-thumbnail","6":"product_cat-uncategorized","8":"first","9":"instock","10":"product-type-simple"},"yoast_head":"<!-- This site is optimized with the Yoast SEO Premium plugin v24.4 (Yoast SEO v25.0) - https:\/\/yoast.com\/wordpress\/plugins\/seo\/ -->\n<title>High Quality D-mannose cas 3458-28-4 With Low Price - Welcome to VIVALR- Your Trusted Source for Chemical Raw Materials\uff01<\/title>\n<meta name=\"robots\" content=\"index, follow, max-snippet:-1, max-image-preview:large, max-video-preview:-1\" \/>\n<link rel=\"canonical\" href=\"https:\/\/vivalr.com\/pt\/product\/10669.html\" \/>\n<meta property=\"og:locale\" content=\"pt_PT\" \/>\n<meta property=\"og:type\" content=\"article\" \/>\n<meta property=\"og:title\" content=\"High Quality D-mannose cas 3458-28-4 With Low Price\" \/>\n<meta property=\"og:description\" content=\"User Guide for High Quality D-mannose cas 3458-28-4 With Low Price Table of Contents 1. Basic Information and Parameters 2. Product Uses 3. Product Usage 4. Product Use Case Studies 5. Contact Information 1. Basic Information and Parameters The product we are introducing is High Quality D-mannose with CAS number 3458 - 28 - 4. [&hellip;]\" \/>\n<meta property=\"og:url\" content=\"https:\/\/vivalr.com\/pt\/product\/10669.html\" \/>\n<meta property=\"og:site_name\" content=\"Welcome to VIVALR- Your Trusted Source for Chemical Raw Materials\uff01\" \/>\n<meta property=\"article:modified_time\" content=\"2025-03-07T12:41:36+00:00\" \/>\n<meta property=\"og:image\" content=\"https:\/\/vivalr.com\/wp-content\/uploads\/2025\/03\/d-mannose-cas-3458-28-4.jpg\" \/>\n\t<meta property=\"og:image:width\" content=\"700\" \/>\n\t<meta property=\"og:image:height\" content=\"762\" \/>\n\t<meta property=\"og:image:type\" content=\"image\/jpeg\" \/>\n<meta name=\"twitter:card\" content=\"summary_large_image\" \/>\n<meta name=\"twitter:label1\" content=\"Tempo estimado de leitura\" \/>\n\t<meta name=\"twitter:data1\" content=\"3 minutos\" \/>\n<script type=\"application\/ld+json\" class=\"yoast-schema-graph\">{\"@context\":\"https:\/\/schema.org\",\"@graph\":[{\"@type\":\"WebPage\",\"@id\":\"https:\/\/vivalr.com\/product\/10669.html\",\"url\":\"https:\/\/vivalr.com\/product\/10669.html\",\"name\":\"High Quality D-mannose cas 3458-28-4 With Low Price - Welcome to VIVALR- Your Trusted Source for Chemical Raw Materials\uff01\",\"isPartOf\":{\"@id\":\"https:\/\/vivalr.com\/#website\"},\"primaryImageOfPage\":{\"@id\":\"https:\/\/vivalr.com\/product\/10669.html#primaryimage\"},\"image\":{\"@id\":\"https:\/\/vivalr.com\/product\/10669.html#primaryimage\"},\"thumbnailUrl\":\"https:\/\/vivalr.com\/wp-content\/uploads\/2025\/03\/d-mannose-cas-3458-28-4.jpg\",\"datePublished\":\"2025-03-07T12:17:03+00:00\",\"dateModified\":\"2025-03-07T12:41:36+00:00\",\"breadcrumb\":{\"@id\":\"https:\/\/vivalr.com\/product\/10669.html#breadcrumb\"},\"inLanguage\":\"pt-PT\",\"potentialAction\":[{\"@type\":\"ReadAction\",\"target\":[\"https:\/\/vivalr.com\/product\/10669.html\"]}]},{\"@type\":\"ImageObject\",\"inLanguage\":\"pt-PT\",\"@id\":\"https:\/\/vivalr.com\/product\/10669.html#primaryimage\",\"url\":\"https:\/\/vivalr.com\/wp-content\/uploads\/2025\/03\/d-mannose-cas-3458-28-4.jpg\",\"contentUrl\":\"https:\/\/vivalr.com\/wp-content\/uploads\/2025\/03\/d-mannose-cas-3458-28-4.jpg\",\"width\":700,\"height\":762},{\"@type\":\"BreadcrumbList\",\"@id\":\"https:\/\/vivalr.com\/product\/10669.html#breadcrumb\",\"itemListElement\":[{\"@type\":\"ListItem\",\"position\":1,\"name\":\"Home\",\"item\":\"https:\/\/vivalr.com\/\"},{\"@type\":\"ListItem\",\"position\":2,\"name\":\"Shop\",\"item\":\"https:\/\/vivalr.com\/shop\/\"},{\"@type\":\"ListItem\",\"position\":3,\"name\":\"High Quality D-mannose cas 3458-28-4 With Low Price\"}]},{\"@type\":\"WebSite\",\"@id\":\"https:\/\/vivalr.com\/#website\",\"url\":\"https:\/\/vivalr.com\/\",\"name\":\"Welcome to VIVALR- Your Trusted Source for Chemical Raw Materials\uff01\",\"description\":\"Discover a wide range of high-quality chemical raw materials to meet your industrial needs. Our commitment to excellence ensures that you get the best products and services.\",\"potentialAction\":[{\"@type\":\"SearchAction\",\"target\":{\"@type\":\"EntryPoint\",\"urlTemplate\":\"https:\/\/vivalr.com\/?s={search_term_string}\"},\"query-input\":{\"@type\":\"PropertyValueSpecification\",\"valueRequired\":true,\"valueName\":\"search_term_string\"}}],\"inLanguage\":\"pt-PT\"}]}<\/script>\n<!-- \/ Yoast SEO Premium plugin. -->","yoast_head_json":{"title":"High Quality D-mannose cas 3458-28-4 With Low Price - Welcome to VIVALR- Your Trusted Source for Chemical Raw Materials\uff01","robots":{"index":"index","follow":"follow","max-snippet":"max-snippet:-1","max-image-preview":"max-image-preview:large","max-video-preview":"max-video-preview:-1"},"canonical":"https:\/\/vivalr.com\/pt\/product\/10669.html","og_locale":"pt_PT","og_type":"article","og_title":"High Quality D-mannose cas 3458-28-4 With Low Price","og_description":"User Guide for High Quality D-mannose cas 3458-28-4 With Low Price Table of Contents 1. Basic Information and Parameters 2. Product Uses 3. Product Usage 4. Product Use Case Studies 5. Contact Information 1. Basic Information and Parameters The product we are introducing is High Quality D-mannose with CAS number 3458 - 28 - 4. [&hellip;]","og_url":"https:\/\/vivalr.com\/pt\/product\/10669.html","og_site_name":"Welcome to VIVALR- Your Trusted Source for Chemical Raw Materials\uff01","article_modified_time":"2025-03-07T12:41:36+00:00","og_image":[{"width":700,"height":762,"url":"https:\/\/vivalr.com\/wp-content\/uploads\/2025\/03\/d-mannose-cas-3458-28-4.jpg","type":"image\/jpeg"}],"twitter_card":"summary_large_image","twitter_misc":{"Tempo estimado de leitura":"3 minutos"},"schema":{"@context":"https:\/\/schema.org","@graph":[{"@type":"WebPage","@id":"https:\/\/vivalr.com\/product\/10669.html","url":"https:\/\/vivalr.com\/product\/10669.html","name":"High Quality D-mannose cas 3458-28-4 With Low Price - Welcome to VIVALR- Your Trusted Source for Chemical Raw Materials\uff01","isPartOf":{"@id":"https:\/\/vivalr.com\/#website"},"primaryImageOfPage":{"@id":"https:\/\/vivalr.com\/product\/10669.html#primaryimage"},"image":{"@id":"https:\/\/vivalr.com\/product\/10669.html#primaryimage"},"thumbnailUrl":"https:\/\/vivalr.com\/wp-content\/uploads\/2025\/03\/d-mannose-cas-3458-28-4.jpg","datePublished":"2025-03-07T12:17:03+00:00","dateModified":"2025-03-07T12:41:36+00:00","breadcrumb":{"@id":"https:\/\/vivalr.com\/product\/10669.html#breadcrumb"},"inLanguage":"pt-PT","potentialAction":[{"@type":"ReadAction","target":["https:\/\/vivalr.com\/product\/10669.html"]}]},{"@type":"ImageObject","inLanguage":"pt-PT","@id":"https:\/\/vivalr.com\/product\/10669.html#primaryimage","url":"https:\/\/vivalr.com\/wp-content\/uploads\/2025\/03\/d-mannose-cas-3458-28-4.jpg","contentUrl":"https:\/\/vivalr.com\/wp-content\/uploads\/2025\/03\/d-mannose-cas-3458-28-4.jpg","width":700,"height":762},{"@type":"BreadcrumbList","@id":"https:\/\/vivalr.com\/product\/10669.html#breadcrumb","itemListElement":[{"@type":"ListItem","position":1,"name":"Home","item":"https:\/\/vivalr.com\/"},{"@type":"ListItem","position":2,"name":"Shop","item":"https:\/\/vivalr.com\/shop\/"},{"@type":"ListItem","position":3,"name":"High Quality D-mannose cas 3458-28-4 With Low Price"}]},{"@type":"WebSite","@id":"https:\/\/vivalr.com\/#website","url":"https:\/\/vivalr.com\/","name":"Bem-vindo ao VIVALR- Sua fonte confi\u00e1vel de mat\u00e9rias-primas qu\u00edmicas\uff01","description":"Descubra uma vasta gama de mat\u00e9rias-primas qu\u00edmicas de alta qualidade para satisfazer as suas necessidades industriais. O nosso compromisso com a excel\u00eancia garante-lhe os melhores produtos e servi\u00e7os.","potentialAction":[{"@type":"SearchAction","target":{"@type":"EntryPoint","urlTemplate":"https:\/\/vivalr.com\/?s={search_term_string}"},"query-input":{"@type":"PropertyValueSpecification","valueRequired":true,"valueName":"search_term_string"}}],"inLanguage":"pt-PT"}]}},"_links":{"self":[{"href":"https:\/\/vivalr.com\/pt\/wp-json\/wp\/v2\/product\/10669","targetHints":{"allow":["GET"]}}],"collection":[{"href":"https:\/\/vivalr.com\/pt\/wp-json\/wp\/v2\/product"}],"about":[{"href":"https:\/\/vivalr.com\/pt\/wp-json\/wp\/v2\/types\/product"}],"replies":[{"embeddable":true,"href":"https:\/\/vivalr.com\/pt\/wp-json\/wp\/v2\/comments?post=10669"}],"wp:featuredmedia":[{"embeddable":true,"href":"https:\/\/vivalr.com\/pt\/wp-json\/wp\/v2\/media\/26381"}],"wp:attachment":[{"href":"https:\/\/vivalr.com\/pt\/wp-json\/wp\/v2\/media?parent=10669"}],"wp:term":[{"taxonomy":"product_brand","embeddable":true,"href":"https:\/\/vivalr.com\/pt\/wp-json\/wp\/v2\/product_brand?post=10669"},{"taxonomy":"product_cat","embeddable":true,"href":"https:\/\/vivalr.com\/pt\/wp-json\/wp\/v2\/product_cat?post=10669"},{"taxonomy":"product_tag","embeddable":true,"href":"https:\/\/vivalr.com\/pt\/wp-json\/wp\/v2\/product_tag?post=10669"}],"curies":[{"name":"wp","href":"https:\/\/api.w.org\/{rel}","templated":true}]}}