{"id":11121,"date":"2025-03-07T12:17:32","date_gmt":"2025-03-07T12:17:32","guid":{"rendered":"https:\/\/vivalr.com\/product\/11121.html"},"modified":"2025-03-07T12:42:33","modified_gmt":"2025-03-07T12:42:33","slug":"high-quality-l-leucine-cas-61-90-5-with-best-price","status":"publish","type":"product","link":"https:\/\/vivalr.com\/pt\/product\/11121.html","title":{"rendered":"L-leucina de alta qualidade CAS 61-90-5 com melhor pre\u00e7o"},"content":{"rendered":"<h1>Guia do utilizador: L-leucina CAS 61-90-5 de alta qualidade com melhor pre\u00e7o<\/h1>\n<nav>\n<ul>\n<li><a href=\"#basic-info\">Informa\u00e7\u00f5es e par\u00e2metros b\u00e1sicos<\/a><\/li>\n<li><a href=\"#uses\">Utiliza\u00e7\u00f5es do produto<\/a><\/li>\n<li><a href=\"#usage\">Como utilizar o produto<\/a><\/li>\n<li><a href=\"#case-studies\">Estudos de casos de utiliza\u00e7\u00e3o<\/a><\/li>\n<li><a href=\"#contact\">Informa\u00e7\u00f5es de contacto<\/a><\/li>\n<\/ul>\n<\/nav>\n<h2 id=\"basic-info\">Informa\u00e7\u00f5es e par\u00e2metros b\u00e1sicos<\/h2>\n<p>A nossa L-leucina de alta qualidade com o n\u00famero CAS 61 - 90 - 5 \u00e9 um produto de amino\u00e1cido superior. A L-leucina \u00e9 um amino\u00e1cido essencial, o que significa que n\u00e3o pode ser sintetizado pelo corpo humano e deve ser obtido atrav\u00e9s da dieta. <\/p>\n<p>F\u00f3rmula qu\u00edmica: C\u2086H\u2081\u2083NO\u2082<br \/>\nPeso molecular: 131,17 g\/mol<br \/>\nAspeto: P\u00f3 cristalino branco<br \/>\nPureza: \u2265 99%<br \/>\nPonto de fus\u00e3o: 293 - 295 \u00b0C<br \/>\nSolubilidade: Ligeiramente sol\u00favel em \u00e1gua fria, sol\u00favel em \u00e1gua quente e em solu\u00e7\u00f5es \u00e1cidas ou alcalinas dilu\u00eddas. <\/p>\n<h2 id=\"uses\">Utiliza\u00e7\u00f5es do produto<\/h2>\n<p>1. **S\u00edntese proteica**: A L-leucina desempenha um papel crucial na s\u00edntese proteica muscular. Ativa uma via de sinaliza\u00e7\u00e3o chave chamada mTOR (mammalian target of rapamycin), que estimula a produ\u00e7\u00e3o de novas prote\u00ednas musculares. Isto \u00e9 especialmente importante para atletas, culturistas e pessoas a recuperar de les\u00f5es, uma vez que ajuda na repara\u00e7\u00e3o e crescimento muscular.<\/p>\n<p>2. **Fonte de energia**: Durante uma atividade f\u00edsica intensa, a L-leucina pode ser utilizada como fonte de energia pelo organismo. Pode ser decomposta nos m\u00fasculos para fornecer energia, ajudando a retardar a fadiga e a melhorar o desempenho do exerc\u00edcio.<\/p>\n<p>3. **Regula\u00e7\u00e3o do a\u00e7\u00facar no sangue**: Alguns estudos sugerem que a L-leucina pode ter um efeito positivo nos n\u00edveis de a\u00e7\u00facar no sangue. Pode aumentar a sensibilidade \u00e0 insulina, o que ajuda o corpo a regular melhor a glicose no sangue e pode ser ben\u00e9fico para indiv\u00edduos com diabetes ou em risco de desenvolver diabetes.<\/p>\n<p>4. **Cosm\u00e9ticos**: Na ind\u00fastria cosm\u00e9tica, a L-leucina \u00e9 utilizada em produtos para o cuidado da pele. Pode ajudar a melhorar o teor de humidade da pele, aumentar a elasticidade da pele e reduzir o aparecimento de linhas finas e rugas.<\/p>\n<h2 id=\"usage\">Como utilizar o produto<\/h2>\n<p>1. **Suplementos diet\u00e9ticos**: Para a sa\u00fade geral e apoio muscular, a dose di\u00e1ria recomendada de L-leucina \u00e9 de cerca de 2 a 5 gramas. Pode ser tomada em c\u00e1psulas ou em p\u00f3. Se usar p\u00f3, pode ser misturado com \u00e1gua, sumo ou um batido de prote\u00ednas. \u00c9 melhor tom\u00e1-la antes ou depois do exerc\u00edcio para obter efeitos \u00f3ptimos de constru\u00e7\u00e3o muscular.<\/p>\n<p>2. **Ind\u00fastria alimentar**: Na ind\u00fastria alimentar, a L-leucina pode ser utilizada como fortificante nutricional. Pode ser adicionada a bebidas desportivas, barras de prote\u00ednas e f\u00f3rmulas infantis para aumentar o valor nutricional.<\/p>\n<p>3. **Aplica\u00e7\u00f5es cosm\u00e9ticas**: Em produtos de cuidados da pele, a L-leucina \u00e9 normalmente incorporada em cremes, lo\u00e7\u00f5es e soros. A concentra\u00e7\u00e3o pode variar consoante o produto espec\u00edfico, mas geralmente situa-se na gama de 0,5 - 2%.<\/p>\n<h2 id=\"case-studies\">Estudos de casos de utiliza\u00e7\u00e3o<\/h2>\n<p>1. **Caso de um atleta**: Um culturista profissional, John, estava a ter dificuldade em aumentar a sua massa muscular apesar de um regime de treino rigoroso. Come\u00e7ou a tomar 5 gramas do nosso suplemento de L-leucina antes e depois dos treinos. Ao fim de 3 meses, notou um aumento significativo da for\u00e7a e do tamanho dos m\u00fasculos. O seu supino aumentou 20 kg e a sua percentagem geral de gordura corporal diminuiu. A ativa\u00e7\u00e3o do mTOR pela L-leucina ajudou-o a construir mais m\u00fasculo e a recuperar mais rapidamente de treinos intensos.<\/p>\n<p>2. **Caso de um doente com diabetes**: A Sra. Smith, uma doente diab\u00e9tica de 65 anos, tinha dificuldades em controlar o a\u00e7\u00facar no sangue. O seu m\u00e9dico recomendou que adicionasse uma pequena quantidade de L-leucina \u00e0 sua dieta. Ela come\u00e7ou a tomar 2 gramas de L-leucina por dia no seu batido matinal. Ap\u00f3s 2 meses, os seus n\u00edveis de glucose no sangue tornaram-se mais est\u00e1veis e ela conseguiu reduzir ligeiramente a sua dose de insulina. A melhoria da sensibilidade \u00e0 insulina devido \u00e0 L-leucina contribuiu para uma melhor regula\u00e7\u00e3o do a\u00e7\u00facar no sangue.<\/p>\n<p>3. **Caso de cuidados com a pele**: Uma marca de beleza incorporou 1% L-leucina no seu novo s\u00e9rum anti-envelhecimento. Ap\u00f3s um teste de 3 meses com 50 volunt\u00e1rios, 80% deles relataram uma melhoria na textura da pele, redu\u00e7\u00e3o da secura e uma diminui\u00e7\u00e3o na apar\u00eancia de linhas finas. A L-leucina no soro ajudou a manter a pele hidratada e el\u00e1stica.<\/p>\n<h2 id=\"contact\">Informa\u00e7\u00f5es de contacto<\/h2>\n<p>Se tiver alguma d\u00favida ou precisar de mais informa\u00e7\u00f5es sobre a nossa L-leucina de alta qualidade, n\u00e3o hesite em contactar-nos:<\/p>\n<p>Correio eletr\u00f3nico: info@vivalr.com<br \/>\nTelefone: (86) 15866781826<\/p>","protected":false},"excerpt":{"rendered":"<p>User Guide: High Quality L-leucine CAS 61-90-5 With Best Price Basic Information and Parameters Uses of the Product How to Use the Product Usage Case Studies Contact Information Basic Information and Parameters Our High Quality L-leucine with CAS number 61 - 90 - 5 is a superior amino acid product. L - leucine is an [&hellip;]<\/p>","protected":false},"featured_media":26603,"comment_status":"closed","ping_status":"open","template":"","meta":[],"product_brand":[],"product_cat":[15],"product_tag":[],"class_list":{"0":"post-11121","1":"product","2":"type-product","3":"status-publish","4":"has-post-thumbnail","6":"product_cat-uncategorized","8":"first","9":"instock","10":"product-type-simple"},"yoast_head":"<!-- This site is optimized with the Yoast SEO Premium plugin v24.4 (Yoast SEO v27.4) - https:\/\/yoast.com\/product\/yoast-seo-premium-wordpress\/ -->\n<title>High Quality L-leucine CAS 61-90-5 With Best Price - Welcome to VIVALR- Your Trusted Source for Chemical Raw Materials\uff01<\/title>\n<meta name=\"robots\" content=\"index, follow, max-snippet:-1, max-image-preview:large, max-video-preview:-1\" \/>\n<link rel=\"canonical\" href=\"https:\/\/vivalr.com\/pt\/product\/11121.html\" \/>\n<meta property=\"og:locale\" content=\"pt_PT\" \/>\n<meta property=\"og:type\" content=\"article\" \/>\n<meta property=\"og:title\" content=\"High Quality L-leucine CAS 61-90-5 With Best Price\" \/>\n<meta property=\"og:description\" content=\"User Guide: High Quality L-leucine CAS 61-90-5 With Best Price Basic Information and Parameters Uses of the Product How to Use the Product Usage Case Studies Contact Information Basic Information and Parameters Our High Quality L-leucine with CAS number 61 - 90 - 5 is a superior amino acid product. L - leucine is an [&hellip;]\" \/>\n<meta property=\"og:url\" content=\"https:\/\/vivalr.com\/pt\/product\/11121.html\" \/>\n<meta property=\"og:site_name\" content=\"Welcome to VIVALR- Your Trusted Source for Chemical Raw Materials\uff01\" \/>\n<meta property=\"article:modified_time\" content=\"2025-03-07T12:42:33+00:00\" \/>\n<meta property=\"og:image\" content=\"https:\/\/vivalr.com\/wp-content\/uploads\/2025\/03\/l-leucine-cas-61-90-5.jpg\" \/>\n\t<meta property=\"og:image:width\" content=\"600\" \/>\n\t<meta property=\"og:image:height\" content=\"654\" \/>\n\t<meta property=\"og:image:type\" content=\"image\/jpeg\" \/>\n<meta name=\"twitter:card\" content=\"summary_large_image\" \/>\n<meta name=\"twitter:label1\" content=\"Tempo estimado de leitura\" \/>\n\t<meta name=\"twitter:data1\" content=\"3 minutos\" \/>\n<script type=\"application\/ld+json\" class=\"yoast-schema-graph\">{\"@context\":\"https:\\\/\\\/schema.org\",\"@graph\":[{\"@type\":\"WebPage\",\"@id\":\"https:\\\/\\\/vivalr.com\\\/product\\\/11121.html\",\"url\":\"https:\\\/\\\/vivalr.com\\\/product\\\/11121.html\",\"name\":\"High Quality L-leucine CAS 61-90-5 With Best Price - Welcome to VIVALR- Your Trusted Source for Chemical Raw Materials\uff01\",\"isPartOf\":{\"@id\":\"https:\\\/\\\/vivalr.com\\\/#website\"},\"primaryImageOfPage\":{\"@id\":\"https:\\\/\\\/vivalr.com\\\/product\\\/11121.html#primaryimage\"},\"image\":{\"@id\":\"https:\\\/\\\/vivalr.com\\\/product\\\/11121.html#primaryimage\"},\"thumbnailUrl\":\"https:\\\/\\\/vivalr.com\\\/wp-content\\\/uploads\\\/2025\\\/03\\\/l-leucine-cas-61-90-5.jpg\",\"datePublished\":\"2025-03-07T12:17:32+00:00\",\"dateModified\":\"2025-03-07T12:42:33+00:00\",\"breadcrumb\":{\"@id\":\"https:\\\/\\\/vivalr.com\\\/product\\\/11121.html#breadcrumb\"},\"inLanguage\":\"pt-PT\",\"potentialAction\":[{\"@type\":\"ReadAction\",\"target\":[\"https:\\\/\\\/vivalr.com\\\/product\\\/11121.html\"]}]},{\"@type\":\"ImageObject\",\"inLanguage\":\"pt-PT\",\"@id\":\"https:\\\/\\\/vivalr.com\\\/product\\\/11121.html#primaryimage\",\"url\":\"https:\\\/\\\/vivalr.com\\\/wp-content\\\/uploads\\\/2025\\\/03\\\/l-leucine-cas-61-90-5.jpg\",\"contentUrl\":\"https:\\\/\\\/vivalr.com\\\/wp-content\\\/uploads\\\/2025\\\/03\\\/l-leucine-cas-61-90-5.jpg\",\"width\":600,\"height\":654},{\"@type\":\"BreadcrumbList\",\"@id\":\"https:\\\/\\\/vivalr.com\\\/product\\\/11121.html#breadcrumb\",\"itemListElement\":[{\"@type\":\"ListItem\",\"position\":1,\"name\":\"Home\",\"item\":\"https:\\\/\\\/vivalr.com\\\/\"},{\"@type\":\"ListItem\",\"position\":2,\"name\":\"Shop\",\"item\":\"https:\\\/\\\/vivalr.com\\\/shop\\\/\"},{\"@type\":\"ListItem\",\"position\":3,\"name\":\"High Quality L-leucine CAS 61-90-5 With Best Price\"}]},{\"@type\":\"WebSite\",\"@id\":\"https:\\\/\\\/vivalr.com\\\/#website\",\"url\":\"https:\\\/\\\/vivalr.com\\\/\",\"name\":\"Welcome to VIVALR- Your Trusted Source for Chemical Raw Materials\uff01\",\"description\":\"Discover a wide range of high-quality chemical raw materials to meet your industrial needs. Our commitment to excellence ensures that you get the best products and services.\",\"potentialAction\":[{\"@type\":\"SearchAction\",\"target\":{\"@type\":\"EntryPoint\",\"urlTemplate\":\"https:\\\/\\\/vivalr.com\\\/?s={search_term_string}\"},\"query-input\":{\"@type\":\"PropertyValueSpecification\",\"valueRequired\":true,\"valueName\":\"search_term_string\"}}],\"inLanguage\":\"pt-PT\"}]}<\/script>\n<!-- \/ Yoast SEO Premium plugin. -->","yoast_head_json":{"title":"L-leucina CAS 61-90-5 de alta qualidade com melhor pre\u00e7o - Bem-vindo ao VIVALR- Sua fonte confi\u00e1vel de mat\u00e9rias-primas qu\u00edmicas\uff01","robots":{"index":"index","follow":"follow","max-snippet":"max-snippet:-1","max-image-preview":"max-image-preview:large","max-video-preview":"max-video-preview:-1"},"canonical":"https:\/\/vivalr.com\/pt\/product\/11121.html","og_locale":"pt_PT","og_type":"article","og_title":"High Quality L-leucine CAS 61-90-5 With Best Price","og_description":"User Guide: High Quality L-leucine CAS 61-90-5 With Best Price Basic Information and Parameters Uses of the Product How to Use the Product Usage Case Studies Contact Information Basic Information and Parameters Our High Quality L-leucine with CAS number 61 - 90 - 5 is a superior amino acid product. L - leucine is an [&hellip;]","og_url":"https:\/\/vivalr.com\/pt\/product\/11121.html","og_site_name":"Welcome to VIVALR- Your Trusted Source for Chemical Raw Materials\uff01","article_modified_time":"2025-03-07T12:42:33+00:00","og_image":[{"width":600,"height":654,"url":"https:\/\/vivalr.com\/wp-content\/uploads\/2025\/03\/l-leucine-cas-61-90-5.jpg","type":"image\/jpeg"}],"twitter_card":"summary_large_image","twitter_misc":{"Tempo estimado de leitura":"3 minutos"},"schema":{"@context":"https:\/\/schema.org","@graph":[{"@type":"WebPage","@id":"https:\/\/vivalr.com\/product\/11121.html","url":"https:\/\/vivalr.com\/product\/11121.html","name":"L-leucina CAS 61-90-5 de alta qualidade com melhor pre\u00e7o - Bem-vindo ao VIVALR- Sua fonte confi\u00e1vel de mat\u00e9rias-primas qu\u00edmicas\uff01","isPartOf":{"@id":"https:\/\/vivalr.com\/#website"},"primaryImageOfPage":{"@id":"https:\/\/vivalr.com\/product\/11121.html#primaryimage"},"image":{"@id":"https:\/\/vivalr.com\/product\/11121.html#primaryimage"},"thumbnailUrl":"https:\/\/vivalr.com\/wp-content\/uploads\/2025\/03\/l-leucine-cas-61-90-5.jpg","datePublished":"2025-03-07T12:17:32+00:00","dateModified":"2025-03-07T12:42:33+00:00","breadcrumb":{"@id":"https:\/\/vivalr.com\/product\/11121.html#breadcrumb"},"inLanguage":"pt-PT","potentialAction":[{"@type":"ReadAction","target":["https:\/\/vivalr.com\/product\/11121.html"]}]},{"@type":"ImageObject","inLanguage":"pt-PT","@id":"https:\/\/vivalr.com\/product\/11121.html#primaryimage","url":"https:\/\/vivalr.com\/wp-content\/uploads\/2025\/03\/l-leucine-cas-61-90-5.jpg","contentUrl":"https:\/\/vivalr.com\/wp-content\/uploads\/2025\/03\/l-leucine-cas-61-90-5.jpg","width":600,"height":654},{"@type":"BreadcrumbList","@id":"https:\/\/vivalr.com\/product\/11121.html#breadcrumb","itemListElement":[{"@type":"ListItem","position":1,"name":"Home","item":"https:\/\/vivalr.com\/"},{"@type":"ListItem","position":2,"name":"Shop","item":"https:\/\/vivalr.com\/shop\/"},{"@type":"ListItem","position":3,"name":"High Quality L-leucine CAS 61-90-5 With Best Price"}]},{"@type":"WebSite","@id":"https:\/\/vivalr.com\/#website","url":"https:\/\/vivalr.com\/","name":"Bem-vindo ao VIVALR- Sua fonte confi\u00e1vel de mat\u00e9rias-primas qu\u00edmicas\uff01","description":"Descubra uma vasta gama de mat\u00e9rias-primas qu\u00edmicas de alta qualidade para satisfazer as suas necessidades industriais. O nosso compromisso com a excel\u00eancia garante-lhe os melhores produtos e servi\u00e7os.","potentialAction":[{"@type":"SearchAction","target":{"@type":"EntryPoint","urlTemplate":"https:\/\/vivalr.com\/?s={search_term_string}"},"query-input":{"@type":"PropertyValueSpecification","valueRequired":true,"valueName":"search_term_string"}}],"inLanguage":"pt-PT"}]}},"_links":{"self":[{"href":"https:\/\/vivalr.com\/pt\/wp-json\/wp\/v2\/product\/11121","targetHints":{"allow":["GET"]}}],"collection":[{"href":"https:\/\/vivalr.com\/pt\/wp-json\/wp\/v2\/product"}],"about":[{"href":"https:\/\/vivalr.com\/pt\/wp-json\/wp\/v2\/types\/product"}],"replies":[{"embeddable":true,"href":"https:\/\/vivalr.com\/pt\/wp-json\/wp\/v2\/comments?post=11121"}],"wp:featuredmedia":[{"embeddable":true,"href":"https:\/\/vivalr.com\/pt\/wp-json\/wp\/v2\/media\/26603"}],"wp:attachment":[{"href":"https:\/\/vivalr.com\/pt\/wp-json\/wp\/v2\/media?parent=11121"}],"wp:term":[{"taxonomy":"product_brand","embeddable":true,"href":"https:\/\/vivalr.com\/pt\/wp-json\/wp\/v2\/product_brand?post=11121"},{"taxonomy":"product_cat","embeddable":true,"href":"https:\/\/vivalr.com\/pt\/wp-json\/wp\/v2\/product_cat?post=11121"},{"taxonomy":"product_tag","embeddable":true,"href":"https:\/\/vivalr.com\/pt\/wp-json\/wp\/v2\/product_tag?post=11121"}],"curies":[{"name":"wp","href":"https:\/\/api.w.org\/{rel}","templated":true}]}}