{"id":11340,"date":"2025-03-07T12:17:46","date_gmt":"2025-03-07T12:17:46","guid":{"rendered":"https:\/\/vivalr.com\/product\/11340.html"},"modified":"2025-03-07T12:42:58","modified_gmt":"2025-03-07T12:42:58","slug":"high-quality-solvent-red-135-cas-71902-17-5-20749-68-2-with-best-price","status":"publish","type":"product","link":"https:\/\/vivalr.com\/pt\/product\/11340.html","title":{"rendered":"Vermelho Solvente de Alta Qualidade 135 Cas 71902-17-5\/20749-68-2 Com Melhor Pre\u00e7o"},"content":{"rendered":"<h1>Guia do utilizador: Solvente Vermelho 135 Cas 71902-17-5\/20749-68-2 de alta qualidade com o melhor pre\u00e7o<\/h1>\n<h2>\u00cdndice<\/h2>\n<ul>\n<li><a href=\"#basicInfo\">Informa\u00e7\u00f5es e par\u00e2metros b\u00e1sicos<\/a><\/li>\n<li><a href=\"#usage\">Utiliza\u00e7\u00f5es do produto<\/a><\/li>\n<li><a href=\"#operation\">Utiliza\u00e7\u00e3o e funcionamento do produto<\/a><\/li>\n<li><a href=\"#case\">Casos de utiliza\u00e7\u00e3o de produtos<\/a><\/li>\n<li><a href=\"#contact\">Informa\u00e7\u00f5es de contacto<\/a><\/li>\n<\/ul>\n<h2 id=\"basicInfo\">Informa\u00e7\u00f5es e par\u00e2metros b\u00e1sicos<\/h2>\n<p>O nosso produto, High Quality Solvent Red 135, \u00e9 identificado pelos n\u00fameros CAS 71902 - 17 - 5 e 20749 - 68 - 2. Este corante vermelho solvente de alta qualidade oferece uma excelente solu\u00e7\u00e3o corante ao melhor pre\u00e7o do mercado. <\/p>\n<p>Propriedades f\u00edsicas e qu\u00edmicas:<\/p>\n<ul>\n<li>Aspeto: Apresenta-se normalmente como um p\u00f3 fino com uma cor vermelha carater\u00edstica. <\/li>\n<li>Solubilidade: Sol\u00favel em v\u00e1rios solventes org\u00e2nicos, o que o torna altamente vers\u00e1til para diferentes aplica\u00e7\u00f5es. <\/li>\n<li>Ponto de fus\u00e3o: O ponto de fus\u00e3o do Solvent Red 135 situa-se num intervalo espec\u00edfico, garantindo a sua estabilidade e desempenho em diferentes condi\u00e7\u00f5es de processamento. <\/li>\n<li>Estabilidade: Apresenta uma boa estabilidade contra o calor, a luz e os agentes qu\u00edmicos, mantendo a sua firmeza de cor ao longo do tempo. <\/li>\n<\/ul>\n<h2 id=\"usage\">Utiliza\u00e7\u00f5es do produto<\/h2>\n<p>O Solvente Vermelho 135 de alta qualidade tem uma vasta gama de utiliza\u00e7\u00f5es em v\u00e1rios sectores:<\/p>\n<ul>\n<li>Ind\u00fastria de pl\u00e1sticos: \u00c9 normalmente utilizado para colorir pl\u00e1sticos, proporcionando uma tonalidade vermelha vibrante. Pode ser aplicado na produ\u00e7\u00e3o de produtos pl\u00e1sticos, tais como brinquedos, artigos para o lar e pe\u00e7as para autom\u00f3veis. A elevada solubilidade em resinas pl\u00e1sticas assegura uma distribui\u00e7\u00e3o uniforme da cor. <\/li>\n<li>Ind\u00fastria de tintas: Na formula\u00e7\u00e3o da tinta, o Solvent Red 135 serve como um importante corante. \u00c9 adequado para v\u00e1rias tintas de impress\u00e3o, incluindo tintas flexogr\u00e1ficas, tintas de rotogravura e tintas de serigrafia. A excelente intensidade da cor e a resist\u00eancia \u00e0 luz do corante tornam os materiais impressos mais vivos e duradouros. <\/li>\n<li>Ind\u00fastria de revestimentos: Quando adicionado a revestimentos, pode melhorar o aspeto est\u00e9tico das superf\u00edcies revestidas. Pode ser utilizado em revestimentos industriais, revestimentos para autom\u00f3veis e revestimentos decorativos para obter uma cor vermelha rica. <\/li>\n<\/ul>\n<h2 id=\"operation\">Utiliza\u00e7\u00e3o e funcionamento do produto<\/h2>\n<p>Quando utilizar o Solvent Red 135, siga estes passos para obter resultados \u00f3ptimos:<\/p>\n<ol>\n<li>Pr\u00e9 - mistura: Antes de adicionar o corante \u00e0 matriz principal (como a resina pl\u00e1stica, a base de tinta ou o revestimento), recomenda-se a sua pr\u00e9-mistura com uma pequena quantidade de solvente ou material de transporte. Isto ajuda a obter uma dispers\u00e3o mais homog\u00e9nea. <\/li>\n<li>Adi\u00e7\u00e3o: Adicionar lentamente a solu\u00e7\u00e3o pr\u00e9-misturada ao material principal sob agita\u00e7\u00e3o cont\u00ednua. A velocidade e o tempo de agita\u00e7\u00e3o devem ser ajustados de acordo com a aplica\u00e7\u00e3o espec\u00edfica e o volume do material. <\/li>\n<li>Processamento: Depois de adicionar o corante, continuar as etapas de processamento, como o aquecimento, a moldagem ou a cura, conforme exigido pelo processo espec\u00edfico do produto final. <\/li>\n<\/ol>\n<p>\u00c9 importante notar que o equipamento de prote\u00e7\u00e3o, como luvas e \u00f3culos de prote\u00e7\u00e3o, deve ser usado durante o manuseamento para evitar o contacto direto com o corante. <\/p>\n<h2 id=\"case\">Casos de utiliza\u00e7\u00e3o de produtos<\/h2>\n<p>Caso 1: Produ\u00e7\u00e3o de brinquedos de pl\u00e1stico<\/p>\n<p>Uma empresa de fabrico de brinquedos utilizou o Solvente Vermelho 135 para colorir os seus brinquedos de pl\u00e1stico. O corante foi pr\u00e9 - misturado com uma pequena quantidade de plastificante e depois adicionado \u00e0 resina pl\u00e1stica fundida durante o processo de moldagem por inje\u00e7\u00e3o. O resultado foi um lote de brinquedos com uma cor vermelha brilhante e uniforme. A solidez da cor dos brinquedos era excelente, mesmo ap\u00f3s repetidas lavagens e exposi\u00e7\u00e3o \u00e0 luz solar, o que aumentou a atra\u00e7\u00e3o dos seus produtos no mercado. <\/p>\n<p>Caso 2: Ind\u00fastria gr\u00e1fica<\/p>\n<p>Uma empresa de impress\u00e3o incorporou o Solvent Red 135 na sua formula\u00e7\u00e3o de tinta flexogr\u00e1fica. Verificaram que o corante se dispersava bem na base de tinta e que os materiais impressos apresentavam uma cor vermelha viva e n\u00edtida. A resist\u00eancia \u00e0 luz das imagens impressas tamb\u00e9m foi satisfat\u00f3ria, garantindo que as brochuras e os materiais promocionais impressos mantivessem a sua qualidade de cor ao longo do tempo. <\/p>\n<h2 id=\"contact\">Informa\u00e7\u00f5es de contacto<\/h2>\n<p>Se tiver alguma d\u00favida ou precisar de mais informa\u00e7\u00f5es sobre o nosso Vermelho Solvente de Alta Qualidade 135, n\u00e3o hesite em contactar-nos.<\/p>\n<ul>\n<li>Correio eletr\u00f3nico: info@vivalr.com<\/li>\n<li>Telefone: (86) 15866781826<\/li>\n<\/ul>","protected":false},"excerpt":{"rendered":"<p>User Guide: High Quality Solvent Red 135 Cas 71902-17-5\/20749-68-2 With Best Price Table of Contents Basic Information and Parameters Product Uses Product Use and Operation Product Use Cases Contact Information Basic Information and Parameters Our product, High Quality Solvent Red 135, is identified by the CAS numbers 71902 - 17 - 5 and 20749 - [&hellip;]<\/p>","protected":false},"featured_media":26712,"comment_status":"closed","ping_status":"open","template":"","meta":[],"product_brand":[],"product_cat":[15],"product_tag":[],"class_list":{"0":"post-11340","1":"product","2":"type-product","3":"status-publish","4":"has-post-thumbnail","6":"product_cat-uncategorized","8":"first","9":"instock","10":"product-type-simple"},"yoast_head":"<!-- This site is optimized with the Yoast SEO Premium plugin v24.4 (Yoast SEO v27.4) - https:\/\/yoast.com\/product\/yoast-seo-premium-wordpress\/ -->\n<title>High Quality Solvent Red 135 Cas 71902-17-5\/20749-68-2 With Best Price - Welcome to VIVALR- Your Trusted Source for Chemical Raw Materials\uff01<\/title>\n<meta name=\"robots\" content=\"index, follow, max-snippet:-1, max-image-preview:large, max-video-preview:-1\" \/>\n<link rel=\"canonical\" href=\"https:\/\/vivalr.com\/pt\/product\/11340.html\" \/>\n<meta property=\"og:locale\" content=\"pt_PT\" \/>\n<meta property=\"og:type\" content=\"article\" \/>\n<meta property=\"og:title\" content=\"High Quality Solvent Red 135 Cas 71902-17-5\/20749-68-2 With Best Price\" \/>\n<meta property=\"og:description\" content=\"User Guide: High Quality Solvent Red 135 Cas 71902-17-5\/20749-68-2 With Best Price Table of Contents Basic Information and Parameters Product Uses Product Use and Operation Product Use Cases Contact Information Basic Information and Parameters Our product, High Quality Solvent Red 135, is identified by the CAS numbers 71902 - 17 - 5 and 20749 - [&hellip;]\" \/>\n<meta property=\"og:url\" content=\"https:\/\/vivalr.com\/pt\/product\/11340.html\" \/>\n<meta property=\"og:site_name\" content=\"Welcome to VIVALR- Your Trusted Source for Chemical Raw Materials\uff01\" \/>\n<meta property=\"article:modified_time\" content=\"2025-03-07T12:42:58+00:00\" \/>\n<meta property=\"og:image\" content=\"https:\/\/vivalr.com\/wp-content\/uploads\/2025\/03\/solvent-red-135-cas-71902-17-5-01.jpg\" \/>\n\t<meta property=\"og:image:width\" content=\"350\" \/>\n\t<meta property=\"og:image:height\" content=\"350\" \/>\n\t<meta property=\"og:image:type\" content=\"image\/jpeg\" \/>\n<meta name=\"twitter:card\" content=\"summary_large_image\" \/>\n<meta name=\"twitter:label1\" content=\"Tempo estimado de leitura\" \/>\n\t<meta name=\"twitter:data1\" content=\"3 minutos\" \/>\n<script type=\"application\/ld+json\" class=\"yoast-schema-graph\">{\"@context\":\"https:\\\/\\\/schema.org\",\"@graph\":[{\"@type\":\"WebPage\",\"@id\":\"https:\\\/\\\/vivalr.com\\\/product\\\/11340.html\",\"url\":\"https:\\\/\\\/vivalr.com\\\/product\\\/11340.html\",\"name\":\"High Quality Solvent Red 135 Cas 71902-17-5\\\/20749-68-2 With Best Price - Welcome to VIVALR- Your Trusted Source for Chemical Raw Materials\uff01\",\"isPartOf\":{\"@id\":\"https:\\\/\\\/vivalr.com\\\/#website\"},\"primaryImageOfPage\":{\"@id\":\"https:\\\/\\\/vivalr.com\\\/product\\\/11340.html#primaryimage\"},\"image\":{\"@id\":\"https:\\\/\\\/vivalr.com\\\/product\\\/11340.html#primaryimage\"},\"thumbnailUrl\":\"https:\\\/\\\/vivalr.com\\\/wp-content\\\/uploads\\\/2025\\\/03\\\/solvent-red-135-cas-71902-17-5-01.jpg\",\"datePublished\":\"2025-03-07T12:17:46+00:00\",\"dateModified\":\"2025-03-07T12:42:58+00:00\",\"breadcrumb\":{\"@id\":\"https:\\\/\\\/vivalr.com\\\/product\\\/11340.html#breadcrumb\"},\"inLanguage\":\"pt-PT\",\"potentialAction\":[{\"@type\":\"ReadAction\",\"target\":[\"https:\\\/\\\/vivalr.com\\\/product\\\/11340.html\"]}]},{\"@type\":\"ImageObject\",\"inLanguage\":\"pt-PT\",\"@id\":\"https:\\\/\\\/vivalr.com\\\/product\\\/11340.html#primaryimage\",\"url\":\"https:\\\/\\\/vivalr.com\\\/wp-content\\\/uploads\\\/2025\\\/03\\\/solvent-red-135-cas-71902-17-5-01.jpg\",\"contentUrl\":\"https:\\\/\\\/vivalr.com\\\/wp-content\\\/uploads\\\/2025\\\/03\\\/solvent-red-135-cas-71902-17-5-01.jpg\",\"width\":350,\"height\":350},{\"@type\":\"BreadcrumbList\",\"@id\":\"https:\\\/\\\/vivalr.com\\\/product\\\/11340.html#breadcrumb\",\"itemListElement\":[{\"@type\":\"ListItem\",\"position\":1,\"name\":\"Home\",\"item\":\"https:\\\/\\\/vivalr.com\\\/\"},{\"@type\":\"ListItem\",\"position\":2,\"name\":\"Shop\",\"item\":\"https:\\\/\\\/vivalr.com\\\/shop\\\/\"},{\"@type\":\"ListItem\",\"position\":3,\"name\":\"High Quality Solvent Red 135 Cas 71902-17-5\\\/20749-68-2 With Best Price\"}]},{\"@type\":\"WebSite\",\"@id\":\"https:\\\/\\\/vivalr.com\\\/#website\",\"url\":\"https:\\\/\\\/vivalr.com\\\/\",\"name\":\"Welcome to VIVALR- Your Trusted Source for Chemical Raw Materials\uff01\",\"description\":\"Discover a wide range of high-quality chemical raw materials to meet your industrial needs. Our commitment to excellence ensures that you get the best products and services.\",\"potentialAction\":[{\"@type\":\"SearchAction\",\"target\":{\"@type\":\"EntryPoint\",\"urlTemplate\":\"https:\\\/\\\/vivalr.com\\\/?s={search_term_string}\"},\"query-input\":{\"@type\":\"PropertyValueSpecification\",\"valueRequired\":true,\"valueName\":\"search_term_string\"}}],\"inLanguage\":\"pt-PT\"}]}<\/script>\n<!-- \/ Yoast SEO Premium plugin. -->","yoast_head_json":{"title":"Alta Qualidade Solvente Vermelho 135 Cas 71902-17-5\/20749-68-2 Com Melhor Pre\u00e7o - Bem-vindo ao VIVALR- Sua Fonte Confi\u00e1vel de Mat\u00e9rias-Primas Qu\u00edmicas\uff01","robots":{"index":"index","follow":"follow","max-snippet":"max-snippet:-1","max-image-preview":"max-image-preview:large","max-video-preview":"max-video-preview:-1"},"canonical":"https:\/\/vivalr.com\/pt\/product\/11340.html","og_locale":"pt_PT","og_type":"article","og_title":"High Quality Solvent Red 135 Cas 71902-17-5\/20749-68-2 With Best Price","og_description":"User Guide: High Quality Solvent Red 135 Cas 71902-17-5\/20749-68-2 With Best Price Table of Contents Basic Information and Parameters Product Uses Product Use and Operation Product Use Cases Contact Information Basic Information and Parameters Our product, High Quality Solvent Red 135, is identified by the CAS numbers 71902 - 17 - 5 and 20749 - [&hellip;]","og_url":"https:\/\/vivalr.com\/pt\/product\/11340.html","og_site_name":"Welcome to VIVALR- Your Trusted Source for Chemical Raw Materials\uff01","article_modified_time":"2025-03-07T12:42:58+00:00","og_image":[{"width":350,"height":350,"url":"https:\/\/vivalr.com\/wp-content\/uploads\/2025\/03\/solvent-red-135-cas-71902-17-5-01.jpg","type":"image\/jpeg"}],"twitter_card":"summary_large_image","twitter_misc":{"Tempo estimado de leitura":"3 minutos"},"schema":{"@context":"https:\/\/schema.org","@graph":[{"@type":"WebPage","@id":"https:\/\/vivalr.com\/product\/11340.html","url":"https:\/\/vivalr.com\/product\/11340.html","name":"Alta Qualidade Solvente Vermelho 135 Cas 71902-17-5\/20749-68-2 Com Melhor Pre\u00e7o - Bem-vindo ao VIVALR- Sua Fonte Confi\u00e1vel de Mat\u00e9rias-Primas Qu\u00edmicas\uff01","isPartOf":{"@id":"https:\/\/vivalr.com\/#website"},"primaryImageOfPage":{"@id":"https:\/\/vivalr.com\/product\/11340.html#primaryimage"},"image":{"@id":"https:\/\/vivalr.com\/product\/11340.html#primaryimage"},"thumbnailUrl":"https:\/\/vivalr.com\/wp-content\/uploads\/2025\/03\/solvent-red-135-cas-71902-17-5-01.jpg","datePublished":"2025-03-07T12:17:46+00:00","dateModified":"2025-03-07T12:42:58+00:00","breadcrumb":{"@id":"https:\/\/vivalr.com\/product\/11340.html#breadcrumb"},"inLanguage":"pt-PT","potentialAction":[{"@type":"ReadAction","target":["https:\/\/vivalr.com\/product\/11340.html"]}]},{"@type":"ImageObject","inLanguage":"pt-PT","@id":"https:\/\/vivalr.com\/product\/11340.html#primaryimage","url":"https:\/\/vivalr.com\/wp-content\/uploads\/2025\/03\/solvent-red-135-cas-71902-17-5-01.jpg","contentUrl":"https:\/\/vivalr.com\/wp-content\/uploads\/2025\/03\/solvent-red-135-cas-71902-17-5-01.jpg","width":350,"height":350},{"@type":"BreadcrumbList","@id":"https:\/\/vivalr.com\/product\/11340.html#breadcrumb","itemListElement":[{"@type":"ListItem","position":1,"name":"Home","item":"https:\/\/vivalr.com\/"},{"@type":"ListItem","position":2,"name":"Shop","item":"https:\/\/vivalr.com\/shop\/"},{"@type":"ListItem","position":3,"name":"High Quality Solvent Red 135 Cas 71902-17-5\/20749-68-2 With Best Price"}]},{"@type":"WebSite","@id":"https:\/\/vivalr.com\/#website","url":"https:\/\/vivalr.com\/","name":"Bem-vindo ao VIVALR- Sua fonte confi\u00e1vel de mat\u00e9rias-primas qu\u00edmicas\uff01","description":"Descubra uma vasta gama de mat\u00e9rias-primas qu\u00edmicas de alta qualidade para satisfazer as suas necessidades industriais. O nosso compromisso com a excel\u00eancia garante-lhe os melhores produtos e servi\u00e7os.","potentialAction":[{"@type":"SearchAction","target":{"@type":"EntryPoint","urlTemplate":"https:\/\/vivalr.com\/?s={search_term_string}"},"query-input":{"@type":"PropertyValueSpecification","valueRequired":true,"valueName":"search_term_string"}}],"inLanguage":"pt-PT"}]}},"_links":{"self":[{"href":"https:\/\/vivalr.com\/pt\/wp-json\/wp\/v2\/product\/11340","targetHints":{"allow":["GET"]}}],"collection":[{"href":"https:\/\/vivalr.com\/pt\/wp-json\/wp\/v2\/product"}],"about":[{"href":"https:\/\/vivalr.com\/pt\/wp-json\/wp\/v2\/types\/product"}],"replies":[{"embeddable":true,"href":"https:\/\/vivalr.com\/pt\/wp-json\/wp\/v2\/comments?post=11340"}],"wp:featuredmedia":[{"embeddable":true,"href":"https:\/\/vivalr.com\/pt\/wp-json\/wp\/v2\/media\/26712"}],"wp:attachment":[{"href":"https:\/\/vivalr.com\/pt\/wp-json\/wp\/v2\/media?parent=11340"}],"wp:term":[{"taxonomy":"product_brand","embeddable":true,"href":"https:\/\/vivalr.com\/pt\/wp-json\/wp\/v2\/product_brand?post=11340"},{"taxonomy":"product_cat","embeddable":true,"href":"https:\/\/vivalr.com\/pt\/wp-json\/wp\/v2\/product_cat?post=11340"},{"taxonomy":"product_tag","embeddable":true,"href":"https:\/\/vivalr.com\/pt\/wp-json\/wp\/v2\/product_tag?post=11340"}],"curies":[{"name":"wp","href":"https:\/\/api.w.org\/{rel}","templated":true}]}}