{"id":11422,"date":"2025-03-07T12:17:51","date_gmt":"2025-03-07T12:17:51","guid":{"rendered":"https:\/\/vivalr.com\/product\/11422.html"},"modified":"2025-03-07T12:43:08","modified_gmt":"2025-03-07T12:43:08","slug":"high-quality-potassium-bitartrate-cas-868-14-4-with-best-price","status":"publish","type":"product","link":"https:\/\/vivalr.com\/pt\/product\/11422.html","title":{"rendered":"Bitartarato de pot\u00e1ssio de alta qualidade CAS 868-14-4 com melhor pre\u00e7o"},"content":{"rendered":"<div>\n<h1>Bitartarato de pot\u00e1ssio de alta qualidade CAS 868-14-4 com o melhor pre\u00e7o Guia do utilizador<\/h1>\n<h2>\u00cdndice<\/h2>\n<ul>\n<li><a href=\"#basic_info\">Informa\u00e7\u00f5es e par\u00e2metros b\u00e1sicos<\/a><\/li>\n<li><a href=\"#uses\">Utiliza\u00e7\u00f5es do bitartarato de pot\u00e1ssio<\/a><\/li>\n<li><a href=\"#usage\">Como utilizar o bitartarato de pot\u00e1ssio<\/a><\/li>\n<li><a href=\"#case_studies\">Estudos de casos de utiliza\u00e7\u00e3o<\/a><\/li>\n<li><a href=\"#contact\">Informa\u00e7\u00f5es de contacto<\/a><\/li>\n<\/ul>\n<h2 id=\"basic_info\">Informa\u00e7\u00f5es e par\u00e2metros b\u00e1sicos<\/h2>\n<p>O bitartarato de pot\u00e1ssio, tamb\u00e9m conhecido como creme de t\u00e1rtaro, tem a f\u00f3rmula qu\u00edmica KC\u2084H\u2085O\u2086 e um n\u00famero CAS de 868 - 14 - 4. \u00c9 um p\u00f3 branco, inodoro e cristalino. A massa molar do bitartarato de pot\u00e1ssio \u00e9 de aproximadamente 188,18 g\/mol. \u00c9 muito sol\u00favel em \u00e1gua quente, mas apenas ligeiramente sol\u00favel em \u00e1gua fria. O bitartarato de pot\u00e1ssio \u00e9 um subproduto do processo de fabrico de vinho e \u00e9 amplamente reconhecido pela sua elevada pureza e qualidade no mercado, especialmente o nosso produto de alta qualidade que oferece o melhor pre\u00e7o.<\/p>\n<h2 id=\"uses\">Utiliza\u00e7\u00f5es do bitartarato de pot\u00e1ssio<\/h2>\n<p>No mundo da culin\u00e1ria, o bitartarato de pot\u00e1ssio \u00e9 um ingrediente vers\u00e1til. \u00c9 normalmente utilizado na pastelaria como agente fermentador. Quando combinado com bicarbonato de s\u00f3dio, forma uma rea\u00e7\u00e3o que ajuda a massa a crescer, resultando em produtos de pastelaria mais leves e fofos, como bolos, muffins e panquecas. Tamb\u00e9m pode ser adicionado \u00e0s claras de ovo quando estas s\u00e3o batidas para aumentar a sua estabilidade e volume, tornando-as ideais para merengues e souffl\u00e9s.<\/p>\n<p>Na ind\u00fastria qu\u00edmica, o bitartarato de pot\u00e1ssio \u00e9 utilizado como agente tamp\u00e3o devido \u00e0 sua natureza \u00e1cida. Ajuda a manter o equil\u00edbrio do pH em v\u00e1rias reac\u00e7\u00f5es e solu\u00e7\u00f5es qu\u00edmicas. Al\u00e9m disso, pode ser utilizado como agente redutor em alguns processos qu\u00edmicos.<\/p>\n<p>No dom\u00ednio m\u00e9dico, o bitartarato de pot\u00e1ssio \u00e9 por vezes utilizado na prepara\u00e7\u00e3o de certos medicamentos. Em alguns casos, pode tamb\u00e9m ser utilizado como laxante, embora esta utiliza\u00e7\u00e3o deva ser feita sob a orienta\u00e7\u00e3o de um profissional m\u00e9dico.<\/p>\n<h2 id=\"usage\">Como utilizar o bitartarato de pot\u00e1ssio<\/h2>\n<p><strong>Uso culin\u00e1rio<\/strong><\/p>\n<p>Quando utilizar bitartarato de pot\u00e1ssio na panifica\u00e7\u00e3o, por cada 1\/4 de colher de ch\u00e1 de bicarbonato de s\u00f3dio, pode utilizar cerca de 1\/2 colher de ch\u00e1 de bitartarato de pot\u00e1ssio. Misture-os bem antes de os adicionar aos ingredientes secos da sua receita. Quando estiver a bater claras de ovo, adicione cerca de 1\/8 de colher de ch\u00e1 de bitartarato de pot\u00e1ssio por clara de ovo no in\u00edcio do processo de batimento. Isto ajudar\u00e1 a que as claras atinjam picos firmes mais facilmente e mantenham melhor a sua forma.<\/p>\n<p><strong>Utiliza\u00e7\u00e3o de produtos qu\u00edmicos<\/strong><\/p>\n<p>Num laborat\u00f3rio qu\u00edmico, a quantidade de bitartarato de pot\u00e1ssio utilizada depende da rea\u00e7\u00e3o espec\u00edfica e do n\u00edvel de pH desejado. Normalmente \u00e9 adicionado gradualmente enquanto se monitoriza o pH com um medidor de pH. Se for necess\u00e1ria uma rea\u00e7\u00e3o mais r\u00e1pida, n\u00e3o se esque\u00e7a de o dissolver primeiro em \u00e1gua quente.<\/p>\n<p><strong>Utiliza\u00e7\u00e3o m\u00e9dica<\/strong><\/p>\n<p>Tal como referido, a utiliza\u00e7\u00e3o como laxante deve ser feita sob aconselhamento m\u00e9dico. A dosagem ser\u00e1 determinada por um m\u00e9dico com base no estado do paciente.<\/p>\n<h2 id=\"case_studies\">Estudos de casos de utiliza\u00e7\u00e3o<\/h2>\n<p><strong>Caso da padaria<\/strong><\/p>\n<p>Uma padaria local estava a ter problemas com o facto de os seus bolos serem demasiado densos. Depois de consultarem um especialista em pastelaria, come\u00e7aram a utilizar bitartarato de pot\u00e1ssio nas suas receitas de bolos. Ao adicionar 1\/2 colher de ch\u00e1 de bitartarato de pot\u00e1ssio por cada 1\/4 de colher de ch\u00e1 de bicarbonato de s\u00f3dio na massa do bolo, os bolos tornaram-se muito mais leves e fofos. Os clientes notaram a melhoria e as vendas de bolos da padaria aumentaram significativamente.<\/p>\n<p><strong>Caso de laborat\u00f3rio qu\u00edmico<\/strong><\/p>\n<p>Num laborat\u00f3rio de investiga\u00e7\u00e3o, uma equipa estava a realizar uma rea\u00e7\u00e3o qu\u00edmica que exigia um ambiente de pH est\u00e1vel. Adicionaram bitartarato de pot\u00e1ssio como agente tamp\u00e3o. Calculando cuidadosamente e adicionando a quantidade adequada de bitartarato de pot\u00e1ssio, conseguiram manter o pH desejado durante toda a rea\u00e7\u00e3o, o que levou a resultados experimentais mais consistentes e precisos.<\/p>\n<h2 id=\"contact\">Informa\u00e7\u00f5es de contacto<\/h2>\n<p>Se tiver alguma d\u00favida ou precisar de mais informa\u00e7\u00f5es sobre o nosso bitartarato de pot\u00e1ssio de alta qualidade, n\u00e3o hesite em contactar-nos. O nosso e-mail \u00e9 info@vivalr.com, e o nosso n\u00famero de telefone \u00e9 (86) 15866781826.<\/p>\n<\/div>","protected":false},"excerpt":{"rendered":"<p>High Quality Potassium bitartrate CAS 868-14-4 With Best Price User Guide Table of Contents Basic Information and Parameters Uses of Potassium Bitartrate How to Use Potassium Bitartrate Usage Case Studies Contact Information Basic Information and Parameters Potassium bitartrate, also known as cream of tartar, has the chemical formula KC\u2084H\u2085O\u2086 and a CAS number of 868 [&hellip;]<\/p>","protected":false},"featured_media":26753,"comment_status":"closed","ping_status":"open","template":"","meta":[],"product_brand":[],"product_cat":[15],"product_tag":[],"class_list":{"0":"post-11422","1":"product","2":"type-product","3":"status-publish","4":"has-post-thumbnail","6":"product_cat-uncategorized","8":"first","9":"instock","10":"product-type-simple"},"yoast_head":"<!-- This site is optimized with the Yoast SEO Premium plugin v24.4 (Yoast SEO v27.4) - https:\/\/yoast.com\/product\/yoast-seo-premium-wordpress\/ -->\n<title>High Quality Potassium bitartrate CAS 868-14-4 With Best Price - Welcome to VIVALR- Your Trusted Source for Chemical Raw Materials\uff01<\/title>\n<meta name=\"robots\" content=\"index, follow, max-snippet:-1, max-image-preview:large, max-video-preview:-1\" \/>\n<link rel=\"canonical\" href=\"https:\/\/vivalr.com\/pt\/product\/11422.html\" \/>\n<meta property=\"og:locale\" content=\"pt_PT\" \/>\n<meta property=\"og:type\" content=\"article\" \/>\n<meta property=\"og:title\" content=\"High Quality Potassium bitartrate CAS 868-14-4 With Best Price\" \/>\n<meta property=\"og:description\" content=\"High Quality Potassium bitartrate CAS 868-14-4 With Best Price User Guide Table of Contents Basic Information and Parameters Uses of Potassium Bitartrate How to Use Potassium Bitartrate Usage Case Studies Contact Information Basic Information and Parameters Potassium bitartrate, also known as cream of tartar, has the chemical formula KC\u2084H\u2085O\u2086 and a CAS number of 868 [&hellip;]\" \/>\n<meta property=\"og:url\" content=\"https:\/\/vivalr.com\/pt\/product\/11422.html\" \/>\n<meta property=\"og:site_name\" content=\"Welcome to VIVALR- Your Trusted Source for Chemical Raw Materials\uff01\" \/>\n<meta property=\"article:modified_time\" content=\"2025-03-07T12:43:08+00:00\" \/>\n<meta property=\"og:image\" content=\"https:\/\/vivalr.com\/wp-content\/uploads\/2025\/03\/potassium-bitartrate-cas-868-14-4.jpg\" \/>\n\t<meta property=\"og:image:width\" content=\"600\" \/>\n\t<meta property=\"og:image:height\" content=\"654\" \/>\n\t<meta property=\"og:image:type\" content=\"image\/jpeg\" \/>\n<meta name=\"twitter:card\" content=\"summary_large_image\" \/>\n<meta name=\"twitter:label1\" content=\"Tempo estimado de leitura\" \/>\n\t<meta name=\"twitter:data1\" content=\"3 minutos\" \/>\n<script type=\"application\/ld+json\" class=\"yoast-schema-graph\">{\"@context\":\"https:\\\/\\\/schema.org\",\"@graph\":[{\"@type\":\"WebPage\",\"@id\":\"https:\\\/\\\/vivalr.com\\\/product\\\/11422.html\",\"url\":\"https:\\\/\\\/vivalr.com\\\/product\\\/11422.html\",\"name\":\"High Quality Potassium bitartrate CAS 868-14-4 With Best Price - Welcome to VIVALR- Your Trusted Source for Chemical Raw Materials\uff01\",\"isPartOf\":{\"@id\":\"https:\\\/\\\/vivalr.com\\\/#website\"},\"primaryImageOfPage\":{\"@id\":\"https:\\\/\\\/vivalr.com\\\/product\\\/11422.html#primaryimage\"},\"image\":{\"@id\":\"https:\\\/\\\/vivalr.com\\\/product\\\/11422.html#primaryimage\"},\"thumbnailUrl\":\"https:\\\/\\\/vivalr.com\\\/wp-content\\\/uploads\\\/2025\\\/03\\\/potassium-bitartrate-cas-868-14-4.jpg\",\"datePublished\":\"2025-03-07T12:17:51+00:00\",\"dateModified\":\"2025-03-07T12:43:08+00:00\",\"breadcrumb\":{\"@id\":\"https:\\\/\\\/vivalr.com\\\/product\\\/11422.html#breadcrumb\"},\"inLanguage\":\"pt-PT\",\"potentialAction\":[{\"@type\":\"ReadAction\",\"target\":[\"https:\\\/\\\/vivalr.com\\\/product\\\/11422.html\"]}]},{\"@type\":\"ImageObject\",\"inLanguage\":\"pt-PT\",\"@id\":\"https:\\\/\\\/vivalr.com\\\/product\\\/11422.html#primaryimage\",\"url\":\"https:\\\/\\\/vivalr.com\\\/wp-content\\\/uploads\\\/2025\\\/03\\\/potassium-bitartrate-cas-868-14-4.jpg\",\"contentUrl\":\"https:\\\/\\\/vivalr.com\\\/wp-content\\\/uploads\\\/2025\\\/03\\\/potassium-bitartrate-cas-868-14-4.jpg\",\"width\":600,\"height\":654},{\"@type\":\"BreadcrumbList\",\"@id\":\"https:\\\/\\\/vivalr.com\\\/product\\\/11422.html#breadcrumb\",\"itemListElement\":[{\"@type\":\"ListItem\",\"position\":1,\"name\":\"Home\",\"item\":\"https:\\\/\\\/vivalr.com\\\/\"},{\"@type\":\"ListItem\",\"position\":2,\"name\":\"Shop\",\"item\":\"https:\\\/\\\/vivalr.com\\\/shop\\\/\"},{\"@type\":\"ListItem\",\"position\":3,\"name\":\"High Quality Potassium bitartrate CAS 868-14-4 With Best Price\"}]},{\"@type\":\"WebSite\",\"@id\":\"https:\\\/\\\/vivalr.com\\\/#website\",\"url\":\"https:\\\/\\\/vivalr.com\\\/\",\"name\":\"Welcome to VIVALR- Your Trusted Source for Chemical Raw Materials\uff01\",\"description\":\"Discover a wide range of high-quality chemical raw materials to meet your industrial needs. Our commitment to excellence ensures that you get the best products and services.\",\"potentialAction\":[{\"@type\":\"SearchAction\",\"target\":{\"@type\":\"EntryPoint\",\"urlTemplate\":\"https:\\\/\\\/vivalr.com\\\/?s={search_term_string}\"},\"query-input\":{\"@type\":\"PropertyValueSpecification\",\"valueRequired\":true,\"valueName\":\"search_term_string\"}}],\"inLanguage\":\"pt-PT\"}]}<\/script>\n<!-- \/ Yoast SEO Premium plugin. -->","yoast_head_json":{"title":"Bitartarato de pot\u00e1ssio de alta qualidade CAS 868-14-4 com melhor pre\u00e7o - Bem-vindo ao VIVALR- Sua fonte confi\u00e1vel de mat\u00e9rias-primas qu\u00edmicas\uff01","robots":{"index":"index","follow":"follow","max-snippet":"max-snippet:-1","max-image-preview":"max-image-preview:large","max-video-preview":"max-video-preview:-1"},"canonical":"https:\/\/vivalr.com\/pt\/product\/11422.html","og_locale":"pt_PT","og_type":"article","og_title":"High Quality Potassium bitartrate CAS 868-14-4 With Best Price","og_description":"High Quality Potassium bitartrate CAS 868-14-4 With Best Price User Guide Table of Contents Basic Information and Parameters Uses of Potassium Bitartrate How to Use Potassium Bitartrate Usage Case Studies Contact Information Basic Information and Parameters Potassium bitartrate, also known as cream of tartar, has the chemical formula KC\u2084H\u2085O\u2086 and a CAS number of 868 [&hellip;]","og_url":"https:\/\/vivalr.com\/pt\/product\/11422.html","og_site_name":"Welcome to VIVALR- Your Trusted Source for Chemical Raw Materials\uff01","article_modified_time":"2025-03-07T12:43:08+00:00","og_image":[{"width":600,"height":654,"url":"https:\/\/vivalr.com\/wp-content\/uploads\/2025\/03\/potassium-bitartrate-cas-868-14-4.jpg","type":"image\/jpeg"}],"twitter_card":"summary_large_image","twitter_misc":{"Tempo estimado de leitura":"3 minutos"},"schema":{"@context":"https:\/\/schema.org","@graph":[{"@type":"WebPage","@id":"https:\/\/vivalr.com\/product\/11422.html","url":"https:\/\/vivalr.com\/product\/11422.html","name":"Bitartarato de pot\u00e1ssio de alta qualidade CAS 868-14-4 com melhor pre\u00e7o - Bem-vindo ao VIVALR- Sua fonte confi\u00e1vel de mat\u00e9rias-primas qu\u00edmicas\uff01","isPartOf":{"@id":"https:\/\/vivalr.com\/#website"},"primaryImageOfPage":{"@id":"https:\/\/vivalr.com\/product\/11422.html#primaryimage"},"image":{"@id":"https:\/\/vivalr.com\/product\/11422.html#primaryimage"},"thumbnailUrl":"https:\/\/vivalr.com\/wp-content\/uploads\/2025\/03\/potassium-bitartrate-cas-868-14-4.jpg","datePublished":"2025-03-07T12:17:51+00:00","dateModified":"2025-03-07T12:43:08+00:00","breadcrumb":{"@id":"https:\/\/vivalr.com\/product\/11422.html#breadcrumb"},"inLanguage":"pt-PT","potentialAction":[{"@type":"ReadAction","target":["https:\/\/vivalr.com\/product\/11422.html"]}]},{"@type":"ImageObject","inLanguage":"pt-PT","@id":"https:\/\/vivalr.com\/product\/11422.html#primaryimage","url":"https:\/\/vivalr.com\/wp-content\/uploads\/2025\/03\/potassium-bitartrate-cas-868-14-4.jpg","contentUrl":"https:\/\/vivalr.com\/wp-content\/uploads\/2025\/03\/potassium-bitartrate-cas-868-14-4.jpg","width":600,"height":654},{"@type":"BreadcrumbList","@id":"https:\/\/vivalr.com\/product\/11422.html#breadcrumb","itemListElement":[{"@type":"ListItem","position":1,"name":"Home","item":"https:\/\/vivalr.com\/"},{"@type":"ListItem","position":2,"name":"Shop","item":"https:\/\/vivalr.com\/shop\/"},{"@type":"ListItem","position":3,"name":"High Quality Potassium bitartrate CAS 868-14-4 With Best Price"}]},{"@type":"WebSite","@id":"https:\/\/vivalr.com\/#website","url":"https:\/\/vivalr.com\/","name":"Bem-vindo ao VIVALR- Sua fonte confi\u00e1vel de mat\u00e9rias-primas qu\u00edmicas\uff01","description":"Descubra uma vasta gama de mat\u00e9rias-primas qu\u00edmicas de alta qualidade para satisfazer as suas necessidades industriais. O nosso compromisso com a excel\u00eancia garante-lhe os melhores produtos e servi\u00e7os.","potentialAction":[{"@type":"SearchAction","target":{"@type":"EntryPoint","urlTemplate":"https:\/\/vivalr.com\/?s={search_term_string}"},"query-input":{"@type":"PropertyValueSpecification","valueRequired":true,"valueName":"search_term_string"}}],"inLanguage":"pt-PT"}]}},"_links":{"self":[{"href":"https:\/\/vivalr.com\/pt\/wp-json\/wp\/v2\/product\/11422","targetHints":{"allow":["GET"]}}],"collection":[{"href":"https:\/\/vivalr.com\/pt\/wp-json\/wp\/v2\/product"}],"about":[{"href":"https:\/\/vivalr.com\/pt\/wp-json\/wp\/v2\/types\/product"}],"replies":[{"embeddable":true,"href":"https:\/\/vivalr.com\/pt\/wp-json\/wp\/v2\/comments?post=11422"}],"wp:featuredmedia":[{"embeddable":true,"href":"https:\/\/vivalr.com\/pt\/wp-json\/wp\/v2\/media\/26753"}],"wp:attachment":[{"href":"https:\/\/vivalr.com\/pt\/wp-json\/wp\/v2\/media?parent=11422"}],"wp:term":[{"taxonomy":"product_brand","embeddable":true,"href":"https:\/\/vivalr.com\/pt\/wp-json\/wp\/v2\/product_brand?post=11422"},{"taxonomy":"product_cat","embeddable":true,"href":"https:\/\/vivalr.com\/pt\/wp-json\/wp\/v2\/product_cat?post=11422"},{"taxonomy":"product_tag","embeddable":true,"href":"https:\/\/vivalr.com\/pt\/wp-json\/wp\/v2\/product_tag?post=11422"}],"curies":[{"name":"wp","href":"https:\/\/api.w.org\/{rel}","templated":true}]}}