{"id":11546,"date":"2025-03-07T12:17:59","date_gmt":"2025-03-07T12:17:59","guid":{"rendered":"https:\/\/vivalr.com\/product\/11546.html"},"modified":"2025-03-07T12:43:22","modified_gmt":"2025-03-07T12:43:22","slug":"high-quality-behentrimonium-chloride-cas-17301-53-0-with-best-price","status":"publish","type":"product","link":"https:\/\/vivalr.com\/pt\/product\/11546.html","title":{"rendered":"High Quality Behentrimonium Chloride Cas 17301-53-0 With Best Price"},"content":{"rendered":"<p><main><\/p>\n<h1>User Guide: High Quality Behentrimonium Chloride Cas 17301 - 53 - 0 With Best Price<\/h1>\n<p>Published on: 2025 - 03 - 07<\/p>\n<h2>\u00cdndice<\/h2>\n<ul>\n<li><a href=\"#basic-info\">1. Informa\u00e7\u00f5es e par\u00e2metros de base<\/a><\/li>\n<li><a href=\"#uses\">2. Utiliza\u00e7\u00f5es do produto<\/a><\/li>\n<li><a href=\"#usage\">3. Como utilizar o produto<\/a><\/li>\n<li><a href=\"#case-studies\">4. Casos de utiliza\u00e7\u00e3o pormenorizados<\/a><\/li>\n<li><a href=\"#contact\">5. Informa\u00e7\u00f5es de contacto<\/a><\/li>\n<\/ul>\n<h2 id=\"basic-info\">1. Informa\u00e7\u00f5es e par\u00e2metros de base<\/h2>\n<p>Behentrimonium Chloride, with the CAS number 17301 - 53 - 0, is a high - quality quaternary ammonium salt. It is typically presented in a white to off - white solid form. The chemical formula of Behentrimonium Chloride is C\u2082\u2082H\u2084\u2085N(CH\u2083)\u2083Cl. It has excellent solubility in water and is stable under normal storage conditions. The product we offer is of high purity, which ensures its effectiveness in various applications. Its melting point is around 65 - 70 \u00b0C, and it has relatively low toxicity, making it a safe choice for many formulations.<\/p>\n<h2 id=\"uses\">2. Utiliza\u00e7\u00f5es do produto<\/h2>\n<p>Behentrimonium Chloride is widely used in the personal care industry. In hair care products such as shampoos and conditioners, it acts as a conditioning agent. It helps to reduce the static electricity in hair, making it easier to comb and more manageable. It also imparts a smooth and silky feel to the hair, improving its overall appearance. In skin care products, it can be used as an emollient and a surfactant. It helps to moisturize the skin and can enhance the stability and texture of creams and lotions. Additionally, it is used in the textile industry as a fabric softener. It can make fabrics feel softer and more comfortable to wear, and it also reduces the friction between fibers, which can extend the lifespan of the textiles.<\/p>\n<h2 id=\"usage\">3. Como utilizar o produto<\/h2>\n<p>When using Behentrimonium Chloride in hair care products, it is usually added at a concentration of 0.5% - 3% in the final formulation. First, heat the water phase and the oil phase of the product separately. Then, slowly add Behentrimonium Chloride to the water phase while stirring continuously. Heat the mixture to around 70 - 80 \u00b0C until it is completely dissolved. After that, combine the water phase and the oil phase and emulsify the mixture. Finally, cool the product to room temperature.<br \/>\n    In skin care products, it can be added at a concentration of 1% - 5%. Similar to the hair care process, it is added to the water phase during the heating process and then incorporated into the overall formulation. In the textile industry, it can be diluted in water to form a solution with a concentration of 0.1% - 1%, and then the fabric can be soaked in this solution for a certain period of time before being dried.<\/p>\n<h2 id=\"case-studies\">4. Casos de utiliza\u00e7\u00e3o pormenorizados<\/h2>\n<p><strong>Case 1: Hair Care Product<\/strong><br \/>\n    A well - known hair care brand introduced a new conditioner with Behentrimonium Chloride. Before using Behentrimonium Chloride, their customers often complained about frizzy and unmanageable hair. After incorporating Behentrimonium Chloride at a concentration of 2% in the conditioner, they conducted a user survey. Over 80% of the users reported that their hair became smoother, easier to comb, and less frizzy. The brand also noticed an increase in customer satisfaction and repeat purchases.<br \/>\n    <strong>Case 2: Skin Care Product<\/strong><br \/>\n    A skin care company developed a new moisturizing cream. By adding 3% Behentrimonium Chloride to the formula, they improved the texture of the cream, making it more spreadable and less greasy. In a trial with 100 participants, 75% of them reported that their skin felt more moisturized and soft after using the cream for two weeks.<br \/>\n    <strong>Caso 3: Ind\u00fastria t\u00eaxtil<\/strong><br \/>\n    A textile factory used Behentrimonium Chloride solution to treat cotton fabrics. After treatment, the fabrics became softer and more comfortable. The factory also found that the treated fabrics had less pilling and abrasion during the washing process, which led to an improvement in the quality of their products and an increase in customer demand.<\/p>\n<h2 id=\"contact\">5. Informa\u00e7\u00f5es de contacto<\/h2>\n<p>If you have any questions or need further information about our High Quality Behentrimonium Chloride Cas 17301 - 53 - 0, please feel free to contact us. Our email address is info@vivalr.com, and our phone number is (86) 15866781826.<\/p>","protected":false},"excerpt":{"rendered":"<p>User Guide: High Quality Behentrimonium Chloride Cas 17301 - 53 - 0 With Best Price Published on: 2025 - 03 - 07 Table of Contents 1. Basic Information and Parameters 2. Uses of the Product 3. How to Use the Product 4. Detailed Use Cases 5. Contact Information 1. Basic Information and Parameters Behentrimonium Chloride, [&hellip;]<\/p>","protected":false},"featured_media":26815,"comment_status":"closed","ping_status":"open","template":"","meta":[],"product_brand":[],"product_cat":[15],"product_tag":[],"class_list":{"0":"post-11546","1":"product","2":"type-product","3":"status-publish","4":"has-post-thumbnail","6":"product_cat-uncategorized","8":"first","9":"instock","10":"product-type-simple"},"yoast_head":"<!-- This site is optimized with the Yoast SEO Premium plugin v24.4 (Yoast SEO v25.0) - https:\/\/yoast.com\/wordpress\/plugins\/seo\/ -->\n<title>High Quality Behentrimonium Chloride Cas 17301-53-0 With Best Price - Welcome to VIVALR- Your Trusted Source for Chemical Raw Materials\uff01<\/title>\n<meta name=\"robots\" content=\"index, follow, max-snippet:-1, max-image-preview:large, max-video-preview:-1\" \/>\n<link rel=\"canonical\" href=\"https:\/\/vivalr.com\/pt\/product\/11546.html\" \/>\n<meta property=\"og:locale\" content=\"pt_PT\" \/>\n<meta property=\"og:type\" content=\"article\" \/>\n<meta property=\"og:title\" content=\"High Quality Behentrimonium Chloride Cas 17301-53-0 With Best Price\" \/>\n<meta property=\"og:description\" content=\"User Guide: High Quality Behentrimonium Chloride Cas 17301 - 53 - 0 With Best Price Published on: 2025 - 03 - 07 Table of Contents 1. Basic Information and Parameters 2. Uses of the Product 3. How to Use the Product 4. Detailed Use Cases 5. Contact Information 1. Basic Information and Parameters Behentrimonium Chloride, [&hellip;]\" \/>\n<meta property=\"og:url\" content=\"https:\/\/vivalr.com\/pt\/product\/11546.html\" \/>\n<meta property=\"og:site_name\" content=\"Welcome to VIVALR- Your Trusted Source for Chemical Raw Materials\uff01\" \/>\n<meta property=\"article:modified_time\" content=\"2025-03-07T12:43:22+00:00\" \/>\n<meta property=\"og:image\" content=\"https:\/\/vivalr.com\/wp-content\/uploads\/2025\/03\/123.jpg\" \/>\n\t<meta property=\"og:image:width\" content=\"400\" \/>\n\t<meta property=\"og:image:height\" content=\"400\" \/>\n\t<meta property=\"og:image:type\" content=\"image\/jpeg\" \/>\n<meta name=\"twitter:card\" content=\"summary_large_image\" \/>\n<meta name=\"twitter:label1\" content=\"Tempo estimado de leitura\" \/>\n\t<meta name=\"twitter:data1\" content=\"3 minutos\" \/>\n<script type=\"application\/ld+json\" class=\"yoast-schema-graph\">{\"@context\":\"https:\/\/schema.org\",\"@graph\":[{\"@type\":\"WebPage\",\"@id\":\"https:\/\/vivalr.com\/product\/11546.html\",\"url\":\"https:\/\/vivalr.com\/product\/11546.html\",\"name\":\"High Quality Behentrimonium Chloride Cas 17301-53-0 With Best Price - Welcome to VIVALR- Your Trusted Source for Chemical Raw Materials\uff01\",\"isPartOf\":{\"@id\":\"https:\/\/vivalr.com\/#website\"},\"primaryImageOfPage\":{\"@id\":\"https:\/\/vivalr.com\/product\/11546.html#primaryimage\"},\"image\":{\"@id\":\"https:\/\/vivalr.com\/product\/11546.html#primaryimage\"},\"thumbnailUrl\":\"https:\/\/vivalr.com\/wp-content\/uploads\/2025\/03\/123.jpg\",\"datePublished\":\"2025-03-07T12:17:59+00:00\",\"dateModified\":\"2025-03-07T12:43:22+00:00\",\"breadcrumb\":{\"@id\":\"https:\/\/vivalr.com\/product\/11546.html#breadcrumb\"},\"inLanguage\":\"pt-PT\",\"potentialAction\":[{\"@type\":\"ReadAction\",\"target\":[\"https:\/\/vivalr.com\/product\/11546.html\"]}]},{\"@type\":\"ImageObject\",\"inLanguage\":\"pt-PT\",\"@id\":\"https:\/\/vivalr.com\/product\/11546.html#primaryimage\",\"url\":\"https:\/\/vivalr.com\/wp-content\/uploads\/2025\/03\/123.jpg\",\"contentUrl\":\"https:\/\/vivalr.com\/wp-content\/uploads\/2025\/03\/123.jpg\",\"width\":400,\"height\":400},{\"@type\":\"BreadcrumbList\",\"@id\":\"https:\/\/vivalr.com\/product\/11546.html#breadcrumb\",\"itemListElement\":[{\"@type\":\"ListItem\",\"position\":1,\"name\":\"Home\",\"item\":\"https:\/\/vivalr.com\/\"},{\"@type\":\"ListItem\",\"position\":2,\"name\":\"Shop\",\"item\":\"https:\/\/vivalr.com\/shop\/\"},{\"@type\":\"ListItem\",\"position\":3,\"name\":\"High Quality Behentrimonium Chloride Cas 17301-53-0 With Best Price\"}]},{\"@type\":\"WebSite\",\"@id\":\"https:\/\/vivalr.com\/#website\",\"url\":\"https:\/\/vivalr.com\/\",\"name\":\"Welcome to VIVALR- Your Trusted Source for Chemical Raw Materials\uff01\",\"description\":\"Discover a wide range of high-quality chemical raw materials to meet your industrial needs. Our commitment to excellence ensures that you get the best products and services.\",\"potentialAction\":[{\"@type\":\"SearchAction\",\"target\":{\"@type\":\"EntryPoint\",\"urlTemplate\":\"https:\/\/vivalr.com\/?s={search_term_string}\"},\"query-input\":{\"@type\":\"PropertyValueSpecification\",\"valueRequired\":true,\"valueName\":\"search_term_string\"}}],\"inLanguage\":\"pt-PT\"}]}<\/script>\n<!-- \/ Yoast SEO Premium plugin. -->","yoast_head_json":{"title":"High Quality Behentrimonium Chloride Cas 17301-53-0 With Best Price - Welcome to VIVALR- Your Trusted Source for Chemical Raw Materials\uff01","robots":{"index":"index","follow":"follow","max-snippet":"max-snippet:-1","max-image-preview":"max-image-preview:large","max-video-preview":"max-video-preview:-1"},"canonical":"https:\/\/vivalr.com\/pt\/product\/11546.html","og_locale":"pt_PT","og_type":"article","og_title":"High Quality Behentrimonium Chloride Cas 17301-53-0 With Best Price","og_description":"User Guide: High Quality Behentrimonium Chloride Cas 17301 - 53 - 0 With Best Price Published on: 2025 - 03 - 07 Table of Contents 1. Basic Information and Parameters 2. Uses of the Product 3. How to Use the Product 4. Detailed Use Cases 5. Contact Information 1. Basic Information and Parameters Behentrimonium Chloride, [&hellip;]","og_url":"https:\/\/vivalr.com\/pt\/product\/11546.html","og_site_name":"Welcome to VIVALR- Your Trusted Source for Chemical Raw Materials\uff01","article_modified_time":"2025-03-07T12:43:22+00:00","og_image":[{"width":400,"height":400,"url":"https:\/\/vivalr.com\/wp-content\/uploads\/2025\/03\/123.jpg","type":"image\/jpeg"}],"twitter_card":"summary_large_image","twitter_misc":{"Tempo estimado de leitura":"3 minutos"},"schema":{"@context":"https:\/\/schema.org","@graph":[{"@type":"WebPage","@id":"https:\/\/vivalr.com\/product\/11546.html","url":"https:\/\/vivalr.com\/product\/11546.html","name":"High Quality Behentrimonium Chloride Cas 17301-53-0 With Best Price - Welcome to VIVALR- Your Trusted Source for Chemical Raw Materials\uff01","isPartOf":{"@id":"https:\/\/vivalr.com\/#website"},"primaryImageOfPage":{"@id":"https:\/\/vivalr.com\/product\/11546.html#primaryimage"},"image":{"@id":"https:\/\/vivalr.com\/product\/11546.html#primaryimage"},"thumbnailUrl":"https:\/\/vivalr.com\/wp-content\/uploads\/2025\/03\/123.jpg","datePublished":"2025-03-07T12:17:59+00:00","dateModified":"2025-03-07T12:43:22+00:00","breadcrumb":{"@id":"https:\/\/vivalr.com\/product\/11546.html#breadcrumb"},"inLanguage":"pt-PT","potentialAction":[{"@type":"ReadAction","target":["https:\/\/vivalr.com\/product\/11546.html"]}]},{"@type":"ImageObject","inLanguage":"pt-PT","@id":"https:\/\/vivalr.com\/product\/11546.html#primaryimage","url":"https:\/\/vivalr.com\/wp-content\/uploads\/2025\/03\/123.jpg","contentUrl":"https:\/\/vivalr.com\/wp-content\/uploads\/2025\/03\/123.jpg","width":400,"height":400},{"@type":"BreadcrumbList","@id":"https:\/\/vivalr.com\/product\/11546.html#breadcrumb","itemListElement":[{"@type":"ListItem","position":1,"name":"Home","item":"https:\/\/vivalr.com\/"},{"@type":"ListItem","position":2,"name":"Shop","item":"https:\/\/vivalr.com\/shop\/"},{"@type":"ListItem","position":3,"name":"High Quality Behentrimonium Chloride Cas 17301-53-0 With Best Price"}]},{"@type":"WebSite","@id":"https:\/\/vivalr.com\/#website","url":"https:\/\/vivalr.com\/","name":"Bem-vindo ao VIVALR- Sua fonte confi\u00e1vel de mat\u00e9rias-primas qu\u00edmicas\uff01","description":"Descubra uma vasta gama de mat\u00e9rias-primas qu\u00edmicas de alta qualidade para satisfazer as suas necessidades industriais. O nosso compromisso com a excel\u00eancia garante-lhe os melhores produtos e servi\u00e7os.","potentialAction":[{"@type":"SearchAction","target":{"@type":"EntryPoint","urlTemplate":"https:\/\/vivalr.com\/?s={search_term_string}"},"query-input":{"@type":"PropertyValueSpecification","valueRequired":true,"valueName":"search_term_string"}}],"inLanguage":"pt-PT"}]}},"_links":{"self":[{"href":"https:\/\/vivalr.com\/pt\/wp-json\/wp\/v2\/product\/11546","targetHints":{"allow":["GET"]}}],"collection":[{"href":"https:\/\/vivalr.com\/pt\/wp-json\/wp\/v2\/product"}],"about":[{"href":"https:\/\/vivalr.com\/pt\/wp-json\/wp\/v2\/types\/product"}],"replies":[{"embeddable":true,"href":"https:\/\/vivalr.com\/pt\/wp-json\/wp\/v2\/comments?post=11546"}],"wp:featuredmedia":[{"embeddable":true,"href":"https:\/\/vivalr.com\/pt\/wp-json\/wp\/v2\/media\/26815"}],"wp:attachment":[{"href":"https:\/\/vivalr.com\/pt\/wp-json\/wp\/v2\/media?parent=11546"}],"wp:term":[{"taxonomy":"product_brand","embeddable":true,"href":"https:\/\/vivalr.com\/pt\/wp-json\/wp\/v2\/product_brand?post=11546"},{"taxonomy":"product_cat","embeddable":true,"href":"https:\/\/vivalr.com\/pt\/wp-json\/wp\/v2\/product_cat?post=11546"},{"taxonomy":"product_tag","embeddable":true,"href":"https:\/\/vivalr.com\/pt\/wp-json\/wp\/v2\/product_tag?post=11546"}],"curies":[{"name":"wp","href":"https:\/\/api.w.org\/{rel}","templated":true}]}}