{"id":11908,"date":"2025-03-07T12:18:24","date_gmt":"2025-03-07T12:18:24","guid":{"rendered":"https:\/\/vivalr.com\/product\/11908.html"},"modified":"2025-03-07T12:44:06","modified_gmt":"2025-03-07T12:44:06","slug":"factory-supply-styrenated-phenol-cas-61788-44-1-with-best-price","status":"publish","type":"product","link":"https:\/\/vivalr.com\/pt\/product\/11908.html","title":{"rendered":"Fornecimento de f\u00e1brica Fenol estirenado CAS 61788-44-1 com melhor pre\u00e7o"},"content":{"rendered":"<h1>Fornecimento de f\u00e1brica Fenol estirenado CAS 61788-44-1 com guia do usu\u00e1rio de melhor pre\u00e7o<\/h1>\n<h2>\u00cdndice<\/h2>\n<ul>\n<li><a href=\"#basic-info\">Informa\u00e7\u00f5es e par\u00e2metros b\u00e1sicos<\/a><\/li>\n<li><a href=\"#uses\">Utiliza\u00e7\u00f5es do produto<\/a><\/li>\n<li><a href=\"#usage\">Como utilizar o produto<\/a><\/li>\n<li><a href=\"#case-studies\">Estudos de casos de utiliza\u00e7\u00e3o<\/a><\/li>\n<li><a href=\"#contact\">Informa\u00e7\u00f5es de contacto<\/a><\/li>\n<\/ul>\n<h2 id=\"basic-info\">Informa\u00e7\u00f5es e par\u00e2metros b\u00e1sicos<\/h2>\n<p>O produto, Fenol Estirenado de Fornecimento de F\u00e1brica com n\u00famero CAS 61788 - 44 - 1, \u00e9 um composto qu\u00edmico oferecido ao melhor pre\u00e7o. O fenol estirenado \u00e9 um l\u00edquido viscoso de cor amarelo claro a \u00e2mbar. Tem um odor fen\u00f3lico carater\u00edstico. <\/p>\n<p>Algumas das suas principais propriedades f\u00edsicas incluem um peso molecular que varia consoante o grau de estirena\u00e7\u00e3o. Geralmente, tem um ponto de ebuli\u00e7\u00e3o relativamente elevado e baixa volatilidade. A densidade do fenol estirenado situa-se normalmente no intervalo de 1,05 - 1,15 g\/cm\u00b3. \u00c9 insol\u00favel em \u00e1gua, mas sol\u00favel na maioria dos solventes org\u00e2nicos, como \u00e1lcoois, benzeno e tolueno. <\/p>\n<h2 id=\"uses\">Utiliza\u00e7\u00f5es do produto<\/h2>\n<p>O fenol estirenado tem uma vasta gama de aplica\u00e7\u00f5es em diferentes sectores. Na ind\u00fastria da borracha, \u00e9 utilizado como antioxidante e antiozonante. Pode proteger os produtos de borracha dos efeitos do oxig\u00e9nio, ozono e calor, prolongando assim a vida \u00fatil dos produtos de borracha, tais como pneus, mangueiras e vedantes. <\/p>\n<p>Na ind\u00fastria de tintas e revestimentos, serve como estabilizador e antioxidante. Ajuda a evitar a oxida\u00e7\u00e3o e a degrada\u00e7\u00e3o da pel\u00edcula de tinta, melhorando a durabilidade, a resist\u00eancia \u00e0s intemp\u00e9ries e a reten\u00e7\u00e3o da cor do revestimento. <\/p>\n<p>\u00c9 tamb\u00e9m utilizado na ind\u00fastria dos adesivos, onde pode aumentar a for\u00e7a de ades\u00e3o e a estabilidade dos adesivos. Al\u00e9m disso, na ind\u00fastria dos pl\u00e1sticos, o fenol estirenado pode ser adicionado aos pl\u00e1sticos para melhorar a sua resist\u00eancia ao calor e ao envelhecimento. <\/p>\n<h2 id=\"usage\">Como utilizar o produto<\/h2>\n<p>Ao utilizar fenol estirenado, \u00e9 importante seguir os procedimentos de seguran\u00e7a adequados. Utilize sempre equipamento de prote\u00e7\u00e3o pessoal adequado, como luvas, \u00f3culos de prote\u00e7\u00e3o e uma bata de laborat\u00f3rio. Primeiro, medir com exatid\u00e3o a quantidade necess\u00e1ria de fenol estirenado de acordo com os requisitos espec\u00edficos da aplica\u00e7\u00e3o. <\/p>\n<p>Na ind\u00fastria da borracha, pode ser adicionado durante o processo de mistura de compostos de borracha. A dosagem recomendada varia normalmente entre 1 e 3 partes por cem partes de borracha (phr). Misturar bem com outros aditivos e borracha para garantir uma dispers\u00e3o uniforme. <\/p>\n<p>Na ind\u00fastria das tintas e dos revestimentos, pode ser adicionado em diferentes fases do processo de produ\u00e7\u00e3o. Para tintas de base solvente, pode ser adicionado \u00e0 fase solvente antes de ser misturado com outros componentes. Para tintas de base aquosa, s\u00e3o necess\u00e1rias t\u00e9cnicas de emulsifica\u00e7\u00e3o ou dispers\u00e3o adequadas para garantir a sua compatibilidade com o sistema de base aquosa. <\/p>\n<p>Na ind\u00fastria dos adesivos, pode ser incorporado na formula\u00e7\u00e3o do adesivo durante o processo de mistura. A dosagem tem de ser optimizada de acordo com o tipo de adesivo e o desempenho desejado. <\/p>\n<h2 id=\"case-studies\">Estudos de casos de utiliza\u00e7\u00e3o<\/h2>\n<p>Caso 1: Uma empresa de fabrico de pneus estava a sofrer de envelhecimento prematuro e fissura\u00e7\u00e3o dos seus pneus, especialmente em ambientes de alta temperatura e alto ozono. Depois de adicionar fenol estirenado ao seu composto de borracha numa dosagem de 2 phr, a empresa notou uma melhoria significativa na resist\u00eancia do pneu \u00e0 oxida\u00e7\u00e3o e ao ozono. A vida \u00fatil dos pneus foi prolongada at\u00e9 30%, o que levou a uma redu\u00e7\u00e3o das queixas dos clientes e a um aumento da competitividade da empresa no mercado. <\/p>\n<p>Caso 2: Um fabricante de tintas estava a enfrentar problemas de amarelecimento e descama\u00e7\u00e3o dos seus revestimentos exteriores ap\u00f3s um curto per\u00edodo de exposi\u00e7\u00e3o \u00e0 luz solar. Ao adicionar fenol estirenado \u00e0 sua formula\u00e7\u00e3o de tinta como estabilizador, a resist\u00eancia da tinta \u00e0s intemp\u00e9ries e ao desbotamento da cor foi bastante melhorada. A tinta manteve o seu aspeto original durante mais tempo, o que satisfez os clientes e aumentou as vendas. <\/p>\n<p>Caso 3: Uma empresa de adesivos estava a debater-se com a fraca for\u00e7a de ades\u00e3o e estabilidade das suas colas para madeira. Depois de incorporar fenol estirenado na sua f\u00f3rmula de cola, a for\u00e7a de ades\u00e3o foi melhorada em 20%, e a cola mostrou uma melhor resist\u00eancia \u00e0 humidade e \u00e0s mudan\u00e7as de temperatura. Isto levou a um aumento da qualidade dos produtos de madeira colados e a um crescimento da quota de mercado da empresa. <\/p>\n<h2 id=\"contact\">Informa\u00e7\u00f5es de contacto<\/h2>\n<p>Se voc\u00ea tiver alguma d\u00favida ou precisar de mais informa\u00e7\u00f5es sobre Fornecimento de f\u00e1brica Fenol estirenado CAS 61788 - 44 - 1, n\u00e3o hesite em contactar-nos. O nosso endere\u00e7o de correio eletr\u00f3nico \u00e9 <a href=\"mailto:info@vivalr.com\">info@vivalr.com<\/a>e o nosso n\u00famero de telefone \u00e9 (86) 15866781826. <\/p>","protected":false},"excerpt":{"rendered":"<p>Factory Supply Styrenated phenol CAS 61788-44-1 With Best Price User Guide Table of Contents Basic Information and Parameters Uses of the Product How to Use the Product Usage Case Studies Contact Information Basic Information and Parameters The product, Factory Supply Styrenated phenol with CAS number 61788 - 44 - 1, is a chemical compound offered [&hellip;]<\/p>","protected":false},"featured_media":26994,"comment_status":"closed","ping_status":"open","template":"","meta":[],"product_brand":[],"product_cat":[15],"product_tag":[],"class_list":{"0":"post-11908","1":"product","2":"type-product","3":"status-publish","4":"has-post-thumbnail","6":"product_cat-uncategorized","8":"first","9":"instock","10":"product-type-simple"},"yoast_head":"<!-- This site is optimized with the Yoast SEO Premium plugin v24.4 (Yoast SEO v27.4) - https:\/\/yoast.com\/product\/yoast-seo-premium-wordpress\/ -->\n<title>Factory Supply Styrenated phenol CAS 61788-44-1 With Best Price - Welcome to VIVALR- Your Trusted Source for Chemical Raw Materials\uff01<\/title>\n<meta name=\"robots\" content=\"index, follow, max-snippet:-1, max-image-preview:large, max-video-preview:-1\" \/>\n<link rel=\"canonical\" href=\"https:\/\/vivalr.com\/pt\/product\/11908.html\" \/>\n<meta property=\"og:locale\" content=\"pt_PT\" \/>\n<meta property=\"og:type\" content=\"article\" \/>\n<meta property=\"og:title\" content=\"Factory Supply Styrenated phenol CAS 61788-44-1 With Best Price\" \/>\n<meta property=\"og:description\" content=\"Factory Supply Styrenated phenol CAS 61788-44-1 With Best Price User Guide Table of Contents Basic Information and Parameters Uses of the Product How to Use the Product Usage Case Studies Contact Information Basic Information and Parameters The product, Factory Supply Styrenated phenol with CAS number 61788 - 44 - 1, is a chemical compound offered [&hellip;]\" \/>\n<meta property=\"og:url\" content=\"https:\/\/vivalr.com\/pt\/product\/11908.html\" \/>\n<meta property=\"og:site_name\" content=\"Welcome to VIVALR- Your Trusted Source for Chemical Raw Materials\uff01\" \/>\n<meta property=\"article:modified_time\" content=\"2025-03-07T12:44:06+00:00\" \/>\n<meta property=\"og:image\" content=\"https:\/\/vivalr.com\/wp-content\/uploads\/2025\/03\/Phenol-Styrenated-cas-61788-44-1-1.jpg\" \/>\n\t<meta property=\"og:image:width\" content=\"350\" \/>\n\t<meta property=\"og:image:height\" content=\"350\" \/>\n\t<meta property=\"og:image:type\" content=\"image\/jpeg\" \/>\n<meta name=\"twitter:card\" content=\"summary_large_image\" \/>\n<meta name=\"twitter:label1\" content=\"Tempo estimado de leitura\" \/>\n\t<meta name=\"twitter:data1\" content=\"3 minutos\" \/>\n<script type=\"application\/ld+json\" class=\"yoast-schema-graph\">{\"@context\":\"https:\\\/\\\/schema.org\",\"@graph\":[{\"@type\":\"WebPage\",\"@id\":\"https:\\\/\\\/vivalr.com\\\/product\\\/11908.html\",\"url\":\"https:\\\/\\\/vivalr.com\\\/product\\\/11908.html\",\"name\":\"Factory Supply Styrenated phenol CAS 61788-44-1 With Best Price - Welcome to VIVALR- Your Trusted Source for Chemical Raw Materials\uff01\",\"isPartOf\":{\"@id\":\"https:\\\/\\\/vivalr.com\\\/#website\"},\"primaryImageOfPage\":{\"@id\":\"https:\\\/\\\/vivalr.com\\\/product\\\/11908.html#primaryimage\"},\"image\":{\"@id\":\"https:\\\/\\\/vivalr.com\\\/product\\\/11908.html#primaryimage\"},\"thumbnailUrl\":\"https:\\\/\\\/vivalr.com\\\/wp-content\\\/uploads\\\/2025\\\/03\\\/Phenol-Styrenated-cas-61788-44-1-1.jpg\",\"datePublished\":\"2025-03-07T12:18:24+00:00\",\"dateModified\":\"2025-03-07T12:44:06+00:00\",\"breadcrumb\":{\"@id\":\"https:\\\/\\\/vivalr.com\\\/product\\\/11908.html#breadcrumb\"},\"inLanguage\":\"pt-PT\",\"potentialAction\":[{\"@type\":\"ReadAction\",\"target\":[\"https:\\\/\\\/vivalr.com\\\/product\\\/11908.html\"]}]},{\"@type\":\"ImageObject\",\"inLanguage\":\"pt-PT\",\"@id\":\"https:\\\/\\\/vivalr.com\\\/product\\\/11908.html#primaryimage\",\"url\":\"https:\\\/\\\/vivalr.com\\\/wp-content\\\/uploads\\\/2025\\\/03\\\/Phenol-Styrenated-cas-61788-44-1-1.jpg\",\"contentUrl\":\"https:\\\/\\\/vivalr.com\\\/wp-content\\\/uploads\\\/2025\\\/03\\\/Phenol-Styrenated-cas-61788-44-1-1.jpg\",\"width\":350,\"height\":350},{\"@type\":\"BreadcrumbList\",\"@id\":\"https:\\\/\\\/vivalr.com\\\/product\\\/11908.html#breadcrumb\",\"itemListElement\":[{\"@type\":\"ListItem\",\"position\":1,\"name\":\"Home\",\"item\":\"https:\\\/\\\/vivalr.com\\\/\"},{\"@type\":\"ListItem\",\"position\":2,\"name\":\"Shop\",\"item\":\"https:\\\/\\\/vivalr.com\\\/shop\\\/\"},{\"@type\":\"ListItem\",\"position\":3,\"name\":\"Factory Supply Styrenated phenol CAS 61788-44-1 With Best Price\"}]},{\"@type\":\"WebSite\",\"@id\":\"https:\\\/\\\/vivalr.com\\\/#website\",\"url\":\"https:\\\/\\\/vivalr.com\\\/\",\"name\":\"Welcome to VIVALR- Your Trusted Source for Chemical Raw Materials\uff01\",\"description\":\"Discover a wide range of high-quality chemical raw materials to meet your industrial needs. Our commitment to excellence ensures that you get the best products and services.\",\"potentialAction\":[{\"@type\":\"SearchAction\",\"target\":{\"@type\":\"EntryPoint\",\"urlTemplate\":\"https:\\\/\\\/vivalr.com\\\/?s={search_term_string}\"},\"query-input\":{\"@type\":\"PropertyValueSpecification\",\"valueRequired\":true,\"valueName\":\"search_term_string\"}}],\"inLanguage\":\"pt-PT\"}]}<\/script>\n<!-- \/ Yoast SEO Premium plugin. -->","yoast_head_json":{"title":"Fornecimento de f\u00e1brica Fenol estirenado CAS 61788-44-1 com melhor pre\u00e7o - Bem-vindo ao VIVALR- Sua fonte confi\u00e1vel de mat\u00e9rias-primas qu\u00edmicas\uff01","robots":{"index":"index","follow":"follow","max-snippet":"max-snippet:-1","max-image-preview":"max-image-preview:large","max-video-preview":"max-video-preview:-1"},"canonical":"https:\/\/vivalr.com\/pt\/product\/11908.html","og_locale":"pt_PT","og_type":"article","og_title":"Factory Supply Styrenated phenol CAS 61788-44-1 With Best Price","og_description":"Factory Supply Styrenated phenol CAS 61788-44-1 With Best Price User Guide Table of Contents Basic Information and Parameters Uses of the Product How to Use the Product Usage Case Studies Contact Information Basic Information and Parameters The product, Factory Supply Styrenated phenol with CAS number 61788 - 44 - 1, is a chemical compound offered [&hellip;]","og_url":"https:\/\/vivalr.com\/pt\/product\/11908.html","og_site_name":"Welcome to VIVALR- Your Trusted Source for Chemical Raw Materials\uff01","article_modified_time":"2025-03-07T12:44:06+00:00","og_image":[{"width":350,"height":350,"url":"https:\/\/vivalr.com\/wp-content\/uploads\/2025\/03\/Phenol-Styrenated-cas-61788-44-1-1.jpg","type":"image\/jpeg"}],"twitter_card":"summary_large_image","twitter_misc":{"Tempo estimado de leitura":"3 minutos"},"schema":{"@context":"https:\/\/schema.org","@graph":[{"@type":"WebPage","@id":"https:\/\/vivalr.com\/product\/11908.html","url":"https:\/\/vivalr.com\/product\/11908.html","name":"Fornecimento de f\u00e1brica Fenol estirenado CAS 61788-44-1 com melhor pre\u00e7o - Bem-vindo ao VIVALR- Sua fonte confi\u00e1vel de mat\u00e9rias-primas qu\u00edmicas\uff01","isPartOf":{"@id":"https:\/\/vivalr.com\/#website"},"primaryImageOfPage":{"@id":"https:\/\/vivalr.com\/product\/11908.html#primaryimage"},"image":{"@id":"https:\/\/vivalr.com\/product\/11908.html#primaryimage"},"thumbnailUrl":"https:\/\/vivalr.com\/wp-content\/uploads\/2025\/03\/Phenol-Styrenated-cas-61788-44-1-1.jpg","datePublished":"2025-03-07T12:18:24+00:00","dateModified":"2025-03-07T12:44:06+00:00","breadcrumb":{"@id":"https:\/\/vivalr.com\/product\/11908.html#breadcrumb"},"inLanguage":"pt-PT","potentialAction":[{"@type":"ReadAction","target":["https:\/\/vivalr.com\/product\/11908.html"]}]},{"@type":"ImageObject","inLanguage":"pt-PT","@id":"https:\/\/vivalr.com\/product\/11908.html#primaryimage","url":"https:\/\/vivalr.com\/wp-content\/uploads\/2025\/03\/Phenol-Styrenated-cas-61788-44-1-1.jpg","contentUrl":"https:\/\/vivalr.com\/wp-content\/uploads\/2025\/03\/Phenol-Styrenated-cas-61788-44-1-1.jpg","width":350,"height":350},{"@type":"BreadcrumbList","@id":"https:\/\/vivalr.com\/product\/11908.html#breadcrumb","itemListElement":[{"@type":"ListItem","position":1,"name":"Home","item":"https:\/\/vivalr.com\/"},{"@type":"ListItem","position":2,"name":"Shop","item":"https:\/\/vivalr.com\/shop\/"},{"@type":"ListItem","position":3,"name":"Factory Supply Styrenated phenol CAS 61788-44-1 With Best Price"}]},{"@type":"WebSite","@id":"https:\/\/vivalr.com\/#website","url":"https:\/\/vivalr.com\/","name":"Bem-vindo ao VIVALR- Sua fonte confi\u00e1vel de mat\u00e9rias-primas qu\u00edmicas\uff01","description":"Descubra uma vasta gama de mat\u00e9rias-primas qu\u00edmicas de alta qualidade para satisfazer as suas necessidades industriais. O nosso compromisso com a excel\u00eancia garante-lhe os melhores produtos e servi\u00e7os.","potentialAction":[{"@type":"SearchAction","target":{"@type":"EntryPoint","urlTemplate":"https:\/\/vivalr.com\/?s={search_term_string}"},"query-input":{"@type":"PropertyValueSpecification","valueRequired":true,"valueName":"search_term_string"}}],"inLanguage":"pt-PT"}]}},"_links":{"self":[{"href":"https:\/\/vivalr.com\/pt\/wp-json\/wp\/v2\/product\/11908","targetHints":{"allow":["GET"]}}],"collection":[{"href":"https:\/\/vivalr.com\/pt\/wp-json\/wp\/v2\/product"}],"about":[{"href":"https:\/\/vivalr.com\/pt\/wp-json\/wp\/v2\/types\/product"}],"replies":[{"embeddable":true,"href":"https:\/\/vivalr.com\/pt\/wp-json\/wp\/v2\/comments?post=11908"}],"wp:featuredmedia":[{"embeddable":true,"href":"https:\/\/vivalr.com\/pt\/wp-json\/wp\/v2\/media\/26994"}],"wp:attachment":[{"href":"https:\/\/vivalr.com\/pt\/wp-json\/wp\/v2\/media?parent=11908"}],"wp:term":[{"taxonomy":"product_brand","embeddable":true,"href":"https:\/\/vivalr.com\/pt\/wp-json\/wp\/v2\/product_brand?post=11908"},{"taxonomy":"product_cat","embeddable":true,"href":"https:\/\/vivalr.com\/pt\/wp-json\/wp\/v2\/product_cat?post=11908"},{"taxonomy":"product_tag","embeddable":true,"href":"https:\/\/vivalr.com\/pt\/wp-json\/wp\/v2\/product_tag?post=11908"}],"curies":[{"name":"wp","href":"https:\/\/api.w.org\/{rel}","templated":true}]}}