{"id":11920,"date":"2025-03-07T12:18:24","date_gmt":"2025-03-07T12:18:24","guid":{"rendered":"https:\/\/vivalr.com\/product\/11920.html"},"modified":"2025-03-07T12:44:07","modified_gmt":"2025-03-07T12:44:07","slug":"factory-supply-44%e2%80%b2-thiobis6-tert-butyl-m-cresol-cas-96-69-5-with-best-price","status":"publish","type":"product","link":"https:\/\/vivalr.com\/pt\/product\/11920.html","title":{"rendered":"Fornecimento de f\u00e1brica 4,4\u2032-tiobis (6-tert-butil-m-cresol) cas 96-69-5 com melhor pre\u00e7o"},"content":{"rendered":"<ol>\n<li><a href=\"#basic_info\">Informa\u00e7\u00f5es e par\u00e2metros b\u00e1sicos<\/a><\/li>\n<li><a href=\"#usage\">Utiliza\u00e7\u00e3o do produto<\/a><\/li>\n<li><a href=\"#application\">Aplica\u00e7\u00e3o do produto<\/a><\/li>\n<li><a href=\"#case_study\">Estudo de caso<\/a><\/li>\n<li><a href=\"#contact\">Informa\u00e7\u00f5es de contacto<\/a><\/li>\n<\/ol>\n<h2 id=\"basic_info\">Informa\u00e7\u00f5es e par\u00e2metros b\u00e1sicos<\/h2>\n<p>O produto em quest\u00e3o \u00e9 o fornecimento de f\u00e1brica 4,4\u2032-tiobis (6-terc-butil-m-cresol) com o n\u00famero CAS 96 - 69 - 5. Tamb\u00e9m conhecido como antioxidante 300, \u00e9 um p\u00f3 branco a amarelo claro ou s\u00f3lido granular. A sua f\u00f3rmula molecular \u00e9 C22H30O2S, e o peso molecular \u00e9 de aproximadamente 358,54 g\/mol. Este produto tem um ponto de fus\u00e3o no intervalo de 160 - 165\u00b0C. \u00c9 insol\u00favel em \u00e1gua, mas sol\u00favel em solventes org\u00e2nicos, como benzeno, tolueno, clorof\u00f3rmio e acetona. O fornecimento da f\u00e1brica garante um produto de alta qualidade e rent\u00e1vel com um controlo de qualidade rigoroso durante o processo de produ\u00e7\u00e3o.<\/p>\n<h2 id=\"usage\">Utiliza\u00e7\u00e3o do produto<\/h2>\n<p>O 4,4\u2032-tiobis(6-terc-butil-m-cresol) \u00e9 um antioxidante altamente eficaz, amplamente utilizado em v\u00e1rias ind\u00fastrias. Na ind\u00fastria da borracha, pode prevenir o envelhecimento e a degrada\u00e7\u00e3o da borracha causados pelo calor, oxig\u00e9nio, ozono e stress mec\u00e2nico. Ao inibir a rea\u00e7\u00e3o em cadeia dos radicais livres, prolonga a vida \u00fatil dos produtos de borracha, melhorando as suas propriedades f\u00edsicas e mec\u00e2nicas. Na ind\u00fastria dos pl\u00e1sticos, \u00e9 adicionado a v\u00e1rios pl\u00e1sticos, como o polietileno, o polipropileno e o poliestireno, para melhorar a sua resist\u00eancia ao calor e \u00e0 oxida\u00e7\u00e3o. Tamb\u00e9m pode ser utilizado na ind\u00fastria de lubrificantes para evitar a oxida\u00e7\u00e3o e a deteriora\u00e7\u00e3o dos \u00f3leos lubrificantes, mantendo assim a sua viscosidade e desempenho de lubrifica\u00e7\u00e3o.<\/p>\n<h2 id=\"application\">Aplica\u00e7\u00e3o do produto<\/h2>\n<p>Ao usar o fornecimento de f\u00e1brica 4,4\u2032-tiobis (6-terc-butil-m-cresol), os seguintes pontos devem ser observados. No processamento de borracha, ele pode ser adicionado diretamente ao composto de borracha durante o processo de mistura. A dosagem recomendada \u00e9 normalmente de 0,5 - 3 partes por cem de borracha (phr), dependendo do tipo espec\u00edfico de borracha, das condi\u00e7\u00f5es de processamento e dos requisitos de desempenho. Nos pl\u00e1sticos, pode ser incorporado durante o processo de extrus\u00e3o ou moldagem por inje\u00e7\u00e3o. Para pl\u00e1sticos em geral, uma dosagem de 0,1 - 1% por peso \u00e9 frequentemente suficiente. Na ind\u00fastria de lubrificantes, \u00e9 normalmente adicionado durante o processo de mistura de \u00f3leos lubrificantes, com uma dosagem adequada determinada pelo tipo e requisitos de qualidade do \u00f3leo lubrificante.<\/p>\n<h2 id=\"case_study\">Estudo de caso<\/h2>\n<p>Uma empresa de fabrico de produtos de borracha estava a enfrentar o problema do r\u00e1pido envelhecimento da borracha nas suas correias transportadoras. As correias transportadoras foram expostas a altas temperaturas e estresse mec\u00e2nico durante a opera\u00e7\u00e3o, resultando em rachaduras e redu\u00e7\u00e3o da resist\u00eancia em um curto per\u00edodo. Depois de consultarem o fornecedor de Factory Supply 4,4\u2032-thiobis(6-tert-butyl-m-cresol), decidiram adicionar este antioxidante ao seu composto de borracha. Adicionaram 2 phr do antioxidante durante o processo de mistura. Ap\u00f3s a produ\u00e7\u00e3o, as novas correias transportadoras apresentaram uma resist\u00eancia ao calor e ao envelhecimento significativamente melhorada. A vida \u00fatil das correias transportadoras foi alargada de 6 meses para mais de 18 meses, reduzindo os custos de substitui\u00e7\u00e3o da empresa e melhorando a efici\u00eancia da produ\u00e7\u00e3o. Outro exemplo \u00e9 o de um fabricante de pl\u00e1sticos que produz tubos de pl\u00e1stico. Adicionaram 0,5% deste antioxidante \u00e0 sua resina de polipropileno durante a extrus\u00e3o. Os tubos de pl\u00e1stico resultantes tinham uma melhor resist\u00eancia aos raios UV e \u00e0 oxida\u00e7\u00e3o, o que era muito importante para aplica\u00e7\u00f5es no exterior. Os tubos mantiveram as suas propriedades mec\u00e2nicas e o seu aspeto durante mais tempo, aumentando a satisfa\u00e7\u00e3o do cliente.<\/p>\n<h2 id=\"contact\">Informa\u00e7\u00f5es de contacto<\/h2>\n<p>Se voc\u00ea tiver alguma d\u00favida sobre Fornecimento de f\u00e1brica 4,4\u2032-thiobis (6-tert-butil-m-cresol), n\u00e3o hesite em contactar-nos. Nosso e-mail \u00e9 info@vivalr.com, e nosso n\u00famero de telefone \u00e9 (86) 15866781826. Estamos empenhados em fornecer-lhe um servi\u00e7o profissional e oportuno.<\/p>","protected":false},"excerpt":{"rendered":"<p>Basic Information and Parameters Usage of the Product Product Application Case Study Contact Information Basic Information and Parameters The product in question is Factory Supply 4,4\u2032-thiobis(6-tert-butyl-m-cresol) with CAS number 96 - 69 - 5. Also known as antioxidant 300, it is a white to light - yellow powder or granular solid. Its molecular formula is [&hellip;]<\/p>","protected":false},"featured_media":27000,"comment_status":"closed","ping_status":"open","template":"","meta":[],"product_brand":[],"product_cat":[15],"product_tag":[],"class_list":{"0":"post-11920","1":"product","2":"type-product","3":"status-publish","4":"has-post-thumbnail","6":"product_cat-uncategorized","8":"first","9":"instock","10":"product-type-simple"},"yoast_head":"<!-- This site is optimized with the Yoast SEO Premium plugin v24.4 (Yoast SEO v27.4) - https:\/\/yoast.com\/product\/yoast-seo-premium-wordpress\/ -->\n<title>Factory Supply 4,4\u2032-thiobis(6-tert-butyl-m-cresol) cas 96-69-5 With Best Price - Welcome to VIVALR- Your Trusted Source for Chemical Raw Materials\uff01<\/title>\n<meta name=\"robots\" content=\"index, follow, max-snippet:-1, max-image-preview:large, max-video-preview:-1\" \/>\n<link rel=\"canonical\" href=\"https:\/\/vivalr.com\/pt\/product\/11920.html\" \/>\n<meta property=\"og:locale\" content=\"pt_PT\" \/>\n<meta property=\"og:type\" content=\"article\" \/>\n<meta property=\"og:title\" content=\"Factory Supply 4,4\u2032-thiobis(6-tert-butyl-m-cresol) cas 96-69-5 With Best Price\" \/>\n<meta property=\"og:description\" content=\"Basic Information and Parameters Usage of the Product Product Application Case Study Contact Information Basic Information and Parameters The product in question is Factory Supply 4,4\u2032-thiobis(6-tert-butyl-m-cresol) with CAS number 96 - 69 - 5. Also known as antioxidant 300, it is a white to light - yellow powder or granular solid. Its molecular formula is [&hellip;]\" \/>\n<meta property=\"og:url\" content=\"https:\/\/vivalr.com\/pt\/product\/11920.html\" \/>\n<meta property=\"og:site_name\" content=\"Welcome to VIVALR- Your Trusted Source for Chemical Raw Materials\uff01\" \/>\n<meta property=\"article:modified_time\" content=\"2025-03-07T12:44:07+00:00\" \/>\n<meta property=\"og:image\" content=\"https:\/\/vivalr.com\/wp-content\/uploads\/2025\/03\/44-thiobis6-tert-butyl-m-cresol-cas-96-69-5.jpg\" \/>\n\t<meta property=\"og:image:width\" content=\"400\" \/>\n\t<meta property=\"og:image:height\" content=\"399\" \/>\n\t<meta property=\"og:image:type\" content=\"image\/jpeg\" \/>\n<meta name=\"twitter:card\" content=\"summary_large_image\" \/>\n<meta name=\"twitter:label1\" content=\"Tempo estimado de leitura\" \/>\n\t<meta name=\"twitter:data1\" content=\"3 minutos\" \/>\n<script type=\"application\/ld+json\" class=\"yoast-schema-graph\">{\"@context\":\"https:\\\/\\\/schema.org\",\"@graph\":[{\"@type\":\"WebPage\",\"@id\":\"https:\\\/\\\/vivalr.com\\\/product\\\/11920.html\",\"url\":\"https:\\\/\\\/vivalr.com\\\/product\\\/11920.html\",\"name\":\"Factory Supply 4,4\u2032-thiobis(6-tert-butyl-m-cresol) cas 96-69-5 With Best Price - Welcome to VIVALR- Your Trusted Source for Chemical Raw Materials\uff01\",\"isPartOf\":{\"@id\":\"https:\\\/\\\/vivalr.com\\\/#website\"},\"primaryImageOfPage\":{\"@id\":\"https:\\\/\\\/vivalr.com\\\/product\\\/11920.html#primaryimage\"},\"image\":{\"@id\":\"https:\\\/\\\/vivalr.com\\\/product\\\/11920.html#primaryimage\"},\"thumbnailUrl\":\"https:\\\/\\\/vivalr.com\\\/wp-content\\\/uploads\\\/2025\\\/03\\\/44-thiobis6-tert-butyl-m-cresol-cas-96-69-5.jpg\",\"datePublished\":\"2025-03-07T12:18:24+00:00\",\"dateModified\":\"2025-03-07T12:44:07+00:00\",\"breadcrumb\":{\"@id\":\"https:\\\/\\\/vivalr.com\\\/product\\\/11920.html#breadcrumb\"},\"inLanguage\":\"pt-PT\",\"potentialAction\":[{\"@type\":\"ReadAction\",\"target\":[\"https:\\\/\\\/vivalr.com\\\/product\\\/11920.html\"]}]},{\"@type\":\"ImageObject\",\"inLanguage\":\"pt-PT\",\"@id\":\"https:\\\/\\\/vivalr.com\\\/product\\\/11920.html#primaryimage\",\"url\":\"https:\\\/\\\/vivalr.com\\\/wp-content\\\/uploads\\\/2025\\\/03\\\/44-thiobis6-tert-butyl-m-cresol-cas-96-69-5.jpg\",\"contentUrl\":\"https:\\\/\\\/vivalr.com\\\/wp-content\\\/uploads\\\/2025\\\/03\\\/44-thiobis6-tert-butyl-m-cresol-cas-96-69-5.jpg\",\"width\":400,\"height\":399},{\"@type\":\"BreadcrumbList\",\"@id\":\"https:\\\/\\\/vivalr.com\\\/product\\\/11920.html#breadcrumb\",\"itemListElement\":[{\"@type\":\"ListItem\",\"position\":1,\"name\":\"Home\",\"item\":\"https:\\\/\\\/vivalr.com\\\/\"},{\"@type\":\"ListItem\",\"position\":2,\"name\":\"Shop\",\"item\":\"https:\\\/\\\/vivalr.com\\\/shop\\\/\"},{\"@type\":\"ListItem\",\"position\":3,\"name\":\"Factory Supply 4,4\u2032-thiobis(6-tert-butyl-m-cresol) cas 96-69-5 With Best Price\"}]},{\"@type\":\"WebSite\",\"@id\":\"https:\\\/\\\/vivalr.com\\\/#website\",\"url\":\"https:\\\/\\\/vivalr.com\\\/\",\"name\":\"Welcome to VIVALR- Your Trusted Source for Chemical Raw Materials\uff01\",\"description\":\"Discover a wide range of high-quality chemical raw materials to meet your industrial needs. Our commitment to excellence ensures that you get the best products and services.\",\"potentialAction\":[{\"@type\":\"SearchAction\",\"target\":{\"@type\":\"EntryPoint\",\"urlTemplate\":\"https:\\\/\\\/vivalr.com\\\/?s={search_term_string}\"},\"query-input\":{\"@type\":\"PropertyValueSpecification\",\"valueRequired\":true,\"valueName\":\"search_term_string\"}}],\"inLanguage\":\"pt-PT\"}]}<\/script>\n<!-- \/ Yoast SEO Premium plugin. -->","yoast_head_json":{"title":"Fornecimento de f\u00e1brica 4,4\u2032-tiobis (6-terc-butil-m-cresol) cas 96-69-5 com melhor pre\u00e7o - Bem-vindo ao VIVALR- Sua fonte confi\u00e1vel de mat\u00e9rias-primas qu\u00edmicas\uff01","robots":{"index":"index","follow":"follow","max-snippet":"max-snippet:-1","max-image-preview":"max-image-preview:large","max-video-preview":"max-video-preview:-1"},"canonical":"https:\/\/vivalr.com\/pt\/product\/11920.html","og_locale":"pt_PT","og_type":"article","og_title":"Factory Supply 4,4\u2032-thiobis(6-tert-butyl-m-cresol) cas 96-69-5 With Best Price","og_description":"Basic Information and Parameters Usage of the Product Product Application Case Study Contact Information Basic Information and Parameters The product in question is Factory Supply 4,4\u2032-thiobis(6-tert-butyl-m-cresol) with CAS number 96 - 69 - 5. Also known as antioxidant 300, it is a white to light - yellow powder or granular solid. Its molecular formula is [&hellip;]","og_url":"https:\/\/vivalr.com\/pt\/product\/11920.html","og_site_name":"Welcome to VIVALR- Your Trusted Source for Chemical Raw Materials\uff01","article_modified_time":"2025-03-07T12:44:07+00:00","og_image":[{"width":400,"height":399,"url":"https:\/\/vivalr.com\/wp-content\/uploads\/2025\/03\/44-thiobis6-tert-butyl-m-cresol-cas-96-69-5.jpg","type":"image\/jpeg"}],"twitter_card":"summary_large_image","twitter_misc":{"Tempo estimado de leitura":"3 minutos"},"schema":{"@context":"https:\/\/schema.org","@graph":[{"@type":"WebPage","@id":"https:\/\/vivalr.com\/product\/11920.html","url":"https:\/\/vivalr.com\/product\/11920.html","name":"Fornecimento de f\u00e1brica 4,4\u2032-tiobis (6-terc-butil-m-cresol) cas 96-69-5 com melhor pre\u00e7o - Bem-vindo ao VIVALR- Sua fonte confi\u00e1vel de mat\u00e9rias-primas qu\u00edmicas\uff01","isPartOf":{"@id":"https:\/\/vivalr.com\/#website"},"primaryImageOfPage":{"@id":"https:\/\/vivalr.com\/product\/11920.html#primaryimage"},"image":{"@id":"https:\/\/vivalr.com\/product\/11920.html#primaryimage"},"thumbnailUrl":"https:\/\/vivalr.com\/wp-content\/uploads\/2025\/03\/44-thiobis6-tert-butyl-m-cresol-cas-96-69-5.jpg","datePublished":"2025-03-07T12:18:24+00:00","dateModified":"2025-03-07T12:44:07+00:00","breadcrumb":{"@id":"https:\/\/vivalr.com\/product\/11920.html#breadcrumb"},"inLanguage":"pt-PT","potentialAction":[{"@type":"ReadAction","target":["https:\/\/vivalr.com\/product\/11920.html"]}]},{"@type":"ImageObject","inLanguage":"pt-PT","@id":"https:\/\/vivalr.com\/product\/11920.html#primaryimage","url":"https:\/\/vivalr.com\/wp-content\/uploads\/2025\/03\/44-thiobis6-tert-butyl-m-cresol-cas-96-69-5.jpg","contentUrl":"https:\/\/vivalr.com\/wp-content\/uploads\/2025\/03\/44-thiobis6-tert-butyl-m-cresol-cas-96-69-5.jpg","width":400,"height":399},{"@type":"BreadcrumbList","@id":"https:\/\/vivalr.com\/product\/11920.html#breadcrumb","itemListElement":[{"@type":"ListItem","position":1,"name":"Home","item":"https:\/\/vivalr.com\/"},{"@type":"ListItem","position":2,"name":"Shop","item":"https:\/\/vivalr.com\/shop\/"},{"@type":"ListItem","position":3,"name":"Factory Supply 4,4\u2032-thiobis(6-tert-butyl-m-cresol) cas 96-69-5 With Best Price"}]},{"@type":"WebSite","@id":"https:\/\/vivalr.com\/#website","url":"https:\/\/vivalr.com\/","name":"Bem-vindo ao VIVALR- Sua fonte confi\u00e1vel de mat\u00e9rias-primas qu\u00edmicas\uff01","description":"Descubra uma vasta gama de mat\u00e9rias-primas qu\u00edmicas de alta qualidade para satisfazer as suas necessidades industriais. O nosso compromisso com a excel\u00eancia garante-lhe os melhores produtos e servi\u00e7os.","potentialAction":[{"@type":"SearchAction","target":{"@type":"EntryPoint","urlTemplate":"https:\/\/vivalr.com\/?s={search_term_string}"},"query-input":{"@type":"PropertyValueSpecification","valueRequired":true,"valueName":"search_term_string"}}],"inLanguage":"pt-PT"}]}},"_links":{"self":[{"href":"https:\/\/vivalr.com\/pt\/wp-json\/wp\/v2\/product\/11920","targetHints":{"allow":["GET"]}}],"collection":[{"href":"https:\/\/vivalr.com\/pt\/wp-json\/wp\/v2\/product"}],"about":[{"href":"https:\/\/vivalr.com\/pt\/wp-json\/wp\/v2\/types\/product"}],"replies":[{"embeddable":true,"href":"https:\/\/vivalr.com\/pt\/wp-json\/wp\/v2\/comments?post=11920"}],"wp:featuredmedia":[{"embeddable":true,"href":"https:\/\/vivalr.com\/pt\/wp-json\/wp\/v2\/media\/27000"}],"wp:attachment":[{"href":"https:\/\/vivalr.com\/pt\/wp-json\/wp\/v2\/media?parent=11920"}],"wp:term":[{"taxonomy":"product_brand","embeddable":true,"href":"https:\/\/vivalr.com\/pt\/wp-json\/wp\/v2\/product_brand?post=11920"},{"taxonomy":"product_cat","embeddable":true,"href":"https:\/\/vivalr.com\/pt\/wp-json\/wp\/v2\/product_cat?post=11920"},{"taxonomy":"product_tag","embeddable":true,"href":"https:\/\/vivalr.com\/pt\/wp-json\/wp\/v2\/product_tag?post=11920"}],"curies":[{"name":"wp","href":"https:\/\/api.w.org\/{rel}","templated":true}]}}