{"id":11934,"date":"2025-03-07T12:18:24","date_gmt":"2025-03-07T12:18:24","guid":{"rendered":"https:\/\/vivalr.com\/product\/11934.html"},"modified":"2025-03-07T12:44:09","modified_gmt":"2025-03-07T12:44:09","slug":"factory-supply-seco-isolariciresinol-diglucoside-cas-148244-82-0-with-best-price","status":"publish","type":"product","link":"https:\/\/vivalr.com\/pt\/product\/11934.html","title":{"rendered":"Fornecimento de f\u00e1brica seco-isolariciresinol diglucoside cas 148244-82-0 com melhor pre\u00e7o"},"content":{"rendered":"<div>\n<h2>\u00cdndice<\/h2>\n<ul>\n<li><a href=\"#basic_info\">Informa\u00e7\u00f5es e par\u00e2metros b\u00e1sicos<\/a><\/li>\n<li><a href=\"#product_uses\">Utiliza\u00e7\u00f5es do produto<\/a><\/li>\n<li><a href=\"#product_usage\">Utiliza\u00e7\u00e3o do produto<\/a><\/li>\n<li><a href=\"#usage_cases\">Casos de utiliza\u00e7\u00e3o<\/a><\/li>\n<li><a href=\"#contact_info\">Informa\u00e7\u00f5es de contacto<\/a><\/li>\n<\/ul>\n<\/div>\n<h1 id=\"basic_info\">Fornecimento de f\u00e1brica seco - isolariciresinol diglucoside cas 148244 - 82 - 0 Com melhor pre\u00e7o<\/h1>\n<h2>1. Informa\u00e7\u00f5es e par\u00e2metros de base<\/h2>\n<p>O produto, seco - isolariciresinol diglucoside, com o n\u00famero CAS 148244 - 82 - 0, \u00e9 fornecido diretamente da f\u00e1brica ao melhor pre\u00e7o. Pertence a uma classe de compostos naturais que t\u00eam atra\u00eddo um interesse significativo da investiga\u00e7\u00e3o devido \u00e0s suas potenciais actividades biol\u00f3gicas.<\/p>\n<p>Quimicamente, \u00e9 um derivado diglucos\u00eddeo, o que significa que cont\u00e9m duas por\u00e7\u00f5es de glucose ligadas a um n\u00facleo de seco - isolariciresinol. A estrutura molecular exacta determina as suas propriedades f\u00edsicas e qu\u00edmicas, como a solubilidade, a estabilidade e a reatividade. Em termos de pureza, espera-se que o produto fornecido pela f\u00e1brica cumpra elevados padr\u00f5es de qualidade, com medidas rigorosas de controlo de qualidade durante o processo de produ\u00e7\u00e3o para garantir uma qualidade consistente.<\/p>\n<h2 id=\"product_uses\">2. Utiliza\u00e7\u00f5es do produto<\/h2>\n<p>O digluc\u00f3sido de seco-isolariciresinol tem uma vasta gama de utiliza\u00e7\u00f5es potenciais, especialmente nos dom\u00ednios da medicina e da investiga\u00e7\u00e3o de produtos naturais.<\/p>\n<p>No dom\u00ednio m\u00e9dico, estudos preliminares sugeriram que pode possuir propriedades antioxidantes. Os antioxidantes desempenham um papel crucial na prote\u00e7\u00e3o das c\u00e9lulas contra os danos causados pelos radicais livres, que est\u00e3o associados a v\u00e1rias doen\u00e7as, como o cancro, as doen\u00e7as cardiovasculares e as doen\u00e7as neurodegenerativas. Pode tamb\u00e9m ter efeitos anti-inflamat\u00f3rios, o que pode ser ben\u00e9fico no tratamento de doen\u00e7as inflamat\u00f3rias.<\/p>\n<p>Na investiga\u00e7\u00e3o de produtos naturais, este composto serve como uma subst\u00e2ncia de refer\u00eancia importante para a an\u00e1lise qu\u00edmica e o rastreio da bioatividade. Os cientistas utilizam-no para desenvolver novos m\u00e9todos anal\u00edticos para a dete\u00e7\u00e3o e quantifica\u00e7\u00e3o de compostos relacionados em misturas naturais complexas. Al\u00e9m disso, pode ser utilizado como material de partida para a s\u00edntese de derivados mais bioactivos.<\/p>\n<h2 id=\"product_usage\">3. Utiliza\u00e7\u00e3o do produto<\/h2>\n<p>Ao utilizar o digluc\u00f3sido de seco - isolariciresinol, \u00e9 essencial seguir os procedimentos laboratoriais ou industriais corretos.<\/p>\n<p>Para fins de investiga\u00e7\u00e3o em ambiente laboratorial, \u00e9 normalmente dissolvido num solvente adequado, como o etanol ou o metanol, dependendo dos requisitos experimentais subsequentes. A concentra\u00e7\u00e3o da solu\u00e7\u00e3o deve ser cuidadosamente preparada de acordo com o projeto experimental. \u00c9 importante armazenar o composto num local fresco e seco, ao abrigo da luz e do calor, para manter a sua estabilidade.<\/p>\n<p>Em aplica\u00e7\u00f5es industriais, devem ser seguidos protocolos de seguran\u00e7a rigorosos. Os trabalhadores que manuseiam o produto devem usar equipamento de prote\u00e7\u00e3o individual adequado, como luvas e \u00f3culos de prote\u00e7\u00e3o, para evitar o contacto direto com o composto. O ambiente de produ\u00e7\u00e3o deve ser bem ventilado para evitar a inala\u00e7\u00e3o de qualquer poss\u00edvel poeira ou vapor.<\/p>\n<h2 id=\"usage_cases\">4. Casos de utiliza\u00e7\u00e3o<\/h2>\n<p>Caso 1: Investiga\u00e7\u00e3o m\u00e9dica<\/p>\n<p>Uma equipa de investiga\u00e7\u00e3o de uma empresa farmac\u00eautica estava a estudar os potenciais efeitos anticancer\u00edgenos de compostos naturais. Utilizaram o digluc\u00f3sido seco - isolariciresinol como uma das subst\u00e2ncias de teste. O composto foi primeiro dissolvido num solvente adequado para preparar diferentes concentra\u00e7\u00f5es de solu\u00e7\u00f5es. Estas solu\u00e7\u00f5es foram depois adicionadas a culturas de c\u00e9lulas cancer\u00edgenas. Ap\u00f3s um certo per\u00edodo de incuba\u00e7\u00e3o, os investigadores observaram que o composto, numa concentra\u00e7\u00e3o espec\u00edfica, podia inibir o crescimento das c\u00e9lulas cancerosas at\u00e9 um certo ponto. Foram efectuados estudos complementares para explorar os mecanismos moleculares subjacentes.<\/p>\n<p>Caso 2: An\u00e1lise de produtos naturais<\/p>\n<p>Um grupo de qu\u00edmicos de produtos naturais estava a analisar a composi\u00e7\u00e3o qu\u00edmica de um extrato de planta. Utilizaram o seco - isolariciresinol diglucoside como padr\u00e3o de refer\u00eancia. Comparando o tempo de reten\u00e7\u00e3o e as carater\u00edsticas espectrais do composto no extrato com as do padr\u00e3o de refer\u00eancia, utilizando cromatografia l\u00edquida de alta resolu\u00e7\u00e3o (HPLC) e espetrometria de massa (MS), conseguiram identificar a presen\u00e7a de seco - isolariciresinol diglucoside no extrato da planta e quantificar com precis\u00e3o o seu conte\u00fado.<\/p>\n<h2 id=\"contact_info\">5. Informa\u00e7\u00f5es de contacto<\/h2>\n<p>Se tiver alguma d\u00favida ou precisar de mais informa\u00e7\u00f5es sobre o produto, n\u00e3o hesite em contactar-nos. O nosso endere\u00e7o de correio eletr\u00f3nico \u00e9 info@vivalr.com e o nosso n\u00famero de telefone \u00e9 (86) 15866781826.<\/p>","protected":false},"excerpt":{"rendered":"<p>Table of Contents Basic Information and Parameters Product Uses Product Usage Usage Cases Contact Information Factory Supply seco - isolariciresinol diglucoside cas 148244 - 82 - 0 With Best Price 1. Basic Information and Parameters The product, seco - isolariciresinol diglucoside, with the CAS number 148244 - 82 - 0, is supplied directly from the [&hellip;]<\/p>","protected":false},"featured_media":27007,"comment_status":"closed","ping_status":"open","template":"","meta":[],"product_brand":[],"product_cat":[15],"product_tag":[],"class_list":{"0":"post-11934","1":"product","2":"type-product","3":"status-publish","4":"has-post-thumbnail","6":"product_cat-uncategorized","8":"first","9":"instock","10":"product-type-simple"},"yoast_head":"<!-- This site is optimized with the Yoast SEO Premium plugin v24.4 (Yoast SEO v27.4) - https:\/\/yoast.com\/product\/yoast-seo-premium-wordpress\/ -->\n<title>Factory Supply seco-isolariciresinol diglucoside cas 148244-82-0 With Best Price - Welcome to VIVALR- Your Trusted Source for Chemical Raw Materials\uff01<\/title>\n<meta name=\"robots\" content=\"index, follow, max-snippet:-1, max-image-preview:large, max-video-preview:-1\" \/>\n<link rel=\"canonical\" href=\"https:\/\/vivalr.com\/pt\/product\/11934.html\" \/>\n<meta property=\"og:locale\" content=\"pt_PT\" \/>\n<meta property=\"og:type\" content=\"article\" \/>\n<meta property=\"og:title\" content=\"Factory Supply seco-isolariciresinol diglucoside cas 148244-82-0 With Best Price\" \/>\n<meta property=\"og:description\" content=\"Table of Contents Basic Information and Parameters Product Uses Product Usage Usage Cases Contact Information Factory Supply seco - isolariciresinol diglucoside cas 148244 - 82 - 0 With Best Price 1. Basic Information and Parameters The product, seco - isolariciresinol diglucoside, with the CAS number 148244 - 82 - 0, is supplied directly from the [&hellip;]\" \/>\n<meta property=\"og:url\" content=\"https:\/\/vivalr.com\/pt\/product\/11934.html\" \/>\n<meta property=\"og:site_name\" content=\"Welcome to VIVALR- Your Trusted Source for Chemical Raw Materials\uff01\" \/>\n<meta property=\"article:modified_time\" content=\"2025-03-07T12:44:09+00:00\" \/>\n<meta property=\"og:image\" content=\"https:\/\/vivalr.com\/wp-content\/uploads\/2025\/03\/seco-isolariciresinol-diglucoside-cas-148244-82-0.jpg\" \/>\n\t<meta property=\"og:image:width\" content=\"600\" \/>\n\t<meta property=\"og:image:height\" content=\"654\" \/>\n\t<meta property=\"og:image:type\" content=\"image\/jpeg\" \/>\n<meta name=\"twitter:card\" content=\"summary_large_image\" \/>\n<meta name=\"twitter:label1\" content=\"Tempo estimado de leitura\" \/>\n\t<meta name=\"twitter:data1\" content=\"3 minutos\" \/>\n<script type=\"application\/ld+json\" class=\"yoast-schema-graph\">{\"@context\":\"https:\\\/\\\/schema.org\",\"@graph\":[{\"@type\":\"WebPage\",\"@id\":\"https:\\\/\\\/vivalr.com\\\/product\\\/11934.html\",\"url\":\"https:\\\/\\\/vivalr.com\\\/product\\\/11934.html\",\"name\":\"Factory Supply seco-isolariciresinol diglucoside cas 148244-82-0 With Best Price - Welcome to VIVALR- Your Trusted Source for Chemical Raw Materials\uff01\",\"isPartOf\":{\"@id\":\"https:\\\/\\\/vivalr.com\\\/#website\"},\"primaryImageOfPage\":{\"@id\":\"https:\\\/\\\/vivalr.com\\\/product\\\/11934.html#primaryimage\"},\"image\":{\"@id\":\"https:\\\/\\\/vivalr.com\\\/product\\\/11934.html#primaryimage\"},\"thumbnailUrl\":\"https:\\\/\\\/vivalr.com\\\/wp-content\\\/uploads\\\/2025\\\/03\\\/seco-isolariciresinol-diglucoside-cas-148244-82-0.jpg\",\"datePublished\":\"2025-03-07T12:18:24+00:00\",\"dateModified\":\"2025-03-07T12:44:09+00:00\",\"breadcrumb\":{\"@id\":\"https:\\\/\\\/vivalr.com\\\/product\\\/11934.html#breadcrumb\"},\"inLanguage\":\"pt-PT\",\"potentialAction\":[{\"@type\":\"ReadAction\",\"target\":[\"https:\\\/\\\/vivalr.com\\\/product\\\/11934.html\"]}]},{\"@type\":\"ImageObject\",\"inLanguage\":\"pt-PT\",\"@id\":\"https:\\\/\\\/vivalr.com\\\/product\\\/11934.html#primaryimage\",\"url\":\"https:\\\/\\\/vivalr.com\\\/wp-content\\\/uploads\\\/2025\\\/03\\\/seco-isolariciresinol-diglucoside-cas-148244-82-0.jpg\",\"contentUrl\":\"https:\\\/\\\/vivalr.com\\\/wp-content\\\/uploads\\\/2025\\\/03\\\/seco-isolariciresinol-diglucoside-cas-148244-82-0.jpg\",\"width\":600,\"height\":654},{\"@type\":\"BreadcrumbList\",\"@id\":\"https:\\\/\\\/vivalr.com\\\/product\\\/11934.html#breadcrumb\",\"itemListElement\":[{\"@type\":\"ListItem\",\"position\":1,\"name\":\"Home\",\"item\":\"https:\\\/\\\/vivalr.com\\\/\"},{\"@type\":\"ListItem\",\"position\":2,\"name\":\"Shop\",\"item\":\"https:\\\/\\\/vivalr.com\\\/shop\\\/\"},{\"@type\":\"ListItem\",\"position\":3,\"name\":\"Factory Supply seco-isolariciresinol diglucoside cas 148244-82-0 With Best Price\"}]},{\"@type\":\"WebSite\",\"@id\":\"https:\\\/\\\/vivalr.com\\\/#website\",\"url\":\"https:\\\/\\\/vivalr.com\\\/\",\"name\":\"Welcome to VIVALR- Your Trusted Source for Chemical Raw Materials\uff01\",\"description\":\"Discover a wide range of high-quality chemical raw materials to meet your industrial needs. Our commitment to excellence ensures that you get the best products and services.\",\"potentialAction\":[{\"@type\":\"SearchAction\",\"target\":{\"@type\":\"EntryPoint\",\"urlTemplate\":\"https:\\\/\\\/vivalr.com\\\/?s={search_term_string}\"},\"query-input\":{\"@type\":\"PropertyValueSpecification\",\"valueRequired\":true,\"valueName\":\"search_term_string\"}}],\"inLanguage\":\"pt-PT\"}]}<\/script>\n<!-- \/ Yoast SEO Premium plugin. -->","yoast_head_json":{"title":"Fornecimento de f\u00e1brica seco-isolariciresinol diglucoside cas 148244-82-0 com melhor pre\u00e7o - Bem-vindo ao VIVALR- Sua fonte confi\u00e1vel de mat\u00e9rias-primas qu\u00edmicas\uff01","robots":{"index":"index","follow":"follow","max-snippet":"max-snippet:-1","max-image-preview":"max-image-preview:large","max-video-preview":"max-video-preview:-1"},"canonical":"https:\/\/vivalr.com\/pt\/product\/11934.html","og_locale":"pt_PT","og_type":"article","og_title":"Factory Supply seco-isolariciresinol diglucoside cas 148244-82-0 With Best Price","og_description":"Table of Contents Basic Information and Parameters Product Uses Product Usage Usage Cases Contact Information Factory Supply seco - isolariciresinol diglucoside cas 148244 - 82 - 0 With Best Price 1. Basic Information and Parameters The product, seco - isolariciresinol diglucoside, with the CAS number 148244 - 82 - 0, is supplied directly from the [&hellip;]","og_url":"https:\/\/vivalr.com\/pt\/product\/11934.html","og_site_name":"Welcome to VIVALR- Your Trusted Source for Chemical Raw Materials\uff01","article_modified_time":"2025-03-07T12:44:09+00:00","og_image":[{"width":600,"height":654,"url":"https:\/\/vivalr.com\/wp-content\/uploads\/2025\/03\/seco-isolariciresinol-diglucoside-cas-148244-82-0.jpg","type":"image\/jpeg"}],"twitter_card":"summary_large_image","twitter_misc":{"Tempo estimado de leitura":"3 minutos"},"schema":{"@context":"https:\/\/schema.org","@graph":[{"@type":"WebPage","@id":"https:\/\/vivalr.com\/product\/11934.html","url":"https:\/\/vivalr.com\/product\/11934.html","name":"Fornecimento de f\u00e1brica seco-isolariciresinol diglucoside cas 148244-82-0 com melhor pre\u00e7o - Bem-vindo ao VIVALR- Sua fonte confi\u00e1vel de mat\u00e9rias-primas qu\u00edmicas\uff01","isPartOf":{"@id":"https:\/\/vivalr.com\/#website"},"primaryImageOfPage":{"@id":"https:\/\/vivalr.com\/product\/11934.html#primaryimage"},"image":{"@id":"https:\/\/vivalr.com\/product\/11934.html#primaryimage"},"thumbnailUrl":"https:\/\/vivalr.com\/wp-content\/uploads\/2025\/03\/seco-isolariciresinol-diglucoside-cas-148244-82-0.jpg","datePublished":"2025-03-07T12:18:24+00:00","dateModified":"2025-03-07T12:44:09+00:00","breadcrumb":{"@id":"https:\/\/vivalr.com\/product\/11934.html#breadcrumb"},"inLanguage":"pt-PT","potentialAction":[{"@type":"ReadAction","target":["https:\/\/vivalr.com\/product\/11934.html"]}]},{"@type":"ImageObject","inLanguage":"pt-PT","@id":"https:\/\/vivalr.com\/product\/11934.html#primaryimage","url":"https:\/\/vivalr.com\/wp-content\/uploads\/2025\/03\/seco-isolariciresinol-diglucoside-cas-148244-82-0.jpg","contentUrl":"https:\/\/vivalr.com\/wp-content\/uploads\/2025\/03\/seco-isolariciresinol-diglucoside-cas-148244-82-0.jpg","width":600,"height":654},{"@type":"BreadcrumbList","@id":"https:\/\/vivalr.com\/product\/11934.html#breadcrumb","itemListElement":[{"@type":"ListItem","position":1,"name":"Home","item":"https:\/\/vivalr.com\/"},{"@type":"ListItem","position":2,"name":"Shop","item":"https:\/\/vivalr.com\/shop\/"},{"@type":"ListItem","position":3,"name":"Factory Supply seco-isolariciresinol diglucoside cas 148244-82-0 With Best Price"}]},{"@type":"WebSite","@id":"https:\/\/vivalr.com\/#website","url":"https:\/\/vivalr.com\/","name":"Bem-vindo ao VIVALR- Sua fonte confi\u00e1vel de mat\u00e9rias-primas qu\u00edmicas\uff01","description":"Descubra uma vasta gama de mat\u00e9rias-primas qu\u00edmicas de alta qualidade para satisfazer as suas necessidades industriais. O nosso compromisso com a excel\u00eancia garante-lhe os melhores produtos e servi\u00e7os.","potentialAction":[{"@type":"SearchAction","target":{"@type":"EntryPoint","urlTemplate":"https:\/\/vivalr.com\/?s={search_term_string}"},"query-input":{"@type":"PropertyValueSpecification","valueRequired":true,"valueName":"search_term_string"}}],"inLanguage":"pt-PT"}]}},"_links":{"self":[{"href":"https:\/\/vivalr.com\/pt\/wp-json\/wp\/v2\/product\/11934","targetHints":{"allow":["GET"]}}],"collection":[{"href":"https:\/\/vivalr.com\/pt\/wp-json\/wp\/v2\/product"}],"about":[{"href":"https:\/\/vivalr.com\/pt\/wp-json\/wp\/v2\/types\/product"}],"replies":[{"embeddable":true,"href":"https:\/\/vivalr.com\/pt\/wp-json\/wp\/v2\/comments?post=11934"}],"wp:featuredmedia":[{"embeddable":true,"href":"https:\/\/vivalr.com\/pt\/wp-json\/wp\/v2\/media\/27007"}],"wp:attachment":[{"href":"https:\/\/vivalr.com\/pt\/wp-json\/wp\/v2\/media?parent=11934"}],"wp:term":[{"taxonomy":"product_brand","embeddable":true,"href":"https:\/\/vivalr.com\/pt\/wp-json\/wp\/v2\/product_brand?post=11934"},{"taxonomy":"product_cat","embeddable":true,"href":"https:\/\/vivalr.com\/pt\/wp-json\/wp\/v2\/product_cat?post=11934"},{"taxonomy":"product_tag","embeddable":true,"href":"https:\/\/vivalr.com\/pt\/wp-json\/wp\/v2\/product_tag?post=11934"}],"curies":[{"name":"wp","href":"https:\/\/api.w.org\/{rel}","templated":true}]}}