{"id":11936,"date":"2025-03-07T12:18:24","date_gmt":"2025-03-07T12:18:24","guid":{"rendered":"https:\/\/vivalr.com\/product\/11936.html"},"modified":"2025-03-07T12:44:09","modified_gmt":"2025-03-07T12:44:09","slug":"factory-supply-n-methylcyclohexylamine-cas-100-60-7-with-best-price","status":"publish","type":"product","link":"https:\/\/vivalr.com\/pt\/product\/11936.html","title":{"rendered":"Fornecimento de f\u00e1brica n-metilciclohexilamina cas 100-60-7 com melhor pre\u00e7o"},"content":{"rendered":"<h1>Fornecimento de f\u00e1brica n-metilciclohexilamina cas 100-60-7 com melhor pre\u00e7o - Guia do usu\u00e1rio<\/h1>\n<h2>\u00cdndice<\/h2>\n<ul>\n<li><a href=\"#basic-info\">Informa\u00e7\u00f5es e par\u00e2metros b\u00e1sicos<\/a><\/li>\n<li><a href=\"#usage\">Utiliza\u00e7\u00e3o do produto<\/a><\/li>\n<li><a href=\"#how-to-use\">Como utilizar o produto<\/a><\/li>\n<li><a href=\"#usage-cases\">Casos de utiliza\u00e7\u00e3o pormenorizados<\/a><\/li>\n<li><a href=\"#contact\">Informa\u00e7\u00f5es de contacto<\/a><\/li>\n<\/ul>\n<h2 id=\"basic-info\">Informa\u00e7\u00f5es e par\u00e2metros b\u00e1sicos<\/h2>\n<p>A n-metilciclohexilamina, com o n\u00famero CAS 100 - 60 - 7, \u00e9 um composto qu\u00edmico que tem v\u00e1rias aplica\u00e7\u00f5es em diferentes ind\u00fastrias. Este produto \u00e9 fornecido de f\u00e1brica, garantindo solu\u00e7\u00f5es de alta qualidade e econ\u00f3micas para os nossos clientes.<\/p>\n<p>\n    <strong>F\u00f3rmula qu\u00edmica:<\/strong> C\u2087H\u2081\u2085N<br \/>\n    <strong>Massa molar:<\/strong> Aproximadamente 113,2 g\/mol<br \/>\n    <strong>Apar\u00eancia:<\/strong> Trata-se normalmente de um l\u00edquido l\u00edmpido a ligeiramente amarelo.<br \/>\n    <strong>Ponto de ebuli\u00e7\u00e3o:<\/strong> Cerca de 160 - 162 \u00b0C<br \/>\n    <strong>Ponto de fus\u00e3o:<\/strong> Aproximadamente - 12 \u00b0C<br \/>\n    <strong>Densidade:<\/strong> Cerca de 0,86 g\/cm\u00b3 a 20 \u00b0C<br \/>\n    <strong>Solubilidade:<\/strong> \u00c9 sol\u00favel em alguns solventes org\u00e2nicos e ligeiramente sol\u00favel em \u00e1gua.\n  <\/p>\n<h2 id=\"usage\">Utiliza\u00e7\u00e3o do produto<\/h2>\n<p>A n - metilciclohexilamina tem uma vasta gama de aplica\u00e7\u00f5es:<\/p>\n<ol>\n<li><strong>Intermedi\u00e1rios qu\u00edmicos<\/strong>: Serve como um intermedi\u00e1rio importante na s\u00edntese de v\u00e1rios produtos farmac\u00eauticos, agroqu\u00edmicos e corantes. Por exemplo, pode ser utilizado na produ\u00e7\u00e3o de alguns medicamentos anti-inflamat\u00f3rios e de certos tipos de pesticidas.<\/li>\n<li><strong>Ind\u00fastria da borracha<\/strong>: No processo de fabrico da borracha, pode atuar como um acelerador ou um modificador. Isto ajuda a melhorar o processo de vulcaniza\u00e7\u00e3o e a melhorar as propriedades f\u00edsicas da borracha, tais como a sua elasticidade e durabilidade.<\/li>\n<li><strong>S\u00edntese de surfactantes<\/strong>: Pode ser utilizado na s\u00edntese de alguns tensioactivos. Os tensioactivos s\u00e3o amplamente utilizados em detergentes, emulsionantes e agentes molhantes, que t\u00eam aplica\u00e7\u00f5es em produtos de limpeza dom\u00e9stica e processos industriais.<\/li>\n<\/ol>\n<h2 id=\"how-to-use\">Como utilizar o produto<\/h2>\n<p>Ao utilizar n - metilciclohexilamina, devem ser seguidos os seguintes passos:<\/p>\n<ol>\n<li><strong>Armazenamento<\/strong>: Armazenar o produto num local fresco, seco e bem ventilado. Manter afastado de fontes de igni\u00e7\u00e3o e de subst\u00e2ncias incompat\u00edveis. Deve ser armazenado num recipiente hermeticamente fechado para evitar a evapora\u00e7\u00e3o e a contamina\u00e7\u00e3o.<\/li>\n<li><strong>Manuseamento<\/strong>: Usar equipamento de prote\u00e7\u00e3o individual (EPI) adequado, incluindo \u00f3culos de seguran\u00e7a, luvas resistentes a produtos qu\u00edmicos e uma bata de laborat\u00f3rio. Evitar o contacto direto com a pele, os olhos e o vestu\u00e1rio. Em caso de contacto, lavar imediatamente a \u00e1rea afetada com \u00e1gua abundante e procurar assist\u00eancia m\u00e9dica, se necess\u00e1rio.<\/li>\n<li><strong>Medi\u00e7\u00e3o e mistura<\/strong>: Utilizar instrumentos de medi\u00e7\u00e3o precisos para obter a quantidade necess\u00e1ria do produto. Ao mistur\u00e1-lo com outras subst\u00e2ncias, seguir as condi\u00e7\u00f5es e procedimentos espec\u00edficos de rea\u00e7\u00e3o recomendados na literatura qu\u00edmica relevante ou fornecidos pelo fabricante.<\/li>\n<\/ol>\n<h2 id=\"usage-cases\">Casos de utiliza\u00e7\u00e3o pormenorizados<\/h2>\n<p><strong>Caso de s\u00edntese farmac\u00eautica<\/strong><\/p>\n<p>Numa empresa farmac\u00eautica, a n - metilciclohexilamina foi utilizada como intermedi\u00e1rio na s\u00edntese de um novo medicamento contra a ansiedade. Os qu\u00edmicos seguiram um processo de rea\u00e7\u00e3o em v\u00e1rias etapas. Em primeiro lugar, a n - metilciclohexilamina foi reagida com um derivado espec\u00edfico de \u00e1cido carbox\u00edlico em condi\u00e7\u00f5es controladas de temperatura e press\u00e3o na presen\u00e7a de um catalisador. Ap\u00f3s uma s\u00e9rie de etapas de purifica\u00e7\u00e3o, o produto interm\u00e9dio foi novamente reagido com outros reagentes para formar o composto final do medicamento. Atrav\u00e9s deste processo, a empresa conseguiu desenvolver um medicamento anti-ansiedade mais eficaz e mais seguro, que foi bem recebido no mercado.<\/p>\n<p><strong>Caso do fabrico de borracha<\/strong><\/p>\n<p>Uma f\u00e1brica de borracha adicionou n - metilciclohexilamina ao seu composto de borracha durante o processo de mistura. Ao controlar cuidadosamente a quantidade do aditivo, verificaram que o tempo de vulcaniza\u00e7\u00e3o foi significativamente reduzido e que os produtos de borracha resultantes tinham melhor resist\u00eancia \u00e0 tra\u00e7\u00e3o e ao rasgamento. Esta melhoria na qualidade do produto permitiu que a f\u00e1brica aumentasse a sua competitividade no mercado e satisfizesse os elevados requisitos de qualidade dos seus clientes.<\/p>\n<h2 id=\"contact\">Informa\u00e7\u00f5es de contacto<\/h2>\n<p>Se voc\u00ea tiver alguma d\u00favida ou precisar de mais informa\u00e7\u00f5es sobre o nosso Fornecimento de f\u00e1brica n - metilciclohexilamina cas 100 - 60 - 7, n\u00e3o hesite em contactar-nos:<\/p>\n<p>Correio eletr\u00f3nico: info@vivalr.com<\/p>","protected":false},"excerpt":{"rendered":"<p>Factory Supply n-methylcyclohexylamine cas 100-60-7 With Best Price - User Guide Table of Contents Basic Information and Parameters Usage of the Product How to Use the Product Detailed Usage Cases Contact Information Basic Information and Parameters n-methylcyclohexylamine, with the CAS number 100 - 60 - 7, is a chemical compound that has various applications in [&hellip;]<\/p>","protected":false},"featured_media":27008,"comment_status":"closed","ping_status":"open","template":"","meta":[],"product_brand":[],"product_cat":[15],"product_tag":[],"class_list":{"0":"post-11936","1":"product","2":"type-product","3":"status-publish","4":"has-post-thumbnail","6":"product_cat-uncategorized","8":"first","9":"instock","10":"product-type-simple"},"yoast_head":"<!-- This site is optimized with the Yoast SEO Premium plugin v24.4 (Yoast SEO v27.4) - https:\/\/yoast.com\/product\/yoast-seo-premium-wordpress\/ -->\n<title>Factory Supply n-methylcyclohexylamine cas 100-60-7 With Best Price - Welcome to VIVALR- Your Trusted Source for Chemical Raw Materials\uff01<\/title>\n<meta name=\"robots\" content=\"index, follow, max-snippet:-1, max-image-preview:large, max-video-preview:-1\" \/>\n<link rel=\"canonical\" href=\"https:\/\/vivalr.com\/pt\/product\/11936.html\" \/>\n<meta property=\"og:locale\" content=\"pt_PT\" \/>\n<meta property=\"og:type\" content=\"article\" \/>\n<meta property=\"og:title\" content=\"Factory Supply n-methylcyclohexylamine cas 100-60-7 With Best Price\" \/>\n<meta property=\"og:description\" content=\"Factory Supply n-methylcyclohexylamine cas 100-60-7 With Best Price - User Guide Table of Contents Basic Information and Parameters Usage of the Product How to Use the Product Detailed Usage Cases Contact Information Basic Information and Parameters n-methylcyclohexylamine, with the CAS number 100 - 60 - 7, is a chemical compound that has various applications in [&hellip;]\" \/>\n<meta property=\"og:url\" content=\"https:\/\/vivalr.com\/pt\/product\/11936.html\" \/>\n<meta property=\"og:site_name\" content=\"Welcome to VIVALR- Your Trusted Source for Chemical Raw Materials\uff01\" \/>\n<meta property=\"article:modified_time\" content=\"2025-03-07T12:44:09+00:00\" \/>\n<meta property=\"og:image\" content=\"https:\/\/vivalr.com\/wp-content\/uploads\/2025\/03\/n-methylcyclohexylamine-cas-100-60-7.jpg\" \/>\n\t<meta property=\"og:image:width\" content=\"600\" \/>\n\t<meta property=\"og:image:height\" content=\"654\" \/>\n\t<meta property=\"og:image:type\" content=\"image\/jpeg\" \/>\n<meta name=\"twitter:card\" content=\"summary_large_image\" \/>\n<meta name=\"twitter:label1\" content=\"Tempo estimado de leitura\" \/>\n\t<meta name=\"twitter:data1\" content=\"3 minutos\" \/>\n<script type=\"application\/ld+json\" class=\"yoast-schema-graph\">{\"@context\":\"https:\\\/\\\/schema.org\",\"@graph\":[{\"@type\":\"WebPage\",\"@id\":\"https:\\\/\\\/vivalr.com\\\/product\\\/11936.html\",\"url\":\"https:\\\/\\\/vivalr.com\\\/product\\\/11936.html\",\"name\":\"Factory Supply n-methylcyclohexylamine cas 100-60-7 With Best Price - Welcome to VIVALR- Your Trusted Source for Chemical Raw Materials\uff01\",\"isPartOf\":{\"@id\":\"https:\\\/\\\/vivalr.com\\\/#website\"},\"primaryImageOfPage\":{\"@id\":\"https:\\\/\\\/vivalr.com\\\/product\\\/11936.html#primaryimage\"},\"image\":{\"@id\":\"https:\\\/\\\/vivalr.com\\\/product\\\/11936.html#primaryimage\"},\"thumbnailUrl\":\"https:\\\/\\\/vivalr.com\\\/wp-content\\\/uploads\\\/2025\\\/03\\\/n-methylcyclohexylamine-cas-100-60-7.jpg\",\"datePublished\":\"2025-03-07T12:18:24+00:00\",\"dateModified\":\"2025-03-07T12:44:09+00:00\",\"breadcrumb\":{\"@id\":\"https:\\\/\\\/vivalr.com\\\/product\\\/11936.html#breadcrumb\"},\"inLanguage\":\"pt-PT\",\"potentialAction\":[{\"@type\":\"ReadAction\",\"target\":[\"https:\\\/\\\/vivalr.com\\\/product\\\/11936.html\"]}]},{\"@type\":\"ImageObject\",\"inLanguage\":\"pt-PT\",\"@id\":\"https:\\\/\\\/vivalr.com\\\/product\\\/11936.html#primaryimage\",\"url\":\"https:\\\/\\\/vivalr.com\\\/wp-content\\\/uploads\\\/2025\\\/03\\\/n-methylcyclohexylamine-cas-100-60-7.jpg\",\"contentUrl\":\"https:\\\/\\\/vivalr.com\\\/wp-content\\\/uploads\\\/2025\\\/03\\\/n-methylcyclohexylamine-cas-100-60-7.jpg\",\"width\":600,\"height\":654},{\"@type\":\"BreadcrumbList\",\"@id\":\"https:\\\/\\\/vivalr.com\\\/product\\\/11936.html#breadcrumb\",\"itemListElement\":[{\"@type\":\"ListItem\",\"position\":1,\"name\":\"Home\",\"item\":\"https:\\\/\\\/vivalr.com\\\/\"},{\"@type\":\"ListItem\",\"position\":2,\"name\":\"Shop\",\"item\":\"https:\\\/\\\/vivalr.com\\\/shop\\\/\"},{\"@type\":\"ListItem\",\"position\":3,\"name\":\"Factory Supply n-methylcyclohexylamine cas 100-60-7 With Best Price\"}]},{\"@type\":\"WebSite\",\"@id\":\"https:\\\/\\\/vivalr.com\\\/#website\",\"url\":\"https:\\\/\\\/vivalr.com\\\/\",\"name\":\"Welcome to VIVALR- Your Trusted Source for Chemical Raw Materials\uff01\",\"description\":\"Discover a wide range of high-quality chemical raw materials to meet your industrial needs. Our commitment to excellence ensures that you get the best products and services.\",\"potentialAction\":[{\"@type\":\"SearchAction\",\"target\":{\"@type\":\"EntryPoint\",\"urlTemplate\":\"https:\\\/\\\/vivalr.com\\\/?s={search_term_string}\"},\"query-input\":{\"@type\":\"PropertyValueSpecification\",\"valueRequired\":true,\"valueName\":\"search_term_string\"}}],\"inLanguage\":\"pt-PT\"}]}<\/script>\n<!-- \/ Yoast SEO Premium plugin. -->","yoast_head_json":{"title":"Fornecimento de f\u00e1brica n-metilciclohexilamina cas 100-60-7 com melhor pre\u00e7o - Bem-vindo ao VIVALR- Sua fonte confi\u00e1vel de mat\u00e9rias-primas qu\u00edmicas\uff01","robots":{"index":"index","follow":"follow","max-snippet":"max-snippet:-1","max-image-preview":"max-image-preview:large","max-video-preview":"max-video-preview:-1"},"canonical":"https:\/\/vivalr.com\/pt\/product\/11936.html","og_locale":"pt_PT","og_type":"article","og_title":"Factory Supply n-methylcyclohexylamine cas 100-60-7 With Best Price","og_description":"Factory Supply n-methylcyclohexylamine cas 100-60-7 With Best Price - User Guide Table of Contents Basic Information and Parameters Usage of the Product How to Use the Product Detailed Usage Cases Contact Information Basic Information and Parameters n-methylcyclohexylamine, with the CAS number 100 - 60 - 7, is a chemical compound that has various applications in [&hellip;]","og_url":"https:\/\/vivalr.com\/pt\/product\/11936.html","og_site_name":"Welcome to VIVALR- Your Trusted Source for Chemical Raw Materials\uff01","article_modified_time":"2025-03-07T12:44:09+00:00","og_image":[{"width":600,"height":654,"url":"https:\/\/vivalr.com\/wp-content\/uploads\/2025\/03\/n-methylcyclohexylamine-cas-100-60-7.jpg","type":"image\/jpeg"}],"twitter_card":"summary_large_image","twitter_misc":{"Tempo estimado de leitura":"3 minutos"},"schema":{"@context":"https:\/\/schema.org","@graph":[{"@type":"WebPage","@id":"https:\/\/vivalr.com\/product\/11936.html","url":"https:\/\/vivalr.com\/product\/11936.html","name":"Fornecimento de f\u00e1brica n-metilciclohexilamina cas 100-60-7 com melhor pre\u00e7o - Bem-vindo ao VIVALR- Sua fonte confi\u00e1vel de mat\u00e9rias-primas qu\u00edmicas\uff01","isPartOf":{"@id":"https:\/\/vivalr.com\/#website"},"primaryImageOfPage":{"@id":"https:\/\/vivalr.com\/product\/11936.html#primaryimage"},"image":{"@id":"https:\/\/vivalr.com\/product\/11936.html#primaryimage"},"thumbnailUrl":"https:\/\/vivalr.com\/wp-content\/uploads\/2025\/03\/n-methylcyclohexylamine-cas-100-60-7.jpg","datePublished":"2025-03-07T12:18:24+00:00","dateModified":"2025-03-07T12:44:09+00:00","breadcrumb":{"@id":"https:\/\/vivalr.com\/product\/11936.html#breadcrumb"},"inLanguage":"pt-PT","potentialAction":[{"@type":"ReadAction","target":["https:\/\/vivalr.com\/product\/11936.html"]}]},{"@type":"ImageObject","inLanguage":"pt-PT","@id":"https:\/\/vivalr.com\/product\/11936.html#primaryimage","url":"https:\/\/vivalr.com\/wp-content\/uploads\/2025\/03\/n-methylcyclohexylamine-cas-100-60-7.jpg","contentUrl":"https:\/\/vivalr.com\/wp-content\/uploads\/2025\/03\/n-methylcyclohexylamine-cas-100-60-7.jpg","width":600,"height":654},{"@type":"BreadcrumbList","@id":"https:\/\/vivalr.com\/product\/11936.html#breadcrumb","itemListElement":[{"@type":"ListItem","position":1,"name":"Home","item":"https:\/\/vivalr.com\/"},{"@type":"ListItem","position":2,"name":"Shop","item":"https:\/\/vivalr.com\/shop\/"},{"@type":"ListItem","position":3,"name":"Factory Supply n-methylcyclohexylamine cas 100-60-7 With Best Price"}]},{"@type":"WebSite","@id":"https:\/\/vivalr.com\/#website","url":"https:\/\/vivalr.com\/","name":"Bem-vindo ao VIVALR- Sua fonte confi\u00e1vel de mat\u00e9rias-primas qu\u00edmicas\uff01","description":"Descubra uma vasta gama de mat\u00e9rias-primas qu\u00edmicas de alta qualidade para satisfazer as suas necessidades industriais. O nosso compromisso com a excel\u00eancia garante-lhe os melhores produtos e servi\u00e7os.","potentialAction":[{"@type":"SearchAction","target":{"@type":"EntryPoint","urlTemplate":"https:\/\/vivalr.com\/?s={search_term_string}"},"query-input":{"@type":"PropertyValueSpecification","valueRequired":true,"valueName":"search_term_string"}}],"inLanguage":"pt-PT"}]}},"_links":{"self":[{"href":"https:\/\/vivalr.com\/pt\/wp-json\/wp\/v2\/product\/11936","targetHints":{"allow":["GET"]}}],"collection":[{"href":"https:\/\/vivalr.com\/pt\/wp-json\/wp\/v2\/product"}],"about":[{"href":"https:\/\/vivalr.com\/pt\/wp-json\/wp\/v2\/types\/product"}],"replies":[{"embeddable":true,"href":"https:\/\/vivalr.com\/pt\/wp-json\/wp\/v2\/comments?post=11936"}],"wp:featuredmedia":[{"embeddable":true,"href":"https:\/\/vivalr.com\/pt\/wp-json\/wp\/v2\/media\/27008"}],"wp:attachment":[{"href":"https:\/\/vivalr.com\/pt\/wp-json\/wp\/v2\/media?parent=11936"}],"wp:term":[{"taxonomy":"product_brand","embeddable":true,"href":"https:\/\/vivalr.com\/pt\/wp-json\/wp\/v2\/product_brand?post=11936"},{"taxonomy":"product_cat","embeddable":true,"href":"https:\/\/vivalr.com\/pt\/wp-json\/wp\/v2\/product_cat?post=11936"},{"taxonomy":"product_tag","embeddable":true,"href":"https:\/\/vivalr.com\/pt\/wp-json\/wp\/v2\/product_tag?post=11936"}],"curies":[{"name":"wp","href":"https:\/\/api.w.org\/{rel}","templated":true}]}}