{"id":11940,"date":"2025-03-07T12:18:26","date_gmt":"2025-03-07T12:18:26","guid":{"rendered":"https:\/\/vivalr.com\/product\/11940.html"},"modified":"2025-03-07T12:44:10","modified_gmt":"2025-03-07T12:44:10","slug":"factory-supply-sulbactam-cas-68373-14-8-with-best-price","status":"publish","type":"product","link":"https:\/\/vivalr.com\/pt\/product\/11940.html","title":{"rendered":"Fornecimento de f\u00e1brica sulbactam cas 68373-14-8 com melhor pre\u00e7o"},"content":{"rendered":"<p><main><\/p>\n<h1>Fornecimento de f\u00e1brica Sulbactam (CAS 68373 - 14 - 8) com o melhor pre\u00e7o: Guia do utilizador<\/h1>\n<h2>\u00cdndice<\/h2>\n<ul>\n<li><a href=\"#basic-info\">Informa\u00e7\u00f5es e par\u00e2metros b\u00e1sicos<\/a><\/li>\n<li><a href=\"#uses\">Utiliza\u00e7\u00f5es de Sulbactam<\/a><\/li>\n<li><a href=\"#usage\">Como utilizar o Sulbactam<\/a><\/li>\n<li><a href=\"#case-studies\">Estudos de casos de utiliza\u00e7\u00e3o<\/a><\/li>\n<li><a href=\"#contact\">Informa\u00e7\u00f5es de contacto<\/a><\/li>\n<\/ul>\n<h2 id=\"basic-info\">Informa\u00e7\u00f5es e par\u00e2metros b\u00e1sicos<\/h2>\n<p>O sulbactam, identificado pelo n\u00famero CAS 68373 - 14 - 8, \u00e9 um inibidor da beta - lactamase. Quimicamente, \u00e9 uma sulfona de \u00e1cido penicil\u00e2nico. A f\u00f3rmula molecular do sulbactam \u00e9 C\u2088H\u2081\u2081NO\u2085S, e tem um peso molecular de aproximadamente 233,24 g\/mol. <\/p>\n<p>O sulbactam est\u00e1 normalmente dispon\u00edvel sob a forma de um p\u00f3 cristalino branco a esbranqui\u00e7ado. \u00c9 pouco sol\u00favel em \u00e1gua e sol\u00favel em solventes org\u00e2nicos como o metanol e o etanol. A estabilidade do sulbactam \u00e9 afetada por factores como a temperatura, a luz e a humidade. Deve ser armazenado num local fresco e seco, protegido da luz. <\/p>\n<h2 id=\"uses\">Utiliza\u00e7\u00f5es de Sulbactam<\/h2>\n<p>A principal utiliza\u00e7\u00e3o do sulbactam \u00e9 em combina\u00e7\u00e3o com antibi\u00f3ticos beta - lact\u00e2micos. Muitas bact\u00e9rias produzem beta - lactamases, enzimas que podem inativar os antibi\u00f3ticos beta - lact\u00e2micos, como as penicilinas e as cefalosporinas. O sulbactam inibe estas beta - lactamases, restaurando assim a atividade antibacteriana dos antibi\u00f3ticos beta - lact\u00e2micos co-administrados. <\/p>\n<p>\u00c9 normalmente utilizado no tratamento de v\u00e1rias infec\u00e7\u00f5es bacterianas, incluindo infec\u00e7\u00f5es do trato respirat\u00f3rio, infec\u00e7\u00f5es do trato urin\u00e1rio, infec\u00e7\u00f5es da pele e dos tecidos moles e infec\u00e7\u00f5es intra-abdominais. Por exemplo, em casos de pneumonia causada por bact\u00e9rias produtoras de beta - lactamase, a combina\u00e7\u00e3o de sulbactam com ampicilina pode combater eficazmente a infe\u00e7\u00e3o. <\/p>\n<h2 id=\"usage\">Como utilizar o Sulbactam<\/h2>\n<p>O sulbactam \u00e9 normalmente administrado em combina\u00e7\u00e3o com um antibi\u00f3tico beta-lact\u00e2mico, geralmente por inje\u00e7\u00e3o intravenosa ou intramuscular. A dosagem e a frequ\u00eancia de administra\u00e7\u00e3o dependem de v\u00e1rios factores, como o tipo e a gravidade da infe\u00e7\u00e3o, a idade, o peso e a fun\u00e7\u00e3o renal do doente. <\/p>\n<p>Para adultos, no tratamento de infec\u00e7\u00f5es moderadas a graves, a dose habitual de sulbactam em combina\u00e7\u00e3o com ampicilina \u00e9 de 1,5 - 3 g de ampicilina\/sulbactam de 6 em 6 horas. Antes da administra\u00e7\u00e3o, o p\u00f3 deve ser reconstitu\u00eddo de acordo com as instru\u00e7\u00f5es fornecidas. \u00c9 importante assegurar uma t\u00e9cnica ass\u00e9ptica adequada durante a reconstitui\u00e7\u00e3o e a administra\u00e7\u00e3o para evitar a contamina\u00e7\u00e3o. <\/p>\n<p>Os doentes com insufici\u00eancia renal podem necessitar de um ajuste da dose. Recomenda-se uma monitoriza\u00e7\u00e3o rigorosa da fun\u00e7\u00e3o renal durante o tratamento para garantir a seguran\u00e7a e a efic\u00e1cia do medicamento. <\/p>\n<h2 id=\"case-studies\">Estudos de casos de utiliza\u00e7\u00e3o<\/h2>\n<p>Caso 1: Um homem de 45 anos foi admitido no hospital com uma infe\u00e7\u00e3o grave do trato urin\u00e1rio. As culturas iniciais revelaram a presen\u00e7a de uma estirpe de Escherichia coli produtora de beta-lactamase. O doente come\u00e7ou a tomar uma combina\u00e7\u00e3o de ampicilina e sulbactam numa dose de 3 g de 6 em 6 horas. Ap\u00f3s 3 dias de tratamento, os sintomas do doente, como a dis\u00faria e a frequ\u00eancia, melhoraram significativamente. As culturas de urina repetidas ap\u00f3s 7 dias de tratamento foram negativas, indicando uma erradica\u00e7\u00e3o bem sucedida da bact\u00e9ria. <\/p>\n<p>Caso 2: Uma mulher de 60 anos com uma infe\u00e7\u00e3o da pele e dos tecidos moles devida a Staphylococcus aureus foi tratada com sulbactam em combina\u00e7\u00e3o com piperacilina. A infe\u00e7\u00e3o foi complicada pela presen\u00e7a de estirpes produtoras de beta - lactamase. O doente recebeu 4,5 g de piperacilina\/sulbactam de 8 em 8 horas. Ao longo de 10 dias de tratamento, o incha\u00e7o e a vermelhid\u00e3o no local da infe\u00e7\u00e3o diminu\u00edram gradualmente e o doente recuperou totalmente. <\/p>\n<h2 id=\"contact\">Informa\u00e7\u00f5es de contacto<\/h2>\n<p>Se tiver alguma d\u00favida ou precisar de mais informa\u00e7\u00f5es sobre a nossa f\u00e1brica - sulbactam fornecido, n\u00e3o hesite em contactar-nos. O nosso endere\u00e7o de correio eletr\u00f3nico \u00e9 info@vivalr.com, e o nosso n\u00famero de telefone \u00e9 (86) 15866781826. Estamos empenhados em fornecer-lhe produtos de alta qualidade e servi\u00e7os profissionais. <\/p>\n<p><\/main><\/p>","protected":false},"excerpt":{"rendered":"<p>Factory Supply Sulbactam (CAS 68373 - 14 - 8) with Best Price: User Guide Table of Contents Basic Information and Parameters Uses of Sulbactam How to Use Sulbactam Usage Case Studies Contact Information Basic Information and Parameters Sulbactam, identified by the CAS number 68373 - 14 - 8, is a beta - lactamase inhibitor. Chemically, [&hellip;]<\/p>","protected":false},"featured_media":27010,"comment_status":"closed","ping_status":"open","template":"","meta":[],"product_brand":[],"product_cat":[15],"product_tag":[],"class_list":{"0":"post-11940","1":"product","2":"type-product","3":"status-publish","4":"has-post-thumbnail","6":"product_cat-uncategorized","8":"first","9":"instock","10":"product-type-simple"},"yoast_head":"<!-- This site is optimized with the Yoast SEO Premium plugin v24.4 (Yoast SEO v27.4) - https:\/\/yoast.com\/product\/yoast-seo-premium-wordpress\/ -->\n<title>Factory Supply sulbactam cas 68373-14-8 With Best Price - Welcome to VIVALR- Your Trusted Source for Chemical Raw Materials\uff01<\/title>\n<meta name=\"robots\" content=\"index, follow, max-snippet:-1, max-image-preview:large, max-video-preview:-1\" \/>\n<link rel=\"canonical\" href=\"https:\/\/vivalr.com\/pt\/product\/11940.html\" \/>\n<meta property=\"og:locale\" content=\"pt_PT\" \/>\n<meta property=\"og:type\" content=\"article\" \/>\n<meta property=\"og:title\" content=\"Factory Supply sulbactam cas 68373-14-8 With Best Price\" \/>\n<meta property=\"og:description\" content=\"Factory Supply Sulbactam (CAS 68373 - 14 - 8) with Best Price: User Guide Table of Contents Basic Information and Parameters Uses of Sulbactam How to Use Sulbactam Usage Case Studies Contact Information Basic Information and Parameters Sulbactam, identified by the CAS number 68373 - 14 - 8, is a beta - lactamase inhibitor. Chemically, [&hellip;]\" \/>\n<meta property=\"og:url\" content=\"https:\/\/vivalr.com\/pt\/product\/11940.html\" \/>\n<meta property=\"og:site_name\" content=\"Welcome to VIVALR- Your Trusted Source for Chemical Raw Materials\uff01\" \/>\n<meta property=\"article:modified_time\" content=\"2025-03-07T12:44:10+00:00\" \/>\n<meta property=\"og:image\" content=\"https:\/\/vivalr.com\/wp-content\/uploads\/2025\/03\/sulbactam-cas-68373-14-8.jpg\" \/>\n\t<meta property=\"og:image:width\" content=\"600\" \/>\n\t<meta property=\"og:image:height\" content=\"654\" \/>\n\t<meta property=\"og:image:type\" content=\"image\/jpeg\" \/>\n<meta name=\"twitter:card\" content=\"summary_large_image\" \/>\n<meta name=\"twitter:label1\" content=\"Tempo estimado de leitura\" \/>\n\t<meta name=\"twitter:data1\" content=\"3 minutos\" \/>\n<script type=\"application\/ld+json\" class=\"yoast-schema-graph\">{\"@context\":\"https:\\\/\\\/schema.org\",\"@graph\":[{\"@type\":\"WebPage\",\"@id\":\"https:\\\/\\\/vivalr.com\\\/product\\\/11940.html\",\"url\":\"https:\\\/\\\/vivalr.com\\\/product\\\/11940.html\",\"name\":\"Factory Supply sulbactam cas 68373-14-8 With Best Price - Welcome to VIVALR- Your Trusted Source for Chemical Raw Materials\uff01\",\"isPartOf\":{\"@id\":\"https:\\\/\\\/vivalr.com\\\/#website\"},\"primaryImageOfPage\":{\"@id\":\"https:\\\/\\\/vivalr.com\\\/product\\\/11940.html#primaryimage\"},\"image\":{\"@id\":\"https:\\\/\\\/vivalr.com\\\/product\\\/11940.html#primaryimage\"},\"thumbnailUrl\":\"https:\\\/\\\/vivalr.com\\\/wp-content\\\/uploads\\\/2025\\\/03\\\/sulbactam-cas-68373-14-8.jpg\",\"datePublished\":\"2025-03-07T12:18:26+00:00\",\"dateModified\":\"2025-03-07T12:44:10+00:00\",\"breadcrumb\":{\"@id\":\"https:\\\/\\\/vivalr.com\\\/product\\\/11940.html#breadcrumb\"},\"inLanguage\":\"pt-PT\",\"potentialAction\":[{\"@type\":\"ReadAction\",\"target\":[\"https:\\\/\\\/vivalr.com\\\/product\\\/11940.html\"]}]},{\"@type\":\"ImageObject\",\"inLanguage\":\"pt-PT\",\"@id\":\"https:\\\/\\\/vivalr.com\\\/product\\\/11940.html#primaryimage\",\"url\":\"https:\\\/\\\/vivalr.com\\\/wp-content\\\/uploads\\\/2025\\\/03\\\/sulbactam-cas-68373-14-8.jpg\",\"contentUrl\":\"https:\\\/\\\/vivalr.com\\\/wp-content\\\/uploads\\\/2025\\\/03\\\/sulbactam-cas-68373-14-8.jpg\",\"width\":600,\"height\":654},{\"@type\":\"BreadcrumbList\",\"@id\":\"https:\\\/\\\/vivalr.com\\\/product\\\/11940.html#breadcrumb\",\"itemListElement\":[{\"@type\":\"ListItem\",\"position\":1,\"name\":\"Home\",\"item\":\"https:\\\/\\\/vivalr.com\\\/\"},{\"@type\":\"ListItem\",\"position\":2,\"name\":\"Shop\",\"item\":\"https:\\\/\\\/vivalr.com\\\/shop\\\/\"},{\"@type\":\"ListItem\",\"position\":3,\"name\":\"Factory Supply sulbactam cas 68373-14-8 With Best Price\"}]},{\"@type\":\"WebSite\",\"@id\":\"https:\\\/\\\/vivalr.com\\\/#website\",\"url\":\"https:\\\/\\\/vivalr.com\\\/\",\"name\":\"Welcome to VIVALR- Your Trusted Source for Chemical Raw Materials\uff01\",\"description\":\"Discover a wide range of high-quality chemical raw materials to meet your industrial needs. Our commitment to excellence ensures that you get the best products and services.\",\"potentialAction\":[{\"@type\":\"SearchAction\",\"target\":{\"@type\":\"EntryPoint\",\"urlTemplate\":\"https:\\\/\\\/vivalr.com\\\/?s={search_term_string}\"},\"query-input\":{\"@type\":\"PropertyValueSpecification\",\"valueRequired\":true,\"valueName\":\"search_term_string\"}}],\"inLanguage\":\"pt-PT\"}]}<\/script>\n<!-- \/ Yoast SEO Premium plugin. -->","yoast_head_json":{"title":"Fornecimento de f\u00e1brica sulbactam cas 68373-14-8 com melhor pre\u00e7o - Bem-vindo ao VIVALR- Sua fonte confi\u00e1vel de mat\u00e9rias-primas qu\u00edmicas\uff01","robots":{"index":"index","follow":"follow","max-snippet":"max-snippet:-1","max-image-preview":"max-image-preview:large","max-video-preview":"max-video-preview:-1"},"canonical":"https:\/\/vivalr.com\/pt\/product\/11940.html","og_locale":"pt_PT","og_type":"article","og_title":"Factory Supply sulbactam cas 68373-14-8 With Best Price","og_description":"Factory Supply Sulbactam (CAS 68373 - 14 - 8) with Best Price: User Guide Table of Contents Basic Information and Parameters Uses of Sulbactam How to Use Sulbactam Usage Case Studies Contact Information Basic Information and Parameters Sulbactam, identified by the CAS number 68373 - 14 - 8, is a beta - lactamase inhibitor. Chemically, [&hellip;]","og_url":"https:\/\/vivalr.com\/pt\/product\/11940.html","og_site_name":"Welcome to VIVALR- Your Trusted Source for Chemical Raw Materials\uff01","article_modified_time":"2025-03-07T12:44:10+00:00","og_image":[{"width":600,"height":654,"url":"https:\/\/vivalr.com\/wp-content\/uploads\/2025\/03\/sulbactam-cas-68373-14-8.jpg","type":"image\/jpeg"}],"twitter_card":"summary_large_image","twitter_misc":{"Tempo estimado de leitura":"3 minutos"},"schema":{"@context":"https:\/\/schema.org","@graph":[{"@type":"WebPage","@id":"https:\/\/vivalr.com\/product\/11940.html","url":"https:\/\/vivalr.com\/product\/11940.html","name":"Fornecimento de f\u00e1brica sulbactam cas 68373-14-8 com melhor pre\u00e7o - Bem-vindo ao VIVALR- Sua fonte confi\u00e1vel de mat\u00e9rias-primas qu\u00edmicas\uff01","isPartOf":{"@id":"https:\/\/vivalr.com\/#website"},"primaryImageOfPage":{"@id":"https:\/\/vivalr.com\/product\/11940.html#primaryimage"},"image":{"@id":"https:\/\/vivalr.com\/product\/11940.html#primaryimage"},"thumbnailUrl":"https:\/\/vivalr.com\/wp-content\/uploads\/2025\/03\/sulbactam-cas-68373-14-8.jpg","datePublished":"2025-03-07T12:18:26+00:00","dateModified":"2025-03-07T12:44:10+00:00","breadcrumb":{"@id":"https:\/\/vivalr.com\/product\/11940.html#breadcrumb"},"inLanguage":"pt-PT","potentialAction":[{"@type":"ReadAction","target":["https:\/\/vivalr.com\/product\/11940.html"]}]},{"@type":"ImageObject","inLanguage":"pt-PT","@id":"https:\/\/vivalr.com\/product\/11940.html#primaryimage","url":"https:\/\/vivalr.com\/wp-content\/uploads\/2025\/03\/sulbactam-cas-68373-14-8.jpg","contentUrl":"https:\/\/vivalr.com\/wp-content\/uploads\/2025\/03\/sulbactam-cas-68373-14-8.jpg","width":600,"height":654},{"@type":"BreadcrumbList","@id":"https:\/\/vivalr.com\/product\/11940.html#breadcrumb","itemListElement":[{"@type":"ListItem","position":1,"name":"Home","item":"https:\/\/vivalr.com\/"},{"@type":"ListItem","position":2,"name":"Shop","item":"https:\/\/vivalr.com\/shop\/"},{"@type":"ListItem","position":3,"name":"Factory Supply sulbactam cas 68373-14-8 With Best Price"}]},{"@type":"WebSite","@id":"https:\/\/vivalr.com\/#website","url":"https:\/\/vivalr.com\/","name":"Bem-vindo ao VIVALR- Sua fonte confi\u00e1vel de mat\u00e9rias-primas qu\u00edmicas\uff01","description":"Descubra uma vasta gama de mat\u00e9rias-primas qu\u00edmicas de alta qualidade para satisfazer as suas necessidades industriais. O nosso compromisso com a excel\u00eancia garante-lhe os melhores produtos e servi\u00e7os.","potentialAction":[{"@type":"SearchAction","target":{"@type":"EntryPoint","urlTemplate":"https:\/\/vivalr.com\/?s={search_term_string}"},"query-input":{"@type":"PropertyValueSpecification","valueRequired":true,"valueName":"search_term_string"}}],"inLanguage":"pt-PT"}]}},"_links":{"self":[{"href":"https:\/\/vivalr.com\/pt\/wp-json\/wp\/v2\/product\/11940","targetHints":{"allow":["GET"]}}],"collection":[{"href":"https:\/\/vivalr.com\/pt\/wp-json\/wp\/v2\/product"}],"about":[{"href":"https:\/\/vivalr.com\/pt\/wp-json\/wp\/v2\/types\/product"}],"replies":[{"embeddable":true,"href":"https:\/\/vivalr.com\/pt\/wp-json\/wp\/v2\/comments?post=11940"}],"wp:featuredmedia":[{"embeddable":true,"href":"https:\/\/vivalr.com\/pt\/wp-json\/wp\/v2\/media\/27010"}],"wp:attachment":[{"href":"https:\/\/vivalr.com\/pt\/wp-json\/wp\/v2\/media?parent=11940"}],"wp:term":[{"taxonomy":"product_brand","embeddable":true,"href":"https:\/\/vivalr.com\/pt\/wp-json\/wp\/v2\/product_brand?post=11940"},{"taxonomy":"product_cat","embeddable":true,"href":"https:\/\/vivalr.com\/pt\/wp-json\/wp\/v2\/product_cat?post=11940"},{"taxonomy":"product_tag","embeddable":true,"href":"https:\/\/vivalr.com\/pt\/wp-json\/wp\/v2\/product_tag?post=11940"}],"curies":[{"name":"wp","href":"https:\/\/api.w.org\/{rel}","templated":true}]}}